

{"id":100670,"date":"2024-06-27T10:06:00","date_gmt":"2024-06-27T13:06:00","guid":{"rendered":"https:\/\/goias.gov.br\/educacao\/?page_id=100670"},"modified":"2026-01-28T11:46:13","modified_gmt":"2026-01-28T14:46:13","slug":"tutores-educaionais","status":"publish","type":"page","link":"https:\/\/goias.gov.br\/educacao\/tutores-educaionais\/","title":{"rendered":"Tutores Educacionais"},"content":{"rendered":"\t\t<div data-elementor-type=\"wp-page\" data-elementor-id=\"100670\" class=\"elementor elementor-100670\">\n\t\t\t\t<div class=\"elementor-element elementor-element-2a153a9 e-flex e-con-boxed e-con e-parent\" data-id=\"2a153a9\" data-element_type=\"container\" data-e-type=\"container\">\n\t\t\t\t\t<div class=\"e-con-inner\">\n\t\t\t\t<div class=\"elementor-element elementor-element-c5dcf26 elementor-widget elementor-widget-image\" data-id=\"c5dcf26\" data-element_type=\"widget\" data-e-type=\"widget\" data-widget_type=\"image.default\">\n\t\t\t\t\t\t\t\t\t\t\t\t\t\t\t<img decoding=\"async\" src=\"https:\/\/goias.gov.br\/educacao\/wp-content\/uploads\/sites\/40\/2024\/06\/Banner-Tutores-Educacionais-1.png\" title=\"\" alt=\"\" loading=\"lazy\" \/>\t\t\t\t\t\t\t\t\t\t\t\t\t\t\t<\/div>\n\t\t\t\t<div class=\"elementor-element elementor-element-071a5dd e-n-tabs-mobile elementor-widget elementor-widget-n-tabs\" data-id=\"071a5dd\" data-element_type=\"widget\" data-e-type=\"widget\" data-settings=\"{&quot;tabs_justify_horizontal&quot;:&quot;start&quot;,&quot;horizontal_scroll&quot;:&quot;disable&quot;}\" data-widget_type=\"nested-tabs.default\">\n\t\t\t\t\t\t\t<div class=\"e-n-tabs\" data-widget-number=\"7448029\" aria-label=\"Abas. Abra itens com &quot;Enter&quot; ou &quot;Espa\u00e7o&quot;, feche com &quot;Escape&quot; e navegue usando as teclas de &quot;Seta&quot;.\">\n\t\t\t<div class=\"e-n-tabs-heading\" role=\"tablist\">\n\t\t\t\t\t<button id=\"e-n-tab-title-74480291\" data-tab-title-id=\"e-n-tab-title-74480291\" class=\"e-n-tab-title\" aria-selected=\"true\" data-tab-index=\"1\" role=\"tab\" tabindex=\"0\" aria-controls=\"e-n-tab-content-74480291\" style=\"--n-tabs-title-order: 1;\">\n\t\t\t\t\t\t<span class=\"e-n-tab-title-text\">\n\t\t\t\tTutores Educacionais 01\/2024\t\t\t<\/span>\n\t\t<\/button>\n\t\t\t\t<button id=\"e-n-tab-title-74480292\" data-tab-title-id=\"e-n-tab-title-74480292\" class=\"e-n-tab-title\" aria-selected=\"false\" data-tab-index=\"2\" role=\"tab\" tabindex=\"-1\" aria-controls=\"e-n-tab-content-74480292\" style=\"--n-tabs-title-order: 2;\">\n\t\t\t\t\t\t<span class=\"e-n-tab-title-text\">\n\t\t\t\tTutores Educacionais 02\/2024\t\t\t<\/span>\n\t\t<\/button>\n\t\t\t\t\t<\/div>\n\t\t\t<div class=\"e-n-tabs-content\">\n\t\t\t\t<div id=\"e-n-tab-content-74480291\" role=\"tabpanel\" aria-labelledby=\"e-n-tab-title-74480291\" data-tab-index=\"1\" style=\"--n-tabs-title-order: 1;\" class=\"e-active elementor-element elementor-element-b4deb6e e-con-full e-flex e-con e-child\" data-id=\"b4deb6e\" data-element_type=\"container\" data-e-type=\"container\">\n\t\t\t\t<div class=\"elementor-element elementor-element-9f15425 elementor-widget elementor-widget-text-editor\" data-id=\"9f15425\" data-element_type=\"widget\" data-e-type=\"widget\" data-widget_type=\"text-editor.default\">\n\t\t\t\t\t\t\t\t\t<p><a href=\"https:\/\/goias.gov.br\/educacao\/wp-content\/uploads\/sites\/40\/files\/ProcessoSeletivoInterno\/Documentos\/FICHADEANALISEDECURRICULOTE2024.docx\" target=\"_blank\" rel=\"noopener noreferrer\">Ficha de an\u00e1lise de curr\u00edculo &#8211; TE 2024<\/a><\/p><p><a href=\"https:\/\/goias.gov.br\/educacao\/wp-content\/uploads\/sites\/40\/files\/ProcessoSeletivoInterno\/Documentos\/FICHADEINSCRICAOECURRICULOSIMPLIFICADOTE2024.docx\" target=\"_blank\" rel=\"noopener noreferrer\">Ficha de inscri\u00e7\u00e3o e curr\u00edculo simplificado &#8211; TE 2024<\/a><\/p><p><a href=\"https:\/\/goias.gov.br\/educacao\/wp-content\/uploads\/sites\/40\/files\/ProcessoSeletivoInterno\/Documentos\/SEIGOVERNADORIA55523581Edital012024.pdf\" target=\"_blank\" rel=\"noopener noreferrer\">SEI_GOVERNADORIA &#8211; 55523581 &#8211; Edital 01-2024<\/a><\/p><p><a href=\"https:\/\/goias.gov.br\/educacao\/wp-content\/uploads\/sites\/40\/files\/ProcessoSeletivoInterno\/Documentos\/SEIGOVERNADORIA55702975Retificacao01.pdf\" target=\"_blank\" rel=\"noopener noreferrer\">SEI_GOVERNADORIA &#8211; 55702975 &#8211; Retifica\u00e7\u00e3o 01<\/a><\/p><p><a href=\"https:\/\/goias.gov.br\/educacao\/wp-content\/uploads\/sites\/40\/files\/docs\/SEI_GOVERNADORIA-55854221-Retificacao-2.pdf\" target=\"_blank\" rel=\"noopener noreferrer\">SEI GOVERNADORIA &#8211; 55854221 &#8211; Retifica\u00e7\u00e3o 02<\/a><\/p><p><a href=\"https:\/\/goias.gov.br\/educacao\/wp-content\/uploads\/sites\/40\/files\/docs\/SEI_GOVERNADORIA-56080020-Homologacao-Inscricoes.pdf\" target=\"_blank\" rel=\"noopener noreferrer\">SEI_GOVERNADORIA &#8211; 56080020 &#8211; Homologa\u00e7\u00e3o &#8211; Inscri\u00e7\u00f5es<\/a><\/p><p><a href=\"https:\/\/goias.gov.br\/educacao\/wp-content\/uploads\/sites\/40\/files\/ProcessoSeletivoInterno\/Documentos\/SEI_GOVERNADORIA56228581HomologacaoAnalisecurricular.pdf\" target=\"_blank\" rel=\"noopener noreferrer\">SEI_GOVERNADORIA &#8211; 56228581 &#8211; Homologa\u00e7\u00e3o &#8211; An\u00e1lise curricular<\/a><\/p><p><a href=\"https:\/\/goias.gov.br\/educacao\/wp-content\/uploads\/sites\/40\/files\/docs\/31-01-2024-SEI_GOVERNADORIA-56302105-Retificacao-Analise-Curricular.pdf\" target=\"_blank\" rel=\"noopener noreferrer\">31\/01\/2024 &#8211; SEI_GOVERNADORIA &#8211; 56302105 &#8211; Retificac\u0327a\u0303o &#8211; Ana\u0301lise Curricular<\/a><\/p><p><a href=\"https:\/\/goias.gov.br\/educacao\/wp-content\/uploads\/sites\/40\/files\/docs\/Tutoria2024\/SEI_GOVERNADORIA-56539950-Homologacao_Vivencia_Pedagogica.pdf\" target=\"_blank\" rel=\"noopener noreferrer\">07\/02\/2024 &#8211;\u00a0SEI_GOVERNADORIA &#8211; 56539950 &#8211; Homologa\u00e7\u00e3o Viv\u00eancia Pedag\u00f3gica<\/a><\/p><p><a href=\"https:\/\/goias.gov.br\/educacao\/wp-content\/uploads\/sites\/40\/files\/docs\/Tutoria2024\/SEI_GOVERNADORIA-56549978-Resultado_Final.pdf\" target=\"_blank\" rel=\"noopener noreferrer\">08\/02\/2024 &#8211; SEI_GOVERNADORIA &#8211; 56549978 &#8211; Resultado Final<\/a><\/p>\t\t\t\t\t\t\t\t<\/div>\n\t\t\t\t<\/div>\n\t\t<div id=\"e-n-tab-content-74480292\" role=\"tabpanel\" aria-labelledby=\"e-n-tab-title-74480292\" data-tab-index=\"2\" style=\"--n-tabs-title-order: 2;\" class=\" elementor-element elementor-element-0c189c4 e-con-full e-flex e-con e-child\" data-id=\"0c189c4\" data-element_type=\"container\" data-e-type=\"container\">\n\t\t\t\t<div class=\"elementor-element elementor-element-2ea02d7 elementor-widget elementor-widget-text-editor\" data-id=\"2ea02d7\" data-element_type=\"widget\" data-e-type=\"widget\" data-widget_type=\"text-editor.default\">\n\t\t\t\t\t\t\t\t\t<p><a href=\"https:\/\/goias.gov.br\/educacao\/wp-content\/uploads\/sites\/40\/2024\/PSSTutoriaEducacional\/Edital%2002-2024.pdf\">Edital 02-2024<\/a><\/p><p><a href=\"https:\/\/goias.gov.br\/educacao\/wp-content\/uploads\/sites\/40\/2024\/PSSTutoriaEducacional\/ANEXO_CARTA_DE_RECOMENDACAO.docx\">Anexo Carta de Recomenda\u00e7\u00e3o<\/a><\/p><p><a href=\"https:\/\/goias.gov.br\/educacao\/wp-content\/uploads\/sites\/40\/2024\/PSSTutoriaEducacional\/FICHA_DE_INSCRICAO_E_CURRICULO_SIMPLIFICADO___TE_2024.docx\">Ficha de Inscri\u00e7\u00e3o e curriculo Simplificado TE 2024<\/a><\/p><p><a href=\"https:\/\/goias.gov.br\/educacao\/wp-content\/uploads\/sites\/40\/2024\/PSSTutoriaEducacional\/FICHA_DE_ANALISE_DE_CURRICULO___TE_2024.docx\">Ficha de An\u00e1lise de Curriculo TE 2024<\/a><\/p><p><a href=\"https:\/\/goias.gov.br\/educacao\/wp-content\/uploads\/sites\/40\/2024\/PSSTutoriaEducacional\/Quantitativodevagas.pdf\">Quantitativo de vagas<\/a><\/p><p><a href=\"https:\/\/goias.gov.br\/educacao\/wp-content\/uploads\/sites\/40\/2024\/PSSTutoriaEducacional\/SEI_GOVERNADORIA61870032Retificacao.pdf\">Retifica\u00e7\u00e3o<\/a><\/p><p><a href=\"https:\/\/goias.gov.br\/educacao\/wp-content\/uploads\/sites\/40\/2024\/PSSTutoriaEducacional\/SEI_GOVERNADORIA-61870032_Retificacao.pdf\">Retifica\u00e7\u00e3o<\/a><\/p><p><a href=\"https:\/\/goias.gov.br\/educacao\/wp-content\/uploads\/sites\/40\/2024\/PSSTutoriaEducacional\/SEI_GOVERNADORIA61870032Retificacao(2).pdf\">Retifica\u00e7\u00e3o<\/a><\/p><p><a href=\"https:\/\/goias.gov.br\/educacao\/wp-content\/uploads\/sites\/40\/2024\/07\/HOMOLOGACAO-INSCRICOES-SEI-GOVERNADORIA-62288084.pdf\">Homologa\u00e7\u00e3o Inscri\u00e7\u00f5es<\/a><\/p><p><a href=\"https:\/\/goias.gov.br\/educacao\/wp-content\/uploads\/sites\/40\/2024\/07\/SEI_62807266_Homologacao.pdf\">SEI_62807266_Homologacao<\/a><\/p><p><a href=\"https:\/\/goias.gov.br\/educacao\/wp-content\/uploads\/sites\/40\/2024\/07\/SEI_GOVERNADORIA-62982770-Comunicado-Vivencia-Pedagogica-e-Entrevista.pdf\">Comunicado Viv\u00eancia Pedag\u00f3gica e Entrevista<\/a><\/p><p><a href=\"https:\/\/goias.gov.br\/educacao\/wp-content\/uploads\/sites\/40\/2024\/08\/SEI_GOVERNADORIA-63197279-Resultado-Vivencia-Pedagogica.pdf\">Resultado Viv\u00eancia Pedag\u00f3gica<\/a><\/p><p><a href=\"https:\/\/goias.gov.br\/educacao\/wp-content\/uploads\/sites\/40\/2024\/08\/SEI_GOVERNADORIA-63208848-Resultado-final.pdf\">Resultado final<\/a><\/p><p><a href=\"https:\/\/goias.gov.br\/educacao\/wp-content\/uploads\/sites\/40\/2024\/PSSTutoriaEducacional\/SEI_GOVERNADORIA63693631EditalComplementar.pdf\">EDITAL COMPLEMENTAR N.\u00ba 01\/2024<\/a><\/p><p><a href=\"https:\/\/goias.gov.br\/educacao\/wp-content\/uploads\/sites\/40\/2024\/08\/SEI_GOVERNADORIA-64127889-Homologacao-Analise-Curricular-EC.pdf\">SEI_GOVERNADORIA &#8211; 64127889 &#8211; Homologa\u00e7\u00e3o An\u00e1lise Curricular<\/a><\/p><p><a href=\"https:\/\/goias.gov.br\/educacao\/wp-content\/uploads\/sites\/40\/2024\/09\/Resultado-Final-1.pdf\">Resultado Final<\/a><\/p>\t\t\t\t\t\t\t\t<\/div>\n\t\t\t\t<\/div>\n\t\t\t\t\t<\/div>\n\t\t<\/div>\n\t\t\t\t\t\t<\/div>\n\t\t\t\t\t<\/div>\n\t\t\t\t<\/div>\n\t\t\t\t<\/div>\n\t\t","protected":false},"excerpt":{"rendered":"<p>Tutores Educacionais 01\/2024 Tutores Educacionais 02\/2024 Ficha de an\u00e1lise de curr\u00edculo &#8211; TE 2024 Ficha de inscri\u00e7\u00e3o e curr\u00edculo simplificado &#8211; TE 2024 SEI_GOVERNADORIA &#8211; 55523581 &#8211; Edital 01-2024 SEI_GOVERNADORIA &#8211; 55702975 &#8211; Retifica\u00e7\u00e3o 01 SEI GOVERNADORIA &#8211; 55854221 &#8211; Retifica\u00e7\u00e3o 02 SEI_GOVERNADORIA &#8211; 56080020 &#8211; Homologa\u00e7\u00e3o &#8211; Inscri\u00e7\u00f5es SEI_GOVERNADORIA &#8211; 56228581 &#8211; Homologa\u00e7\u00e3o &#8211; [&hellip;]<\/p>\n","protected":false},"author":465,"featured_media":0,"parent":0,"menu_order":0,"comment_status":"closed","ping_status":"closed","template":"","meta":{"footnotes":""},"class_list":["post-100670","page","type-page","status-publish","hentry"],"rttpg_featured_image_url":null,"rttpg_author":{"display_name":"laysmendes","author_link":"https:\/\/goias.gov.br\/educacao\/author\/laysmendes\/"},"rttpg_comment":0,"rttpg_category":null,"rttpg_excerpt":"Tutores Educacionais 01\/2024 Tutores Educacionais 02\/2024 Ficha de an\u00e1lise de curr\u00edculo &#8211; TE 2024 Ficha de inscri\u00e7\u00e3o e curr\u00edculo simplificado &#8211; TE 2024 SEI_GOVERNADORIA &#8211; 55523581 &#8211; Edital 01-2024 SEI_GOVERNADORIA &#8211; 55702975 &#8211; Retifica\u00e7\u00e3o 01 SEI GOVERNADORIA &#8211; 55854221 &#8211; Retifica\u00e7\u00e3o 02 SEI_GOVERNADORIA &#8211; 56080020 &#8211; Homologa\u00e7\u00e3o &#8211; Inscri\u00e7\u00f5es SEI_GOVERNADORIA &#8211; 56228581 &#8211; Homologa\u00e7\u00e3o &#8211;&hellip;","_links":{"self":[{"href":"https:\/\/goias.gov.br\/educacao\/wp-json\/wp\/v2\/pages\/100670","targetHints":{"allow":["GET"]}}],"collection":[{"href":"https:\/\/goias.gov.br\/educacao\/wp-json\/wp\/v2\/pages"}],"about":[{"href":"https:\/\/goias.gov.br\/educacao\/wp-json\/wp\/v2\/types\/page"}],"author":[{"embeddable":true,"href":"https:\/\/goias.gov.br\/educacao\/wp-json\/wp\/v2\/users\/465"}],"replies":[{"embeddable":true,"href":"https:\/\/goias.gov.br\/educacao\/wp-json\/wp\/v2\/comments?post=100670"}],"version-history":[{"count":2,"href":"https:\/\/goias.gov.br\/educacao\/wp-json\/wp\/v2\/pages\/100670\/revisions"}],"predecessor-version":[{"id":665846,"href":"https:\/\/goias.gov.br\/educacao\/wp-json\/wp\/v2\/pages\/100670\/revisions\/665846"}],"wp:attachment":[{"href":"https:\/\/goias.gov.br\/educacao\/wp-json\/wp\/v2\/media?parent=100670"}],"curies":[{"name":"wp","href":"https:\/\/api.w.org\/{rel}","templated":true}]}}