

{"id":100421,"date":"2024-06-17T14:35:27","date_gmt":"2024-06-17T17:35:27","guid":{"rendered":"https:\/\/goias.gov.br\/educacao\/?page_id=100421"},"modified":"2026-01-30T15:09:21","modified_gmt":"2026-01-30T18:09:21","slug":"alimentacao-escolar-2","status":"publish","type":"page","link":"https:\/\/goias.gov.br\/educacao\/alimentacao-escolar-2\/","title":{"rendered":"Alimenta\u00e7\u00e3o escolar"},"content":{"rendered":"\t\t<div data-elementor-type=\"wp-page\" data-elementor-id=\"100421\" class=\"elementor elementor-100421\">\n\t\t\t\t<div class=\"elementor-element elementor-element-14d62ff e-flex e-con-boxed e-con e-parent\" data-id=\"14d62ff\" data-element_type=\"container\" data-e-type=\"container\" data-settings=\"{&quot;background_background&quot;:&quot;gradient&quot;}\">\n\t\t\t\t\t<div class=\"e-con-inner\">\n\t\t\t\t<div class=\"elementor-element elementor-element-6210e75 elementor-widget elementor-widget-image\" data-id=\"6210e75\" data-element_type=\"widget\" data-e-type=\"widget\" data-widget_type=\"image.default\">\n\t\t\t\t\t\t\t\t\t\t\t\t\t\t\t<img decoding=\"async\" src=\"https:\/\/goias.gov.br\/educacao\/wp-content\/uploads\/sites\/40\/2025\/02\/Programa-Reformar-1150-%C3%97-200-px-17.png\" title=\"\" alt=\"\" loading=\"lazy\" \/>\t\t\t\t\t\t\t\t\t\t\t\t\t\t\t<\/div>\n\t\t\t\t\t<\/div>\n\t\t\t\t<\/div>\n\t\t<div class=\"elementor-element elementor-element-aacde85 e-flex e-con-boxed e-con e-parent\" data-id=\"aacde85\" data-element_type=\"container\" data-e-type=\"container\">\n\t\t\t\t\t<div class=\"e-con-inner\">\n\t\t\t\t<div class=\"elementor-element elementor-element-4625ac4 elementor-widget elementor-widget-n-accordion\" data-id=\"4625ac4\" data-element_type=\"widget\" data-e-type=\"widget\" data-settings=\"{&quot;default_state&quot;:&quot;expanded&quot;,&quot;max_items_expended&quot;:&quot;one&quot;,&quot;n_accordion_animation_duration&quot;:{&quot;unit&quot;:&quot;ms&quot;,&quot;size&quot;:400,&quot;sizes&quot;:[]}}\" data-widget_type=\"nested-accordion.default\">\n\t\t\t\t\t\t\t<div class=\"e-n-accordion\" aria-label=\"Accordion. Open links with Enter or Space, close with Escape, and navigate with Arrow Keys\">\n\t\t\t\t\t\t<details id=\"e-n-accordion-item-7350\" class=\"e-n-accordion-item\" open>\n\t\t\t\t<summary class=\"e-n-accordion-item-title\" data-accordion-index=\"1\" tabindex=\"0\" aria-expanded=\"true\" aria-controls=\"e-n-accordion-item-7350\" >\n\t\t\t\t\t<span class='e-n-accordion-item-title-header'><div class=\"e-n-accordion-item-title-text\"> 1.\tPrograma Nacional de Alimenta\u00e7\u00e3o Escolar (PNAE)  <\/div><\/span>\n\t\t\t\t\t\t\t<span class='e-n-accordion-item-title-icon'>\n\t\t\t<span class='e-opened' ><svg aria-hidden=\"true\" class=\"e-font-icon-svg e-fas-chevron-down\" viewBox=\"0 0 448 512\" xmlns=\"http:\/\/www.w3.org\/2000\/svg\"><path d=\"M207.029 381.476L12.686 187.132c-9.373-9.373-9.373-24.569 0-33.941l22.667-22.667c9.357-9.357 24.522-9.375 33.901-.04L224 284.505l154.745-154.021c9.379-9.335 24.544-9.317 33.901.04l22.667 22.667c9.373 9.373 9.373 24.569 0 33.941L240.971 381.476c-9.373 9.372-24.569 9.372-33.942 0z\"><\/path><\/svg><\/span>\n\t\t\t<span class='e-closed'><svg aria-hidden=\"true\" class=\"e-font-icon-svg e-fas-chevron-right\" viewBox=\"0 0 320 512\" xmlns=\"http:\/\/www.w3.org\/2000\/svg\"><path d=\"M285.476 272.971L91.132 467.314c-9.373 9.373-24.569 9.373-33.941 0l-22.667-22.667c-9.357-9.357-9.375-24.522-.04-33.901L188.505 256 34.484 101.255c-9.335-9.379-9.317-24.544.04-33.901l22.667-22.667c9.373-9.373 24.569-9.373 33.941 0L285.475 239.03c9.373 9.372 9.373 24.568.001 33.941z\"><\/path><\/svg><\/span>\n\t\t<\/span>\n\n\t\t\t\t\t\t<\/summary>\n\t\t\t\t<div role=\"region\" aria-labelledby=\"e-n-accordion-item-7350\" class=\"elementor-element elementor-element-3c2fd34 e-con-full e-flex e-con e-child\" data-id=\"3c2fd34\" data-element_type=\"container\" data-e-type=\"container\">\n\t\t\t\t<div class=\"elementor-element elementor-element-b70f084 elementor-widget elementor-widget-text-editor\" data-id=\"b70f084\" data-element_type=\"widget\" data-e-type=\"widget\" data-widget_type=\"text-editor.default\">\n\t\t\t\t\t\t\t\t\t<p>O Programa Nacional de Alimenta\u00e7\u00e3o Escolar (PNAE) \u00e9 uma iniciativa do governo brasileiro que visa assegurar a oferta de alimenta\u00e7\u00e3o saud\u00e1vel e adequada a estudantes da educa\u00e7\u00e3o b\u00e1sica p\u00fablica. Institu\u00eddo em 1955, o PNAE \u00e9 uma das pol\u00edticas p\u00fablicas mais antigas e importantes do pa\u00eds, voltada para a promo\u00e7\u00e3o da seguran\u00e7a alimentar e nutricional nas escolas.<\/p><p><strong>Objetivos e Benef\u00edcios<\/strong><\/p><p>O PNAE tem como principais objetivos contribuir para o crescimento, desenvolvimento, aprendizagem e rendimento escolar dos estudantes, bem como promover a forma\u00e7\u00e3o de h\u00e1bitos alimentares saud\u00e1veis. O programa atende alunos da educa\u00e7\u00e3o infantil, ensino fundamental, ensino m\u00e9dio e educa\u00e7\u00e3o de jovens e adultos, abrangendo tanto escolas urbanas quanto rurais.<\/p><p>A Resolu\u00e7\u00e3o n\u00ba 06 do Fundo Nacional de Desenvolvimento da Educa\u00e7\u00e3o (FNDE) <strong><u>(anexo 1)<\/u><\/strong>, de 8 de maio de 2020, estabelece as diretrizes para a execu\u00e7\u00e3o do Programa Nacional de Alimenta\u00e7\u00e3o Escolar (PNAE). Essa resolu\u00e7\u00e3o \u00e9 fundamental para garantir a qualidade e a efic\u00e1cia do programa, proporcionando diretrizes claras para os estados, munic\u00edpios e escolas federais na oferta de alimenta\u00e7\u00e3o escolar.<\/p><p><a href=\"http:\/\/https:\/\/youtu.be\/U8Yeo-PTCWM?si=evyF47SVF6W6W7As\"><img fetchpriority=\"high\" decoding=\"async\" class=\"wp-image-100426 aligncenter\" src=\"https:\/\/goias.gov.br\/educacao\/wp-content\/uploads\/sites\/40\/2024\/06\/Captura-de-tela-2024-06-17-144657.png\" alt=\"\" width=\"500\" height=\"277\" \/><\/a><\/p>\t\t\t\t\t\t\t\t<\/div>\n\t\t\t\t<\/div>\n\t\t\t\t\t<\/details>\n\t\t\t\t\t\t<details id=\"e-n-accordion-item-7351\" class=\"e-n-accordion-item\" >\n\t\t\t\t<summary class=\"e-n-accordion-item-title\" data-accordion-index=\"2\" tabindex=\"-1\" aria-expanded=\"false\" aria-controls=\"e-n-accordion-item-7351\" >\n\t\t\t\t\t<span class='e-n-accordion-item-title-header'><div class=\"e-n-accordion-item-title-text\"> 2.\tAlimentos proibidos  <\/div><\/span>\n\t\t\t\t\t\t\t<span class='e-n-accordion-item-title-icon'>\n\t\t\t<span class='e-opened' ><svg aria-hidden=\"true\" class=\"e-font-icon-svg e-fas-chevron-down\" viewBox=\"0 0 448 512\" xmlns=\"http:\/\/www.w3.org\/2000\/svg\"><path d=\"M207.029 381.476L12.686 187.132c-9.373-9.373-9.373-24.569 0-33.941l22.667-22.667c9.357-9.357 24.522-9.375 33.901-.04L224 284.505l154.745-154.021c9.379-9.335 24.544-9.317 33.901.04l22.667 22.667c9.373 9.373 9.373 24.569 0 33.941L240.971 381.476c-9.373 9.372-24.569 9.372-33.942 0z\"><\/path><\/svg><\/span>\n\t\t\t<span class='e-closed'><svg aria-hidden=\"true\" class=\"e-font-icon-svg e-fas-chevron-right\" viewBox=\"0 0 320 512\" xmlns=\"http:\/\/www.w3.org\/2000\/svg\"><path d=\"M285.476 272.971L91.132 467.314c-9.373 9.373-24.569 9.373-33.941 0l-22.667-22.667c-9.357-9.357-9.375-24.522-.04-33.901L188.505 256 34.484 101.255c-9.335-9.379-9.317-24.544.04-33.901l22.667-22.667c9.373-9.373 24.569-9.373 33.941 0L285.475 239.03c9.373 9.372 9.373 24.568.001 33.941z\"><\/path><\/svg><\/span>\n\t\t<\/span>\n\n\t\t\t\t\t\t<\/summary>\n\t\t\t\t<div role=\"region\" aria-labelledby=\"e-n-accordion-item-7351\" class=\"elementor-element elementor-element-dbc3df4 e-con-full e-flex e-con e-child\" data-id=\"dbc3df4\" data-element_type=\"container\" data-e-type=\"container\">\n\t\t\t\t<div class=\"elementor-element elementor-element-d465271 elementor-widget elementor-widget-text-editor\" data-id=\"d465271\" data-element_type=\"widget\" data-e-type=\"widget\" data-widget_type=\"text-editor.default\">\n\t\t\t\t\t\t\t\t\t<p>A Resolu\u00e7\u00e3o n\u00ba 06\/FNDE\u00a0<strong><u>(anexo 1)<\/u><\/strong>, define que:<\/p><p>Art. 2\u00ba Entende-se por alimenta\u00e7\u00e3o escolar todo alimento oferecido no ambiente escolar, independentemente de sua origem, durante o per\u00edodo letivo.<\/p><p>Assim,\u00a0<strong>n\u00e3o pode ser ofertado aos estudantes no ambiente escolar<\/strong>, independentemente da origem (compra nem doa\u00e7\u00e3o), os seguintes alimentos:<\/p><ul><li>Refrigerantes e refrescos artificiais (suco em p\u00f3)<\/li><li>Achocolatado em p\u00f3<\/li><li>Margarina com gordura\u00a0<em>trans<\/em><\/li><li>Bebidas ou concentrados \u00e0 base de xarope de guaran\u00e1 ou groselha,<\/li><li>Ch\u00e1s prontos para consumo e outras bebidas similares<\/li><li>Cereais com aditivo ou ado\u00e7ado<\/li><li>Bala e similares<\/li><li>Confeito, bombom, chocolate em barra e granulado, bolo com cobertura ou recheio<\/li><li>Biscoito ou bolacha recheada<\/li><li>Barra de cereal com aditivo ou ado\u00e7adas<\/li><li>Gelados comest\u00edveis (sorvetes, geladinho)<\/li><li>Gelatina<\/li><li>Temperos com glutamato monoss\u00f3dico ou sais s\u00f3dicos (temperos prontos)<\/li><li>Maionese<\/li><li>Alimentos em p\u00f3 ou para reconstitui\u00e7\u00e3o (mingau, sopa, pur\u00ea)<\/li><li>Biscoito\u201d bolacha\u201d (qualquer tipo)<\/li><li>Amendoim<\/li><li>Canela<\/li><li>Farinha l\u00e1ctea<\/li><li>Pimenta (todos os tipos)<\/li><li>Tempero pronto<\/li><li>Caf\u00e9<\/li><\/ul><p><strong>Importante<\/strong>: A presen\u00e7a de alimentos providos, bem como sua oferta aos estudantes pode levar a unidade escolar a incorrer em san\u00e7\u00f5es previstas na Resolu\u00e7\u00e3o\u00a0FNDE n\u00ba 6, de 08 de maio de 2020:<\/p><p>Art. 54 Ao FNDE \u00e9 facultado descontar, estornar ou bloquear, conforme o caso, valores creditados na conta corrente da EEx, mediante solicita\u00e7\u00e3o direta ao agente financeiro deposit\u00e1rio dos recursos, nas seguintes situa\u00e7\u00f5es:<\/p><p>III \u2013 constata\u00e7\u00e3o de irregularidades na execu\u00e7\u00e3o do Programa;<\/p><p><a href=\"http:\/\/https:\/\/youtu.be\/KfUvXLZSU3s?si=JOvWC9sps3POql5N\"><img decoding=\"async\" class=\"aligncenter wp-image-100427\" src=\"https:\/\/goias.gov.br\/educacao\/wp-content\/uploads\/sites\/40\/2024\/06\/Captura-de-tela-2024-06-17-150051.png\" alt=\"\" width=\"500\" height=\"281\" \/><\/a><\/p>\t\t\t\t\t\t\t\t<\/div>\n\t\t\t\t<\/div>\n\t\t\t\t\t<\/details>\n\t\t\t\t\t<\/div>\n\t\t\t\t\t\t<\/div>\n\t\t\t\t\t<\/div>\n\t\t\t\t<\/div>\n\t\t\t\t<\/div>\n\t\t","protected":false},"excerpt":{"rendered":"<p>1. Programa Nacional de Alimenta\u00e7\u00e3o Escolar (PNAE) O Programa Nacional de Alimenta\u00e7\u00e3o Escolar (PNAE) \u00e9 uma iniciativa do governo brasileiro que visa assegurar a oferta de alimenta\u00e7\u00e3o saud\u00e1vel e adequada a estudantes da educa\u00e7\u00e3o b\u00e1sica p\u00fablica. Institu\u00eddo em 1955, o PNAE \u00e9 uma das pol\u00edticas p\u00fablicas mais antigas e importantes do pa\u00eds, voltada para a [&hellip;]<\/p>\n","protected":false},"author":465,"featured_media":0,"parent":0,"menu_order":0,"comment_status":"closed","ping_status":"closed","template":"","meta":{"footnotes":""},"class_list":["post-100421","page","type-page","status-publish","hentry"],"rttpg_featured_image_url":null,"rttpg_author":{"display_name":"laysmendes","author_link":"https:\/\/goias.gov.br\/educacao\/author\/laysmendes\/"},"rttpg_comment":0,"rttpg_category":null,"rttpg_excerpt":"1. Programa Nacional de Alimenta\u00e7\u00e3o Escolar (PNAE) O Programa Nacional de Alimenta\u00e7\u00e3o Escolar (PNAE) \u00e9 uma iniciativa do governo brasileiro que visa assegurar a oferta de alimenta\u00e7\u00e3o saud\u00e1vel e adequada a estudantes da educa\u00e7\u00e3o b\u00e1sica p\u00fablica. Institu\u00eddo em 1955, o PNAE \u00e9 uma das pol\u00edticas p\u00fablicas mais antigas e importantes do pa\u00eds, voltada para a&hellip;","_links":{"self":[{"href":"https:\/\/goias.gov.br\/educacao\/wp-json\/wp\/v2\/pages\/100421","targetHints":{"allow":["GET"]}}],"collection":[{"href":"https:\/\/goias.gov.br\/educacao\/wp-json\/wp\/v2\/pages"}],"about":[{"href":"https:\/\/goias.gov.br\/educacao\/wp-json\/wp\/v2\/types\/page"}],"author":[{"embeddable":true,"href":"https:\/\/goias.gov.br\/educacao\/wp-json\/wp\/v2\/users\/465"}],"replies":[{"embeddable":true,"href":"https:\/\/goias.gov.br\/educacao\/wp-json\/wp\/v2\/comments?post=100421"}],"version-history":[{"count":3,"href":"https:\/\/goias.gov.br\/educacao\/wp-json\/wp\/v2\/pages\/100421\/revisions"}],"predecessor-version":[{"id":679949,"href":"https:\/\/goias.gov.br\/educacao\/wp-json\/wp\/v2\/pages\/100421\/revisions\/679949"}],"wp:attachment":[{"href":"https:\/\/goias.gov.br\/educacao\/wp-json\/wp\/v2\/media?parent=100421"}],"curies":[{"name":"wp","href":"https:\/\/api.w.org\/{rel}","templated":true}]}}