

{"id":100106,"date":"2024-05-29T18:02:36","date_gmt":"2024-05-29T21:02:36","guid":{"rendered":"https:\/\/goias.gov.br\/educacao\/?page_id=100106"},"modified":"2026-01-29T16:43:51","modified_gmt":"2026-01-29T19:43:51","slug":"fale-conosco","status":"publish","type":"page","link":"https:\/\/goias.gov.br\/educacao\/fale-conosco\/","title":{"rendered":"Fale Conosco"},"content":{"rendered":"\t\t<div data-elementor-type=\"wp-page\" data-elementor-id=\"100106\" class=\"elementor elementor-100106\">\n\t\t\t\t<div class=\"elementor-element elementor-element-3411a0d e-flex e-con-boxed e-con e-parent\" data-id=\"3411a0d\" data-element_type=\"container\" data-e-type=\"container\">\n\t\t\t\t\t<div class=\"e-con-inner\">\n\t\t<div class=\"elementor-element elementor-element-b0324be e-con-full e-flex e-con e-child\" data-id=\"b0324be\" data-element_type=\"container\" data-e-type=\"container\">\n\t\t\t\t<div class=\"elementor-element elementor-element-b2caec6 elementor-widget elementor-widget-shortcode\" data-id=\"b2caec6\" data-element_type=\"widget\" data-e-type=\"widget\" data-widget_type=\"shortcode.default\">\n\t\t\t\t\t\t\t<div class=\"elementor-shortcode\">\n<div class=\"wpcf7 no-js\" id=\"wpcf7-f100105-o1\" lang=\"pt-BR\" dir=\"ltr\" data-wpcf7-id=\"100105\">\n<div class=\"screen-reader-response\"><p role=\"status\" aria-live=\"polite\" aria-atomic=\"true\"><\/p> <ul><\/ul><\/div>\n<form action=\"\/educacao\/wp-json\/wp\/v2\/pages\/100106#wpcf7-f100105-o1\" method=\"post\" class=\"wpcf7-form init\" aria-label=\"Formul\u00e1rios de contato\" novalidate=\"novalidate\" data-status=\"init\">\n<fieldset class=\"hidden-fields-container\"><input type=\"hidden\" name=\"_wpcf7\" value=\"100105\" \/><input type=\"hidden\" name=\"_wpcf7_version\" value=\"6.1.5\" \/><input type=\"hidden\" name=\"_wpcf7_locale\" value=\"pt_BR\" \/><input type=\"hidden\" name=\"_wpcf7_unit_tag\" value=\"wpcf7-f100105-o1\" \/><input type=\"hidden\" name=\"_wpcf7_container_post\" value=\"0\" \/><input type=\"hidden\" name=\"_wpcf7_posted_data_hash\" value=\"\" \/>\n<\/fieldset>\n<p><label> Nome *<br \/>\n<span class=\"wpcf7-form-control-wrap\" data-name=\"your-name\"><input size=\"40\" maxlength=\"400\" class=\"wpcf7-form-control wpcf7-text wpcf7-validates-as-required\" autocomplete=\"name\" aria-required=\"true\" aria-invalid=\"false\" value=\"\" type=\"text\" name=\"your-name\" \/><\/span> <\/label>\n<\/p>\n<p><label> E-mail *<br \/>\n<span class=\"wpcf7-form-control-wrap\" data-name=\"your-email\"><input size=\"40\" maxlength=\"400\" class=\"wpcf7-form-control wpcf7-email wpcf7-validates-as-required wpcf7-text wpcf7-validates-as-email\" autocomplete=\"email\" aria-required=\"true\" aria-invalid=\"false\" value=\"\" type=\"email\" name=\"your-email\" \/><\/span> <\/label>\n<\/p>\n<p><label> Assunto *<br \/>\n<span class=\"wpcf7-form-control-wrap\" data-name=\"your-subject\"><input size=\"40\" maxlength=\"400\" class=\"wpcf7-form-control wpcf7-text wpcf7-validates-as-required\" aria-required=\"true\" aria-invalid=\"false\" value=\"\" type=\"text\" name=\"your-subject\" \/><\/span> <\/label>\n<\/p>\n<p><label> Mensagem *<br \/>\n<span class=\"wpcf7-form-control-wrap\" data-name=\"your-message\"><textarea cols=\"40\" rows=\"10\" maxlength=\"2000\" class=\"wpcf7-form-control wpcf7-textarea\" aria-invalid=\"false\" name=\"your-message\"><\/textarea><\/span> <\/label>\n<\/p>\n<p><input class=\"wpcf7-form-control wpcf7-submit has-spinner\" type=\"submit\" value=\"Enviar\" \/>\n<\/p><div class=\"wpcf7-response-output\" aria-hidden=\"true\"><\/div>\n<\/form>\n<\/div>\n<\/div>\n\t\t\t\t\t\t<\/div>\n\t\t\t\t<\/div>\n\t\t<div class=\"elementor-element elementor-element-26fa7a4 e-con-full e-flex e-con e-child\" data-id=\"26fa7a4\" data-element_type=\"container\" data-e-type=\"container\">\n\t\t\t\t<div class=\"elementor-element elementor-element-5170078 elementor-widget elementor-widget-shortcode\" data-id=\"5170078\" data-element_type=\"widget\" data-e-type=\"widget\" data-widget_type=\"shortcode.default\">\n\t\t\t\t\t\t\t<div class=\"elementor-shortcode\"><div data-post-id=\"27439\" class=\"insert-page insert-page-27439 \"><p><strong>Telefones<\/strong><\/p>\n<p>Telefone Geral: (62) 3220-9500 das\u00a0<strong>08h \u00e0s 12h\u00a0<\/strong>e das\u00a0<strong>14h \u00e0s 18h,<\/strong>\u00a0de segunda a sexta-feira<\/p>\n<p>Telefone da Ouvidoria: 3220-9621\/9620 ou 0800 628 808 das\u00a0<strong>08h \u00e0s 12h\u00a0<\/strong>e das<strong>\u00a014h \u00e0s 18h,<\/strong>\u00a0de segunda a sexta-feira<\/p>\n<p>Telefone de todos os departamentos dispon\u00edvel na<a href=\"\/educacao\/cargos-e-seus-ocupantes\/\" target=\"_blank\" rel=\"noopener\"> lista de contatos da Seduc<\/a>.<\/p>\n<p><strong>Atendimento Presencial<\/strong><\/p>\n<p>Atendimento Presencial:\u00a0das\u00a0<strong>8h \u00e0s 12h\u00a0<\/strong>e das\u00a0<strong>14h \u00e0s 18h<\/strong>,\u00a0de segunda a sexta-feira<\/p>\n<p>Endere\u00e7o: Av. Quinta Avenida, quadra 71, n\u00famero 212, Setor Leste Vila Nova, Goi\u00e2nia (GO), CEP 74643-030.<\/p>\n<p><span id=\"more-27439\"><\/span><\/p>\n<hr \/>\n<\/div><\/div>\n\t\t\t\t\t\t<\/div>\n\t\t\t\t<\/div>\n\t\t\t\t\t<\/div>\n\t\t\t\t<\/div>\n\t\t\t\t<\/div>\n\t\t","protected":false},"excerpt":{"rendered":"","protected":false},"author":2,"featured_media":0,"parent":0,"menu_order":0,"comment_status":"closed","ping_status":"closed","template":"","meta":{"footnotes":""},"class_list":["post-100106","page","type-page","status-publish","hentry"],"rttpg_featured_image_url":null,"rttpg_author":{"display_name":"rogerioduarte","author_link":"https:\/\/goias.gov.br\/educacao\/author\/rogerioduarte\/"},"rttpg_comment":0,"rttpg_category":"","rttpg_excerpt":null,"_links":{"self":[{"href":"https:\/\/goias.gov.br\/educacao\/wp-json\/wp\/v2\/pages\/100106","targetHints":{"allow":["GET"]}}],"collection":[{"href":"https:\/\/goias.gov.br\/educacao\/wp-json\/wp\/v2\/pages"}],"about":[{"href":"https:\/\/goias.gov.br\/educacao\/wp-json\/wp\/v2\/types\/page"}],"author":[{"embeddable":true,"href":"https:\/\/goias.gov.br\/educacao\/wp-json\/wp\/v2\/users\/2"}],"replies":[{"embeddable":true,"href":"https:\/\/goias.gov.br\/educacao\/wp-json\/wp\/v2\/comments?post=100106"}],"version-history":[{"count":2,"href":"https:\/\/goias.gov.br\/educacao\/wp-json\/wp\/v2\/pages\/100106\/revisions"}],"predecessor-version":[{"id":674601,"href":"https:\/\/goias.gov.br\/educacao\/wp-json\/wp\/v2\/pages\/100106\/revisions\/674601"}],"wp:attachment":[{"href":"https:\/\/goias.gov.br\/educacao\/wp-json\/wp\/v2\/media?parent=100106"}],"curies":[{"name":"wp","href":"https:\/\/api.w.org\/{rel}","templated":true}]}}