

{"id":65016,"date":"2024-08-22T11:59:48","date_gmt":"2024-08-22T14:59:48","guid":{"rendered":"https:\/\/goias.gov.br\/economia\/?page_id=65016"},"modified":"2026-02-26T13:34:26","modified_gmt":"2026-02-26T16:34:26","slug":"convalidacao-da-utilizacao-de-incentivo-e-beneficio-fiscal","status":"publish","type":"page","link":"https:\/\/goias.gov.br\/economia\/convalidacao-da-utilizacao-de-incentivo-e-beneficio-fiscal\/","title":{"rendered":"Convalida\u00e7\u00e3o da utiliza\u00e7\u00e3o de incentivo e benef\u00edcio fiscal"},"content":{"rendered":"\t\t<div data-elementor-type=\"wp-page\" data-elementor-id=\"65016\" class=\"elementor elementor-65016\">\n\t\t\t\t<div class=\"elementor-element elementor-element-7694edd e-flex e-con-boxed e-con e-parent\" data-id=\"7694edd\" data-element_type=\"container\" data-e-type=\"container\">\n\t\t\t\t\t<div class=\"e-con-inner\">\n\t\t\t\t<div class=\"elementor-element elementor-element-1e7b6be elementor-widget elementor-widget-image\" data-id=\"1e7b6be\" data-element_type=\"widget\" data-e-type=\"widget\" data-widget_type=\"image.default\">\n\t\t\t\t\t\t\t\t\t\t\t\t\t\t\t<img fetchpriority=\"high\" decoding=\"async\" width=\"1024\" height=\"196\" src=\"https:\/\/goias.gov.br\/economia\/wp-content\/uploads\/sites\/45\/2026\/02\/banner-convalidacao-1024x196-1.png\" class=\"attachment-large size-large wp-image-403790\" alt=\"\" srcset=\"https:\/\/goias.gov.br\/economia\/wp-content\/uploads\/sites\/45\/2026\/02\/banner-convalidacao-1024x196-1.png 1024w, https:\/\/goias.gov.br\/economia\/wp-content\/uploads\/sites\/45\/2026\/02\/banner-convalidacao-1024x196-1-300x57.png 300w, https:\/\/goias.gov.br\/economia\/wp-content\/uploads\/sites\/45\/2026\/02\/banner-convalidacao-1024x196-1-768x147.png 768w\" sizes=\"(max-width: 1024px) 100vw, 1024px\" \/>\t\t\t\t\t\t\t\t\t\t\t\t\t\t\t<\/div>\n\t\t\t\t\t<\/div>\n\t\t\t\t<\/div>\n\t\t<div class=\"elementor-element elementor-element-769c4ca e-flex e-con-boxed e-con e-parent\" data-id=\"769c4ca\" data-element_type=\"container\" data-e-type=\"container\">\n\t\t\t\t\t<div class=\"e-con-inner\">\n\t\t<div class=\"elementor-element elementor-element-f762383 e-con-full e-flex e-con e-child\" data-id=\"f762383\" data-element_type=\"container\" data-e-type=\"container\">\n\t\t\t\t<div class=\"elementor-element elementor-element-156a313 elementor-widget elementor-widget-text-editor\" data-id=\"156a313\" data-element_type=\"widget\" data-e-type=\"widget\" data-widget_type=\"text-editor.default\">\n\t\t\t\t\t\t\t\t\t<p>A Lei n\u00ba 23.975\/25 permite a regulariza\u00e7\u00e3o da frui\u00e7\u00e3o, sem o cumprimento de exig\u00eancias legais, dos seguintes incentivos financeiro-fiscais do ICMS: FOMENTAR (Lei n\u00ba 11.180\/90); PRODUZIR e MICROPRODUZIR (Lei n\u00ba 13.591\/00); e PROGREDIR (Lei n\u00ba 15.939\/06).<\/p><p>Os contribuintes t\u00eam <strong><u>at\u00e9 31 de julho de 2026<\/u><\/strong> para aderir ao programa, mediante <strong><u>pagamento do imposto ou contribui\u00e7\u00e3o<\/u><\/strong> relacionada \u00e0 condi\u00e7\u00e3o descumprida \u00e0 vista ou da primeira parcela, em caso de parcelamento, e <strong><u>protocoliza\u00e7\u00e3o dos requerimentos<\/u><\/strong> de \u201cConvalida\u00e7\u00e3o e Extin\u00e7\u00e3o do Cr\u00e9dito Tribut\u00e1rio Conexo\u201d e de \u201cRegularidade com o Programa e com o seu Agente Financeiro\u201d.<\/p><p>O programa oferece vantagens como descontos de at\u00e9 99% nos juros e multas e parcelamento em at\u00e9 120 meses para quita\u00e7\u00e3o dos d\u00e9bitos relacionados ao imposto estadual. Para d\u00e9bitos relacionados \u00e0 contribui\u00e7\u00e3o ao PROTEGE GOI\u00c1S, nos casos aplic\u00e1veis, \u00e9 permitido o parcelamento em at\u00e9 60 meses.<\/p>\t\t\t\t\t\t\t\t<\/div>\n\t\t\t\t<\/div>\n\t\t<div class=\"elementor-element elementor-element-49af561 e-con-full e-flex e-con e-child\" data-id=\"49af561\" data-element_type=\"container\" data-e-type=\"container\">\n\t\t\t\t<div class=\"elementor-element elementor-element-93c23b0 elementor-align-justify elementor-widget elementor-widget-button\" data-id=\"93c23b0\" data-element_type=\"widget\" data-e-type=\"widget\" data-widget_type=\"button.default\">\n\t\t\t\t\t\t\t\t\t\t<a class=\"elementor-button elementor-button-link elementor-size-sm\" href=\"https:\/\/goias.gov.br\/economia\/e-parcelamento\/\">\n\t\t\t\t\t\t<span class=\"elementor-button-content-wrapper\">\n\t\t\t\t\t\t<span class=\"elementor-button-icon\">\n\t\t\t\t<svg aria-hidden=\"true\" class=\"e-font-icon-svg e-fas-comment-dollar\" viewBox=\"0 0 512 512\" xmlns=\"http:\/\/www.w3.org\/2000\/svg\"><path d=\"M256 32C114.62 32 0 125.12 0 240c0 49.56 21.41 95.01 57.02 130.74C44.46 421.05 2.7 465.97 2.2 466.5A7.995 7.995 0 0 0 8 480c66.26 0 115.99-31.75 140.6-51.38C181.29 440.93 217.59 448 256 448c141.38 0 256-93.12 256-208S397.38 32 256 32zm24 302.44V352c0 8.84-7.16 16-16 16h-16c-8.84 0-16-7.16-16-16v-17.73c-11.42-1.35-22.28-5.19-31.78-11.46-6.22-4.11-6.82-13.11-1.55-18.38l17.52-17.52c3.74-3.74 9.31-4.24 14.11-2.03 3.18 1.46 6.66 2.22 10.26 2.22h32.78c4.66 0 8.44-3.78 8.44-8.42 0-3.75-2.52-7.08-6.12-8.11l-50.07-14.3c-22.25-6.35-40.01-24.71-42.91-47.67-4.05-32.07 19.03-59.43 49.32-63.05V128c0-8.84 7.16-16 16-16h16c8.84 0 16 7.16 16 16v17.73c11.42 1.35 22.28 5.19 31.78 11.46 6.22 4.11 6.82 13.11 1.55 18.38l-17.52 17.52c-3.74 3.74-9.31 4.24-14.11 2.03a24.516 24.516 0 0 0-10.26-2.22h-32.78c-4.66 0-8.44 3.78-8.44 8.42 0 3.75 2.52 7.08 6.12 8.11l50.07 14.3c22.25 6.36 40.01 24.71 42.91 47.67 4.05 32.06-19.03 59.42-49.32 63.04z\"><\/path><\/svg>\t\t\t<\/span>\n\t\t\t\t\t\t\t\t\t<span class=\"elementor-button-text\">e-Parcelamento<\/span>\n\t\t\t\t\t<\/span>\n\t\t\t\t\t<\/a>\n\t\t\t\t\t\t\t\t<\/div>\n\t\t\t\t<div class=\"elementor-element elementor-element-53611e5 elementor-align-justify elementor-widget elementor-widget-button\" data-id=\"53611e5\" data-element_type=\"widget\" data-e-type=\"widget\" data-widget_type=\"button.default\">\n\t\t\t\t\t\t\t\t\t\t<a class=\"elementor-button elementor-button-link elementor-size-sm\" href=\"https:\/\/goias.gov.br\/economia\/formularios-2\/\">\n\t\t\t\t\t\t<span class=\"elementor-button-content-wrapper\">\n\t\t\t\t\t\t<span class=\"elementor-button-icon\">\n\t\t\t\t<svg aria-hidden=\"true\" class=\"e-font-icon-svg e-fas-arrow-down\" viewBox=\"0 0 448 512\" xmlns=\"http:\/\/www.w3.org\/2000\/svg\"><path d=\"M413.1 222.5l22.2 22.2c9.4 9.4 9.4 24.6 0 33.9L241 473c-9.4 9.4-24.6 9.4-33.9 0L12.7 278.6c-9.4-9.4-9.4-24.6 0-33.9l22.2-22.2c9.5-9.5 25-9.3 34.3.4L184 343.4V56c0-13.3 10.7-24 24-24h32c13.3 0 24 10.7 24 24v287.4l114.8-120.5c9.3-9.8 24.8-10 34.3-.4z\"><\/path><\/svg>\t\t\t<\/span>\n\t\t\t\t\t\t\t\t\t<span class=\"elementor-button-text\">Formul\u00e1rios<\/span>\n\t\t\t\t\t<\/span>\n\t\t\t\t\t<\/a>\n\t\t\t\t\t\t\t\t<\/div>\n\t\t\t\t<div class=\"elementor-element elementor-element-469156e elementor-align-justify elementor-widget elementor-widget-button\" data-id=\"469156e\" data-element_type=\"widget\" data-e-type=\"widget\" data-widget_type=\"button.default\">\n\t\t\t\t\t\t\t\t\t\t<a class=\"elementor-button elementor-button-link elementor-size-sm\" href=\"https:\/\/goias.gov.br\/economia\/perguntas-e-respostas-13\/\">\n\t\t\t\t\t\t<span class=\"elementor-button-content-wrapper\">\n\t\t\t\t\t\t<span class=\"elementor-button-icon\">\n\t\t\t\t<svg aria-hidden=\"true\" class=\"e-font-icon-svg e-fas-book-reader\" viewBox=\"0 0 512 512\" xmlns=\"http:\/\/www.w3.org\/2000\/svg\"><path d=\"M352 96c0-53.02-42.98-96-96-96s-96 42.98-96 96 42.98 96 96 96 96-42.98 96-96zM233.59 241.1c-59.33-36.32-155.43-46.3-203.79-49.05C13.55 191.13 0 203.51 0 219.14v222.8c0 14.33 11.59 26.28 26.49 27.05 43.66 2.29 131.99 10.68 193.04 41.43 9.37 4.72 20.48-1.71 20.48-11.87V252.56c-.01-4.67-2.32-8.95-6.42-11.46zm248.61-49.05c-48.35 2.74-144.46 12.73-203.78 49.05-4.1 2.51-6.41 6.96-6.41 11.63v245.79c0 10.19 11.14 16.63 20.54 11.9 61.04-30.72 149.32-39.11 192.97-41.4 14.9-.78 26.49-12.73 26.49-27.06V219.14c-.01-15.63-13.56-28.01-29.81-27.09z\"><\/path><\/svg>\t\t\t<\/span>\n\t\t\t\t\t\t\t\t\t<span class=\"elementor-button-text\">Perguntas e Respostas<\/span>\n\t\t\t\t\t<\/span>\n\t\t\t\t\t<\/a>\n\t\t\t\t\t\t\t\t<\/div>\n\t\t\t\t<div class=\"elementor-element elementor-element-3c90280 elementor-align-justify elementor-button-info elementor-widget elementor-widget-button\" data-id=\"3c90280\" data-element_type=\"widget\" data-e-type=\"widget\" data-widget_type=\"button.default\">\n\t\t\t\t\t\t\t\t\t\t<a class=\"elementor-button elementor-button-link elementor-size-sm\" href=\"https:\/\/goias.gov.br\/economia\/wp-content\/uploads\/sites\/45\/2026\/02\/PPT_Convalidacao_PaP_20260209.pdf\">\n\t\t\t\t\t\t<span class=\"elementor-button-content-wrapper\">\n\t\t\t\t\t\t<span class=\"elementor-button-icon\">\n\t\t\t\t<svg aria-hidden=\"true\" class=\"e-font-icon-svg e-far-map\" viewBox=\"0 0 576 512\" xmlns=\"http:\/\/www.w3.org\/2000\/svg\"><path d=\"M560.02 32c-1.96 0-3.98.37-5.96 1.16L384.01 96H384L212 35.28A64.252 64.252 0 0 0 191.76 32c-6.69 0-13.37 1.05-19.81 3.14L20.12 87.95A32.006 32.006 0 0 0 0 117.66v346.32C0 473.17 7.53 480 15.99 480c1.96 0 3.97-.37 5.96-1.16L192 416l172 60.71a63.98 63.98 0 0 0 40.05.15l151.83-52.81A31.996 31.996 0 0 0 576 394.34V48.02c0-9.19-7.53-16.02-15.98-16.02zM224 90.42l128 45.19v285.97l-128-45.19V90.42zM48 418.05V129.07l128-44.53v286.2l-.64.23L48 418.05zm480-35.13l-128 44.53V141.26l.64-.24L528 93.95v288.97z\"><\/path><\/svg>\t\t\t<\/span>\n\t\t\t\t\t\t\t\t\t<span class=\"elementor-button-text\">Passo a Passo<\/span>\n\t\t\t\t\t<\/span>\n\t\t\t\t\t<\/a>\n\t\t\t\t\t\t\t\t<\/div>\n\t\t\t\t<div class=\"elementor-element elementor-element-859e60f elementor-align-justify elementor-widget elementor-widget-button\" data-id=\"859e60f\" data-element_type=\"widget\" data-e-type=\"widget\" data-widget_type=\"button.default\">\n\t\t\t\t\t\t\t\t\t\t<a class=\"elementor-button elementor-button-link elementor-size-sm\" href=\"https:\/\/goias.gov.br\/economia\/legislacao-11\/\">\n\t\t\t\t\t\t<span class=\"elementor-button-content-wrapper\">\n\t\t\t\t\t\t<span class=\"elementor-button-icon\">\n\t\t\t\t<svg aria-hidden=\"true\" class=\"e-font-icon-svg e-fas-check\" viewBox=\"0 0 512 512\" xmlns=\"http:\/\/www.w3.org\/2000\/svg\"><path d=\"M173.898 439.404l-166.4-166.4c-9.997-9.997-9.997-26.206 0-36.204l36.203-36.204c9.997-9.998 26.207-9.998 36.204 0L192 312.69 432.095 72.596c9.997-9.997 26.207-9.997 36.204 0l36.203 36.204c9.997 9.997 9.997 26.206 0 36.204l-294.4 294.401c-9.998 9.997-26.207 9.997-36.204-.001z\"><\/path><\/svg>\t\t\t<\/span>\n\t\t\t\t\t\t\t\t\t<span class=\"elementor-button-text\">Legisla\u00e7\u00e3o<\/span>\n\t\t\t\t\t<\/span>\n\t\t\t\t\t<\/a>\n\t\t\t\t\t\t\t\t<\/div>\n\t\t\t\t<\/div>\n\t\t\t\t\t<\/div>\n\t\t\t\t<\/div>\n\t\t<div class=\"elementor-element elementor-element-cd1b071 e-flex e-con-boxed e-con e-parent\" data-id=\"cd1b071\" data-element_type=\"container\" data-e-type=\"container\">\n\t\t\t\t\t<div class=\"e-con-inner\">\n\t\t<div class=\"elementor-element elementor-element-430f734 e-con-full e-flex e-con e-child\" data-id=\"430f734\" data-element_type=\"container\" data-e-type=\"container\">\n\t\t<div class=\"elementor-element elementor-element-6940182 e-con-full e-flex e-con e-child\" data-id=\"6940182\" data-element_type=\"container\" data-e-type=\"container\">\n\t\t\t\t<div class=\"elementor-element elementor-element-c5723d8 elementor-widget elementor-widget-image\" data-id=\"c5723d8\" data-element_type=\"widget\" data-e-type=\"widget\" data-widget_type=\"image.default\">\n\t\t\t\t\t\t\t\t\t\t\t\t\t\t\t\t<a href=\"https:\/\/arr.economia.go.gov.br\/arr-www\/view\/entradaContribuinte.jsf\" target=\"_blank\">\n\t\t\t\t\t\t\t<img decoding=\"async\" width=\"195\" height=\"76\" src=\"https:\/\/goias.gov.br\/economia\/wp-content\/uploads\/sites\/45\/2026\/02\/Novo-Projeto-1.png\" class=\"attachment-large size-large wp-image-403520\" alt=\"\" \/>\t\t\t\t\t\t\t\t<\/a>\n\t\t\t\t\t\t\t\t\t\t\t\t\t\t\t<\/div>\n\t\t\t\t<\/div>\n\t\t<div class=\"elementor-element elementor-element-59f515c e-con-full e-flex e-con e-child\" data-id=\"59f515c\" data-element_type=\"container\" data-e-type=\"container\">\n\t\t\t\t<div class=\"elementor-element elementor-element-dbc8678 elementor-widget elementor-widget-image\" data-id=\"dbc8678\" data-element_type=\"widget\" data-e-type=\"widget\" data-widget_type=\"image.default\">\n\t\t\t\t\t\t\t\t\t\t\t\t\t\t\t\t<a href=\"https:\/\/goias.gov.br\/economia\/plataforma-digital-de-processos\/\" target=\"_blank\">\n\t\t\t\t\t\t\t<img decoding=\"async\" src=\"https:\/\/goias.gov.br\/economia\/wp-content\/uploads\/sites\/45\/2024\/08\/prte-parcl.png\" title=\"\" alt=\"\" loading=\"lazy\" \/>\t\t\t\t\t\t\t\t<\/a>\n\t\t\t\t\t\t\t\t\t\t\t\t\t\t\t<\/div>\n\t\t\t\t<\/div>\n\t\t<div class=\"elementor-element elementor-element-6948f47 e-con-full e-flex e-con e-child\" data-id=\"6948f47\" data-element_type=\"container\" data-e-type=\"container\">\n\t\t\t\t<div class=\"elementor-element elementor-element-d58be56 elementor-widget elementor-widget-image\" data-id=\"d58be56\" data-element_type=\"widget\" data-e-type=\"widget\" data-widget_type=\"image.default\">\n\t\t\t\t\t\t\t\t\t\t\t\t\t\t\t\t<a href=\"https:\/\/goias.gov.br\/economia\/plataforma-digital-de-processos\/\" target=\"_blank\">\n\t\t\t\t\t\t\t<img decoding=\"async\" src=\"https:\/\/goias.gov.br\/economia\/wp-content\/uploads\/sites\/45\/2024\/08\/solc.-convalidacao-2.png\" title=\"\" alt=\"\" loading=\"lazy\" \/>\t\t\t\t\t\t\t\t<\/a>\n\t\t\t\t\t\t\t\t\t\t\t\t\t\t\t<\/div>\n\t\t\t\t<\/div>\n\t\t\t\t<\/div>\n\t\t<div class=\"elementor-element elementor-element-a405fd0 e-con-full e-flex e-con e-child\" data-id=\"a405fd0\" data-element_type=\"container\" data-e-type=\"container\">\n\t\t\t\t<\/div>\n\t\t\t\t\t<\/div>\n\t\t\t\t<\/div>\n\t\t\t\t<\/div>\n\t\t","protected":false},"excerpt":{"rendered":"<p>A Lei n\u00ba 23.975\/25 permite a regulariza\u00e7\u00e3o da frui\u00e7\u00e3o, sem o cumprimento de exig\u00eancias legais, dos seguintes incentivos financeiro-fiscais do ICMS: FOMENTAR (Lei n\u00ba 11.180\/90); PRODUZIR e MICROPRODUZIR (Lei n\u00ba 13.591\/00); e PROGREDIR (Lei n\u00ba 15.939\/06). Os contribuintes t\u00eam at\u00e9 31 de julho de 2026 para aderir ao programa, mediante pagamento do imposto ou contribui\u00e7\u00e3o [&hellip;]<\/p>\n","protected":false},"author":364,"featured_media":0,"parent":0,"menu_order":0,"comment_status":"closed","ping_status":"closed","template":"","meta":{"footnotes":""},"class_list":["post-65016","page","type-page","status-publish","hentry"],"rttpg_featured_image_url":null,"rttpg_author":{"display_name":"denissilva","author_link":"https:\/\/goias.gov.br\/economia\/author\/denissilva\/"},"rttpg_comment":0,"rttpg_category":null,"rttpg_excerpt":"A Lei n\u00ba 23.975\/25 permite a regulariza\u00e7\u00e3o da frui\u00e7\u00e3o, sem o cumprimento de exig\u00eancias legais, dos seguintes incentivos financeiro-fiscais do ICMS: FOMENTAR (Lei n\u00ba 11.180\/90); PRODUZIR e MICROPRODUZIR (Lei n\u00ba 13.591\/00); e PROGREDIR (Lei n\u00ba 15.939\/06). Os contribuintes t\u00eam at\u00e9 31 de julho de 2026 para aderir ao programa, mediante pagamento do imposto ou contribui\u00e7\u00e3o&hellip;","_links":{"self":[{"href":"https:\/\/goias.gov.br\/economia\/wp-json\/wp\/v2\/pages\/65016","targetHints":{"allow":["GET"]}}],"collection":[{"href":"https:\/\/goias.gov.br\/economia\/wp-json\/wp\/v2\/pages"}],"about":[{"href":"https:\/\/goias.gov.br\/economia\/wp-json\/wp\/v2\/types\/page"}],"author":[{"embeddable":true,"href":"https:\/\/goias.gov.br\/economia\/wp-json\/wp\/v2\/users\/364"}],"replies":[{"embeddable":true,"href":"https:\/\/goias.gov.br\/economia\/wp-json\/wp\/v2\/comments?post=65016"}],"version-history":[{"count":3,"href":"https:\/\/goias.gov.br\/economia\/wp-json\/wp\/v2\/pages\/65016\/revisions"}],"predecessor-version":[{"id":416781,"href":"https:\/\/goias.gov.br\/economia\/wp-json\/wp\/v2\/pages\/65016\/revisions\/416781"}],"wp:attachment":[{"href":"https:\/\/goias.gov.br\/economia\/wp-json\/wp\/v2\/media?parent=65016"}],"curies":[{"name":"wp","href":"https:\/\/api.w.org\/{rel}","templated":true}]}}