

{"id":409355,"date":"2026-02-19T12:44:04","date_gmt":"2026-02-19T15:44:04","guid":{"rendered":"https:\/\/goias.gov.br\/economia\/?page_id=409355"},"modified":"2026-02-20T10:44:49","modified_gmt":"2026-02-20T13:44:49","slug":"acompanhamento-do-propag","status":"publish","type":"page","link":"https:\/\/goias.gov.br\/economia\/acompanhamento-do-propag\/","title":{"rendered":"Acompanhamento do Propag"},"content":{"rendered":"\t\t<div data-elementor-type=\"wp-page\" data-elementor-id=\"409355\" class=\"elementor elementor-409355\">\n\t\t\t\t<div class=\"elementor-element elementor-element-fc88eb5 e-flex e-con-boxed e-con e-parent\" data-id=\"fc88eb5\" data-element_type=\"container\" data-e-type=\"container\">\n\t\t\t\t\t<div class=\"e-con-inner\">\n\t\t\t\t<div class=\"elementor-element elementor-element-8ceec36 elementor-widget elementor-widget-n-accordion\" data-id=\"8ceec36\" data-element_type=\"widget\" data-e-type=\"widget\" data-settings=\"{&quot;default_state&quot;:&quot;all_collapsed&quot;,&quot;n_accordion_animation_duration&quot;:{&quot;unit&quot;:&quot;ms&quot;,&quot;size&quot;:200,&quot;sizes&quot;:[]},&quot;max_items_expended&quot;:&quot;one&quot;}\" data-widget_type=\"nested-accordion.default\">\n\t\t\t\t\t\t\t<div class=\"e-n-accordion\" aria-label=\"Accordion. Open links with Enter or Space, close with Escape, and navigate with Arrow Keys\">\n\t\t\t\t\t\t<details id=\"e-n-accordion-item-1470\" class=\"e-n-accordion-item\" >\n\t\t\t\t<summary class=\"e-n-accordion-item-title\" data-accordion-index=\"1\" tabindex=\"0\" aria-expanded=\"false\" aria-controls=\"e-n-accordion-item-1470\" >\n\t\t\t\t\t<span class='e-n-accordion-item-title-header'><div class=\"e-n-accordion-item-title-text\"> Balan\u00e7o Semestral \u2013 Demonstrativo de Aplica\u00e7\u00e3o dos Recursos em \u00e1reas tem\u00e1ticas  <\/div><\/span>\n\t\t\t\t\t\t\t<span class='e-n-accordion-item-title-icon'>\n\t\t\t<span class='e-opened' ><svg aria-hidden=\"true\" class=\"e-font-icon-svg e-fas-minus\" viewBox=\"0 0 448 512\" xmlns=\"http:\/\/www.w3.org\/2000\/svg\"><path d=\"M416 208H32c-17.67 0-32 14.33-32 32v32c0 17.67 14.33 32 32 32h384c17.67 0 32-14.33 32-32v-32c0-17.67-14.33-32-32-32z\"><\/path><\/svg><\/span>\n\t\t\t<span class='e-closed'><svg aria-hidden=\"true\" class=\"e-font-icon-svg e-fas-caret-down\" viewBox=\"0 0 320 512\" xmlns=\"http:\/\/www.w3.org\/2000\/svg\"><path d=\"M31.3 192h257.3c17.8 0 26.7 21.5 14.1 34.1L174.1 354.8c-7.8 7.8-20.5 7.8-28.3 0L17.2 226.1C4.6 213.5 13.5 192 31.3 192z\"><\/path><\/svg><\/span>\n\t\t<\/span>\n\n\t\t\t\t\t\t<\/summary>\n\t\t\t\t<div role=\"region\" aria-labelledby=\"e-n-accordion-item-1470\" class=\"elementor-element elementor-element-9de6acd e-con-full e-flex e-con e-child\" data-id=\"9de6acd\" data-element_type=\"container\" data-e-type=\"container\">\n\t\t<div role=\"region\" aria-labelledby=\"e-n-accordion-item-1470\" class=\"elementor-element elementor-element-00d6072 e-flex e-con-boxed e-con e-child\" data-id=\"00d6072\" data-element_type=\"container\" data-e-type=\"container\">\n\t\t\t\t\t<div class=\"e-con-inner\">\n\t\t\t\t<div class=\"elementor-element elementor-element-bcb7895 elementor-widget elementor-widget-text-editor\" data-id=\"bcb7895\" data-element_type=\"widget\" data-e-type=\"widget\" data-widget_type=\"text-editor.default\">\n\t\t\t\t\t\t\t\t\t<ul><li><a href=\"https:\/\/goias.gov.br\/economia\/wp-content\/uploads\/sites\/45\/2026\/01\/Demonstrativo_PROPAG_Assinado.pdf\">Demonstrativo do 2\u00ba Semestre de 2025<\/a><\/li><li><a href=\"https:\/\/goias.gov.br\/economia\/wp-content\/uploads\/sites\/45\/2026\/01\/Nota_Tecnica_2-2026.pdf\">Demonstrativo do 2\u00ba Semestre de 2025_Anexo Nota T\u00e9cnica 2-2026-SEDUC<\/a><\/li><li><a href=\"https:\/\/goias.gov.br\/economia\/wp-content\/uploads\/sites\/45\/2026\/01\/Plano_de_Aplicacao_Juros_por_Educacao_2026.pdf\">Demonstrativo do 2\u00ba Semestre de 2025_Anexo Plano de Aplicac\u00e3o Juros por Educac\u00e3o 2026<\/a><\/li><\/ul>\t\t\t\t\t\t\t\t<\/div>\n\t\t\t\t\t<\/div>\n\t\t\t\t<\/div>\n\t\t\t\t<\/div>\n\t\t\t\t\t<\/details>\n\t\t\t\t\t\t<details id=\"e-n-accordion-item-1471\" class=\"e-n-accordion-item\" >\n\t\t\t\t<summary class=\"e-n-accordion-item-title\" data-accordion-index=\"2\" tabindex=\"-1\" aria-expanded=\"false\" aria-controls=\"e-n-accordion-item-1471\" >\n\t\t\t\t\t<span class='e-n-accordion-item-title-header'><div class=\"e-n-accordion-item-title-text\"> Manifesta\u00e7\u00f5es da Secretaria do Tesouro Nacional e da Procuradoria-Geral da Fazenda Nacional  <\/div><\/span>\n\t\t\t\t\t\t\t<span class='e-n-accordion-item-title-icon'>\n\t\t\t<span class='e-opened' ><svg aria-hidden=\"true\" class=\"e-font-icon-svg e-fas-minus\" viewBox=\"0 0 448 512\" xmlns=\"http:\/\/www.w3.org\/2000\/svg\"><path d=\"M416 208H32c-17.67 0-32 14.33-32 32v32c0 17.67 14.33 32 32 32h384c17.67 0 32-14.33 32-32v-32c0-17.67-14.33-32-32-32z\"><\/path><\/svg><\/span>\n\t\t\t<span class='e-closed'><svg aria-hidden=\"true\" class=\"e-font-icon-svg e-fas-caret-down\" viewBox=\"0 0 320 512\" xmlns=\"http:\/\/www.w3.org\/2000\/svg\"><path d=\"M31.3 192h257.3c17.8 0 26.7 21.5 14.1 34.1L174.1 354.8c-7.8 7.8-20.5 7.8-28.3 0L17.2 226.1C4.6 213.5 13.5 192 31.3 192z\"><\/path><\/svg><\/span>\n\t\t<\/span>\n\n\t\t\t\t\t\t<\/summary>\n\t\t\t\t<div role=\"region\" aria-labelledby=\"e-n-accordion-item-1471\" class=\"elementor-element elementor-element-fb4383a e-con-full e-flex e-con e-child\" data-id=\"fb4383a\" data-element_type=\"container\" data-e-type=\"container\">\n\t\t<div role=\"region\" aria-labelledby=\"e-n-accordion-item-1471\" class=\"elementor-element elementor-element-9fdbecf e-flex e-con-boxed e-con e-child\" data-id=\"9fdbecf\" data-element_type=\"container\" data-e-type=\"container\">\n\t\t\t\t\t<div class=\"e-con-inner\">\n\t\t\t\t<div class=\"elementor-element elementor-element-ba60ffa elementor-widget elementor-widget-text-editor\" data-id=\"ba60ffa\" data-element_type=\"widget\" data-e-type=\"widget\" data-widget_type=\"text-editor.default\">\n\t\t\t\t\t\t\t\t\t<h6>1\u00ba TRIMESTRE 2026:<\/h6><ul><li><a href=\"https:\/\/goias.gov.br\/economia\/wp-content\/uploads\/sites\/45\/2026\/02\/1.-Oficio-26325-2025-MF-Teto-de-Gastos-no-Propag.pdf\">Oficio n\u00ba 26325\/2025\/MF (Teto de Gastos no Propag)<\/a><\/li><li><a href=\"https:\/\/goias.gov.br\/economia\/wp-content\/uploads\/sites\/45\/2026\/02\/2.-Nota-Tecnica-no-2729-2025-MF-Encerramento-RRF.pdf\" target=\"_blank\" rel=\"noopener\">Nota T\u00e9cnica n\u00ba 2729\/2025\/MF (Encerramento RRF)<\/a><\/li><li><a href=\"https:\/\/goias.gov.br\/economia\/wp-content\/uploads\/sites\/45\/2026\/02\/3.-Oficio-38669-2025-MF-Requisito-Resolucao-do-Senado.pdf\" target=\"_blank\" rel=\"noopener\">Of\u00edcio n\u00ba 38669\/2025\/MF (Requisito Resolu\u00e7\u00e3o do Senado)<\/a><\/li><li><a href=\"https:\/\/goias.gov.br\/economia\/wp-content\/uploads\/sites\/45\/2026\/02\/4.-Manual-PGFN-Layout-para-dados-da-Divida-Ativa.pdf\" target=\"_blank\" rel=\"noopener\">Manual-PGFN (Layout para dados da D\u00edvida Ativa)<\/a><\/li><li><a href=\"https:\/\/goias.gov.br\/economia\/wp-content\/uploads\/sites\/45\/2026\/02\/5.-Oficio-no-60191-2025-MF-Esclarecimentos-aporte-FEF-e-outros.pdf\" target=\"_blank\" rel=\"noopener\">Oficio n\u00ba 60191\/2025\/MF (Esclarecimentos aporte FEF e outros)<\/a><\/li><li><a href=\"https:\/\/goias.gov.br\/economia\/wp-content\/uploads\/sites\/45\/2026\/02\/6.-Nota-Conjunta-no-4-2025-CCONT-CCONF-SUCON-STN-MF-Contabilizacao-fatos-Propag.pdf\" target=\"_blank\" rel=\"noopener\">Nota Conjunta n\u00ba 4\/2025\/CCONT\/CCONF\/SUCON\/STN-MF (Contabiliza\u00e7\u00e3o fatos Propag)<\/a><\/li><li><a href=\"https:\/\/goias.gov.br\/economia\/wp-content\/uploads\/sites\/45\/2026\/02\/7.-Oficio-SEI-no-63.138-2025-MF-Metodologia-Taxa-de-Desconto.pdf\" target=\"_blank\" rel=\"noopener\">Of\u00edcio SEI n\u00ba 63.138\/2025\/MF (Metodologia Taxa de Desconto)<\/a><\/li><li><a href=\"https:\/\/goias.gov.br\/economia\/wp-content\/uploads\/sites\/45\/2026\/02\/8.-Nota-Tecnica-no-3384-2025-MF-Metodologia-Calculo-de-Valor-Presente.pdf\" target=\"_blank\" rel=\"noopener\">Nota T\u00e9cnica n\u00ba 3384\/2025\/MF (Metodologia de C\u00e1lculo de Valor Presente)<\/a><\/li><li><a href=\"https:\/\/goias.gov.br\/economia\/wp-content\/uploads\/sites\/45\/2026\/02\/9.-Despacho-STN-SN-Analise-requisitos-formais-de-adesao.pdf\" target=\"_blank\" rel=\"noopener\">Despacho STN S\/N (An\u00e1lise requisitos formais de ades\u00e3o)<\/a><\/li><li><a href=\"https:\/\/goias.gov.br\/economia\/wp-content\/uploads\/sites\/45\/2026\/02\/10_Nota-Tecnica-no-273-2026-STN-Procedimentos-para-apuracao-da-variacao-da-receita.pdf\" target=\"_blank\" rel=\"noopener\">Nota T\u00e9cnica n\u00ba 273\/2026\/STN (Procedimentos para apura\u00e7\u00e3o da varia\u00e7\u00e3o da receita)<\/a><\/li><\/ul>\t\t\t\t\t\t\t\t<\/div>\n\t\t\t\t\t<\/div>\n\t\t\t\t<\/div>\n\t\t\t\t<\/div>\n\t\t\t\t\t<\/details>\n\t\t\t\t\t<\/div>\n\t\t\t\t\t\t<\/div>\n\t\t\t\t\t<\/div>\n\t\t\t\t<\/div>\n\t\t\t\t<\/div>\n\t\t","protected":false},"excerpt":{"rendered":"<p>Balan\u00e7o Semestral \u2013 Demonstrativo de Aplica\u00e7\u00e3o dos Recursos em \u00e1reas tem\u00e1ticas Demonstrativo do 2\u00ba Semestre de 2025 Demonstrativo do 2\u00ba Semestre de 2025_Anexo Nota T\u00e9cnica 2-2026-SEDUC Demonstrativo do 2\u00ba Semestre de 2025_Anexo Plano de Aplicac\u00e3o Juros por Educac\u00e3o 2026 Manifesta\u00e7\u00f5es da Secretaria do Tesouro Nacional e da Procuradoria-Geral da Fazenda Nacional 1\u00ba TRIMESTRE 2026: Oficio [&hellip;]<\/p>\n","protected":false},"author":364,"featured_media":0,"parent":0,"menu_order":0,"comment_status":"closed","ping_status":"closed","template":"","meta":{"footnotes":""},"class_list":["post-409355","page","type-page","status-publish","hentry"],"rttpg_featured_image_url":null,"rttpg_author":{"display_name":"denissilva","author_link":"https:\/\/goias.gov.br\/economia\/author\/denissilva\/"},"rttpg_comment":0,"rttpg_category":null,"rttpg_excerpt":"Balan\u00e7o Semestral \u2013 Demonstrativo de Aplica\u00e7\u00e3o dos Recursos em \u00e1reas tem\u00e1ticas Demonstrativo do 2\u00ba Semestre de 2025 Demonstrativo do 2\u00ba Semestre de 2025_Anexo Nota T\u00e9cnica 2-2026-SEDUC Demonstrativo do 2\u00ba Semestre de 2025_Anexo Plano de Aplicac\u00e3o Juros por Educac\u00e3o 2026 Manifesta\u00e7\u00f5es da Secretaria do Tesouro Nacional e da Procuradoria-Geral da Fazenda Nacional 1\u00ba TRIMESTRE 2026: Oficio&hellip;","_links":{"self":[{"href":"https:\/\/goias.gov.br\/economia\/wp-json\/wp\/v2\/pages\/409355","targetHints":{"allow":["GET"]}}],"collection":[{"href":"https:\/\/goias.gov.br\/economia\/wp-json\/wp\/v2\/pages"}],"about":[{"href":"https:\/\/goias.gov.br\/economia\/wp-json\/wp\/v2\/types\/page"}],"author":[{"embeddable":true,"href":"https:\/\/goias.gov.br\/economia\/wp-json\/wp\/v2\/users\/364"}],"replies":[{"embeddable":true,"href":"https:\/\/goias.gov.br\/economia\/wp-json\/wp\/v2\/comments?post=409355"}],"version-history":[{"count":2,"href":"https:\/\/goias.gov.br\/economia\/wp-json\/wp\/v2\/pages\/409355\/revisions"}],"predecessor-version":[{"id":410241,"href":"https:\/\/goias.gov.br\/economia\/wp-json\/wp\/v2\/pages\/409355\/revisions\/410241"}],"wp:attachment":[{"href":"https:\/\/goias.gov.br\/economia\/wp-json\/wp\/v2\/media?parent=409355"}],"curies":[{"name":"wp","href":"https:\/\/api.w.org\/{rel}","templated":true}]}}