

{"id":39961,"date":"2024-04-03T11:20:54","date_gmt":"2024-04-03T14:20:54","guid":{"rendered":"https:\/\/goias.gov.br\/economia\/?page_id=39961"},"modified":"2026-03-02T14:34:55","modified_gmt":"2026-03-02T17:34:55","slug":"pauta-de-valores-referenciais-do-icms","status":"publish","type":"page","link":"https:\/\/goias.gov.br\/economia\/pauta-de-valores-referenciais-do-icms\/","title":{"rendered":"Pauta de Valores Referenciais do ICMS"},"content":{"rendered":"\t\t<div data-elementor-type=\"wp-page\" data-elementor-id=\"39961\" class=\"elementor elementor-39961\">\n\t\t\t\t<div class=\"elementor-element elementor-element-1ba0693 e-flex e-con-boxed e-con e-parent\" data-id=\"1ba0693\" data-element_type=\"container\" data-e-type=\"container\">\n\t\t\t\t\t<div class=\"e-con-inner\">\n\t\t\t\t<div class=\"elementor-element elementor-element-403b327 elementor-widget elementor-widget-text-editor\" data-id=\"403b327\" data-element_type=\"widget\" data-e-type=\"widget\" data-widget_type=\"text-editor.default\">\n\t\t\t\t\t\t\t\t\t<p>Contribuintes goianos submetidos ao regime de Substitui\u00e7\u00e3o Tribut\u00e1ria contam com uma ferramenta moderna para acessar a sua pauta de mercadorias em uma nova plataforma. Agora, todas as pautas, inclusive a de bebidas,\u00a0podem ser consultadas\u00a0no Power BI, ferramenta que permite ampla visualiza\u00e7\u00e3o de dados.\u00a0<\/p><p>No novo modelo est\u00e1 facilitada e mais \u00e1gil a pesquisa de pre\u00e7os feita pela Secretaria. Caso o contribuinte precise do documento em papel, ele vai precisar imprimir via no Di\u00e1rio Oficial do Estado (DOE). As pautas antigas de pre\u00e7os continuam, entretanto, dispon\u00edveis no site no formato anterior.\u00a0<\/p><p>Confira a nova plataforma no link abaixo:<\/p>\t\t\t\t\t\t\t\t<\/div>\n\t\t\t\t<div class=\"elementor-element elementor-element-3aa031d elementor-align-center elementor-widget elementor-widget-button\" data-id=\"3aa031d\" data-element_type=\"widget\" data-e-type=\"widget\" data-widget_type=\"button.default\">\n\t\t\t\t\t\t\t\t\t\t<a class=\"elementor-button elementor-button-link elementor-size-sm\" href=\"https:\/\/app.powerbi.com\/view?r=eyJrIjoiYzRkOTA5NmEtMWU0OC00N2IwLTgwNmQtNThmNDE1N2I1Y2EwIiwidCI6ImIzZDE4N2Y0LWE2NzEtNDQ5Yy04MDYxLTM5ZjEzNTQxYzgxNyJ9\" target=\"_blank\">\n\t\t\t\t\t\t<span class=\"elementor-button-content-wrapper\">\n\t\t\t\t\t\t<span class=\"elementor-button-icon\">\n\t\t\t\t<svg aria-hidden=\"true\" class=\"e-font-icon-svg e-fas-calculator\" viewBox=\"0 0 448 512\" xmlns=\"http:\/\/www.w3.org\/2000\/svg\"><path d=\"M400 0H48C22.4 0 0 22.4 0 48v416c0 25.6 22.4 48 48 48h352c25.6 0 48-22.4 48-48V48c0-25.6-22.4-48-48-48zM128 435.2c0 6.4-6.4 12.8-12.8 12.8H76.8c-6.4 0-12.8-6.4-12.8-12.8v-38.4c0-6.4 6.4-12.8 12.8-12.8h38.4c6.4 0 12.8 6.4 12.8 12.8v38.4zm0-128c0 6.4-6.4 12.8-12.8 12.8H76.8c-6.4 0-12.8-6.4-12.8-12.8v-38.4c0-6.4 6.4-12.8 12.8-12.8h38.4c6.4 0 12.8 6.4 12.8 12.8v38.4zm128 128c0 6.4-6.4 12.8-12.8 12.8h-38.4c-6.4 0-12.8-6.4-12.8-12.8v-38.4c0-6.4 6.4-12.8 12.8-12.8h38.4c6.4 0 12.8 6.4 12.8 12.8v38.4zm0-128c0 6.4-6.4 12.8-12.8 12.8h-38.4c-6.4 0-12.8-6.4-12.8-12.8v-38.4c0-6.4 6.4-12.8 12.8-12.8h38.4c6.4 0 12.8 6.4 12.8 12.8v38.4zm128 128c0 6.4-6.4 12.8-12.8 12.8h-38.4c-6.4 0-12.8-6.4-12.8-12.8V268.8c0-6.4 6.4-12.8 12.8-12.8h38.4c6.4 0 12.8 6.4 12.8 12.8v166.4zm0-256c0 6.4-6.4 12.8-12.8 12.8H76.8c-6.4 0-12.8-6.4-12.8-12.8V76.8C64 70.4 70.4 64 76.8 64h294.4c6.4 0 12.8 6.4 12.8 12.8v102.4z\"><\/path><\/svg>\t\t\t<\/span>\n\t\t\t\t\t\t\t\t\t<span class=\"elementor-button-text\">Pautas Fiscais<\/span>\n\t\t\t\t\t<\/span>\n\t\t\t\t\t<\/a>\n\t\t\t\t\t\t\t\t<\/div>\n\t\t\t\t<div class=\"elementor-element elementor-element-9d5442b elementor-widget elementor-widget-text-editor\" data-id=\"9d5442b\" data-element_type=\"widget\" data-e-type=\"widget\" data-widget_type=\"text-editor.default\">\n\t\t\t\t\t\t\t\t\t<h3>Como Fazer Inclus\u00e3o\/ Altera\u00e7\u00e3o\/ Inclus\u00e3o\/<b>Exclus\u00e3o de Bebidas?<\/b><\/h3>\t\t\t\t\t\t\t\t<\/div>\n\t\t\t\t\t<\/div>\n\t\t\t\t<\/div>\n\t\t<div class=\"elementor-element elementor-element-19b8c70 e-flex e-con-boxed e-con e-parent\" data-id=\"19b8c70\" data-element_type=\"container\" data-e-type=\"container\">\n\t\t\t\t\t<div class=\"e-con-inner\">\n\t\t<div class=\"elementor-element elementor-element-26d9ee2 e-con-full e-flex e-con e-child\" data-id=\"26d9ee2\" data-element_type=\"container\" data-e-type=\"container\">\n\t\t\t\t<div class=\"elementor-element elementor-element-fb269a1 elementor-widget elementor-widget-n-accordion\" data-id=\"fb269a1\" data-element_type=\"widget\" data-e-type=\"widget\" data-settings=\"{&quot;default_state&quot;:&quot;all_collapsed&quot;,&quot;max_items_expended&quot;:&quot;one&quot;,&quot;n_accordion_animation_duration&quot;:{&quot;unit&quot;:&quot;ms&quot;,&quot;size&quot;:400,&quot;sizes&quot;:[]}}\" data-widget_type=\"nested-accordion.default\">\n\t\t\t\t\t\t\t<div class=\"e-n-accordion\" aria-label=\"Accordion. Open links with Enter or Space, close with Escape, and navigate with Arrow Keys\">\n\t\t\t\t\t\t<details id=\"e-n-accordion-item-2630\" class=\"e-n-accordion-item\" >\n\t\t\t\t<summary class=\"e-n-accordion-item-title\" data-accordion-index=\"1\" tabindex=\"0\" aria-expanded=\"false\" aria-controls=\"e-n-accordion-item-2630\" >\n\t\t\t\t\t<span class='e-n-accordion-item-title-header'><div class=\"e-n-accordion-item-title-text\"> SE PESSOA JUR\u00cdDICA <\/div><\/span>\n\t\t\t\t\t\t\t<span class='e-n-accordion-item-title-icon'>\n\t\t\t<span class='e-opened' ><svg aria-hidden=\"true\" class=\"e-font-icon-svg e-fas-minus-circle\" viewBox=\"0 0 512 512\" xmlns=\"http:\/\/www.w3.org\/2000\/svg\"><path d=\"M256 8C119 8 8 119 8 256s111 248 248 248 248-111 248-248S393 8 256 8zM124 296c-6.6 0-12-5.4-12-12v-56c0-6.6 5.4-12 12-12h264c6.6 0 12 5.4 12 12v56c0 6.6-5.4 12-12 12H124z\"><\/path><\/svg><\/span>\n\t\t\t<span class='e-closed'><svg aria-hidden=\"true\" class=\"e-font-icon-svg e-fas-plus-circle\" viewBox=\"0 0 512 512\" xmlns=\"http:\/\/www.w3.org\/2000\/svg\"><path d=\"M256 8C119 8 8 119 8 256s111 248 248 248 248-111 248-248S393 8 256 8zm144 276c0 6.6-5.4 12-12 12h-92v92c0 6.6-5.4 12-12 12h-56c-6.6 0-12-5.4-12-12v-92h-92c-6.6 0-12-5.4-12-12v-56c0-6.6 5.4-12 12-12h92v-92c0-6.6 5.4-12 12-12h56c6.6 0 12 5.4 12 12v92h92c6.6 0 12 5.4 12 12v56z\"><\/path><\/svg><\/span>\n\t\t<\/span>\n\n\t\t\t\t\t\t<\/summary>\n\t\t\t\t<div role=\"region\" aria-labelledby=\"e-n-accordion-item-2630\" class=\"elementor-element elementor-element-ebf8e3a e-con-full e-flex e-con e-child\" data-id=\"ebf8e3a\" data-element_type=\"container\" data-e-type=\"container\">\n\t\t\t\t<div class=\"elementor-element elementor-element-c4be942 elementor-widget elementor-widget-text-editor\" data-id=\"c4be942\" data-element_type=\"widget\" data-e-type=\"widget\" data-widget_type=\"text-editor.default\">\n\t\t\t\t\t\t\t\t\t<ol start=\"1\" data-editing-info=\"{\" data-listchain=\"__List_Chain_779\"><li><p>Com CERTIFICADO DIGITAL Pessoa JUR\u00cdDICA clicar no bot\u00e3o \u00a0<a href=\"https:\/\/plataformadigital.sefaz.go.gov.br\/pdp\/\">Plataforma Digital de Processos &#8211; <u>Pessoa Jur\u00eddica<\/u><\/a><\/p><\/li><li><p>Clicar no bot\u00e3o Plataforma Digital de Processos<\/p><\/li><li><p>Clicar em Nova Solicita\u00e7\u00e3o<\/p><\/li><li><p>Clicar em Pr\u00f3prio Contribuinte<\/p><\/li><li><p>Clicar em Jur\u00eddica<\/p><\/li><li><p>Clicar em ICMS<\/p><\/li><li><p>Na tela REQUERIMENTO<\/p><ol start=\"1\"><li><div>Preencher os dados<\/div><\/li><li><div>Baixar o formul\u00e1rio<\/div><\/li><li><div>Clicar no bot\u00e3o Pr\u00f3ximo Passo<\/div><\/li><\/ol><\/li><li><div>Preencher a planilha<\/div><\/li><li><div>Na tela ANEXAR DOCUMENTO<\/div><ol start=\"1\"><li><div>No Item Modelo do Requerimento Preenchido clicar no bot\u00e3o Selecionar Arquivos e enviar o formul\u00e1rio preenchido<\/div><\/li><li><div>Aceitar os termos de consentimento<\/div><\/li><li><div>Clicar no bot\u00e3o FINALIZAR<\/div><\/li><\/ol><\/li><li><div>Acompanhar andamento do processo pelo PDP<\/div><\/li><\/ol>\t\t\t\t\t\t\t\t<\/div>\n\t\t\t\t<\/div>\n\t\t\t\t\t<\/details>\n\t\t\t\t\t<\/div>\n\t\t\t\t\t\t<\/div>\n\t\t\t\t<\/div>\n\t\t<div class=\"elementor-element elementor-element-104c317 e-con-full e-flex e-con e-child\" data-id=\"104c317\" data-element_type=\"container\" data-e-type=\"container\">\n\t\t\t\t<div class=\"elementor-element elementor-element-cbaa5ef elementor-widget elementor-widget-n-accordion\" data-id=\"cbaa5ef\" data-element_type=\"widget\" data-e-type=\"widget\" data-settings=\"{&quot;default_state&quot;:&quot;all_collapsed&quot;,&quot;max_items_expended&quot;:&quot;one&quot;,&quot;n_accordion_animation_duration&quot;:{&quot;unit&quot;:&quot;ms&quot;,&quot;size&quot;:400,&quot;sizes&quot;:[]}}\" data-widget_type=\"nested-accordion.default\">\n\t\t\t\t\t\t\t<div class=\"e-n-accordion\" aria-label=\"Accordion. Open links with Enter or Space, close with Escape, and navigate with Arrow Keys\">\n\t\t\t\t\t\t<details id=\"e-n-accordion-item-2130\" class=\"e-n-accordion-item\" >\n\t\t\t\t<summary class=\"e-n-accordion-item-title\" data-accordion-index=\"1\" tabindex=\"0\" aria-expanded=\"false\" aria-controls=\"e-n-accordion-item-2130\" >\n\t\t\t\t\t<span class='e-n-accordion-item-title-header'><div class=\"e-n-accordion-item-title-text\"> SE REPRESENTANTE LEGAL (PROCURADOR) <\/div><\/span>\n\t\t\t\t\t\t\t<span class='e-n-accordion-item-title-icon'>\n\t\t\t<span class='e-opened' ><svg aria-hidden=\"true\" class=\"e-font-icon-svg e-fas-minus-circle\" viewBox=\"0 0 512 512\" xmlns=\"http:\/\/www.w3.org\/2000\/svg\"><path d=\"M256 8C119 8 8 119 8 256s111 248 248 248 248-111 248-248S393 8 256 8zM124 296c-6.6 0-12-5.4-12-12v-56c0-6.6 5.4-12 12-12h264c6.6 0 12 5.4 12 12v56c0 6.6-5.4 12-12 12H124z\"><\/path><\/svg><\/span>\n\t\t\t<span class='e-closed'><svg aria-hidden=\"true\" class=\"e-font-icon-svg e-fas-plus-circle\" viewBox=\"0 0 512 512\" xmlns=\"http:\/\/www.w3.org\/2000\/svg\"><path d=\"M256 8C119 8 8 119 8 256s111 248 248 248 248-111 248-248S393 8 256 8zm144 276c0 6.6-5.4 12-12 12h-92v92c0 6.6-5.4 12-12 12h-56c-6.6 0-12-5.4-12-12v-92h-92c-6.6 0-12-5.4-12-12v-56c0-6.6 5.4-12 12-12h92v-92c0-6.6 5.4-12 12-12h56c6.6 0 12 5.4 12 12v92h92c6.6 0 12 5.4 12 12v56z\"><\/path><\/svg><\/span>\n\t\t<\/span>\n\n\t\t\t\t\t\t<\/summary>\n\t\t\t\t<div role=\"region\" aria-labelledby=\"e-n-accordion-item-2130\" class=\"elementor-element elementor-element-926f302 e-con-full e-flex e-con e-child\" data-id=\"926f302\" data-element_type=\"container\" data-e-type=\"container\">\n\t\t\t\t<div class=\"elementor-element elementor-element-c20ffdd elementor-widget elementor-widget-text-editor\" data-id=\"c20ffdd\" data-element_type=\"widget\" data-e-type=\"widget\" data-widget_type=\"text-editor.default\">\n\t\t\t\t\t\t\t\t\t<ol start=\"1\" data-editing-info=\"{\" data-listchain=\"__List_Chain_781\"><li><p>Com CERTIFICADO DIGITAL Pessoa F\u00cdSICA clicar no bot\u00e3o <a href=\"https:\/\/portal.sefaz.go.gov.br\/portalsefaz-apps\/\">Plataforma Digital de Processos &#8211; <u>Pessoa F\u00edsica<\/u><\/a><\/p><\/li><li><p>Clicar no bot\u00e3o Plataforma Digital de Processos<\/p><\/li><li><p>Clicar em Nova Solicita\u00e7\u00e3o<\/p><\/li><li><p>Clicar em Pr\u00f3prio Contribuinte<\/p><\/li><li><p>Clicar em F\u00edsica<\/p><\/li><li><p>Clicar em ICMS<\/p><\/li><li><p>Na tela REQUERIMENTO<\/p><ol start=\"1\"><li><div>Preencher os dados<\/div><\/li><li><div>Baixar o formul\u00e1rio<\/div><\/li><li><div>Clicar no bot\u00e3o Pr\u00f3ximo Passo<\/div><\/li><\/ol><\/li><li><div>Preencher a planilha<\/div><\/li><li><div>Na tela REQUERIMENTO<\/div><ol start=\"1\"><li><div>No Item <b>Modelo do Requerimento Preenchido<\/b> clicar no bot\u00e3o Selecionar Arquivos e enviar o formul\u00e1rio preenchido<\/div><\/li><li><div>No Item <b>C\u00f3pia da Procura\u00e7\u00e3o<\/b> clicar no bot\u00e3o Selecionar Arquivos e enviar o formul\u00e1rio preenchido<\/div><\/li><li><div>No Item <b>Se Procurador: <\/b><\/div><ol start=\"1\"><li><div><b>C\u00f3pia autenticada da identifica\u00e7\u00e3o do Procurador, com firma reconhecida<\/b> clicar no bot\u00e3o Selecionar Arquivos e enviar o formul\u00e1rio preenchido<\/div><\/li><li><div><b>\u00daltima altera\u00e7\u00e3o do Contrato Social registrado na JUCEG<\/b> clicar no bot\u00e3o Selecionar Arquivos e enviar o formul\u00e1rio preenchido<\/div><\/li><li><div><b>Certid\u00e3o simplificada da JUCEG\/Cart\u00f3rio, se o Contrato Social tiver mais de seis meses<\/b> clicar no bot\u00e3o Selecionar Arquivos e enviar o formul\u00e1rio preenchido<\/div><\/li><li><div><b>C\u00f3pia autenticada da identifica\u00e7\u00e3o do s\u00f3cio propriet\u00e1rio, com firma reconhecida<\/b> clicar no bot\u00e3o Selecionar Arquivos e enviar o formul\u00e1rio preenchido<\/div><\/li><li><div class=\"x_elementToProof\"><b>C\u00f3pia autenticada do CPF do s\u00f3cio propriet\u00e1rio, <\/b>quando o n\u00famero deste n\u00e3o constar no documento de identifica\u00e7\u00e3o.<\/div><\/li><li><div class=\"x_elementToProof\"><i><u>DOCUMENTOS DE IDENTIFICA\u00c7\u00c3O V\u00c1LIDOS: carteira de identidade ou CNH ou passaporte ou documento emitido por \u00f3rg\u00e3o de classe, dentro do prazo de validade) e CPF, quando o n\u00famero deste n\u00e3o constar no documento de identifica\u00e7\u00e3o; Documento digital de identifica\u00e7\u00e3o: CNH Digital, DNI, RG Digital<\/u><\/i><\/div><\/li><\/ol><\/li><\/ol><\/li><li><div>Aceitar os Termos de Consentimento<\/div><\/li><li><div>Clicar no bot\u00e3o FINALIZAR<\/div><\/li><li><div>Acompanhar andamento do processo pelo PDP<\/div><\/li><\/ol>\t\t\t\t\t\t\t\t<\/div>\n\t\t\t\t<\/div>\n\t\t\t\t\t<\/details>\n\t\t\t\t\t<\/div>\n\t\t\t\t\t\t<\/div>\n\t\t\t\t<\/div>\n\t\t<div class=\"elementor-element elementor-element-3fd05fd e-con-full e-flex e-con e-child\" data-id=\"3fd05fd\" data-element_type=\"container\" data-e-type=\"container\">\n\t\t\t\t<div class=\"elementor-element elementor-element-ae6ae49 elementor-widget elementor-widget-n-accordion\" data-id=\"ae6ae49\" data-element_type=\"widget\" data-e-type=\"widget\" data-settings=\"{&quot;default_state&quot;:&quot;all_collapsed&quot;,&quot;max_items_expended&quot;:&quot;one&quot;,&quot;n_accordion_animation_duration&quot;:{&quot;unit&quot;:&quot;ms&quot;,&quot;size&quot;:400,&quot;sizes&quot;:[]}}\" data-widget_type=\"nested-accordion.default\">\n\t\t\t\t\t\t\t<div class=\"e-n-accordion\" aria-label=\"Accordion. Open links with Enter or Space, close with Escape, and navigate with Arrow Keys\">\n\t\t\t\t\t\t<details id=\"e-n-accordion-item-1820\" class=\"e-n-accordion-item\" >\n\t\t\t\t<summary class=\"e-n-accordion-item-title\" data-accordion-index=\"1\" tabindex=\"0\" aria-expanded=\"false\" aria-controls=\"e-n-accordion-item-1820\" >\n\t\t\t\t\t<span class='e-n-accordion-item-title-header'><div class=\"e-n-accordion-item-title-text\"> SE AUDITOR FISCAL  <\/div><\/span>\n\t\t\t\t\t\t\t<span class='e-n-accordion-item-title-icon'>\n\t\t\t<span class='e-opened' ><svg aria-hidden=\"true\" class=\"e-font-icon-svg e-fas-minus-circle\" viewBox=\"0 0 512 512\" xmlns=\"http:\/\/www.w3.org\/2000\/svg\"><path d=\"M256 8C119 8 8 119 8 256s111 248 248 248 248-111 248-248S393 8 256 8zM124 296c-6.6 0-12-5.4-12-12v-56c0-6.6 5.4-12 12-12h264c6.6 0 12 5.4 12 12v56c0 6.6-5.4 12-12 12H124z\"><\/path><\/svg><\/span>\n\t\t\t<span class='e-closed'><svg aria-hidden=\"true\" class=\"e-font-icon-svg e-fas-plus-circle\" viewBox=\"0 0 512 512\" xmlns=\"http:\/\/www.w3.org\/2000\/svg\"><path d=\"M256 8C119 8 8 119 8 256s111 248 248 248 248-111 248-248S393 8 256 8zm144 276c0 6.6-5.4 12-12 12h-92v92c0 6.6-5.4 12-12 12h-56c-6.6 0-12-5.4-12-12v-92h-92c-6.6 0-12-5.4-12-12v-56c0-6.6 5.4-12 12-12h92v-92c0-6.6 5.4-12 12-12h56c6.6 0 12 5.4 12 12v92h92c6.6 0 12 5.4 12 12v56z\"><\/path><\/svg><\/span>\n\t\t<\/span>\n\n\t\t\t\t\t\t<\/summary>\n\t\t\t\t<div role=\"region\" aria-labelledby=\"e-n-accordion-item-1820\" class=\"elementor-element elementor-element-3fd0959 e-con-full e-flex e-con e-child\" data-id=\"3fd0959\" data-element_type=\"container\" data-e-type=\"container\">\n\t\t\t\t<div class=\"elementor-element elementor-element-d56e5c7 elementor-widget elementor-widget-text-editor\" data-id=\"d56e5c7\" data-element_type=\"widget\" data-e-type=\"widget\" data-widget_type=\"text-editor.default\">\n\t\t\t\t\t\t\t\t\t<ol start=\"1\" data-editing-info=\"{\" data-listchain=\"__List_Chain_780\"><li><p>Com CERTIFICADO DIGITAL Pessoa F\u00cdSICA clicar no bot\u00e3o <a href=\"https:\/\/portal.sefaz.go.gov.br\/portalsefaz-apps\/\">Plataforma Digital de Processos &#8211; <u>Pessoa F\u00edsica<\/u><\/a><\/p><\/li><li><p>Clicar no bot\u00e3o Plataforma Digital de Processos<\/p><\/li><li><p>Clicar em Nova Solicita\u00e7\u00e3o<\/p><\/li><li><p>Clicar em Pr\u00f3prio Contribuinte<\/p><\/li><li><p>Clicar em F\u00edsica<\/p><\/li><li><p>Clicar em ICMS<\/p><\/li><li><p>Na tela REQUERIMENTO<\/p><ol start=\"1\"><li><div>Preencher os dados<\/div><\/li><li><div>Baixar o formul\u00e1rio<\/div><\/li><li><div>Clicar no bot\u00e3o Pr\u00f3ximo Passo<\/div><\/li><\/ol><\/li><li><div>Preencher a planilha<\/div><\/li><li><div>Na tela ANEXAR DOCUMENTO<\/div><ol start=\"1\"><li><div>No Item Modelo do Requerimento Preenchido clicar no bot\u00e3o Selecionar Arquivos e enviar o formul\u00e1rio preenchido<\/div><\/li><li><div>Aceitar os termos de consentimento<\/div><\/li><li><div>Clicar no bot\u00e3o FINALIZAR<\/div><\/li><\/ol><\/li><li><div>Acompanhar andamento do processo pelo PDP<\/div><\/li><\/ol>\t\t\t\t\t\t\t\t<\/div>\n\t\t\t\t<\/div>\n\t\t\t\t\t<\/details>\n\t\t\t\t\t<\/div>\n\t\t\t\t\t\t<\/div>\n\t\t\t\t<\/div>\n\t\t\t\t\t<\/div>\n\t\t\t\t<\/div>\n\t\t<div class=\"elementor-element elementor-element-a9d88fb e-flex e-con-boxed e-con e-parent\" data-id=\"a9d88fb\" data-element_type=\"container\" data-e-type=\"container\">\n\t\t\t\t\t<div class=\"e-con-inner\">\n\t\t\t\t<div class=\"elementor-element elementor-element-908a6eb elementor-widget elementor-widget-text-editor\" data-id=\"908a6eb\" data-element_type=\"widget\" data-e-type=\"widget\" data-widget_type=\"text-editor.default\">\n\t\t\t\t\t\t\t\t\t<p>Se procura Valores de refer\u00eancia do ICMS dos anos anteriores, clique abaixo:<\/p>\t\t\t\t\t\t\t\t<\/div>\n\t\t\t\t<div class=\"elementor-element elementor-element-c07e084 elementor-widget elementor-widget-button\" data-id=\"c07e084\" data-element_type=\"widget\" data-e-type=\"widget\" data-widget_type=\"button.default\">\n\t\t\t\t\t\t\t\t\t\t<a class=\"elementor-button elementor-button-link elementor-size-sm\" href=\"https:\/\/goias.gov.br\/economia\/valores-referenciais-anos-anteriores\/\">\n\t\t\t\t\t\t<span class=\"elementor-button-content-wrapper\">\n\t\t\t\t\t\t<span class=\"elementor-button-icon\">\n\t\t\t\t<svg aria-hidden=\"true\" class=\"e-font-icon-svg e-fas-chalkboard-teacher\" viewBox=\"0 0 640 512\" xmlns=\"http:\/\/www.w3.org\/2000\/svg\"><path d=\"M208 352c-2.39 0-4.78.35-7.06 1.09C187.98 357.3 174.35 360 160 360c-14.35 0-27.98-2.7-40.95-6.91-2.28-.74-4.66-1.09-7.05-1.09C49.94 352-.33 402.48 0 464.62.14 490.88 21.73 512 48 512h224c26.27 0 47.86-21.12 48-47.38.33-62.14-49.94-112.62-112-112.62zm-48-32c53.02 0 96-42.98 96-96s-42.98-96-96-96-96 42.98-96 96 42.98 96 96 96zM592 0H208c-26.47 0-48 22.25-48 49.59V96c23.42 0 45.1 6.78 64 17.8V64h352v288h-64v-64H384v64h-76.24c19.1 16.69 33.12 38.73 39.69 64H592c26.47 0 48-22.25 48-49.59V49.59C640 22.25 618.47 0 592 0z\"><\/path><\/svg>\t\t\t<\/span>\n\t\t\t\t\t\t\t\t\t<span class=\"elementor-button-text\">Valores Referenciais - Anos Anteriores<\/span>\n\t\t\t\t\t<\/span>\n\t\t\t\t\t<\/a>\n\t\t\t\t\t\t\t\t<\/div>\n\t\t\t\t\t<\/div>\n\t\t\t\t<\/div>\n\t\t\t\t<\/div>\n\t\t","protected":false},"excerpt":{"rendered":"<p>Contribuintes goianos submetidos ao regime de Substitui\u00e7\u00e3o Tribut\u00e1ria contam com uma ferramenta moderna para acessar a sua pauta de mercadorias em uma nova plataforma. Agora, todas as pautas, inclusive a de bebidas,\u00a0podem ser consultadas\u00a0no Power BI, ferramenta que permite ampla visualiza\u00e7\u00e3o de dados.\u00a0 No novo modelo est\u00e1 facilitada e mais \u00e1gil a pesquisa de pre\u00e7os [&hellip;]<\/p>\n","protected":false},"author":364,"featured_media":0,"parent":0,"menu_order":0,"comment_status":"closed","ping_status":"closed","template":"","meta":{"footnotes":""},"class_list":["post-39961","page","type-page","status-publish","hentry"],"rttpg_featured_image_url":null,"rttpg_author":{"display_name":"denissilva","author_link":"https:\/\/goias.gov.br\/economia\/author\/denissilva\/"},"rttpg_comment":0,"rttpg_category":null,"rttpg_excerpt":"Contribuintes goianos submetidos ao regime de Substitui\u00e7\u00e3o Tribut\u00e1ria contam com uma ferramenta moderna para acessar a sua pauta de mercadorias em uma nova plataforma. Agora, todas as pautas, inclusive a de bebidas,\u00a0podem ser consultadas\u00a0no Power BI, ferramenta que permite ampla visualiza\u00e7\u00e3o de dados.\u00a0 No novo modelo est\u00e1 facilitada e mais \u00e1gil a pesquisa de pre\u00e7os&hellip;","_links":{"self":[{"href":"https:\/\/goias.gov.br\/economia\/wp-json\/wp\/v2\/pages\/39961","targetHints":{"allow":["GET"]}}],"collection":[{"href":"https:\/\/goias.gov.br\/economia\/wp-json\/wp\/v2\/pages"}],"about":[{"href":"https:\/\/goias.gov.br\/economia\/wp-json\/wp\/v2\/types\/page"}],"author":[{"embeddable":true,"href":"https:\/\/goias.gov.br\/economia\/wp-json\/wp\/v2\/users\/364"}],"replies":[{"embeddable":true,"href":"https:\/\/goias.gov.br\/economia\/wp-json\/wp\/v2\/comments?post=39961"}],"version-history":[{"count":2,"href":"https:\/\/goias.gov.br\/economia\/wp-json\/wp\/v2\/pages\/39961\/revisions"}],"predecessor-version":[{"id":426689,"href":"https:\/\/goias.gov.br\/economia\/wp-json\/wp\/v2\/pages\/39961\/revisions\/426689"}],"wp:attachment":[{"href":"https:\/\/goias.gov.br\/economia\/wp-json\/wp\/v2\/media?parent=39961"}],"curies":[{"name":"wp","href":"https:\/\/api.w.org\/{rel}","templated":true}]}}