

{"id":39108,"date":"2024-03-13T17:02:27","date_gmt":"2024-03-13T20:02:27","guid":{"rendered":"https:\/\/siteshom.goias.gov.br\/economia\/?page_id=39108"},"modified":"2026-02-27T13:09:24","modified_gmt":"2026-02-27T16:09:24","slug":"malha-fiscal-12-autoreg","status":"publish","type":"page","link":"https:\/\/goias.gov.br\/economia\/malha-fiscal-12-autoreg\/","title":{"rendered":"Malha Fiscal 12 &#8211; Autoreg"},"content":{"rendered":"\t\t<div data-elementor-type=\"wp-page\" data-elementor-id=\"39108\" class=\"elementor elementor-39108\">\n\t\t\t\t<div class=\"elementor-element elementor-element-63bed3b e-flex e-con-boxed e-con e-parent\" data-id=\"63bed3b\" data-element_type=\"container\" data-e-type=\"container\">\n\t\t\t\t\t<div class=\"e-con-inner\">\n\t\t\t\t<div class=\"elementor-element elementor-element-6f815ad elementor-widget elementor-widget-image\" data-id=\"6f815ad\" data-element_type=\"widget\" data-e-type=\"widget\" data-widget_type=\"image.default\">\n\t\t\t\t\t\t\t\t\t\t\t\t\t\t\t<img decoding=\"async\" src=\"https:\/\/goias.gov.br\/economia\/wp-content\/uploads\/sites\/45\/2024\/03\/ezgif.com-speed.gif\" title=\"\" alt=\"\" loading=\"lazy\" \/>\t\t\t\t\t\t\t\t\t\t\t\t\t\t\t<\/div>\n\t\t\t\t\t<\/div>\n\t\t\t\t<\/div>\n\t\t<div class=\"elementor-element elementor-element-72eb962 e-flex e-con-boxed e-con e-parent\" data-id=\"72eb962\" data-element_type=\"container\" data-e-type=\"container\">\n\t\t\t\t\t<div class=\"e-con-inner\">\n\t\t<div class=\"elementor-element elementor-element-5243f43 e-con-full e-flex e-con e-child\" data-id=\"5243f43\" data-element_type=\"container\" data-e-type=\"container\">\n\t\t\t\t<div class=\"elementor-element elementor-element-bc3dd4c elementor-widget elementor-widget-shortcode\" data-id=\"bc3dd4c\" data-element_type=\"widget\" data-e-type=\"widget\" data-widget_type=\"shortcode.default\">\n\t\t\t\t\t\t\t<div class=\"elementor-shortcode\"><div data-post-id=\"38449\" class=\"insert-page insert-page-38449 \"><h1 class='insert-page-title'>Malha Fiscal no Autoreg on-line<\/h1><p><span data-contrast=\"auto\">O\u00a0<strong>AutoReg<\/strong>\u00a0disponibiliza, de forma on-line, a consulta e a regulariza\u00e7\u00e3o de todas as <strong>Malhas Fiscais<\/strong> destinadas aos contribuintes que receberam comunicado enviado pela Receita Estadual.<\/span><span data-ccp-props=\"{&quot;134233117&quot;:true,&quot;134233118&quot;:true,&quot;201341983&quot;:0,&quot;335559740&quot;:240}\">\u00a0<\/span><\/p>\n<p><span data-contrast=\"auto\">Os comunicados s\u00e3o encaminhados pelo <strong>Domic\u00edlio Tribut\u00e1rio Eletr\u00f4nico (DTE)<\/strong>. \u00c9 essencial verificar a Caixa de Mensagens regularmente para evitar perda de prazos.<\/span><span data-ccp-props=\"{&quot;134233117&quot;:true,&quot;134233118&quot;:true,&quot;201341983&quot;:0,&quot;335559740&quot;:240}\">\u00a0<\/span><\/p>\n<p><span data-contrast=\"auto\">Para acessar os servi\u00e7os restritos, \u00e9 necess\u00e1rio utilizar o certificado digital e-CNPJ (pessoas jur\u00eddicas) ou o e-CPF para produtores e extratores. Contadores podem acessar pelo <strong>Portal de Aplica\u00e7\u00f5es<\/strong>, com\u00a0login\u00a0e senha, ou com o certificado e-CPF do respons\u00e1vel t\u00e9cnico.<\/span><span data-ccp-props=\"{&quot;134233117&quot;:true,&quot;134233118&quot;:true,&quot;201341983&quot;:0,&quot;335559740&quot;:240}\">\u00a0<\/span><\/p>\n<p><b><span data-contrast=\"auto\">Observa\u00e7\u00e3o:<\/span><\/b><span data-contrast=\"auto\">\u00a0comunicados antigos que ainda orientam atendimento pela PDP permanecem v\u00e1lidos e devem seguir o fluxo original at\u00e9 nova atualiza\u00e7\u00e3o.<\/span><span data-ccp-props=\"{&quot;134233117&quot;:true,&quot;134233118&quot;:true,&quot;201341983&quot;:0,&quot;335559740&quot;:240}\">\u00a0<\/span><\/p>\n<p><b><span data-contrast=\"auto\">Durante o per\u00edodo de migra\u00e7\u00e3o das malhas para o\u00a0AutoReg, prevalece sempre a orienta\u00e7\u00e3o constante no comunicado recebido pelo contribuinte.<\/span><\/b><span data-ccp-props=\"{&quot;134233117&quot;:true,&quot;134233118&quot;:true,&quot;201341983&quot;:0,&quot;335559740&quot;:240}\">\u00a0<\/span><\/p>\n<ul class='post-meta'>\n<li><span class='post-meta-key'>tpg-post-view-count:<\/span> 733<\/li>\n<li><span class='post-meta-key'>rank_math_analytic_object_id:<\/span> 147<\/li>\n<li><span class='post-meta-key'>rank_math_internal_links_processed:<\/span> 1<\/li>\n<\/ul>\n<\/div><\/div>\n\t\t\t\t\t\t<\/div>\n\t\t\t\t<\/div>\n\t\t<div class=\"elementor-element elementor-element-2e39787 e-con-full e-flex e-con e-child\" data-id=\"2e39787\" data-element_type=\"container\" data-e-type=\"container\">\n\t\t\t\t<div class=\"elementor-element elementor-element-b699bab elementor-widget elementor-widget-heading\" data-id=\"b699bab\" data-element_type=\"widget\" data-e-type=\"widget\" data-widget_type=\"heading.default\">\n\t\t\t\t\t<h3 class=\"elementor-heading-title elementor-size-default\">Saiba Mais<\/h3>\t\t\t\t<\/div>\n\t\t\t\t<div class=\"elementor-element elementor-element-48f01d7 elementor-align-justify elementor-widget elementor-widget-button\" data-id=\"48f01d7\" data-element_type=\"widget\" data-e-type=\"widget\" data-widget_type=\"button.default\">\n\t\t\t\t\t\t\t\t\t\t<a class=\"elementor-button elementor-button-link elementor-size-sm\" href=\"\/economia\/e-parcelamento\/%20\" target=\"_blank\">\n\t\t\t\t\t\t<span class=\"elementor-button-content-wrapper\">\n\t\t\t\t\t\t\t\t\t<span class=\"elementor-button-text\">E-Parcelamento<\/span>\n\t\t\t\t\t<\/span>\n\t\t\t\t\t<\/a>\n\t\t\t\t\t\t\t\t<\/div>\n\t\t\t\t<div class=\"elementor-element elementor-element-345e6fc elementor-align-justify elementor-widget elementor-widget-button\" data-id=\"345e6fc\" data-element_type=\"widget\" data-e-type=\"widget\" data-widget_type=\"button.default\">\n\t\t\t\t\t\t\t\t\t\t<a class=\"elementor-button elementor-button-link elementor-size-sm\" href=\"\/economia\/e-parcelamento\/\" target=\"_blank\">\n\t\t\t\t\t\t<span class=\"elementor-button-content-wrapper\">\n\t\t\t\t\t\t\t\t\t<span class=\"elementor-button-text\">Parcelamento dos d\u00e9bitos via Web<\/span>\n\t\t\t\t\t<\/span>\n\t\t\t\t\t<\/a>\n\t\t\t\t\t\t\t\t<\/div>\n\t\t\t\t<div class=\"elementor-element elementor-element-3a72b4a elementor-align-justify elementor-widget elementor-widget-button\" data-id=\"3a72b4a\" data-element_type=\"widget\" data-e-type=\"widget\" data-widget_type=\"button.default\">\n\t\t\t\t\t\t\t\t\t\t<a class=\"elementor-button elementor-button-link elementor-size-sm\" href=\"\/economia\/notas-tecnicas\/\" target=\"_blank\">\n\t\t\t\t\t\t<span class=\"elementor-button-content-wrapper\">\n\t\t\t\t\t\t\t\t\t<span class=\"elementor-button-text\">Notas T\u00e9cnicas<\/span>\n\t\t\t\t\t<\/span>\n\t\t\t\t\t<\/a>\n\t\t\t\t\t\t\t\t<\/div>\n\t\t\t\t<div class=\"elementor-element elementor-element-9547292 elementor-align-justify elementor-widget elementor-widget-button\" data-id=\"9547292\" data-element_type=\"widget\" data-e-type=\"widget\" data-widget_type=\"button.default\">\n\t\t\t\t\t\t\t\t\t\t<a class=\"elementor-button elementor-button-link elementor-size-sm\" href=\"\/economia\/perguntas-e-respostas-8\/\" target=\"_blank\">\n\t\t\t\t\t\t<span class=\"elementor-button-content-wrapper\">\n\t\t\t\t\t\t\t\t\t<span class=\"elementor-button-text\">Perguntas e Respostas<\/span>\n\t\t\t\t\t<\/span>\n\t\t\t\t\t<\/a>\n\t\t\t\t\t\t\t\t<\/div>\n\t\t\t\t<div class=\"elementor-element elementor-element-268d789 elementor-align-justify elementor-widget elementor-widget-button\" data-id=\"268d789\" data-element_type=\"widget\" data-e-type=\"widget\" data-widget_type=\"button.default\">\n\t\t\t\t\t\t\t\t\t\t<a class=\"elementor-button elementor-button-link elementor-size-sm\" href=\"\/economia\/legislacao-9\/\" target=\"_blank\">\n\t\t\t\t\t\t<span class=\"elementor-button-content-wrapper\">\n\t\t\t\t\t\t\t\t\t<span class=\"elementor-button-text\">Legisla\u00e7\u00e3o<\/span>\n\t\t\t\t\t<\/span>\n\t\t\t\t\t<\/a>\n\t\t\t\t\t\t\t\t<\/div>\n\t\t\t\t<\/div>\n\t\t\t\t\t<\/div>\n\t\t\t\t<\/div>\n\t\t<div class=\"elementor-element elementor-element-fd2ad78 e-flex e-con-boxed e-con e-parent\" data-id=\"fd2ad78\" data-element_type=\"container\" data-e-type=\"container\">\n\t\t\t\t\t<div class=\"e-con-inner\">\n\t\t<div class=\"elementor-element elementor-element-50cff0c e-con-full e-flex e-con e-child\" data-id=\"50cff0c\" data-element_type=\"container\" data-e-type=\"container\">\n\t\t\t\t<div class=\"elementor-element elementor-element-c458e2e elementor-widget elementor-widget-image\" data-id=\"c458e2e\" data-element_type=\"widget\" data-e-type=\"widget\" data-widget_type=\"image.default\">\n\t\t\t\t\t\t\t\t\t\t\t\t\t\t\t\t<a href=\"https:\/\/amp.sefaz.go.gov.br\/amp\/\" target=\"_blank\">\n\t\t\t\t\t\t\t<img decoding=\"async\" src=\"https:\/\/goias.gov.br\/economia\/wp-content\/uploads\/sites\/45\/2024\/03\/265x100-2.png\" title=\"\" alt=\"\" loading=\"lazy\" \/>\t\t\t\t\t\t\t\t<\/a>\n\t\t\t\t\t\t\t\t\t\t\t\t\t\t\t<\/div>\n\t\t\t\t<\/div>\n\t\t<div class=\"elementor-element elementor-element-45cb296 e-con-full e-flex e-con e-child\" data-id=\"45cb296\" data-element_type=\"container\" data-e-type=\"container\">\n\t\t\t\t<div class=\"elementor-element elementor-element-86382fe elementor-widget elementor-widget-image\" data-id=\"86382fe\" data-element_type=\"widget\" data-e-type=\"widget\" data-widget_type=\"image.default\">\n\t\t\t\t\t\t\t\t\t\t\t\t\t\t\t\t<a href=\"https:\/\/plataformadigital.sefaz.go.gov.br\/amp\/\" target=\"_blank\">\n\t\t\t\t\t\t\t<img decoding=\"async\" width=\"265\" height=\"100\" src=\"https:\/\/goias.gov.br\/economia\/wp-content\/uploads\/sites\/45\/2026\/02\/BANNER-AUTOREG-02-265x100-2.png\" class=\"attachment-large size-large wp-image-422883\" alt=\"\" \/>\t\t\t\t\t\t\t\t<\/a>\n\t\t\t\t\t\t\t\t\t\t\t\t\t\t\t<\/div>\n\t\t\t\t<\/div>\n\t\t<div class=\"elementor-element elementor-element-4976ce1 e-con-full e-flex e-con e-child\" data-id=\"4976ce1\" data-element_type=\"container\" data-e-type=\"container\">\n\t\t\t\t<\/div>\n\t\t\t\t\t<\/div>\n\t\t\t\t<\/div>\n\t\t<div class=\"elementor-element elementor-element-edf0b46 e-flex e-con-boxed e-con e-parent\" data-id=\"edf0b46\" data-element_type=\"container\" data-e-type=\"container\">\n\t\t\t\t\t<div class=\"e-con-inner\">\n\t\t<div class=\"elementor-element elementor-element-c5b00f3 e-con-full e-flex e-con e-child\" data-id=\"c5b00f3\" data-element_type=\"container\" data-e-type=\"container\">\n\t\t\t\t<div class=\"elementor-element elementor-element-0bd04e6 elementor-widget elementor-widget-image\" data-id=\"0bd04e6\" data-element_type=\"widget\" data-e-type=\"widget\" data-widget_type=\"image.default\">\n\t\t\t\t\t\t\t\t\t\t\t\t\t\t\t\t<a href=\"\/economia\/autorr-valores-malhas\/\" target=\"_blank\">\n\t\t\t\t\t\t\t<img decoding=\"async\" src=\"https:\/\/goias.gov.br\/economia\/wp-content\/uploads\/sites\/45\/2025\/11\/valores-malha.png\" title=\"\" alt=\"\" loading=\"lazy\" \/>\t\t\t\t\t\t\t\t<\/a>\n\t\t\t\t\t\t\t\t\t\t\t\t\t\t\t<\/div>\n\t\t\t\t<\/div>\n\t\t<div class=\"elementor-element elementor-element-ca8fdd2 e-con-full e-flex e-con e-child\" data-id=\"ca8fdd2\" data-element_type=\"container\" data-e-type=\"container\">\n\t\t\t\t<div class=\"elementor-element elementor-element-84ec41a elementor-widget elementor-widget-image\" data-id=\"84ec41a\" data-element_type=\"widget\" data-e-type=\"widget\" data-widget_type=\"image.default\">\n\t\t\t\t\t\t\t\t\t\t\t\t\t\t\t\t<a href=\"https:\/\/goias.gov.br\/economia\/manuais-do-usuario\/\" target=\"_blank\">\n\t\t\t\t\t\t\t<img decoding=\"async\" src=\"https:\/\/goias.gov.br\/economia\/wp-content\/uploads\/sites\/45\/2024\/03\/banner_10-1.png\" title=\"\" alt=\"\" loading=\"lazy\" \/>\t\t\t\t\t\t\t\t<\/a>\n\t\t\t\t\t\t\t\t\t\t\t\t\t\t\t<\/div>\n\t\t\t\t<\/div>\n\t\t<div class=\"elementor-element elementor-element-adfe93e e-con-full e-flex e-con e-child\" data-id=\"adfe93e\" data-element_type=\"container\" data-e-type=\"container\">\n\t\t\t\t<\/div>\n\t\t\t\t\t<\/div>\n\t\t\t\t<\/div>\n\t\t\t\t<\/div>\n\t\t","protected":false},"excerpt":{"rendered":"<p>Saiba Mais E-Parcelamento Parcelamento dos d\u00e9bitos via Web Notas T\u00e9cnicas Perguntas e Respostas Legisla\u00e7\u00e3o<\/p>\n","protected":false},"author":1,"featured_media":0,"parent":0,"menu_order":0,"comment_status":"closed","ping_status":"closed","template":"wppb_theme_template","meta":{"footnotes":""},"class_list":["post-39108","page","type-page","status-publish","hentry"],"rttpg_featured_image_url":null,"rttpg_author":{"display_name":"wagner.viana","author_link":"https:\/\/goias.gov.br\/economia\/author\/wagner-viana\/"},"rttpg_comment":0,"rttpg_category":"","rttpg_excerpt":"Saiba Mais E-Parcelamento Parcelamento dos d\u00e9bitos via Web Notas T\u00e9cnicas Perguntas e Respostas Legisla\u00e7\u00e3o","_links":{"self":[{"href":"https:\/\/goias.gov.br\/economia\/wp-json\/wp\/v2\/pages\/39108","targetHints":{"allow":["GET"]}}],"collection":[{"href":"https:\/\/goias.gov.br\/economia\/wp-json\/wp\/v2\/pages"}],"about":[{"href":"https:\/\/goias.gov.br\/economia\/wp-json\/wp\/v2\/types\/page"}],"author":[{"embeddable":true,"href":"https:\/\/goias.gov.br\/economia\/wp-json\/wp\/v2\/users\/1"}],"replies":[{"embeddable":true,"href":"https:\/\/goias.gov.br\/economia\/wp-json\/wp\/v2\/comments?post=39108"}],"version-history":[{"count":2,"href":"https:\/\/goias.gov.br\/economia\/wp-json\/wp\/v2\/pages\/39108\/revisions"}],"predecessor-version":[{"id":422989,"href":"https:\/\/goias.gov.br\/economia\/wp-json\/wp\/v2\/pages\/39108\/revisions\/422989"}],"wp:attachment":[{"href":"https:\/\/goias.gov.br\/economia\/wp-json\/wp\/v2\/media?parent=39108"}],"curies":[{"name":"wp","href":"https:\/\/api.w.org\/{rel}","templated":true}]}}