

{"id":39101,"date":"2024-03-13T16:42:49","date_gmt":"2024-03-13T19:42:49","guid":{"rendered":"https:\/\/siteshom.goias.gov.br\/economia\/?page_id=39101"},"modified":"2026-03-26T10:27:37","modified_gmt":"2026-03-26T13:27:37","slug":"portal-de-autorregularizacao","status":"publish","type":"page","link":"https:\/\/goias.gov.br\/economia\/portal-de-autorregularizacao\/","title":{"rendered":"PORTAL DE AUTORREGULARIZA\u00c7\u00c3O"},"content":{"rendered":"\t\t<div data-elementor-type=\"wp-page\" data-elementor-id=\"39101\" class=\"elementor elementor-39101\">\n\t\t\t\t<div class=\"elementor-element elementor-element-28c9efc e-flex e-con-boxed e-con e-parent\" data-id=\"28c9efc\" data-element_type=\"container\" data-e-type=\"container\">\n\t\t\t\t\t<div class=\"e-con-inner\">\n\t\t\t\t\t<\/div>\n\t\t\t\t<\/div>\n\t\t<div class=\"elementor-element elementor-element-5f2a8ae e-flex e-con-boxed e-con e-parent\" data-id=\"5f2a8ae\" data-element_type=\"container\" data-e-type=\"container\">\n\t\t\t\t\t<div class=\"e-con-inner\">\n\t\t\t\t<div class=\"elementor-element elementor-element-31651b1 elementor-widget elementor-widget-shortcode\" data-id=\"31651b1\" data-element_type=\"widget\" data-e-type=\"widget\" data-widget_type=\"shortcode.default\">\n\t\t\t\t\t\t\t<div class=\"elementor-shortcode\"><div data-post-id=\"38448\" class=\"insert-page insert-page-38448 \"><p><span data-contrast=\"auto\">A Secretaria da Economia de Goi\u00e1s ampliou os servi\u00e7os de\u00a0Autorregulariza\u00e7\u00e3o\u00a0destinados aos contribuintes do ICMS, oferecendo atendimento totalmente on-line por meio do Sistema\u00a0AutoReg.<\/span><span data-ccp-props=\"{&quot;134233117&quot;:true,&quot;134233118&quot;:true,&quot;201341983&quot;:0,&quot;335559740&quot;:240}\">\u00a0<\/span><\/p>\n<p><span data-contrast=\"auto\">A partir dos comunicados emitidos em dezembro de 2025, todo o atendimento referente \u00e0s Malhas Fiscais passa a ser realizado exclusivamente pelo\u00a0AutoReg\u00a0on-line.<\/span><span data-ccp-props=\"{&quot;134233117&quot;:true,&quot;134233118&quot;:true,&quot;201341983&quot;:0,&quot;335559740&quot;:240}\">\u00a0<\/span><\/p>\n<p><span data-contrast=\"auto\">Os comunicados antigos, que ainda indicam atendimento pela Plataforma Digital de Processos (PDP), permanecem v\u00e1lidos e devem seguir as orienta\u00e7\u00f5es originalmente informadas.<\/span><span data-ccp-props=\"{&quot;134233117&quot;:true,&quot;134233118&quot;:true,&quot;201341983&quot;:0,&quot;335559740&quot;:240}\">\u00a0<\/span><\/p>\n<p><b><span data-contrast=\"auto\">Importante:<\/span><\/b><span data-contrast=\"auto\">\u00a0siga a orienta\u00e7\u00e3o do comunicado recebido, pois algumas malhas est\u00e3o em fase de migra\u00e7\u00e3o para o\u00a0AutoReg\u00a0on-line. Em caso de d\u00favida, prevalece sempre o fluxo descrito no comunicado enviado ao contribuinte.<\/span><span data-ccp-props=\"{&quot;134233117&quot;:true,&quot;134233118&quot;:true,&quot;201341983&quot;:0,&quot;335559740&quot;:240}\">\u00a0<\/span><\/p>\n<p><span data-contrast=\"auto\">O\u00a0AutoReg\u00a0foi desenvolvido para simplificar o atendimento e ampliar os canais de comunica\u00e7\u00e3o com a Receita Estadual. Por meio dele, \u00e9 poss\u00edvel emitir DARE das malhas, solicitar parcelamentos e apresentar justificativas das irregularidades detectadas, sem necessidade de atendimento presencial.<\/span><span data-ccp-props=\"{&quot;134233117&quot;:true,&quot;134233118&quot;:true,&quot;201341983&quot;:0,&quot;335559740&quot;:240}\">\u00a0<\/span><\/p>\n<p><span data-contrast=\"auto\">Para acessar os servi\u00e7os, \u00e9 necess\u00e1rio utilizar o certificado digital e-CNPJ do contribuinte (pessoas jur\u00eddicas). Contadores podem acessar pelo Portal de Aplica\u00e7\u00f5es, com\u00a0login\u00a0e senha, ou com o certificado e-CPF do respons\u00e1vel.<\/span><span data-ccp-props=\"{&quot;134233117&quot;:true,&quot;134233118&quot;:true,&quot;201341983&quot;:0,&quot;335559740&quot;:240}\">\u00a0<\/span><\/p>\n<p><span data-contrast=\"auto\">D\u00favidas sobre o comunicado recebido ou sobre a malha fiscal podem ser enviadas para:<\/span><span data-ccp-props=\"{&quot;134233117&quot;:true,&quot;134233118&quot;:true,&quot;201341983&quot;:0,&quot;335559740&quot;:240}\">\u00a0<\/span><strong><a style=\"font-size: revert; font-family: -apple-system, BlinkMacSystemFont, 'Segoe UI', Roboto, Oxygen-Sans, Ubuntu, Cantarell, 'Helvetica Neue', sans-serif;\" href=\"mailto:autorregularizacao.economia@goias.gov.br\">autorregularizacao.economia@goias.gov.br<\/a><\/strong><\/p>\n<\/div><\/div>\n\t\t\t\t\t\t<\/div>\n\t\t\t\t\t<\/div>\n\t\t\t\t<\/div>\n\t\t<div class=\"elementor-element elementor-element-3d56a01 e-flex e-con-boxed e-con e-parent\" data-id=\"3d56a01\" data-element_type=\"container\" data-e-type=\"container\">\n\t\t\t\t\t<div class=\"e-con-inner\">\n\t\t<div class=\"elementor-element elementor-element-cf18494 e-con-full e-flex e-con e-child\" data-id=\"cf18494\" data-element_type=\"container\" data-e-type=\"container\">\n\t\t\t\t<div class=\"elementor-element elementor-element-0783992 elementor-widget elementor-widget-image\" data-id=\"0783992\" data-element_type=\"widget\" data-e-type=\"widget\" data-widget_type=\"image.default\">\n\t\t\t\t\t\t\t\t\t\t\t\t\t\t\t\t<a href=\"\/economia\/malha-fiscal-12-autoreg\/\" target=\"_blank\">\n\t\t\t\t\t\t\t<img decoding=\"async\" src=\"https:\/\/goias.gov.br\/economia\/wp-content\/uploads\/sites\/45\/2025\/11\/ar.png\" title=\"\" alt=\"\" loading=\"lazy\" \/>\t\t\t\t\t\t\t\t<\/a>\n\t\t\t\t\t\t\t\t\t\t\t\t\t\t\t<\/div>\n\t\t\t\t<\/div>\n\t\t<div class=\"elementor-element elementor-element-61fe29b e-con-full e-flex e-con e-child\" data-id=\"61fe29b\" data-element_type=\"container\" data-e-type=\"container\">\n\t\t\t\t<div class=\"elementor-element elementor-element-81d2183 elementor-widget elementor-widget-image\" data-id=\"81d2183\" data-element_type=\"widget\" data-e-type=\"widget\" data-widget_type=\"image.default\">\n\t\t\t\t\t\t\t\t\t\t\t\t\t\t\t\t<a href=\"https:\/\/goias.gov.br\/economia\/solicitar-parcelamento\/\" target=\"_blank\">\n\t\t\t\t\t\t\t<img decoding=\"async\" src=\"https:\/\/goias.gov.br\/economia\/wp-content\/uploads\/sites\/45\/2025\/11\/pdp.png\" title=\"\" alt=\"\" loading=\"lazy\" \/>\t\t\t\t\t\t\t\t<\/a>\n\t\t\t\t\t\t\t\t\t\t\t\t\t\t\t<\/div>\n\t\t\t\t<\/div>\n\t\t\t\t\t<\/div>\n\t\t\t\t<\/div>\n\t\t<div class=\"elementor-element elementor-element-a45cf5f e-flex e-con-boxed e-con e-parent\" data-id=\"a45cf5f\" data-element_type=\"container\" data-e-type=\"container\">\n\t\t\t\t\t<div class=\"e-con-inner\">\n\t\t\t\t<div class=\"elementor-element elementor-element-e4121e4 elementor-widget__width-initial elementor-widget elementor-widget-text-editor\" data-id=\"e4121e4\" data-element_type=\"widget\" data-e-type=\"widget\" data-widget_type=\"text-editor.default\">\n\t\t\t\t\t\t\t\t\t<center><iframe title=\"YouTube video player\" src=\"https:\/\/www.youtube.com\/embed\/UZC9qfrv11k?si=c7EpJxhlGsoFIyDw\" width=\"560\" height=\"315\" frameborder=\"0\" allowfullscreen=\"allowfullscreen\" data-mce-fragment=\"1\"><\/iframe><\/center>\t\t\t\t\t\t\t\t<\/div>\n\t\t\t\t\t<\/div>\n\t\t\t\t<\/div>\n\t\t\t\t<\/div>\n\t\t","protected":false},"excerpt":{"rendered":"","protected":false},"author":1,"featured_media":0,"parent":0,"menu_order":0,"comment_status":"closed","ping_status":"closed","template":"","meta":{"footnotes":""},"class_list":["post-39101","page","type-page","status-publish","hentry"],"rttpg_featured_image_url":null,"rttpg_author":{"display_name":"wagner.viana","author_link":"https:\/\/goias.gov.br\/economia\/author\/wagner-viana\/"},"rttpg_comment":0,"rttpg_category":"","rttpg_excerpt":null,"_links":{"self":[{"href":"https:\/\/goias.gov.br\/economia\/wp-json\/wp\/v2\/pages\/39101","targetHints":{"allow":["GET"]}}],"collection":[{"href":"https:\/\/goias.gov.br\/economia\/wp-json\/wp\/v2\/pages"}],"about":[{"href":"https:\/\/goias.gov.br\/economia\/wp-json\/wp\/v2\/types\/page"}],"author":[{"embeddable":true,"href":"https:\/\/goias.gov.br\/economia\/wp-json\/wp\/v2\/users\/1"}],"replies":[{"embeddable":true,"href":"https:\/\/goias.gov.br\/economia\/wp-json\/wp\/v2\/comments?post=39101"}],"version-history":[{"count":2,"href":"https:\/\/goias.gov.br\/economia\/wp-json\/wp\/v2\/pages\/39101\/revisions"}],"predecessor-version":[{"id":438604,"href":"https:\/\/goias.gov.br\/economia\/wp-json\/wp\/v2\/pages\/39101\/revisions\/438604"}],"wp:attachment":[{"href":"https:\/\/goias.gov.br\/economia\/wp-json\/wp\/v2\/media?parent=39101"}],"curies":[{"name":"wp","href":"https:\/\/api.w.org\/{rel}","templated":true}]}}