

{"id":39098,"date":"2024-03-13T16:25:56","date_gmt":"2024-03-13T19:25:56","guid":{"rendered":"https:\/\/siteshom.goias.gov.br\/economia\/?page_id=39098"},"modified":"2026-03-23T10:02:12","modified_gmt":"2026-03-23T13:02:12","slug":"notificacao-fiscal-do-ipva","status":"publish","type":"page","link":"https:\/\/goias.gov.br\/economia\/notificacao-fiscal-do-ipva\/","title":{"rendered":"Notifica\u00e7\u00e3o Fiscal do IPVA"},"content":{"rendered":"\t\t<div data-elementor-type=\"wp-page\" data-elementor-id=\"39098\" class=\"elementor elementor-39098\">\n\t\t\t\t<div class=\"elementor-element elementor-element-483017b e-flex e-con-boxed e-con e-parent\" data-id=\"483017b\" data-element_type=\"container\" data-e-type=\"container\">\n\t\t\t\t\t<div class=\"e-con-inner\">\n\t\t\t\t<div class=\"elementor-element elementor-element-f1797ef elementor-widget elementor-widget-shortcode\" data-id=\"f1797ef\" data-element_type=\"widget\" data-e-type=\"widget\" data-widget_type=\"shortcode.default\">\n\t\t\t\t\t\t\t<div class=\"elementor-shortcode\"><div data-post-id=\"38405\" class=\"insert-page insert-page-38405 \"><h1 class='insert-page-title'>Notifica\u00e7\u00e3o Fiscal Sobre IPVA<\/h1><p>Este servi\u00e7o se trata de quem recebeu a NOTIFICA\u00c7\u00c3O FISCAL. Leia todos os\u00a0t\u00f3picos abaixo, n\u00e3o tendo\u00a0mais d\u00favidas, clique no bot\u00e3o &#8220;<strong>Emiss\u00e3o do Dare do Primeiro Ano&#8221;<\/strong>, para gerar o DARE \u00e9 necess\u00e1rio\u00a0informar a PLACA e o RENAVAM especificados na Notifica\u00e7\u00e3o Fiscal.<\/p>\n<p><strong>ATEN\u00c7\u00c3O<\/strong>: n\u00e3o utilize o link de pagamento abaixo se o prazo de 10(dez) dias estiver expirado. Se isto ocorreu, siga as orienta\u00e7\u00f5es do t\u00f3pico &#8220;<strong>NORMA DA CONTAGEM DO PRAZO DE PAGAMENTO&#8221;<\/strong><\/p>\n<p style=\"text-align: center;\"><a class=\"btn btn-success\" title=\"Informe a Placa e o Renavam\" href=\"https:\/\/appasp.economia.go.gov.br\/NETACCESS\/IPVA\/emissao\/default.asp\">Emiss\u00e3o do DARE do Primeiro Ano<\/a><\/p>\n<p>Caso discorde da cobran\u00e7a, clique em\u00a0<a href=\"\/economia\/como-atender-uma-notificacao-fiscal-da-gerencia-do-ipva-gipva\/\">APRESENTAR RECURSO<\/a>, mas <strong>ATEN\u00c7\u00c3O<\/strong>: a contesta\u00e7\u00e3o n\u00e3o interromper\u00e1 o prazo de pagamento de 10 (dez) dias.<\/p>\n<ul class='post-meta'>\n<li><span class='post-meta-key'>tpg-post-view-count:<\/span> 1089<\/li>\n<li><span class='post-meta-key'>rank_math_seo_score:<\/span> 17<\/li>\n<li><span class='post-meta-key'>rank_math_analytic_object_id:<\/span> 171<\/li>\n<li><span class='post-meta-key'>rank_math_internal_links_processed:<\/span> 1<\/li>\n<\/ul>\n<\/div><\/div>\n\t\t\t\t\t\t<\/div>\n\t\t\t\t<div class=\"elementor-element elementor-element-b1ca4dc elementor-widget elementor-widget-n-accordion\" data-id=\"b1ca4dc\" data-element_type=\"widget\" data-e-type=\"widget\" data-settings=\"{&quot;default_state&quot;:&quot;all_collapsed&quot;,&quot;max_items_expended&quot;:&quot;one&quot;,&quot;n_accordion_animation_duration&quot;:{&quot;unit&quot;:&quot;ms&quot;,&quot;size&quot;:400,&quot;sizes&quot;:[]}}\" data-widget_type=\"nested-accordion.default\">\n\t\t\t\t\t\t\t<div class=\"e-n-accordion\" aria-label=\"Accordion. Open links with Enter or Space, close with Escape, and navigate with Arrow Keys\">\n\t\t\t\t\t\t<details id=\"e-n-accordion-item-1860\" class=\"e-n-accordion-item\" >\n\t\t\t\t<summary class=\"e-n-accordion-item-title\" data-accordion-index=\"1\" tabindex=\"0\" aria-expanded=\"false\" aria-controls=\"e-n-accordion-item-1860\" >\n\t\t\t\t\t<span class='e-n-accordion-item-title-header'><div class=\"e-n-accordion-item-title-text\"> NORMAS DO BENEF\u00cdCIO FISCAL <\/div><\/span>\n\t\t\t\t\t\t\t<span class='e-n-accordion-item-title-icon'>\n\t\t\t<span class='e-opened' ><svg aria-hidden=\"true\" class=\"e-font-icon-svg e-fas-angle-down\" viewBox=\"0 0 320 512\" xmlns=\"http:\/\/www.w3.org\/2000\/svg\"><path d=\"M143 352.3L7 216.3c-9.4-9.4-9.4-24.6 0-33.9l22.6-22.6c9.4-9.4 24.6-9.4 33.9 0l96.4 96.4 96.4-96.4c9.4-9.4 24.6-9.4 33.9 0l22.6 22.6c9.4 9.4 9.4 24.6 0 33.9l-136 136c-9.2 9.4-24.4 9.4-33.8 0z\"><\/path><\/svg><\/span>\n\t\t\t<span class='e-closed'><svg aria-hidden=\"true\" class=\"e-font-icon-svg e-fas-angle-right\" viewBox=\"0 0 256 512\" xmlns=\"http:\/\/www.w3.org\/2000\/svg\"><path d=\"M224.3 273l-136 136c-9.4 9.4-24.6 9.4-33.9 0l-22.6-22.6c-9.4-9.4-9.4-24.6 0-33.9l96.4-96.4-96.4-96.4c-9.4-9.4-9.4-24.6 0-33.9L54.3 103c9.4-9.4 24.6-9.4 33.9 0l136 136c9.5 9.4 9.5 24.6.1 34z\"><\/path><\/svg><\/span>\n\t\t<\/span>\n\n\t\t\t\t\t\t<\/summary>\n\t\t\t\t<div role=\"region\" aria-labelledby=\"e-n-accordion-item-1860\" class=\"elementor-element elementor-element-aa35901 e-con-full e-flex e-con e-child\" data-id=\"aa35901\" data-element_type=\"container\" data-e-type=\"container\">\n\t\t\t\t<div class=\"elementor-element elementor-element-31f6207 elementor-widget elementor-widget-text-editor\" data-id=\"31f6207\" data-element_type=\"widget\" data-e-type=\"widget\" data-widget_type=\"text-editor.default\">\n\t\t\t\t\t\t\t\t\t<p>A Lei 11.651\/91 &#8211; C\u00f3digo tribut\u00e1rio do Estado de Goi\u00e1s, especifica claramente o momento do Fato Gerador do IPVA e suas isen\u00e7\u00f5es.<\/p><p style=\"padding-left: 40px;\"><em>LEI N\u00ba 11.651, DE 26 DE DEZEMBRO DE 1991C\u00f3digo Tribut\u00e1rio do Estado de Goi\u00e1s<\/em><\/p><p style=\"padding-left: 40px;\"><em><a href=\"https:\/\/appasp.economia.go.gov.br\/legislacao\/arquivos\/Cte\/CTE.htm#a91\">Art. 91.<\/a><\/em><em>\u00a0Ocorre o\u00a0<strong>fato gerador<\/strong>\u00a0do IPVA:<\/em><\/p><ol><li style=\"list-style-type: none;\"><ol style=\"list-style-type: upper-roman;\"><li><em>na data da\u00a0<strong>primeira aquisi\u00e7\u00e3o<\/strong>\u00a0do ve\u00edculo novo por\u00a0<strong>consumidor final<\/strong>;<\/em><\/li><li><em>na data do desembara\u00e7o aduaneiro, em rela\u00e7\u00e3o a ve\u00edculo importado do exterior, diretamente ou por meio de \u201ctrading\u201d, por consumidor final;<\/em><\/li><li><em>na data da\u00a0<strong>incorpora\u00e7\u00e3o de ve\u00edculo ao ativo permanente<\/strong>\u00a0do fabricante, do revendedor ou do importador;<\/em><\/li><li><em>\u00a0na data em que ocorrer a perda da isen\u00e7\u00e3o ou da n\u00e3o-incid\u00eancia;<\/em><\/li><li><em>no dia 1\u00ba de janeiro de cada ano, em rela\u00e7\u00e3o a ve\u00edculo adquirido em exerc\u00edcio anterior.<\/em><\/li><\/ol><\/li><\/ol><p style=\"padding-left: 40px;\"><em>(&#8230;)<\/em><\/p><p style=\"padding-left: 40px;\"><em><a href=\"https:\/\/appasp.economia.go.gov.br\/legislacao\/arquivos\/Cte\/CTE.htm#a94\">Art. 94.<\/a><\/em><em>\u00a0\u00c9\u00a0<strong>isenta\u00a0<\/strong>do IPVA a propriedade dos seguintes ve\u00edculos:<\/em><\/p><p style=\"padding-left: 40px;\"><em>(&#8230;)<\/em><\/p><p style=\"padding-left: 40px;\"><em>\u00a7 5\u00ba \u00c9 tamb\u00e9m isento o IPVA incidente:<\/em><\/p><p style=\"padding-left: 40px;\"><em>\u00a0I &#8211; na data da\u00a0<strong>primeira aquisi\u00e7\u00e3o<\/strong>\u00a0do ve\u00edculo novo por consumidor final de que trata o<strong>\u00a0<u>inciso I<\/u>\u00a0<\/strong>do art. 91, desde que adquirido de estabelecimento\u00a0<strong><u>revendedor<\/u>\u00a0<\/strong>localizado no\u00a0<strong>Estado de Goi\u00e1s<\/strong>;<\/em><\/p><p style=\"padding-left: 40px;\"><em>(grifo nosso)<\/em><\/p><p>A leitura combinada destes dois artigos demonstra que:<\/p><ol><li>O inciso III do Artigo 91 n\u00e3o tem direito \u00e0 isen\u00e7\u00e3o, logo quando uma montadora produz o ve\u00edculo e o emplaca em seu nome o IPVA \u00e9 devido, da mesma forma quando um revendedor compra da montadora um ve\u00edculo e ao inv\u00e9s de vend\u00ea-lo decide us\u00e1-lo. Esta opera\u00e7\u00e3o \u00e9 a transposi\u00e7\u00e3o do ve\u00edculo do estoque para o ativo permanente ou ativo imobilizado da empresa;<\/li><li>As opera\u00e7\u00f5es de venda direta das montadoras para consumidores finais n\u00e3o t\u00eam direito \u00e0 isen\u00e7\u00e3o do Primeiro Ano, pois estes estabelecimentos s\u00e3o fabricantes e n\u00e3o revendedores.<\/li><\/ol>\t\t\t\t\t\t\t\t<\/div>\n\t\t\t\t<\/div>\n\t\t\t\t\t<\/details>\n\t\t\t\t\t\t<details id=\"e-n-accordion-item-1861\" class=\"e-n-accordion-item\" >\n\t\t\t\t<summary class=\"e-n-accordion-item-title\" data-accordion-index=\"2\" tabindex=\"-1\" aria-expanded=\"false\" aria-controls=\"e-n-accordion-item-1861\" >\n\t\t\t\t\t<span class='e-n-accordion-item-title-header'><div class=\"e-n-accordion-item-title-text\"> MOTIVA\u00c7\u00c3O DA NOTIFICA\u00c7\u00c3O FISCAL <\/div><\/span>\n\t\t\t\t\t\t\t<span class='e-n-accordion-item-title-icon'>\n\t\t\t<span class='e-opened' ><svg aria-hidden=\"true\" class=\"e-font-icon-svg e-fas-angle-down\" viewBox=\"0 0 320 512\" xmlns=\"http:\/\/www.w3.org\/2000\/svg\"><path d=\"M143 352.3L7 216.3c-9.4-9.4-9.4-24.6 0-33.9l22.6-22.6c9.4-9.4 24.6-9.4 33.9 0l96.4 96.4 96.4-96.4c9.4-9.4 24.6-9.4 33.9 0l22.6 22.6c9.4 9.4 9.4 24.6 0 33.9l-136 136c-9.2 9.4-24.4 9.4-33.8 0z\"><\/path><\/svg><\/span>\n\t\t\t<span class='e-closed'><svg aria-hidden=\"true\" class=\"e-font-icon-svg e-fas-angle-right\" viewBox=\"0 0 256 512\" xmlns=\"http:\/\/www.w3.org\/2000\/svg\"><path d=\"M224.3 273l-136 136c-9.4 9.4-24.6 9.4-33.9 0l-22.6-22.6c-9.4-9.4-9.4-24.6 0-33.9l96.4-96.4-96.4-96.4c-9.4-9.4-9.4-24.6 0-33.9L54.3 103c9.4-9.4 24.6-9.4 33.9 0l136 136c9.5 9.4 9.5 24.6.1 34z\"><\/path><\/svg><\/span>\n\t\t<\/span>\n\n\t\t\t\t\t\t<\/summary>\n\t\t\t\t<div role=\"region\" aria-labelledby=\"e-n-accordion-item-1861\" class=\"elementor-element elementor-element-a363fab e-con-full e-flex e-con e-child\" data-id=\"a363fab\" data-element_type=\"container\" data-e-type=\"container\">\n\t\t\t\t<div class=\"elementor-element elementor-element-e553eb2 elementor-widget elementor-widget-text-editor\" data-id=\"e553eb2\" data-element_type=\"widget\" data-e-type=\"widget\" data-widget_type=\"text-editor.default\">\n\t\t\t\t\t\t\t\t\t<p>Em trabalho de auditora detectamos a omiss\u00e3o de pagamento, pois o sistema de controle n\u00e3o gerou o IPVA devido.<\/p><p>Ent\u00e3o se voc\u00ea recebeu uma Notifica\u00e7\u00e3o Fiscal \u00e9 porque o ve\u00edculo foi emplacado tendo como nota fiscal uma\u00a0<strong>destas duas opera\u00e7\u00f5es<\/strong>:<\/p><ol><li>Incorpora\u00e7\u00e3o ao Ativo Permanente;<\/li><li>Faturamento Direto da Montadora.<\/li><\/ol>\t\t\t\t\t\t\t\t<\/div>\n\t\t\t\t<\/div>\n\t\t\t\t\t<\/details>\n\t\t\t\t\t\t<details id=\"e-n-accordion-item-1862\" class=\"e-n-accordion-item\" >\n\t\t\t\t<summary class=\"e-n-accordion-item-title\" data-accordion-index=\"3\" tabindex=\"-1\" aria-expanded=\"false\" aria-controls=\"e-n-accordion-item-1862\" >\n\t\t\t\t\t<span class='e-n-accordion-item-title-header'><div class=\"e-n-accordion-item-title-text\"> NORMAS DAS CONDI\u00c7\u00d5ES ESPECIAIS DE PAGAMENTO <\/div><\/span>\n\t\t\t\t\t\t\t<span class='e-n-accordion-item-title-icon'>\n\t\t\t<span class='e-opened' ><svg aria-hidden=\"true\" class=\"e-font-icon-svg e-fas-angle-down\" viewBox=\"0 0 320 512\" xmlns=\"http:\/\/www.w3.org\/2000\/svg\"><path d=\"M143 352.3L7 216.3c-9.4-9.4-9.4-24.6 0-33.9l22.6-22.6c9.4-9.4 24.6-9.4 33.9 0l96.4 96.4 96.4-96.4c9.4-9.4 24.6-9.4 33.9 0l22.6 22.6c9.4 9.4 9.4 24.6 0 33.9l-136 136c-9.2 9.4-24.4 9.4-33.8 0z\"><\/path><\/svg><\/span>\n\t\t\t<span class='e-closed'><svg aria-hidden=\"true\" class=\"e-font-icon-svg e-fas-angle-right\" viewBox=\"0 0 256 512\" xmlns=\"http:\/\/www.w3.org\/2000\/svg\"><path d=\"M224.3 273l-136 136c-9.4 9.4-24.6 9.4-33.9 0l-22.6-22.6c-9.4-9.4-9.4-24.6 0-33.9l96.4-96.4-96.4-96.4c-9.4-9.4-9.4-24.6 0-33.9L54.3 103c9.4-9.4 24.6-9.4 33.9 0l136 136c9.5 9.4 9.5 24.6.1 34z\"><\/path><\/svg><\/span>\n\t\t<\/span>\n\n\t\t\t\t\t\t<\/summary>\n\t\t\t\t<div role=\"region\" aria-labelledby=\"e-n-accordion-item-1862\" class=\"elementor-element elementor-element-9ba640b e-con-full e-flex e-con e-child\" data-id=\"9ba640b\" data-element_type=\"container\" data-e-type=\"container\">\n\t\t\t\t<div class=\"elementor-element elementor-element-cdae69d elementor-widget elementor-widget-text-editor\" data-id=\"cdae69d\" data-element_type=\"widget\" data-e-type=\"widget\" data-widget_type=\"text-editor.default\">\n\t\t\t\t\t\t\t\t\t<div class=\"sppb-panel sppb-panel-modern\"><div class=\"sppb-panel-collapse\"><div class=\"sppb-panel-body\"><div id=\"sppb-addon-1701788998187\" class=\"clearfix\"><div class=\"sppb-addon sppb-addon-text-block 0 \"><div class=\"sppb-addon-content\"><p>E de acordo com o Arts. 130 e 166-A, tamb\u00e9m da Lei n\u00ba 11.651\/91 e o Parecer 258 (<a href=\"https:\/\/wwwold.economia.go.gov.br\/files\/IPVA\/2023\/SEI_53948618_Parecer_258.pdf\">Clique AQUI<\/a>) do Processo 202300004099320 voc\u00ea pode pagar este IPVA sem nenhum acr\u00e9scimo.<\/p><p><em>\u00a0LEI N\u00ba 11.651, DE 26 DE DEZEMBRO DE 1991<\/em><\/p><p><em>\u00a0C\u00f3digo Tribut\u00e1rio do Estado de Goi\u00e1s<\/em><\/p><p><em>\u00a0Art. 130. Nenhum procedimento intentar-se-\u00e1 contra o sujeito passivo que agir de conformidade com instru\u00e7\u00f5es escritas de \u00f3rg\u00e3os competentes da Secretaria da Fazenda, exceto quando se tratar de falta de pagamento de tributo.<\/em><\/p><p><em>\u00a0Par\u00e1grafo \u00fanico. Na hip\u00f3tese deste artigo, o pagamento\u00a0<strong>far-se-\u00e1 sem qualquer acr\u00e9scimo<\/strong>, ainda que de car\u00e1ter morat\u00f3rio.<\/em><\/p><p><em>\u00a0(&#8230;)<\/em><\/p><p><em>\u00a0Art. 166-A. O cr\u00e9dito tribut\u00e1rio n\u00e3o pago em raz\u00e3o de ato praticado por servidor deve ser exigido pela Fazenda P\u00fablica Estadual do sujeito passivo,\u00a0<strong>a quem o erro n\u00e3o aproveita<\/strong>.<\/em><\/p><p><em>\u00a0Par\u00e1grafo \u00fanico. Verificada a falta de pagamento, o sujeito passivo deve ser notificado para realizar o pagamento do cr\u00e9dito tribut\u00e1rio,\u00a0<strong>no prazo m\u00e1ximo de 10 (dez) dias<\/strong>, contados da data da ci\u00eancia da exig\u00eancia.<\/em><\/p><p><em>(grifo nosso)<\/em><\/p><\/div><\/div><\/div><\/div><\/div><\/div>\t\t\t\t\t\t\t\t<\/div>\n\t\t\t\t<\/div>\n\t\t\t\t\t<\/details>\n\t\t\t\t\t\t<details id=\"e-n-accordion-item-1863\" class=\"e-n-accordion-item\" >\n\t\t\t\t<summary class=\"e-n-accordion-item-title\" data-accordion-index=\"4\" tabindex=\"-1\" aria-expanded=\"false\" aria-controls=\"e-n-accordion-item-1863\" >\n\t\t\t\t\t<span class='e-n-accordion-item-title-header'><div class=\"e-n-accordion-item-title-text\"> NORMA DA CONTAGEM DO PRAZO DE PAGAMENTO <\/div><\/span>\n\t\t\t\t\t\t\t<span class='e-n-accordion-item-title-icon'>\n\t\t\t<span class='e-opened' ><svg aria-hidden=\"true\" class=\"e-font-icon-svg e-fas-angle-down\" viewBox=\"0 0 320 512\" xmlns=\"http:\/\/www.w3.org\/2000\/svg\"><path d=\"M143 352.3L7 216.3c-9.4-9.4-9.4-24.6 0-33.9l22.6-22.6c9.4-9.4 24.6-9.4 33.9 0l96.4 96.4 96.4-96.4c9.4-9.4 24.6-9.4 33.9 0l22.6 22.6c9.4 9.4 9.4 24.6 0 33.9l-136 136c-9.2 9.4-24.4 9.4-33.8 0z\"><\/path><\/svg><\/span>\n\t\t\t<span class='e-closed'><svg aria-hidden=\"true\" class=\"e-font-icon-svg e-fas-angle-right\" viewBox=\"0 0 256 512\" xmlns=\"http:\/\/www.w3.org\/2000\/svg\"><path d=\"M224.3 273l-136 136c-9.4 9.4-24.6 9.4-33.9 0l-22.6-22.6c-9.4-9.4-9.4-24.6 0-33.9l96.4-96.4-96.4-96.4c-9.4-9.4-9.4-24.6 0-33.9L54.3 103c9.4-9.4 24.6-9.4 33.9 0l136 136c9.5 9.4 9.5 24.6.1 34z\"><\/path><\/svg><\/span>\n\t\t<\/span>\n\n\t\t\t\t\t\t<\/summary>\n\t\t\t\t<div role=\"region\" aria-labelledby=\"e-n-accordion-item-1863\" class=\"elementor-element elementor-element-ccb27c8 e-con-full e-flex e-con e-child\" data-id=\"ccb27c8\" data-element_type=\"container\" data-e-type=\"container\">\n\t\t\t\t<div class=\"elementor-element elementor-element-d29ff1e elementor-widget elementor-widget-text-editor\" data-id=\"d29ff1e\" data-element_type=\"widget\" data-e-type=\"widget\" data-widget_type=\"text-editor.default\">\n\t\t\t\t\t\t\t\t\t<div class=\"sppb-panel sppb-panel-modern\"><div class=\"sppb-panel-collapse\"><div class=\"sppb-panel-body\"><div id=\"sppb-addon-1701788998187\" class=\"clearfix\"><div class=\"sppb-addon sppb-addon-text-block 0 \"><div class=\"sppb-addon-content\"><p>Portanto o seu prazo de pagamento \u00e9 de 10 (dez) dias corridos para efetuar o pagamento sem nenhum acr\u00e9scimo, controle este prazo de acordo com a regra legal.<\/p><p><em>DECRETO N\u00ba 4.852 DE 29 DE DEZEMBRO DE 1997<\/em><\/p><p><em>Regulamento do C\u00f3digo Tribut\u00e1rio do Estado de Goi\u00e1s<\/em><\/p><p><em>\u00a0<a href=\"https:\/\/appasp.economia.go.gov.br\/legislacao\/arquivos\/Rcte\/RCTE.htm#A517\">Art. 517.<\/a>\u00a0Salvo disposi\u00e7\u00e3o expressa em contr\u00e1rio, os prazos contam-se em\u00a0<strong>dias corridos<\/strong>,\u00a0<strong><u>excluindo-se<\/u>\u00a0o dia de in\u00edcio e\u00a0<u>incluindo-se<\/u>\u00a0o do vencimento<\/strong>.<\/em><\/p><ul><li><em>1\u00ba A contagem dos prazos s\u00f3 se inicia e o seu vencimento somente ocorre em dia de expediente normal da institui\u00e7\u00e3o, \u00f3rg\u00e3o ou reparti\u00e7\u00e3o em que corra o processo ou deva ser praticado o ato ou cumprida a obriga\u00e7\u00e3o.<\/em><\/li><li><em>2\u00ba Se no dia do vencimento n\u00e3o funcionar, por qualquer motivo, a institui\u00e7\u00e3o, \u00f3rg\u00e3o ou reparti\u00e7\u00e3o, considera-se o prazo prorrogado at\u00e9 o primeiro dia \u00fatil subseq\u00fcente.<\/em><\/li><\/ul><p><em>(grifo nosso)<\/em><\/p><p><strong><u>N\u00e3o efetue o pagamento<\/u><\/strong>\u00a0sem encargos ap\u00f3s o prazo de 10 (dez) dias, pois ser\u00e1 feita a imputa\u00e7\u00e3o do pagamento e a diferen\u00e7a ser\u00e1 cobrada nos termos da legisla\u00e7\u00e3o.<\/p><p><em><a href=\"https:\/\/appasp.economia.go.gov.br\/legislacao\/arquivos\/Cte\/CTE.htm#A166\">Art. 166.<\/a><\/em><em>\u00a0O sujeito passivo pode efetuar, independentemente de autoriza\u00e7\u00e3o fiscal, o pagamento integral ou parcial do d\u00e9bito, observado o seguinte:<\/em><\/p><p><em>(&#8230;)<\/em><\/p><ul><li><em>3\u00ba O pagamento parcial do d\u00e9bito deve ser apropriado em cada elemento que comp\u00f5e o cr\u00e9dito tribut\u00e1rio, com o percentual resultante da rela\u00e7\u00e3o entre o valor pago e o valor total do cr\u00e9dito tribut\u00e1rio, acrescido de juros de mora at\u00e9 a data do pagamento, independentemente da natureza dos elementos indicados no documento de arrecada\u00e7\u00e3o.<\/em><\/li><\/ul><p>Neste caso efetue o pagamento ou parcelamento via Processo Administrativo do IPVA no sistema SNC (Clique\u00a0<a href=\"https:\/\/sistemas.sefaz.go.gov.br\/snc\/publico\/ipva\/form\">AQUI<\/a>). Se n\u00e3o encontrar o seu d\u00e9bito ent\u00e3o encaminhe a solicita\u00e7\u00e3o para o e-mail\u00a0<a href=\"mailto:atendimentogipva.economia@goias.gov.br\">atendimentogipva.economia@goias.gov.br<\/a><\/p><\/div><\/div><\/div><\/div><\/div><\/div>\t\t\t\t\t\t\t\t<\/div>\n\t\t\t\t<\/div>\n\t\t\t\t\t<\/details>\n\t\t\t\t\t\t<details id=\"e-n-accordion-item-1864\" class=\"e-n-accordion-item\" >\n\t\t\t\t<summary class=\"e-n-accordion-item-title\" data-accordion-index=\"5\" tabindex=\"-1\" aria-expanded=\"false\" aria-controls=\"e-n-accordion-item-1864\" >\n\t\t\t\t\t<span class='e-n-accordion-item-title-header'><div class=\"e-n-accordion-item-title-text\"> NORMAS DA RESPONSABILIDADE PELO PAGAMENTO <\/div><\/span>\n\t\t\t\t\t\t\t<span class='e-n-accordion-item-title-icon'>\n\t\t\t<span class='e-opened' ><svg aria-hidden=\"true\" class=\"e-font-icon-svg e-fas-angle-down\" viewBox=\"0 0 320 512\" xmlns=\"http:\/\/www.w3.org\/2000\/svg\"><path d=\"M143 352.3L7 216.3c-9.4-9.4-9.4-24.6 0-33.9l22.6-22.6c9.4-9.4 24.6-9.4 33.9 0l96.4 96.4 96.4-96.4c9.4-9.4 24.6-9.4 33.9 0l22.6 22.6c9.4 9.4 9.4 24.6 0 33.9l-136 136c-9.2 9.4-24.4 9.4-33.8 0z\"><\/path><\/svg><\/span>\n\t\t\t<span class='e-closed'><svg aria-hidden=\"true\" class=\"e-font-icon-svg e-fas-angle-right\" viewBox=\"0 0 256 512\" xmlns=\"http:\/\/www.w3.org\/2000\/svg\"><path d=\"M224.3 273l-136 136c-9.4 9.4-24.6 9.4-33.9 0l-22.6-22.6c-9.4-9.4-9.4-24.6 0-33.9l96.4-96.4-96.4-96.4c-9.4-9.4-9.4-24.6 0-33.9L54.3 103c9.4-9.4 24.6-9.4 33.9 0l136 136c9.5 9.4 9.5 24.6.1 34z\"><\/path><\/svg><\/span>\n\t\t<\/span>\n\n\t\t\t\t\t\t<\/summary>\n\t\t\t\t<div role=\"region\" aria-labelledby=\"e-n-accordion-item-1864\" class=\"elementor-element elementor-element-0c04b02 e-con-full e-flex e-con e-child\" data-id=\"0c04b02\" data-element_type=\"container\" data-e-type=\"container\">\n\t\t\t\t<div class=\"elementor-element elementor-element-8f7da1a elementor-widget elementor-widget-text-editor\" data-id=\"8f7da1a\" data-element_type=\"widget\" data-e-type=\"widget\" data-widget_type=\"text-editor.default\">\n\t\t\t\t\t\t\t\t\t<div class=\"sppb-panel sppb-panel-modern\"><div class=\"sppb-panel-collapse\"><div class=\"sppb-panel-body\"><div id=\"sppb-addon-1701788998187\" class=\"clearfix\"><div class=\"sppb-addon sppb-addon-text-block 0 \"><div class=\"sppb-addon-content\"><p>As notifica\u00e7\u00f5es foram emitidas para o Primeiro Propriet\u00e1rio e para o Propriet\u00e1rio Atual,\u00a0<strong>mas apenas um pagamento \u00e9 necess\u00e1rio<\/strong>. Quando houver duas notifica\u00e7\u00f5es para o mesmo ve\u00edculo o prazo de pagamento se inicia na segunda entrega de Notifica\u00e7\u00e3o. Em caso de n\u00e3o pagamento o Processo Tribut\u00e1rio ter\u00e1 como sujeito passivo o Primeiro Propriet\u00e1rio e ficar\u00e1 atrelado ao ve\u00edculo, pois o adquirente tamb\u00e9m \u00e9 respons\u00e1vel pelos d\u00e9bitos, impedindo o seu licenciamento:<\/p><p><em>LEI N\u00ba 11.651, DE 26 DE DEZEMBRO DE 1991<\/em><\/p><p><em>C\u00f3digo Tribut\u00e1rio do Estado de Goi\u00e1s<\/em><\/p><p><em><a href=\"https:\/\/appasp.economia.go.gov.br\/legislacao\/arquivos\/Cte\/CTE.htm#a96\">Art. 96.<\/a><\/em><em>\u00a0Contribuinte do IPVA \u00e9 o propriet\u00e1rio do ve\u00edculo automotor a\u00e9reo, aqu\u00e1tico ou terrestre.<\/em><\/p><p><em>(&#8230;)\u00a0\u00a0\u00a0\u00a0\u00a0\u00a0\u00a0\u00a0\u00a0\u00a0\u00a0\u00a0\u00a0\u00a0\u00a0\u00a0\u00a0\u00a0\u00a0\u00a0\u00a0\u00a0\u00a0\u00a0\u00a0\u00a0\u00a0\u00a0\u00a0\u00a0\u00a0\u00a0\u00a0\u00a0\u00a0\u00a0\u00a0\u00a0\u00a0\u00a0\u00a0\u00a0\u00a0\u00a0\u00a0\u00a0<\/em><\/p><p><em><a href=\"https:\/\/appasp.economia.go.gov.br\/legislacao\/arquivos\/Cte\/CTE.htm#a98\">Art. 98.<\/a><\/em><em>\u00a0\u00c9 pessoalmente respons\u00e1vel pelo pagamento do IPVA o adquirente ou o remitente do ve\u00edculo, em rela\u00e7\u00e3o a fato gerador anterior ao tempo de sua aquisi\u00e7\u00e3o.<\/em><\/p><\/div><\/div><\/div><\/div><\/div><\/div>\t\t\t\t\t\t\t\t<\/div>\n\t\t\t\t<\/div>\n\t\t\t\t\t<\/details>\n\t\t\t\t\t<\/div>\n\t\t\t\t\t\t<\/div>\n\t\t\t\t\t<\/div>\n\t\t\t\t<\/div>\n\t\t\t\t<\/div>\n\t\t","protected":false},"excerpt":{"rendered":"<p>NORMAS DO BENEF\u00cdCIO FISCAL A Lei 11.651\/91 &#8211; C\u00f3digo tribut\u00e1rio do Estado de Goi\u00e1s, especifica claramente o momento do Fato Gerador do IPVA e suas isen\u00e7\u00f5es. LEI N\u00ba 11.651, DE 26 DE DEZEMBRO DE 1991C\u00f3digo Tribut\u00e1rio do Estado de Goi\u00e1s Art. 91.\u00a0Ocorre o\u00a0fato gerador\u00a0do IPVA: na data da\u00a0primeira aquisi\u00e7\u00e3o\u00a0do ve\u00edculo novo por\u00a0consumidor final; na data [&hellip;]<\/p>\n","protected":false},"author":1,"featured_media":0,"parent":0,"menu_order":0,"comment_status":"closed","ping_status":"closed","template":"elementor_header_footer","meta":{"footnotes":""},"class_list":["post-39098","page","type-page","status-publish","hentry"],"rttpg_featured_image_url":null,"rttpg_author":{"display_name":"wagner.viana","author_link":"https:\/\/goias.gov.br\/economia\/author\/wagner-viana\/"},"rttpg_comment":0,"rttpg_category":"","rttpg_excerpt":"NORMAS DO BENEF\u00cdCIO FISCAL A Lei 11.651\/91 &#8211; C\u00f3digo tribut\u00e1rio do Estado de Goi\u00e1s, especifica claramente o momento do Fato Gerador do IPVA e suas isen\u00e7\u00f5es. LEI N\u00ba 11.651, DE 26 DE DEZEMBRO DE 1991C\u00f3digo Tribut\u00e1rio do Estado de Goi\u00e1s Art. 91.\u00a0Ocorre o\u00a0fato gerador\u00a0do IPVA: na data da\u00a0primeira aquisi\u00e7\u00e3o\u00a0do ve\u00edculo novo por\u00a0consumidor final; na data&hellip;","_links":{"self":[{"href":"https:\/\/goias.gov.br\/economia\/wp-json\/wp\/v2\/pages\/39098","targetHints":{"allow":["GET"]}}],"collection":[{"href":"https:\/\/goias.gov.br\/economia\/wp-json\/wp\/v2\/pages"}],"about":[{"href":"https:\/\/goias.gov.br\/economia\/wp-json\/wp\/v2\/types\/page"}],"author":[{"embeddable":true,"href":"https:\/\/goias.gov.br\/economia\/wp-json\/wp\/v2\/users\/1"}],"replies":[{"embeddable":true,"href":"https:\/\/goias.gov.br\/economia\/wp-json\/wp\/v2\/comments?post=39098"}],"version-history":[{"count":2,"href":"https:\/\/goias.gov.br\/economia\/wp-json\/wp\/v2\/pages\/39098\/revisions"}],"predecessor-version":[{"id":436685,"href":"https:\/\/goias.gov.br\/economia\/wp-json\/wp\/v2\/pages\/39098\/revisions\/436685"}],"wp:attachment":[{"href":"https:\/\/goias.gov.br\/economia\/wp-json\/wp\/v2\/media?parent=39098"}],"curies":[{"name":"wp","href":"https:\/\/api.w.org\/{rel}","templated":true}]}}