

{"id":39062,"date":"2024-03-11T11:57:36","date_gmt":"2024-03-11T14:57:36","guid":{"rendered":"https:\/\/siteshom.goias.gov.br\/economia\/?page_id=39062"},"modified":"2026-02-26T14:07:26","modified_gmt":"2026-02-26T17:07:26","slug":"educacao-fiscal","status":"publish","type":"page","link":"https:\/\/goias.gov.br\/economia\/educacao-fiscal\/","title":{"rendered":"Educa\u00e7\u00e3o Fiscal"},"content":{"rendered":"\t\t<div data-elementor-type=\"wp-page\" data-elementor-id=\"39062\" class=\"elementor elementor-39062\">\n\t\t\t\t<div class=\"elementor-element elementor-element-ebcebeb e-flex e-con-boxed e-con e-parent\" data-id=\"ebcebeb\" data-element_type=\"container\" data-e-type=\"container\">\n\t\t\t\t\t<div class=\"e-con-inner\">\n\t\t<div class=\"elementor-element elementor-element-8efb097 e-con-full e-flex e-con e-child\" data-id=\"8efb097\" data-element_type=\"container\" data-e-type=\"container\">\n\t\t\t\t<div class=\"elementor-element elementor-element-0638039 elementor-widget elementor-widget-text-editor\" data-id=\"0638039\" data-element_type=\"widget\" data-e-type=\"widget\" data-widget_type=\"text-editor.default\">\n\t\t\t\t\t\t\t\t\t<p><strong>Educa\u00e7\u00e3o Fiscal em Goi\u00e1s<\/strong><\/p><p>A Educa\u00e7\u00e3o Fiscal \u00e9 uma pr\u00e1tica de cidadania que envolve o aprofundamento da rela\u00e7\u00e3o entre Estado e sociedade na fiscaliza\u00e7\u00e3o e gest\u00e3o dos recursos p\u00fablicos. O programa desenvolvido na Secretaria da Economia\u00a0de Goi\u00e1s tem o objetivo de disseminar os conte\u00fados referentes ao papel social dos tributos, import\u00e2ncia dos or\u00e7amentos para o bom funcionamento da administra\u00e7\u00e3o p\u00fablica, aloca\u00e7\u00e3o e controle dos recursos, entre outros temas relacionados \u00e0 gest\u00e3o e fiscaliza\u00e7\u00e3o das finan\u00e7as p\u00fablicas.<\/p><p>Em Goi\u00e1s, o Grupo de Educa\u00e7\u00e3o Fiscal (Gefe) da Economia atua em cinco \u00e1reas:<\/p><ul><li>ensino fundamental;<\/li><li>ensino m\u00e9dio;<\/li><li>ensino superior;<\/li><li>funcionalismo p\u00fablico;<\/li><li>e a sociedade civil organizada, como associa\u00e7\u00f5es, sindicatos, ONGs e igrejas.<\/li><\/ul><p>As atividades desenvolvidas pelo grupo englobam a realiza\u00e7\u00e3o de palestras, oficinas, encontros pedag\u00f3gicos, cursos presenciais e virtuais e forma\u00e7\u00e3o de disseminadores da educa\u00e7\u00e3o fiscal. Nas escolas e universidades, o grupo orienta diretores e educadores com rela\u00e7\u00e3o \u00e0 inser\u00e7\u00e3o de conte\u00fados e cria\u00e7\u00e3o de disciplinas da educa\u00e7\u00e3o fiscal. Al\u00e9m disso, o Gefe trabalha na divulga\u00e7\u00e3o do conhecimento sobre um dos mais importantes projetos de cidadania da Fazenda &#8211; a Nota Fiscal Goiana \u2013 concebida como instrumento pr\u00e1tico e direto de participa\u00e7\u00e3o e Cidadania. A equipe de servidores que integram o Gefe recebe forma\u00e7\u00e3o diversificada. Os cursos de prepara\u00e7\u00e3o, em n\u00edvel nacional, envolvem a participa\u00e7\u00e3o de representantes da Receita Federal, Secretaria de Or\u00e7amento Federal, do Minist\u00e9rio do Planejamento, Controladoria Geral da Uni\u00e3o, Secretaria do Tesouro Nacional, Minist\u00e9rio de Educa\u00e7\u00e3o e Cultura, Procuradoria da Fazenda Nacional, entre outros.<\/p><p>A Economia\u00a0parte do princ\u00edpio de que o controle social est\u00e1 entre os mais importantes instrumentos de melhoria na gest\u00e3o dos recursos p\u00fablicos e por isso incentiva e investe na educa\u00e7\u00e3o fiscal.<\/p><p>O Programa de Educa\u00e7\u00e3o Fiscal em Goi\u00e1s \u00e9 coordenado pela Secretaria de Estado da Economia, com quadro formado por profissionais multidisciplinares das \u00e1reas de:<\/p><ul><li>Fiscaliza\u00e7\u00e3o;<\/li><li>Educa\u00e7\u00e3o;<\/li><li>Tecnologia da informa\u00e7\u00e3o;<\/li><li>Comunica\u00e7\u00e3o<\/li><\/ul><h3 class=\"h6\">Cursos on-line e webin\u00e1rios:<\/h3><p>O Programa de Educa\u00e7\u00e3o Fiscal tem investido na realiza\u00e7\u00e3o de cursos a dist\u00e2ncia, na <a href=\"https:\/\/ead.economia.go.gov.br\/\">Plataforma Moodle<\/a> e em <a href=\"https:\/\/www.youtube.com\/@educacaofiscalgoias1015\/videos\">webin\u00e1rios<\/a>. O curso on-line Disseminadores de Educa\u00e7\u00e3o Fiscal (certifica\u00e7\u00e3o de 120 horas) tem inscri\u00e7\u00f5es\u00a0abertas duas vezes ao ano.\u00a0Para mais informa\u00e7\u00f5es sobre matr\u00edculas nos cursos, que s\u00e3o feitas no in\u00edcio de cada semestre, procure acompanhar as not\u00edcias do\u00a0site da Secretaria da Economia, ou entrar em contato pelo e-mail: educacaofiscalgoias.economia@goias.gov.br.\u00a0<\/p><h3 class=\"h6\">Contato:<\/h3><p>Coordena\u00e7\u00e3o de Educa\u00e7\u00e3o Fiscal &#8211; Secretaria de Estado da Economia<br \/>Coordenador: Jos\u00e9 Humberto Corr\u00eaa de Miranda<br \/>Telefone: (62) 3269.2567\/2568<br \/>E-mail:\u00a0educacaofiscalgoias.economia@goias.gov.br<\/p>\t\t\t\t\t\t\t\t<\/div>\n\t\t\t\t<\/div>\n\t\t<div class=\"elementor-element elementor-element-afb560d e-con-full e-flex e-con e-child\" data-id=\"afb560d\" data-element_type=\"container\" data-e-type=\"container\">\n\t\t\t\t<div class=\"elementor-element elementor-element-7f97c52 elementor-widget elementor-widget-heading\" data-id=\"7f97c52\" data-element_type=\"widget\" data-e-type=\"widget\" data-widget_type=\"heading.default\">\n\t\t\t\t\t<h2 class=\"elementor-heading-title elementor-size-default\">Publica\u00e7\u00f5es<\/h2>\t\t\t\t<\/div>\n\t\t\t\t<div class=\"elementor-element elementor-element-6ad5ffe elementor-widget elementor-widget-shortcode\" data-id=\"6ad5ffe\" data-element_type=\"widget\" data-e-type=\"widget\" data-widget_type=\"shortcode.default\">\n\t\t\t\t\t\t\t<div class=\"elementor-shortcode\"><style type='text\/css' media='all'>#rt-tpg-container-402836048 .rt-holder .rt-woo-info .price{color:#0367bf;}body .rt-tpg-container .rt-tpg-isotope-buttons .selected,\n\t\t\t\t\t#rt-tpg-container-402836048 .layout12 .rt-holder:hover .rt-detail,\n\t\t\t\t\t#rt-tpg-container-402836048 .isotope8 .rt-holder:hover .rt-detail,\n\t\t\t\t\t#rt-tpg-container-402836048 .carousel8 .rt-holder:hover .rt-detail,\n\t\t\t\t\t#rt-tpg-container-402836048 .layout13 .rt-holder .overlay .post-info,\n\t\t\t\t\t#rt-tpg-container-402836048 .isotope9 .rt-holder .overlay .post-info,\n\t\t\t\t\t#rt-tpg-container-402836048.rt-tpg-container .layout4 .rt-holder .rt-detail,\n\t\t\t\t\t.rt-modal-402836048 .md-content,\n\t\t\t\t\t.rt-modal-402836048 .md-content > .rt-md-content-holder .rt-md-content,\n\t\t\t\t\t.rt-popup-wrap-402836048.rt-popup-wrap .rt-popup-navigation-wrap,\n\t\t\t\t\t#rt-tpg-container-402836048 .carousel9 .rt-holder .overlay .post-info{background-color:#0367bf;}#rt-tpg-container-402836048 .layout5 .rt-holder .overlay, #rt-tpg-container-402836048 .isotope2 .rt-holder .overlay, #rt-tpg-container-402836048 .carousel2 .rt-holder .overlay,#rt-tpg-container-402836048 .layout15 .rt-holder h3, #rt-tpg-container-402836048 .isotope11 .rt-holder h3, #rt-tpg-container-402836048 .carousel11 .rt-holder h3, #rt-tpg-container-402836048 .layout16 .rt-holder h3,\n\t\t\t\t\t#rt-tpg-container-402836048 .isotope12 .rt-holder h3, #rt-tpg-container-402836048 .carousel12 .rt-holder h3 {background-color:rgba(3,103,191,0.8);}#rt-tpg-container-402836048 .read-more a{border-radius:px;}#rt-tpg-container-402836048 .rt-img-holder img.rt-img-responsive,#rt-tpg-container-402836048 .rt-img-holder,\n\t\t\t\t\t#rt-tpg-container-402836048 .rt-post-overlay .post-img,\n\t\t\t\t\t#rt-tpg-container-402836048 .post-sm .post-img,\n\t\t\t\t\t#rt-tpg-container-402836048 .rt-post-grid .post-img,\n\t\t\t\t\t#rt-tpg-container-402836048 .post-img img {border-radius:px;}<\/style><div class='rt-container-fluid rt-tpg-container tpg-shortcode-main-wrapper ' id='rt-tpg-container-402836048'   data-layout='layout2' data-grid-style='even' data-desktop-col='1'  data-tab-col='1'  data-mobile-col='1' data-sc-id='39064'><div data-title='Loading ...' class='rt-row rt-content-loader   layout2 tpg-even '><div class=\"rt-col-md-12 rt-col-sm-12 rt-col-xs-12 even-grid-item rt-grid-item\" data-id=\"296093\"><div class=\"rt-holder\"><div class=\"rt-row\"><div class='rt-col-xs-12'><div class='rt-detail'><h3 class=\"entry-title\"><a data-id=\"296093\" class=\"\" href=\"https:\/\/goias.gov.br\/economia\/formacao\/\">Forma\u00e7\u00e3o<\/a><\/h3><div class='post-meta-user '><span class='date-meta'>10 de junho de 2025<\/span><\/div><div class='tpg-excerpt'>...<\/div><\/div><\/div><\/div><\/div><\/div><div class=\"rt-col-md-12 rt-col-sm-12 rt-col-xs-12 even-grid-item rt-grid-item\" data-id=\"294489\"><div class=\"rt-holder\"><div class=\"rt-row\"><div class='rt-col-xs-12'><div class='rt-detail'><h3 class=\"entry-title\"><a data-id=\"294489\" class=\"\" href=\"https:\/\/goias.gov.br\/economia\/campanhas\/\">Campanhas<\/a><\/h3><div class='post-meta-user '><span class='date-meta'>9 de junho de 2025<\/span><\/div><div class='tpg-excerpt'>...<\/div><\/div><\/div><\/div><\/div><\/div><div class=\"rt-col-md-12 rt-col-sm-12 rt-col-xs-12 even-grid-item rt-grid-item\" data-id=\"294097\"><div class=\"rt-holder\"><div class=\"rt-row\"><div class='rt-col-xs-12'><div class='rt-detail'><h3 class=\"entry-title\"><a data-id=\"294097\" class=\"\" href=\"https:\/\/goias.gov.br\/economia\/publicacoes\/\">Publica\u00e7\u00f5es<\/a><\/h3><div class='post-meta-user '><span class='date-meta'>9 de junho de 2025<\/span><\/div><div class='tpg-excerpt'>Inscreva-se para nova edi\u00e7\u00e3o do curso DEF 17 de outubro de 2024 O curso on-line...<\/div><\/div><\/div><\/div><\/div><\/div><div class=\"rt-col-md-12 rt-col-sm-12 rt-col-xs-12 even-grid-item rt-grid-item\" data-id=\"37872\"><div class=\"rt-holder\"><div class=\"rt-row\"><div class='rt-col-sm-4 rt-col-xs-12 '><div class=\"rt-img-holder\"><a data-id='37872' class='' href='https:\/\/goias.gov.br\/economia\/inscreva-se-para-nova-edicao-do-curso-def\/'><img fetchpriority=\"high\" decoding=\"async\" width=\"634\" height=\"350\" src=\"https:\/\/goias.gov.br\/economia\/wp-content\/uploads\/sites\/45\/2020\/01\/logo_Curso_DEF-a11.png\" class=\"rt-img-responsive \" alt=\"\" \/><\/a><\/div><\/div><div class='rt-col-sm-8 rt-col-xs-12 '><div class='rt-detail'><h3 class=\"entry-title\"><a data-id=\"37872\" class=\"\" href=\"https:\/\/goias.gov.br\/economia\/inscreva-se-para-nova-edicao-do-curso-def\/\">Inscreva-se para nova edi\u00e7\u00e3o do curso DEF<\/a><\/h3><div class='post-meta-user '><span class='date-meta'>17 de outubro de 2024<\/span><\/div><div class='tpg-excerpt'>O curso on-line &#8220;Disseminadores de Educa\u00e7\u00e3o Fiscal&#8221; \u00e9 oferecido, neste segundo semestre de 2024, pelo...<\/div><\/div><\/div><\/div><\/div><\/div><div class=\"rt-col-md-12 rt-col-sm-12 rt-col-xs-12 even-grid-item rt-grid-item\" data-id=\"37785\"><div class=\"rt-holder\"><div class=\"rt-row\"><div class='rt-col-sm-4 rt-col-xs-12 '><div class=\"rt-img-holder\"><a data-id='37785' class='' href='https:\/\/goias.gov.br\/economia\/noticias-recentes\/'><img decoding=\"async\" width=\"779\" height=\"648\" src=\"https:\/\/goias.gov.br\/economia\/wp-content\/uploads\/sites\/45\/2023\/07\/arte-34b.jpg\" class=\"rt-img-responsive \" alt=\"\" \/><\/a><\/div><\/div><div class='rt-col-sm-8 rt-col-xs-12 '><div class='rt-detail'><h3 class=\"entry-title\"><a data-id=\"37785\" class=\"\" href=\"https:\/\/goias.gov.br\/economia\/noticias-recentes\/\">Not\u00edcias da Educa\u00e7\u00e3o Fiscal<\/a><\/h3><div class='post-meta-user '><span class='date-meta'>7 de outubro de 2024<\/span><\/div><div class='tpg-excerpt'>Acompanhe nesta p\u00e1gina as principais not\u00edcias sobre as a\u00e7\u00f5es recentes do Programa de Educa\u00e7\u00e3o Fiscal...<\/div><\/div><\/div><\/div><\/div><\/div><div class=\"rt-col-md-12 rt-col-sm-12 rt-col-xs-12 even-grid-item rt-grid-item\" data-id=\"37786\"><div class=\"rt-holder\"><div class=\"rt-row\"><div class='rt-col-sm-4 rt-col-xs-12 '><div class=\"rt-img-holder\"><a data-id='37786' class='' href='https:\/\/goias.gov.br\/economia\/webinarios-nacionais-de-educacao-fiscal\/'><img decoding=\"async\" width=\"1442\" height=\"1415\" src=\"https:\/\/goias.gov.br\/economia\/wp-content\/uploads\/sites\/45\/2020\/01\/logos_PNEF_EM_CURVA_gefjpeg-43e.jpeg\" class=\"rt-img-responsive \" alt=\"\" \/><\/a><\/div><\/div><div class='rt-col-sm-8 rt-col-xs-12 '><div class='rt-detail'><h3 class=\"entry-title\"><a data-id=\"37786\" class=\"\" href=\"https:\/\/goias.gov.br\/economia\/webinarios-nacionais-de-educacao-fiscal\/\">Webin\u00e1rios Nacionais de Educa\u00e7\u00e3o Fiscal<\/a><\/h3><div class='post-meta-user '><span class='date-meta'>10 de setembro de 2024<\/span><\/div><div class='tpg-excerpt'>Desde 2021, a coordena\u00e7\u00e3o de Educa\u00e7\u00e3o Fiscal da Secretaria da Economia ap\u00f3ia a realiza\u00e7\u00e3o de...<\/div><\/div><\/div><\/div><\/div><\/div><div class=\"rt-col-md-12 rt-col-sm-12 rt-col-xs-12 even-grid-item rt-grid-item\" data-id=\"34612\"><div class=\"rt-holder\"><div class=\"rt-row\"><div class='rt-col-sm-4 rt-col-xs-12 '><div class=\"rt-img-holder\"><a data-id='34612' class='' href='https:\/\/goias.gov.br\/economia\/termo-de-cooperacao\/'><img fetchpriority=\"high\" decoding=\"async\" width=\"634\" height=\"350\" src=\"https:\/\/goias.gov.br\/economia\/wp-content\/uploads\/sites\/45\/2020\/01\/logo_Curso_DEF-a11.png\" class=\"rt-img-responsive \" alt=\"\" \/><\/a><\/div><\/div><div class='rt-col-sm-8 rt-col-xs-12 '><div class='rt-detail'><h3 class=\"entry-title\"><a data-id=\"34612\" class=\"\" href=\"https:\/\/goias.gov.br\/economia\/termo-de-cooperacao\/\">Termos de coopera\u00e7\u00e3o: Conhe\u00e7a parcerias institucionais para avan\u00e7o da Educa\u00e7\u00e3o Fiscal<\/a><\/h3><div class='post-meta-user '><span class='date-meta'>12 de agosto de 2024<\/span><\/div><div class='tpg-excerpt'>Termo de coopera\u00e7\u00e3o: Economia com: Controladoria-Geral do Estado, Secretaria da Educa\u00e7\u00e3o, Secretaria de Desenvolvimento e...<\/div><\/div><\/div><\/div><\/div><\/div><\/div><div class='rt-pagination-wrap' data-total-pages='3' data-posts-per-page='7' data-type='pagination'  ><div class=\"rt-pagination\" ><ul class=\"pagination-list\"><li class=\"active\"><span>1<\/span><\/li><li><a data-paged='2' href='https:\/\/goias.gov.br\/economia\/wp-json\/wp\/v2\/pages\/39062\/page\/2\/'>2<\/a><\/li><li><a data-paged='3' href='https:\/\/goias.gov.br\/economia\/wp-json\/wp\/v2\/pages\/39062\/page\/3\/'>3<\/a><\/li><\/ul><\/div><\/div><\/div><\/div>\n\t\t\t\t\t\t<\/div>\n\t\t\t\t<\/div>\n\t\t\t\t\t<\/div>\n\t\t\t\t<\/div>\n\t\t\t\t<\/div>\n\t\t","protected":false},"excerpt":{"rendered":"<p>Educa\u00e7\u00e3o Fiscal em Goi\u00e1s A Educa\u00e7\u00e3o Fiscal \u00e9 uma pr\u00e1tica de cidadania que envolve o aprofundamento da rela\u00e7\u00e3o entre Estado e sociedade na fiscaliza\u00e7\u00e3o e gest\u00e3o dos recursos p\u00fablicos. O programa desenvolvido na Secretaria da Economia\u00a0de Goi\u00e1s tem o objetivo de disseminar os conte\u00fados referentes ao papel social dos tributos, import\u00e2ncia dos or\u00e7amentos para o [&hellip;]<\/p>\n","protected":false},"author":1,"featured_media":0,"parent":0,"menu_order":0,"comment_status":"closed","ping_status":"closed","template":"","meta":{"footnotes":""},"class_list":["post-39062","page","type-page","status-publish","hentry"],"rttpg_featured_image_url":null,"rttpg_author":{"display_name":"wagner.viana","author_link":"https:\/\/goias.gov.br\/economia\/author\/wagner-viana\/"},"rttpg_comment":0,"rttpg_category":"","rttpg_excerpt":"Educa\u00e7\u00e3o Fiscal em Goi\u00e1s A Educa\u00e7\u00e3o Fiscal \u00e9 uma pr\u00e1tica de cidadania que envolve o aprofundamento da rela\u00e7\u00e3o entre Estado e sociedade na fiscaliza\u00e7\u00e3o e gest\u00e3o dos recursos p\u00fablicos. O programa desenvolvido na Secretaria da Economia\u00a0de Goi\u00e1s tem o objetivo de disseminar os conte\u00fados referentes ao papel social dos tributos, import\u00e2ncia dos or\u00e7amentos para o&hellip;","_links":{"self":[{"href":"https:\/\/goias.gov.br\/economia\/wp-json\/wp\/v2\/pages\/39062","targetHints":{"allow":["GET"]}}],"collection":[{"href":"https:\/\/goias.gov.br\/economia\/wp-json\/wp\/v2\/pages"}],"about":[{"href":"https:\/\/goias.gov.br\/economia\/wp-json\/wp\/v2\/types\/page"}],"author":[{"embeddable":true,"href":"https:\/\/goias.gov.br\/economia\/wp-json\/wp\/v2\/users\/1"}],"replies":[{"embeddable":true,"href":"https:\/\/goias.gov.br\/economia\/wp-json\/wp\/v2\/comments?post=39062"}],"version-history":[{"count":2,"href":"https:\/\/goias.gov.br\/economia\/wp-json\/wp\/v2\/pages\/39062\/revisions"}],"predecessor-version":[{"id":417325,"href":"https:\/\/goias.gov.br\/economia\/wp-json\/wp\/v2\/pages\/39062\/revisions\/417325"}],"wp:attachment":[{"href":"https:\/\/goias.gov.br\/economia\/wp-json\/wp\/v2\/media?parent=39062"}],"curies":[{"name":"wp","href":"https:\/\/api.w.org\/{rel}","templated":true}]}}