

{"id":39038,"date":"2024-03-11T09:44:46","date_gmt":"2024-03-11T12:44:46","guid":{"rendered":"https:\/\/siteshom.goias.gov.br\/economia\/?page_id=39038"},"modified":"2024-03-19T13:46:40","modified_gmt":"2024-03-19T16:46:40","slug":"conteudos-relevantes","status":"publish","type":"page","link":"https:\/\/goias.gov.br\/economia\/conteudos-relevantes\/","title":{"rendered":"Conte\u00fados Relevantes"},"content":{"rendered":"\n<style>.letras-lista { max-width: 800px; margin: 0 auto; }.letras-ancora { list-style: none; display: flex; justify-content: space-around; padding: 0; margin: 10px 0; border: 1px solid #ccc; border-radius: 5px; }.letras-ancora li { margin-right: 5px; }.letra-lista { list-style: none; margin: 0; padding: 0; }.letra-titulo { font-weight: bold; margin-bottom: 5px; }.letras-ancora .letra-separador { margin: 0 5px; border-right: 1px solid #ccc; }<\/style><div class=\"letras-lista\"><ul class=\"letras-ancora\"><li><a class=\"seu-estilo-de-link\" href=\"#letra-A\">A<\/a><\/li><li class=\"letra-separador\"><\/li><li><a class=\"seu-estilo-de-link\" href=\"#letra-B\">B<\/a><\/li><li class=\"letra-separador\"><\/li><li><a class=\"seu-estilo-de-link\" href=\"#letra-C\">C<\/a><\/li><li class=\"letra-separador\"><\/li><li><a class=\"seu-estilo-de-link\" href=\"#letra-D\">D<\/a><\/li><li class=\"letra-separador\"><\/li><li><a class=\"seu-estilo-de-link\" href=\"#letra-E\">E<\/a><\/li><li class=\"letra-separador\"><\/li><li><a class=\"seu-estilo-de-link\" href=\"#letra-F\">F<\/a><\/li><li class=\"letra-separador\"><\/li><li><a class=\"seu-estilo-de-link\" href=\"#letra-G\">G<\/a><\/li><li class=\"letra-separador\"><\/li><li><a class=\"seu-estilo-de-link\" href=\"#letra-H\">H<\/a><\/li><li class=\"letra-separador\"><\/li><li><a class=\"seu-estilo-de-link\" href=\"#letra-I\">I<\/a><\/li><li class=\"letra-separador\"><\/li><li><a class=\"seu-estilo-de-link\" href=\"#letra-J\">J<\/a><\/li><li class=\"letra-separador\"><\/li><li><a class=\"seu-estilo-de-link\" href=\"#letra-K\">K<\/a><\/li><li class=\"letra-separador\"><\/li><li><a class=\"seu-estilo-de-link\" href=\"#letra-L\">L<\/a><\/li><li class=\"letra-separador\"><\/li><li><a class=\"seu-estilo-de-link\" href=\"#letra-M\">M<\/a><\/li><li class=\"letra-separador\"><\/li><li><a class=\"seu-estilo-de-link\" href=\"#letra-N\">N<\/a><\/li><li class=\"letra-separador\"><\/li><li><a class=\"seu-estilo-de-link\" href=\"#letra-O\">O<\/a><\/li><li class=\"letra-separador\"><\/li><li><a class=\"seu-estilo-de-link\" href=\"#letra-P\">P<\/a><\/li><li class=\"letra-separador\"><\/li><li><a class=\"seu-estilo-de-link\" href=\"#letra-Q\">Q<\/a><\/li><li class=\"letra-separador\"><\/li><li><a class=\"seu-estilo-de-link\" href=\"#letra-R\">R<\/a><\/li><li class=\"letra-separador\"><\/li><li><a class=\"seu-estilo-de-link\" href=\"#letra-S\">S<\/a><\/li><li class=\"letra-separador\"><\/li><li><a class=\"seu-estilo-de-link\" href=\"#letra-T\">T<\/a><\/li><li class=\"letra-separador\"><\/li><li><a class=\"seu-estilo-de-link\" href=\"#letra-U\">U<\/a><\/li><li class=\"letra-separador\"><\/li><li><a class=\"seu-estilo-de-link\" href=\"#letra-V\">V<\/a><\/li><li class=\"letra-separador\"><\/li><li><a class=\"seu-estilo-de-link\" href=\"#letra-W\">W<\/a><\/li><li class=\"letra-separador\"><\/li><li><a class=\"seu-estilo-de-link\" href=\"#letra-X\">X<\/a><\/li><li class=\"letra-separador\"><\/li><li><a class=\"seu-estilo-de-link\" href=\"#letra-Y\">Y<\/a><\/li><li class=\"letra-separador\"><\/li><li><a class=\"seu-estilo-de-link\" href=\"#letra-Z\">Z<\/a><\/li><\/ul><ul id=\"letra-A\" class=\"letra-lista\"><li class=\"letra-titulo\"><strong>A<\/strong><\/li><li><a class=\"seu-estilo-de-link\" href=\"https:\/\/goias.gov.br\/economia\/administradoras-de-cartao-de-credito-debito\/\">Administradoras de Cart\u00e3o de Cr\u00e9dito\/D\u00e9bito<\/a><\/li><li><a class=\"seu-estilo-de-link\" href=\"https:\/\/goias.gov.br\/economia\/alteracao-de-tare-termo-de-acordo-de-regime-especial\/\">Altera\u00e7\u00e3o de Tare- Termo de Acordo de Regime Especial<\/a><\/li><li><a class=\"seu-estilo-de-link\" href=\"https:\/\/goias.gov.br\/economia\/apresentacao-sedif-sn-destda\/\">Apresenta\u00e7\u00e3o SEDIF-SN \/ DeSTDA<\/a><\/li><li><a class=\"seu-estilo-de-link\" href=\"https:\/\/goias.gov.br\/economia\/aquisicao-de-mercadoria-de-forma-nao-presencial\/\">Aquisi\u00e7\u00e3o de Mercadoria de Forma N\u00e3o Presencial<\/a><\/li><li><a class=\"seu-estilo-de-link\" href=\"https:\/\/goias.gov.br\/economia\/atendimento-da-receita\/\">Atendimento da Receita<\/a><\/li><li><a class=\"seu-estilo-de-link\" href=\"https:\/\/goias.gov.br\/economia\/atendimento-da-receita\/\">Atendimento da Receita<\/a><\/li><\/ul><ul id=\"letra-B\" class=\"letra-lista\"><li class=\"letra-titulo\"><strong>B<\/strong><\/li><\/ul><ul id=\"letra-C\" class=\"letra-lista\"><li class=\"letra-titulo\"><strong>C<\/strong><\/li><li><a class=\"seu-estilo-de-link\" href=\"https:\/\/goias.gov.br\/economia\/cadin\/\">CADIN Estadual<\/a><\/li><li><a class=\"seu-estilo-de-link\" href=\"https:\/\/goias.gov.br\/economia\/cadeia-de-certificados\/\">Cadeia de Certificados<\/a><\/li><li><a class=\"seu-estilo-de-link\" href=\"https:\/\/goias.gov.br\/economia\/cancelamento-de-tare-termo-de-acordo-de-regime-especial\/\">Cancelamento de TARE \u2013 Termo de Acordo de Regime Especial<\/a><\/li><li><a class=\"seu-estilo-de-link\" href=\"https:\/\/goias.gov.br\/economia\/certidao-negativa-de-debito\/\">Certid\u00e3o Negativa de D\u00e9bito<\/a><\/li><li><a class=\"seu-estilo-de-link\" href=\"https:\/\/goias.gov.br\/economia\/concurso-fisco-2018\/\">Concurso do Fisco 2018<\/a><\/li><li><a class=\"seu-estilo-de-link\" href=\"https:\/\/goias.gov.br\/economia\/consulta-regimes-especiais-tare-e-te\/\">Consulta Regimes Especiais (TARE e TE)<\/a><\/li><li><a class=\"seu-estilo-de-link\" href=\"https:\/\/goias.gov.br\/economia\/consultar-termo-de-credenciamento\/\">Consultar Termo de Credenciamento<\/a><\/li><li><a class=\"seu-estilo-de-link\" href=\"https:\/\/goias.gov.br\/economia\/consultar-termo-de-credenciamento-de-frete\/\">Consultar Termo de Credenciamento de Frete<\/a><\/li><li><a class=\"seu-estilo-de-link\" href=\"https:\/\/goias.gov.br\/economia\/?p=29474\">Consultas P\u00fablicas<\/a><\/li><li><a class=\"seu-estilo-de-link\" href=\"https:\/\/goias.gov.br\/economia\/convenio-115-2003-energia-e-telecomunicacoes\/\">Conv\u00eanio 115\/2003: Energia e Telecomunica\u00e7\u00f5es<\/a><\/li><li><a class=\"seu-estilo-de-link\" href=\"https:\/\/goias.gov.br\/economia\/credenciamento-para-transmissao-do-scanc-operacoes-com-combustiveis\/\">Credenciamento para Transmiss\u00e3o do SCANC (Opera\u00e7\u00f5es com Combust\u00edveis)<\/a><\/li><li><a class=\"seu-estilo-de-link\" href=\"https:\/\/goias.gov.br\/economia\/credito\/\">Cr\u00e9dito<\/a><\/li><\/ul><ul id=\"letra-D\" class=\"letra-lista\"><li class=\"letra-titulo\"><strong>D<\/strong><\/li><li><a class=\"seu-estilo-de-link\" href=\"https:\/\/goias.gov.br\/economia\/documentos-exigidos-por-evento-cadastral\/\">Documentos exigidos por evento cadastral<\/a><\/li><\/ul><ul id=\"letra-E\" class=\"letra-lista\"><li class=\"letra-titulo\"><strong>E<\/strong><\/li><li><a class=\"seu-estilo-de-link\" href=\"https:\/\/goias.gov.br\/economia\/ecf-emissor-de-cupom-fiscal\/\">ECF \u2013 Emissor de Cupom Fiscal<\/a><\/li><li><a class=\"seu-estilo-de-link\" href=\"https:\/\/goias.gov.br\/economia\/escrituracao-fiscal-digital\/\">Escritura\u00e7\u00e3o Fiscal Digital<\/a><\/li><li><a class=\"seu-estilo-de-link\" href=\"https:\/\/goias.gov.br\/economia\/excluidos-do-simples-nacional-podem-pedir-novo-ingresso-ate-dia-31\/\">Exclu\u00eddos do Simples Nacional podem pedir novo ingresso at\u00e9 dia 31<\/a><\/li><li><a class=\"seu-estilo-de-link\" href=\"https:\/\/goias.gov.br\/economia\/exportacao\/\">Exporta\u00e7\u00e3o<\/a><\/li><li><a class=\"seu-estilo-de-link\" href=\"https:\/\/goias.gov.br\/economia\/e-parcelamento-perguntas-e-respostas\/\">e-Parcelamento: Perguntas e Respostas<\/a><\/li><\/ul><ul id=\"letra-F\" class=\"letra-lista\"><li class=\"letra-titulo\"><strong>F<\/strong><\/li><li><a class=\"seu-estilo-de-link\" href=\"https:\/\/goias.gov.br\/economia\/fundeinfra-2\/\">Fundeinfra<\/a><\/li><\/ul><ul id=\"letra-I\" class=\"letra-lista\"><li class=\"letra-titulo\"><strong>I<\/strong><\/li><li><a class=\"seu-estilo-de-link\" href=\"https:\/\/goias.gov.br\/economia\/integracao-gta-e-nfa-e\/\">INTEGRA\u00c7\u00c3O GTA E NFA-e<\/a><\/li><li><a class=\"seu-estilo-de-link\" href=\"https:\/\/goias.gov.br\/economia\/infor\/\">Informa\u00e7\u00f5es sobre DARE<\/a><\/li><li><a class=\"seu-estilo-de-link\" href=\"https:\/\/goias.gov.br\/economia\/instrucoes-para-atualizacao\/\">Instru\u00e7\u00f5es para atualiza\u00e7\u00e3o<\/a><\/li><li><a class=\"seu-estilo-de-link\" href=\"https:\/\/goias.gov.br\/economia\/isencao-do-icms\/\">Isen\u00e7\u00e3o do ICMS<\/a><\/li><\/ul><ul id=\"letra-L\" class=\"letra-lista\"><li class=\"letra-titulo\"><strong>L<\/strong><\/li><li><a class=\"seu-estilo-de-link\" href=\"https:\/\/goias.gov.br\/economia\/legislacao-sedif-sn-destda\/\">Legisla\u00e7\u00e3o SEDIF-SN \/ DeSTDA<\/a><\/li><li><a class=\"seu-estilo-de-link\" href=\"https:\/\/goias.gov.br\/economia\/links-para-outros-orgaos-administrativos-tributarios-de-julgamento-colegiado\/\">Links para outros \u00d3rg\u00e3os Administrativos Tribut\u00e1rios de Julgamento Colegiado<\/a><\/li><li><a class=\"seu-estilo-de-link\" href=\"https:\/\/goias.gov.br\/economia\/lista-de-servicos-da-receita-estadual-comercio-exterior\/\">Lista de Servi\u00e7os da Receita Estadual: Com\u00e9rcio Exterior<\/a><\/li><li><a class=\"seu-estilo-de-link\" href=\"https:\/\/goias.gov.br\/economia\/lista-de-servicos-da-receita-estadual-controle-fiscal\/\">Lista de Servi\u00e7os da Receita Estadual: Controle Fiscal<\/a><\/li><li><a class=\"seu-estilo-de-link\" href=\"https:\/\/goias.gov.br\/economia\/lista-de-servicos-da-receita-estadual-controle-de-creditos\/\">Lista de Servi\u00e7os da Receita Estadual: Controle de Cr\u00e9ditos<\/a><\/li><\/ul><ul id=\"letra-M\" class=\"letra-lista\"><li class=\"letra-titulo\"><strong>M<\/strong><\/li><li><a class=\"seu-estilo-de-link\" href=\"https:\/\/goias.gov.br\/economia\/manifestacao-do-destinatario\/\">Manifesta\u00e7\u00e3o do Destinat\u00e1rio<\/a><\/li><\/ul><ul id=\"letra-N\" class=\"letra-lista\"><li class=\"letra-titulo\"><strong>N<\/strong><\/li><li><a class=\"seu-estilo-de-link\" href=\"https:\/\/goias.gov.br\/economia\/notificacao-de-lancamento-informacoes-e-dare-atualizado-versao-3\/\">Notifica\u00e7\u00e3o de Lan\u00e7amento: informa\u00e7\u00f5es e DARE atualizado (Vers\u00e3o 3 )<\/a><\/li><\/ul><ul id=\"letra-O\" class=\"letra-lista\"><li class=\"letra-titulo\"><strong>O<\/strong><\/li><li><a class=\"seu-estilo-de-link\" href=\"https:\/\/goias.gov.br\/economia\/operacoes-com-agua-mineral\/\">Opera\u00e7\u00f5es com \u00c1gua Mineral<\/a><\/li><li><a class=\"seu-estilo-de-link\" href=\"https:\/\/goias.gov.br\/economia\/orientacao-tributaria1\/\">Orienta\u00e7\u00e3o Tribut\u00e1ria<\/a><\/li><li><a class=\"seu-estilo-de-link\" href=\"https:\/\/goias.gov.br\/economia\/orientacoes-indeferimento12\/\">Orienta\u00e7\u00f5es Indeferimento12<\/a><\/li><\/ul><ul id=\"letra-P\" class=\"letra-lista\"><li class=\"letra-titulo\"><strong>P<\/strong><\/li><li><a class=\"seu-estilo-de-link\" href=\"https:\/\/goias.gov.br\/economia\/pagamento-fundeinfra-credenciamento-para-dispensa-de-pagamento-antecipado-dispensa-de-substituicao-do-frete-in-180-2019\/\">Pagamento FUNDEINFRA \/Credenciamento para Dispensa de Pagamento Antecipado\/Dispensa de substitui\u00e7\u00e3o do Frete (IN 180\/2019)<\/a><\/li><li><a class=\"seu-estilo-de-link\" href=\"https:\/\/goias.gov.br\/economia\/pauta-de-valores-referenciais-do-icms\/\">Pauta de Valores Referenciais do ICMS<\/a><\/li><li><a class=\"seu-estilo-de-link\" href=\"https:\/\/goias.gov.br\/economia\/portal-expresso-ficara-indisponivel-por-10-horas-neste-final-de-semana\/\">Portal Expresso ficar\u00e1 indispon\u00edvel por 10 horas neste final de semana<\/a><\/li><li><a class=\"seu-estilo-de-link\" href=\"https:\/\/goias.gov.br\/economia\/prazos-de-transmissao-da-destda\/\">Prazos de Transmiss\u00e3o da DeSTDA<\/a><\/li><li><a class=\"seu-estilo-de-link\" href=\"https:\/\/goias.gov.br\/economia\/progoias\/\">ProGoi\u00e1s<\/a><\/li><li><a class=\"seu-estilo-de-link\" href=\"https:\/\/goias.gov.br\/economia\/procedimentos-necessarios-para-o-cadastramento-de-senha\/\">Procedimentos necess\u00e1rios para o cadastramento de senha<\/a><\/li><li><a class=\"seu-estilo-de-link\" href=\"https:\/\/goias.gov.br\/economia\/processo-de-consulta-formal\/\">Processo de Consulta Formal<\/a><\/li><li><a class=\"seu-estilo-de-link\" href=\"https:\/\/goias.gov.br\/economia\/projeto-simplicado\/\">Projeto Simplicado<\/a><\/li><\/ul><ul id=\"letra-R\" class=\"letra-lista\"><li class=\"letra-titulo\"><strong>R<\/strong><\/li><li><a class=\"seu-estilo-de-link\" href=\"https:\/\/goias.gov.br\/economia\/recopi-nacional\/\">RECOPI NACIONAL<\/a><\/li><li><a class=\"seu-estilo-de-link\" href=\"https:\/\/goias.gov.br\/economia\/regularizacao-de-precariedades\/\">Regulariza\u00e7\u00e3o de Precariedades<\/a><\/li><\/ul><ul id=\"letra-S\" class=\"letra-lista\"><li class=\"letra-titulo\"><strong>S<\/strong><\/li><li><a class=\"seu-estilo-de-link\" href=\"https:\/\/goias.gov.br\/economia\/selecao-de-acordaos\/\">Sele\u00e7\u00e3o de Ac\u00f3rd\u00e3os<\/a><\/li><li><a class=\"seu-estilo-de-link\" href=\"https:\/\/goias.gov.br\/economia\/?p=28014\">Simples Nacional<\/a><\/li><li><a class=\"seu-estilo-de-link\" href=\"https:\/\/goias.gov.br\/economia\/sintegra\/\">Sintegra<\/a><\/li><li><a class=\"seu-estilo-de-link\" href=\"https:\/\/goias.gov.br\/economia\/sobre-o-dte\/\">Sobre o DTE<\/a><\/li><li><a class=\"seu-estilo-de-link\" href=\"https:\/\/goias.gov.br\/economia\/solicitacao-de-celebracao-de-tare-termo-de-acordo-de-regime-especial\/\">Solicita\u00e7\u00e3o de celebra\u00e7\u00e3o de TARE \u2013 Termo de Acordo de Regime Especial<\/a><\/li><li><a class=\"seu-estilo-de-link\" href=\"https:\/\/goias.gov.br\/economia\/sped-contabil\/\">Sped Cont\u00e1bil<\/a><\/li><li><a class=\"seu-estilo-de-link\" href=\"https:\/\/goias.gov.br\/economia\/substituicao-tributaria-diferencial-de-aliquotas\/\">Substitui\u00e7\u00e3o Tribut\u00e1ria\/Diferencial de Al\u00edquotas<\/a><\/li><\/ul><ul id=\"letra-T\" class=\"letra-lista\"><li class=\"letra-titulo\"><strong>T<\/strong><\/li><li><a class=\"seu-estilo-de-link\" href=\"https:\/\/goias.gov.br\/economia\/?p=24349\">Tesouro Verde<\/a><\/li><\/ul><\/div>\n","protected":false},"excerpt":{"rendered":"","protected":false},"author":1,"featured_media":0,"parent":0,"menu_order":0,"comment_status":"closed","ping_status":"closed","template":"","meta":{"footnotes":""},"class_list":["post-39038","page","type-page","status-publish","hentry"],"rttpg_featured_image_url":null,"rttpg_author":{"display_name":"wagner.viana","author_link":"https:\/\/goias.gov.br\/economia\/author\/wagner-viana\/"},"rttpg_comment":0,"rttpg_category":null,"rttpg_excerpt":null,"_links":{"self":[{"href":"https:\/\/goias.gov.br\/economia\/wp-json\/wp\/v2\/pages\/39038","targetHints":{"allow":["GET"]}}],"collection":[{"href":"https:\/\/goias.gov.br\/economia\/wp-json\/wp\/v2\/pages"}],"about":[{"href":"https:\/\/goias.gov.br\/economia\/wp-json\/wp\/v2\/types\/page"}],"author":[{"embeddable":true,"href":"https:\/\/goias.gov.br\/economia\/wp-json\/wp\/v2\/users\/1"}],"replies":[{"embeddable":true,"href":"https:\/\/goias.gov.br\/economia\/wp-json\/wp\/v2\/comments?post=39038"}],"version-history":[{"count":2,"href":"https:\/\/goias.gov.br\/economia\/wp-json\/wp\/v2\/pages\/39038\/revisions"}],"predecessor-version":[{"id":39473,"href":"https:\/\/goias.gov.br\/economia\/wp-json\/wp\/v2\/pages\/39038\/revisions\/39473"}],"wp:attachment":[{"href":"https:\/\/goias.gov.br\/economia\/wp-json\/wp\/v2\/media?parent=39038"}],"curies":[{"name":"wp","href":"https:\/\/api.w.org\/{rel}","templated":true}]}}