

{"id":19528,"date":"2024-01-30T16:37:44","date_gmt":"2024-01-30T19:37:44","guid":{"rendered":"https:\/\/siteshom.goias.gov.br\/economia\/agenda-de-autoridades\/"},"modified":"2026-04-08T04:39:46","modified_gmt":"2026-04-08T07:39:46","slug":"agenda-de-autoridades","status":"publish","type":"page","link":"https:\/\/goias.gov.br\/economia\/agenda-de-autoridades\/","title":{"rendered":"Agenda de Autoridades"},"content":{"rendered":"<p><strong style='margin-block-end: -1.8rem'><a href='https:\/\/goias.gov.br\/economia\/secretario-de-estado\/'>Secret\u00e1rio de Estado<\/a><\/strong><br \/>FRANCISCO SERVULO FREIRE NOGUEIRA<\/p>\n<p><strong style='margin-block-end: -1.8rem'><a href='https:\/\/goias.gov.br\/economia\/chefe-de-gabinete\/'>Chefe de Gabinete<\/a><\/strong><br \/>JOAO PAULO MARRA DANTAS<\/p>\n<p><strong style='margin-block-end: -1.8rem'><a href='https:\/\/goias.gov.br\/economia\/secretaria-adjunta\/'>Secret\u00e1ria-Adjunta<\/a><\/strong><br \/>RENATA LACERDA NOLETO<\/p>\n<p><strong style='margin-block-end: -1.8rem'><a href='https:\/\/goias.gov.br\/economia\/subsecretario-da-receita-estadual\/'>Subsecret\u00e1rio da Receita Estadual<\/a><\/strong><br \/>WAYSER LUIZ PEREIRA<\/p>\n<p><strong style='margin-block-end: -1.8rem'><a href='https:\/\/goias.gov.br\/economia\/assessor-da-receita-estadual\/'>Assessor da Receita Estadual<\/a><\/strong><br \/>ALCIR CORREIA DOS REIS<\/p>\n<p><strong style='margin-block-end: -1.8rem'><a href='https:\/\/goias.gov.br\/economia\/superintendente-de-recuperacao-de-credito\/'>Superintendente de Recupera\u00e7\u00e3o de Cr\u00e9dito<\/a><\/strong><br \/>FABIANO GOMES DE PAULA<\/p>\n<p><strong style='margin-block-end: -1.8rem'><a href='https:\/\/goias.gov.br\/economia\/superintendente-de-informacoes-fiscais\/'>Superintendente de Informa\u00e7\u00f5es Fiscais<\/a><\/strong><br \/>DEIBE PAIVA LIMA<\/p>\n<p><strong style='margin-block-end: -1.8rem'><a href='https:\/\/goias.gov.br\/economia\/superintendente-de-controle-e-auditoria\/'>Superintendente de Controle e Auditoria<\/a><\/strong><br \/>MARCELO DE MESQUITA LIMA<\/p>\n<p><strong style='margin-block-end: -1.8rem'><a href='https:\/\/goias.gov.br\/economia\/superintendente-de-politica-tributaria\/'>Superintendente de Pol\u00edtica Tribut\u00e1ria<\/a><\/strong><br \/>ALYNE ANTEVELI OSAJIMA<\/p>\n<p><strong style='margin-block-end: -1.8rem'><a href='https:\/\/goias.gov.br\/economia\/assessor-especial-de-monitoramento-fiscal-e-planejamento-financeiro\/'>Assessor Especial de Monitoramento Fiscal e Planejamento Financeiro<\/a><\/strong><br \/>DIEGO COTA PACHECO<\/p>\n<p><strong style='margin-block-end: -1.8rem'><a href='https:\/\/goias.gov.br\/economia\/subsecretario-do-tesouro-estadual\/'>Subsecret\u00e1rio do Tesouro Estadual<\/a><\/strong><br \/>WEDERSON XAVIER DE OLIVEIRA<\/p>\n<p><strong style='margin-block-end: -1.8rem'><a href='https:\/\/goias.gov.br\/economia\/superintendente-contabil\/'>Superintendente Cont\u00e1bil<\/a><\/strong><br \/>RICARDO BORGES DE REZENDE<\/p>\n<p><strong style='margin-block-end: -1.8rem'><a href='https:\/\/goias.gov.br\/economia\/superintendente-financeiro-2\/'>Superintendente Financeiro<\/a><\/strong><br \/>JULIANA CAMILO MANZI PORTO<\/p>\n<p><strong style='margin-block-end: -1.8rem'><a href='https:\/\/goias.gov.br\/economia\/subsecretario-central-de-orcamento\/'>Subsecret\u00e1rio Central de Or\u00e7amento<\/a><\/strong><br \/>MARIO MENDES BARBOSA JUNIOR<\/p>\n<p><strong style='margin-block-end: -1.8rem'><a href='https:\/\/goias.gov.br\/economia\/superintendente-de-monitoramento-da-execucao-orcamentaria\/'>Superintendente de Monitoramento da Execu\u00e7\u00e3o Or\u00e7ament\u00e1ria<\/a><\/strong><br \/>JUAREZ REIS ROSA DE SOUZA<\/p>\n<p><strong style='margin-block-end: -1.8rem'><a href='https:\/\/goias.gov.br\/economia\/superintendente-de-orcamento\/'>Superintendente de Or\u00e7amento<\/a><\/strong><br \/>KELLEN KRIS BUENO CARDOSO<\/p>\n<p><strong style='margin-block-end: -1.8rem'><a href='https:\/\/goias.gov.br\/economia\/subsecretario-central-de-planejamento-monitoramento-e-avaliacao\/'>Subsecret\u00e1rio Central de Planejamento, Monitoramento e Avalia\u00e7\u00e3o<\/a><\/strong><br \/>CARGO VAGO<\/p>\n<p><strong style='margin-block-end: -1.8rem'><a href='#'>Subsecret\u00e1ria Central de Planejamento, Monitoramento e Avalia\u00e7\u00e3o<\/a><\/strong><br \/>DANIELLE GOMES DE OLIVEIRA<\/p>\n<p><strong style='margin-block-end: -1.8rem'><a href='https:\/\/goias.gov.br\/economia\/superintendente-de-gestao-integrada\/'>Superintendente de Gest\u00e3o Integrada<\/a><\/strong><br \/>D\u00c9SIR\u00c9E GABRIELA THON<\/p>\n<p><strong style='margin-block-end: -1.8rem'><a href='https:\/\/goias.gov.br\/economia\/superintendente-de-planejamento-e-desenvolvimento\/'>Superintendente de Planejamento e Desenvolvimento<\/a><\/strong><br \/>CAMILA VITO SILVA<\/p>\n<p><strong style='margin-block-end: -1.8rem'><a href='https:\/\/goias.gov.br\/economia\/superintendente-de-tecnologia-da-informacao\/'>Superintendente de Tecnologia da Informa\u00e7\u00e3o<\/a><\/strong><br \/>BRUNO POVOA LEAL<\/p>\n<p><strong style='margin-block-end: -1.8rem'><a href='https:\/\/goias.gov.br\/economia\/superintendente-de-monitoramento-e-avaliacao\/'>Superintendente de Monitoramento e Avalia\u00e7\u00e3o<\/a><\/strong><br \/>DAIANY DE OLIVEIRA SANTOS<\/p>\n<p><strong style='margin-block-end: -1.8rem'><a href='https:\/\/goias.gov.br\/economia\/chefe-da-procuradoria-setorial\/'>Chefe da Procuradoria Setorial<\/a><\/strong><br \/>RODRIGO DE LUQUI ALMEIDA SILVA<\/p>\n<p><strong style='margin-block-end: -1.8rem'><a href='https:\/\/goias.gov.br\/economia\/chefe-do-escritorio-de-projetos-setorial\/'>Chefe do Escrit\u00f3rio de Projetos Setorial<\/a><\/strong><br \/>DANIELLA BALBINO ALVES<\/p>\n<p><strong style='margin-block-end: -1.8rem'><a href='https:\/\/goias.gov.br\/economia\/chefe-da-comunicacao-setorial\/'>Chefe da Comunica\u00e7\u00e3o Setorial<\/a><\/strong><br \/>FABRICIO OLIVEIRA ARRUDA<\/p>\n<p><strong style='margin-block-end: -1.8rem'><a href='https:\/\/goias.gov.br\/economia\/assessor-de-representacao-fazendaria\/'>Assessor de Representa\u00e7\u00e3o Fazend\u00e1ria<\/a><\/strong><br \/>VICTOR AUGUSTO DE FARIA MORATO<\/p>\n<p><strong style='margin-block-end: -1.8rem'><a href='https:\/\/goias.gov.br\/economia\/chefe-da-corregedoria-fiscal\/'>Chefe da Corregedoria Fiscal<\/a><\/strong><br \/>ROGERIO RODRIGUES REZENDE<\/p>\n<p><strong style='margin-block-end: -1.8rem'><a href='https:\/\/goias.gov.br\/economia\/presidente-do-conselho-administrativo-e-tributario\/'>Presidente do Conselho Administrativo e Tribut\u00e1rio<\/a><\/strong><br \/>LIDILONE POLIZELI BENTO<\/p>\n<p><strong style='margin-block-end: -1.8rem'><a href='https:\/\/goias.gov.br\/economia\/superintendente-de-fiscalizacao-regionalizada\/'>Superintendente de Fiscaliza\u00e7\u00e3o Regionalizada<\/a><\/strong><br \/>GUSTAVO HENRIQUE DOS REIS CARDOSO<\/p>\n<p><strong style='margin-block-end: -1.8rem'><a href='https:\/\/goias.gov.br\/economia\/diretor-executivo-do-profisco\/'>Diretor-executivo do PROFISCO<\/a><\/strong><br \/>AUBIRLAN BORGES VITOI<\/p>\n<p><strong style='margin-block-end: -1.8rem'><a href='https:\/\/goias.gov.br\/economia\/coordenador-tecnico-do-profisco\/'>Coordenador T\u00e9cnico do PROFISCO<\/a><\/strong><br \/>GLAUCUS MOREIRA NASCIMENTO E SILVA<\/p>\n<p><strong style='margin-block-end: -1.8rem'><a href='https:\/\/goias.gov.br\/economia\/coordenadora-de-planejamento-e-monitoramento-do-profisco\/'>Coordenadora de Planejamento e Monitoramento do PROFISCO<\/a><\/strong><br \/>GISELLE RIOS MONTEIRO DE DEUS ROCHA<\/p>\n<p><strong style='margin-block-end: -1.8rem'><a href='https:\/\/goias.gov.br\/economia\/coordenadora-de-aquisicoes-do-profisco\/'>Coordenadora de Aquisi\u00e7\u00f5es do PROFISCO<\/a><\/strong><br \/>DANIELA HINHUG VILARINHO<\/p>\n","protected":false},"excerpt":{"rendered":"<p>Secret\u00e1rio de EstadoFRANCISCO SERVULO FREIRE NOGUEIRA Chefe de GabineteJOAO PAULO MARRA DANTAS Secret\u00e1ria-AdjuntaRENATA LACERDA NOLETO Subsecret\u00e1rio da Receita EstadualWAYSER LUIZ PEREIRA Assessor da Receita EstadualALCIR CORREIA DOS REIS Superintendente de Recupera\u00e7\u00e3o de Cr\u00e9ditoFABIANO GOMES DE PAULA Superintendente de Informa\u00e7\u00f5es FiscaisDEIBE PAIVA LIMA Superintendente de Controle e AuditoriaMARCELO DE MESQUITA LIMA Superintendente de Pol\u00edtica Tribut\u00e1riaALYNE ANTEVELI [&hellip;]<\/p>\n","protected":false},"author":364,"featured_media":0,"parent":0,"menu_order":0,"comment_status":"closed","ping_status":"closed","template":"","meta":{"footnotes":""},"class_list":["post-19528","page","type-page","status-publish","hentry"],"rttpg_featured_image_url":null,"rttpg_author":{"display_name":"denissilva","author_link":"https:\/\/goias.gov.br\/economia\/author\/denissilva\/"},"rttpg_comment":0,"rttpg_category":null,"rttpg_excerpt":"Secret\u00e1rio de EstadoFRANCISCO SERVULO FREIRE NOGUEIRA Chefe de GabineteJOAO PAULO MARRA DANTAS Secret\u00e1ria-AdjuntaRENATA LACERDA NOLETO Subsecret\u00e1rio da Receita EstadualWAYSER LUIZ PEREIRA Assessor da Receita EstadualALCIR CORREIA DOS REIS Superintendente de Recupera\u00e7\u00e3o de Cr\u00e9ditoFABIANO GOMES DE PAULA Superintendente de Informa\u00e7\u00f5es FiscaisDEIBE PAIVA LIMA Superintendente de Controle e AuditoriaMARCELO DE MESQUITA LIMA Superintendente de Pol\u00edtica Tribut\u00e1riaALYNE ANTEVELI&hellip;","_links":{"self":[{"href":"https:\/\/goias.gov.br\/economia\/wp-json\/wp\/v2\/pages\/19528","targetHints":{"allow":["GET"]}}],"collection":[{"href":"https:\/\/goias.gov.br\/economia\/wp-json\/wp\/v2\/pages"}],"about":[{"href":"https:\/\/goias.gov.br\/economia\/wp-json\/wp\/v2\/types\/page"}],"author":[{"embeddable":true,"href":"https:\/\/goias.gov.br\/economia\/wp-json\/wp\/v2\/users\/364"}],"replies":[{"embeddable":true,"href":"https:\/\/goias.gov.br\/economia\/wp-json\/wp\/v2\/comments?post=19528"}],"version-history":[{"count":2,"href":"https:\/\/goias.gov.br\/economia\/wp-json\/wp\/v2\/pages\/19528\/revisions"}],"predecessor-version":[{"id":441089,"href":"https:\/\/goias.gov.br\/economia\/wp-json\/wp\/v2\/pages\/19528\/revisions\/441089"}],"wp:attachment":[{"href":"https:\/\/goias.gov.br\/economia\/wp-json\/wp\/v2\/media?parent=19528"}],"curies":[{"name":"wp","href":"https:\/\/api.w.org\/{rel}","templated":true}]}}