

{"id":19434,"date":"2024-01-29T17:45:11","date_gmt":"2024-01-29T20:45:11","guid":{"rendered":"https:\/\/siteshom.goias.gov.br\/economia\/?page_id=19434"},"modified":"2026-02-26T11:00:50","modified_gmt":"2026-02-26T14:00:50","slug":"boletins-e-relatorios","status":"publish","type":"page","link":"https:\/\/goias.gov.br\/economia\/boletins-e-relatorios\/","title":{"rendered":"BOLETINS E RELAT\u00d3RIOS"},"content":{"rendered":"\t\t<div data-elementor-type=\"wp-page\" data-elementor-id=\"19434\" class=\"elementor elementor-19434\">\n\t\t\t\t<div class=\"elementor-element elementor-element-418bcb3 e-flex e-con-boxed e-con e-parent\" data-id=\"418bcb3\" data-element_type=\"container\" data-e-type=\"container\">\n\t\t\t\t\t<div class=\"e-con-inner\">\n\t\t<div class=\"elementor-element elementor-element-8eb4e9c e-con-full e-flex e-con e-child\" data-id=\"8eb4e9c\" data-element_type=\"container\" data-e-type=\"container\">\n\t\t\t\t<div class=\"elementor-element elementor-element-ee04afd elementor-widget elementor-widget-image\" data-id=\"ee04afd\" data-element_type=\"widget\" data-e-type=\"widget\" data-widget_type=\"image.default\">\n\t\t\t\t\t\t\t\t\t\t\t\t\t\t\t\t<a href=\"https:\/\/goias.gov.br\/economia\/boletins-2\/\">\n\t\t\t\t\t\t\t<img decoding=\"async\" src=\"https:\/\/goias.gov.br\/economia\/wp-content\/uploads\/sites\/45\/2024\/03\/boletins.png\" title=\"\" alt=\"\" loading=\"lazy\" \/>\t\t\t\t\t\t\t\t<\/a>\n\t\t\t\t\t\t\t\t\t\t\t\t\t\t\t<\/div>\n\t\t\t\t<\/div>\n\t\t<div class=\"elementor-element elementor-element-83c8d49 e-con-full e-flex e-con e-child\" data-id=\"83c8d49\" data-element_type=\"container\" data-e-type=\"container\">\n\t\t\t\t<div class=\"elementor-element elementor-element-a9a5365 elementor-widget elementor-widget-image\" data-id=\"a9a5365\" data-element_type=\"widget\" data-e-type=\"widget\" data-widget_type=\"image.default\">\n\t\t\t\t\t\t\t\t\t\t\t\t\t\t\t\t<a href=\"https:\/\/goias.gov.br\/economia\/balancos\/\">\n\t\t\t\t\t\t\t<img decoding=\"async\" src=\"https:\/\/goias.gov.br\/economia\/wp-content\/uploads\/sites\/45\/2025\/06\/RELATORIOS-01-1.png\" title=\"\" alt=\"\" loading=\"lazy\" \/>\t\t\t\t\t\t\t\t<\/a>\n\t\t\t\t\t\t\t\t\t\t\t\t\t\t\t<\/div>\n\t\t\t\t<\/div>\n\t\t\t\t\t<\/div>\n\t\t\t\t<\/div>\n\t\t<div class=\"elementor-element elementor-element-5e814bc e-flex e-con-boxed e-con e-parent\" data-id=\"5e814bc\" data-element_type=\"container\" data-e-type=\"container\" data-settings=\"{&quot;background_background&quot;:&quot;classic&quot;}\">\n\t\t\t\t\t<div class=\"e-con-inner\">\n\t\t\t\t<div class=\"elementor-element elementor-element-72ebab8 elementor-widget elementor-widget-text-editor\" data-id=\"72ebab8\" data-element_type=\"widget\" data-e-type=\"widget\" data-widget_type=\"text-editor.default\">\n\t\t\t\t\t\t\t\t\t<div style=\"text-align: left;\"><p>Neste espa\u00e7o, voc\u00ea ter\u00e1 acesso aos informativos e boletins produzidos pela Secretaria da Economia. Basta escolher o conte\u00fado e clicar sobre ele.<\/p><p>Os boletins e informativos da Secretaria de Estado da Economia de Goi\u00e1s t\u00eam como finalidade evidenciar as principais a\u00e7\u00f5es desenvolvidas, assim como divulgar diversos indicadores que permitam \u00e0 popula\u00e7\u00e3o em geral verificar os avan\u00e7os alcan\u00e7ados e os desafios que ainda precisam ser vencidos nas diversas \u00e1reas contempladas pela Secretaria da Economia. \u00c9 uma forma de contribuir para a moderniza\u00e7\u00e3o da gest\u00e3o p\u00fablica, aumento da transpar\u00eancia e do controle social, al\u00e9m de colaborar na melhoria dos gastos p\u00fablicos e efetividade das pol\u00edticas p\u00fablicas.<\/p><\/div>\t\t\t\t\t\t\t\t<\/div>\n\t\t\t\t\t<\/div>\n\t\t\t\t<\/div>\n\t\t\t\t<\/div>\n\t\t","protected":false},"excerpt":{"rendered":"<p>Neste espa\u00e7o, voc\u00ea ter\u00e1 acesso aos informativos e boletins produzidos pela Secretaria da Economia. Basta escolher o conte\u00fado e clicar sobre ele. Os boletins e informativos da Secretaria de Estado da Economia de Goi\u00e1s t\u00eam como finalidade evidenciar as principais a\u00e7\u00f5es desenvolvidas, assim como divulgar diversos indicadores que permitam \u00e0 popula\u00e7\u00e3o em geral verificar os [&hellip;]<\/p>\n","protected":false},"author":77,"featured_media":0,"parent":0,"menu_order":0,"comment_status":"closed","ping_status":"closed","template":"","meta":{"footnotes":""},"class_list":["post-19434","page","type-page","status-publish","hentry"],"rttpg_featured_image_url":null,"rttpg_author":{"display_name":"barbaragodoy","author_link":"https:\/\/goias.gov.br\/economia\/author\/barbaragodoy\/"},"rttpg_comment":0,"rttpg_category":null,"rttpg_excerpt":"Neste espa\u00e7o, voc\u00ea ter\u00e1 acesso aos informativos e boletins produzidos pela Secretaria da Economia. Basta escolher o conte\u00fado e clicar sobre ele. Os boletins e informativos da Secretaria de Estado da Economia de Goi\u00e1s t\u00eam como finalidade evidenciar as principais a\u00e7\u00f5es desenvolvidas, assim como divulgar diversos indicadores que permitam \u00e0 popula\u00e7\u00e3o em geral verificar os&hellip;","_links":{"self":[{"href":"https:\/\/goias.gov.br\/economia\/wp-json\/wp\/v2\/pages\/19434","targetHints":{"allow":["GET"]}}],"collection":[{"href":"https:\/\/goias.gov.br\/economia\/wp-json\/wp\/v2\/pages"}],"about":[{"href":"https:\/\/goias.gov.br\/economia\/wp-json\/wp\/v2\/types\/page"}],"author":[{"embeddable":true,"href":"https:\/\/goias.gov.br\/economia\/wp-json\/wp\/v2\/users\/77"}],"replies":[{"embeddable":true,"href":"https:\/\/goias.gov.br\/economia\/wp-json\/wp\/v2\/comments?post=19434"}],"version-history":[{"count":2,"href":"https:\/\/goias.gov.br\/economia\/wp-json\/wp\/v2\/pages\/19434\/revisions"}],"predecessor-version":[{"id":415352,"href":"https:\/\/goias.gov.br\/economia\/wp-json\/wp\/v2\/pages\/19434\/revisions\/415352"}],"wp:attachment":[{"href":"https:\/\/goias.gov.br\/economia\/wp-json\/wp\/v2\/media?parent=19434"}],"curies":[{"name":"wp","href":"https:\/\/api.w.org\/{rel}","templated":true}]}}