

{"id":19412,"date":"2024-01-29T11:32:24","date_gmt":"2024-01-29T14:32:24","guid":{"rendered":"https:\/\/siteshom.goias.gov.br\/economia\/?page_id=19412"},"modified":"2026-02-24T14:10:07","modified_gmt":"2026-02-24T17:10:07","slug":"fale-conosco","status":"publish","type":"page","link":"https:\/\/goias.gov.br\/economia\/fale-conosco\/","title":{"rendered":"\u00a0Fale Conosco"},"content":{"rendered":"\t\t<div data-elementor-type=\"wp-page\" data-elementor-id=\"19412\" class=\"elementor elementor-19412\">\n\t\t\t\t<div class=\"elementor-element elementor-element-6071393 e-flex e-con-boxed e-con e-parent\" data-id=\"6071393\" data-element_type=\"container\" data-e-type=\"container\">\n\t\t\t\t\t<div class=\"e-con-inner\">\n\t\t<div class=\"elementor-element elementor-element-eae66d6 e-con-full e-flex e-con e-child\" data-id=\"eae66d6\" data-element_type=\"container\" data-e-type=\"container\">\n\t\t\t\t<div class=\"elementor-element elementor-element-9a786c2 elementor-widget elementor-widget-image\" data-id=\"9a786c2\" data-element_type=\"widget\" data-e-type=\"widget\" data-widget_type=\"image.default\">\n\t\t\t\t\t\t\t\t\t\t\t\t\t\t\t\t<a href=\"https:\/\/goias.gov.br\/economia\/atendimento-especial-na-receita-confira-onde-buscar-seu-servico\/\">\n\t\t\t\t\t\t\t<img decoding=\"async\" src=\"https:\/\/goias.gov.br\/economia\/wp-content\/uploads\/sites\/45\/2024\/08\/atendimento_receita-1150x247-px.png\" title=\"\" alt=\"\" loading=\"lazy\" \/>\t\t\t\t\t\t\t\t<\/a>\n\t\t\t\t\t\t\t\t\t\t\t\t\t\t\t<\/div>\n\t\t\t\t<\/div>\n\t\t<div class=\"elementor-element elementor-element-915e345 e-con-full e-flex e-con e-child\" data-id=\"915e345\" data-element_type=\"container\" data-e-type=\"container\">\n\t\t\t\t<div class=\"elementor-element elementor-element-8d170d1 elementor-widget elementor-widget-image\" data-id=\"8d170d1\" data-element_type=\"widget\" data-e-type=\"widget\" data-widget_type=\"image.default\">\n\t\t\t\t\t\t\t\t\t\t\t\t\t\t\t\t<a href=\"https:\/\/goias.gov.br\/economia\/disque-sonegacao\/\">\n\t\t\t\t\t\t\t<img decoding=\"async\" src=\"https:\/\/goias.gov.br\/economia\/wp-content\/uploads\/sites\/45\/2024\/08\/DISK-SONEGACAO-1150x247-px.png\" title=\"\" alt=\"\" loading=\"lazy\" \/>\t\t\t\t\t\t\t\t<\/a>\n\t\t\t\t\t\t\t\t\t\t\t\t\t\t\t<\/div>\n\t\t\t\t<\/div>\n\t\t\t\t\t<\/div>\n\t\t\t\t<\/div>\n\t\t<div class=\"elementor-element elementor-element-d1bcb0e e-flex e-con-boxed e-con e-parent\" data-id=\"d1bcb0e\" data-element_type=\"container\" data-e-type=\"container\">\n\t\t\t\t\t<div class=\"e-con-inner\">\n\t\t<div class=\"elementor-element elementor-element-f807830 e-con-full e-flex e-con e-child\" data-id=\"f807830\" data-element_type=\"container\" data-e-type=\"container\">\n\t\t\t\t<div class=\"elementor-element elementor-element-eccead9 elementor-widget elementor-widget-image\" data-id=\"eccead9\" data-element_type=\"widget\" data-e-type=\"widget\" data-widget_type=\"image.default\">\n\t\t\t\t\t\t\t\t\t\t\t\t\t\t\t\t<a href=\"https:\/\/goias.gov.br\/economia\/enderecos-telefones-e-mails-e-horarios-de-atendimento\/\">\n\t\t\t\t\t\t\t<img decoding=\"async\" src=\"https:\/\/goias.gov.br\/economia\/wp-content\/uploads\/sites\/45\/2024\/08\/banner-site-enderecos.png\" title=\"\" alt=\"\" loading=\"lazy\" \/>\t\t\t\t\t\t\t\t<\/a>\n\t\t\t\t\t\t\t\t\t\t\t\t\t\t\t<\/div>\n\t\t\t\t<\/div>\n\t\t<div class=\"elementor-element elementor-element-9968873 e-con-full e-flex e-con e-child\" data-id=\"9968873\" data-element_type=\"container\" data-e-type=\"container\">\n\t\t\t\t<div class=\"elementor-element elementor-element-8f15b2c elementor-widget elementor-widget-image\" data-id=\"8f15b2c\" data-element_type=\"widget\" data-e-type=\"widget\" data-widget_type=\"image.default\">\n\t\t\t\t\t\t\t\t\t\t\t\t\t\t\t\t<a href=\"https:\/\/www.go.gov.br\/servicos-digitais\/cge\/nova-ouvidoria?orgao=11\">\n\t\t\t\t\t\t\t<img decoding=\"async\" src=\"https:\/\/goias.gov.br\/economia\/wp-content\/uploads\/sites\/45\/2024\/08\/banner-site-ouvidoria.png\" title=\"\" alt=\"\" loading=\"lazy\" \/>\t\t\t\t\t\t\t\t<\/a>\n\t\t\t\t\t\t\t\t\t\t\t\t\t\t\t<\/div>\n\t\t\t\t<\/div>\n\t\t\t\t\t<\/div>\n\t\t\t\t<\/div>\n\t\t<div class=\"elementor-element elementor-element-6bc8332 e-flex e-con-boxed e-con e-parent\" data-id=\"6bc8332\" data-element_type=\"container\" data-e-type=\"container\">\n\t\t\t\t\t<div class=\"e-con-inner\">\n\t\t\t\t<div class=\"elementor-element elementor-element-314f841 elementor-widget elementor-widget-shortcode\" data-id=\"314f841\" data-element_type=\"widget\" data-e-type=\"widget\" data-widget_type=\"shortcode.default\">\n\t\t\t\t\t\t\t<div class=\"elementor-shortcode\"><div data-post-id=\"19649\" class=\"insert-page insert-page-19649 \"><p><strong>Telefones<\/strong><\/p>\n<ul>\n<li>Telefone Geral: (62) 3269-2000 e (62) 3269-2233 das\u00a0<strong>08h \u00e0s 12h\u00a0e\u00a014h \u00e0s 18h<\/strong>\u00a0de segunda a sexta<\/li>\n<li>Telefones da Ouvidoria Setorial: <span data-olk-copy-source=\"MessageBody\">(62) 3309-6780<\/span> \/ (62) 3269-2555 &#8211; das <strong>08hs \u00e0s 12hs<\/strong>\u00a0e das\u00a0<strong>14hs \u00e0s 18hs<\/strong>, de segunda a sexta (exceto feriados)<\/li>\n<li>Telefone exclusivo para o atendimento de Den\u00fancias de Sonega\u00e7\u00e3o Fiscal: 0800 707 8081, das <strong>08h\u00a0\u00e0s\u00a012h\u00a0e\u00a014h\u00a0\u00e0s\u00a018h\u00a0<\/strong>de\u00a0segunda a sexta (exceto feriados)<\/li>\n<\/ul>\n<p><strong>Atendimento presencial<\/strong><\/p>\n<ul>\n<li>O atendimento presencial acontece das\u00a0<strong>08h \u00e0s 12h<\/strong>\u00a0e\u00a0<strong>14h \u00e0s 18h\u00a0<\/strong>(segunda-feira a sexta-feira).<\/li>\n<li>Av. Vereador Jos\u00e9 Monteiro, 2233 \u2013 Setor Nova Vila &#8211; CEP: 74.653-900 \u2013 Goi\u00e2nia\/Goi\u00e1s &#8211;\u00a0<em>CNPJ:\u00a0<\/em>01409655\/0001-80<\/li>\n<li>Atendimento da Ouvidoria Setorial: Complexo fazend\u00e1rio, Bloco A &#8211; Sala 1,<strong>\u00a0desde que agendado, previamente<\/strong>,<strong> pelos telefones: <\/strong><span data-olk-copy-source=\"MessageBody\">(62) 3309-6780<\/span> \/ (62) 3269-2555 ou<strong> e-mail: <\/strong><a href=\"mailto:faleconosco.economia@goias.gov.br\">faleconosco.economia@goias.gov.br<\/a><\/li>\n<li>Delegacias Fiscais e Ag\u00eancias Fazend\u00e1rias Especiais est\u00e3o atendendo presencialmente por agendamento. <a href=\"\/economia\/atendimento-especial-na-receita-confira-onde-buscar-seu-servico\/\">Acesse aqui os contatos<\/a>.<\/li>\n<\/ul>\n<\/div><\/div>\n\t\t\t\t\t\t<\/div>\n\t\t\t\t\t<\/div>\n\t\t\t\t<\/div>\n\t\t\t\t<\/div>\n\t\t","protected":false},"excerpt":{"rendered":"","protected":false},"author":77,"featured_media":0,"parent":0,"menu_order":0,"comment_status":"closed","ping_status":"closed","template":"","meta":{"footnotes":""},"class_list":["post-19412","page","type-page","status-publish","hentry"],"rttpg_featured_image_url":null,"rttpg_author":{"display_name":"barbaragodoy","author_link":"https:\/\/goias.gov.br\/economia\/author\/barbaragodoy\/"},"rttpg_comment":0,"rttpg_category":"","rttpg_excerpt":null,"_links":{"self":[{"href":"https:\/\/goias.gov.br\/economia\/wp-json\/wp\/v2\/pages\/19412","targetHints":{"allow":["GET"]}}],"collection":[{"href":"https:\/\/goias.gov.br\/economia\/wp-json\/wp\/v2\/pages"}],"about":[{"href":"https:\/\/goias.gov.br\/economia\/wp-json\/wp\/v2\/types\/page"}],"author":[{"embeddable":true,"href":"https:\/\/goias.gov.br\/economia\/wp-json\/wp\/v2\/users\/77"}],"replies":[{"embeddable":true,"href":"https:\/\/goias.gov.br\/economia\/wp-json\/wp\/v2\/comments?post=19412"}],"version-history":[{"count":2,"href":"https:\/\/goias.gov.br\/economia\/wp-json\/wp\/v2\/pages\/19412\/revisions"}],"predecessor-version":[{"id":413295,"href":"https:\/\/goias.gov.br\/economia\/wp-json\/wp\/v2\/pages\/19412\/revisions\/413295"}],"wp:attachment":[{"href":"https:\/\/goias.gov.br\/economia\/wp-json\/wp\/v2\/media?parent=19412"}],"curies":[{"name":"wp","href":"https:\/\/api.w.org\/{rel}","templated":true}]}}