

{"id":19318,"date":"2023-08-01T10:32:52","date_gmt":"2023-08-01T13:32:52","guid":{"rendered":"https:\/\/wwwdesenv.joomlamultidesenv.go.gov.br\/economia\/?page_id=9922"},"modified":"2026-02-24T14:29:42","modified_gmt":"2026-02-24T17:29:42","slug":"autorreg-pgto-a-vista","status":"publish","type":"page","link":"https:\/\/goias.gov.br\/economia\/autorreg-pgto-a-vista\/","title":{"rendered":"Autorreg &#8211; Pgto a vista"},"content":{"rendered":"\t\t<div data-elementor-type=\"wp-page\" data-elementor-id=\"19318\" class=\"elementor elementor-19318\">\n\t\t\t\t<div class=\"elementor-element elementor-element-2be212c e-flex e-con-boxed e-con e-parent\" data-id=\"2be212c\" data-element_type=\"container\" data-e-type=\"container\">\n\t\t\t\t\t<div class=\"e-con-inner\">\n\t\t\t\t<div class=\"elementor-element elementor-element-a16af4b elementor-widget elementor-widget-heading\" data-id=\"a16af4b\" data-element_type=\"widget\" data-e-type=\"widget\" data-widget_type=\"heading.default\">\n\t\t\t\t\t<h1 class=\"elementor-heading-title elementor-size-default\">Pagamento \u00e0 vista no emissor de DARE (somente para malhas antigas) <\/h1>\t\t\t\t<\/div>\n\t\t\t\t<div class=\"elementor-element elementor-element-55c0f3b elementor-widget elementor-widget-text-editor\" data-id=\"55c0f3b\" data-element_type=\"widget\" data-e-type=\"widget\" data-widget_type=\"text-editor.default\">\n\t\t\t\t\t\t\t\t\t<p><span class=\"NormalTextRun SCXW264390531 BCX0\">Se j\u00e1 sabe como emitir\u00a0<\/span><span class=\"NormalTextRun SCXW264390531 BCX0\">o DARE\u00a0<\/span><span class=\"NormalTextRun SCXW264390531 BCX0\">clique\u00a0<\/span><span class=\"NormalTextRun ContextualSpellingAndGrammarErrorV2Themed SCXW264390531 BCX0\"><a href=\"https:\/\/amp.sefaz.go.gov.br\/amp-emitir-dare\/\" target=\"_blank\" rel=\"noopener\">aqui<\/a>\u00a0 (<\/span><span class=\"NormalTextRun SCXW264390531 BCX0\">uso obrigat\u00f3rio de certificado digital)<\/span>:<\/p><ul><li><a href=\"https:\/\/argspl.sefaz.go.gov.br\/arg-simplificado\/\">Clique Aqui para Pessoa F\u00edsica<\/a><\/li><li><a href=\"https:\/\/argsplac.sefaz.go.gov.br\/arg-simplificado\/\">Clique Aqui para Pessoa Jur\u00eddica\u00a0<\/a><\/li><\/ul><p><span data-contrast=\"auto\">Para acessar o emissor de DARE, \u00e9 obrigat\u00f3rio utilizar certificado digital de pessoa f\u00edsica (e-CPF) ou pessoa jur\u00eddica (e-CNPJ).<\/span>\u00a0<br \/><span data-contrast=\"auto\">\u00c9\u00a0permitido emitir DARE para um CNPJ diferente daquele utilizado no acesso.<\/span><span data-ccp-props=\"{&quot;134233117&quot;:true,&quot;134233118&quot;:true,&quot;201341983&quot;:0,&quot;335559740&quot;:240}\">\u00a0<\/span><\/p><p><span data-contrast=\"auto\">Este procedimento deve ser utilizado\u00a0<\/span><b><span data-contrast=\"auto\">somente para malhas antigas<\/span><\/b><span data-contrast=\"auto\">, que ainda possuem planilha e cujo detalhamento\u00a0<\/span><b><span data-contrast=\"auto\">n\u00e3o est\u00e1 dispon\u00edvel no\u00a0AutoReg<\/span><\/b><span data-contrast=\"auto\">.<\/span><span data-ccp-props=\"{&quot;134233117&quot;:true,&quot;134233118&quot;:true,&quot;201341983&quot;:0,&quot;335559740&quot;:240}\">\u00a0<\/span><\/p><p><span data-contrast=\"auto\">Para\u00a0<\/span><b><span data-contrast=\"auto\">malhas novas<\/span><\/b><span data-contrast=\"auto\">, o DARE deve ser gerado\u00a0<\/span><b><span data-contrast=\"auto\">diretamente no\u00a0AutoReg<\/span><\/b><span data-contrast=\"auto\">, pelo\u00a0link:<\/span>\u00a0<br \/><a href=\"https:\/\/plataformadigital.sefaz.go.gov.br\/amp\/\"><span data-contrast=\"none\">https:\/\/plataformadigital.sefaz.go.gov.br\/amp\/<\/span><\/a><span data-ccp-props=\"{&quot;134233117&quot;:true,&quot;134233118&quot;:true,&quot;201341983&quot;:0,&quot;335559740&quot;:240}\">\u00a0<\/span><\/p><p><span data-contrast=\"auto\">Ap\u00f3s o pagamento total ou parcial, a baixa da malha ocorre automaticamente, sem necessidade de informar o pagamento.<\/span><span data-ccp-props=\"{&quot;134233117&quot;:true,&quot;134233118&quot;:true,&quot;201341983&quot;:0,&quot;335559740&quot;:240}\">\u00a0<\/span><\/p>\t\t\t\t\t\t\t\t<\/div>\n\t\t\t\t<div class=\"elementor-element elementor-element-221c76d elementor-widget elementor-widget-n-accordion\" data-id=\"221c76d\" data-element_type=\"widget\" data-e-type=\"widget\" data-settings=\"{&quot;default_state&quot;:&quot;all_collapsed&quot;,&quot;max_items_expended&quot;:&quot;one&quot;,&quot;n_accordion_animation_duration&quot;:{&quot;unit&quot;:&quot;ms&quot;,&quot;size&quot;:400,&quot;sizes&quot;:[]}}\" data-widget_type=\"nested-accordion.default\">\n\t\t\t\t\t\t\t<div class=\"e-n-accordion\" aria-label=\"Accordion. Open links with Enter or Space, close with Escape, and navigate with Arrow Keys\">\n\t\t\t\t\t\t<details id=\"e-n-accordion-item-3570\" class=\"e-n-accordion-item\" >\n\t\t\t\t<summary class=\"e-n-accordion-item-title\" data-accordion-index=\"1\" tabindex=\"0\" aria-expanded=\"false\" aria-controls=\"e-n-accordion-item-3570\" >\n\t\t\t\t\t<span class='e-n-accordion-item-title-header'><div class=\"e-n-accordion-item-title-text\"> Descri\u00e7\u00e3o <\/div><\/span>\n\t\t\t\t\t\t\t<span class='e-n-accordion-item-title-icon'>\n\t\t\t<span class='e-opened' ><svg aria-hidden=\"true\" class=\"e-font-icon-svg e-fas-angle-down\" viewBox=\"0 0 320 512\" xmlns=\"http:\/\/www.w3.org\/2000\/svg\"><path d=\"M143 352.3L7 216.3c-9.4-9.4-9.4-24.6 0-33.9l22.6-22.6c9.4-9.4 24.6-9.4 33.9 0l96.4 96.4 96.4-96.4c9.4-9.4 24.6-9.4 33.9 0l22.6 22.6c9.4 9.4 9.4 24.6 0 33.9l-136 136c-9.2 9.4-24.4 9.4-33.8 0z\"><\/path><\/svg><\/span>\n\t\t\t<span class='e-closed'><svg aria-hidden=\"true\" class=\"e-font-icon-svg e-fas-angle-right\" viewBox=\"0 0 256 512\" xmlns=\"http:\/\/www.w3.org\/2000\/svg\"><path d=\"M224.3 273l-136 136c-9.4 9.4-24.6 9.4-33.9 0l-22.6-22.6c-9.4-9.4-9.4-24.6 0-33.9l96.4-96.4-96.4-96.4c-9.4-9.4-9.4-24.6 0-33.9L54.3 103c9.4-9.4 24.6-9.4 33.9 0l136 136c9.5 9.4 9.5 24.6.1 34z\"><\/path><\/svg><\/span>\n\t\t<\/span>\n\n\t\t\t\t\t\t<\/summary>\n\t\t\t\t<div role=\"region\" aria-labelledby=\"e-n-accordion-item-3570\" class=\"elementor-element elementor-element-01a5581 e-con-full e-flex e-con e-child\" data-id=\"01a5581\" data-element_type=\"container\" data-e-type=\"container\">\n\t\t\t\t<div class=\"elementor-element elementor-element-111879a elementor-widget elementor-widget-text-editor\" data-id=\"111879a\" data-element_type=\"widget\" data-e-type=\"widget\" data-widget_type=\"text-editor.default\">\n\t\t\t\t\t\t\t\t\t<p>Em caso de pagamento \u00e0 vista do valor da malha, o contribuinte deve emitir o Documento de Arrecada\u00e7\u00e3o das Receitas Estaduais \u2013 DARE, selecionando acima uma das op\u00e7\u00f5es de acesso para emiss\u00e3o do DARE vinculado \u00e0 malha fiscal.<\/p><p>Para acessar o emissor de DARE \u00e9 necess\u00e1rio o uso de certificado digital de pessoa f\u00edsica ou jur\u00eddica sendo permitido emitir DARE para um CNPJ diferente do utilizado para o acesso.<\/p>\t\t\t\t\t\t\t\t<\/div>\n\t\t\t\t<\/div>\n\t\t\t\t\t<\/details>\n\t\t\t\t\t\t<details id=\"e-n-accordion-item-3571\" class=\"e-n-accordion-item\" >\n\t\t\t\t<summary class=\"e-n-accordion-item-title\" data-accordion-index=\"2\" tabindex=\"-1\" aria-expanded=\"false\" aria-controls=\"e-n-accordion-item-3571\" >\n\t\t\t\t\t<span class='e-n-accordion-item-title-header'><div class=\"e-n-accordion-item-title-text\"> Documentos Necess\u00e1rios <\/div><\/span>\n\t\t\t\t\t\t\t<span class='e-n-accordion-item-title-icon'>\n\t\t\t<span class='e-opened' ><svg aria-hidden=\"true\" class=\"e-font-icon-svg e-fas-angle-down\" viewBox=\"0 0 320 512\" xmlns=\"http:\/\/www.w3.org\/2000\/svg\"><path d=\"M143 352.3L7 216.3c-9.4-9.4-9.4-24.6 0-33.9l22.6-22.6c9.4-9.4 24.6-9.4 33.9 0l96.4 96.4 96.4-96.4c9.4-9.4 24.6-9.4 33.9 0l22.6 22.6c9.4 9.4 9.4 24.6 0 33.9l-136 136c-9.2 9.4-24.4 9.4-33.8 0z\"><\/path><\/svg><\/span>\n\t\t\t<span class='e-closed'><svg aria-hidden=\"true\" class=\"e-font-icon-svg e-fas-angle-right\" viewBox=\"0 0 256 512\" xmlns=\"http:\/\/www.w3.org\/2000\/svg\"><path d=\"M224.3 273l-136 136c-9.4 9.4-24.6 9.4-33.9 0l-22.6-22.6c-9.4-9.4-9.4-24.6 0-33.9l96.4-96.4-96.4-96.4c-9.4-9.4-9.4-24.6 0-33.9L54.3 103c9.4-9.4 24.6-9.4 33.9 0l136 136c9.5 9.4 9.5 24.6.1 34z\"><\/path><\/svg><\/span>\n\t\t<\/span>\n\n\t\t\t\t\t\t<\/summary>\n\t\t\t\t<div role=\"region\" aria-labelledby=\"e-n-accordion-item-3571\" class=\"elementor-element elementor-element-1195080 e-con-full e-flex e-con e-child\" data-id=\"1195080\" data-element_type=\"container\" data-e-type=\"container\">\n\t\t\t\t<div class=\"elementor-element elementor-element-d969d29 elementor-widget elementor-widget-text-editor\" data-id=\"d969d29\" data-element_type=\"widget\" data-e-type=\"widget\" data-widget_type=\"text-editor.default\">\n\t\t\t\t\t\t\t\t\t<p><strong>Demonstrativo do D\u00e9bito Declarado \u2013\u00a0<\/strong>utilizar a planilha do \u201cDetalhamento do D\u00e9bito\u201d enviado com o comunicado para selecionar os valores que deseja autorregularizar, salvar em formato PDF e assinar digitalmente utilizando o certificado digital do CNPJ do contribuinte para anexar no sistema quando emitir o DARE.<\/p>\t\t\t\t\t\t\t\t<\/div>\n\t\t\t\t<\/div>\n\t\t\t\t\t<\/details>\n\t\t\t\t\t\t<details id=\"e-n-accordion-item-3572\" class=\"e-n-accordion-item\" >\n\t\t\t\t<summary class=\"e-n-accordion-item-title\" data-accordion-index=\"3\" tabindex=\"-1\" aria-expanded=\"false\" aria-controls=\"e-n-accordion-item-3572\" >\n\t\t\t\t\t<span class='e-n-accordion-item-title-header'><div class=\"e-n-accordion-item-title-text\"> Como Proceder <\/div><\/span>\n\t\t\t\t\t\t\t<span class='e-n-accordion-item-title-icon'>\n\t\t\t<span class='e-opened' ><svg aria-hidden=\"true\" class=\"e-font-icon-svg e-fas-angle-down\" viewBox=\"0 0 320 512\" xmlns=\"http:\/\/www.w3.org\/2000\/svg\"><path d=\"M143 352.3L7 216.3c-9.4-9.4-9.4-24.6 0-33.9l22.6-22.6c9.4-9.4 24.6-9.4 33.9 0l96.4 96.4 96.4-96.4c9.4-9.4 24.6-9.4 33.9 0l22.6 22.6c9.4 9.4 9.4 24.6 0 33.9l-136 136c-9.2 9.4-24.4 9.4-33.8 0z\"><\/path><\/svg><\/span>\n\t\t\t<span class='e-closed'><svg aria-hidden=\"true\" class=\"e-font-icon-svg e-fas-angle-right\" viewBox=\"0 0 256 512\" xmlns=\"http:\/\/www.w3.org\/2000\/svg\"><path d=\"M224.3 273l-136 136c-9.4 9.4-24.6 9.4-33.9 0l-22.6-22.6c-9.4-9.4-9.4-24.6 0-33.9l96.4-96.4-96.4-96.4c-9.4-9.4-9.4-24.6 0-33.9L54.3 103c9.4-9.4 24.6-9.4 33.9 0l136 136c9.5 9.4 9.5 24.6.1 34z\"><\/path><\/svg><\/span>\n\t\t<\/span>\n\n\t\t\t\t\t\t<\/summary>\n\t\t\t\t<div role=\"region\" aria-labelledby=\"e-n-accordion-item-3572\" class=\"elementor-element elementor-element-21b23b3 e-con-full e-flex e-con e-child\" data-id=\"21b23b3\" data-element_type=\"container\" data-e-type=\"container\">\n\t\t\t\t<div class=\"elementor-element elementor-element-6f88643 elementor-widget elementor-widget-text-editor\" data-id=\"6f88643\" data-element_type=\"widget\" data-e-type=\"widget\" data-widget_type=\"text-editor.default\">\n\t\t\t\t\t\t\t\t\t<p>Selecionar uma das op\u00e7\u00f5es de acesso para emiss\u00e3o do DARE vinculado \u00e0 malha fiscal (<strong>Necess\u00e1rio uso do Certificado Digital<\/strong>):<\/p><p><a href=\"https:\/\/argspl.sefaz.go.gov.br\/arg-simplificado\/\">Clique Aqui para Pessoa F\u00edsica<\/a><br \/><a href=\"https:\/\/argsplac.sefaz.go.gov.br\/arg-simplificado\/\">Clique Aqui para Pessoa Jur\u00eddica<\/a><\/p><p>Utilizar certificado digital para acessar o emissor de DARE sendo permitido emitir DARE para um CNPJ diferente do utilizado para o acesso.<\/p><p>Preencher o CNPJ para o qual se deseja emitir o DARE, selecionar \u201co n\u00famero da malha\u201d na lista de malhas dispon\u00edveis para autorregulariza\u00e7\u00e3o, selecionar a \u201crefer\u00eancia\u201d, preencher o \u201cvalor\u201d e anexar\u00a0<strong>obrigatoriamente o \u201cDemonstrativo do D\u00e9bito Declarado\u201d assinado digitalmente<\/strong>\u00a0para indicar referente \u00e0 quais NFES se referem o recolhimento para fins de baixa da malha.<\/p><p>\u00c9 permitido emitir DAREs para at\u00e9 60 refer\u00eancias de um s\u00f3 vez, sendo que ser\u00e3o gerados individualmente por m\u00eas\/ano e disponibilizados em um \u00fanico arquivo contendo um DARE por p\u00e1gina.<\/p><p>Todas as informa\u00e7\u00f5es e confirma\u00e7\u00f5es de pagamento dos DARES emitidos anteriormente ficar\u00e3o gravadas para consulta ou reemiss\u00e3o com nova data de vencimento, em caso de n\u00e3o pagamento, bastando acessar novamente com o mesmo certificado digital utilizado na emiss\u00e3o original.<\/p><p>As informa\u00e7\u00f5es e consultas dos DAREs emitidos anteriormente por terceiros ficar\u00e3o dispon\u00edveis tamb\u00e9m para o CNPJ do contribuinte constante do DARE, bastando efetuar o acesso utilizando o certificado digital do pr\u00f3prio CNPJ.<\/p><p>Na hip\u00f3tese de pagamento total ou parcial do d\u00e9bito, n\u00e3o ser\u00e1 mais necess\u00e1rio informar o pagamento na Plataforma Digital de Processos- PDP.<\/p>\t\t\t\t\t\t\t\t<\/div>\n\t\t\t\t<\/div>\n\t\t\t\t\t<\/details>\n\t\t\t\t\t<\/div>\n\t\t\t\t\t\t<\/div>\n\t\t\t\t<div class=\"elementor-element elementor-element-a783e44 elementor-widget elementor-widget-text-editor\" data-id=\"a783e44\" data-element_type=\"widget\" data-e-type=\"widget\" data-widget_type=\"text-editor.default\">\n\t\t\t\t\t\t\t\t\t<p>D\u00favidas? Acesse <a href=\"https:\/\/goias.gov.br\/economia\/manuais-do-usuario\/\">Manuais do Usu\u00e1rio<\/a><\/p>\t\t\t\t\t\t\t\t<\/div>\n\t\t\t\t\t<\/div>\n\t\t\t\t<\/div>\n\t\t\t\t<\/div>\n\t\t","protected":false},"excerpt":{"rendered":"<p>Pagamento \u00e0 vista no emissor de DARE (somente para malhas antigas) Se j\u00e1 sabe como emitir\u00a0o DARE\u00a0clique\u00a0aqui\u00a0 (uso obrigat\u00f3rio de certificado digital): Clique Aqui para Pessoa F\u00edsica Clique Aqui para Pessoa Jur\u00eddica\u00a0 Para acessar o emissor de DARE, \u00e9 obrigat\u00f3rio utilizar certificado digital de pessoa f\u00edsica (e-CPF) ou pessoa jur\u00eddica (e-CNPJ).\u00a0\u00c9\u00a0permitido emitir DARE para um [&hellip;]<\/p>\n","protected":false},"author":1,"featured_media":0,"parent":0,"menu_order":0,"comment_status":"closed","ping_status":"closed","template":"wppb_theme_template","meta":{"footnotes":""},"class_list":["post-19318","page","type-page","status-publish","hentry"],"rttpg_featured_image_url":null,"rttpg_author":{"display_name":"wagner.viana","author_link":"https:\/\/goias.gov.br\/economia\/author\/wagner-viana\/"},"rttpg_comment":0,"rttpg_category":null,"rttpg_excerpt":"Pagamento \u00e0 vista no emissor de DARE (somente para malhas antigas) Se j\u00e1 sabe como emitir\u00a0o DARE\u00a0clique\u00a0aqui\u00a0 (uso obrigat\u00f3rio de certificado digital): Clique Aqui para Pessoa F\u00edsica Clique Aqui para Pessoa Jur\u00eddica\u00a0 Para acessar o emissor de DARE, \u00e9 obrigat\u00f3rio utilizar certificado digital de pessoa f\u00edsica (e-CPF) ou pessoa jur\u00eddica (e-CNPJ).\u00a0\u00c9\u00a0permitido emitir DARE para um&hellip;","_links":{"self":[{"href":"https:\/\/goias.gov.br\/economia\/wp-json\/wp\/v2\/pages\/19318","targetHints":{"allow":["GET"]}}],"collection":[{"href":"https:\/\/goias.gov.br\/economia\/wp-json\/wp\/v2\/pages"}],"about":[{"href":"https:\/\/goias.gov.br\/economia\/wp-json\/wp\/v2\/types\/page"}],"author":[{"embeddable":true,"href":"https:\/\/goias.gov.br\/economia\/wp-json\/wp\/v2\/users\/1"}],"replies":[{"embeddable":true,"href":"https:\/\/goias.gov.br\/economia\/wp-json\/wp\/v2\/comments?post=19318"}],"version-history":[{"count":3,"href":"https:\/\/goias.gov.br\/economia\/wp-json\/wp\/v2\/pages\/19318\/revisions"}],"predecessor-version":[{"id":413593,"href":"https:\/\/goias.gov.br\/economia\/wp-json\/wp\/v2\/pages\/19318\/revisions\/413593"}],"wp:attachment":[{"href":"https:\/\/goias.gov.br\/economia\/wp-json\/wp\/v2\/media?parent=19318"}],"curies":[{"name":"wp","href":"https:\/\/api.w.org\/{rel}","templated":true}]}}