

{"id":19315,"date":"2023-07-31T17:44:57","date_gmt":"2023-07-31T20:44:57","guid":{"rendered":"https:\/\/wwwdesenv.joomlamultidesenv.go.gov.br\/economia\/?page_id=9915"},"modified":"2026-02-24T14:03:33","modified_gmt":"2026-02-24T17:03:33","slug":"cidadao","status":"publish","type":"page","link":"https:\/\/goias.gov.br\/economia\/cidadao\/","title":{"rendered":"Cidad\u00e3o"},"content":{"rendered":"\t\t<div data-elementor-type=\"wp-page\" data-elementor-id=\"19315\" class=\"elementor elementor-19315\">\n\t\t\t\t<div class=\"elementor-element elementor-element-95dabc8 e-flex e-con-boxed e-con e-parent\" data-id=\"95dabc8\" data-element_type=\"container\" data-e-type=\"container\" id=\"servicos-cidadao\">\n\t\t\t\t\t<div class=\"e-con-inner\">\n\t\t\t\t<div class=\"elementor-element elementor-element-bf0a5bd elementor-widget elementor-widget-shortcode\" data-id=\"bf0a5bd\" data-element_type=\"widget\" data-e-type=\"widget\" data-widget_type=\"shortcode.default\">\n\t\t\t\t\t\t\t<div class=\"elementor-shortcode\"><div data-post-id=\"30551\" class=\"insert-page insert-page-30551 \"><h1 class='insert-page-title'>Servi\u00e7os para o Cidad\u00e3o<\/h1><style type=\"text\/css\">#g-main .thumbnail h3.h6 a:not(.btn){\n\tcolor: inherit;\n\tmargin-top: 15px; \n}\n#g-main .thumbnail h3.h6{\n\tpadding: 0 10px;\n}\ndiv.thumbnail{\n\tborder: none !important;\n\tborder-radius: 0 !important;\n\tbox-shadow: none !important;\n}\n#g-main .thumbnail i{\n\tfont-size: 30px;\n\tfont-weight: 900;\n\twidth: 100%;\n\ttext-align: center;\n\tcolor: #fff;\n\tbackground: #106120;\n\tpadding: 10px;\n\tborder-radius: 5px;\n}\n.thumbnails{\n\tmargin: 20px 0;\n}\n.thumbnails > li{\n\tmargin-left: 0;\n\tpadding-bottom: 40px;\n}\n<\/style>\n<ul class=\"thumbnails nomarginbottom\">\n<li class=\"col-12 col-md-6 col-lg-4\">\n<div class=\"thumbnail\">\n<div class=\"caption\">\n<div class=\"row\">\n<div class=\"col-3 nopaddingall\"><i class=\"fas fa-car-side\"><\/i><\/div>\n<div class=\"col-9\">\n<h3 class=\"h6 nomarginall\"><a href=\"\/economia\/ipva\/\">IPVA <\/a><\/h3>\n<\/div>\n<\/div>\n<\/div>\n<\/div>\n<\/li>\n<li class=\"col-12 col-md-6 col-lg-4\">\n<div class=\"thumbnail\">\n<div class=\"caption\">\n<div class=\"row\">\n<div class=\"col-3 nopaddingall\"><i class=\"fas fa-hand-holding-usd\"><\/i><\/div>\n<div class=\"col-9\">\n<h3 class=\"h6 nomarginbottom\"><a href=\"\/economia\/itcd\/\">ITCD<\/a><\/h3>\n<\/div>\n<\/div>\n<\/div>\n<\/div>\n<\/li>\n<li class=\"col-12 col-md-6 col-lg-4\">\n<div class=\"thumbnail\">\n<div class=\"caption\">\n<div class=\"row\">\n<div class=\"col-3 nopaddingall\"><i class=\"fas fa-money-check-alt\"><\/i><\/div>\n<div class=\"col-9\">\n<h3 class=\"h6 nomarginall\"><a href=\"http:\/\/app.sefaz.go.gov.br\/pdw\/web\/ConsultaParcelamento.xhtml\">D&eacute;bitos Parcelados<\/a><\/h3>\n<\/div>\n<\/div>\n<\/div>\n<\/div>\n<\/li>\n<li class=\"col-12 col-md-6 col-lg-4\">\n<div class=\"thumbnail\">\n<div class=\"caption\">\n<div class=\"row\">\n<div class=\"col-3 nopaddingall\"><i class=\"fas fa-award\"><\/i><\/div>\n<div class=\"col-9\" style=\"padding-right: 0\">\n<h3 class=\"h6 nomarginall\"><a href=\"https:\/\/goias.gov.br\/economia\/certidao-negativa-de-debito-2\/\">Certid&atilde;o Negativa de D&eacute;bito<\/a><\/h3>\n<\/div>\n<\/div>\n<\/div>\n<\/div>\n<\/li>\n<li class=\"col-12 col-md-6 col-lg-4\">\n<div class=\"thumbnail\">\n<div class=\"caption\">\n<div class=\"row\">\n<div class=\"col-3 nopaddingall\"><i class=\"fas fa-address-book\"><\/i><\/div>\n<div class=\"col-9\">\n<h3 class=\"h6 nomarginbottom\"><a href=\"https:\/\/goias.gov.br\/economia\/cadin\/\">CADIN<\/a><\/h3>\n<\/div>\n<\/div>\n<\/div>\n<\/div>\n<\/li>\n<li class=\"col-12 col-md-6 col-lg-4\">\n<div class=\"thumbnail\">\n<div class=\"caption\">\n<div class=\"row\">\n<div class=\"col-3 nopaddingall\"><i class=\"fas fa-folder-open\"><\/i><\/div>\n<div class=\"col-9\">\n<h3 class=\"h6 nomarginbottom\"><a href=\"https:\/\/sei.go.gov.br\/sei\/modulos\/pesquisa\/md_pesq_processo_pesquisar.php?acao_externa=protocolo_pesquisar&amp;acao_origem_externa=protocolo_pesquisar&amp;id_orgao_acesso_externo=1\">SEI<\/a><\/h3>\n<\/div>\n<\/div>\n<\/div>\n<\/div>\n<\/li>\n<li class=\"col-12 col-md-6 col-lg-4\">\n<div class=\"thumbnail\">\n<div class=\"caption\">\n<div class=\"row\">\n<div class=\"col-3 nopaddingall\"><i class=\"fas fa-copy\"><\/i><\/div>\n<div class=\"col-9\">\n<h3 class=\"h6 nomarginall\"><a href=\"\/economia\/requerimentos\/\">Requerimentos ICMS<\/a><\/h3>\n<\/div>\n<\/div>\n<\/div>\n<\/div>\n<\/li>\n<li class=\"col-12 col-md-6 col-lg-4\">\n<div class=\"thumbnail\">\n<div class=\"caption\">\n<div class=\"row\">\n<div class=\"col-3 nopaddingall\"><i class=\"fas fa-money-check\"><\/i><\/div>\n<div class=\"col-9\">\n<h3 class=\"h6 nomarginbottom\"><a href=\"https:\/\/goias.gov.br\/economia\/fundeinfra\/\">Fundeinfra<\/a><\/h3>\n<\/div>\n<\/div>\n<\/div>\n<\/div>\n<\/li>\n<li class=\"col-12 col-md-6 col-lg-4\">\n<div class=\"thumbnail\">\n<div class=\"caption\">\n<div class=\"row\">\n<div class=\"col-3 nopaddingall\"><i class=\"fas fa-gas-pump\"><\/i><\/div>\n<div class=\"col-9\">\n<h3 class=\"h6 nomarginbottom\"><a href=\"https:\/\/goias.gov.br\/economia\/precos-de-combustiveis-em-goias\/\">Pre&ccedil;os de combust&iacute;veis<\/a><\/h3>\n<\/div>\n<\/div>\n<\/div>\n<\/div>\n<\/li>\n<li class=\"col-12 col-md-6 col-lg-4\">\n<div class=\"thumbnail\">\n<div class=\"caption\">\n<div class=\"row\">\n<div class=\"col-3 nopaddingall\"><i class=\"fas fa-tractor\"><\/i><\/div>\n<div class=\"col-9\">\n<h3 class=\"h6 nomarginall\"><a href=\"\/economia\/nota-fiscal-avulsa-web\/\">Nota Fiscal Avulsa do Produtor Rural<\/a><\/h3>\n<\/div>\n<\/div>\n<\/div>\n<\/div>\n<\/li>\n<li class=\"col-12 col-md-6 col-lg-4\">\n<div class=\"thumbnail\">\n<div class=\"caption\">\n<div class=\"row\">\n<div class=\"col-3 nopaddingall\"><i class=\"fas fa-file-invoice\"><\/i><\/div>\n<div class=\"col-9\">\n<h3 class=\"h6 nomarginall\"><a href=\"https:\/\/arr.economia.go.gov.br\/arr-www\/view\/entradaContribuinte.jsf\">Pagamento de Tributos<\/a><\/h3>\n<\/div>\n<\/div>\n<\/div>\n<\/div>\n<\/li>\n<li class=\"col-12 col-md-6 col-lg-4\">\n<div class=\"thumbnail\">\n<div class=\"caption\">\n<div class=\"row\">\n<div class=\"col-3 nopaddingall\"><i class=\"fas fa-calendar-alt\"><\/i><\/div>\n<div class=\"col-9\">\n<h3 class=\"h6 nomarginbottom\"><a href=\"https:\/\/goias.gov.br\/economia\/plataforma-digital-de-processos\/\">Plataforma Digital de Processos &#8211;&nbsp;PDP<\/a><\/h3>\n<\/div>\n<\/div>\n<\/div>\n<\/div>\n<\/li>\n<\/ul>\n<p class=\"nomargintop\" style=\"text-align: right;\"><a href=\"https:\/\/goias.gov.br\/economia\/conteudos-relevantes\/\">Conhe&ccedil;a todos os Servi&ccedil;os da Economia <i class=\"fas fa-angle-right\"><\/i><\/a><\/p>\n<ul class='post-meta'>\n<li><span class='post-meta-key'>tpg-post-view-count:<\/span> 383<\/li>\n<li><span class='post-meta-key'>rank_math_analytic_object_id:<\/span> 2917<\/li>\n<li><span class='post-meta-key'>rank_math_primary_category:<\/span> 120<\/li>\n<li><span class='post-meta-key'>rank_math_seo_score:<\/span> 17<\/li>\n<li><span class='post-meta-key'>rank_math_internal_links_processed:<\/span> 1<\/li>\n<\/ul>\n<\/div><\/div>\n\t\t\t\t\t\t<\/div>\n\t\t\t\t<div class=\"elementor-element elementor-element-fb365b5 elementor-widget elementor-widget-html\" data-id=\"fb365b5\" data-element_type=\"widget\" data-e-type=\"widget\" data-widget_type=\"html.default\">\n\t\t\t\t\t<style>\r\n    #servicos-cidadao {\r\n        ul.thumbnails {\r\n            display: flex;\r\n            flex-wrap: wrap;\r\n\r\n            li {\r\n                max-width: 33%;\r\n\r\n                .row {\r\n                    width: 100%;\r\n                    flex-wrap: nowrap !important;\r\n                }\r\n            }\r\n        }\r\n    }\r\n\r\n    @media screen and (max-width: 768px) {\r\n        #servicos-cidadao {\r\n            ul.thumbnails {\r\n\r\n                li {\r\n                    max-width: 100%;\r\n                }\r\n            }\r\n        }\r\n    }\r\n<\/style>\t\t\t\t<\/div>\n\t\t\t\t\t<\/div>\n\t\t\t\t<\/div>\n\t\t<div class=\"elementor-element elementor-element-54a067b e-flex e-con-boxed e-con e-parent\" data-id=\"54a067b\" data-element_type=\"container\" data-e-type=\"container\">\n\t\t\t\t\t<div class=\"e-con-inner\">\n\t\t\t\t<div class=\"elementor-element elementor-element-8776e6d elementor-widget elementor-widget-shortcode\" data-id=\"8776e6d\" data-element_type=\"widget\" data-e-type=\"widget\" data-widget_type=\"shortcode.default\">\n\t\t\t\t\t\t\t<div class=\"elementor-shortcode\"><style type='text\/css' media='all'>#rt-tpg-container-282778370 .rt-holder .rt-woo-info .price{color:#0367bf;}body .rt-tpg-container .rt-tpg-isotope-buttons .selected,\n\t\t\t\t\t#rt-tpg-container-282778370 .layout12 .rt-holder:hover .rt-detail,\n\t\t\t\t\t#rt-tpg-container-282778370 .isotope8 .rt-holder:hover .rt-detail,\n\t\t\t\t\t#rt-tpg-container-282778370 .carousel8 .rt-holder:hover .rt-detail,\n\t\t\t\t\t#rt-tpg-container-282778370 .layout13 .rt-holder .overlay .post-info,\n\t\t\t\t\t#rt-tpg-container-282778370 .isotope9 .rt-holder .overlay .post-info,\n\t\t\t\t\t#rt-tpg-container-282778370.rt-tpg-container .layout4 .rt-holder .rt-detail,\n\t\t\t\t\t.rt-modal-282778370 .md-content,\n\t\t\t\t\t.rt-modal-282778370 .md-content > .rt-md-content-holder .rt-md-content,\n\t\t\t\t\t.rt-popup-wrap-282778370.rt-popup-wrap .rt-popup-navigation-wrap,\n\t\t\t\t\t#rt-tpg-container-282778370 .carousel9 .rt-holder .overlay .post-info{background-color:#0367bf;}#rt-tpg-container-282778370 .layout5 .rt-holder .overlay, #rt-tpg-container-282778370 .isotope2 .rt-holder .overlay, #rt-tpg-container-282778370 .carousel2 .rt-holder .overlay,#rt-tpg-container-282778370 .layout15 .rt-holder h3, #rt-tpg-container-282778370 .isotope11 .rt-holder h3, #rt-tpg-container-282778370 .carousel11 .rt-holder h3, #rt-tpg-container-282778370 .layout16 .rt-holder h3,\n\t\t\t\t\t#rt-tpg-container-282778370 .isotope12 .rt-holder h3, #rt-tpg-container-282778370 .carousel12 .rt-holder h3 {background-color:rgba(3,103,191,0.8);}#rt-tpg-container-282778370 .read-more a{border-radius:px;}#rt-tpg-container-282778370 .rt-img-holder img.rt-img-responsive,#rt-tpg-container-282778370 .rt-img-holder,\n\t\t\t\t\t#rt-tpg-container-282778370 .rt-post-overlay .post-img,\n\t\t\t\t\t#rt-tpg-container-282778370 .post-sm .post-img,\n\t\t\t\t\t#rt-tpg-container-282778370 .rt-post-grid .post-img,\n\t\t\t\t\t#rt-tpg-container-282778370 .post-img img {border-radius:px;}<\/style><div class='rt-container-fluid rt-tpg-container tpg-shortcode-main-wrapper ' id='rt-tpg-container-282778370'   data-layout='layout1' data-grid-style='even' data-desktop-col='3'  data-tab-col='2'  data-mobile-col='1' data-sc-id='39349'><div data-title='Loading ...' class='rt-row rt-content-loader   layout1 tpg-even '><div class=\"rt-col-md-4 rt-col-sm-6 rt-col-xs-12 even-grid-item rt-grid-item\" data-id=\"38604\"><div class=\"rt-holder\"><div class=\"rt-img-holder\"><a data-id=\"38604\" class=\"\" href=\"https:\/\/goias.gov.br\/economia\/economia-r-65-milhoes-em-parcelas-negociadas-de-icms-ipva-e-itcd-vencem-nesta-segunda-26\/\"><img fetchpriority=\"high\" decoding=\"async\" width=\"800\" height=\"450\" src=\"https:\/\/goias.gov.br\/economia\/wp-content\/uploads\/sites\/45\/2024\/02\/22-02_PARCELAMENTO_ICMS_IPVA_e_ITCD_11-01_800x450-8c8.png\" class=\"rt-img-responsive \" alt=\"\" \/><\/a><\/div><div class='rt-detail'><h3 class=\"entry-title\"><a data-id=\"38604\" class=\"\" href=\"https:\/\/goias.gov.br\/economia\/economia-r-65-milhoes-em-parcelas-negociadas-de-icms-ipva-e-itcd-vencem-nesta-segunda-26\/\">Economia: R$ 65 milh\u00f5es em parcelas negociadas de ICMS, IPVA e ITCD vencem nesta segunda, 26<\/a><\/h3><div class='tpg-excerpt'>&ldquo;O contribuinte que n&atilde;o quitar tr&ecirc;s parcelas vencidas, consecutivas ou n&atilde;o, perde automaticamente o direito...<\/div><\/div><\/div><\/div><div class=\"rt-col-md-4 rt-col-sm-6 rt-col-xs-12 even-grid-item rt-grid-item\" data-id=\"38591\"><div class=\"rt-holder\"><div class=\"rt-img-holder\"><a data-id=\"38591\" class=\"\" href=\"https:\/\/goias.gov.br\/economia\/economia-envia-novo-lote-de-comunicado-de-autorregularizacao-a-contribuintes-de-icms-2\/\"><img decoding=\"async\" width=\"1024\" height=\"669\" src=\"https:\/\/goias.gov.br\/economia\/wp-content\/uploads\/sites\/45\/2024\/02\/WhatsApp_Image_2024-02-14_at_095302-e3c.jpeg\" class=\"rt-img-responsive \" alt=\"\" \/><\/a><\/div><div class='rt-detail'><h3 class=\"entry-title\"><a data-id=\"38591\" class=\"\" href=\"https:\/\/goias.gov.br\/economia\/economia-envia-novo-lote-de-comunicado-de-autorregularizacao-a-contribuintes-de-icms-2\/\">Economia envia novo lote de comunicado de autorregulariza\u00e7\u00e3o a contribuintes de ICMS<\/a><\/h3><div class='tpg-excerpt'>Cerca de 2,8 mil comunicados foram encaminhados recentemente a empresas de m&eacute;dio e grande portes...<\/div><\/div><\/div><\/div><div class=\"rt-col-md-4 rt-col-sm-6 rt-col-xs-12 even-grid-item rt-grid-item\" data-id=\"38557\"><div class=\"rt-holder\"><div class=\"rt-img-holder\"><a data-id=\"38557\" class=\"\" href=\"https:\/\/goias.gov.br\/economia\/vencimento-da-segunda-parcela-do-ipva-2024-comeca-nesta-segunda-5\/\"><img decoding=\"async\" width=\"2560\" height=\"1920\" src=\"https:\/\/goias.gov.br\/economia\/wp-content\/uploads\/sites\/45\/2024\/02\/WhatsApp_Image_2024-02-01_at_082228_1-fotor-2024020183137-821-scaled.jpg\" class=\"rt-img-responsive \" alt=\"\" \/><\/a><\/div><div class='rt-detail'><h3 class=\"entry-title\"><a data-id=\"38557\" class=\"\" href=\"https:\/\/goias.gov.br\/economia\/vencimento-da-segunda-parcela-do-ipva-2024-comeca-nesta-segunda-5\/\">Vencimento da parcela de fevereiro do IPVA 2024 come\u00e7a nesta segunda, 5<\/a><\/h3><div class='tpg-excerpt'>Calend&aacute;rio da segunda parcela continua at&eacute; dia 21 e est&aacute; dispon&iacute;vel no site da Secretaria...<\/div><\/div><\/div><\/div><\/div><\/div><\/div>\n\t\t\t\t\t\t<\/div>\n\t\t\t\t\t<\/div>\n\t\t\t\t<\/div>\n\t\t<div class=\"elementor-element elementor-element-5d37b56 e-flex e-con-boxed e-con e-parent\" data-id=\"5d37b56\" data-element_type=\"container\" data-e-type=\"container\">\n\t\t\t\t\t<div class=\"e-con-inner\">\n\t\t<div class=\"elementor-element elementor-element-6fa6b91 e-con-full e-flex e-con e-child\" data-id=\"6fa6b91\" data-element_type=\"container\" data-e-type=\"container\">\n\t\t\t\t<div class=\"elementor-element elementor-element-3887bb0 elementor-widget elementor-widget-shortcode\" data-id=\"3887bb0\" data-element_type=\"widget\" data-e-type=\"widget\" data-widget_type=\"shortcode.default\">\n\t\t\t\t\t\t\t<div class=\"elementor-shortcode\"><div data-post-id=\"19649\" class=\"insert-page insert-page-19649 \"><h1 class='insert-page-title'>Canais de Atendimento<\/h1><p><strong>Telefones<\/strong><\/p>\n<ul>\n<li>Telefone Geral: (62) 3269-2000 e (62) 3269-2233 das\u00a0<strong>08h \u00e0s 12h\u00a0e\u00a014h \u00e0s 18h<\/strong>\u00a0de segunda a sexta<\/li>\n<li>Telefones da Ouvidoria Setorial: <span data-olk-copy-source=\"MessageBody\">(62) 3309-6780<\/span> \/ (62) 3269-2555 &#8211; das <strong>08hs \u00e0s 12hs<\/strong>\u00a0e das\u00a0<strong>14hs \u00e0s 18hs<\/strong>, de segunda a sexta (exceto feriados)<\/li>\n<li>Telefone exclusivo para o atendimento de Den\u00fancias de Sonega\u00e7\u00e3o Fiscal: 0800 707 8081, das <strong>08h\u00a0\u00e0s\u00a012h\u00a0e\u00a014h\u00a0\u00e0s\u00a018h\u00a0<\/strong>de\u00a0segunda a sexta (exceto feriados)<\/li>\n<\/ul>\n<p><strong>Atendimento presencial<\/strong><\/p>\n<ul>\n<li>O atendimento presencial acontece das\u00a0<strong>08h \u00e0s 12h<\/strong>\u00a0e\u00a0<strong>14h \u00e0s 18h\u00a0<\/strong>(segunda-feira a sexta-feira).<\/li>\n<li>Av. Vereador Jos\u00e9 Monteiro, 2233 \u2013 Setor Nova Vila &#8211; CEP: 74.653-900 \u2013 Goi\u00e2nia\/Goi\u00e1s &#8211;\u00a0<em>CNPJ:\u00a0<\/em>01409655\/0001-80<\/li>\n<li>Atendimento da Ouvidoria Setorial: Complexo fazend\u00e1rio, Bloco A &#8211; Sala 1,<strong>\u00a0desde que agendado, previamente<\/strong>,<strong> pelos telefones: <\/strong><span data-olk-copy-source=\"MessageBody\">(62) 3309-6780<\/span> \/ (62) 3269-2555 ou<strong> e-mail: <\/strong><a href=\"mailto:faleconosco.economia@goias.gov.br\">faleconosco.economia@goias.gov.br<\/a><\/li>\n<li>Delegacias Fiscais e Ag\u00eancias Fazend\u00e1rias Especiais est\u00e3o atendendo presencialmente por agendamento. <a href=\"\/economia\/atendimento-especial-na-receita-confira-onde-buscar-seu-servico\/\">Acesse aqui os contatos<\/a>.<\/li>\n<\/ul>\n<ul class='post-meta'>\n<li><span class='post-meta-key'>tpg-post-view-count:<\/span> 1505<\/li>\n<li><span class='post-meta-key'>rank_math_analytic_object_id:<\/span> 3508<\/li>\n<li><span class='post-meta-key'>rank_math_internal_links_processed:<\/span> 1<\/li>\n<li><span class='post-meta-key'>footnotes:<\/span> <\/li>\n<\/ul>\n<\/div><\/div>\n\t\t\t\t\t\t<\/div>\n\t\t\t\t<\/div>\n\t\t<div class=\"elementor-element elementor-element-1aa4cb3 e-con-full e-flex e-con e-child\" data-id=\"1aa4cb3\" data-element_type=\"container\" data-e-type=\"container\">\n\t\t\t\t<div class=\"elementor-element elementor-element-a41b048 elementor-align-justify elementor-widget elementor-widget-button\" data-id=\"a41b048\" data-element_type=\"widget\" data-e-type=\"widget\" data-widget_type=\"button.default\">\n\t\t\t\t\t\t\t\t\t\t<a class=\"elementor-button elementor-button-link elementor-size-sm\" href=\"https:\/\/goias.gov.br\/economia\/atendimento-especial-na-receita-confira-onde-buscar-seu-servico\/\" target=\"_blank\">\n\t\t\t\t\t\t<span class=\"elementor-button-content-wrapper\">\n\t\t\t\t\t\t\t\t\t<span class=\"elementor-button-text\">Atendimento da Receita<\/span>\n\t\t\t\t\t<\/span>\n\t\t\t\t\t<\/a>\n\t\t\t\t\t\t\t\t<\/div>\n\t\t\t\t<div class=\"elementor-element elementor-element-09f88ef elementor-widget elementor-widget-text-editor\" data-id=\"09f88ef\" data-element_type=\"widget\" data-e-type=\"widget\" data-widget_type=\"text-editor.default\">\n\t\t\t\t\t\t\t\t\t<p style=\"text-align: center;\"><strong><span style=\"font-size: 24pt;\">62 3309 6950<\/span><\/strong><\/p>\t\t\t\t\t\t\t\t<\/div>\n\t\t\t\t<div class=\"elementor-element elementor-element-2ada509 elementor-align-justify elementor-widget elementor-widget-button\" data-id=\"2ada509\" data-element_type=\"widget\" data-e-type=\"widget\" data-widget_type=\"button.default\">\n\t\t\t\t\t\t\t\t\t\t<a class=\"elementor-button elementor-button-link elementor-size-sm\" href=\"https:\/\/goias.gov.br\/economia\/disque-sonegacao\/\" target=\"_blank\">\n\t\t\t\t\t\t<span class=\"elementor-button-content-wrapper\">\n\t\t\t\t\t\t\t\t\t<span class=\"elementor-button-text\">Disque-Sonega\u00e7\u00e3o<\/span>\n\t\t\t\t\t<\/span>\n\t\t\t\t\t<\/a>\n\t\t\t\t\t\t\t\t<\/div>\n\t\t\t\t<div class=\"elementor-element elementor-element-f9f63fb elementor-widget elementor-widget-text-editor\" data-id=\"f9f63fb\" data-element_type=\"widget\" data-e-type=\"widget\" data-widget_type=\"text-editor.default\">\n\t\t\t\t\t\t\t\t\t<p style=\"text-align: center;\"><strong><span style=\"font-size: 24pt;\">0800 707 8081<\/span><\/strong><\/p>\t\t\t\t\t\t\t\t<\/div>\n\t\t\t\t<\/div>\n\t\t\t\t\t<\/div>\n\t\t\t\t<\/div>\n\t\t\t\t<\/div>\n\t\t","protected":false},"excerpt":{"rendered":"<p>Atendimento da Receita 62 3309 6950 Disque-Sonega\u00e7\u00e3o 0800 707 8081<\/p>\n","protected":false},"author":1,"featured_media":0,"parent":0,"menu_order":0,"comment_status":"closed","ping_status":"closed","template":"wppb_theme_template","meta":{"footnotes":""},"class_list":["post-19315","page","type-page","status-publish","hentry"],"rttpg_featured_image_url":null,"rttpg_author":{"display_name":"wagner.viana","author_link":"https:\/\/goias.gov.br\/economia\/author\/wagner-viana\/"},"rttpg_comment":0,"rttpg_category":"","rttpg_excerpt":"Atendimento da Receita 62 3309 6950 Disque-Sonega\u00e7\u00e3o 0800 707 8081","_links":{"self":[{"href":"https:\/\/goias.gov.br\/economia\/wp-json\/wp\/v2\/pages\/19315","targetHints":{"allow":["GET"]}}],"collection":[{"href":"https:\/\/goias.gov.br\/economia\/wp-json\/wp\/v2\/pages"}],"about":[{"href":"https:\/\/goias.gov.br\/economia\/wp-json\/wp\/v2\/types\/page"}],"author":[{"embeddable":true,"href":"https:\/\/goias.gov.br\/economia\/wp-json\/wp\/v2\/users\/1"}],"replies":[{"embeddable":true,"href":"https:\/\/goias.gov.br\/economia\/wp-json\/wp\/v2\/comments?post=19315"}],"version-history":[{"count":2,"href":"https:\/\/goias.gov.br\/economia\/wp-json\/wp\/v2\/pages\/19315\/revisions"}],"predecessor-version":[{"id":413200,"href":"https:\/\/goias.gov.br\/economia\/wp-json\/wp\/v2\/pages\/19315\/revisions\/413200"}],"wp:attachment":[{"href":"https:\/\/goias.gov.br\/economia\/wp-json\/wp\/v2\/media?parent=19315"}],"curies":[{"name":"wp","href":"https:\/\/api.w.org\/{rel}","templated":true}]}}