

{"id":19312,"date":"2023-07-31T15:25:45","date_gmt":"2023-07-31T18:25:45","guid":{"rendered":"https:\/\/wwwdesenv.joomlamultidesenv.go.gov.br\/economia\/?page_id=9909"},"modified":"2026-03-23T10:07:49","modified_gmt":"2026-03-23T13:07:49","slug":"solicitar-substituicao-de-declarante-na-declaracao","status":"publish","type":"page","link":"https:\/\/goias.gov.br\/economia\/solicitar-substituicao-de-declarante-na-declaracao\/","title":{"rendered":"Solicitar Substitui\u00e7\u00e3o de Declarante na Declara\u00e7\u00e3o"},"content":{"rendered":"\t\t<div data-elementor-type=\"wp-page\" data-elementor-id=\"19312\" class=\"elementor elementor-19312\">\n\t\t\t\t<div class=\"elementor-element elementor-element-52e0a91 e-flex e-con-boxed e-con e-parent\" data-id=\"52e0a91\" data-element_type=\"container\" data-e-type=\"container\">\n\t\t\t\t\t<div class=\"e-con-inner\">\n\t\t\t\t<div class=\"elementor-element elementor-element-b282692 elementor-widget elementor-widget-heading\" data-id=\"b282692\" data-element_type=\"widget\" data-e-type=\"widget\" data-widget_type=\"heading.default\">\n\t\t\t\t\t<h2 class=\"elementor-heading-title elementor-size-default\">Solicitar Substitui\u00e7\u00e3o de Declarante<\/h2>\t\t\t\t<\/div>\n\t\t\t\t<div class=\"elementor-element elementor-element-d6fa290 elementor-widget elementor-widget-n-accordion\" data-id=\"d6fa290\" data-element_type=\"widget\" data-e-type=\"widget\" data-settings=\"{&quot;default_state&quot;:&quot;all_collapsed&quot;,&quot;max_items_expended&quot;:&quot;one&quot;,&quot;n_accordion_animation_duration&quot;:{&quot;unit&quot;:&quot;ms&quot;,&quot;size&quot;:400,&quot;sizes&quot;:[]}}\" data-widget_type=\"nested-accordion.default\">\n\t\t\t\t\t\t\t<div class=\"e-n-accordion\" aria-label=\"Accordion. Open links with Enter or Space, close with Escape, and navigate with Arrow Keys\">\n\t\t\t\t\t\t<details id=\"e-n-accordion-item-2250\" class=\"e-n-accordion-item\" >\n\t\t\t\t<summary class=\"e-n-accordion-item-title\" data-accordion-index=\"1\" tabindex=\"0\" aria-expanded=\"false\" aria-controls=\"e-n-accordion-item-2250\" >\n\t\t\t\t\t<span class='e-n-accordion-item-title-header'><div class=\"e-n-accordion-item-title-text\"> Descri\u00e7\u00e3o <\/div><\/span>\n\t\t\t\t\t\t\t<span class='e-n-accordion-item-title-icon'>\n\t\t\t<span class='e-opened' ><svg aria-hidden=\"true\" class=\"e-font-icon-svg e-fas-angle-down\" viewBox=\"0 0 320 512\" xmlns=\"http:\/\/www.w3.org\/2000\/svg\"><path d=\"M143 352.3L7 216.3c-9.4-9.4-9.4-24.6 0-33.9l22.6-22.6c9.4-9.4 24.6-9.4 33.9 0l96.4 96.4 96.4-96.4c9.4-9.4 24.6-9.4 33.9 0l22.6 22.6c9.4 9.4 9.4 24.6 0 33.9l-136 136c-9.2 9.4-24.4 9.4-33.8 0z\"><\/path><\/svg><\/span>\n\t\t\t<span class='e-closed'><svg aria-hidden=\"true\" class=\"e-font-icon-svg e-fas-angle-right\" viewBox=\"0 0 256 512\" xmlns=\"http:\/\/www.w3.org\/2000\/svg\"><path d=\"M224.3 273l-136 136c-9.4 9.4-24.6 9.4-33.9 0l-22.6-22.6c-9.4-9.4-9.4-24.6 0-33.9l96.4-96.4-96.4-96.4c-9.4-9.4-9.4-24.6 0-33.9L54.3 103c9.4-9.4 24.6-9.4 33.9 0l136 136c9.5 9.4 9.5 24.6.1 34z\"><\/path><\/svg><\/span>\n\t\t<\/span>\n\n\t\t\t\t\t\t<\/summary>\n\t\t\t\t<div role=\"region\" aria-labelledby=\"e-n-accordion-item-2250\" class=\"elementor-element elementor-element-d9371ca e-con-full e-flex e-con e-child\" data-id=\"d9371ca\" data-element_type=\"container\" data-e-type=\"container\">\n\t\t\t\t<div class=\"elementor-element elementor-element-47cf22d elementor-widget elementor-widget-text-editor\" data-id=\"47cf22d\" data-element_type=\"widget\" data-e-type=\"widget\" data-widget_type=\"text-editor.default\">\n\t\t\t\t\t\t\t\t\t<p>\u00c9 poss\u00edvel solicitar a substitui\u00e7\u00e3o do Declarante na Declara\u00e7\u00e3o ITCD cadastrada por meio da aplica\u00e7\u00e3o ITCD Web (via internet) nas situa\u00e7\u00f5es em que se torna necess\u00e1rio, como, por exemplo, se o Declarante for uma das partes interessadas, mas tenha ficado impedido de responder pela Declara\u00e7\u00e3o, ou se o Declarante \u00e9 terceiro com procura\u00e7\u00e3o das partes interessadas e estas tiveram que mudar de procurador (advogado ou n\u00e3o).<\/p><p><strong><a href=\"https:\/\/goias.gov.br\/economia\/saiba-mais-servico-substituir-o-declarante\/\">Saiba Mais<\/a><\/strong><\/p>\t\t\t\t\t\t\t\t<\/div>\n\t\t\t\t<\/div>\n\t\t\t\t\t<\/details>\n\t\t\t\t\t\t<details id=\"e-n-accordion-item-2251\" class=\"e-n-accordion-item\" >\n\t\t\t\t<summary class=\"e-n-accordion-item-title\" data-accordion-index=\"2\" tabindex=\"-1\" aria-expanded=\"false\" aria-controls=\"e-n-accordion-item-2251\" >\n\t\t\t\t\t<span class='e-n-accordion-item-title-header'><div class=\"e-n-accordion-item-title-text\">  Como Proceder <\/div><\/span>\n\t\t\t\t\t\t\t<span class='e-n-accordion-item-title-icon'>\n\t\t\t<span class='e-opened' ><svg aria-hidden=\"true\" class=\"e-font-icon-svg e-fas-angle-down\" viewBox=\"0 0 320 512\" xmlns=\"http:\/\/www.w3.org\/2000\/svg\"><path d=\"M143 352.3L7 216.3c-9.4-9.4-9.4-24.6 0-33.9l22.6-22.6c9.4-9.4 24.6-9.4 33.9 0l96.4 96.4 96.4-96.4c9.4-9.4 24.6-9.4 33.9 0l22.6 22.6c9.4 9.4 9.4 24.6 0 33.9l-136 136c-9.2 9.4-24.4 9.4-33.8 0z\"><\/path><\/svg><\/span>\n\t\t\t<span class='e-closed'><svg aria-hidden=\"true\" class=\"e-font-icon-svg e-fas-angle-right\" viewBox=\"0 0 256 512\" xmlns=\"http:\/\/www.w3.org\/2000\/svg\"><path d=\"M224.3 273l-136 136c-9.4 9.4-24.6 9.4-33.9 0l-22.6-22.6c-9.4-9.4-9.4-24.6 0-33.9l96.4-96.4-96.4-96.4c-9.4-9.4-9.4-24.6 0-33.9L54.3 103c9.4-9.4 24.6-9.4 33.9 0l136 136c9.5 9.4 9.5 24.6.1 34z\"><\/path><\/svg><\/span>\n\t\t<\/span>\n\n\t\t\t\t\t\t<\/summary>\n\t\t\t\t<div role=\"region\" aria-labelledby=\"e-n-accordion-item-2251\" class=\"elementor-element elementor-element-1a77e06 e-con-full e-flex e-con e-child\" data-id=\"1a77e06\" data-element_type=\"container\" data-e-type=\"container\">\n\t\t\t\t<div class=\"elementor-element elementor-element-69a7714 elementor-widget elementor-widget-text-editor\" data-id=\"69a7714\" data-element_type=\"widget\" data-e-type=\"widget\" data-widget_type=\"text-editor.default\">\n\t\t\t\t\t\t\t\t\t<p>A primeira provid\u00eancia para que essa substitui\u00e7\u00e3o seja realizada \u00e9 <strong>o cadastramento do novo Declarante no <a href=\"https:\/\/portal.sefaz.go.gov.br\/portalsefaz-apps\/auth\/login-form\" target=\"_blank\" rel=\"noopener\">Portal de Aplica\u00e7\u00f5es da Secretaria da Economia<\/a><\/strong>, necess\u00e1rio para que o CPF do novo Declarante seja reconhecido por ocasi\u00e3o da substitui\u00e7\u00e3o pretendida.<\/p><p>Em seguida, dever\u00e3o ser seguidas as seguintes orienta\u00e7\u00f5es:<\/p><ol style=\"list-style-type: upper-alpha;\"><li>CASO O <strong>NOVO DECLARANTE <\/strong>SEJA UMA <strong>PARTE INTERESSADA<\/strong> E ESTEJA <strong>SUBSTITUINDO UMA DAS PARTES INTERESSADAS NO FATO GERADOR QUE ATUAVA COMO DECLARANTE<\/strong> QUANDO DO ENVIO DA DECLARA\u00c7\u00c3O (exemplo: um herdeiro substitui o outro como Declarante na Declara\u00e7\u00e3o do ITCD):<\/li><\/ol><ul><li>Encaminhar \u00e0 conta de e-mail <em><u><a href=\"mailto:itcd.economia@goias.gov.br\">itcd.economia@goias.gov.br<\/a>,<\/u> <\/em>um requerimento espec\u00edfico para essa finalidade, assinado pelo novo Declarante, <a href=\"https:\/\/goias.gov.br\/economia\/wp-content\/uploads\/sites\/45\/files\/ITCD\/Requerimentos\/ModelodeRequerimentoparaSubstituicaodoDeclarantenaDeclaracaodoITCD-link.doc\">conforme modelo dispon\u00edvel no site da Secretaria da Economia<\/a><strong>.<\/strong><\/li><li><strong>Anexar ao requerimento<\/strong> os seguintes documentos:<ul><li><a href=\"https:\/\/goias.gov.br\/economia\/wp-content\/uploads\/sites\/45\/files\/ITCD\/20220426_TERMO_DE_RESPONSABILIDADE.doc\">Termo de Responsabilidade assinado pelo novo declarante<\/a><strong>.<\/strong><\/li><li>Declara\u00e7\u00e3o assinada pelo Declarante que est\u00e1 sendo substitu\u00eddo, registrando sua desist\u00eancia da condi\u00e7\u00e3o de Declarante na Declara\u00e7\u00e3o do ITCD. A Declara\u00e7\u00e3o poder\u00e1 ser emitida \u00e0 parte ou no pr\u00f3prio requerimento de substitui\u00e7\u00e3o.<\/li><\/ul><\/li><\/ul><ol style=\"list-style-type: upper-alpha;\"><li value=\"2\">CASO O <strong>NOVO DECLARANTE <\/strong>SEJA<strong> &#8220;TERCEIRO COM PROCURA\u00c7\u00c3O&#8221;<\/strong>\u00a0<strong>OU MEMBRO DA DEFENSORIA P\u00daBLICA <\/strong>(ESTEJA APENAS REPRESENTANDO UMA DAS PARTES INTERESSADAS) E ESTEJA <strong>SUBSTITUINDO DECLARANTE ANTERIOR &#8220;TERCEIRO COM PROCURA\u00c7\u00c3O&#8221;\u00a0OU MEMBRO DAS DEFENSORIAS P\u00daBLICAS:<\/strong><\/li><\/ol><ul><li>Encaminhar \u00e0 conta de e-mail <em><a href=\"mailto:itcd.economia@goias.gov.br\">itcd.economia@goias.gov.br<\/a>, <\/em>um requerimento espec\u00edfico para essa finalidade, assinado pelo novo Declarante, conforme modelo dispon\u00edvel no site da Secretaria da Economia <a href=\"https:\/\/goias.gov.br\/economia\/wp-content\/uploads\/sites\/45\/files\/ITCD\/Requerimentos\/ModelodeRequerimentoparaSubstituicaodoDeclarantenaDeclaracaodoITCD-link.doc\">conforme modelo dispon\u00edvel no site da Secretaria da Economia<\/a><strong>.<\/strong><\/li><li><strong>Anexar ao requerimento<\/strong> os seguintes documentos:<ul><li><a href=\"https:\/\/goias.gov.br\/economia\/wp-content\/uploads\/sites\/45\/files\/ITCD\/20220426_TERMO_DE_RESPONSABILIDADE.doc\">Termo de Responsabilidade assinado pelo novo declarante<\/a><strong>.<\/strong><\/li><li>Documento de identidade do novo declarante, com CPF;<\/li><li>Comprovante de endere\u00e7o do novo declarante;<\/li><li>Procura\u00e7\u00e3o outorgada em data posterior \u00e0 procura\u00e7\u00e3o anteriormente emitida ao procurador que est\u00e1 sendo substitu\u00eddo, assinada pela mesma parte interessada que concedeu a primeira procura\u00e7\u00e3o.<\/li><\/ul><\/li><\/ul><ol style=\"list-style-type: upper-alpha;\"><li value=\"3\"><strong>CASO O NOVO DECLARANTE SEJA PARTE INTERESSADA E ESTEJA SUBSTITUINDO UM DECLARANTE &#8220;TERCEIRO COM PROCURA\u00c7\u00c3O&#8221;\u00a0OU MEMBRO DA DEFENSORIA P\u00daBLICA<\/strong><ul><li>Nesse caso, somente a parte interessada que outorgou a Declara\u00e7\u00e3o ao Declarante anterior &#8220;Terceiro com Procura\u00e7\u00e3o&#8221;\u00a0poder\u00e1 se apresentar para substitu\u00ed-lo.<\/li><li>Caso a iniciativa seja de outra parte interessada (n\u00e3o outorgante), esta dever\u00e1 apresentar Declara\u00e7\u00e3o assinada pela parte interessada que outorgou a procura\u00e7\u00e3o ao Declarante que est\u00e1 sendo substitu\u00eddo, registrando sua desist\u00eancia da condi\u00e7\u00e3o de Declarante na Declara\u00e7\u00e3o do ITCD. A Declara\u00e7\u00e3o poder\u00e1 ser emitida \u00e0 parte ou no pr\u00f3prio requerimento de substitui\u00e7\u00e3o.<\/li><li>Encaminhar \u00e0 conta de e-mail <a href=\"mailto:itcd.economia@goias.gov.br\">itcd.economia@goias.gov.br<\/a>, um requerimento espec\u00edfico para essa finalidade, assinado pelo novo Declarante PARTE INTERESSADA outorgante da Declara\u00e7\u00e3o ao Declarante anterior &#8220;Terceiro com Procura\u00e7\u00e3o&#8221;, <a href=\"https:\/\/goias.gov.br\/economia\/wp-content\/uploads\/sites\/45\/files\/ITCD\/Requerimentos\/ModelodeRequerimentoparaSubstituicaodoDeclarantenaDeclaracaodoITCD-link.doc\">conforme modelo dispon\u00edvel no site da Secretaria da Economia<\/a>.<\/li><li><strong>Anexar ao requerimento<\/strong> os seguintes documentos:<\/li><li><a href=\"https:\/\/goias.gov.br\/economia\/wp-content\/uploads\/sites\/45\/files\/ITCD\/20220426_TERMO_DE_RESPONSABILIDADE.doc\">Termo de Responsabilidade assinado pelo novo declarante<\/a> parte interessada<strong>.<\/strong><\/li><\/ul><\/li><\/ol><p><strong>Fique atento!<\/strong><\/p><ul><li>A agilidade no andamento do seu Requerimento ser\u00e1 maior se a solicita\u00e7\u00e3o for realizada de forma clara e objetiva e estiver acompanhada de documentos leg\u00edveis. A documenta\u00e7\u00e3o ser\u00e1 conferida e seu remetente receber\u00e1 a confirma\u00e7\u00e3o do seu recebimento, por e-mail.<\/li><li>Se faltar algum documento, se houver documentos ileg\u00edveis, ou se faltarem assinaturas, o respons\u00e1vel pelo seu envio ser\u00e1 comunicado das falhas, por e-mail, por isso o remetente da mensagem dever\u00e1 verificar sistematicamente a sua caixa de mensagens de e-mail, inclusive a caixa de spam ou de lixo eletr\u00f4nico, para onde a mensagem eventualmente possa ter sido destinada.<\/li><li>E-mails com arquivos compactados (exe. zip, rar) ser\u00e3o desconsiderados;<\/li><li>E-mails com links de acesso para baixar arquivos da &#8220;nuvem&#8221;\u00a0ser\u00e3o desconsiderados;<\/li><li>Indique no &#8220;<strong>Assunto&#8221;\u00a0do e-mail<\/strong> enviado \u00e0 Secretaria da Economia o tipo de servi\u00e7o que est\u00e1 sendo solicitado, neste caso, uma <strong>solicita\u00e7\u00e3o de restitui\u00e7\u00e3o de ITCD pago indevidamente<\/strong>;<\/li><li>No texto do e-mail, resuma o seu pedido e anexe o arquivo \u00fanico em formato pdf com a documenta\u00e7\u00e3o necess\u00e1ria.<\/li><\/ul><p>\u00a0# Dica:\u00a0<a href=\"https:\/\/goias.gov.br\/economia\/wp-content\/uploads\/sites\/45\/files\/ITCD\/MODELODEE-MAILPARAENCAMINHAMENTODEREQUERIMENTOSDIVERSOSRELATIVOSAOITCD-1.pdf\">Veja o\u00a0modelo\u00a0de e-mail para encaminhamento de\u00a0<\/a><em><a href=\"https:\/\/goias.gov.br\/economia\/wp-content\/uploads\/sites\/45\/files\/ITCD\/MODELODEE-MAILPARAENCAMINHAMENTODEREQUERIMENTOSDIVERSOSRELATIVOSAOITCD-1.pdf\">REQUERIMENTOS<\/a>.\u00a0<\/em><\/p><p><strong><em><u>Orienta\u00e7\u00f5es sobre a digitaliza\u00e7\u00e3o dos arquivos.<\/u><\/em><\/strong><\/p><ul><li>Digitalize os documentos a serem enviados de forma que voc\u00ea chegue ao menor tamanho poss\u00edvel do arquivo final.<\/li><\/ul><p># Dicas: a resolu\u00e7\u00e3o de 150 ppi em tons de cinza costuma dar bons resultados. Se preciso, utilize programas ou aplicativos de redu\u00e7\u00e3o de PDF. Um arquivo digitalizado de forma adequada pode conter em 12 MB at\u00e9 120 p\u00e1ginas de documentos.<\/p><ul><li>Caso a digitaliza\u00e7\u00e3o tenha sido feita de forma adequada e, ainda assim, o arquivo ultrapassar 12 MB, o arquivo deve ser separado em partes, e cada parte deve ter, no m\u00e1ximo, 12 MB.<\/li><li>Somente fracione os arquivos para envio por e-mail se estes ultrapassarem 12 MB.<\/li><\/ul><p><strong><em><u>Orienta\u00e7\u00f5es para o encaminhamento dos arquivos via e-mail:<\/u><\/em><\/strong><\/p><ul><li>Se a digitaliza\u00e7\u00e3o dos arquivos resultou em v\u00e1rios arquivos de at\u00e9 12 MB, cada parte deve ser encaminhada como anexo de um e-mail em separado, ou seja, um arquivo de at\u00e9 12 MB para cada e-mail. Neste caso, lembre-se de identificar cada e-mail com o n\u00famero que ele representa na sequ\u00eancia de e-mails enviados (ex: 1\/3, 2\/3 e 3\/3).<\/li><li>Ser\u00e3o tantos e-mails enviados quantos forem os arquivos de tamanho limite de at\u00e9 12 MB.<\/li><\/ul>\t\t\t\t\t\t\t\t<\/div>\n\t\t\t\t<\/div>\n\t\t\t\t\t<\/details>\n\t\t\t\t\t<\/div>\n\t\t\t\t\t\t<\/div>\n\t\t\t\t\t<\/div>\n\t\t\t\t<\/div>\n\t\t\t\t<\/div>\n\t\t","protected":false},"excerpt":{"rendered":"<p>Solicitar Substitui\u00e7\u00e3o de Declarante Descri\u00e7\u00e3o \u00c9 poss\u00edvel solicitar a substitui\u00e7\u00e3o do Declarante na Declara\u00e7\u00e3o ITCD cadastrada por meio da aplica\u00e7\u00e3o ITCD Web (via internet) nas situa\u00e7\u00f5es em que se torna necess\u00e1rio, como, por exemplo, se o Declarante for uma das partes interessadas, mas tenha ficado impedido de responder pela Declara\u00e7\u00e3o, ou se o Declarante \u00e9 [&hellip;]<\/p>\n","protected":false},"author":1,"featured_media":0,"parent":0,"menu_order":0,"comment_status":"closed","ping_status":"closed","template":"elementor_header_footer","meta":{"footnotes":""},"class_list":["post-19312","page","type-page","status-publish","hentry"],"rttpg_featured_image_url":null,"rttpg_author":{"display_name":"wagner.viana","author_link":"https:\/\/goias.gov.br\/economia\/author\/wagner-viana\/"},"rttpg_comment":0,"rttpg_category":null,"rttpg_excerpt":"Solicitar Substitui\u00e7\u00e3o de Declarante Descri\u00e7\u00e3o \u00c9 poss\u00edvel solicitar a substitui\u00e7\u00e3o do Declarante na Declara\u00e7\u00e3o ITCD cadastrada por meio da aplica\u00e7\u00e3o ITCD Web (via internet) nas situa\u00e7\u00f5es em que se torna necess\u00e1rio, como, por exemplo, se o Declarante for uma das partes interessadas, mas tenha ficado impedido de responder pela Declara\u00e7\u00e3o, ou se o Declarante \u00e9&hellip;","_links":{"self":[{"href":"https:\/\/goias.gov.br\/economia\/wp-json\/wp\/v2\/pages\/19312","targetHints":{"allow":["GET"]}}],"collection":[{"href":"https:\/\/goias.gov.br\/economia\/wp-json\/wp\/v2\/pages"}],"about":[{"href":"https:\/\/goias.gov.br\/economia\/wp-json\/wp\/v2\/types\/page"}],"author":[{"embeddable":true,"href":"https:\/\/goias.gov.br\/economia\/wp-json\/wp\/v2\/users\/1"}],"replies":[{"embeddable":true,"href":"https:\/\/goias.gov.br\/economia\/wp-json\/wp\/v2\/comments?post=19312"}],"version-history":[{"count":2,"href":"https:\/\/goias.gov.br\/economia\/wp-json\/wp\/v2\/pages\/19312\/revisions"}],"predecessor-version":[{"id":436833,"href":"https:\/\/goias.gov.br\/economia\/wp-json\/wp\/v2\/pages\/19312\/revisions\/436833"}],"wp:attachment":[{"href":"https:\/\/goias.gov.br\/economia\/wp-json\/wp\/v2\/media?parent=19312"}],"curies":[{"name":"wp","href":"https:\/\/api.w.org\/{rel}","templated":true}]}}