

{"id":19311,"date":"2023-07-31T15:19:46","date_gmt":"2023-07-31T18:19:46","guid":{"rendered":"https:\/\/wwwdesenv.joomlamultidesenv.go.gov.br\/economia\/?page_id=9903"},"modified":"2026-02-26T11:34:45","modified_gmt":"2026-02-26T14:34:45","slug":"contexto-judicial-e-administrativo-percorrido","status":"publish","type":"page","link":"https:\/\/goias.gov.br\/economia\/contexto-judicial-e-administrativo-percorrido\/","title":{"rendered":"Contexto Judicial e Administrativo Percorrido"},"content":{"rendered":"\t\t<div data-elementor-type=\"wp-page\" data-elementor-id=\"19311\" class=\"elementor elementor-19311\">\n\t\t\t\t<div class=\"elementor-element elementor-element-7aa820e e-flex e-con-boxed e-con e-parent\" data-id=\"7aa820e\" data-element_type=\"container\" data-e-type=\"container\">\n\t\t\t\t\t<div class=\"e-con-inner\">\n\t\t<div class=\"elementor-element elementor-element-4db7a78 e-con-full e-flex e-con e-child\" data-id=\"4db7a78\" data-element_type=\"container\" data-e-type=\"container\">\n\t\t\t\t<div class=\"elementor-element elementor-element-ca2e002 elementor-widget elementor-widget-shortcode\" data-id=\"ca2e002\" data-element_type=\"widget\" data-e-type=\"widget\" data-widget_type=\"shortcode.default\">\n\t\t\t\t\t\t\t<div class=\"elementor-shortcode\"><div data-post-id=\"33336\" class=\"insert-page insert-page-33336 \"><h1 class='insert-page-title'>Contexto Judicial e Administrativo Percorrido<\/h1><p style=\"text-align: justify;\">Dada a situa&ccedil;&atilde;o de grave desequil&iacute;brio fiscal enfrentada por Goi&aacute;s, o Estado pleiteia, desde 2019, o ingresso no Regime. Todavia, a STN entendeu que, embora cumprisse &agrave;s condi&ccedil;&otilde;es estabelecidas nos incisos II e III do art. 3&ordm; da LC 159\/2017, o Estado de Goi&aacute;s n&atilde;o se enquadraria nos requisitos de ades&atilde;o ao RRF, em virtude de n&atilde;o atender ao estabelecido no inciso I, ou seja, n&atilde;o apresentar endividamento superior &agrave; Receita Corrente L&iacute;quida em 2018.<\/p>\n<p style=\"text-align: justify;\">Em fun&ccedil;&atilde;o disso, o Estado adotou outras medidas, dentre elas, a abertura de processo junto ao Supremo Tribunal Federal- STF para que este reconsiderasse a interpreta&ccedil;&atilde;o da referida cl&aacute;usula, tendo em vista o valor expressivo de passivos contingentes que impactariam a d&iacute;vida consolidada.<\/p>\n<p style=\"text-align: justify;\">Em virtude disso, um longo caminho judicial e administrativo foi percorrido, culminando na decis&atilde;o do Plen&aacute;rio do STF, que proferiu Voto Conjunto relativo &agrave;s A&ccedil;&otilde;es C&iacute;veis Origin&aacute;rias n&ordm;s 3.262, 3.286, 3.328 e 3.333, evidenciando que o Estado de Goi&aacute;s superou a fase de habilita&ccedil;&atilde;o, atendendo aos incisos de I a III do caput do art. 3&ordm; da LC n&ordm; 159\/2017, cumprindo, consequentemente, o requerimento exigido pelo inciso I do art. 4&ordm; da LC n&ordm; 159\/2017 e pelo inciso I do art. 3&ordm; do Decreto 10.681\/2021.<\/p>\n<p alt=\"Base de dados de 2018\" class=\"pull-center\" height=\"411\" id=\"\" src=\"\/economia\/wp-content\/uploads\/sites\/45\/images\/RRF\/tabela_rrf-1.png\" style=\"\" title=\"\" width=\"970\"><img fetchpriority=\"high\" fetchpriority=\"high\" decoding=\"async\" class=\" size-full wp-image-33335\" alt=\"\" data-image-widget-flowlayout=\"1\" height=\"411\" id=\"\" src=\"https:\/\/goias.gov.br\/economia\/wp-content\/uploads\/sites\/45\/2021\/07\/tabela_rrf-1-793.png\" title=\"\" width=\"970\" srcset=\"https:\/\/goias.gov.br\/economia\/wp-content\/uploads\/sites\/45\/2021\/07\/tabela_rrf-1-793.png 1385w, https:\/\/goias.gov.br\/economia\/wp-content\/uploads\/sites\/45\/2021\/07\/tabela_rrf-1-793-300x127.png 300w, https:\/\/goias.gov.br\/economia\/wp-content\/uploads\/sites\/45\/2021\/07\/tabela_rrf-1-793-1024x434.png 1024w, https:\/\/goias.gov.br\/economia\/wp-content\/uploads\/sites\/45\/2021\/07\/tabela_rrf-1-793-768x325.png 768w\" sizes=\"(max-width: 970px) 100vw, 970px\" \/><\/p>\n<p style=\"text-align: center;\">Condi&ccedil;&otilde;es de habilita&ccedil;&atilde;o (art. 3&ordm; da LC n&ordm; 159\/2017)<\/p>\n<ul class='post-meta'>\n<li><span class='post-meta-key'>tpg-post-view-count:<\/span> 232<\/li>\n<li><span class='post-meta-key'>rank_math_analytic_object_id:<\/span> 1831<\/li>\n<\/ul>\n<\/div><\/div>\n\t\t\t\t\t\t<\/div>\n\t\t\t\t<\/div>\n\t\t<div class=\"elementor-element elementor-element-3cec267 e-con-full e-flex e-con e-child\" data-id=\"3cec267\" data-element_type=\"container\" data-e-type=\"container\">\n\t\t\t\t<div class=\"elementor-element elementor-element-0799b64 elementor-widget elementor-widget-heading\" data-id=\"0799b64\" data-element_type=\"widget\" data-e-type=\"widget\" data-widget_type=\"heading.default\">\n\t\t\t\t\t<h3 class=\"elementor-heading-title elementor-size-default\">REGIME DE RECUPERA\u00c7\u00c3O FISCAL<\/h3>\t\t\t\t<\/div>\n\t\t\t\t<div class=\"elementor-element elementor-element-8f7930a elementor-align-justify elementor-widget elementor-widget-button\" data-id=\"8f7930a\" data-element_type=\"widget\" data-e-type=\"widget\" data-widget_type=\"button.default\">\n\t\t\t\t\t\t\t\t\t\t<a class=\"elementor-button elementor-button-link elementor-size-sm\" href=\"\/economia\/legislacao-relacionada\/\" target=\"_blank\">\n\t\t\t\t\t\t<span class=\"elementor-button-content-wrapper\">\n\t\t\t\t\t\t\t\t\t<span class=\"elementor-button-text\">Legisla\u00e7\u00e3o Relacionada<\/span>\n\t\t\t\t\t<\/span>\n\t\t\t\t\t<\/a>\n\t\t\t\t\t\t\t\t<\/div>\n\t\t\t\t<div class=\"elementor-element elementor-element-a8211bb elementor-align-justify elementor-widget elementor-widget-button\" data-id=\"a8211bb\" data-element_type=\"widget\" data-e-type=\"widget\" data-widget_type=\"button.default\">\n\t\t\t\t\t\t\t\t\t\t<a class=\"elementor-button elementor-button-link elementor-size-sm\" href=\"\/economia\/instrumentos-de-recuperacao-fiscal\/\" target=\"_blank\">\n\t\t\t\t\t\t<span class=\"elementor-button-content-wrapper\">\n\t\t\t\t\t\t\t\t\t<span class=\"elementor-button-text\">Instrumentos de Recupera\u00e7\u00e3o Fiscal<\/span>\n\t\t\t\t\t<\/span>\n\t\t\t\t\t<\/a>\n\t\t\t\t\t\t\t\t<\/div>\n\t\t\t\t<div class=\"elementor-element elementor-element-23549a1 elementor-align-justify elementor-widget elementor-widget-button\" data-id=\"23549a1\" data-element_type=\"widget\" data-e-type=\"widget\" data-widget_type=\"button.default\">\n\t\t\t\t\t\t\t\t\t\t<a class=\"elementor-button elementor-button-link elementor-size-sm\" href=\"\/economia\/deveres-do-estado\/\" target=\"_blank\">\n\t\t\t\t\t\t<span class=\"elementor-button-content-wrapper\">\n\t\t\t\t\t\t\t\t\t<span class=\"elementor-button-text\">Deveres do Estado<\/span>\n\t\t\t\t\t<\/span>\n\t\t\t\t\t<\/a>\n\t\t\t\t\t\t\t\t<\/div>\n\t\t\t\t<div class=\"elementor-element elementor-element-15e464b elementor-align-justify elementor-widget elementor-widget-button\" data-id=\"15e464b\" data-element_type=\"widget\" data-e-type=\"widget\" data-widget_type=\"button.default\">\n\t\t\t\t\t\t\t\t\t\t<a class=\"elementor-button elementor-button-link elementor-size-sm\" href=\"\/economia\/contexto-judicial-e-administrativo-percorrido\/\" target=\"_blank\">\n\t\t\t\t\t\t<span class=\"elementor-button-content-wrapper\">\n\t\t\t\t\t\t\t\t\t<span class=\"elementor-button-text\">Contexto Judicial e Administrativo Percorrido<\/span>\n\t\t\t\t\t<\/span>\n\t\t\t\t\t<\/a>\n\t\t\t\t\t\t\t\t<\/div>\n\t\t\t\t<div class=\"elementor-element elementor-element-e4398c7 elementor-align-justify elementor-widget elementor-widget-button\" data-id=\"e4398c7\" data-element_type=\"widget\" data-e-type=\"widget\" data-widget_type=\"button.default\">\n\t\t\t\t\t\t\t\t\t\t<a class=\"elementor-button elementor-button-link elementor-size-sm\" href=\"\/economia\/composicao-do-plano-de-recuperacao-fiscal\/\" target=\"_blank\">\n\t\t\t\t\t\t<span class=\"elementor-button-content-wrapper\">\n\t\t\t\t\t\t\t\t\t<span class=\"elementor-button-text\">Plano de Recupera\u00e7\u00e3o Fiscal<\/span>\n\t\t\t\t\t<\/span>\n\t\t\t\t\t<\/a>\n\t\t\t\t\t\t\t\t<\/div>\n\t\t\t\t<div class=\"elementor-element elementor-element-278a669 elementor-align-justify elementor-widget elementor-widget-button\" data-id=\"278a669\" data-element_type=\"widget\" data-e-type=\"widget\" data-widget_type=\"button.default\">\n\t\t\t\t\t\t\t\t\t\t<a class=\"elementor-button elementor-button-link elementor-size-sm\" href=\"https:\/\/goias.gov.br\/economia\/?page_id=56821\" target=\"_blank\">\n\t\t\t\t\t\t<span class=\"elementor-button-content-wrapper\">\n\t\t\t\t\t\t\t\t\t<span class=\"elementor-button-text\">Novo Plano de Recupera\u00e7\u00e3o Fiscal<\/span>\n\t\t\t\t\t<\/span>\n\t\t\t\t\t<\/a>\n\t\t\t\t\t\t\t\t<\/div>\n\t\t\t\t<div class=\"elementor-element elementor-element-80ea5fc elementor-align-justify elementor-widget elementor-widget-button\" data-id=\"80ea5fc\" data-element_type=\"widget\" data-e-type=\"widget\" data-widget_type=\"button.default\">\n\t\t\t\t\t\t\t\t\t\t<a class=\"elementor-button elementor-button-link elementor-size-sm\" href=\"https:\/\/goias.gov.br\/economia\/documentos-relacionados-ao-acompanhamento-do-prf-de-goias\/\" target=\"_blank\">\n\t\t\t\t\t\t<span class=\"elementor-button-content-wrapper\">\n\t\t\t\t\t\t\t\t\t<span class=\"elementor-button-text\">Acompanhamento do PRF<\/span>\n\t\t\t\t\t<\/span>\n\t\t\t\t\t<\/a>\n\t\t\t\t\t\t\t\t<\/div>\n\t\t\t\t<div class=\"elementor-element elementor-element-229f098 elementor-align-justify elementor-widget elementor-widget-button\" data-id=\"229f098\" data-element_type=\"widget\" data-e-type=\"widget\" data-widget_type=\"button.default\">\n\t\t\t\t\t\t\t\t\t\t<a class=\"elementor-button elementor-button-link elementor-size-sm\" href=\"\/economia\/rrf-perguntas-frequentes\/\" target=\"_blank\">\n\t\t\t\t\t\t<span class=\"elementor-button-content-wrapper\">\n\t\t\t\t\t\t\t\t\t<span class=\"elementor-button-text\">Perguntas Frequentes<\/span>\n\t\t\t\t\t<\/span>\n\t\t\t\t\t<\/a>\n\t\t\t\t\t\t\t\t<\/div>\n\t\t\t\t<div class=\"elementor-element elementor-element-85b4fe7 elementor-align-justify elementor-widget elementor-widget-button\" data-id=\"85b4fe7\" data-element_type=\"widget\" data-e-type=\"widget\" data-widget_type=\"button.default\">\n\t\t\t\t\t\t\t\t\t\t<a class=\"elementor-button elementor-button-link elementor-size-sm\" href=\"\/economia\/paineis-de-acompanhamento-rrf-2\/\" target=\"_blank\">\n\t\t\t\t\t\t<span class=\"elementor-button-content-wrapper\">\n\t\t\t\t\t\t\t\t\t<span class=\"elementor-button-text\">Pain\u00e9is de Acompanhamento<\/span>\n\t\t\t\t\t<\/span>\n\t\t\t\t\t<\/a>\n\t\t\t\t\t\t\t\t<\/div>\n\t\t\t\t<\/div>\n\t\t\t\t\t<\/div>\n\t\t\t\t<\/div>\n\t\t\t\t<\/div>\n\t\t","protected":false},"excerpt":{"rendered":"<p>REGIME DE RECUPERA\u00c7\u00c3O FISCAL Legisla\u00e7\u00e3o Relacionada Instrumentos de Recupera\u00e7\u00e3o Fiscal Deveres do Estado Contexto Judicial e Administrativo Percorrido Plano de Recupera\u00e7\u00e3o Fiscal Novo Plano de Recupera\u00e7\u00e3o Fiscal Acompanhamento do PRF Perguntas Frequentes Pain\u00e9is de Acompanhamento<\/p>\n","protected":false},"author":1,"featured_media":0,"parent":0,"menu_order":0,"comment_status":"closed","ping_status":"closed","template":"wppb_theme_template","meta":{"footnotes":""},"class_list":["post-19311","page","type-page","status-publish","hentry"],"rttpg_featured_image_url":null,"rttpg_author":{"display_name":"wagner.viana","author_link":"https:\/\/goias.gov.br\/economia\/author\/wagner-viana\/"},"rttpg_comment":0,"rttpg_category":"","rttpg_excerpt":"REGIME DE RECUPERA\u00c7\u00c3O FISCAL Legisla\u00e7\u00e3o Relacionada Instrumentos de Recupera\u00e7\u00e3o Fiscal Deveres do Estado Contexto Judicial e Administrativo Percorrido Plano de Recupera\u00e7\u00e3o Fiscal Novo Plano de Recupera\u00e7\u00e3o Fiscal Acompanhamento do PRF Perguntas Frequentes Pain\u00e9is de Acompanhamento","_links":{"self":[{"href":"https:\/\/goias.gov.br\/economia\/wp-json\/wp\/v2\/pages\/19311","targetHints":{"allow":["GET"]}}],"collection":[{"href":"https:\/\/goias.gov.br\/economia\/wp-json\/wp\/v2\/pages"}],"about":[{"href":"https:\/\/goias.gov.br\/economia\/wp-json\/wp\/v2\/types\/page"}],"author":[{"embeddable":true,"href":"https:\/\/goias.gov.br\/economia\/wp-json\/wp\/v2\/users\/1"}],"replies":[{"embeddable":true,"href":"https:\/\/goias.gov.br\/economia\/wp-json\/wp\/v2\/comments?post=19311"}],"version-history":[{"count":2,"href":"https:\/\/goias.gov.br\/economia\/wp-json\/wp\/v2\/pages\/19311\/revisions"}],"predecessor-version":[{"id":415956,"href":"https:\/\/goias.gov.br\/economia\/wp-json\/wp\/v2\/pages\/19311\/revisions\/415956"}],"wp:attachment":[{"href":"https:\/\/goias.gov.br\/economia\/wp-json\/wp\/v2\/media?parent=19311"}],"curies":[{"name":"wp","href":"https:\/\/api.w.org\/{rel}","templated":true}]}}