

{"id":19310,"date":"2023-07-31T15:14:08","date_gmt":"2023-07-31T18:14:08","guid":{"rendered":"https:\/\/wwwdesenv.joomlamultidesenv.go.gov.br\/economia\/?page_id=9901"},"modified":"2026-02-26T13:47:55","modified_gmt":"2026-02-26T16:47:55","slug":"rrf","status":"publish","type":"page","link":"https:\/\/goias.gov.br\/economia\/rrf\/","title":{"rendered":"RRF"},"content":{"rendered":"\t\t<div data-elementor-type=\"wp-page\" data-elementor-id=\"19310\" class=\"elementor elementor-19310\">\n\t\t\t\t<div class=\"elementor-element elementor-element-67023c6 e-flex e-con-boxed e-con e-parent\" data-id=\"67023c6\" data-element_type=\"container\" data-e-type=\"container\">\n\t\t\t\t\t<div class=\"e-con-inner\">\n\t\t<div class=\"elementor-element elementor-element-90a13b6 e-con-full e-flex e-con e-child\" data-id=\"90a13b6\" data-element_type=\"container\" data-e-type=\"container\">\n\t\t\t\t<div class=\"elementor-element elementor-element-a19280d elementor-widget elementor-widget-shortcode\" data-id=\"a19280d\" data-element_type=\"widget\" data-e-type=\"widget\" data-widget_type=\"shortcode.default\">\n\t\t\t\t\t\t\t<div class=\"elementor-shortcode\"><div data-post-id=\"33317\" class=\"insert-page insert-page-33317 \"><h1 class='insert-page-title'>O Regime de Recupera\u00e7\u00e3o Fiscal &#8211; RRF<\/h1><p><strong>A necessidade de ingresso do Estado de Goi\u00e1s no Regime de Recupera\u00e7\u00e3o Fiscal<\/strong><\/p>\n<div>\n<p>Goi\u00e1s <strong>enfrentou<\/strong> uma grave crise financeira fruto de anos de desequil\u00edbrio entre a receita e a despesa. As receitas <strong>eram<\/strong> consumidas, quase em sua totalidade, com despesas obrigat\u00f3rias como: folha salarial; precat\u00f3rios (pagamento de senten\u00e7as judiciais); servi\u00e7o da d\u00edvida (amortiza\u00e7\u00e3o do principal e juros); e vincula\u00e7\u00f5es constitucionais federais (sa\u00fade e educa\u00e7\u00e3o).<\/p>\n<p>Em virtude desse desequil\u00edbrio, em 2018 n\u00e3o <strong>houve<\/strong> recursos para pagamento de parte da folha salarial de novembro, da folha salarial e do 13\u00ba sal\u00e1rio de dezembro, al\u00e9m do consignado dos servidores p\u00fablicos. Tamb\u00e9m n\u00e3o <strong>foram honradas<\/strong> d\u00edvidas de curto prazo assumidas com mais de 4.500 fornecedores de bens e servi\u00e7os, <strong>restando<\/strong> em torno de R$ 3,1 bilh\u00f5es, acumulados desde 2012, para serem pagos nos anos seguintes.<\/p>\n<p>Al\u00e9m disso, Goi\u00e1s <strong>possu\u00eda<\/strong> uma d\u00edvida acumulada de R$ 23,7 bilh\u00f5es, que <strong>consumia<\/strong> anualmente um valor aproximado de R$ 2,5 bilh\u00f5es em pagamento de principal e juros, incluindo os precat\u00f3rios.<\/p>\n<p>Por ter <strong>descumprido<\/strong> o teto de gastos do Programa de Reestrutura\u00e7\u00e3o e de Ajuste Fiscal \u2013 PAF (Lei n\u00ba 156\/2016) em 2018, que determinava que o limite de gastos para cada ano seria o equivalente \u00e0 despesa do ano anterior com corre\u00e7\u00e3o da infla\u00e7\u00e3o, Goi\u00e1s <strong>recebeu<\/strong> do Governo Federal uma multa de R$ 1,1 bilh\u00e3o. Depois de muita negocia\u00e7\u00e3o, a multa <strong>foi eximida<\/strong>, mas, em contrapartida, os estados que descumpriram o teto <strong>foram submetidos<\/strong> a um novo per\u00edodo de limita\u00e7\u00e3o das despesas que <strong>iria<\/strong> de 2021 a 2023. Logo, era por isso que Goi\u00e1s <strong>estava<\/strong> novamente submetido ao Teto de Gastos j\u00e1 em 2021 e n\u00e3o por conta de seu ingresso no Regime de Recupera\u00e7\u00e3o Fiscal.<\/p>\n<p>Nesse contexto, Goi\u00e1s <strong>viu-se<\/strong> diante da necessidade urgente de <strong>adotar<\/strong> medidas para equilibrar as contas p\u00fablicas, retomando o seu papel principal, que era o de promover a melhoria da qualidade de vida do povo goiano, por meio da presta\u00e7\u00e3o de servi\u00e7os eficientes e investimentos em escolas, hospitais, seguran\u00e7a p\u00fablica, rodovias, dentre outros, que possibilitassem o alcance desse objetivo.<\/p>\n<p>A solu\u00e7\u00e3o encontrada pelo Estado de Goi\u00e1s para voltar a ter capacidade de crescimento e investimento <strong>foi solicitar<\/strong> a entrada no Regime de Recupera\u00e7\u00e3o Fiscal oferecido pelo Governo Federal para os Estados e o Distrito Federal.<\/p>\n<\/div>\n<p style=\"text-align: left;\"><strong>O Regime de Recupera\u00e7\u00e3o Fiscal &#8211; RRF<\/strong><\/p>\n<p style=\"text-align: left;\">O Regime de Recupera\u00e7\u00e3o Fiscal (RRF), aprovado pela Lei Complementar 159\/2017, foi criado para fornecer aos Estados com grave desequil\u00edbrio financeiro os instrumentos para o ajuste de suas contas. Dessa forma, ele complementa e fortalece a Lei de Responsabilidade Fiscal, que n\u00e3o trazia at\u00e9 ent\u00e3o previs\u00e3o para o tratamento dessas situa\u00e7\u00f5es.<\/p>\n<p style=\"text-align: left;\">De acordo com o RRF, o desequil\u00edbrio financeiro \u00e9 considerado grave quando: 1) a Receita Corrente L\u00edquida (RCL) anual do Estado \u00e9 menor do que a D\u00edvida Consolidada ao final do \u00faltimo exerc\u00edcio; 2) quando as despesas correntes s\u00e3o superiores a 95% da RCL ou as despesas com pessoal ultrapassam 60% da RCL; e 3) quando o valor total de obriga\u00e7\u00f5es \u00e9 superior ao valor das disponibilidades de caixa.<\/p>\n<p style=\"text-align: left;\">O Estado que cumprir esses tr\u00eas requisitos de entrada poder\u00e1 aderir ao RRF, usufruindo do benef\u00edcio da suspens\u00e3o do pagamento de suas d\u00edvidas. No entanto, caso o Estado cumpra apenas os requisitos 2 e 3, poder\u00e1 aderir ao RRF sem a suspens\u00e3o do pagamento da d\u00edvida. O Estado de Goi\u00e1s cumpre os tr\u00eas requisitos, o que foi comprovado na via judicial no \u00e2mbito das A\u00e7\u00f5es C\u00edveis Origin\u00e1rias 3.262, 3.286, 3.328 e 3.333, tendo, portanto, condi\u00e7\u00f5es de aderir ao Regime de Recupera\u00e7\u00e3o Fiscal com suspens\u00e3o do pagamento de suas d\u00edvidas.<\/p>\n<p style=\"text-align: left;\">O pedido de ades\u00e3o do Estado de Goi\u00e1s, realizado em 31 de agosto de 2021, foi deferido pela Secretaria do Tesouro Nacional em 22 de setembro de 2021 e, a partir da\u00ed, iniciou-se a elabora\u00e7\u00e3o do Plano de Recupera\u00e7\u00e3o Fiscal, que foi protocolado em 29 de novembro de 2021, obtendo manifesta\u00e7\u00e3o favor\u00e1vel do Ministro da Economia em 14 de dezembro de 2021.<\/p>\n<ul class='post-meta'>\n<li><span class='post-meta-key'>tpg-post-view-count:<\/span> 449<\/li>\n<li><span class='post-meta-key'>rank_math_analytic_object_id:<\/span> 1839<\/li>\n<\/ul>\n<\/div><\/div>\n\t\t\t\t\t\t<\/div>\n\t\t\t\t<\/div>\n\t\t<div class=\"elementor-element elementor-element-5c9cab6 e-con-full e-flex e-con e-child\" data-id=\"5c9cab6\" data-element_type=\"container\" data-e-type=\"container\">\n\t\t\t\t<div class=\"elementor-element elementor-element-e73cae3 elementor-widget elementor-widget-heading\" data-id=\"e73cae3\" data-element_type=\"widget\" data-e-type=\"widget\" data-widget_type=\"heading.default\">\n\t\t\t\t\t<h3 class=\"elementor-heading-title elementor-size-default\">REGIME DE RECUPERA\u00c7\u00c3O FISCAL<\/h3>\t\t\t\t<\/div>\n\t\t\t\t<div class=\"elementor-element elementor-element-0576fce elementor-align-justify elementor-widget elementor-widget-button\" data-id=\"0576fce\" data-element_type=\"widget\" data-e-type=\"widget\" data-widget_type=\"button.default\">\n\t\t\t\t\t\t\t\t\t\t<a class=\"elementor-button elementor-button-link elementor-size-sm\" href=\"\/economia\/legislacao-relacionada\/\" target=\"_blank\">\n\t\t\t\t\t\t<span class=\"elementor-button-content-wrapper\">\n\t\t\t\t\t\t\t\t\t<span class=\"elementor-button-text\">Legisla\u00e7\u00e3o Relacionada<\/span>\n\t\t\t\t\t<\/span>\n\t\t\t\t\t<\/a>\n\t\t\t\t\t\t\t\t<\/div>\n\t\t\t\t<div class=\"elementor-element elementor-element-911fa90 elementor-align-justify elementor-widget elementor-widget-button\" data-id=\"911fa90\" data-element_type=\"widget\" data-e-type=\"widget\" data-widget_type=\"button.default\">\n\t\t\t\t\t\t\t\t\t\t<a class=\"elementor-button elementor-button-link elementor-size-sm\" href=\"\/economia\/instrumentos-de-recuperacao-fiscal\/\" target=\"_blank\">\n\t\t\t\t\t\t<span class=\"elementor-button-content-wrapper\">\n\t\t\t\t\t\t\t\t\t<span class=\"elementor-button-text\">Instrumentos de Recupera\u00e7\u00e3o Fiscal<\/span>\n\t\t\t\t\t<\/span>\n\t\t\t\t\t<\/a>\n\t\t\t\t\t\t\t\t<\/div>\n\t\t\t\t<div class=\"elementor-element elementor-element-dafdc0a elementor-align-justify elementor-widget elementor-widget-button\" data-id=\"dafdc0a\" data-element_type=\"widget\" data-e-type=\"widget\" data-widget_type=\"button.default\">\n\t\t\t\t\t\t\t\t\t\t<a class=\"elementor-button elementor-button-link elementor-size-sm\" href=\"\/economia\/deveres-do-estado\/\" target=\"_blank\">\n\t\t\t\t\t\t<span class=\"elementor-button-content-wrapper\">\n\t\t\t\t\t\t\t\t\t<span class=\"elementor-button-text\">Deveres do Estado<\/span>\n\t\t\t\t\t<\/span>\n\t\t\t\t\t<\/a>\n\t\t\t\t\t\t\t\t<\/div>\n\t\t\t\t<div class=\"elementor-element elementor-element-5517e3f elementor-align-justify elementor-widget elementor-widget-button\" data-id=\"5517e3f\" data-element_type=\"widget\" data-e-type=\"widget\" data-widget_type=\"button.default\">\n\t\t\t\t\t\t\t\t\t\t<a class=\"elementor-button elementor-button-link elementor-size-sm\" href=\"\/economia\/contexto-judicial-e-administrativo-percorrido\/\" target=\"_blank\">\n\t\t\t\t\t\t<span class=\"elementor-button-content-wrapper\">\n\t\t\t\t\t\t\t\t\t<span class=\"elementor-button-text\">Contexto Judicial e Administrativo Percorrido<\/span>\n\t\t\t\t\t<\/span>\n\t\t\t\t\t<\/a>\n\t\t\t\t\t\t\t\t<\/div>\n\t\t\t\t<div class=\"elementor-element elementor-element-a7f32a9 elementor-align-justify elementor-widget elementor-widget-button\" data-id=\"a7f32a9\" data-element_type=\"widget\" data-e-type=\"widget\" data-widget_type=\"button.default\">\n\t\t\t\t\t\t\t\t\t\t<a class=\"elementor-button elementor-button-link elementor-size-sm\" href=\"\/economia\/composicao-do-plano-de-recuperacao-fiscal\/\" target=\"_blank\">\n\t\t\t\t\t\t<span class=\"elementor-button-content-wrapper\">\n\t\t\t\t\t\t\t\t\t<span class=\"elementor-button-text\">Plano de Recupera\u00e7\u00e3o Fiscal<\/span>\n\t\t\t\t\t<\/span>\n\t\t\t\t\t<\/a>\n\t\t\t\t\t\t\t\t<\/div>\n\t\t\t\t<div class=\"elementor-element elementor-element-cd7a332 elementor-align-justify elementor-widget elementor-widget-button\" data-id=\"cd7a332\" data-element_type=\"widget\" data-e-type=\"widget\" data-widget_type=\"button.default\">\n\t\t\t\t\t\t\t\t\t\t<a class=\"elementor-button elementor-button-link elementor-size-sm\" href=\"https:\/\/goias.gov.br\/economia\/atualizacao-do-plano-de-recuperacao-fiscal\/\" target=\"_blank\">\n\t\t\t\t\t\t<span class=\"elementor-button-content-wrapper\">\n\t\t\t\t\t\t\t\t\t<span class=\"elementor-button-text\">Novo Plano de Recupera\u00e7\u00e3o Fiscal<\/span>\n\t\t\t\t\t<\/span>\n\t\t\t\t\t<\/a>\n\t\t\t\t\t\t\t\t<\/div>\n\t\t\t\t<div class=\"elementor-element elementor-element-7a34a3a elementor-align-justify elementor-widget elementor-widget-button\" data-id=\"7a34a3a\" data-element_type=\"widget\" data-e-type=\"widget\" data-widget_type=\"button.default\">\n\t\t\t\t\t\t\t\t\t\t<a class=\"elementor-button elementor-button-link elementor-size-sm\" href=\"https:\/\/goias.gov.br\/economia\/documentos-relacionados-ao-acompanhamento-do-prf-de-goias\/\" target=\"_blank\">\n\t\t\t\t\t\t<span class=\"elementor-button-content-wrapper\">\n\t\t\t\t\t\t\t\t\t<span class=\"elementor-button-text\">Acompanhamento do PRF<\/span>\n\t\t\t\t\t<\/span>\n\t\t\t\t\t<\/a>\n\t\t\t\t\t\t\t\t<\/div>\n\t\t\t\t<div class=\"elementor-element elementor-element-597dac8 elementor-align-justify elementor-widget elementor-widget-button\" data-id=\"597dac8\" data-element_type=\"widget\" data-e-type=\"widget\" data-widget_type=\"button.default\">\n\t\t\t\t\t\t\t\t\t\t<a class=\"elementor-button elementor-button-link elementor-size-sm\" href=\"\/economia\/rrf-perguntas-frequentes\/\" target=\"_blank\">\n\t\t\t\t\t\t<span class=\"elementor-button-content-wrapper\">\n\t\t\t\t\t\t\t\t\t<span class=\"elementor-button-text\">Perguntas Frequentes<\/span>\n\t\t\t\t\t<\/span>\n\t\t\t\t\t<\/a>\n\t\t\t\t\t\t\t\t<\/div>\n\t\t\t\t<div class=\"elementor-element elementor-element-ab681dc elementor-align-justify elementor-widget elementor-widget-button\" data-id=\"ab681dc\" data-element_type=\"widget\" data-e-type=\"widget\" data-widget_type=\"button.default\">\n\t\t\t\t\t\t\t\t\t\t<a class=\"elementor-button elementor-button-link elementor-size-sm\" href=\"\/economia\/paineis-de-acompanhamento-rrf-2\/\" target=\"_blank\">\n\t\t\t\t\t\t<span class=\"elementor-button-content-wrapper\">\n\t\t\t\t\t\t\t\t\t<span class=\"elementor-button-text\">Pain\u00e9is de Acompanhamento<\/span>\n\t\t\t\t\t<\/span>\n\t\t\t\t\t<\/a>\n\t\t\t\t\t\t\t\t<\/div>\n\t\t\t\t<\/div>\n\t\t\t\t\t<\/div>\n\t\t\t\t<\/div>\n\t\t\t\t<\/div>\n\t\t","protected":false},"excerpt":{"rendered":"<p>REGIME DE RECUPERA\u00c7\u00c3O FISCAL Legisla\u00e7\u00e3o Relacionada Instrumentos de Recupera\u00e7\u00e3o Fiscal Deveres do Estado Contexto Judicial e Administrativo Percorrido Plano de Recupera\u00e7\u00e3o Fiscal Novo Plano de Recupera\u00e7\u00e3o Fiscal Acompanhamento do PRF Perguntas Frequentes Pain\u00e9is de Acompanhamento<\/p>\n","protected":false},"author":1,"featured_media":0,"parent":0,"menu_order":0,"comment_status":"closed","ping_status":"closed","template":"wppb_theme_template","meta":{"footnotes":""},"class_list":["post-19310","page","type-page","status-publish","hentry"],"rttpg_featured_image_url":null,"rttpg_author":{"display_name":"wagner.viana","author_link":"https:\/\/goias.gov.br\/economia\/author\/wagner-viana\/"},"rttpg_comment":0,"rttpg_category":"","rttpg_excerpt":"REGIME DE RECUPERA\u00c7\u00c3O FISCAL Legisla\u00e7\u00e3o Relacionada Instrumentos de Recupera\u00e7\u00e3o Fiscal Deveres do Estado Contexto Judicial e Administrativo Percorrido Plano de Recupera\u00e7\u00e3o Fiscal Novo Plano de Recupera\u00e7\u00e3o Fiscal Acompanhamento do PRF Perguntas Frequentes Pain\u00e9is de Acompanhamento","_links":{"self":[{"href":"https:\/\/goias.gov.br\/economia\/wp-json\/wp\/v2\/pages\/19310","targetHints":{"allow":["GET"]}}],"collection":[{"href":"https:\/\/goias.gov.br\/economia\/wp-json\/wp\/v2\/pages"}],"about":[{"href":"https:\/\/goias.gov.br\/economia\/wp-json\/wp\/v2\/types\/page"}],"author":[{"embeddable":true,"href":"https:\/\/goias.gov.br\/economia\/wp-json\/wp\/v2\/users\/1"}],"replies":[{"embeddable":true,"href":"https:\/\/goias.gov.br\/economia\/wp-json\/wp\/v2\/comments?post=19310"}],"version-history":[{"count":2,"href":"https:\/\/goias.gov.br\/economia\/wp-json\/wp\/v2\/pages\/19310\/revisions"}],"predecessor-version":[{"id":417043,"href":"https:\/\/goias.gov.br\/economia\/wp-json\/wp\/v2\/pages\/19310\/revisions\/417043"}],"wp:attachment":[{"href":"https:\/\/goias.gov.br\/economia\/wp-json\/wp\/v2\/media?parent=19310"}],"curies":[{"name":"wp","href":"https:\/\/api.w.org\/{rel}","templated":true}]}}