

{"id":19309,"date":"2023-07-31T15:06:25","date_gmt":"2023-07-31T18:06:25","guid":{"rendered":"https:\/\/wwwdesenv.joomlamultidesenv.go.gov.br\/economia\/?page_id=9898"},"modified":"2026-03-23T09:04:38","modified_gmt":"2026-03-23T12:04:38","slug":"divida-publica","status":"publish","type":"page","link":"https:\/\/goias.gov.br\/economia\/divida-publica\/","title":{"rendered":"D\u00edvida P\u00fablica"},"content":{"rendered":"\t\t<div data-elementor-type=\"wp-page\" data-elementor-id=\"19309\" class=\"elementor elementor-19309\">\n\t\t\t\t<div class=\"elementor-element elementor-element-8a98ce9 e-flex e-con-boxed e-con e-parent\" data-id=\"8a98ce9\" data-element_type=\"container\" data-e-type=\"container\">\n\t\t\t\t\t<div class=\"e-con-inner\">\n\t\t<div class=\"elementor-element elementor-element-e81af1f e-con-full e-flex e-con e-child\" data-id=\"e81af1f\" data-element_type=\"container\" data-e-type=\"container\">\n\t\t\t\t<div class=\"elementor-element elementor-element-a42f045 elementor-widget elementor-widget-shortcode\" data-id=\"a42f045\" data-element_type=\"widget\" data-e-type=\"widget\" data-widget_type=\"shortcode.default\">\n\t\t\t\t\t\t\t<div class=\"elementor-shortcode\"><div data-post-id=\"32790\" class=\"insert-page insert-page-32790 \"><h1 class='insert-page-title'>D\u00edvida P\u00fablica<\/h1><p>A d&iacute;vida p&uacute;blica tem sido, &nbsp;ao longo do tempo, motivo de grande preocupa&ccedil;&atilde;o para os governantes brasileiros, por acarretar, em grande parte dos casos, limita&ccedil;&atilde;o da capacidade de investimentos, notadamente em projetos de cunho social e de infraestrutura, t&atilde;o demandados pela sociedade.<\/p>\n<p>O Estado de Goi&aacute;s, como a maioria dos Estados da Federa&ccedil;&atilde;o, empreendeu, nas &uacute;ltimas d&eacute;cadas, um processo de capta&ccedil;&atilde;o de recursos, externa e internamente, para financiar os seus projetos e acelerar o seu desenvolvimento, o que lhe permitiu executar servi&ccedil;os essenciais nas &aacute;reas de sa&uacute;de, habita&ccedil;&atilde;o, energia, saneamento, infraestrutura de transporte e educa&ccedil;&atilde;o, dentre outras.<\/p>\n<p>O endividamento, pois, n&atilde;o &eacute; necessariamente algo ruim para as finan&ccedil;as p&uacute;blicas. Ao contr&aacute;rio, para a realiza&ccedil;&atilde;o de grandes investimentos a contrata&ccedil;&atilde;o de financiamentos via opera&ccedil;&otilde;es de cr&eacute;dito tem sido o caminho mais utilizado, pois o poder p&uacute;blico dificilmente consegue gerar poupan&ccedil;a pr&oacute;pria capaz de atender as grandes demandas sociais, que se mostram sempre superiores &agrave; capacidade de investimento dos entes da Federa&ccedil;&atilde;o.<\/p>\n<p>Para isto, por&eacute;m, &eacute; necess&aacute;rio gerenciar adequadamente todas as d&iacute;vidas, sejam elas com entidades financeiras, com fornecedores ou de outras origens, como os parcelamentos tribut&aacute;rios, a fim de manter os estoques dentro dos limites de endividamento e, principalmente, dentro da capacidade de pagamento do ente p&uacute;blico.<\/p>\n<p>Com esse prop&oacute;sito, a Secretaria de Estado da Economia de Goi&aacute;s, por meio da Superintend&ecirc;ncia Financeira da Subsecretaria do Tesouro Estadual e da Ger&ecirc;ncia da D&iacute;vida P&uacute;blica e Receita Extratribut&aacute;ria, setor respons&aacute;vel pelos processos de contrata&ccedil;&atilde;o\/renegocia&ccedil;&atilde;o das opera&ccedil;&otilde;es de cr&eacute;dito, gerenciamento dos estoques, fechamento de c&acirc;mbio para a internaliza&ccedil;&atilde;o dos recursos decorrentes de opera&ccedil;&otilde;es externas e pelo pagamento das amortiza&ccedil;&otilde;es, juros e encargos da d&iacute;vida, disponibiliza a partir de agora acesso de dados hist&oacute;ricos e presentes da d&iacute;vida p&uacute;blica estadual &agrave; toda a sociedade.<\/p>\n<p>Com este trabalho, al&eacute;m de cumprir com a transpar&ecirc;ncia que a popula&ccedil;&atilde;o espera, permite-se, tamb&eacute;m, que os estudiosos do tema possam acompanhar e entender melhor o processo e est&aacute;gio do endividamento p&uacute;blico estadual.<\/p>\n<ul class='post-meta'>\n<li><span class='post-meta-key'>rank_math_analytic_object_id:<\/span> 2081<\/li>\n<li><span class='post-meta-key'>tpg-post-view-count:<\/span> 413<\/li>\n<\/ul>\n<\/div><\/div>\n\t\t\t\t\t\t<\/div>\n\t\t\t\t<\/div>\n\t\t<div class=\"elementor-element elementor-element-d8805ff e-con-full e-flex e-con e-child\" data-id=\"d8805ff\" data-element_type=\"container\" data-e-type=\"container\">\n\t\t<div class=\"elementor-element elementor-element-99ed55d e-con-full e-flex e-con e-child\" data-id=\"99ed55d\" data-element_type=\"container\" data-e-type=\"container\" data-settings=\"{&quot;background_background&quot;:&quot;classic&quot;}\">\n\t\t\t\t<div class=\"elementor-element elementor-element-c434071 elementor-widget elementor-widget-heading\" data-id=\"c434071\" data-element_type=\"widget\" data-e-type=\"widget\" data-widget_type=\"heading.default\">\n\t\t\t\t\t<h5 class=\"elementor-heading-title elementor-size-default\">Servi\u00e7os<\/h5>\t\t\t\t<\/div>\n\t\t\t\t<\/div>\n\t\t\t\t<div class=\"elementor-element elementor-element-3f0d69a elementor-align-justify elementor-widget elementor-widget-button\" data-id=\"3f0d69a\" data-element_type=\"widget\" data-e-type=\"widget\" data-widget_type=\"button.default\">\n\t\t\t\t\t\t\t\t\t\t<a class=\"elementor-button elementor-button-link elementor-size-sm\" href=\"https:\/\/transparencia.go.gov.br\/category\/divida-publica\/\" target=\"_blank\">\n\t\t\t\t\t\t<span class=\"elementor-button-content-wrapper\">\n\t\t\t\t\t\t<span class=\"elementor-button-icon\">\n\t\t\t\t<svg aria-hidden=\"true\" class=\"e-font-icon-svg e-fas-arrow-alt-circle-up\" viewBox=\"0 0 512 512\" xmlns=\"http:\/\/www.w3.org\/2000\/svg\"><path d=\"M8 256C8 119 119 8 256 8s248 111 248 248-111 248-248 248S8 393 8 256zm292 116V256h70.9c10.7 0 16.1-13 8.5-20.5L264.5 121.2c-4.7-4.7-12.2-4.7-16.9 0l-115 114.3c-7.6 7.6-2.2 20.5 8.5 20.5H212v116c0 6.6 5.4 12 12 12h64c6.6 0 12-5.4 12-12z\"><\/path><\/svg>\t\t\t<\/span>\n\t\t\t\t\t\t\t\t\t<span class=\"elementor-button-text\">Acesse AQUI os dados da D\u00edvida P\u00fablica<\/span>\n\t\t\t\t\t<\/span>\n\t\t\t\t\t<\/a>\n\t\t\t\t\t\t\t\t<\/div>\n\t\t\t\t<div class=\"elementor-element elementor-element-7024d2c elementor-align-justify elementor-widget elementor-widget-button\" data-id=\"7024d2c\" data-element_type=\"widget\" data-e-type=\"widget\" data-widget_type=\"button.default\">\n\t\t\t\t\t\t\t\t\t\t<a class=\"elementor-button elementor-button-link elementor-size-sm\" href=\"\/economia\/glossario\/\" target=\"_blank\">\n\t\t\t\t\t\t<span class=\"elementor-button-content-wrapper\">\n\t\t\t\t\t\t\t\t\t<span class=\"elementor-button-text\">Gloss\u00e1rio<\/span>\n\t\t\t\t\t<\/span>\n\t\t\t\t\t<\/a>\n\t\t\t\t\t\t\t\t<\/div>\n\t\t\t\t<div class=\"elementor-element elementor-element-070f9bd elementor-align-justify elementor-widget elementor-widget-button\" data-id=\"070f9bd\" data-element_type=\"widget\" data-e-type=\"widget\" data-widget_type=\"button.default\">\n\t\t\t\t\t\t\t\t\t\t<a class=\"elementor-button elementor-button-link elementor-size-sm\" href=\"https:\/\/goias.gov.br\/economia\/boletins-2\/\" target=\"_blank\">\n\t\t\t\t\t\t<span class=\"elementor-button-content-wrapper\">\n\t\t\t\t\t\t<span class=\"elementor-button-icon\">\n\t\t\t\t<svg aria-hidden=\"true\" class=\"e-font-icon-svg e-fas-bars\" viewBox=\"0 0 448 512\" xmlns=\"http:\/\/www.w3.org\/2000\/svg\"><path d=\"M16 132h416c8.837 0 16-7.163 16-16V76c0-8.837-7.163-16-16-16H16C7.163 60 0 67.163 0 76v40c0 8.837 7.163 16 16 16zm0 160h416c8.837 0 16-7.163 16-16v-40c0-8.837-7.163-16-16-16H16c-8.837 0-16 7.163-16 16v40c0 8.837 7.163 16 16 16zm0 160h416c8.837 0 16-7.163 16-16v-40c0-8.837-7.163-16-16-16H16c-8.837 0-16 7.163-16 16v40c0 8.837 7.163 16 16 16z\"><\/path><\/svg>\t\t\t<\/span>\n\t\t\t\t\t\t\t\t\t<span class=\"elementor-button-text\">Boletim <\/span>\n\t\t\t\t\t<\/span>\n\t\t\t\t\t<\/a>\n\t\t\t\t\t\t\t\t<\/div>\n\t\t\t\t<\/div>\n\t\t\t\t\t<\/div>\n\t\t\t\t<\/div>\n\t\t\t\t<\/div>\n\t\t","protected":false},"excerpt":{"rendered":"<p>Servi\u00e7os Acesse AQUI os dados da D\u00edvida P\u00fablica Gloss\u00e1rio Boletim<\/p>\n","protected":false},"author":1,"featured_media":0,"parent":0,"menu_order":0,"comment_status":"closed","ping_status":"closed","template":"elementor_header_footer","meta":{"footnotes":""},"class_list":["post-19309","page","type-page","status-publish","hentry"],"rttpg_featured_image_url":null,"rttpg_author":{"display_name":"wagner.viana","author_link":"https:\/\/goias.gov.br\/economia\/author\/wagner-viana\/"},"rttpg_comment":0,"rttpg_category":"","rttpg_excerpt":"Servi\u00e7os Acesse AQUI os dados da D\u00edvida P\u00fablica Gloss\u00e1rio Boletim","_links":{"self":[{"href":"https:\/\/goias.gov.br\/economia\/wp-json\/wp\/v2\/pages\/19309","targetHints":{"allow":["GET"]}}],"collection":[{"href":"https:\/\/goias.gov.br\/economia\/wp-json\/wp\/v2\/pages"}],"about":[{"href":"https:\/\/goias.gov.br\/economia\/wp-json\/wp\/v2\/types\/page"}],"author":[{"embeddable":true,"href":"https:\/\/goias.gov.br\/economia\/wp-json\/wp\/v2\/users\/1"}],"replies":[{"embeddable":true,"href":"https:\/\/goias.gov.br\/economia\/wp-json\/wp\/v2\/comments?post=19309"}],"version-history":[{"count":2,"href":"https:\/\/goias.gov.br\/economia\/wp-json\/wp\/v2\/pages\/19309\/revisions"}],"predecessor-version":[{"id":435898,"href":"https:\/\/goias.gov.br\/economia\/wp-json\/wp\/v2\/pages\/19309\/revisions\/435898"}],"wp:attachment":[{"href":"https:\/\/goias.gov.br\/economia\/wp-json\/wp\/v2\/media?parent=19309"}],"curies":[{"name":"wp","href":"https:\/\/api.w.org\/{rel}","templated":true}]}}