

{"id":19307,"date":"2023-07-31T14:30:05","date_gmt":"2023-07-31T17:30:05","guid":{"rendered":"https:\/\/wwwdesenv.joomlamultidesenv.go.gov.br\/economia\/?page_id=9894"},"modified":"2026-03-12T12:05:41","modified_gmt":"2026-03-12T15:05:41","slug":"outros-requerimentos-do-itcd","status":"publish","type":"page","link":"https:\/\/goias.gov.br\/economia\/outros-requerimentos-do-itcd\/","title":{"rendered":"OUTROS REQUERIMENTOS DO ITCD"},"content":{"rendered":"\t\t<div data-elementor-type=\"wp-page\" data-elementor-id=\"19307\" class=\"elementor elementor-19307\">\n\t\t\t\t<div class=\"elementor-element elementor-element-fe4e744 e-flex e-con-boxed e-con e-parent\" data-id=\"fe4e744\" data-element_type=\"container\" data-e-type=\"container\">\n\t\t\t\t\t<div class=\"e-con-inner\">\n\t\t\t\t<div class=\"elementor-element elementor-element-21ece87 elementor-widget elementor-widget-n-accordion\" data-id=\"21ece87\" data-element_type=\"widget\" data-e-type=\"widget\" data-settings=\"{&quot;default_state&quot;:&quot;all_collapsed&quot;,&quot;max_items_expended&quot;:&quot;one&quot;,&quot;n_accordion_animation_duration&quot;:{&quot;unit&quot;:&quot;ms&quot;,&quot;size&quot;:400,&quot;sizes&quot;:[]}}\" data-widget_type=\"nested-accordion.default\">\n\t\t\t\t\t\t\t<div class=\"e-n-accordion\" aria-label=\"Accordion. Open links with Enter or Space, close with Escape, and navigate with Arrow Keys\">\n\t\t\t\t\t\t<details id=\"e-n-accordion-item-3550\" class=\"e-n-accordion-item\" >\n\t\t\t\t<summary class=\"e-n-accordion-item-title\" data-accordion-index=\"1\" tabindex=\"0\" aria-expanded=\"false\" aria-controls=\"e-n-accordion-item-3550\" >\n\t\t\t\t\t<span class='e-n-accordion-item-title-header'><div class=\"e-n-accordion-item-title-text\"> Descri\u00e7\u00e3o <\/div><\/span>\n\t\t\t\t\t\t\t<span class='e-n-accordion-item-title-icon'>\n\t\t\t<span class='e-opened' ><svg aria-hidden=\"true\" class=\"e-font-icon-svg e-fas-angle-down\" viewBox=\"0 0 320 512\" xmlns=\"http:\/\/www.w3.org\/2000\/svg\"><path d=\"M143 352.3L7 216.3c-9.4-9.4-9.4-24.6 0-33.9l22.6-22.6c9.4-9.4 24.6-9.4 33.9 0l96.4 96.4 96.4-96.4c9.4-9.4 24.6-9.4 33.9 0l22.6 22.6c9.4 9.4 9.4 24.6 0 33.9l-136 136c-9.2 9.4-24.4 9.4-33.8 0z\"><\/path><\/svg><\/span>\n\t\t\t<span class='e-closed'><svg aria-hidden=\"true\" class=\"e-font-icon-svg e-fas-angle-right\" viewBox=\"0 0 256 512\" xmlns=\"http:\/\/www.w3.org\/2000\/svg\"><path d=\"M224.3 273l-136 136c-9.4 9.4-24.6 9.4-33.9 0l-22.6-22.6c-9.4-9.4-9.4-24.6 0-33.9l96.4-96.4-96.4-96.4c-9.4-9.4-9.4-24.6 0-33.9L54.3 103c9.4-9.4 24.6-9.4 33.9 0l136 136c9.5 9.4 9.5 24.6.1 34z\"><\/path><\/svg><\/span>\n\t\t<\/span>\n\n\t\t\t\t\t\t<\/summary>\n\t\t\t\t<div role=\"region\" aria-labelledby=\"e-n-accordion-item-3550\" class=\"elementor-element elementor-element-d62f984 e-con-full e-flex e-con e-child\" data-id=\"d62f984\" data-element_type=\"container\" data-e-type=\"container\">\n\t\t\t\t<div class=\"elementor-element elementor-element-ae17a9e elementor-widget elementor-widget-text-editor\" data-id=\"ae17a9e\" data-element_type=\"widget\" data-e-type=\"widget\" data-widget_type=\"text-editor.default\">\n\t\t\t\t\t\t\t\t\t<p>Al\u00e9m dos servi\u00e7os que se encontram disponibilizados na p\u00e1gina do ITCD no site da Secretaria da Economia (Declarar o Imposto sobre Heran\u00e7a e Doa\u00e7\u00e3o; Solicitar Restitui\u00e7\u00e3o de ITCD; Solicitar Retifica\u00e7\u00e3o de Declara\u00e7\u00e3o; Solicitar Reemiss\u00e3o de DARE; Contestar (impugnar) Avalia\u00e7\u00e3o de Bem; Solicitar Substitui\u00e7\u00e3o de Declarante) outras demandas relativas ao ITCD poder\u00e3o ser encaminhadas na forma de <strong>\u201cOutros requerimentos do ITCD<\/strong>\u201d n\u00e3o contemplados pelos citados servi\u00e7os, a exemplo de:<\/p><ul><li>Obter reconhecimento de quita\u00e7\u00e3o de ITCD pago ap\u00f3s auto de infra\u00e7\u00e3o;<\/li><li>Obter pesquisa de exist\u00eancia de Declara\u00e7\u00e3o do ITCD para determinado fato gerador ocorrido;<\/li><li>Emitir comprovante de pagamento de DARE;<\/li><li>Aplica\u00e7\u00e3o da legisla\u00e7\u00e3o em caso concreto.<\/li><\/ul>\t\t\t\t\t\t\t\t<\/div>\n\t\t\t\t<\/div>\n\t\t\t\t\t<\/details>\n\t\t\t\t\t\t<details id=\"e-n-accordion-item-3551\" class=\"e-n-accordion-item\" >\n\t\t\t\t<summary class=\"e-n-accordion-item-title\" data-accordion-index=\"2\" tabindex=\"-1\" aria-expanded=\"false\" aria-controls=\"e-n-accordion-item-3551\" >\n\t\t\t\t\t<span class='e-n-accordion-item-title-header'><div class=\"e-n-accordion-item-title-text\"> Documentos Necess\u00e1rios <\/div><\/span>\n\t\t\t\t\t\t\t<span class='e-n-accordion-item-title-icon'>\n\t\t\t<span class='e-opened' ><svg aria-hidden=\"true\" class=\"e-font-icon-svg e-fas-angle-down\" viewBox=\"0 0 320 512\" xmlns=\"http:\/\/www.w3.org\/2000\/svg\"><path d=\"M143 352.3L7 216.3c-9.4-9.4-9.4-24.6 0-33.9l22.6-22.6c9.4-9.4 24.6-9.4 33.9 0l96.4 96.4 96.4-96.4c9.4-9.4 24.6-9.4 33.9 0l22.6 22.6c9.4 9.4 9.4 24.6 0 33.9l-136 136c-9.2 9.4-24.4 9.4-33.8 0z\"><\/path><\/svg><\/span>\n\t\t\t<span class='e-closed'><svg aria-hidden=\"true\" class=\"e-font-icon-svg e-fas-angle-right\" viewBox=\"0 0 256 512\" xmlns=\"http:\/\/www.w3.org\/2000\/svg\"><path d=\"M224.3 273l-136 136c-9.4 9.4-24.6 9.4-33.9 0l-22.6-22.6c-9.4-9.4-9.4-24.6 0-33.9l96.4-96.4-96.4-96.4c-9.4-9.4-9.4-24.6 0-33.9L54.3 103c9.4-9.4 24.6-9.4 33.9 0l136 136c9.5 9.4 9.5 24.6.1 34z\"><\/path><\/svg><\/span>\n\t\t<\/span>\n\n\t\t\t\t\t\t<\/summary>\n\t\t\t\t<div role=\"region\" aria-labelledby=\"e-n-accordion-item-3551\" class=\"elementor-element elementor-element-9258d94 e-con-full e-flex e-con e-child\" data-id=\"9258d94\" data-element_type=\"container\" data-e-type=\"container\">\n\t\t\t\t<div class=\"elementor-element elementor-element-4886a0a elementor-widget elementor-widget-text-editor\" data-id=\"4886a0a\" data-element_type=\"widget\" data-e-type=\"widget\" data-widget_type=\"text-editor.default\">\n\t\t\t\t\t\t\t\t\t<ol style=\"list-style-type: upper-alpha;\"><li>O requerimento referente \u00e0 <strong>Declara\u00e7\u00e3o do ITCD protocolada a partir de 28\/12\/2020<\/strong>, enviado pelo Declarante para a conta de e-mail <em><a href=\"mailto:itcd.economia@goias.gov.br\">itcd.economia@goias.gov.br<\/a> <\/em>deve estar acompanhado dos seguintes anexos:<\/li><\/ol><ul><li>Documentos que comprovem a situa\u00e7\u00e3o relacionada ao pedido.<\/li><\/ul><ol style=\"list-style-type: upper-alpha;\"><li value=\"2\">O requerimento referente \u00e0 <strong>Declara\u00e7\u00e3o do ITCD protocolada antes de 28\/12\/2020<\/strong>, enviado por uma das partes interessadas ou por seu procurador para a conta de e-mail <em><a href=\"mailto:itcd.economia@goias.gov.br\">itcd.economia@goias.gov.br<\/a> <\/em>deve estar acompanhado dos seguintes anexos:<\/li><\/ol><ul><li>Comprovante de endere\u00e7o atualizado do requerente;<\/li><li>Documento de identifica\u00e7\u00e3o no CPF do requerente;<\/li><li>Documento de identidade do requerente;<\/li><li>Termo de Responsabilidade assinado pelo requerente ou seu procurador &#8211; <em><u><a href=\"https:\/\/goias.gov.br\/economia\/wp-content\/uploads\/sites\/45\/2020\/12\/20220426_TERMO_DE_RESPONSABILIDADE.doc\">Clique aqui para acessar o Formul\u00e1rio Termo de Responsabilidade<\/a>.<\/u><\/em><\/li><li>Procura\u00e7\u00e3o e documento de identidade do procurador, se for o caso;<\/li><li>Documentos que comprovem a situa\u00e7\u00e3o relacionada ao pedido.<\/li><\/ul>\t\t\t\t\t\t\t\t<\/div>\n\t\t\t\t<\/div>\n\t\t\t\t\t<\/details>\n\t\t\t\t\t\t<details id=\"e-n-accordion-item-3552\" class=\"e-n-accordion-item\" >\n\t\t\t\t<summary class=\"e-n-accordion-item-title\" data-accordion-index=\"3\" tabindex=\"-1\" aria-expanded=\"false\" aria-controls=\"e-n-accordion-item-3552\" >\n\t\t\t\t\t<span class='e-n-accordion-item-title-header'><div class=\"e-n-accordion-item-title-text\"> Como Proceder <\/div><\/span>\n\t\t\t\t\t\t\t<span class='e-n-accordion-item-title-icon'>\n\t\t\t<span class='e-opened' ><svg aria-hidden=\"true\" class=\"e-font-icon-svg e-fas-angle-down\" viewBox=\"0 0 320 512\" xmlns=\"http:\/\/www.w3.org\/2000\/svg\"><path d=\"M143 352.3L7 216.3c-9.4-9.4-9.4-24.6 0-33.9l22.6-22.6c9.4-9.4 24.6-9.4 33.9 0l96.4 96.4 96.4-96.4c9.4-9.4 24.6-9.4 33.9 0l22.6 22.6c9.4 9.4 9.4 24.6 0 33.9l-136 136c-9.2 9.4-24.4 9.4-33.8 0z\"><\/path><\/svg><\/span>\n\t\t\t<span class='e-closed'><svg aria-hidden=\"true\" class=\"e-font-icon-svg e-fas-angle-right\" viewBox=\"0 0 256 512\" xmlns=\"http:\/\/www.w3.org\/2000\/svg\"><path d=\"M224.3 273l-136 136c-9.4 9.4-24.6 9.4-33.9 0l-22.6-22.6c-9.4-9.4-9.4-24.6 0-33.9l96.4-96.4-96.4-96.4c-9.4-9.4-9.4-24.6 0-33.9L54.3 103c9.4-9.4 24.6-9.4 33.9 0l136 136c9.5 9.4 9.5 24.6.1 34z\"><\/path><\/svg><\/span>\n\t\t<\/span>\n\n\t\t\t\t\t\t<\/summary>\n\t\t\t\t<div role=\"region\" aria-labelledby=\"e-n-accordion-item-3552\" class=\"elementor-element elementor-element-590986b e-con-full e-flex e-con e-child\" data-id=\"590986b\" data-element_type=\"container\" data-e-type=\"container\">\n\t\t\t\t<div class=\"elementor-element elementor-element-e75e552 elementor-widget elementor-widget-text-editor\" data-id=\"e75e552\" data-element_type=\"widget\" data-e-type=\"widget\" data-widget_type=\"text-editor.default\">\n\t\t\t\t\t\t\t\t\t<p><strong>1. PARA DECLARA\u00c7\u00d5ES GERADAS A PARTIR DE 28\/12\/2020 (via ITCD WEB)<\/strong><\/p><p>As solicita\u00e7\u00f5es referentes a <strong>Declara\u00e7\u00f5es do ITCD ENVIADAS a partir de 28\/12\/2020<\/strong>, portanto, enviadas via internet por meio da aplica\u00e7\u00e3o ITCD Web, poder\u00e3o ser realizadas, <strong>somente pelo Declarante<\/strong>, por meio de e-mail enviado \u00e0 conta de e-mail, <em><a href=\"mailto:itcd.economia@goias.gov.br\">itcd.economia@goias.gov.br<\/a>,<\/em><strong> sem necessidade de requerimento formal<\/strong>, j\u00e1 que a identifica\u00e7\u00e3o do Declarante e sua documenta\u00e7\u00e3o, al\u00e9m de Termo de Responsabilidade por essas informa\u00e7\u00f5es, j\u00e1 foram fornecidas por ocasi\u00e3o do envio da Declara\u00e7\u00e3o.<\/p><p>A solicita\u00e7\u00e3o dever\u00e1 ser feita diretamente do e-mail do Declarante para a conta de e-mail <em><a href=\"mailto:itcd.economia@goias.gov.br\">itcd.economia@goias.gov.br<\/a>, <\/em>que centraliza, no \u00e2mbito estadual, o recebimento de todas as solicita\u00e7\u00f5es de retifica\u00e7\u00e3o, impugna\u00e7\u00e3o, restitui\u00e7\u00e3o e outras demandas enviadas via e-mail pelo Declarante.<\/p><p>A solicita\u00e7\u00e3o poder\u00e1 ser feita no pr\u00f3prio corpo do e-mail enviado pelo Declarante ou em requerimento \u00e0 parte, de forma clara e objetiva, para que possa ser corretamente identificada.<\/p><p>Se o requerimento for feito em documento espec\u00edfico, e n\u00e3o no corpo do e-mail enviado, dever\u00e1 estar assinado pelo Declarante e ser enviado como anexo, juntamente com os anexos que forem necess\u00e1rios para comprovar a retifica\u00e7\u00e3o pretendida.<\/p><p>Os documentos dever\u00e3o estar digitalizados em um \u00fanico arquivo em formato PDF, com, no m\u00e1ximo, 12 MB. Um arquivo digitalizado de forma adequada pode conter em 12 MB at\u00e9 120 p\u00e1ginas de documentos.<\/p><p>Solicita\u00e7\u00f5es enviadas a partir de conta de e-mail que n\u00e3o seja a mesma informada pelo Declarante na Declara\u00e7\u00e3o do ITCD <strong>n\u00e3o ser\u00e3o acatadas<\/strong>. Da mesma forma, n\u00e3o ser\u00e3o prestadas informa\u00e7\u00f5es sobre uma Declara\u00e7\u00e3o do ITCD se estas forem enviadas por meio de uma conta de e-mail diferente daquele cadastrado pelo Declarante, considerando a necessidade de se manter o sigilo das informa\u00e7\u00f5es sob a responsabilidade da Secretaria da Economia.<\/p><p>Caso o Declarante originalmente cadastrado para a Declara\u00e7\u00e3o enviada a partir de 28\/12\/2020 n\u00e3o mais se encontre em condi\u00e7\u00f5es de representar os interessados no fato gerador, e sua substitui\u00e7\u00e3o for necess\u00e1ria, <strong>essa substitui\u00e7\u00e3o dever\u00e1 ser solicitada antes do pedido referente \u00e0 Declara\u00e7\u00e3o<\/strong>, nos termos orientados no servi\u00e7o <strong>SOLICITAR SUBSTITUI\u00c7\u00c3O DO DECLARANTE NA DECLARA\u00c7\u00c3O DO ITCD<\/strong>, dispon\u00edvel na p\u00e1gina inicial do ITCD, <a href=\"\/economia\/itcd\/\">no site da Secretaria da Economia<\/a>\u00a0<\/p><ul><li><a href=\"https:\/\/goias.gov.br\/economia\/wp-content\/uploads\/sites\/45\/2021\/09\/ModeloparaOutrosRequerimentosdoITCDsugestao-link.doc\">Modelo para Outros Requerimentos do ITCD<\/a><\/li><\/ul><p><strong>2. PARA DECLARA\u00c7\u00d5ES PROTOCOLADAS ANTES DE 28\/12\/2021 (via preenchimento de formul\u00e1rio impresso da Declara\u00e7\u00e3o do ITCD):<\/strong><\/p><p>As solicita\u00e7\u00f5es referentes a <strong>Declara\u00e7\u00f5es do ITCD ENVIADAS antes de 28\/12\/2020<\/strong>, poder\u00e3o ser realizadas, <strong>por quaisquer das partes interessadas na Declara\u00e7\u00e3o ou por seu procurador<\/strong>, por meio de envio de mensagem de e-mail \u00e0 conta <em><a href=\"mailto:itcd.economia@goias.gov.br\">itcd.economia@goias.gov.br<\/a>, <\/em>a partir de <strong>requerimento formal<\/strong>, assinatura de Termo de Responsabilidade e anexa\u00e7\u00e3o de documentos que se fa\u00e7am necess\u00e1rios, conforme o requerido.<\/p><p>Os requerimentos referentes ao ITCD para fatos geradores declarados <strong>antes de 28\/12\/2020<\/strong> dever\u00e3o conter dados essenciais para a identifica\u00e7\u00e3o do requerente e do objeto da solicita\u00e7\u00e3o, de forma clara e objetiva: \u00a0<\/p><ul><li>Nome completo da parte interessada requerente que assina o documento (ou que outorgou a procura\u00e7\u00e3o para aquele que assinar\u00e1 o requerimento, se for o caso);<\/li><li>Endere\u00e7o completo (com CEP) do requerente;<\/li><li>Identifica\u00e7\u00e3o do requerente no CPF;<\/li><li>N\u00famero e \u00f3rg\u00e3o expedidor do documento de identidade do requerente;<\/li><li>Telefone para contato do requerente ou do procurador (conforme o caso);<\/li><li>E-mail do requerente, ou do seu procurador, se for o caso;<\/li><li>Descri\u00e7\u00e3o clara e objetiva do pedido;<\/li><li>Identifica\u00e7\u00e3o do n\u00famero de Protocolo da Declara\u00e7\u00e3o objeto do requerimento, se for o caso;<\/li><li>Assinatura do Requerimento igual \u00e0 do documento de identidade do requerente ou de seu procurador, se for o caso.<\/li><\/ul><ul><li><a href=\"https:\/\/goias.gov.br\/economia\/wp-content\/uploads\/sites\/45\/2021\/09\/ModeloparaOutrosRequerimentosdoITCDsugestao-link.doc\"><strong>Modelo para Outros Requerimentos do ITCD<\/strong><\/a><\/li><\/ul><p>O Requerimento e os documentos anexados a ele devem ser digitalizados e encaminhados para a conta de e-mail\u00a0\u00a0 <em><a href=\"mailto:itcd.economia@goias.gov.br\">itcd.economia@goias.gov.br<\/a><\/em>, a partir dos seguintes passos:<\/p><ul><li>Redigir e assinar o Requerimento referente aos <strong>fatos geradores declarados antes de 28\/12\/2020<\/strong>, de forma clara e objetiva, para que a solicita\u00e7\u00e3o possa ser identificada, e assinar conforme documento de identidade;<\/li><li><a href=\"https:\/\/goias.gov.br\/economia\/wp-content\/uploads\/sites\/45\/2020\/12\/20220426_TERMO_DE_RESPONSABILIDADE.doc\">Baixar o formul\u00e1rio do <em>Termo de Responsabilidade<\/em><\/a>\u00a0<\/li><li>Preencher, imprimir e assinar o Termo de Responsabilidade;<\/li><li>Digitalizar em um \u00fanico arquivo todos os documentos a serem enviados por e-mail (Requerimento assinado, Termo de Responsabilidade preenchido e assinado, documentos comprobat\u00f3rios), em formato PDF, com, no m\u00e1ximo, 12 MB.<\/li><li>Encaminhar em arquivo \u00fanico digitalizado para a conta de e-mail <em><a href=\"mailto:itcd.economia@goias.gov.br\">itcd.economia@goias.gov.br<\/a>.<\/em> (Os documentos dever\u00e3o ser digitalizados de forma que resulte no menor tamanho poss\u00edvel do arquivo final. A resolu\u00e7\u00e3o de 150 ppi em tons de cinza costuma dar bons resultados. Se preciso, utilize programas ou aplicativos de redu\u00e7\u00e3o de pdf. Um arquivo digitalizado de forma adequada pode conter em 12 MB at\u00e9 120 p\u00e1ginas de documentos.)<\/li><\/ul><p># Dica: Veja o\u00a0<a href=\"https:\/\/goias.gov.br\/economia\/wp-content\/uploads\/sites\/45\/2020\/12\/TERMODERESPONSABILIDADE-link.doc\"><u>modelo\u00a0de e-mail para encaminhamento de\u00a0REQUERIMENTOS<\/u>.<\/a><strong>\u00a0<\/strong><\/p><p><strong>Fique atento!<\/strong><\/p><ul><li>A agilidade no andamento do seu Requerimento ser\u00e1 maior se a solicita\u00e7\u00e3o for realizada de forma clara e objetiva e estiver acompanhada de documentos leg\u00edveis. A documenta\u00e7\u00e3o ser\u00e1 conferida e seu remetente receber\u00e1 a confirma\u00e7\u00e3o do seu recebimento, por e-mail.<\/li><li>Se faltar algum documento, se houver documentos ileg\u00edveis, ou se faltarem assinaturas, o requerimento ser\u00e1 recusado e novo requerimento, corrigido, dever\u00e1 ser enviado. O respons\u00e1vel pelo seu envio ser\u00e1 comunicado das falhas, por e-mail, por isso o remetente da mensagem dever\u00e1 verificar sistematicamente a sua caixa de mensagens de e-mail, inclusive a caixa de spam ou de lixo eletr\u00f4nico, para onde a mensagem eventualmente possa ter sido destinada.<\/li><li>E-mails com arquivos compactados (exe. zip, rar) ser\u00e3o desconsiderados;<\/li><li>E-mails com links de acesso para baixar arquivos da &#8220;nuvem&#8221;\u00a0ser\u00e3o desconsiderados;<\/li><li>Indique no &#8220;<strong>Assunto&#8221;\u00a0do e-mail<\/strong> enviado \u00e0 Secretaria da Economia o tipo de servi\u00e7o que est\u00e1 sendo solicitado, neste caso, uma <strong>solicita\u00e7\u00e3o de retifica\u00e7\u00e3o de Declara\u00e7\u00e3o do ITCD<\/strong>;<\/li><li>No texto do e-mail, resuma o seu pedido e anexe o arquivo \u00fanico em formato pdf com a documenta\u00e7\u00e3o necess\u00e1ria.<\/li><\/ul><p># Dica: Veja o\u00a0<a href=\"https:\/\/goias.gov.br\/economia\/wp-content\/uploads\/sites\/45\/2020\/12\/TERMODERESPONSABILIDADE-link.doc\"><u>modelo\u00a0de e-mail para encaminhamento de\u00a0REQUERIMENTOS<\/u>.<\/a><strong>\u00a0<\/strong><\/p>\t\t\t\t\t\t\t\t<\/div>\n\t\t\t\t<\/div>\n\t\t\t\t\t<\/details>\n\t\t\t\t\t<\/div>\n\t\t\t\t\t\t<\/div>\n\t\t\t\t\t<\/div>\n\t\t\t\t<\/div>\n\t\t\t\t<\/div>\n\t\t","protected":false},"excerpt":{"rendered":"<p>Descri\u00e7\u00e3o Al\u00e9m dos servi\u00e7os que se encontram disponibilizados na p\u00e1gina do ITCD no site da Secretaria da Economia (Declarar o Imposto sobre Heran\u00e7a e Doa\u00e7\u00e3o; Solicitar Restitui\u00e7\u00e3o de ITCD; Solicitar Retifica\u00e7\u00e3o de Declara\u00e7\u00e3o; Solicitar Reemiss\u00e3o de DARE; Contestar (impugnar) Avalia\u00e7\u00e3o de Bem; Solicitar Substitui\u00e7\u00e3o de Declarante) outras demandas relativas ao ITCD poder\u00e3o ser encaminhadas na [&hellip;]<\/p>\n","protected":false},"author":1,"featured_media":0,"parent":0,"menu_order":0,"comment_status":"closed","ping_status":"closed","template":"","meta":{"footnotes":""},"class_list":["post-19307","page","type-page","status-publish","hentry"],"rttpg_featured_image_url":null,"rttpg_author":{"display_name":"wagner.viana","author_link":"https:\/\/goias.gov.br\/economia\/author\/wagner-viana\/"},"rttpg_comment":0,"rttpg_category":null,"rttpg_excerpt":"Descri\u00e7\u00e3o Al\u00e9m dos servi\u00e7os que se encontram disponibilizados na p\u00e1gina do ITCD no site da Secretaria da Economia (Declarar o Imposto sobre Heran\u00e7a e Doa\u00e7\u00e3o; Solicitar Restitui\u00e7\u00e3o de ITCD; Solicitar Retifica\u00e7\u00e3o de Declara\u00e7\u00e3o; Solicitar Reemiss\u00e3o de DARE; Contestar (impugnar) Avalia\u00e7\u00e3o de Bem; Solicitar Substitui\u00e7\u00e3o de Declarante) outras demandas relativas ao ITCD poder\u00e3o ser encaminhadas na&hellip;","_links":{"self":[{"href":"https:\/\/goias.gov.br\/economia\/wp-json\/wp\/v2\/pages\/19307","targetHints":{"allow":["GET"]}}],"collection":[{"href":"https:\/\/goias.gov.br\/economia\/wp-json\/wp\/v2\/pages"}],"about":[{"href":"https:\/\/goias.gov.br\/economia\/wp-json\/wp\/v2\/types\/page"}],"author":[{"embeddable":true,"href":"https:\/\/goias.gov.br\/economia\/wp-json\/wp\/v2\/users\/1"}],"replies":[{"embeddable":true,"href":"https:\/\/goias.gov.br\/economia\/wp-json\/wp\/v2\/comments?post=19307"}],"version-history":[{"count":2,"href":"https:\/\/goias.gov.br\/economia\/wp-json\/wp\/v2\/pages\/19307\/revisions"}],"predecessor-version":[{"id":434307,"href":"https:\/\/goias.gov.br\/economia\/wp-json\/wp\/v2\/pages\/19307\/revisions\/434307"}],"wp:attachment":[{"href":"https:\/\/goias.gov.br\/economia\/wp-json\/wp\/v2\/media?parent=19307"}],"curies":[{"name":"wp","href":"https:\/\/api.w.org\/{rel}","templated":true}]}}