

{"id":19305,"date":"2023-07-28T21:09:06","date_gmt":"2023-07-29T00:09:06","guid":{"rendered":"https:\/\/wwwdesenv.joomlamultidesenv.go.gov.br\/economia\/?page_id=9887"},"modified":"2026-03-23T09:22:53","modified_gmt":"2026-03-23T12:22:53","slug":"fundeinfra","status":"publish","type":"page","link":"https:\/\/goias.gov.br\/economia\/fundeinfra\/","title":{"rendered":"Fundeinfra"},"content":{"rendered":"\t\t<div data-elementor-type=\"wp-page\" data-elementor-id=\"19305\" class=\"elementor elementor-19305\">\n\t\t\t\t<div class=\"elementor-element elementor-element-95171e1 e-flex e-con-boxed e-con e-parent\" data-id=\"95171e1\" data-element_type=\"container\" data-e-type=\"container\">\n\t\t\t\t\t<div class=\"e-con-inner\">\n\t\t<div class=\"elementor-element elementor-element-83114b5 e-con-full e-flex e-con e-child\" data-id=\"83114b5\" data-element_type=\"container\" data-e-type=\"container\">\n\t\t\t\t<div class=\"elementor-element elementor-element-dceb181 elementor-widget elementor-widget-shortcode\" data-id=\"dceb181\" data-element_type=\"widget\" data-e-type=\"widget\" data-widget_type=\"shortcode.default\">\n\t\t\t\t\t\t\t<div class=\"elementor-shortcode\"><div data-post-id=\"36824\" class=\"insert-page insert-page-36824 \"><h1 class='insert-page-title'>Fundeinfra<\/h1><p style=\"text-align: left;\">\nO contribuinte do Fundeinfra (Fundo Estadual de Infraestrutura) j&aacute; pode <strong>emitir o DARE<\/strong> no site da Economia,&nbsp;&nbsp;<strong>CLIQUE NO BANNER ABAIXO:<\/strong>&nbsp;<\/p>\n<p class=\"pull-center\"><a href=\"https:\/\/arr.economia.go.gov.br\/arr-www\/view\/entradaContribuinte.jsf\"><img decoding=\"async\" class=\" size-full wp-image-36820\" alt=\"\" data-image-widget-flowlayout=\"1\" height=\"129\" src=\"https:\/\/goias.gov.br\/economia\/wp-content\/uploads\/sites\/45\/2023\/01\/pgtotributos-cbe.jpg\" title=\"\" width=\"305\" srcset=\"https:\/\/goias.gov.br\/economia\/wp-content\/uploads\/sites\/45\/2023\/01\/pgtotributos-cbe.jpg 453w, https:\/\/goias.gov.br\/economia\/wp-content\/uploads\/sites\/45\/2023\/01\/pgtotributos-cbe-300x127.jpg 300w\" sizes=\"(max-width: 305px) 100vw, 305px\" \/><\/a><\/p>\n<p>O novo Fundo ser&aacute; aplicado pela Secretaria de Infraestrutura, a ser criada pelo Governo Estadual, mas o recolhimento ser&aacute; feito pela Secretaria da Economia, como prev&ecirc; o C&oacute;digo Tribut&aacute;rio Estadual.<\/p>\n<p>Tr&ecirc;s Instru&ccedil;&otilde;es Normativas da Secretaria da Economia (1542, 1543 e 201) regulamentando o recolhimento da contribui&ccedil;&atilde;o ao Fundeinfra foram publicadas no Suplemento do Di&aacute;rio Oficial do Estado (DOE) no in&iacute;cio do m&ecirc;s.<\/p>\n<h5>&nbsp;<\/h5>\n<ul class='post-meta'>\n<li><span class='post-meta-key'>rank_math_og_content_image:<\/span> a:2:{s:5:\"check\";s:32:\"9698be8777e49d9cf57f546c629adc5f\";s:6:\"images\";a:1:{i:0;i:36820;}}<\/li>\n<li><span class='post-meta-key'>tpg-post-view-count:<\/span> 668<\/li>\n<li><span class='post-meta-key'>rank_math_analytic_object_id:<\/span> 857<\/li>\n<li><span class='post-meta-key'>rank_math_internal_links_processed:<\/span> 1<\/li>\n<\/ul>\n<\/div><\/div>\n\t\t\t\t\t\t<\/div>\n\t\t\t\t<\/div>\n\t\t<div class=\"elementor-element elementor-element-636c2c5 e-con-full e-flex e-con e-child\" data-id=\"636c2c5\" data-element_type=\"container\" data-e-type=\"container\">\n\t\t<div class=\"elementor-element elementor-element-2b2c36c e-con-full e-flex e-con e-child\" data-id=\"2b2c36c\" data-element_type=\"container\" data-e-type=\"container\" data-settings=\"{&quot;background_background&quot;:&quot;classic&quot;}\">\n\t\t\t\t<div class=\"elementor-element elementor-element-e39779b elementor-widget elementor-widget-heading\" data-id=\"e39779b\" data-element_type=\"widget\" data-e-type=\"widget\" data-widget_type=\"heading.default\">\n\t\t\t\t\t<h5 class=\"elementor-heading-title elementor-size-default\">Saiba Mais\n<\/h5>\t\t\t\t<\/div>\n\t\t\t\t<\/div>\n\t\t\t\t<div class=\"elementor-element elementor-element-c1947a5 elementor-align-justify elementor-widget elementor-widget-button\" data-id=\"c1947a5\" data-element_type=\"widget\" data-e-type=\"widget\" data-widget_type=\"button.default\">\n\t\t\t\t\t\t\t\t\t\t<a class=\"elementor-button elementor-button-link elementor-size-sm\" href=\"\/economia\/perguntas-e-respostas-10\/\" target=\"_blank\">\n\t\t\t\t\t\t<span class=\"elementor-button-content-wrapper\">\n\t\t\t\t\t\t\t\t\t<span class=\"elementor-button-text\">Perguntas e Respostas<\/span>\n\t\t\t\t\t<\/span>\n\t\t\t\t\t<\/a>\n\t\t\t\t\t\t\t\t<\/div>\n\t\t\t\t<div class=\"elementor-element elementor-element-17df63c elementor-align-justify elementor-widget elementor-widget-button\" data-id=\"17df63c\" data-element_type=\"widget\" data-e-type=\"widget\" data-widget_type=\"button.default\">\n\t\t\t\t\t\t\t\t\t\t<a class=\"elementor-button elementor-button-link elementor-size-sm\" href=\"\/economia\/fundeinfra-termo-de-credenciamento\/\" target=\"_blank\">\n\t\t\t\t\t\t<span class=\"elementor-button-content-wrapper\">\n\t\t\t\t\t\t\t\t\t<span class=\"elementor-button-text\">Termo de Credenciamento<\/span>\n\t\t\t\t\t<\/span>\n\t\t\t\t\t<\/a>\n\t\t\t\t\t\t\t\t<\/div>\n\t\t\t\t<div class=\"elementor-element elementor-element-f5cc6d3 elementor-align-justify elementor-widget elementor-widget-button\" data-id=\"f5cc6d3\" data-element_type=\"widget\" data-e-type=\"widget\" data-widget_type=\"button.default\">\n\t\t\t\t\t\t\t\t\t\t<a class=\"elementor-button elementor-button-link elementor-size-sm\" href=\"\/economia\/legislacao-10\/\" target=\"_blank\">\n\t\t\t\t\t\t<span class=\"elementor-button-content-wrapper\">\n\t\t\t\t\t\t\t\t\t<span class=\"elementor-button-text\">Legisla\u00e7\u00e3o<\/span>\n\t\t\t\t\t<\/span>\n\t\t\t\t\t<\/a>\n\t\t\t\t\t\t\t\t<\/div>\n\t\t\t\t<\/div>\n\t\t\t\t\t<\/div>\n\t\t\t\t<\/div>\n\t\t<div class=\"elementor-element elementor-element-782e1e2 e-flex e-con-boxed e-con e-parent\" data-id=\"782e1e2\" data-element_type=\"container\" data-e-type=\"container\">\n\t\t\t\t\t<div class=\"e-con-inner\">\n\t\t<div class=\"elementor-element elementor-element-061cc9c e-con-full e-flex e-con e-child\" data-id=\"061cc9c\" data-element_type=\"container\" data-e-type=\"container\">\n\t\t\t\t<div class=\"elementor-element elementor-element-3446af7 elementor-widget elementor-widget-heading\" data-id=\"3446af7\" data-element_type=\"widget\" data-e-type=\"widget\" data-widget_type=\"heading.default\">\n\t\t\t\t\t<h2 class=\"elementor-heading-title elementor-size-default\">Mapa de Arrecada\u00e7\u00e3o do FUNDEINFRA<\/h2>\t\t\t\t<\/div>\n\t\t\t\t<div class=\"elementor-element elementor-element-a88b001 elementor-widget elementor-widget-text-editor\" data-id=\"a88b001\" data-element_type=\"widget\" data-e-type=\"widget\" data-widget_type=\"text-editor.default\">\n\t\t\t\t\t\t\t\t\t<p><span data-olk-copy-source=\"MessageBody\">Mapa da Arrecada\u00e7\u00e3o do FUNDEINFRA por Munic\u00edpio.\u00a0 \u00a0 \u00a0 \u00a0 \u00a0 \u00a0 \u00a0 \u00a0 \u00a0 \u00a0 \u00a0 \u00a0 \u00a0 \u00a0 \u00a0 \u00a0 \u00a0 \u00a0 \u00a0 \u00a0 \u00a0 \u00a0 \u00a0 \u00a0 \u00a0 \u00a0 \u00a0 \u00a0 \u00a0 \u00a0\u00a0<\/span><\/p>\t\t\t\t\t\t\t\t<\/div>\n\t\t\t\t<div class=\"elementor-element elementor-element-6f0bd7e elementor-align-center elementor-widget elementor-widget-button\" data-id=\"6f0bd7e\" data-element_type=\"widget\" data-e-type=\"widget\" data-widget_type=\"button.default\">\n\t\t\t\t\t\t\t\t\t\t<a class=\"elementor-button elementor-button-link elementor-size-sm\" href=\"https:\/\/app.powerbi.com\/view?r=eyJrIjoiNzYxMWY5YjItYjJkYi00ODQxLWIwMjEtYjEyZTU1NDliODI4IiwidCI6ImIzZDE4N2Y0LWE2NzEtNDQ5Yy04MDYxLTM5ZjEzNTQxYzgxNyJ9\">\n\t\t\t\t\t\t<span class=\"elementor-button-content-wrapper\">\n\t\t\t\t\t\t\t\t\t<span class=\"elementor-button-text\">Clique aqui<\/span>\n\t\t\t\t\t<\/span>\n\t\t\t\t\t<\/a>\n\t\t\t\t\t\t\t\t<\/div>\n\t\t\t\t<\/div>\n\t\t<div class=\"elementor-element elementor-element-6536e06 e-con-full e-flex e-con e-child\" data-id=\"6536e06\" data-element_type=\"container\" data-e-type=\"container\">\n\t\t\t\t<div class=\"elementor-element elementor-element-5ea70c2 elementor-widget elementor-widget-heading\" data-id=\"5ea70c2\" data-element_type=\"widget\" data-e-type=\"widget\" data-widget_type=\"heading.default\">\n\t\t\t\t\t<h2 class=\"elementor-heading-title elementor-size-default\">Relat\u00f3rio de Arrecada\u00e7\u00e3o do FUNDEINFRA<\/h2>\t\t\t\t<\/div>\n\t\t\t\t<div class=\"elementor-element elementor-element-2bbc185 elementor-widget elementor-widget-text-editor\" data-id=\"2bbc185\" data-element_type=\"widget\" data-e-type=\"widget\" data-widget_type=\"text-editor.default\">\n\t\t\t\t\t\t\t\t\t<p><span data-olk-copy-source=\"MessageBody\">Relat\u00f3rio Interativo contendo os dados da arrecada\u00e7\u00e3o do FUNDEINFRA distribuidos por munic\u00edpio, subgrupo, ano e m\u00eas de Arrecada\u00e7\u00e3o<\/span><\/p>\t\t\t\t\t\t\t\t<\/div>\n\t\t\t\t<div class=\"elementor-element elementor-element-35a14f3 elementor-align-center elementor-widget elementor-widget-button\" data-id=\"35a14f3\" data-element_type=\"widget\" data-e-type=\"widget\" data-widget_type=\"button.default\">\n\t\t\t\t\t\t\t\t\t\t<a class=\"elementor-button elementor-button-link elementor-size-sm\" href=\"https:\/\/app.powerbi.com\/view?r=eyJrIjoiM2Y5OGI2MzQtYjFlYi00MWMwLTkyYTUtNDM3M2M3NWYyN2YxIiwidCI6ImIzZDE4N2Y0LWE2NzEtNDQ5Yy04MDYxLTM5ZjEzNTQxYzgxNyJ9\">\n\t\t\t\t\t\t<span class=\"elementor-button-content-wrapper\">\n\t\t\t\t\t\t\t\t\t<span class=\"elementor-button-text\">Clique aqui<\/span>\n\t\t\t\t\t<\/span>\n\t\t\t\t\t<\/a>\n\t\t\t\t\t\t\t\t<\/div>\n\t\t\t\t<\/div>\n\t\t<div class=\"elementor-element elementor-element-dee8e2f e-con-full e-flex e-con e-child\" data-id=\"dee8e2f\" data-element_type=\"container\" data-e-type=\"container\">\n\t\t\t\t<div class=\"elementor-element elementor-element-a4da7b1 elementor-widget__width-initial elementor-widget elementor-widget-heading\" data-id=\"a4da7b1\" data-element_type=\"widget\" data-e-type=\"widget\" data-widget_type=\"heading.default\">\n\t\t\t\t\t<h2 class=\"elementor-heading-title elementor-size-default\">Painel Trimestral de Arrecada\u00e7\u00e3o do FUNDEINFRA <\/h2>\t\t\t\t<\/div>\n\t\t\t\t<div class=\"elementor-element elementor-element-54631ae elementor-widget elementor-widget-text-editor\" data-id=\"54631ae\" data-element_type=\"widget\" data-e-type=\"widget\" data-widget_type=\"text-editor.default\">\n\t\t\t\t\t\t\t\t\t<p><span data-olk-copy-source=\"MessageBody\">Relat\u00f3rio Interativo contendo os dados da arrecada\u00e7\u00e3o do FUNDEINFRA distribuidos por munic\u00edpio, subgrupo, ano e m\u00eas de Arrecada\u00e7\u00e3o agrupado por trimestre<\/span><\/p>\t\t\t\t\t\t\t\t<\/div>\n\t\t\t\t<div class=\"elementor-element elementor-element-d654fb3 elementor-align-center elementor-widget elementor-widget-button\" data-id=\"d654fb3\" data-element_type=\"widget\" data-e-type=\"widget\" data-widget_type=\"button.default\">\n\t\t\t\t\t\t\t\t\t\t<a class=\"elementor-button elementor-button-link elementor-size-sm\" href=\"https:\/\/app.powerbi.com\/view?r=eyJrIjoiMjJlNTQxZGUtNTQzMi00ODI2LWI0OWMtNTZlNTU5MGQzODYxIiwidCI6ImIzZDE4N2Y0LWE2NzEtNDQ5Yy04MDYxLTM5ZjEzNTQxYzgxNyJ9\">\n\t\t\t\t\t\t<span class=\"elementor-button-content-wrapper\">\n\t\t\t\t\t\t\t\t\t<span class=\"elementor-button-text\">Clique aqui<\/span>\n\t\t\t\t\t<\/span>\n\t\t\t\t\t<\/a>\n\t\t\t\t\t\t\t\t<\/div>\n\t\t\t\t<\/div>\n\t\t\t\t\t<\/div>\n\t\t\t\t<\/div>\n\t\t<div class=\"elementor-element elementor-element-c1b4d94 e-flex e-con-boxed e-con e-parent\" data-id=\"c1b4d94\" data-element_type=\"container\" data-e-type=\"container\">\n\t\t\t\t\t<div class=\"e-con-inner\">\n\t\t\t\t<div class=\"elementor-element elementor-element-b4d48f9 elementor-widget elementor-widget-shortcode\" data-id=\"b4d48f9\" data-element_type=\"widget\" data-e-type=\"widget\" data-widget_type=\"shortcode.default\">\n\t\t\t\t\t\t\t<div class=\"elementor-shortcode\"><div data-post-id=\"38027\" class=\"insert-page insert-page-38027 \"><h1 class='insert-page-title'>Pagamento<\/h1><p>O pagamento da contribui&ccedil;&atilde;o ao Fundeinfra deve ser efetuado nos seguintes prazos:<\/p>\n<p>&bull;&nbsp;&nbsp; &nbsp;No caso de contribuinte que n&atilde;o possua escritura&ccedil;&atilde;o fiscal, no momento da sa&iacute;da da mercadoria;<br \/>\n&bull;&nbsp;&nbsp; &nbsp;Nos demais casos, at&eacute; o dia 20 do m&ecirc;s subsequente ao per&iacute;odo de apura&ccedil;&atilde;o.<\/p>\n<p>Deve ser emitido documento de arrecada&ccedil;&atilde;o para cada per&iacute;odo de apura&ccedil;&atilde;o, exceto quando o valor apurado for inferior a R$ 10, caso em que o pagamento deve ser postergado para o per&iacute;odo de apura&ccedil;&atilde;o subsequente.<\/p>\n<p>A contribui&ccedil;&atilde;o ao Fundeinfra &eacute; devida no regime especial de controle da exporta&ccedil;&atilde;o dos seguintes produtos: milho; soja; carne fresca, resfriada, congelada, salgada, temperada ou salmourada e mi&uacute;do comest&iacute;vel resultante do abate de gado bovino ou bufalino; amianto; ferroliga; min&eacute;rio de cobre e seus concentrados; e ouro, inclu&iacute;do o ouro platinado.&nbsp;<\/p>\n<p>&Eacute; devida, tamb&eacute;m, quando do recolhimento do ICMS devido por substitui&ccedil;&atilde;o tribut&aacute;ria pela opera&ccedil;&atilde;o anterior ocorrer no momento da sa&iacute;da posterior ou de forma englobada e, ainda, quando da frui&ccedil;&atilde;o da isen&ccedil;&atilde;o nas sa&iacute;das de cana-de-a&ccedil;&uacute;car, milho e soja, bovino ou bufalino, conforme art. 6&ordm;, LXXVIII e CXVI do Anexo IX do RCTE.<\/p>\n<ul class='post-meta'>\n<li><span class='post-meta-key'>tpg-post-view-count:<\/span> 414<\/li>\n<li><span class='post-meta-key'>rank_math_analytic_object_id:<\/span> 338<\/li>\n<li><span class='post-meta-key'>rank_math_internal_links_processed:<\/span> 1<\/li>\n<\/ul>\n<\/div><\/div>\n\t\t\t\t\t\t<\/div>\n\t\t\t\t\t<\/div>\n\t\t\t\t<\/div>\n\t\t\t\t<\/div>\n\t\t","protected":false},"excerpt":{"rendered":"<p>Saiba Mais Perguntas e Respostas Termo de Credenciamento Legisla\u00e7\u00e3o Mapa de Arrecada\u00e7\u00e3o do FUNDEINFRA Mapa da Arrecada\u00e7\u00e3o do FUNDEINFRA por Munic\u00edpio.\u00a0 \u00a0 \u00a0 \u00a0 \u00a0 \u00a0 \u00a0 \u00a0 \u00a0 \u00a0 \u00a0 \u00a0 \u00a0 \u00a0 \u00a0 \u00a0 \u00a0 \u00a0 \u00a0 \u00a0 \u00a0 \u00a0 \u00a0 \u00a0 \u00a0 \u00a0 \u00a0 \u00a0 \u00a0 \u00a0\u00a0 Clique aqui Relat\u00f3rio de Arrecada\u00e7\u00e3o [&hellip;]<\/p>\n","protected":false},"author":1,"featured_media":0,"parent":0,"menu_order":0,"comment_status":"closed","ping_status":"closed","template":"elementor_header_footer","meta":{"footnotes":""},"class_list":["post-19305","page","type-page","status-publish","hentry"],"rttpg_featured_image_url":null,"rttpg_author":{"display_name":"wagner.viana","author_link":"https:\/\/goias.gov.br\/economia\/author\/wagner-viana\/"},"rttpg_comment":0,"rttpg_category":"","rttpg_excerpt":"Saiba Mais Perguntas e Respostas Termo de Credenciamento Legisla\u00e7\u00e3o Mapa de Arrecada\u00e7\u00e3o do FUNDEINFRA Mapa da Arrecada\u00e7\u00e3o do FUNDEINFRA por Munic\u00edpio.\u00a0 \u00a0 \u00a0 \u00a0 \u00a0 \u00a0 \u00a0 \u00a0 \u00a0 \u00a0 \u00a0 \u00a0 \u00a0 \u00a0 \u00a0 \u00a0 \u00a0 \u00a0 \u00a0 \u00a0 \u00a0 \u00a0 \u00a0 \u00a0 \u00a0 \u00a0 \u00a0 \u00a0 \u00a0 \u00a0\u00a0 Clique aqui Relat\u00f3rio de Arrecada\u00e7\u00e3o&hellip;","_links":{"self":[{"href":"https:\/\/goias.gov.br\/economia\/wp-json\/wp\/v2\/pages\/19305","targetHints":{"allow":["GET"]}}],"collection":[{"href":"https:\/\/goias.gov.br\/economia\/wp-json\/wp\/v2\/pages"}],"about":[{"href":"https:\/\/goias.gov.br\/economia\/wp-json\/wp\/v2\/types\/page"}],"author":[{"embeddable":true,"href":"https:\/\/goias.gov.br\/economia\/wp-json\/wp\/v2\/users\/1"}],"replies":[{"embeddable":true,"href":"https:\/\/goias.gov.br\/economia\/wp-json\/wp\/v2\/comments?post=19305"}],"version-history":[{"count":2,"href":"https:\/\/goias.gov.br\/economia\/wp-json\/wp\/v2\/pages\/19305\/revisions"}],"predecessor-version":[{"id":436163,"href":"https:\/\/goias.gov.br\/economia\/wp-json\/wp\/v2\/pages\/19305\/revisions\/436163"}],"wp:attachment":[{"href":"https:\/\/goias.gov.br\/economia\/wp-json\/wp\/v2\/media?parent=19305"}],"curies":[{"name":"wp","href":"https:\/\/api.w.org\/{rel}","templated":true}]}}