

{"id":19304,"date":"2023-07-28T20:59:37","date_gmt":"2023-07-28T23:59:37","guid":{"rendered":"https:\/\/wwwdesenv.joomlamultidesenv.go.gov.br\/economia\/?page_id=9885"},"modified":"2026-02-26T14:11:36","modified_gmt":"2026-02-26T17:11:36","slug":"solicitar-retificacao-de-declaracao-do-itcd","status":"publish","type":"page","link":"https:\/\/goias.gov.br\/economia\/solicitar-retificacao-de-declaracao-do-itcd\/","title":{"rendered":"RETIFICAR DECLARA\u00c7\u00c3O DE ITCD"},"content":{"rendered":"\t\t<div data-elementor-type=\"wp-page\" data-elementor-id=\"19304\" class=\"elementor elementor-19304\">\n\t\t\t\t<div class=\"elementor-element elementor-element-55afe9c e-flex e-con-boxed e-con e-parent\" data-id=\"55afe9c\" data-element_type=\"container\" data-e-type=\"container\">\n\t\t\t\t\t<div class=\"e-con-inner\">\n\t\t\t\t<div class=\"elementor-element elementor-element-aeae079 elementor-widget elementor-widget-n-accordion\" data-id=\"aeae079\" data-element_type=\"widget\" data-e-type=\"widget\" data-settings=\"{&quot;default_state&quot;:&quot;all_collapsed&quot;,&quot;max_items_expended&quot;:&quot;one&quot;,&quot;n_accordion_animation_duration&quot;:{&quot;unit&quot;:&quot;ms&quot;,&quot;size&quot;:400,&quot;sizes&quot;:[]}}\" data-widget_type=\"nested-accordion.default\">\n\t\t\t\t\t\t\t<div class=\"e-n-accordion\" aria-label=\"Accordion. Open links with Enter or Space, close with Escape, and navigate with Arrow Keys\">\n\t\t\t\t\t\t<details id=\"e-n-accordion-item-1830\" class=\"e-n-accordion-item\" >\n\t\t\t\t<summary class=\"e-n-accordion-item-title\" data-accordion-index=\"1\" tabindex=\"0\" aria-expanded=\"false\" aria-controls=\"e-n-accordion-item-1830\" >\n\t\t\t\t\t<span class='e-n-accordion-item-title-header'><div class=\"e-n-accordion-item-title-text\"> Descri\u00e7\u00e3o <\/div><\/span>\n\t\t\t\t\t\t\t<span class='e-n-accordion-item-title-icon'>\n\t\t\t<span class='e-opened' ><svg aria-hidden=\"true\" class=\"e-font-icon-svg e-fas-angle-down\" viewBox=\"0 0 320 512\" xmlns=\"http:\/\/www.w3.org\/2000\/svg\"><path d=\"M143 352.3L7 216.3c-9.4-9.4-9.4-24.6 0-33.9l22.6-22.6c9.4-9.4 24.6-9.4 33.9 0l96.4 96.4 96.4-96.4c9.4-9.4 24.6-9.4 33.9 0l22.6 22.6c9.4 9.4 9.4 24.6 0 33.9l-136 136c-9.2 9.4-24.4 9.4-33.8 0z\"><\/path><\/svg><\/span>\n\t\t\t<span class='e-closed'><svg aria-hidden=\"true\" class=\"e-font-icon-svg e-fas-angle-right\" viewBox=\"0 0 256 512\" xmlns=\"http:\/\/www.w3.org\/2000\/svg\"><path d=\"M224.3 273l-136 136c-9.4 9.4-24.6 9.4-33.9 0l-22.6-22.6c-9.4-9.4-9.4-24.6 0-33.9l96.4-96.4-96.4-96.4c-9.4-9.4-9.4-24.6 0-33.9L54.3 103c9.4-9.4 24.6-9.4 33.9 0l136 136c9.5 9.4 9.5 24.6.1 34z\"><\/path><\/svg><\/span>\n\t\t<\/span>\n\n\t\t\t\t\t\t<\/summary>\n\t\t\t\t<div role=\"region\" aria-labelledby=\"e-n-accordion-item-1830\" class=\"elementor-element elementor-element-dac6baf e-con-full e-flex e-con e-child\" data-id=\"dac6baf\" data-element_type=\"container\" data-e-type=\"container\">\n\t\t\t\t<div class=\"elementor-element elementor-element-15bde82 elementor-widget elementor-widget-text-editor\" data-id=\"15bde82\" data-element_type=\"widget\" data-e-type=\"widget\" data-widget_type=\"text-editor.default\">\n\t\t\t\t\t\t\t\t\t<ul><li><p>A Retifica\u00e7\u00e3o do ITCD permite que o contribuinte realize, a qualquer tempo, corre\u00e7\u00e3o ou altera\u00e7\u00e3o de quaisquer dados da Declara\u00e7\u00e3o, exceto o Fato Gerador. Dessa forma, \u00e9 poss\u00edvel alterar partilha de bens, incluir ou excluir partes interessadas, bens, documentos ou outras informa\u00e7\u00f5es da Declara\u00e7\u00e3o.<\/p><p>Para retificar uma declara\u00e7\u00e3o de ITCD, \u00e9 importante observar a forma como a Declara\u00e7\u00e3o foi protocolada (via Sistema ITCD web ou formul\u00e1rio impresso), o Status em que a Declara\u00e7\u00e3o se encontra e a data do protocolo.<\/p><\/li><\/ul>\t\t\t\t\t\t\t\t<\/div>\n\t\t\t\t<\/div>\n\t\t\t\t\t<\/details>\n\t\t\t\t\t\t<details id=\"e-n-accordion-item-1831\" class=\"e-n-accordion-item\" >\n\t\t\t\t<summary class=\"e-n-accordion-item-title\" data-accordion-index=\"2\" tabindex=\"-1\" aria-expanded=\"false\" aria-controls=\"e-n-accordion-item-1831\" >\n\t\t\t\t\t<span class='e-n-accordion-item-title-header'><div class=\"e-n-accordion-item-title-text\"> Documentos Necess\u00e1rios <\/div><\/span>\n\t\t\t\t\t\t\t<span class='e-n-accordion-item-title-icon'>\n\t\t\t<span class='e-opened' ><svg aria-hidden=\"true\" class=\"e-font-icon-svg e-fas-angle-down\" viewBox=\"0 0 320 512\" xmlns=\"http:\/\/www.w3.org\/2000\/svg\"><path d=\"M143 352.3L7 216.3c-9.4-9.4-9.4-24.6 0-33.9l22.6-22.6c9.4-9.4 24.6-9.4 33.9 0l96.4 96.4 96.4-96.4c9.4-9.4 24.6-9.4 33.9 0l22.6 22.6c9.4 9.4 9.4 24.6 0 33.9l-136 136c-9.2 9.4-24.4 9.4-33.8 0z\"><\/path><\/svg><\/span>\n\t\t\t<span class='e-closed'><svg aria-hidden=\"true\" class=\"e-font-icon-svg e-fas-angle-right\" viewBox=\"0 0 256 512\" xmlns=\"http:\/\/www.w3.org\/2000\/svg\"><path d=\"M224.3 273l-136 136c-9.4 9.4-24.6 9.4-33.9 0l-22.6-22.6c-9.4-9.4-9.4-24.6 0-33.9l96.4-96.4-96.4-96.4c-9.4-9.4-9.4-24.6 0-33.9L54.3 103c9.4-9.4 24.6-9.4 33.9 0l136 136c9.5 9.4 9.5 24.6.1 34z\"><\/path><\/svg><\/span>\n\t\t<\/span>\n\n\t\t\t\t\t\t<\/summary>\n\t\t\t\t<div role=\"region\" aria-labelledby=\"e-n-accordion-item-1831\" class=\"elementor-element elementor-element-89ce85e e-con-full e-flex e-con e-child\" data-id=\"89ce85e\" data-element_type=\"container\" data-e-type=\"container\">\n\t\t\t\t<div class=\"elementor-element elementor-element-106a474 elementor-widget elementor-widget-text-editor\" data-id=\"106a474\" data-element_type=\"widget\" data-e-type=\"widget\" data-widget_type=\"text-editor.default\">\n\t\t\t\t\t\t\t\t\t<ul><li><p>Em todos os casos, ser\u00e1 necess\u00e1rio anexar a documenta\u00e7\u00e3o comprobat\u00f3ria das altera\u00e7\u00f5es que se realizar na Declara\u00e7\u00e3o, relativa a bens, partes interessadas, c\u00f4njuges ou outros.<\/p><p>Al\u00e9m disso, nos casos em que o requerimento a Declara\u00e7\u00e3o de ITCD foi protocolada por formul\u00e1rio impresso (antes de 28\/12\/2020), ser\u00e3o necess\u00e1rias c\u00f3pia dos documentos pessoais do Requerente, conforme detalhado em \u201cComo Proceder\u201d.<\/p><\/li><\/ul>\t\t\t\t\t\t\t\t<\/div>\n\t\t\t\t<\/div>\n\t\t\t\t\t<\/details>\n\t\t\t\t\t\t<details id=\"e-n-accordion-item-1832\" class=\"e-n-accordion-item\" >\n\t\t\t\t<summary class=\"e-n-accordion-item-title\" data-accordion-index=\"3\" tabindex=\"-1\" aria-expanded=\"false\" aria-controls=\"e-n-accordion-item-1832\" >\n\t\t\t\t\t<span class='e-n-accordion-item-title-header'><div class=\"e-n-accordion-item-title-text\"> Como Proceder <\/div><\/span>\n\t\t\t\t\t\t\t<span class='e-n-accordion-item-title-icon'>\n\t\t\t<span class='e-opened' ><svg aria-hidden=\"true\" class=\"e-font-icon-svg e-fas-angle-down\" viewBox=\"0 0 320 512\" xmlns=\"http:\/\/www.w3.org\/2000\/svg\"><path d=\"M143 352.3L7 216.3c-9.4-9.4-9.4-24.6 0-33.9l22.6-22.6c9.4-9.4 24.6-9.4 33.9 0l96.4 96.4 96.4-96.4c9.4-9.4 24.6-9.4 33.9 0l22.6 22.6c9.4 9.4 9.4 24.6 0 33.9l-136 136c-9.2 9.4-24.4 9.4-33.8 0z\"><\/path><\/svg><\/span>\n\t\t\t<span class='e-closed'><svg aria-hidden=\"true\" class=\"e-font-icon-svg e-fas-angle-right\" viewBox=\"0 0 256 512\" xmlns=\"http:\/\/www.w3.org\/2000\/svg\"><path d=\"M224.3 273l-136 136c-9.4 9.4-24.6 9.4-33.9 0l-22.6-22.6c-9.4-9.4-9.4-24.6 0-33.9l96.4-96.4-96.4-96.4c-9.4-9.4-9.4-24.6 0-33.9L54.3 103c9.4-9.4 24.6-9.4 33.9 0l136 136c9.5 9.4 9.5 24.6.1 34z\"><\/path><\/svg><\/span>\n\t\t<\/span>\n\n\t\t\t\t\t\t<\/summary>\n\t\t\t\t<div role=\"region\" aria-labelledby=\"e-n-accordion-item-1832\" class=\"elementor-element elementor-element-34cb1a6 e-con-full e-flex e-con e-child\" data-id=\"34cb1a6\" data-element_type=\"container\" data-e-type=\"container\">\n\t\t\t\t<div class=\"elementor-element elementor-element-1a16fbe elementor-widget elementor-widget-text-editor\" data-id=\"1a16fbe\" data-element_type=\"widget\" data-e-type=\"widget\" data-widget_type=\"text-editor.default\">\n\t\t\t\t\t\t\t\t\t<ul><li><p>A forma padr\u00e3o para Retificar uma Declara\u00e7\u00e3o de ITCD ser\u00e1 atrav\u00e9s do Sistema ITCD web no Portal de Aplica\u00e7\u00f5es, exceto em casos em que esta funcionalidade n\u00e3o esteja habilitada, dependendo da forma e da data que o pedido foi protocolado. Nestes casos, deve-se solicitar a retifica\u00e7\u00e3o por e-mail.<\/p><p><strong>Para Declara\u00e7\u00f5es protocoladas pelo Sistema ITCD web:<\/strong><\/p><ul style=\"list-style-type: square;\"><li>Para Declara\u00e7\u00f5es Simplificadas (SPL) e com Status CONCLU\u00cdDA, o pr\u00f3prio Declarante poder\u00e1, atrav\u00e9s de seu cadastro no Portal de Aplica\u00e7\u00f5es, acessar o Sistema e realizar as altera\u00e7\u00f5es necess\u00e1rias na declara\u00e7\u00e3o, salvar e enviar novamente quando finalizado. Se o Status est\u00e1 EM RASCUNHO ou ENVIADA, o usu\u00e1rio pode continuar as altera\u00e7\u00f5es sem necessidade de Retifica\u00e7\u00e3o;<\/li><li>Para Declara\u00e7\u00f5es com <em>Status<\/em> CADASTRO CONCLU\u00cdDO, com qualquer tipo de tr\u00e2mite (SPL, ESP ou outros), o Sistema n\u00e3o disponibilizar\u00e1 a op\u00e7\u00e3o \u201cRetificar Declara\u00e7\u00e3o\u201d. Nestes casos, a Retifica\u00e7\u00e3o deve ser solicitada pelo e-mail do Declarante cadastrado no Portal de Aplica\u00e7\u00f5es, com o t\u00edtulo \u201c<strong>Solicita\u00e7\u00e3o de Retifica\u00e7\u00e3o de ITCD<\/strong>\u201d, para o endere\u00e7o <a id=\"LPlnk970403\" href=\"mailto:itcd.economia@goias.gov.br\" data-linkindex=\"0\">itcd.economia@goias.gov.br<\/a><em>, <\/em>contendo no corpo do e-mail:<\/li><\/ul><p style=\"padding-left: 40px;\">&#8211; Descri\u00e7\u00e3o e justificativa das retifica\u00e7\u00f5es desejadas;<br \/>&#8211; N\u00famero de Protocolo e ID da Declara\u00e7\u00e3o;<br \/>&#8211; Nome Completo e CPF do Declarante;<br \/>&#8211;<strong> Em anexo:<\/strong> c\u00f3pia dos documentos que comprovem a Retifica\u00e7\u00e3o da Declara\u00e7\u00e3o;<\/p><p><strong>Para Declara\u00e7\u00f5es protocoladas por meio de formul\u00e1rio impresso:<\/strong><\/p><p>Qualquer uma das partes interessadas na declara\u00e7\u00e3o ou procurador de alguma delas pode solicitar a Retifica\u00e7\u00e3o (chamado a seguir de Requerente). A solicita\u00e7\u00e3o de Retifica\u00e7\u00e3o da Declara\u00e7\u00e3o ser\u00e1 realizada por e-mail com t\u00edtulo \u201c<strong>Solicita\u00e7\u00e3o de Retifica\u00e7\u00e3o de ITCD<\/strong>\u201d, para o endere\u00e7o <em><a href=\"mailto:itcd.economia@goias.gov.br\" data-linkindex=\"1\">itcd.economia@goias.gov.br<\/a><\/em><em>, <\/em>contendo no corpo do e-mail:<\/p><ul><li>Descri\u00e7\u00e3o do pedido, descrevendo as retifica\u00e7\u00f5es desejadas e sua justificativa;<\/li><li>N\u00famero de Protocolo e ID da Declara\u00e7\u00e3o;<\/li><li>Nome completo e CPF do Requerente;<\/li><li>Telefone do Requerente;<\/li><\/ul><p>Anexar ao e-mail os seguintes arquivos:<\/p><ul><li>Comprovante de endere\u00e7o com CEP atualizado do Requerente;<\/li><li>C\u00f3pias de CPF e RG do Requerente;<\/li><li>Procura\u00e7\u00e3o e documento de identifica\u00e7\u00e3o com CPF do procurador, se for o caso;<\/li><li>Documentos comprobat\u00f3rios relacionados ao pedido;<\/li><li><a href=\"https:\/\/goias.gov.br\/economia\/wp-content\/uploads\/sites\/45\/files\/ITCD\/20220426_TERMO_DE_RESPONSABILIDADE.doc\"><em>Formul\u00e1rio Termo de Responsabilidade<\/em><\/a>, devidamente preenchido e assinado pelo requerente ou procurador;<\/li><li><a href=\"https:\/\/goias.gov.br\/economia\/wp-content\/uploads\/sites\/45\/files\/ITCD\/Requerimentos\/ModelodeRequerimentodeRetificacaodaDeclaracaodoITCD(sugestao)-criarlink.doc\">Requerimento de Retifica\u00e7\u00e3o da Declara\u00e7\u00e3o do ITCD,<\/a> devidamente preenchido e assinado pelo requerente;<\/li><\/ul><p><strong>Em caso de Sobrepartilha:<\/strong><\/p><p>Para as Declara\u00e7\u00f5es referentes aos fato geradores INVENT\u00c1RIO CAUSA MORTIS e DISSOLU\u00c7\u00c3O DE SOCIEDADE CONJUGAL OU DE UNI\u00c3O EST\u00c1VEL, caso exista escritura lavrada (no \u00e2mbito extrajudicial), ou senten\u00e7a transitada em julgado\u00a0 (no \u00e2mbito judicial) com a respectiva partilha, as altera\u00e7\u00f5es nos termos da Declara\u00e7\u00e3o do ITCD respectivas que tratarem da inclus\u00e3o de novos bens (sobrepartilha), dever\u00e3o ser feitas a partir da apresenta\u00e7\u00e3o de uma\u00a0 nova Declara\u00e7\u00e3o de ITCD, marcando na nova Declara\u00e7\u00e3o a op\u00e7\u00e3o Sobrepartilha na aba de Fato Gerador e informando dados da Partilha inicial.<\/p><\/li><\/ul>\t\t\t\t\t\t\t\t<\/div>\n\t\t\t\t<\/div>\n\t\t\t\t\t<\/details>\n\t\t\t\t\t<\/div>\n\t\t\t\t\t\t<\/div>\n\t\t\t\t\t<\/div>\n\t\t\t\t<\/div>\n\t\t\t\t<\/div>\n\t\t","protected":false},"excerpt":{"rendered":"<p>Descri\u00e7\u00e3o A Retifica\u00e7\u00e3o do ITCD permite que o contribuinte realize, a qualquer tempo, corre\u00e7\u00e3o ou altera\u00e7\u00e3o de quaisquer dados da Declara\u00e7\u00e3o, exceto o Fato Gerador. Dessa forma, \u00e9 poss\u00edvel alterar partilha de bens, incluir ou excluir partes interessadas, bens, documentos ou outras informa\u00e7\u00f5es da Declara\u00e7\u00e3o. Para retificar uma declara\u00e7\u00e3o de ITCD, \u00e9 importante observar a [&hellip;]<\/p>\n","protected":false},"author":1,"featured_media":0,"parent":0,"menu_order":0,"comment_status":"closed","ping_status":"closed","template":"wppb_theme_template","meta":{"footnotes":""},"class_list":["post-19304","page","type-page","status-publish","hentry"],"rttpg_featured_image_url":null,"rttpg_author":{"display_name":"wagner.viana","author_link":"https:\/\/goias.gov.br\/economia\/author\/wagner-viana\/"},"rttpg_comment":0,"rttpg_category":null,"rttpg_excerpt":"Descri\u00e7\u00e3o A Retifica\u00e7\u00e3o do ITCD permite que o contribuinte realize, a qualquer tempo, corre\u00e7\u00e3o ou altera\u00e7\u00e3o de quaisquer dados da Declara\u00e7\u00e3o, exceto o Fato Gerador. Dessa forma, \u00e9 poss\u00edvel alterar partilha de bens, incluir ou excluir partes interessadas, bens, documentos ou outras informa\u00e7\u00f5es da Declara\u00e7\u00e3o. Para retificar uma declara\u00e7\u00e3o de ITCD, \u00e9 importante observar a&hellip;","_links":{"self":[{"href":"https:\/\/goias.gov.br\/economia\/wp-json\/wp\/v2\/pages\/19304","targetHints":{"allow":["GET"]}}],"collection":[{"href":"https:\/\/goias.gov.br\/economia\/wp-json\/wp\/v2\/pages"}],"about":[{"href":"https:\/\/goias.gov.br\/economia\/wp-json\/wp\/v2\/types\/page"}],"author":[{"embeddable":true,"href":"https:\/\/goias.gov.br\/economia\/wp-json\/wp\/v2\/users\/1"}],"replies":[{"embeddable":true,"href":"https:\/\/goias.gov.br\/economia\/wp-json\/wp\/v2\/comments?post=19304"}],"version-history":[{"count":2,"href":"https:\/\/goias.gov.br\/economia\/wp-json\/wp\/v2\/pages\/19304\/revisions"}],"predecessor-version":[{"id":417405,"href":"https:\/\/goias.gov.br\/economia\/wp-json\/wp\/v2\/pages\/19304\/revisions\/417405"}],"wp:attachment":[{"href":"https:\/\/goias.gov.br\/economia\/wp-json\/wp\/v2\/media?parent=19304"}],"curies":[{"name":"wp","href":"https:\/\/api.w.org\/{rel}","templated":true}]}}