

{"id":19302,"date":"2023-07-28T19:56:43","date_gmt":"2023-07-28T22:56:43","guid":{"rendered":"https:\/\/wwwdesenv.joomlamultidesenv.go.gov.br\/economia\/?page_id=9880"},"modified":"2026-03-23T11:16:36","modified_gmt":"2026-03-23T14:16:36","slug":"solicitar-restituicao-de-itcd","status":"publish","type":"page","link":"https:\/\/goias.gov.br\/economia\/solicitar-restituicao-de-itcd\/","title":{"rendered":"SOLICITAR RESTITUI\u00c7\u00c3O DE ITCD"},"content":{"rendered":"\t\t<div data-elementor-type=\"wp-page\" data-elementor-id=\"19302\" class=\"elementor elementor-19302\">\n\t\t\t\t<div class=\"elementor-element elementor-element-3830363 e-flex e-con-boxed e-con e-parent\" data-id=\"3830363\" data-element_type=\"container\" data-e-type=\"container\">\n\t\t\t\t\t<div class=\"e-con-inner\">\n\t\t\t\t<div class=\"elementor-element elementor-element-7b202fc elementor-widget elementor-widget-n-accordion\" data-id=\"7b202fc\" data-element_type=\"widget\" data-e-type=\"widget\" data-settings=\"{&quot;default_state&quot;:&quot;all_collapsed&quot;,&quot;max_items_expended&quot;:&quot;one&quot;,&quot;n_accordion_animation_duration&quot;:{&quot;unit&quot;:&quot;ms&quot;,&quot;size&quot;:400,&quot;sizes&quot;:[]}}\" data-widget_type=\"nested-accordion.default\">\n\t\t\t\t\t\t\t<div class=\"e-n-accordion\" aria-label=\"Accordion. Open links with Enter or Space, close with Escape, and navigate with Arrow Keys\">\n\t\t\t\t\t\t<details id=\"e-n-accordion-item-1290\" class=\"e-n-accordion-item\" >\n\t\t\t\t<summary class=\"e-n-accordion-item-title\" data-accordion-index=\"1\" tabindex=\"0\" aria-expanded=\"false\" aria-controls=\"e-n-accordion-item-1290\" >\n\t\t\t\t\t<span class='e-n-accordion-item-title-header'><div class=\"e-n-accordion-item-title-text\"> Descri\u00e7\u00e3o <\/div><\/span>\n\t\t\t\t\t\t\t<span class='e-n-accordion-item-title-icon'>\n\t\t\t<span class='e-opened' ><svg aria-hidden=\"true\" class=\"e-font-icon-svg e-fas-angle-down\" viewBox=\"0 0 320 512\" xmlns=\"http:\/\/www.w3.org\/2000\/svg\"><path d=\"M143 352.3L7 216.3c-9.4-9.4-9.4-24.6 0-33.9l22.6-22.6c9.4-9.4 24.6-9.4 33.9 0l96.4 96.4 96.4-96.4c9.4-9.4 24.6-9.4 33.9 0l22.6 22.6c9.4 9.4 9.4 24.6 0 33.9l-136 136c-9.2 9.4-24.4 9.4-33.8 0z\"><\/path><\/svg><\/span>\n\t\t\t<span class='e-closed'><svg aria-hidden=\"true\" class=\"e-font-icon-svg e-fas-angle-right\" viewBox=\"0 0 256 512\" xmlns=\"http:\/\/www.w3.org\/2000\/svg\"><path d=\"M224.3 273l-136 136c-9.4 9.4-24.6 9.4-33.9 0l-22.6-22.6c-9.4-9.4-9.4-24.6 0-33.9l96.4-96.4-96.4-96.4c-9.4-9.4-9.4-24.6 0-33.9L54.3 103c9.4-9.4 24.6-9.4 33.9 0l136 136c9.5 9.4 9.5 24.6.1 34z\"><\/path><\/svg><\/span>\n\t\t<\/span>\n\n\t\t\t\t\t\t<\/summary>\n\t\t\t\t<div role=\"region\" aria-labelledby=\"e-n-accordion-item-1290\" class=\"elementor-element elementor-element-752aad5 e-con-full e-flex e-con e-child\" data-id=\"752aad5\" data-element_type=\"container\" data-e-type=\"container\">\n\t\t\t\t<div class=\"elementor-element elementor-element-53de0d7 elementor-widget elementor-widget-text-editor\" data-id=\"53de0d7\" data-element_type=\"widget\" data-e-type=\"widget\" data-widget_type=\"text-editor.default\">\n\t\t\t\t\t\t\t\t\t<p>O ITCD pode ser restitu\u00eddo, integralmente ou em parte, em situa\u00e7\u00f5es em que se comprove que o imposto foi pago indevidamente, como, por exemplo:<\/p><ul><li>Ap\u00f3s a retifica\u00e7\u00e3o do Demonstrativo de C\u00e1lculo do ITCD ter sido confirmada pela Secretaria da Economia e esta resultar em redu\u00e7\u00e3o do Imposto pago;<\/li><li>Quando houver desist\u00eancia da doa\u00e7\u00e3o ou a dissolu\u00e7\u00e3o conjugal que iria gerar a obriga\u00e7\u00e3o de pagar;<\/li><li>Por determina\u00e7\u00e3o de decis\u00e3o judicial;<\/li><li>Quando acontecer o reconhecimento de n\u00e3o-incid\u00eancia ou isen\u00e7\u00e3o do Imposto depois do seu pagamento;<\/li><li>Quando for verificado erro de fato na cobran\u00e7a ou no pagamento;<\/li><li>Quando ocorrer o aparecimento da pessoa ausente que foi dada como falecida, no caso de sucess\u00e3o provis\u00f3ria;<\/li><\/ul>\t\t\t\t\t\t\t\t<\/div>\n\t\t\t\t<\/div>\n\t\t\t\t\t<\/details>\n\t\t\t\t\t\t<details id=\"e-n-accordion-item-1291\" class=\"e-n-accordion-item\" >\n\t\t\t\t<summary class=\"e-n-accordion-item-title\" data-accordion-index=\"2\" tabindex=\"-1\" aria-expanded=\"false\" aria-controls=\"e-n-accordion-item-1291\" >\n\t\t\t\t\t<span class='e-n-accordion-item-title-header'><div class=\"e-n-accordion-item-title-text\"> Prazos <\/div><\/span>\n\t\t\t\t\t\t\t<span class='e-n-accordion-item-title-icon'>\n\t\t\t<span class='e-opened' ><svg aria-hidden=\"true\" class=\"e-font-icon-svg e-fas-angle-down\" viewBox=\"0 0 320 512\" xmlns=\"http:\/\/www.w3.org\/2000\/svg\"><path d=\"M143 352.3L7 216.3c-9.4-9.4-9.4-24.6 0-33.9l22.6-22.6c9.4-9.4 24.6-9.4 33.9 0l96.4 96.4 96.4-96.4c9.4-9.4 24.6-9.4 33.9 0l22.6 22.6c9.4 9.4 9.4 24.6 0 33.9l-136 136c-9.2 9.4-24.4 9.4-33.8 0z\"><\/path><\/svg><\/span>\n\t\t\t<span class='e-closed'><svg aria-hidden=\"true\" class=\"e-font-icon-svg e-fas-angle-right\" viewBox=\"0 0 256 512\" xmlns=\"http:\/\/www.w3.org\/2000\/svg\"><path d=\"M224.3 273l-136 136c-9.4 9.4-24.6 9.4-33.9 0l-22.6-22.6c-9.4-9.4-9.4-24.6 0-33.9l96.4-96.4-96.4-96.4c-9.4-9.4-9.4-24.6 0-33.9L54.3 103c9.4-9.4 24.6-9.4 33.9 0l136 136c9.5 9.4 9.5 24.6.1 34z\"><\/path><\/svg><\/span>\n\t\t<\/span>\n\n\t\t\t\t\t\t<\/summary>\n\t\t\t\t<div role=\"region\" aria-labelledby=\"e-n-accordion-item-1291\" class=\"elementor-element elementor-element-8b3b295 e-con-full e-flex e-con e-child\" data-id=\"8b3b295\" data-element_type=\"container\" data-e-type=\"container\">\n\t\t\t\t<div class=\"elementor-element elementor-element-db3c52b elementor-widget elementor-widget-text-editor\" data-id=\"db3c52b\" data-element_type=\"widget\" data-e-type=\"widget\" data-widget_type=\"text-editor.default\">\n\t\t\t\t\t\t\t\t\t<p>O prazo para solicitar a restitui\u00e7\u00e3o do ITCD \u00e9 de 5 anos, contados:<\/p><ul><li>Da data de pagamento do imposto;<\/li><li>Da data em que se tornar definitiva a decis\u00e3o administrativa;<\/li><li>Da data em que tiver transitado em julgado a decis\u00e3o judicial que tenha reformado, anulado, revogado ou rescindido a decis\u00e3o condenat\u00f3ria<\/li><\/ul>\t\t\t\t\t\t\t\t<\/div>\n\t\t\t\t<\/div>\n\t\t\t\t\t<\/details>\n\t\t\t\t\t\t<details id=\"e-n-accordion-item-1292\" class=\"e-n-accordion-item\" >\n\t\t\t\t<summary class=\"e-n-accordion-item-title\" data-accordion-index=\"3\" tabindex=\"-1\" aria-expanded=\"false\" aria-controls=\"e-n-accordion-item-1292\" >\n\t\t\t\t\t<span class='e-n-accordion-item-title-header'><div class=\"e-n-accordion-item-title-text\"> Documentos Necess\u00e1rios <\/div><\/span>\n\t\t\t\t\t\t\t<span class='e-n-accordion-item-title-icon'>\n\t\t\t<span class='e-opened' ><svg aria-hidden=\"true\" class=\"e-font-icon-svg e-fas-angle-down\" viewBox=\"0 0 320 512\" xmlns=\"http:\/\/www.w3.org\/2000\/svg\"><path d=\"M143 352.3L7 216.3c-9.4-9.4-9.4-24.6 0-33.9l22.6-22.6c9.4-9.4 24.6-9.4 33.9 0l96.4 96.4 96.4-96.4c9.4-9.4 24.6-9.4 33.9 0l22.6 22.6c9.4 9.4 9.4 24.6 0 33.9l-136 136c-9.2 9.4-24.4 9.4-33.8 0z\"><\/path><\/svg><\/span>\n\t\t\t<span class='e-closed'><svg aria-hidden=\"true\" class=\"e-font-icon-svg e-fas-angle-right\" viewBox=\"0 0 256 512\" xmlns=\"http:\/\/www.w3.org\/2000\/svg\"><path d=\"M224.3 273l-136 136c-9.4 9.4-24.6 9.4-33.9 0l-22.6-22.6c-9.4-9.4-9.4-24.6 0-33.9l96.4-96.4-96.4-96.4c-9.4-9.4-9.4-24.6 0-33.9L54.3 103c9.4-9.4 24.6-9.4 33.9 0l136 136c9.5 9.4 9.5 24.6.1 34z\"><\/path><\/svg><\/span>\n\t\t<\/span>\n\n\t\t\t\t\t\t<\/summary>\n\t\t\t\t<div role=\"region\" aria-labelledby=\"e-n-accordion-item-1292\" class=\"elementor-element elementor-element-2151faa e-con-full e-flex e-con e-child\" data-id=\"2151faa\" data-element_type=\"container\" data-e-type=\"container\">\n\t\t\t\t<div class=\"elementor-element elementor-element-2ce0d3b elementor-widget elementor-widget-text-editor\" data-id=\"2ce0d3b\" data-element_type=\"widget\" data-e-type=\"widget\" data-widget_type=\"text-editor.default\">\n\t\t\t\t\t\t\t\t\t<p>1. Requerimento preenchido e assinado pelo Contribuinte que consta no DARE;<\/p><p style=\"padding-left: 40px;\">1.1. O modelo de Requerimento est\u00e1 dispon\u00edvel para baixar na Plataforma Digital de Processos \u2013 PDP;<\/p><p>2. Comprovante de endere\u00e7o atualizado do Contribuinte que consta no DARE;<\/p><p>3. Documento de identidade do Contribuinte que consta no DARE;<\/p><p>4. Documento de identifica\u00e7\u00e3o da conta banc\u00e1ria do Contribuinte que consta no DARE (cabe\u00e7alho do extrato banc\u00e1rio em que conste os dados banc\u00e1rios e o nome do titular da conta, ocultando-se o c\u00f3digo de seguran\u00e7a respectivo);<\/p><p>5. Demonstrativo de C\u00e1lculo do ITCD (original) e respectivo DARE pago;<\/p><p>6. Demonstrativo de C\u00e1lculo do ITCD (retificado ou cancelado);<\/p><p>7. Para representar o Contribuinte que consta no DARE, juntar Procura\u00e7\u00e3o para requerer Restitui\u00e7\u00e3o de Ind\u00e9bito Tribut\u00e1rio junto \u00e0 Fazenda P\u00fablica do Estado de Goi\u00e1s, e documento de identidade do procurador;<\/p><p>8. Documentos que comprovem a situa\u00e7\u00e3o relacionada ao pedido de restitui\u00e7\u00e3o:<\/p><p style=\"padding-left: 40px;\">8.1. Para invent\u00e1rio Causa Mortis e\/ou Excedente de Quinh\u00e3o: Escritura P\u00fablica de Invent\u00e1rio e Partilha (para invent\u00e1rio extrajudicial) ou Senten\u00e7a com Partilha Transitada em julgado (para invent\u00e1rio judicial);<\/p><p style=\"padding-left: 40px;\">8.2. Para declara\u00e7\u00e3o de Institui\u00e7\u00e3o de Usufruto de im\u00f3vel: Certid\u00e3o da Matr\u00edcula do Im\u00f3vel (emitida nos \u00faltimos 30 dias anteriores ao pedido de restitui\u00e7\u00e3o).<\/p><p style=\"padding-left: 40px;\">8.3. Para declara\u00e7\u00e3o de Extin\u00e7\u00e3o de Usufruto de im\u00f3vel: juntar os documentos indicados nos itens 1 a 6<\/p><p style=\"padding-left: 40px;\">8.4. Para restitui\u00e7\u00e3o parcial ou integral de ITCD doa\u00e7\u00e3o: juntar os documentos indicados nos itens 1 a 6<\/p><p style=\"padding-left: 40px;\">8.5. Para restitui\u00e7\u00e3o integral de ITCD doa\u00e7\u00e3o \u00e9 necess\u00e1rio antes cancelar a Declara\u00e7\u00e3o do ITCD. Siga as orienta\u00e7\u00f5es neste link: <a href=\"https:\/\/manuais.economia.go.gov.br\/manuaisitcd\/versao_4.0\/solicitando_cancelamento_da_declaracao_-.pdf\" target=\"_blank\" rel=\"noopener\">https:\/\/manuais.economia.go.gov.br\/manuaisitcd\/versao_4.0\/solicitando_cancelamento_da_declaracao_-.pdf<\/a><\/p><p style=\"padding-left: 40px;\">8.6. Para declara\u00e7\u00e3o de Dissolu\u00e7\u00e3o Conjugal: Escritura P\u00fablica (se dissolu\u00e7\u00e3o extrajudicial); ou Senten\u00e7a Judicial com Partilha (se dissolu\u00e7\u00e3o judicial).<\/p>\t\t\t\t\t\t\t\t<\/div>\n\t\t\t\t<\/div>\n\t\t\t\t\t<\/details>\n\t\t\t\t\t\t<details id=\"e-n-accordion-item-1293\" class=\"e-n-accordion-item\" >\n\t\t\t\t<summary class=\"e-n-accordion-item-title\" data-accordion-index=\"4\" tabindex=\"-1\" aria-expanded=\"false\" aria-controls=\"e-n-accordion-item-1293\" >\n\t\t\t\t\t<span class='e-n-accordion-item-title-header'><div class=\"e-n-accordion-item-title-text\">  Como Proceder <\/div><\/span>\n\t\t\t\t\t\t\t<span class='e-n-accordion-item-title-icon'>\n\t\t\t<span class='e-opened' ><svg aria-hidden=\"true\" class=\"e-font-icon-svg e-fas-angle-down\" viewBox=\"0 0 320 512\" xmlns=\"http:\/\/www.w3.org\/2000\/svg\"><path d=\"M143 352.3L7 216.3c-9.4-9.4-9.4-24.6 0-33.9l22.6-22.6c9.4-9.4 24.6-9.4 33.9 0l96.4 96.4 96.4-96.4c9.4-9.4 24.6-9.4 33.9 0l22.6 22.6c9.4 9.4 9.4 24.6 0 33.9l-136 136c-9.2 9.4-24.4 9.4-33.8 0z\"><\/path><\/svg><\/span>\n\t\t\t<span class='e-closed'><svg aria-hidden=\"true\" class=\"e-font-icon-svg e-fas-angle-right\" viewBox=\"0 0 256 512\" xmlns=\"http:\/\/www.w3.org\/2000\/svg\"><path d=\"M224.3 273l-136 136c-9.4 9.4-24.6 9.4-33.9 0l-22.6-22.6c-9.4-9.4-9.4-24.6 0-33.9l96.4-96.4-96.4-96.4c-9.4-9.4-9.4-24.6 0-33.9L54.3 103c9.4-9.4 24.6-9.4 33.9 0l136 136c9.5 9.4 9.5 24.6.1 34z\"><\/path><\/svg><\/span>\n\t\t<\/span>\n\n\t\t\t\t\t\t<\/summary>\n\t\t\t\t<div role=\"region\" aria-labelledby=\"e-n-accordion-item-1293\" class=\"elementor-element elementor-element-6aa8e49 e-con-full e-flex e-con e-child\" data-id=\"6aa8e49\" data-element_type=\"container\" data-e-type=\"container\">\n\t\t\t\t<div class=\"elementor-element elementor-element-8e22a36 elementor-widget elementor-widget-text-editor\" data-id=\"8e22a36\" data-element_type=\"widget\" data-e-type=\"widget\" data-widget_type=\"text-editor.default\">\n\t\t\t\t\t\t\t\t\t<div>Passo<b data-olk-copy-source=\"MessageBody\"> a passo<\/b><\/div><ol start=\"1\" data-editing-info=\"{&quot;orderedStyleType&quot;:1}\"><li><b>Acessar a PDP<br \/><\/b>Entre na Plataforma Digital de Processos com seu login e senha.<br \/><br \/><\/li><li><b>Selecionar o Contribuinte<\/b><br \/><ul style=\"list-style-type: disc;\"><li><div role=\"presentation\"><i>Para cada contribuinte indicado no DARE, ser\u00e1 necess\u00e1rio abrir um pedido individual:<br \/>&#8211; <\/i><em>Exemplo 1<\/em><i>:\u00a0<\/i><span style=\"font-size: 1rem;\">Declara\u00e7\u00e3o Causa Mortis com 3 (tr\u00eas) herdeiros e 3 (tr\u00eas)DAREs individuais: criar um Processo no SEI para cada herdeiro requerer a sua restitui\u00e7\u00e3o de ITCD, ou seja, criar 3 (tr\u00eas) processos no SEI.<br \/><em>&#8211; Exemplo 2<\/em>:\u00a0<\/span><span style=\"font-size: 1rem;\">Declara\u00e7\u00e3o Causa Mortis com 3 (tr\u00eas) herdeiros e 1 (um) DARE abrangendo todos os herdeiros: criar apenas 1(um) Processo no SEI para requerer a restitui\u00e7\u00e3o de ITCD.<br \/><br \/><\/span><\/div><\/li><\/ul><\/li><li><b>Informar o motivo da restitui\u00e7\u00e3o<\/b><br \/><ul style=\"list-style-type: disc;\"><li>Escolha o motivo adequado (ex.: pagamento indevido, duplicidade, valor maior que o devido).<br \/><br \/><\/li><\/ul><\/li><li><b>Preencher os campos obrigat\u00f3rios<\/b><br \/><ul style=\"list-style-type: disc;\"><li>Dados do contribuinte (CPF\/CNPJ).<\/li><li>Dados banc\u00e1rios para restitui\u00e7\u00e3o.<\/li><li>Informa\u00e7\u00f5es do pagamento realizado.<br \/><br \/><\/li><\/ul><\/li><li><b>Anexar documentos solicitados<\/b><br \/><ul style=\"list-style-type: disc;\"><li>C\u00f3pia do DARE pago.<\/li><li>Documentos adicionais exigidos conforme o motivo selecionado (ex.: comprovante de pagamento, declara\u00e7\u00e3o explicativa).<br \/><br \/><\/li><\/ul><\/li><li><b>Finalizar a solicita\u00e7\u00e3o<br \/><\/b>Revise todas as informa\u00e7\u00f5es e confirme o envio.<br \/><b><br \/><\/b><\/li><li><b>Acompanhar o andamento<br \/><\/b>Ap\u00f3s protocolar, acompanhe o status do pedido diretamente na PDP, verificando atualiza\u00e7\u00f5es ou exig\u00eancias complementares.<\/li><\/ol><p><strong><em><u>OBSERVA\u00c7\u00d5ES:<\/u><\/em><\/strong><\/p><ul><li>Caso o procurador tamb\u00e9m esteja autorizado pelo requerente, a receber o valor da restitui\u00e7\u00e3o devida, al\u00e9m da autoriza\u00e7\u00e3o de requerer, a procura\u00e7\u00e3o apresentada dever\u00e1 indicar expressamente a autoriza\u00e7\u00e3o de receber em nome do requerente.<\/li><li>O Requerimento e os documentos anexos a ele devem ser digitalizados e salvo.<\/li><li>A agilidade no andamento do seu Requerimento ser\u00e1 maior se a solicita\u00e7\u00e3o for realizada de forma clara e objetiva e estiver acompanhada de documentos leg\u00edveis.<\/li><li>Qualquer inconsist\u00eancia nas informa\u00e7\u00f5es ou documentos enviados ser\u00e1 comunicada ao respons\u00e1vel pelo seu envio. Por isso, o requerente ou seu procurador, dever\u00e3o verificar sistematicamente o andamento do processo de restitui\u00e7\u00e3o na Plataforma Digital de Processos \u2013 PDP e sua caixa de mensagens de e-mail.<\/li><li><div role=\"presentation\" data-olk-copy-source=\"MessageBody\">Ser\u00e1 deduzida a import\u00e2ncia correspondente a 5% (cinco por cento) do total a ser restitu\u00eddo, que se destinar\u00e1 ao atendimento das despesas de exa\u00e7\u00e3o, limitada a dedu\u00e7\u00e3o ao valor de\u00a0R$ 7.041,67\u00a0, conforme o art. 175, \u00a7 3\u00ba da Lei 11.651\/91\u00a0(v<i>alor vigente a partir de\u00a0<\/i><i>01.02.2025<\/i><i>, corrigido a cada 12 meses, em 1\u00ba\/Fevereiro, conforme Art. 2\u00ba das Disposi\u00e7\u00f5es Transit\u00f3rias da Lei 11.651\/91).<\/i><\/div><\/li><li>Se o requerente da restitui\u00e7\u00e3o informar conta em banco diversa da Institui\u00e7\u00e3o Banc\u00e1ria contratada pelo Estado para centralizar a sua movimenta\u00e7\u00e3o financeira ser\u00e1 deduzido do cr\u00e9dito a tarifa de TED (Transfer\u00eancia Eletr\u00f4nica Dispon\u00edvel). O Estado centraliza suas opera\u00e7\u00f5es financeiras na Caixa Econ\u00f4mica Federal, conforme Art. 4\u00ba da Lei 18.364\/14.<\/li><li>Esclarecimentos sobre procedimento para acesso ao Portal de Aplica\u00e7\u00f5es e Servi\u00e7os da Secretaria da Economia est\u00e3o dispon\u00edveis no manual do usu\u00e1rio, no pr\u00f3prio Portal, ou por meio do atendimento da Central de Tecnologia da Informa\u00e7\u00e3o, pelo telefone 3309-6900.<\/li><li>\u00a0Esclarecimentos sobre procedimento para utiliza\u00e7\u00e3o da Plataforma Digital de Processos \u2013 PDP est\u00e3o dispon\u00edveis no manual do usu\u00e1rio, na p\u00e1gina da Plataforma, no site da Secretaria da Economia, ou por meio do atendimento ao contribuinte, pelo n\u00famero 3309-6900<\/li><\/ul>\t\t\t\t\t\t\t\t<\/div>\n\t\t\t\t<\/div>\n\t\t\t\t\t<\/details>\n\t\t\t\t\t<\/div>\n\t\t\t\t\t\t<\/div>\n\t\t\t\t\t<\/div>\n\t\t\t\t<\/div>\n\t\t\t\t<\/div>\n\t\t","protected":false},"excerpt":{"rendered":"<p>Descri\u00e7\u00e3o O ITCD pode ser restitu\u00eddo, integralmente ou em parte, em situa\u00e7\u00f5es em que se comprove que o imposto foi pago indevidamente, como, por exemplo: Ap\u00f3s a retifica\u00e7\u00e3o do Demonstrativo de C\u00e1lculo do ITCD ter sido confirmada pela Secretaria da Economia e esta resultar em redu\u00e7\u00e3o do Imposto pago; Quando houver desist\u00eancia da doa\u00e7\u00e3o ou [&hellip;]<\/p>\n","protected":false},"author":1,"featured_media":0,"parent":0,"menu_order":0,"comment_status":"closed","ping_status":"closed","template":"","meta":{"footnotes":""},"class_list":["post-19302","page","type-page","status-publish","hentry"],"rttpg_featured_image_url":null,"rttpg_author":{"display_name":"wagner.viana","author_link":"https:\/\/goias.gov.br\/economia\/author\/wagner-viana\/"},"rttpg_comment":0,"rttpg_category":null,"rttpg_excerpt":"Descri\u00e7\u00e3o O ITCD pode ser restitu\u00eddo, integralmente ou em parte, em situa\u00e7\u00f5es em que se comprove que o imposto foi pago indevidamente, como, por exemplo: Ap\u00f3s a retifica\u00e7\u00e3o do Demonstrativo de C\u00e1lculo do ITCD ter sido confirmada pela Secretaria da Economia e esta resultar em redu\u00e7\u00e3o do Imposto pago; Quando houver desist\u00eancia da doa\u00e7\u00e3o ou&hellip;","_links":{"self":[{"href":"https:\/\/goias.gov.br\/economia\/wp-json\/wp\/v2\/pages\/19302","targetHints":{"allow":["GET"]}}],"collection":[{"href":"https:\/\/goias.gov.br\/economia\/wp-json\/wp\/v2\/pages"}],"about":[{"href":"https:\/\/goias.gov.br\/economia\/wp-json\/wp\/v2\/types\/page"}],"author":[{"embeddable":true,"href":"https:\/\/goias.gov.br\/economia\/wp-json\/wp\/v2\/users\/1"}],"replies":[{"embeddable":true,"href":"https:\/\/goias.gov.br\/economia\/wp-json\/wp\/v2\/comments?post=19302"}],"version-history":[{"count":2,"href":"https:\/\/goias.gov.br\/economia\/wp-json\/wp\/v2\/pages\/19302\/revisions"}],"predecessor-version":[{"id":437337,"href":"https:\/\/goias.gov.br\/economia\/wp-json\/wp\/v2\/pages\/19302\/revisions\/437337"}],"wp:attachment":[{"href":"https:\/\/goias.gov.br\/economia\/wp-json\/wp\/v2\/media?parent=19302"}],"curies":[{"name":"wp","href":"https:\/\/api.w.org\/{rel}","templated":true}]}}