

{"id":19300,"date":"2023-07-28T19:06:59","date_gmt":"2023-07-28T22:06:59","guid":{"rendered":"https:\/\/wwwdesenv.joomlamultidesenv.go.gov.br\/economia\/?page_id=9874"},"modified":"2026-02-26T14:30:18","modified_gmt":"2026-02-26T17:30:18","slug":"progoias","status":"publish","type":"page","link":"https:\/\/goias.gov.br\/economia\/progoias\/","title":{"rendered":"PROGOIAS"},"content":{"rendered":"\t\t<div data-elementor-type=\"wp-page\" data-elementor-id=\"19300\" class=\"elementor elementor-19300\">\n\t\t\t\t<div class=\"elementor-element elementor-element-2137664 e-flex e-con-boxed e-con e-parent\" data-id=\"2137664\" data-element_type=\"container\" data-e-type=\"container\">\n\t\t\t\t\t<div class=\"e-con-inner\">\n\t\t\t\t<div class=\"elementor-element elementor-element-7ee0704 elementor-widget elementor-widget-image\" data-id=\"7ee0704\" data-element_type=\"widget\" data-e-type=\"widget\" data-widget_type=\"image.default\">\n\t\t\t\t\t\t\t\t\t\t\t\t\t\t\t<img decoding=\"async\" src=\"https:\/\/goias.gov.br\/economia\/wp-content\/uploads\/sites\/45\/2023\/07\/PROGOIASBANNERHOME.png\" title=\"\" alt=\"\" loading=\"lazy\" \/>\t\t\t\t\t\t\t\t\t\t\t\t\t\t\t<\/div>\n\t\t\t\t\t<\/div>\n\t\t\t\t<\/div>\n\t\t<div class=\"elementor-element elementor-element-125706f e-flex e-con-boxed e-con e-parent\" data-id=\"125706f\" data-element_type=\"container\" data-e-type=\"container\">\n\t\t\t\t\t<div class=\"e-con-inner\">\n\t\t<div class=\"elementor-element elementor-element-1abf18d e-con-full e-flex e-con e-child\" data-id=\"1abf18d\" data-element_type=\"container\" data-e-type=\"container\">\n\t\t\t\t<div class=\"elementor-element elementor-element-de4d9a7 elementor-widget elementor-widget-text-editor\" data-id=\"de4d9a7\" data-element_type=\"widget\" data-e-type=\"widget\" data-widget_type=\"text-editor.default\">\n\t\t\t\t\t\t\t\t\t<h5>O que \u00e9<\/h5><p>O novo modelo de incentivos fiscais do Governo de Goi\u00e1s, o ProGoi\u00e1s &#8211; Programa de Desenvolvimento Regional, tem como meta desburocratizar a concess\u00e3o de benef\u00edcios fiscais para o setor industrial e garantir seguran\u00e7a jur\u00eddica e impessoalidade. Com validade at\u00e9 2032, o programa que substitui o Fomentar\/Produzir, oferece redu\u00e7\u00e3o do percentual para o pagamento do Fundo de Prote\u00e7\u00e3o Social do Estado (Protege). A al\u00edquota inicial ser\u00e1 de 10%, decrescendo gradativamente at\u00e9 6%, a partir do 25\u00ba m\u00eas de enquadramento no ProGoi\u00e1s.\u00a0<\/p><p>O ProGoi\u00e1s oferece cr\u00e9dito outorgado, sem financiamento. Os investimentos previstos no programa devem ser de valor correspondente, no m\u00ednimo, ao percentual de 15% do montante do cr\u00e9dito outorgado previsto no artigo 4\u00ba da Lei 20.787, estimado para os primeiros 36 meses de frui\u00e7\u00e3o do benef\u00edcio. Podem ser benefici\u00e1rios os estabelecimentos que exer\u00e7am atividades industriais no Estado, interessados em realizar investimentos para implanta\u00e7\u00e3o, amplia\u00e7\u00e3o e revitaliza\u00e7\u00e3o de estabelecimento industrial. E, os\u00a0atuais benefici\u00e1rios dos programas FOMENTAR, PRODUZIR, MICRO e PROGREDIR.<\/p><h5><strong>Sistema GRE<\/strong><\/h5><p>A solicita\u00e7\u00e3o de enquadramento no Programa PROGOIAS, deve ser efetuada no sistema GRE.<\/p><p>Encontram-se dispon\u00edveis para solicita\u00e7\u00e3o, os seguintes regimes especiais relativos ao PROGOIAS:<\/p><p>A) Para benefici\u00e1rios do FOMENTAR, PRODUZIR, MICROPRODUZIR E PROGREDIR interessados em migrar para o novo programa:<br \/>&#8211; MIGRA\u00c7\u00c3O<\/p><p>B) Para novos benefici\u00e1rios:<\/p><ul><li>IMPLANTA\u00c7\u00c3O<\/li><li>AMPLIA\u00c7\u00c3O<\/li><li>REVITALIZA\u00c7\u00c3O\/IMPLANTA\u00c7\u00c3O<\/li><li>REVITALIZA\u00c7\u00c3O<\/li><li>CAPACIDADE OCIOSA IMPLANTA\u00c7\u00c3O<\/li><\/ul><p><strong>ATEN\u00c7\u00c3O:<\/strong><\/p><p>O acesso ao GRE \u00e9 realizado, exclusivamente, via <strong>certificado digital<\/strong>.<\/p>\t\t\t\t\t\t\t\t<\/div>\n\t\t\t\t<div class=\"elementor-element elementor-element-045d587 elementor-align-left elementor-widget elementor-widget-button\" data-id=\"045d587\" data-element_type=\"widget\" data-e-type=\"widget\" data-widget_type=\"button.default\">\n\t\t\t\t\t\t\t\t\t\t<a class=\"elementor-button elementor-button-link elementor-size-sm\" href=\"https:\/\/sistemas.sefaz.go.gov.br\/gre\/\" target=\"_blank\">\n\t\t\t\t\t\t<span class=\"elementor-button-content-wrapper\">\n\t\t\t\t\t\t\t\t\t<span class=\"elementor-button-text\">Acesse o Sistema GRE<\/span>\n\t\t\t\t\t<\/span>\n\t\t\t\t\t<\/a>\n\t\t\t\t\t\t\t\t<\/div>\n\t\t\t\t<div class=\"elementor-element elementor-element-5a962d9 elementor-align-left elementor-widget elementor-widget-button\" data-id=\"5a962d9\" data-element_type=\"widget\" data-e-type=\"widget\" data-widget_type=\"button.default\">\n\t\t\t\t\t\t\t\t\t\t<a class=\"elementor-button elementor-button-link elementor-size-sm\" href=\"https:\/\/goias.gov.br\/economia\/wp-content\/uploads\/sites\/45\/files\/ProGoias\/MANUALSISTEMAGREV1.pdf\" target=\"_blank\">\n\t\t\t\t\t\t<span class=\"elementor-button-content-wrapper\">\n\t\t\t\t\t\t\t\t\t<span class=\"elementor-button-text\">Manual do Sistema GRE<\/span>\n\t\t\t\t\t<\/span>\n\t\t\t\t\t<\/a>\n\t\t\t\t\t\t\t\t<\/div>\n\t\t\t\t<div class=\"elementor-element elementor-element-63c0402 elementor-widget elementor-widget-text-editor\" data-id=\"63c0402\" data-element_type=\"widget\" data-e-type=\"widget\" data-widget_type=\"text-editor.default\">\n\t\t\t\t\t\t\t\t\t<p>Recomendamos a utiliza\u00e7\u00e3o dos seguintes navegadores para acessar o GRE:<\/p><ul><li>Internet Explorer vers\u00e3o 9 e posteriores;<\/li><li>Google Chrome.<\/li><\/ul><h5><strong>Cadastro de Procuradores:<\/strong><\/h5><p>A permiss\u00e3o de procuradores para efetuar solicita\u00e7\u00e3o de Regimes Especiais e consultas junto ao sistema, poder\u00e1 ser efetuada pelo contribuinte, no sistema de Procura\u00e7\u00e3o eletr\u00f4nica (PCO) acessado no bot\u00e3o abaixo, via\u00a0<strong>certificado digital<\/strong>:<\/p>\t\t\t\t\t\t\t\t<\/div>\n\t\t\t\t<div class=\"elementor-element elementor-element-af49903 elementor-align-left elementor-widget elementor-widget-button\" data-id=\"af49903\" data-element_type=\"widget\" data-e-type=\"widget\" data-widget_type=\"button.default\">\n\t\t\t\t\t\t\t\t\t\t<a class=\"elementor-button elementor-button-link elementor-size-sm\" href=\"https:\/\/procuracao.sefaz.go.gov.br\/\" target=\"_blank\">\n\t\t\t\t\t\t<span class=\"elementor-button-content-wrapper\">\n\t\t\t\t\t\t\t\t\t<span class=\"elementor-button-text\">Cadastro de Procuradores<\/span>\n\t\t\t\t\t<\/span>\n\t\t\t\t\t<\/a>\n\t\t\t\t\t\t\t\t<\/div>\n\t\t\t\t<div class=\"elementor-element elementor-element-cae70b0 elementor-widget elementor-widget-text-editor\" data-id=\"cae70b0\" data-element_type=\"widget\" data-e-type=\"widget\" data-widget_type=\"text-editor.default\">\n\t\t\t\t\t\t\t\t\t<h6><strong>Assinatura de formul\u00e1rio e requerimentos:<\/strong><\/h6><p>A assinatura de requerimentos e formul\u00e1rios para inclus\u00e3o no sistema dever\u00e1 ser efetuada <strong>com certificado digital<\/strong>, para tanto \u00e9 necess\u00e1rio o uso de assinador digital, recomendamos o assinador SERPRO.<\/p>\t\t\t\t\t\t\t\t<\/div>\n\t\t\t\t<div class=\"elementor-element elementor-element-a805a93 elementor-align-left elementor-widget elementor-widget-button\" data-id=\"a805a93\" data-element_type=\"widget\" data-e-type=\"widget\" data-widget_type=\"button.default\">\n\t\t\t\t\t\t\t\t\t\t<a class=\"elementor-button elementor-button-link elementor-size-sm\" href=\"https:\/\/www.sefaz.go.gov.br\/ManuaisTecnicos\/Manuais\/Manual-Assinatura-Digital-Documentos.asp\" target=\"_blank\">\n\t\t\t\t\t\t<span class=\"elementor-button-content-wrapper\">\n\t\t\t\t\t\t\t\t\t<span class=\"elementor-button-text\">CLIQUE AQUI para ver as instru\u00e7\u00f5es<\/span>\n\t\t\t\t\t<\/span>\n\t\t\t\t\t<\/a>\n\t\t\t\t\t\t\t\t<\/div>\n\t\t\t\t<div class=\"elementor-element elementor-element-f40cd23 elementor-widget elementor-widget-text-editor\" data-id=\"f40cd23\" data-element_type=\"widget\" data-e-type=\"widget\" data-widget_type=\"text-editor.default\">\n\t\t\t\t\t\t\t\t\t<h6>Formul\u00e1rios ProGoi\u00e1s:<\/h6><ul><li><a id=\"\" title=\"\" href=\"\/economia\/wp-content\/uploads\/sites\/45\/files\/ProGoias\/FORMULARIOS\/MODELOPROJETO(IMPLANTACAO-AMPLIACAOREVITALIZACAO-IMPLANTACAO).xlsx\" target=\"\" rel=\"noopener\">Modelo Projeto Simplificado de Viabilidade Econ\u00f4mico Financeiro<\/a> (implanta\u00e7\u00e3o, amplia\u00e7\u00e3o, revitaliza\u00e7\u00e3o\/implanta\u00e7\u00e3o)<\/li><li><a id=\"\" title=\"\" href=\"\/economia\/wp-content\/uploads\/sites\/45\/files\/ProGoias\/FORMULARIOS\/MODELOPROJETO(CAPACIDADEOCIOSAIMPLANTACAO-REVITALIZACAO).xlsx\" target=\"\" rel=\"noopener\">Modelo Projeto Simplificado de Viabilidade Econ\u00f4mico Financeiro<\/a> (capacidade ociosa implanta\u00e7\u00e3o, revitaliza\u00e7\u00e3o)<\/li><li><a id=\"\" title=\"\" href=\"\/economia\/wp-content\/uploads\/sites\/45\/files\/ProGoias\/FORMULARIOS\/RELATORIODETALHAMENTODEINVESTIMENTOSMIGRANTE.xlsx\" target=\"\" rel=\"noopener\">Detalhamento de Investimentos Migrante<\/a><\/li><li><a id=\"\" title=\"\" href=\"\/economia\/wp-content\/uploads\/sites\/45\/files\/ProGoias\/FORMULARIOS\/RELATORIODETALHAMENTODEINVESTIMENTOS.xlsx\" target=\"\" rel=\"noopener\">Detalhamento de Investimentos Propostos<\/a><\/li><li>Para modelo de placa do PROGOIAS, <a href=\"https:\/\/www.industriaecomercio.go.gov.br\/component\/content\/article\/2-institucional\/3012-modelos-das-placas-do-progoi%C3%A1s.html\">clique aqui<\/a>.\u00a0<\/li><\/ul><h6>Legisla\u00e7\u00e3o:<\/h6>\t\t\t\t\t\t\t\t<\/div>\n\t\t\t\t<div class=\"elementor-element elementor-element-8d6fd4a elementor-align-left elementor-widget elementor-widget-button\" data-id=\"8d6fd4a\" data-element_type=\"widget\" data-e-type=\"widget\" data-widget_type=\"button.default\">\n\t\t\t\t\t\t\t\t\t\t<a class=\"elementor-button elementor-button-link elementor-size-sm\" href=\"\/economia\/legislacao-5\/\" target=\"_blank\">\n\t\t\t\t\t\t<span class=\"elementor-button-content-wrapper\">\n\t\t\t\t\t\t\t\t\t<span class=\"elementor-button-text\">Acesse a Legisla\u00e7\u00e3o<\/span>\n\t\t\t\t\t<\/span>\n\t\t\t\t\t<\/a>\n\t\t\t\t\t\t\t\t<\/div>\n\t\t\t\t<div class=\"elementor-element elementor-element-8172c46 elementor-widget elementor-widget-text-editor\" data-id=\"8172c46\" data-element_type=\"widget\" data-e-type=\"widget\" data-widget_type=\"text-editor.default\">\n\t\t\t\t\t\t\t\t\t<h6><strong>Contatos:<\/strong><\/h6><ul><li style=\"text-align: left;\">Atendimento da receita:<strong>\u00a062 3309 6950<\/strong><\/li><li style=\"text-align: left;\">Para ocorr\u00eancias do sistema informar atrav\u00e9s do email: <a href=\"mailto:sistemagre.economia@goias.gov.br\">sistemagre.economia@goias.gov.br<\/a><\/li><\/ul><h4 style=\"text-align: left;\">NOT\u00cdCIAS DO PROGOI\u00c1S:<\/h4><ul><li><p><a href=\"\/economia\/em-apenas-sete-meses-105-empresas-aderem-ao-progoias\/\">Em apenas sete meses, 105 empresas aderem ao ProGoi\u00e1s<\/a>\u00a0(13\/05\/2021)<\/p><\/li><li><p><a href=\"\/economia\/webinar-sobre-progoias-esclarece-duvidas-e-mostra-caminhos-para-migracao-de-programa\/\">Webinar sobre ProGoi\u00e1s esclarece d\u00favidas e mostra caminhos para migra\u00e7\u00e3o de programa<\/a> (27\/04\/2020)<\/p><\/li><\/ul>\t\t\t\t\t\t\t\t<\/div>\n\t\t\t\t<\/div>\n\t\t<div class=\"elementor-element elementor-element-b6f8b68 e-con-full e-flex e-con e-child\" data-id=\"b6f8b68\" data-element_type=\"container\" data-e-type=\"container\">\n\t\t<div class=\"elementor-element elementor-element-b8f000d e-con-full e-flex e-con e-child\" data-id=\"b8f000d\" data-element_type=\"container\" data-e-type=\"container\" data-settings=\"{&quot;background_background&quot;:&quot;classic&quot;}\">\n\t\t\t\t<div class=\"elementor-element elementor-element-fe74ba0 elementor-widget elementor-widget-heading\" data-id=\"fe74ba0\" data-element_type=\"widget\" data-e-type=\"widget\" data-widget_type=\"heading.default\">\n\t\t\t\t\t<h5 class=\"elementor-heading-title elementor-size-default\">Perguntas e Respostas<\/h5>\t\t\t\t<\/div>\n\t\t\t\t<\/div>\n\t\t\t\t<div class=\"elementor-element elementor-element-8927d98 elementor-align-justify elementor-widget elementor-widget-button\" data-id=\"8927d98\" data-element_type=\"widget\" data-e-type=\"widget\" data-widget_type=\"button.default\">\n\t\t\t\t\t\t\t\t\t\t<a class=\"elementor-button elementor-button-link elementor-size-sm\" href=\"\/economia\/perguntas-e-respostas-5\/\" target=\"_blank\">\n\t\t\t\t\t\t<span class=\"elementor-button-content-wrapper\">\n\t\t\t\t\t\t\t\t\t<span class=\"elementor-button-text\">Sistema de Gest\u00e3o de Regimes Especiais - SGRE<\/span>\n\t\t\t\t\t<\/span>\n\t\t\t\t\t<\/a>\n\t\t\t\t\t\t\t\t<\/div>\n\t\t\t\t<\/div>\n\t\t\t\t\t<\/div>\n\t\t\t\t<\/div>\n\t\t\t\t<\/div>\n\t\t","protected":false},"excerpt":{"rendered":"<p>O que \u00e9 O novo modelo de incentivos fiscais do Governo de Goi\u00e1s, o ProGoi\u00e1s &#8211; Programa de Desenvolvimento Regional, tem como meta desburocratizar a concess\u00e3o de benef\u00edcios fiscais para o setor industrial e garantir seguran\u00e7a jur\u00eddica e impessoalidade. Com validade at\u00e9 2032, o programa que substitui o Fomentar\/Produzir, oferece redu\u00e7\u00e3o do percentual para o [&hellip;]<\/p>\n","protected":false},"author":1,"featured_media":0,"parent":0,"menu_order":0,"comment_status":"closed","ping_status":"closed","template":"wppb_theme_template","meta":{"footnotes":""},"class_list":["post-19300","page","type-page","status-publish","hentry"],"rttpg_featured_image_url":null,"rttpg_author":{"display_name":"wagner.viana","author_link":"https:\/\/goias.gov.br\/economia\/author\/wagner-viana\/"},"rttpg_comment":0,"rttpg_category":null,"rttpg_excerpt":"O que \u00e9 O novo modelo de incentivos fiscais do Governo de Goi\u00e1s, o ProGoi\u00e1s &#8211; Programa de Desenvolvimento Regional, tem como meta desburocratizar a concess\u00e3o de benef\u00edcios fiscais para o setor industrial e garantir seguran\u00e7a jur\u00eddica e impessoalidade. Com validade at\u00e9 2032, o programa que substitui o Fomentar\/Produzir, oferece redu\u00e7\u00e3o do percentual para o&hellip;","_links":{"self":[{"href":"https:\/\/goias.gov.br\/economia\/wp-json\/wp\/v2\/pages\/19300","targetHints":{"allow":["GET"]}}],"collection":[{"href":"https:\/\/goias.gov.br\/economia\/wp-json\/wp\/v2\/pages"}],"about":[{"href":"https:\/\/goias.gov.br\/economia\/wp-json\/wp\/v2\/types\/page"}],"author":[{"embeddable":true,"href":"https:\/\/goias.gov.br\/economia\/wp-json\/wp\/v2\/users\/1"}],"replies":[{"embeddable":true,"href":"https:\/\/goias.gov.br\/economia\/wp-json\/wp\/v2\/comments?post=19300"}],"version-history":[{"count":2,"href":"https:\/\/goias.gov.br\/economia\/wp-json\/wp\/v2\/pages\/19300\/revisions"}],"predecessor-version":[{"id":417706,"href":"https:\/\/goias.gov.br\/economia\/wp-json\/wp\/v2\/pages\/19300\/revisions\/417706"}],"wp:attachment":[{"href":"https:\/\/goias.gov.br\/economia\/wp-json\/wp\/v2\/media?parent=19300"}],"curies":[{"name":"wp","href":"https:\/\/api.w.org\/{rel}","templated":true}]}}