

{"id":19298,"date":"2023-07-28T10:51:58","date_gmt":"2023-07-28T13:51:58","guid":{"rendered":"https:\/\/wwwdesenv.joomlamultidesenv.go.gov.br\/economia\/?page_id=9865"},"modified":"2026-03-23T10:05:46","modified_gmt":"2026-03-23T13:05:46","slug":"solicitar-parcelamento-do-itcd","status":"publish","type":"page","link":"https:\/\/goias.gov.br\/economia\/solicitar-parcelamento-do-itcd\/","title":{"rendered":"SOLICITAR PARCELAMENTO DO ITCD"},"content":{"rendered":"\t\t<div data-elementor-type=\"wp-page\" data-elementor-id=\"19298\" class=\"elementor elementor-19298\">\n\t\t\t\t<div class=\"elementor-element elementor-element-ada0894 e-flex e-con-boxed e-con e-parent\" data-id=\"ada0894\" data-element_type=\"container\" data-e-type=\"container\">\n\t\t\t\t\t<div class=\"e-con-inner\">\n\t\t\t\t<div class=\"elementor-element elementor-element-0362d73 elementor-widget elementor-widget-heading\" data-id=\"0362d73\" data-element_type=\"widget\" data-e-type=\"widget\" data-widget_type=\"heading.default\">\n\t\t\t\t\t<h2 class=\"elementor-heading-title elementor-size-default\">Parcelar ITCD<\/h2>\t\t\t\t<\/div>\n\t\t\t\t<div class=\"elementor-element elementor-element-69586bd elementor-widget elementor-widget-n-accordion\" data-id=\"69586bd\" data-element_type=\"widget\" data-e-type=\"widget\" data-settings=\"{&quot;default_state&quot;:&quot;all_collapsed&quot;,&quot;max_items_expended&quot;:&quot;one&quot;,&quot;n_accordion_animation_duration&quot;:{&quot;unit&quot;:&quot;ms&quot;,&quot;size&quot;:400,&quot;sizes&quot;:[]}}\" data-widget_type=\"nested-accordion.default\">\n\t\t\t\t\t\t\t<div class=\"e-n-accordion\" aria-label=\"Accordion. Open links with Enter or Space, close with Escape, and navigate with Arrow Keys\">\n\t\t\t\t\t\t<details id=\"e-n-accordion-item-1100\" class=\"e-n-accordion-item\" >\n\t\t\t\t<summary class=\"e-n-accordion-item-title\" data-accordion-index=\"1\" tabindex=\"0\" aria-expanded=\"false\" aria-controls=\"e-n-accordion-item-1100\" >\n\t\t\t\t\t<span class='e-n-accordion-item-title-header'><div class=\"e-n-accordion-item-title-text\"> Descri\u00e7\u00e3o <\/div><\/span>\n\t\t\t\t\t\t\t<span class='e-n-accordion-item-title-icon'>\n\t\t\t<span class='e-opened' ><svg aria-hidden=\"true\" class=\"e-font-icon-svg e-fas-angle-down\" viewBox=\"0 0 320 512\" xmlns=\"http:\/\/www.w3.org\/2000\/svg\"><path d=\"M143 352.3L7 216.3c-9.4-9.4-9.4-24.6 0-33.9l22.6-22.6c9.4-9.4 24.6-9.4 33.9 0l96.4 96.4 96.4-96.4c9.4-9.4 24.6-9.4 33.9 0l22.6 22.6c9.4 9.4 9.4 24.6 0 33.9l-136 136c-9.2 9.4-24.4 9.4-33.8 0z\"><\/path><\/svg><\/span>\n\t\t\t<span class='e-closed'><svg aria-hidden=\"true\" class=\"e-font-icon-svg e-fas-angle-right\" viewBox=\"0 0 256 512\" xmlns=\"http:\/\/www.w3.org\/2000\/svg\"><path d=\"M224.3 273l-136 136c-9.4 9.4-24.6 9.4-33.9 0l-22.6-22.6c-9.4-9.4-9.4-24.6 0-33.9l96.4-96.4-96.4-96.4c-9.4-9.4-9.4-24.6 0-33.9L54.3 103c9.4-9.4 24.6-9.4 33.9 0l136 136c9.5 9.4 9.5 24.6.1 34z\"><\/path><\/svg><\/span>\n\t\t<\/span>\n\n\t\t\t\t\t\t<\/summary>\n\t\t\t\t<div role=\"region\" aria-labelledby=\"e-n-accordion-item-1100\" class=\"elementor-element elementor-element-70d833c e-con-full e-flex e-con e-child\" data-id=\"70d833c\" data-element_type=\"container\" data-e-type=\"container\">\n\t\t\t\t<div class=\"elementor-element elementor-element-7861b2e elementor-widget elementor-widget-text-editor\" data-id=\"7861b2e\" data-element_type=\"widget\" data-e-type=\"widget\" data-widget_type=\"text-editor.default\">\n\t\t\t\t\t\t\t\t\t<p>Os d\u00e9bitos de ITCD relativos a Invent\u00e1rios Causa Mortis ou Doa\u00e7\u00f5es poder\u00e3o ser pagos \u00e0 vista ou ser parcelados, independentemente de terem sido previamente autuados ou n\u00e3o. E devem ser observadas as regras previstas em lei:<\/p><ul><li>O Parcelamento pode ser realizado em at\u00e9 48 parcelas mensais ou em at\u00e9 8 parcelas semestrais;<\/li><li>Para os d\u00e9bitos decorrentes de confiss\u00e3o espont\u00e2nea (n\u00e3o autuados), o valor m\u00ednimo de cada parcela mensal deve ser de R$ 500,00 (quinhentos reais) ou de R$ 3.000,00 (tr\u00eas mil reais), para parcelas semestrais;<\/li><li>Para os d\u00e9bitos autuados, o valor m\u00ednimo de cada parcela mensal deve de R$ 300,00 (trezentos) reais ou de R$ 1.800,00 (um mil e oitocentos reais), para parcelas semestrais;<\/li><li>O parcelamento s\u00f3 \u00e9 permitido se n\u00e3o constar na Declara\u00e7\u00e3o de ITCD valor suficiente em dinheiro, t\u00edtulo ou a\u00e7\u00e3o negoci\u00e1vel para pagamento do DARE emitido;<\/li><li>O parcelamento deve abranger o valor total da Declara\u00e7\u00e3o, n\u00e3o sendo permitido parcelamento de parte do d\u00e9bito tribut\u00e1rio;<\/li><\/ul>\t\t\t\t\t\t\t\t<\/div>\n\t\t\t\t<\/div>\n\t\t\t\t\t<\/details>\n\t\t\t\t\t\t<details id=\"e-n-accordion-item-1101\" class=\"e-n-accordion-item\" >\n\t\t\t\t<summary class=\"e-n-accordion-item-title\" data-accordion-index=\"2\" tabindex=\"-1\" aria-expanded=\"false\" aria-controls=\"e-n-accordion-item-1101\" >\n\t\t\t\t\t<span class='e-n-accordion-item-title-header'><div class=\"e-n-accordion-item-title-text\">  Como Proceder <\/div><\/span>\n\t\t\t\t\t\t\t<span class='e-n-accordion-item-title-icon'>\n\t\t\t<span class='e-opened' ><svg aria-hidden=\"true\" class=\"e-font-icon-svg e-fas-angle-down\" viewBox=\"0 0 320 512\" xmlns=\"http:\/\/www.w3.org\/2000\/svg\"><path d=\"M143 352.3L7 216.3c-9.4-9.4-9.4-24.6 0-33.9l22.6-22.6c9.4-9.4 24.6-9.4 33.9 0l96.4 96.4 96.4-96.4c9.4-9.4 24.6-9.4 33.9 0l22.6 22.6c9.4 9.4 9.4 24.6 0 33.9l-136 136c-9.2 9.4-24.4 9.4-33.8 0z\"><\/path><\/svg><\/span>\n\t\t\t<span class='e-closed'><svg aria-hidden=\"true\" class=\"e-font-icon-svg e-fas-angle-right\" viewBox=\"0 0 256 512\" xmlns=\"http:\/\/www.w3.org\/2000\/svg\"><path d=\"M224.3 273l-136 136c-9.4 9.4-24.6 9.4-33.9 0l-22.6-22.6c-9.4-9.4-9.4-24.6 0-33.9l96.4-96.4-96.4-96.4c-9.4-9.4-9.4-24.6 0-33.9L54.3 103c9.4-9.4 24.6-9.4 33.9 0l136 136c9.5 9.4 9.5 24.6.1 34z\"><\/path><\/svg><\/span>\n\t\t<\/span>\n\n\t\t\t\t\t\t<\/summary>\n\t\t\t\t<div role=\"region\" aria-labelledby=\"e-n-accordion-item-1101\" class=\"elementor-element elementor-element-0613900 e-con-full e-flex e-con e-child\" data-id=\"0613900\" data-element_type=\"container\" data-e-type=\"container\">\n\t\t\t\t<div class=\"elementor-element elementor-element-19e4212 elementor-widget elementor-widget-text-editor\" data-id=\"19e4212\" data-element_type=\"widget\" data-e-type=\"widget\" data-widget_type=\"text-editor.default\">\n\t\t\t\t\t\t\t\t\t<h4>Parcelamento do ITCD (Causa Mortis ou Doa\u00e7\u00e3o)<\/h4><p>O parcelamento do ITCD \u00e9 realizado atrav\u00e9s do servi\u00e7o e-Parcelamento, disponibilizado no site da Secretaria da Economia pelo Sistema SNC, onde o pr\u00f3prio interessado poder\u00e1 simular a quantidade e o valor das parcelas dispon\u00edveis e contratar o parcelamento do d\u00e9bito, a partir do n\u00famero da Declara\u00e7\u00e3o do ITCD.<\/p><p>Em caso de confiss\u00e3o espont\u00e2nea (d\u00e9bito n\u00e3o autuado), o interessado deve ter conclu\u00eddo a Declara\u00e7\u00e3o, com a gera\u00e7\u00e3o do DARE para pagamento do ITCD e aguardar o pr\u00f3ximo dia para realizar a simula\u00e7\u00e3o. O DARE a ser parcelado pode estar vencido ou a vencer. Clique <a href=\"https:\/\/sistemas.sefaz.go.gov.br\/snc\/publico\/itcd\/form-itcd\" target=\"_blank\" rel=\"noopener\">AQUI<\/a> para acessar o servi\u00e7o;<\/p><p>Para Parcelamento de d\u00e9bito objeto de a\u00e7\u00e3o fiscal (j\u00e1 autuado), o interessado pode acessar o e-Parcelamento apenas atrav\u00e9s de certificado digital (clique <a href=\"https:\/\/goias.gov.br\/economia\/e-parcelamento\/\">AQUI<\/a>) ou procurar o CAT (Conselho Administrativo Tribut\u00e1rio) para maiores informa\u00e7\u00f5es.<\/p><p>Ao realizar o parcelamento do d\u00e9bito do ITCD, o mesmo ser\u00e1 considerado quitado somente ap\u00f3s o pagamento de todas as parcelas contratadas.<\/p><p><strong>Observa\u00e7\u00e3o:<\/strong> Caso a Declara\u00e7\u00e3o esteja com status CONCLU\u00cdDA no Sistema ITCD web, o Termo de Regularidade do ITCD estar\u00e1 dispon\u00edvel no sistema automaticamente ap\u00f3s a quita\u00e7\u00e3o do Parcelamento. Em outros casos, o contribuinte dever\u00e1 solicitar o documento pelo e-mail <a href=\"mailto:itcd.economia@goias.gov.br\">itcd.economia@goias.gov.br<\/a> com o t\u00edtulo \u201cSolicita\u00e7\u00e3o de Termo de Quita\u00e7\u00e3o de ITCD\u201d.<\/p>\t\t\t\t\t\t\t\t<\/div>\n\t\t\t\t<\/div>\n\t\t\t\t\t<\/details>\n\t\t\t\t\t<\/div>\n\t\t\t\t\t\t<\/div>\n\t\t\t\t\t<\/div>\n\t\t\t\t<\/div>\n\t\t\t\t<\/div>\n\t\t","protected":false},"excerpt":{"rendered":"<p>Parcelar ITCD Descri\u00e7\u00e3o Os d\u00e9bitos de ITCD relativos a Invent\u00e1rios Causa Mortis ou Doa\u00e7\u00f5es poder\u00e3o ser pagos \u00e0 vista ou ser parcelados, independentemente de terem sido previamente autuados ou n\u00e3o. E devem ser observadas as regras previstas em lei: O Parcelamento pode ser realizado em at\u00e9 48 parcelas mensais ou em at\u00e9 8 parcelas semestrais; [&hellip;]<\/p>\n","protected":false},"author":1,"featured_media":0,"parent":0,"menu_order":0,"comment_status":"closed","ping_status":"closed","template":"elementor_header_footer","meta":{"footnotes":""},"class_list":["post-19298","page","type-page","status-publish","hentry"],"rttpg_featured_image_url":null,"rttpg_author":{"display_name":"wagner.viana","author_link":"https:\/\/goias.gov.br\/economia\/author\/wagner-viana\/"},"rttpg_comment":0,"rttpg_category":null,"rttpg_excerpt":"Parcelar ITCD Descri\u00e7\u00e3o Os d\u00e9bitos de ITCD relativos a Invent\u00e1rios Causa Mortis ou Doa\u00e7\u00f5es poder\u00e3o ser pagos \u00e0 vista ou ser parcelados, independentemente de terem sido previamente autuados ou n\u00e3o. E devem ser observadas as regras previstas em lei: O Parcelamento pode ser realizado em at\u00e9 48 parcelas mensais ou em at\u00e9 8 parcelas semestrais;&hellip;","_links":{"self":[{"href":"https:\/\/goias.gov.br\/economia\/wp-json\/wp\/v2\/pages\/19298","targetHints":{"allow":["GET"]}}],"collection":[{"href":"https:\/\/goias.gov.br\/economia\/wp-json\/wp\/v2\/pages"}],"about":[{"href":"https:\/\/goias.gov.br\/economia\/wp-json\/wp\/v2\/types\/page"}],"author":[{"embeddable":true,"href":"https:\/\/goias.gov.br\/economia\/wp-json\/wp\/v2\/users\/1"}],"replies":[{"embeddable":true,"href":"https:\/\/goias.gov.br\/economia\/wp-json\/wp\/v2\/comments?post=19298"}],"version-history":[{"count":2,"href":"https:\/\/goias.gov.br\/economia\/wp-json\/wp\/v2\/pages\/19298\/revisions"}],"predecessor-version":[{"id":436763,"href":"https:\/\/goias.gov.br\/economia\/wp-json\/wp\/v2\/pages\/19298\/revisions\/436763"}],"wp:attachment":[{"href":"https:\/\/goias.gov.br\/economia\/wp-json\/wp\/v2\/media?parent=19298"}],"curies":[{"name":"wp","href":"https:\/\/api.w.org\/{rel}","templated":true}]}}