

{"id":19296,"date":"2023-07-28T08:51:21","date_gmt":"2023-07-28T11:51:21","guid":{"rendered":"https:\/\/wwwdesenv.joomlamultidesenv.go.gov.br\/economia\/?page_id=9855"},"modified":"2026-03-23T09:22:55","modified_gmt":"2026-03-23T12:22:55","slug":"fundo-protege","status":"publish","type":"page","link":"https:\/\/goias.gov.br\/economia\/fundo-protege\/","title":{"rendered":"Fundo Protege"},"content":{"rendered":"\t\t<div data-elementor-type=\"wp-page\" data-elementor-id=\"19296\" class=\"elementor elementor-19296\">\n\t\t\t\t<div class=\"elementor-element elementor-element-4d15606 e-flex e-con-boxed e-con e-parent\" data-id=\"4d15606\" data-element_type=\"container\" data-e-type=\"container\">\n\t\t\t\t\t<div class=\"e-con-inner\">\n\t\t<div class=\"elementor-element elementor-element-9ddf993 e-con-full e-flex e-con e-child\" data-id=\"9ddf993\" data-element_type=\"container\" data-e-type=\"container\">\n\t\t\t\t<div class=\"elementor-element elementor-element-cb34670 elementor-widget elementor-widget-shortcode\" data-id=\"cb34670\" data-element_type=\"widget\" data-e-type=\"widget\" data-widget_type=\"shortcode.default\">\n\t\t\t\t\t\t\t<div class=\"elementor-shortcode\"><div data-post-id=\"30534\" class=\"insert-page insert-page-30534 \"><h1 class='insert-page-title'>Fundo Protege Goi\u00e1s<\/h1><blockquote>\n<p class=\"nomarginbottom\">\u201cTodos os projetos e a\u00e7\u00f5es da Secretaria da Economia t\u00eam como finalidade o atendimento\u00a0 das necessidades da popula\u00e7\u00e3o do Estado de Goi\u00e1s, objetivando a universaliza\u00e7\u00e3o do bem-estar social e o pleno exerc\u00edcio da cidadania.\u201d<\/p>\n<p class=\"nomargintop\"><small>(COMPROMISSO SOCIAL ECONOMIA)<\/small><\/p>\n<\/blockquote>\n<p><a class=\"btn btn-large btn-success\" href=\"https:\/\/goias.gov.br\/economia\/?page_id=40841\">Boletins Protege<\/a><\/p>\n<p><a href=\"https:\/\/www.planalto.gov.br\/ccivil_03\/constituicao\/constituicao.htm\" target=\"_blank\" rel=\"noopener\">Constitui\u00e7\u00e3o Federal<\/a>, <a href=\"https:\/\/www.planalto.gov.br\/ccivil_03\/constituicao\/constituicao.htm#adct\" target=\"_blank\" rel=\"noopener\">Atos das Disposi\u00e7\u00f5es Constitucionais Transit\u00f3rias<\/a>:<\/p>\n<p>Art. 82. Os Estados, o Distrito Federal e os Munic\u00edpios devem instituir Fundos de Combate \u00e0 Pobreza, com os recursos de que trata este artigo e outros que vierem a destinar, devendo os referidos Fundos ser geridos por entidades que contem com a participa\u00e7\u00e3o da sociedade civil.\u00a0\u00a0\u00a0\u00a0\u00a0\u00a0\u00a0\u00a0 (Inclu\u00eddo pela Emenda Constitucional n\u00ba 31, de 2000)<\/p>\n<p><strong>Cria\u00e7\u00e3o:<\/strong>\u00a0<a href=\"https:\/\/www.gabinetecivil.goias.gov.br\/leis_ordinarias\/2003\/lei_14469.htm\" target=\"_blank\" rel=\"noopener\">Lei n.\u00ba 14.469, de 16 de julho de 2003<\/a>.<\/p>\n<p><strong>Regulamenta\u00e7\u00e3o:\u00a0<\/strong><a href=\"https:\/\/legisla.casacivil.go.gov.br\/api\/v2\/pesquisa\/legislacoes\/63347\/pdf\">Decreto n.\u00ba 6.883, de 12 de mar\u00e7o de 2009.<\/a><\/p>\n<ul>\n<li>\n<h6><a href=\"https:\/\/goias.gov.br\/economia\/missao-visao-valores-e-negocio\/\">Conhe\u00e7a a Miss\u00e3o, Vis\u00e3o, Valores e Neg\u00f3cio do Fundo Protege<\/a><\/h6>\n<\/li>\n<\/ul>\n<h6 class=\"h4\"><\/h6>\n<ul class='post-meta'>\n<li><span class='post-meta-key'>tpg-post-view-count:<\/span> 1045<\/li>\n<li><span class='post-meta-key'>rank_math_analytic_object_id:<\/span> 4908<\/li>\n<li><span class='post-meta-key'>rank_math_internal_links_processed:<\/span> 1<\/li>\n<li><span class='post-meta-key'>footnotes:<\/span> <\/li>\n<\/ul>\n<\/div><\/div>\n\t\t\t\t\t\t<\/div>\n\t\t\t\t<\/div>\n\t\t<div class=\"elementor-element elementor-element-02ff3a9 e-con-full e-flex e-con e-child\" data-id=\"02ff3a9\" data-element_type=\"container\" data-e-type=\"container\">\n\t\t\t\t<div class=\"elementor-element elementor-element-df70169 elementor-widget elementor-widget-heading\" data-id=\"df70169\" data-element_type=\"widget\" data-e-type=\"widget\" data-widget_type=\"heading.default\">\n\t\t\t\t\t<h3 class=\"elementor-heading-title elementor-size-default\">Legisla\u00e7\u00e3o<\/h3>\t\t\t\t<\/div>\n\t\t\t\t<div class=\"elementor-element elementor-element-367ad2c elementor-align-justify elementor-widget elementor-widget-button\" data-id=\"367ad2c\" data-element_type=\"widget\" data-e-type=\"widget\" data-widget_type=\"button.default\">\n\t\t\t\t\t\t\t\t\t\t<a class=\"elementor-button elementor-button-link elementor-size-sm\" href=\"\/economia\/legislacao-tributaria\/\" target=\"_blank\">\n\t\t\t\t\t\t<span class=\"elementor-button-content-wrapper\">\n\t\t\t\t\t\t\t\t\t<span class=\"elementor-button-text\">Legisla\u00e7\u00e3o sobre recolhimento dos tributos destinados ao Fundo Protege<\/span>\n\t\t\t\t\t<\/span>\n\t\t\t\t\t<\/a>\n\t\t\t\t\t\t\t\t<\/div>\n\t\t\t\t<div class=\"elementor-element elementor-element-af17b69 elementor-widget elementor-widget-heading\" data-id=\"af17b69\" data-element_type=\"widget\" data-e-type=\"widget\" data-widget_type=\"heading.default\">\n\t\t\t\t\t<h3 class=\"elementor-heading-title elementor-size-default\">Atendimento<\/h3>\t\t\t\t<\/div>\n\t\t\t\t<div class=\"elementor-element elementor-element-6ac0ac2 elementor-widget elementor-widget-text-editor\" data-id=\"6ac0ac2\" data-element_type=\"widget\" data-e-type=\"widget\" data-widget_type=\"text-editor.default\">\n\t\t\t\t\t\t\t\t\t<ul><li><strong>Ao contribuinte:<\/strong><ul><li><p>sobre a legisla\u00e7\u00e3o tribut\u00e1ria, arrecada\u00e7\u00e3o das contribui\u00e7\u00f5es para o Fundo Protege, entre outros:<\/p><p>&#8211; entre em contato pelo telefone:\u00a0 <strong>62 3309 6950<\/strong>\u00a0(Atendimento da Receita)<\/p><\/li><\/ul><\/li><\/ul><ul><li>\u00a0<strong>Ao executor de programa financiado pelo Fundo e p\u00fablico em geral<\/strong>:<ul><li><p>sobre libera\u00e7\u00e3o de recursos, or\u00e7amento, presta\u00e7\u00e3o de contas, entre outros:<br \/>entre em contato pelos telefones:\u00a0<br \/>Ger\u00eancia do Fundo Protege:<br \/><strong>(62) 9 8123-7349<\/strong><\/p><\/li><\/ul><\/li><\/ul>\t\t\t\t\t\t\t\t<\/div>\n\t\t\t\t<\/div>\n\t\t\t\t\t<\/div>\n\t\t\t\t<\/div>\n\t\t\t\t<\/div>\n\t\t","protected":false},"excerpt":{"rendered":"<p>Legisla\u00e7\u00e3o Legisla\u00e7\u00e3o sobre recolhimento dos tributos destinados ao Fundo Protege Atendimento Ao contribuinte: sobre a legisla\u00e7\u00e3o tribut\u00e1ria, arrecada\u00e7\u00e3o das contribui\u00e7\u00f5es para o Fundo Protege, entre outros: &#8211; entre em contato pelo telefone:\u00a0 62 3309 6950\u00a0(Atendimento da Receita) \u00a0Ao executor de programa financiado pelo Fundo e p\u00fablico em geral: sobre libera\u00e7\u00e3o de recursos, or\u00e7amento, presta\u00e7\u00e3o de [&hellip;]<\/p>\n","protected":false},"author":1,"featured_media":0,"parent":0,"menu_order":0,"comment_status":"closed","ping_status":"closed","template":"elementor_header_footer","meta":{"footnotes":""},"class_list":["post-19296","page","type-page","status-publish","hentry"],"rttpg_featured_image_url":null,"rttpg_author":{"display_name":"wagner.viana","author_link":"https:\/\/goias.gov.br\/economia\/author\/wagner-viana\/"},"rttpg_comment":0,"rttpg_category":"","rttpg_excerpt":"Legisla\u00e7\u00e3o Legisla\u00e7\u00e3o sobre recolhimento dos tributos destinados ao Fundo Protege Atendimento Ao contribuinte: sobre a legisla\u00e7\u00e3o tribut\u00e1ria, arrecada\u00e7\u00e3o das contribui\u00e7\u00f5es para o Fundo Protege, entre outros: &#8211; entre em contato pelo telefone:\u00a0 62 3309 6950\u00a0(Atendimento da Receita) \u00a0Ao executor de programa financiado pelo Fundo e p\u00fablico em geral: sobre libera\u00e7\u00e3o de recursos, or\u00e7amento, presta\u00e7\u00e3o de&hellip;","_links":{"self":[{"href":"https:\/\/goias.gov.br\/economia\/wp-json\/wp\/v2\/pages\/19296","targetHints":{"allow":["GET"]}}],"collection":[{"href":"https:\/\/goias.gov.br\/economia\/wp-json\/wp\/v2\/pages"}],"about":[{"href":"https:\/\/goias.gov.br\/economia\/wp-json\/wp\/v2\/types\/page"}],"author":[{"embeddable":true,"href":"https:\/\/goias.gov.br\/economia\/wp-json\/wp\/v2\/users\/1"}],"replies":[{"embeddable":true,"href":"https:\/\/goias.gov.br\/economia\/wp-json\/wp\/v2\/comments?post=19296"}],"version-history":[{"count":2,"href":"https:\/\/goias.gov.br\/economia\/wp-json\/wp\/v2\/pages\/19296\/revisions"}],"predecessor-version":[{"id":436167,"href":"https:\/\/goias.gov.br\/economia\/wp-json\/wp\/v2\/pages\/19296\/revisions\/436167"}],"wp:attachment":[{"href":"https:\/\/goias.gov.br\/economia\/wp-json\/wp\/v2\/media?parent=19296"}],"curies":[{"name":"wp","href":"https:\/\/api.w.org\/{rel}","templated":true}]}}