

{"id":19294,"date":"2023-07-26T00:28:27","date_gmt":"2023-07-26T03:28:27","guid":{"rendered":"https:\/\/wwwdesenv.joomlamultidesenv.go.gov.br\/economia\/?page_id=9849"},"modified":"2026-03-23T09:04:36","modified_gmt":"2026-03-23T12:04:36","slug":"deveres-do-estado","status":"publish","type":"page","link":"https:\/\/goias.gov.br\/economia\/deveres-do-estado\/","title":{"rendered":"Deveres do Estado"},"content":{"rendered":"\t\t<div data-elementor-type=\"wp-page\" data-elementor-id=\"19294\" class=\"elementor elementor-19294\">\n\t\t\t\t<div class=\"elementor-element elementor-element-76c3780 e-flex e-con-boxed e-con e-parent\" data-id=\"76c3780\" data-element_type=\"container\" data-e-type=\"container\">\n\t\t\t\t\t<div class=\"e-con-inner\">\n\t\t<div class=\"elementor-element elementor-element-acf545b e-con-full e-flex e-con e-child\" data-id=\"acf545b\" data-element_type=\"container\" data-e-type=\"container\">\n\t\t\t\t<div class=\"elementor-element elementor-element-39edf27 elementor-widget elementor-widget-shortcode\" data-id=\"39edf27\" data-element_type=\"widget\" data-e-type=\"widget\" data-widget_type=\"shortcode.default\">\n\t\t\t\t\t\t\t<div class=\"elementor-shortcode\"><div data-post-id=\"33334\" class=\"insert-page insert-page-33334 \"><h1 class='insert-page-title'>Deveres do Estado<\/h1><p style=\"text-align: justify;\">As veda&ccedil;&otilde;es impostas aos Estados que desejam aderir ao Regime de Recupera&ccedil;&atilde;o Fiscal, por sua vez, est&atilde;o elencados no art. 8&ordm; da Lei Complementar n&ordm; 159\/2017 e incluem as seguintes proibi&ccedil;&otilde;es:<\/p>\n<ul>\n<li style=\"text-align: justify;\">Concess&atilde;o de reajustes a servidores e empregados p&uacute;blicos e militares al&eacute;m da revis&atilde;o anual assegurada pela Constitui&ccedil;&atilde;o Federal, com exce&ccedil;&atilde;o dos provenientes de senten&ccedil;a judicial;<\/li>\n<li style=\"text-align: justify;\">Cria&ccedil;&atilde;o de cargo, emprego ou fun&ccedil;&atilde;o que implique aumento de despesa;<\/li>\n<li style=\"text-align: justify;\">Altera&ccedil;&atilde;o de estrutura de carreira que implique aumento de despesa;<\/li>\n<li style=\"text-align: justify;\">Admiss&atilde;o ou contrata&ccedil;&atilde;o de pessoal, ressalvadas as reposi&ccedil;&otilde;es de cargos de chefia e de dire&ccedil;&atilde;o que n&atilde;o acarretem aumento de despesa e de contratos tempor&aacute;rios;<\/li>\n<li style=\"text-align: justify;\">Realiza&ccedil;&atilde;o de concurso p&uacute;blico;<\/li>\n<li style=\"text-align: justify;\">Cria&ccedil;&atilde;o ou majora&ccedil;&atilde;o de aux&iacute;lios, vantagens, b&ocirc;nus, abonos, verbas de representa&ccedil;&atilde;o ou benef&iacute;cios de qualquer natureza a servidores e empregados p&uacute;blicos e de militares;<\/li>\n<li style=\"text-align: justify;\">Cria&ccedil;&atilde;o de despesa obrigat&oacute;ria de car&aacute;ter continuado;<\/li>\n<li style=\"text-align: justify;\">Ado&ccedil;&atilde;o de medida que implique reajuste de despesa obrigat&oacute;ria;<\/li>\n<li style=\"text-align: justify;\">Concess&atilde;o, prorroga&ccedil;&atilde;o, renova&ccedil;&atilde;o ou amplia&ccedil;&atilde;o de incentivo ou benef&iacute;cio de natureza tribut&aacute;ria da qual decorra ren&uacute;ncia de receita, ressalvados os concedidos nos termos da <a href=\"https:\/\/www.planalto.gov.br\/ccivil_03\/Constituicao\/Constituicao.htm#art155%C2%A72xiig\">al&iacute;nea &ldquo;g&rdquo; do inciso XII do &sect; 2&ordm; do art. 155 da Constitui&ccedil;&atilde;o Federal;<\/a><\/li>\n<li style=\"text-align: justify;\">Empenho ou contrata&ccedil;&atilde;o de despesas com publicidade e propaganda, exceto para as &aacute;reas de sa&uacute;de, seguran&ccedil;a, educa&ccedil;&atilde;o e outras de demonstrada utilidade p&uacute;blica;<\/li>\n<li style=\"text-align: justify;\">Celebra&ccedil;&atilde;o de conv&ecirc;nio, acordo, ajuste ou outros tipos de instrumentos que envolvam transfer&ecirc;ncia para outros entes federativos ou para organiza&ccedil;&otilde;es da sociedade civil, excetuados: aqueles necess&aacute;rios para a recupera&ccedil;&atilde;o fiscal, a renova&ccedil;&atilde;o daqueles j&aacute; vigentes, dos realizados em parceira com organiza&ccedil;&otilde;es sociais e que impliquem redu&ccedil;&atilde;o de despesa, comprovada pelo Conselho de Supervis&atilde;o de que trata o art. 6&ordm; da Lei Complementar n&ordm; 159\/2017, e os destinados a servi&ccedil;os essenciais, a situa&ccedil;&otilde;es emergenciais, a atividades de assist&ecirc;ncia social relativas a a&ccedil;&otilde;es voltadas para pessoas com defici&ecirc;ncia, idosos e mulheres jovens em situa&ccedil;&atilde;o de risco e, suplementarmente, ao cumprimento de limites constitucionais;<\/li>\n<li style=\"text-align: justify;\">Contrata&ccedil;&atilde;o de opera&ccedil;&otilde;es de cr&eacute;dito e recebimento ou concess&atilde;o de garantia, ressalvadas aquelas autorizadas no &acirc;mbito do Regime de Recupera&ccedil;&atilde;o Fiscal, na forma estabelecida pelo art. 11;<\/li>\n<li style=\"text-align: justify;\">Altera&ccedil;&atilde;o de al&iacute;quotas ou bases de c&aacute;lculo de tributos que implique redu&ccedil;&atilde;o da arrecada&ccedil;&atilde;o;<\/li>\n<li style=\"text-align: justify;\">Cria&ccedil;&atilde;o ou majora&ccedil;&atilde;o de vincula&ccedil;&atilde;o de receitas p&uacute;blicas de qualquer natureza;<\/li>\n<li style=\"text-align: justify;\">Propositura de a&ccedil;&atilde;o judicial para discutir a d&iacute;vida ou o contrato citado nos incisos I e II do art. 9&ordm; da Lei Complementar n&ordm; 159\/2017; e<\/li>\n<li style=\"text-align: justify;\">A vincula&ccedil;&atilde;o de receitas de impostos em &aacute;reas diversas das previstas na <a href=\"https:\/\/www.planalto.gov.br\/ccivil_03\/Constituicao\/Constituicao.htm\">Constitui&ccedil;&atilde;o Federal<\/a>.<\/li>\n<\/ul>\n<p style=\"text-align: justify;\">Essas veda&ccedil;&otilde;es poder&atilde;o ser objeto de compensa&ccedil;&atilde;o pr&eacute;via ou afastadas, desde que previsto expressamente no Plano de Recupera&ccedil;&atilde;o Fiscal (PRF), como foi realizado no PRF de Goi&aacute;s. Assim, o objetivo principal do RRF &eacute; assegurar que, ao t&eacute;rmino do Regime, as contas do Estado estejam equilibradas, e n&atilde;o penalizar a sociedade ou os servidores p&uacute;blicos que, desde que expressamente ressalvadas no Plano de Recupera&ccedil;&atilde;o Fiscal, ter&atilde;o direito &agrave;s suas promo&ccedil;&otilde;es e progress&otilde;es. Ser&aacute; poss&iacute;vel, ainda, a realiza&ccedil;&atilde;o de concursos p&uacute;blicos e conv&ecirc;nios com os munic&iacute;pios.<\/p>\n<ul class='post-meta'>\n<li><span class='post-meta-key'>tpg-post-view-count:<\/span> 183<\/li>\n<li><span class='post-meta-key'>rank_math_analytic_object_id:<\/span> 1832<\/li>\n<\/ul>\n<\/div><\/div>\n\t\t\t\t\t\t<\/div>\n\t\t\t\t<\/div>\n\t\t<div class=\"elementor-element elementor-element-e7984cc e-con-full e-flex e-con e-child\" data-id=\"e7984cc\" data-element_type=\"container\" data-e-type=\"container\">\n\t\t\t\t<div class=\"elementor-element elementor-element-f111efb elementor-widget elementor-widget-heading\" data-id=\"f111efb\" data-element_type=\"widget\" data-e-type=\"widget\" data-widget_type=\"heading.default\">\n\t\t\t\t\t<h3 class=\"elementor-heading-title elementor-size-default\">REGIME DE RECUPERA\u00c7\u00c3O FISCAL<\/h3>\t\t\t\t<\/div>\n\t\t\t\t<div class=\"elementor-element elementor-element-c04ef57 elementor-align-justify elementor-widget elementor-widget-button\" data-id=\"c04ef57\" data-element_type=\"widget\" data-e-type=\"widget\" data-widget_type=\"button.default\">\n\t\t\t\t\t\t\t\t\t\t<a class=\"elementor-button elementor-button-link elementor-size-sm\" href=\"\/economia\/legislacao-relacionada\/\" target=\"_blank\">\n\t\t\t\t\t\t<span class=\"elementor-button-content-wrapper\">\n\t\t\t\t\t\t\t\t\t<span class=\"elementor-button-text\">Legisla\u00e7\u00e3o Relacionada<\/span>\n\t\t\t\t\t<\/span>\n\t\t\t\t\t<\/a>\n\t\t\t\t\t\t\t\t<\/div>\n\t\t\t\t<div class=\"elementor-element elementor-element-f4921db elementor-align-justify elementor-widget elementor-widget-button\" data-id=\"f4921db\" data-element_type=\"widget\" data-e-type=\"widget\" data-widget_type=\"button.default\">\n\t\t\t\t\t\t\t\t\t\t<a class=\"elementor-button elementor-button-link elementor-size-sm\" href=\"\/economia\/instrumentos-de-recuperacao-fiscal\/\" target=\"_blank\">\n\t\t\t\t\t\t<span class=\"elementor-button-content-wrapper\">\n\t\t\t\t\t\t\t\t\t<span class=\"elementor-button-text\">Instrumentos de Recupera\u00e7\u00e3o Fiscal<\/span>\n\t\t\t\t\t<\/span>\n\t\t\t\t\t<\/a>\n\t\t\t\t\t\t\t\t<\/div>\n\t\t\t\t<div class=\"elementor-element elementor-element-eb2d4bf elementor-align-justify elementor-widget elementor-widget-button\" data-id=\"eb2d4bf\" data-element_type=\"widget\" data-e-type=\"widget\" data-widget_type=\"button.default\">\n\t\t\t\t\t\t\t\t\t\t<a class=\"elementor-button elementor-button-link elementor-size-sm\" href=\"\/economia\/deveres-do-estado\/\" target=\"_blank\">\n\t\t\t\t\t\t<span class=\"elementor-button-content-wrapper\">\n\t\t\t\t\t\t\t\t\t<span class=\"elementor-button-text\">Deveres do Estado<\/span>\n\t\t\t\t\t<\/span>\n\t\t\t\t\t<\/a>\n\t\t\t\t\t\t\t\t<\/div>\n\t\t\t\t<div class=\"elementor-element elementor-element-d12647f elementor-align-justify elementor-widget elementor-widget-button\" data-id=\"d12647f\" data-element_type=\"widget\" data-e-type=\"widget\" data-widget_type=\"button.default\">\n\t\t\t\t\t\t\t\t\t\t<a class=\"elementor-button elementor-button-link elementor-size-sm\" href=\"\/economia\/contexto-judicial-e-administrativo-percorrido\/\" target=\"_blank\">\n\t\t\t\t\t\t<span class=\"elementor-button-content-wrapper\">\n\t\t\t\t\t\t\t\t\t<span class=\"elementor-button-text\">Contexto Judicial e Administrativo Percorrido<\/span>\n\t\t\t\t\t<\/span>\n\t\t\t\t\t<\/a>\n\t\t\t\t\t\t\t\t<\/div>\n\t\t\t\t<div class=\"elementor-element elementor-element-ff79749 elementor-align-justify elementor-widget elementor-widget-button\" data-id=\"ff79749\" data-element_type=\"widget\" data-e-type=\"widget\" data-widget_type=\"button.default\">\n\t\t\t\t\t\t\t\t\t\t<a class=\"elementor-button elementor-button-link elementor-size-sm\" href=\"\/economia\/composicao-do-plano-de-recuperacao-fiscal\/\" target=\"_blank\">\n\t\t\t\t\t\t<span class=\"elementor-button-content-wrapper\">\n\t\t\t\t\t\t\t\t\t<span class=\"elementor-button-text\">Plano de Recupera\u00e7\u00e3o Fiscal<\/span>\n\t\t\t\t\t<\/span>\n\t\t\t\t\t<\/a>\n\t\t\t\t\t\t\t\t<\/div>\n\t\t\t\t<div class=\"elementor-element elementor-element-338eda2 elementor-align-justify elementor-widget elementor-widget-button\" data-id=\"338eda2\" data-element_type=\"widget\" data-e-type=\"widget\" data-widget_type=\"button.default\">\n\t\t\t\t\t\t\t\t\t\t<a class=\"elementor-button elementor-button-link elementor-size-sm\" href=\"https:\/\/goias.gov.br\/economia\/?page_id=56821\" target=\"_blank\">\n\t\t\t\t\t\t<span class=\"elementor-button-content-wrapper\">\n\t\t\t\t\t\t\t\t\t<span class=\"elementor-button-text\">Novo Plano de Recupera\u00e7\u00e3o Fiscal<\/span>\n\t\t\t\t\t<\/span>\n\t\t\t\t\t<\/a>\n\t\t\t\t\t\t\t\t<\/div>\n\t\t\t\t<div class=\"elementor-element elementor-element-8000bc3 elementor-align-justify elementor-widget elementor-widget-button\" data-id=\"8000bc3\" data-element_type=\"widget\" data-e-type=\"widget\" data-widget_type=\"button.default\">\n\t\t\t\t\t\t\t\t\t\t<a class=\"elementor-button elementor-button-link elementor-size-sm\" href=\"https:\/\/goias.gov.br\/economia\/documentos-relacionados-ao-acompanhamento-do-prf-de-goias\/\" target=\"_blank\">\n\t\t\t\t\t\t<span class=\"elementor-button-content-wrapper\">\n\t\t\t\t\t\t\t\t\t<span class=\"elementor-button-text\">Acompanhamento do PRF<\/span>\n\t\t\t\t\t<\/span>\n\t\t\t\t\t<\/a>\n\t\t\t\t\t\t\t\t<\/div>\n\t\t\t\t<div class=\"elementor-element elementor-element-39f2dbb elementor-align-justify elementor-widget elementor-widget-button\" data-id=\"39f2dbb\" data-element_type=\"widget\" data-e-type=\"widget\" data-widget_type=\"button.default\">\n\t\t\t\t\t\t\t\t\t\t<a class=\"elementor-button elementor-button-link elementor-size-sm\" href=\"\/economia\/rrf-perguntas-frequentes\/\" target=\"_blank\">\n\t\t\t\t\t\t<span class=\"elementor-button-content-wrapper\">\n\t\t\t\t\t\t\t\t\t<span class=\"elementor-button-text\">Perguntas Frequentes<\/span>\n\t\t\t\t\t<\/span>\n\t\t\t\t\t<\/a>\n\t\t\t\t\t\t\t\t<\/div>\n\t\t\t\t<div class=\"elementor-element elementor-element-9d128d8 elementor-align-justify elementor-widget elementor-widget-button\" data-id=\"9d128d8\" data-element_type=\"widget\" data-e-type=\"widget\" data-widget_type=\"button.default\">\n\t\t\t\t\t\t\t\t\t\t<a class=\"elementor-button elementor-button-link elementor-size-sm\" href=\"\/economia\/paineis-de-acompanhamento-rrf-2\/\" target=\"_blank\">\n\t\t\t\t\t\t<span class=\"elementor-button-content-wrapper\">\n\t\t\t\t\t\t\t\t\t<span class=\"elementor-button-text\">Pain\u00e9is de Acompanhamento<\/span>\n\t\t\t\t\t<\/span>\n\t\t\t\t\t<\/a>\n\t\t\t\t\t\t\t\t<\/div>\n\t\t\t\t<\/div>\n\t\t\t\t\t<\/div>\n\t\t\t\t<\/div>\n\t\t\t\t<\/div>\n\t\t","protected":false},"excerpt":{"rendered":"<p>REGIME DE RECUPERA\u00c7\u00c3O FISCAL Legisla\u00e7\u00e3o Relacionada Instrumentos de Recupera\u00e7\u00e3o Fiscal Deveres do Estado Contexto Judicial e Administrativo Percorrido Plano de Recupera\u00e7\u00e3o Fiscal Novo Plano de Recupera\u00e7\u00e3o Fiscal Acompanhamento do PRF Perguntas Frequentes Pain\u00e9is de Acompanhamento<\/p>\n","protected":false},"author":1,"featured_media":0,"parent":0,"menu_order":0,"comment_status":"closed","ping_status":"closed","template":"elementor_header_footer","meta":{"footnotes":""},"class_list":["post-19294","page","type-page","status-publish","hentry"],"rttpg_featured_image_url":null,"rttpg_author":{"display_name":"wagner.viana","author_link":"https:\/\/goias.gov.br\/economia\/author\/wagner-viana\/"},"rttpg_comment":0,"rttpg_category":"","rttpg_excerpt":"REGIME DE RECUPERA\u00c7\u00c3O FISCAL Legisla\u00e7\u00e3o Relacionada Instrumentos de Recupera\u00e7\u00e3o Fiscal Deveres do Estado Contexto Judicial e Administrativo Percorrido Plano de Recupera\u00e7\u00e3o Fiscal Novo Plano de Recupera\u00e7\u00e3o Fiscal Acompanhamento do PRF Perguntas Frequentes Pain\u00e9is de Acompanhamento","_links":{"self":[{"href":"https:\/\/goias.gov.br\/economia\/wp-json\/wp\/v2\/pages\/19294","targetHints":{"allow":["GET"]}}],"collection":[{"href":"https:\/\/goias.gov.br\/economia\/wp-json\/wp\/v2\/pages"}],"about":[{"href":"https:\/\/goias.gov.br\/economia\/wp-json\/wp\/v2\/types\/page"}],"author":[{"embeddable":true,"href":"https:\/\/goias.gov.br\/economia\/wp-json\/wp\/v2\/users\/1"}],"replies":[{"embeddable":true,"href":"https:\/\/goias.gov.br\/economia\/wp-json\/wp\/v2\/comments?post=19294"}],"version-history":[{"count":2,"href":"https:\/\/goias.gov.br\/economia\/wp-json\/wp\/v2\/pages\/19294\/revisions"}],"predecessor-version":[{"id":435893,"href":"https:\/\/goias.gov.br\/economia\/wp-json\/wp\/v2\/pages\/19294\/revisions\/435893"}],"wp:attachment":[{"href":"https:\/\/goias.gov.br\/economia\/wp-json\/wp\/v2\/media?parent=19294"}],"curies":[{"name":"wp","href":"https:\/\/api.w.org\/{rel}","templated":true}]}}