

{"id":19292,"date":"2023-07-25T11:04:23","date_gmt":"2023-07-25T14:04:23","guid":{"rendered":"https:\/\/wwwdesenv.joomlamultidesenv.go.gov.br\/economia\/?page_id=9839"},"modified":"2026-02-26T15:35:04","modified_gmt":"2026-02-26T18:35:04","slug":"legislacao","status":"publish","type":"page","link":"https:\/\/goias.gov.br\/economia\/legislacao\/","title":{"rendered":"Legisla\u00e7\u00e3o"},"content":{"rendered":"\t\t<div data-elementor-type=\"wp-page\" data-elementor-id=\"19292\" class=\"elementor elementor-19292\">\n\t\t\t\t<div class=\"elementor-element elementor-element-27c3675 e-flex e-con-boxed e-con e-parent\" data-id=\"27c3675\" data-element_type=\"container\" data-e-type=\"container\">\n\t\t\t\t\t<div class=\"e-con-inner\">\n\t\t<div class=\"elementor-element elementor-element-e5c695e e-con-full e-flex e-con e-child\" data-id=\"e5c695e\" data-element_type=\"container\" data-e-type=\"container\">\n\t\t\t\t<div class=\"elementor-element elementor-element-c6a7c21 elementor-widget elementor-widget-heading\" data-id=\"c6a7c21\" data-element_type=\"widget\" data-e-type=\"widget\" data-widget_type=\"heading.default\">\n\t\t\t\t\t<h2 class=\"elementor-heading-title elementor-size-default\">Legisla\u00e7\u00e3o Tribut\u00e1ria<\/h2>\t\t\t\t<\/div>\n\t\t\t\t<div class=\"elementor-element elementor-element-11a5c2a elementor-widget elementor-widget-text-editor\" data-id=\"11a5c2a\" data-element_type=\"widget\" data-e-type=\"widget\" data-widget_type=\"text-editor.default\">\n\t\t\t\t\t\t\t\t\t<p>Conhe\u00e7a as Legisla\u00e7\u00f5es, portarias, instru\u00e7\u00f5es normativas e normativas sobre a atua\u00e7\u00e3o tribut\u00e1ria.\u00a0<\/p>\t\t\t\t\t\t\t\t<\/div>\n\t\t\t\t<div class=\"elementor-element elementor-element-a56fc8b elementor-align-justify elementor-widget elementor-widget-button\" data-id=\"a56fc8b\" data-element_type=\"widget\" data-e-type=\"widget\" data-widget_type=\"button.default\">\n\t\t\t\t\t\t\t\t\t\t<a class=\"elementor-button elementor-button-link elementor-size-sm\" href=\"\/economia\/legislacao-tributaria\/\">\n\t\t\t\t\t\t<span class=\"elementor-button-content-wrapper\">\n\t\t\t\t\t\t\t\t\t<span class=\"elementor-button-text\">Acesse aqui a LEGISLA\u00c7\u00c3O TRIBUT\u00c1RIA  LTE<\/span>\n\t\t\t\t\t<\/span>\n\t\t\t\t\t<\/a>\n\t\t\t\t\t\t\t\t<\/div>\n\t\t\t\t<\/div>\n\t\t<div class=\"elementor-element elementor-element-1f4e61b e-con-full e-flex e-con e-child\" data-id=\"1f4e61b\" data-element_type=\"container\" data-e-type=\"container\">\n\t\t\t\t<div class=\"elementor-element elementor-element-724ebf4 elementor-widget elementor-widget-heading\" data-id=\"724ebf4\" data-element_type=\"widget\" data-e-type=\"widget\" data-widget_type=\"heading.default\">\n\t\t\t\t\t<h2 class=\"elementor-heading-title elementor-size-default\">Legisla\u00e7\u00e3o - Finan\u00e7as\n<\/h2>\t\t\t\t<\/div>\n\t\t\t\t<div class=\"elementor-element elementor-element-a7c4ac8 elementor-widget elementor-widget-text-editor\" data-id=\"a7c4ac8\" data-element_type=\"widget\" data-e-type=\"widget\" data-widget_type=\"text-editor.default\">\n\t\t\t\t\t\t\t\t\t<p>Conhe\u00e7a as Legisla\u00e7\u00f5es, portarias e instru\u00e7\u00f5es normativas sobre\u00a0o\u00a0<strong>planejamento, or\u00e7amento e atua\u00e7\u00e3o financeira\u00a0<\/strong>da Economia.<\/p>\t\t\t\t\t\t\t\t<\/div>\n\t\t\t\t<div class=\"elementor-element elementor-element-9061d0a elementor-align-justify elementor-widget elementor-widget-button\" data-id=\"9061d0a\" data-element_type=\"widget\" data-e-type=\"widget\" data-widget_type=\"button.default\">\n\t\t\t\t\t\t\t\t\t\t<a class=\"elementor-button elementor-button-link elementor-size-sm\" href=\"\/economia\/legislacao-financas\/\">\n\t\t\t\t\t\t<span class=\"elementor-button-content-wrapper\">\n\t\t\t\t\t\t\t\t\t<span class=\"elementor-button-text\">Legisla\u00e7\u00e3o - Finan\u00e7as, Or\u00e7amento e Planejamento<\/span>\n\t\t\t\t\t<\/span>\n\t\t\t\t\t<\/a>\n\t\t\t\t\t\t\t\t<\/div>\n\t\t\t\t<\/div>\n\t\t<div class=\"elementor-element elementor-element-b148136 e-con-full e-flex e-con e-child\" data-id=\"b148136\" data-element_type=\"container\" data-e-type=\"container\">\n\t\t\t\t<div class=\"elementor-element elementor-element-a23aad0 elementor-widget elementor-widget-heading\" data-id=\"a23aad0\" data-element_type=\"widget\" data-e-type=\"widget\" data-widget_type=\"heading.default\">\n\t\t\t\t\t<h2 class=\"elementor-heading-title elementor-size-default\">Legisla\u00e7\u00e3o - Servidor\n<\/h2>\t\t\t\t<\/div>\n\t\t\t\t<div class=\"elementor-element elementor-element-c4ad9dd elementor-widget elementor-widget-text-editor\" data-id=\"c4ad9dd\" data-element_type=\"widget\" data-e-type=\"widget\" data-widget_type=\"text-editor.default\">\n\t\t\t\t\t\t\t\t\t<p>Conhe\u00e7a as normas, direitos e deveres dos servidores da Secretaria de Estado da Economia\u00a0bem como o regulamento do \u00f3rg\u00e3o.<\/p>\t\t\t\t\t\t\t\t<\/div>\n\t\t\t\t<div class=\"elementor-element elementor-element-976beb0 elementor-align-justify elementor-widget elementor-widget-button\" data-id=\"976beb0\" data-element_type=\"widget\" data-e-type=\"widget\" data-widget_type=\"button.default\">\n\t\t\t\t\t\t\t\t\t\t<a class=\"elementor-button elementor-button-link elementor-size-sm\" href=\"\/economia\/legislacao-servidor\/\">\n\t\t\t\t\t\t<span class=\"elementor-button-content-wrapper\">\n\t\t\t\t\t\t\t\t\t<span class=\"elementor-button-text\">Conhe\u00e7a as Regras que Regem os Servidores da Economia<\/span>\n\t\t\t\t\t<\/span>\n\t\t\t\t\t<\/a>\n\t\t\t\t\t\t\t\t<\/div>\n\t\t\t\t<\/div>\n\t\t<div class=\"elementor-element elementor-element-429a82d e-con-full e-flex e-con e-child\" data-id=\"429a82d\" data-element_type=\"container\" data-e-type=\"container\">\n\t\t\t\t<div class=\"elementor-element elementor-element-17e20f5 elementor-widget elementor-widget-heading\" data-id=\"17e20f5\" data-element_type=\"widget\" data-e-type=\"widget\" data-widget_type=\"heading.default\">\n\t\t\t\t\t<h2 class=\"elementor-heading-title elementor-size-default\">Legisla\u00e7\u00e3o Diversa<\/h2>\t\t\t\t<\/div>\n\t\t\t\t<div class=\"elementor-element elementor-element-6e8c2ea elementor-widget elementor-widget-text-editor\" data-id=\"6e8c2ea\" data-element_type=\"widget\" data-e-type=\"widget\" data-widget_type=\"text-editor.default\">\n\t\t\t\t\t\t\t\t\t<p>Aqui voc\u00ea encontra diversas resolu\u00e7\u00f5es, decretos e portarias correlatas ao \u00e2mbito da Economia.<\/p>\t\t\t\t\t\t\t\t<\/div>\n\t\t\t\t<div class=\"elementor-element elementor-element-72a5f63 elementor-align-justify elementor-widget elementor-widget-button\" data-id=\"72a5f63\" data-element_type=\"widget\" data-e-type=\"widget\" data-widget_type=\"button.default\">\n\t\t\t\t\t\t\t\t\t\t<a class=\"elementor-button elementor-button-link elementor-size-sm\" href=\"\/economia\/legislacao-diversa\/\">\n\t\t\t\t\t\t<span class=\"elementor-button-content-wrapper\">\n\t\t\t\t\t\t\t\t\t<span class=\"elementor-button-text\">Clique aqui e veja a Legisla\u00e7\u00e3o Diversa da Economia<\/span>\n\t\t\t\t\t<\/span>\n\t\t\t\t\t<\/a>\n\t\t\t\t\t\t\t\t<\/div>\n\t\t\t\t<\/div>\n\t\t\t\t\t<\/div>\n\t\t\t\t<\/div>\n\t\t\t\t<\/div>\n\t\t","protected":false},"excerpt":{"rendered":"<p>Legisla\u00e7\u00e3o Tribut\u00e1ria Conhe\u00e7a as Legisla\u00e7\u00f5es, portarias, instru\u00e7\u00f5es normativas e normativas sobre a atua\u00e7\u00e3o tribut\u00e1ria.\u00a0 Acesse aqui a LEGISLA\u00c7\u00c3O TRIBUT\u00c1RIA LTE Legisla\u00e7\u00e3o &#8211; Finan\u00e7as Conhe\u00e7a as Legisla\u00e7\u00f5es, portarias e instru\u00e7\u00f5es normativas sobre\u00a0o\u00a0planejamento, or\u00e7amento e atua\u00e7\u00e3o financeira\u00a0da Economia. Legisla\u00e7\u00e3o &#8211; Finan\u00e7as, Or\u00e7amento e Planejamento Legisla\u00e7\u00e3o &#8211; Servidor Conhe\u00e7a as normas, direitos e deveres dos servidores da Secretaria [&hellip;]<\/p>\n","protected":false},"author":1,"featured_media":0,"parent":0,"menu_order":0,"comment_status":"closed","ping_status":"closed","template":"wppb_theme_template","meta":{"footnotes":""},"class_list":["post-19292","page","type-page","status-publish","hentry"],"rttpg_featured_image_url":null,"rttpg_author":{"display_name":"wagner.viana","author_link":"https:\/\/goias.gov.br\/economia\/author\/wagner-viana\/"},"rttpg_comment":0,"rttpg_category":null,"rttpg_excerpt":"Legisla\u00e7\u00e3o Tribut\u00e1ria Conhe\u00e7a as Legisla\u00e7\u00f5es, portarias, instru\u00e7\u00f5es normativas e normativas sobre a atua\u00e7\u00e3o tribut\u00e1ria.\u00a0 Acesse aqui a LEGISLA\u00c7\u00c3O TRIBUT\u00c1RIA LTE Legisla\u00e7\u00e3o &#8211; Finan\u00e7as Conhe\u00e7a as Legisla\u00e7\u00f5es, portarias e instru\u00e7\u00f5es normativas sobre\u00a0o\u00a0planejamento, or\u00e7amento e atua\u00e7\u00e3o financeira\u00a0da Economia. Legisla\u00e7\u00e3o &#8211; Finan\u00e7as, Or\u00e7amento e Planejamento Legisla\u00e7\u00e3o &#8211; Servidor Conhe\u00e7a as normas, direitos e deveres dos servidores da Secretaria&hellip;","_links":{"self":[{"href":"https:\/\/goias.gov.br\/economia\/wp-json\/wp\/v2\/pages\/19292","targetHints":{"allow":["GET"]}}],"collection":[{"href":"https:\/\/goias.gov.br\/economia\/wp-json\/wp\/v2\/pages"}],"about":[{"href":"https:\/\/goias.gov.br\/economia\/wp-json\/wp\/v2\/types\/page"}],"author":[{"embeddable":true,"href":"https:\/\/goias.gov.br\/economia\/wp-json\/wp\/v2\/users\/1"}],"replies":[{"embeddable":true,"href":"https:\/\/goias.gov.br\/economia\/wp-json\/wp\/v2\/comments?post=19292"}],"version-history":[{"count":2,"href":"https:\/\/goias.gov.br\/economia\/wp-json\/wp\/v2\/pages\/19292\/revisions"}],"predecessor-version":[{"id":418866,"href":"https:\/\/goias.gov.br\/economia\/wp-json\/wp\/v2\/pages\/19292\/revisions\/418866"}],"wp:attachment":[{"href":"https:\/\/goias.gov.br\/economia\/wp-json\/wp\/v2\/media?parent=19292"}],"curies":[{"name":"wp","href":"https:\/\/api.w.org\/{rel}","templated":true}]}}