

{"id":19289,"date":"2023-07-19T16:11:55","date_gmt":"2023-07-19T19:11:55","guid":{"rendered":"https:\/\/wwwdesenv.joomlamultidesenv.go.gov.br\/economia\/?page_id=9830"},"modified":"2026-02-26T15:37:02","modified_gmt":"2026-02-26T18:37:02","slug":"legislacao-relacionada","status":"publish","type":"page","link":"https:\/\/goias.gov.br\/economia\/legislacao-relacionada\/","title":{"rendered":"Legisla\u00e7\u00e3o Relacionada"},"content":{"rendered":"\t\t<div data-elementor-type=\"wp-page\" data-elementor-id=\"19289\" class=\"elementor elementor-19289\">\n\t\t\t\t<div class=\"elementor-element elementor-element-11e00e5 e-flex e-con-boxed e-con e-parent\" data-id=\"11e00e5\" data-element_type=\"container\" data-e-type=\"container\">\n\t\t\t\t\t<div class=\"e-con-inner\">\n\t\t<div class=\"elementor-element elementor-element-b74da81 e-con-full e-flex e-con e-child\" data-id=\"b74da81\" data-element_type=\"container\" data-e-type=\"container\">\n\t\t\t\t<div class=\"elementor-element elementor-element-223598f elementor-widget elementor-widget-shortcode\" data-id=\"223598f\" data-element_type=\"widget\" data-e-type=\"widget\" data-widget_type=\"shortcode.default\">\n\t\t\t\t\t\t\t<div class=\"elementor-shortcode\"><div data-post-id=\"33331\" class=\"insert-page insert-page-33331 \"><h1 class='insert-page-title'>Legisla\u00e7\u00e3o Relacionada<\/h1><ul>\n<li style=\"text-align: justify;\"><a href=\"https:\/\/www.planalto.gov.br\/ccivil_03\/leis\/LCP\/Lcp159.htm\">Lei Complementar 159\/2017<\/a> &#8211; Institui o Regime de Recupera\u00e7\u00e3o Fiscal dos Estados e do Distrito Federal e altera as Leis Complementares 101, de 4 de maio de 2000, e n\u00ba 156, de 28 de dezembro de 2016. Alterada pela <a href=\"https:\/\/www.in.gov.br\/en\/web\/dou\/-\/lei-complementar-n-178-de-13-de-janeiro-de-2021-298911357\" target=\"_blank\" rel=\"noopener\">Lei Complementar 178\/2021<\/a>.<\/li>\n<li style=\"text-align: justify;\"><a href=\"https:\/\/www.in.gov.br\/en\/web\/dou\/-\/lei-complementar-n-178-de-13-de-janeiro-de-2021-298911357\" target=\"_blank\" rel=\"noopener\">Lei Complementar 178\/2021<\/a> &#8211; Estabelece o Programa de Acompanhamento e Transpar\u00eancia Fiscal e o Plano de Promo\u00e7\u00e3o do Equil\u00edbrio Fiscal; altera a Lei Complementar n\u00ba 101, de 4 de maio de 2000, a Lei Complementar n\u00ba 156, de 28 de dezembro de 2016, a Lei Complementar n\u00ba 159, de 19 de maio de 2017, a Lei Complementar n\u00ba 173, de 27 de maio de 2020, a Lei n\u00ba 9.496, de 11 de setembro de 1997, a Lei n\u00ba 12.348, de 15 de dezembro de 2010, a Lei n\u00ba 12.649, de 17 de maio de 2012, e a Medida Provis\u00f3ria n\u00ba 2.185-35, de 24 de agosto de 2001; e d\u00e1 outras provid\u00eancias.<\/li>\n<li><a href=\"https:\/\/legisla.casacivil.go.gov.br\/pesquisa_legislacao\/100714\/lei-20511\">Lei estadual n\u00ba 20.511\/2019<\/a> &#8211; Disp\u00f5e sobre o Plano de Recupera\u00e7\u00e3o Fiscal do Estado de Goi\u00e1s e d\u00e1 outras provid\u00eancias.<\/li>\n<li style=\"text-align: justify;\"><a href=\"https:\/\/www.planalto.gov.br\/ccivil_03\/_Ato2019-2022\/2021\/Decreto\/D10681.htm#:~:text=DECRETO%20N%C2%BA%2010.681%2C%20DE%2020,Estados%20e%20do%20Distrito%20Federal.\" target=\"_self\" rel=\"noopener\">Decreto 10.681\/2021<\/a> &#8211; Regulamenta a Lei Complementar 159, de 19 de maio de 2017, que institui o Regime de Recupera\u00e7\u00e3o Fiscal dos Estados e do Distrito Federal.<\/li>\n<li><a href=\"https:\/\/www.in.gov.br\/web\/dou\/-\/portaria-stn-n-931-de-14-de-julho-de-2021-331874742\">Portaria STN n\u00ba 931\/2021<\/a> &#8211; Regulamenta a elabora\u00e7\u00e3o de Planos de Recupera\u00e7\u00e3o Fiscal para fins de ades\u00e3o ao Regime de que trata a Lei Complementar n\u00ba 159, de 19 de maio de 2017.<\/li>\n<li><a href=\"https:\/\/www.in.gov.br\/en\/web\/dou\/-\/portaria-stn\/mf-n-217-de-15-de-fevereiro-de-2024-543460137\" target=\"_blank\" rel=\"noopener\">Portaria STN n\u00ba 217\/2024<\/a> &#8211; Regulamenta as an\u00e1lises da situa\u00e7\u00e3o fiscal, o Plano de Promo\u00e7\u00e3o do Equil\u00edbrio Fiscal, o Programa de Acompanhamento e Transpar\u00eancia Fiscal, o Programa de Reestrutura\u00e7\u00e3o e de Ajuste Fiscal,\u00a0<b>o Plano de Recupera\u00e7\u00e3o Fisca<\/b>l, as limita\u00e7\u00f5es de despesas, o limite a contratar de opera\u00e7\u00f5es de cr\u00e9dito, os procedimentos quanto ao adimplemento referentes aos financiamentos e aos refinanciamentos concedidos pela Uni\u00e3o, e os procedimentos a serem adotados na an\u00e1lise da capacidade de pagamento e na apura\u00e7\u00e3o da sufici\u00eancia das contragarantias oferecidas.<\/li>\n<li><a href=\"https:\/\/www.in.gov.br\/en\/web\/dou\/-\/portaria-me-n-10.123-de-20-de-agosto-de-2021-340148427\">Portaria ME n\u00ba 10.123\/2021<\/a> &#8211; Disciplina o trabalho dos Conselhos de Supervis\u00e3o dos Regimes de Recupera\u00e7\u00e3o Fiscal, nos termos do disposto no art. 28, inciso I, do Decreto n\u00b0 10.681, de 20 de abril de 2021, e disp\u00f5e sobre a compensa\u00e7\u00e3o prevista no art. 8\u00ba, \u00a7 2\u00ba, inciso I, da Lei Complementar n\u00ba 159, de 19 de maio de 2017.<\/li>\n<li><a href=\"https:\/\/www.in.gov.br\/en\/web\/dou\/-\/portaria-me-n-14.082-de-30-de-novembro-de-2021-363470020\">Portaria ME n\u00ba 14.082\/2021<\/a> &#8211; Cria o Conselho de Supervis\u00e3o do Regime de Recupera\u00e7\u00e3o Fiscal do Estado de Goi\u00e1s e designa seus membros titulares.<\/li>\n<\/ul>\n<ul class='post-meta'>\n<li><span class='post-meta-key'>rank_math_seo_score:<\/span> 10<\/li>\n<li><span class='post-meta-key'>rank_math_primary_category:<\/span> 181<\/li>\n<li><span class='post-meta-key'>tpg-post-view-count:<\/span> 242<\/li>\n<li><span class='post-meta-key'>rank_math_analytic_object_id:<\/span> 1834<\/li>\n<li><span class='post-meta-key'>rank_math_internal_links_processed:<\/span> 1<\/li>\n<\/ul>\n<\/div><\/div>\n\t\t\t\t\t\t<\/div>\n\t\t\t\t<\/div>\n\t\t<div class=\"elementor-element elementor-element-f757b4d e-con-full e-flex e-con e-child\" data-id=\"f757b4d\" data-element_type=\"container\" data-e-type=\"container\">\n\t\t\t\t<div class=\"elementor-element elementor-element-6a4be91 elementor-widget elementor-widget-heading\" data-id=\"6a4be91\" data-element_type=\"widget\" data-e-type=\"widget\" data-widget_type=\"heading.default\">\n\t\t\t\t\t<h3 class=\"elementor-heading-title elementor-size-default\">REGIME DE RECUPERA\u00c7\u00c3O FISCAL<\/h3>\t\t\t\t<\/div>\n\t\t\t\t<div class=\"elementor-element elementor-element-510443b elementor-align-justify elementor-widget elementor-widget-button\" data-id=\"510443b\" data-element_type=\"widget\" data-e-type=\"widget\" data-widget_type=\"button.default\">\n\t\t\t\t\t\t\t\t\t\t<a class=\"elementor-button elementor-button-link elementor-size-sm\" href=\"\/economia\/legislacao-relacionada\/\" target=\"_blank\">\n\t\t\t\t\t\t<span class=\"elementor-button-content-wrapper\">\n\t\t\t\t\t\t\t\t\t<span class=\"elementor-button-text\">Legisla\u00e7\u00e3o Relacionada<\/span>\n\t\t\t\t\t<\/span>\n\t\t\t\t\t<\/a>\n\t\t\t\t\t\t\t\t<\/div>\n\t\t\t\t<div class=\"elementor-element elementor-element-c7afa9b elementor-align-justify elementor-widget elementor-widget-button\" data-id=\"c7afa9b\" data-element_type=\"widget\" data-e-type=\"widget\" data-widget_type=\"button.default\">\n\t\t\t\t\t\t\t\t\t\t<a class=\"elementor-button elementor-button-link elementor-size-sm\" href=\"\/economia\/instrumentos-de-recuperacao-fiscal\/\" target=\"_blank\">\n\t\t\t\t\t\t<span class=\"elementor-button-content-wrapper\">\n\t\t\t\t\t\t\t\t\t<span class=\"elementor-button-text\">Instrumentos de Recupera\u00e7\u00e3o Fiscal<\/span>\n\t\t\t\t\t<\/span>\n\t\t\t\t\t<\/a>\n\t\t\t\t\t\t\t\t<\/div>\n\t\t\t\t<div class=\"elementor-element elementor-element-ecadf6d elementor-align-justify elementor-widget elementor-widget-button\" data-id=\"ecadf6d\" data-element_type=\"widget\" data-e-type=\"widget\" data-widget_type=\"button.default\">\n\t\t\t\t\t\t\t\t\t\t<a class=\"elementor-button elementor-button-link elementor-size-sm\" href=\"\/economia\/deveres-do-estado\/\" target=\"_blank\">\n\t\t\t\t\t\t<span class=\"elementor-button-content-wrapper\">\n\t\t\t\t\t\t\t\t\t<span class=\"elementor-button-text\">Deveres do Estado<\/span>\n\t\t\t\t\t<\/span>\n\t\t\t\t\t<\/a>\n\t\t\t\t\t\t\t\t<\/div>\n\t\t\t\t<div class=\"elementor-element elementor-element-d2fc4a6 elementor-align-justify elementor-widget elementor-widget-button\" data-id=\"d2fc4a6\" data-element_type=\"widget\" data-e-type=\"widget\" data-widget_type=\"button.default\">\n\t\t\t\t\t\t\t\t\t\t<a class=\"elementor-button elementor-button-link elementor-size-sm\" href=\"\/economia\/contexto-judicial-e-administrativo-percorrido\/\" target=\"_blank\">\n\t\t\t\t\t\t<span class=\"elementor-button-content-wrapper\">\n\t\t\t\t\t\t\t\t\t<span class=\"elementor-button-text\">Contexto Judicial e Administrativo Percorrido<\/span>\n\t\t\t\t\t<\/span>\n\t\t\t\t\t<\/a>\n\t\t\t\t\t\t\t\t<\/div>\n\t\t\t\t<div class=\"elementor-element elementor-element-eeb8282 elementor-align-justify elementor-widget elementor-widget-button\" data-id=\"eeb8282\" data-element_type=\"widget\" data-e-type=\"widget\" data-widget_type=\"button.default\">\n\t\t\t\t\t\t\t\t\t\t<a class=\"elementor-button elementor-button-link elementor-size-sm\" href=\"\/economia\/composicao-do-plano-de-recuperacao-fiscal\/\" target=\"_blank\">\n\t\t\t\t\t\t<span class=\"elementor-button-content-wrapper\">\n\t\t\t\t\t\t\t\t\t<span class=\"elementor-button-text\">Plano de Recupera\u00e7\u00e3o Fiscal<\/span>\n\t\t\t\t\t<\/span>\n\t\t\t\t\t<\/a>\n\t\t\t\t\t\t\t\t<\/div>\n\t\t\t\t<div class=\"elementor-element elementor-element-010003d elementor-align-justify elementor-widget elementor-widget-button\" data-id=\"010003d\" data-element_type=\"widget\" data-e-type=\"widget\" data-widget_type=\"button.default\">\n\t\t\t\t\t\t\t\t\t\t<a class=\"elementor-button elementor-button-link elementor-size-sm\" href=\"https:\/\/goias.gov.br\/economia\/atualizacao-do-plano-de-recuperacao-fiscal\/\" target=\"_blank\">\n\t\t\t\t\t\t<span class=\"elementor-button-content-wrapper\">\n\t\t\t\t\t\t\t\t\t<span class=\"elementor-button-text\">Novo Plano de Recupera\u00e7\u00e3o Fiscal<\/span>\n\t\t\t\t\t<\/span>\n\t\t\t\t\t<\/a>\n\t\t\t\t\t\t\t\t<\/div>\n\t\t\t\t<div class=\"elementor-element elementor-element-b20aa42 elementor-align-justify elementor-widget elementor-widget-button\" data-id=\"b20aa42\" data-element_type=\"widget\" data-e-type=\"widget\" data-widget_type=\"button.default\">\n\t\t\t\t\t\t\t\t\t\t<a class=\"elementor-button elementor-button-link elementor-size-sm\" href=\"https:\/\/goias.gov.br\/economia\/documentos-relacionados-ao-acompanhamento-do-prf-de-goias\/\" target=\"_blank\">\n\t\t\t\t\t\t<span class=\"elementor-button-content-wrapper\">\n\t\t\t\t\t\t\t\t\t<span class=\"elementor-button-text\">Acompanhamento do PRF<\/span>\n\t\t\t\t\t<\/span>\n\t\t\t\t\t<\/a>\n\t\t\t\t\t\t\t\t<\/div>\n\t\t\t\t<div class=\"elementor-element elementor-element-1c8ae8e elementor-align-justify elementor-widget elementor-widget-button\" data-id=\"1c8ae8e\" data-element_type=\"widget\" data-e-type=\"widget\" data-widget_type=\"button.default\">\n\t\t\t\t\t\t\t\t\t\t<a class=\"elementor-button elementor-button-link elementor-size-sm\" href=\"\/economia\/rrf-perguntas-frequentes\/\" target=\"_blank\">\n\t\t\t\t\t\t<span class=\"elementor-button-content-wrapper\">\n\t\t\t\t\t\t\t\t\t<span class=\"elementor-button-text\">Perguntas Frequentes<\/span>\n\t\t\t\t\t<\/span>\n\t\t\t\t\t<\/a>\n\t\t\t\t\t\t\t\t<\/div>\n\t\t\t\t<div class=\"elementor-element elementor-element-b9f6de7 elementor-align-justify elementor-widget elementor-widget-button\" data-id=\"b9f6de7\" data-element_type=\"widget\" data-e-type=\"widget\" data-widget_type=\"button.default\">\n\t\t\t\t\t\t\t\t\t\t<a class=\"elementor-button elementor-button-link elementor-size-sm\" href=\"\/economia\/paineis-de-acompanhamento-rrf-2\/\" target=\"_blank\">\n\t\t\t\t\t\t<span class=\"elementor-button-content-wrapper\">\n\t\t\t\t\t\t\t\t\t<span class=\"elementor-button-text\">Pain\u00e9is de Acompanhamento<\/span>\n\t\t\t\t\t<\/span>\n\t\t\t\t\t<\/a>\n\t\t\t\t\t\t\t\t<\/div>\n\t\t\t\t<\/div>\n\t\t\t\t\t<\/div>\n\t\t\t\t<\/div>\n\t\t\t\t<\/div>\n\t\t","protected":false},"excerpt":{"rendered":"<p>REGIME DE RECUPERA\u00c7\u00c3O FISCAL Legisla\u00e7\u00e3o Relacionada Instrumentos de Recupera\u00e7\u00e3o Fiscal Deveres do Estado Contexto Judicial e Administrativo Percorrido Plano de Recupera\u00e7\u00e3o Fiscal Novo Plano de Recupera\u00e7\u00e3o Fiscal Acompanhamento do PRF Perguntas Frequentes Pain\u00e9is de Acompanhamento<\/p>\n","protected":false},"author":1,"featured_media":0,"parent":0,"menu_order":0,"comment_status":"closed","ping_status":"closed","template":"wppb_theme_template","meta":{"footnotes":""},"class_list":["post-19289","page","type-page","status-publish","hentry"],"rttpg_featured_image_url":null,"rttpg_author":{"display_name":"wagner.viana","author_link":"https:\/\/goias.gov.br\/economia\/author\/wagner-viana\/"},"rttpg_comment":0,"rttpg_category":"","rttpg_excerpt":"REGIME DE RECUPERA\u00c7\u00c3O FISCAL Legisla\u00e7\u00e3o Relacionada Instrumentos de Recupera\u00e7\u00e3o Fiscal Deveres do Estado Contexto Judicial e Administrativo Percorrido Plano de Recupera\u00e7\u00e3o Fiscal Novo Plano de Recupera\u00e7\u00e3o Fiscal Acompanhamento do PRF Perguntas Frequentes Pain\u00e9is de Acompanhamento","_links":{"self":[{"href":"https:\/\/goias.gov.br\/economia\/wp-json\/wp\/v2\/pages\/19289","targetHints":{"allow":["GET"]}}],"collection":[{"href":"https:\/\/goias.gov.br\/economia\/wp-json\/wp\/v2\/pages"}],"about":[{"href":"https:\/\/goias.gov.br\/economia\/wp-json\/wp\/v2\/types\/page"}],"author":[{"embeddable":true,"href":"https:\/\/goias.gov.br\/economia\/wp-json\/wp\/v2\/users\/1"}],"replies":[{"embeddable":true,"href":"https:\/\/goias.gov.br\/economia\/wp-json\/wp\/v2\/comments?post=19289"}],"version-history":[{"count":2,"href":"https:\/\/goias.gov.br\/economia\/wp-json\/wp\/v2\/pages\/19289\/revisions"}],"predecessor-version":[{"id":418910,"href":"https:\/\/goias.gov.br\/economia\/wp-json\/wp\/v2\/pages\/19289\/revisions\/418910"}],"wp:attachment":[{"href":"https:\/\/goias.gov.br\/economia\/wp-json\/wp\/v2\/media?parent=19289"}],"curies":[{"name":"wp","href":"https:\/\/api.w.org\/{rel}","templated":true}]}}