

{"id":19287,"date":"2023-07-19T12:53:16","date_gmt":"2023-07-19T15:53:16","guid":{"rendered":"https:\/\/wwwdesenv.joomlamultidesenv.go.gov.br\/economia\/?page_id=9825"},"modified":"2026-02-26T11:08:59","modified_gmt":"2026-02-26T14:08:59","slug":"cadin-estadual","status":"publish","type":"page","link":"https:\/\/goias.gov.br\/economia\/cadin-estadual\/","title":{"rendered":"CADIN Estadual"},"content":{"rendered":"\t\t<div data-elementor-type=\"wp-page\" data-elementor-id=\"19287\" class=\"elementor elementor-19287\">\n\t\t\t\t<div class=\"elementor-element elementor-element-92db12b e-flex e-con-boxed e-con e-parent\" data-id=\"92db12b\" data-element_type=\"container\" data-e-type=\"container\">\n\t\t\t\t\t<div class=\"e-con-inner\">\n\t\t<div class=\"elementor-element elementor-element-fcb9e74 e-con-full e-flex e-con e-child\" data-id=\"fcb9e74\" data-element_type=\"container\" data-e-type=\"container\">\n\t\t\t\t<div class=\"elementor-element elementor-element-0908caa elementor-widget elementor-widget-shortcode\" data-id=\"0908caa\" data-element_type=\"widget\" data-e-type=\"widget\" data-widget_type=\"shortcode.default\">\n\t\t\t\t\t\t\t<div class=\"elementor-shortcode\"><div data-post-id=\"25267\" class=\"insert-page insert-page-25267 \"><h1 class='insert-page-title'>CADIN Estadual<\/h1><p>O Cadastro&nbsp;Informativo dos Cr&eacute;ditos n&atilde;o Quitados de &Oacute;rg&atilde;os e Entidades Estaduais (CADIN ESTADUAL) registra o nome das pessoas f&iacute;sicas e jur&iacute;dicas que possuem pend&ecirc;ncias com os &oacute;rg&atilde;os e entidades da Administra&ccedil;&atilde;o P&uacute;blica Estadual, direta e indireta. Foi&nbsp;Instituido pela&nbsp;<a href=\"https:\/\/www.gabinetecivil.go.gov.br\/pagina_leis.php?id=21629\" target=\"_blank\" rel=\"noopener\">Lei n&ordm; 19.754\/2017<\/a>&nbsp;e regulamentado pelo&nbsp;<a href=\"https:\/\/www.gabinetecivil.go.gov.br\/pagina_decretos.php?id=17662\" target=\"_blank\" rel=\"noopener\">Decreto N&ordm; 9.142\/2018<\/a>,<\/p>\n<p>O CADIN ESTADUAL cont&eacute;m a rela&ccedil;&atilde;o de pessoas f&iacute;sicas e jur&iacute;dicas que:<\/p>\n<ol start=\"1\">\n<li>sejam respons&aacute;veis por obriga&ccedil;&otilde;es pecuni&aacute;rias vencidas e n&atilde;o pagas, em rela&ccedil;&atilde;o aos &oacute;rg&atilde;os e &agrave;s entidades da Administra&ccedil;&atilde;o direta e indireta de quaisquer dos Poderes, Minist&eacute;rio P&uacute;blico, Tribunais de Contas e Defensoria P&uacute;blica, inclu&iacute;das ainda as autarquias, funda&ccedil;&otilde;es de direito p&uacute;blico, empresas p&uacute;blicas, sociedade de economia mista e funda&ccedil;&otilde;es de direito privado;<\/li>\n<li>n&atilde;o tenham prestado contas exig&iacute;veis em raz&atilde;o de disposi&ccedil;&atilde;o legal,&nbsp;cl&aacute;usula de conv&ecirc;nio, acordo ou contrato, ou que as tenham tido como rejeitadas;<\/li>\n<\/ol>\n<ul class='post-meta'>\n<li><span class='post-meta-key'>tpg-post-view-count:<\/span> 1151<\/li>\n<li><span class='post-meta-key'>rank_math_analytic_object_id:<\/span> 3943<\/li>\n<\/ul>\n<\/div><\/div>\n\t\t\t\t\t\t<\/div>\n\t\t\t\t<\/div>\n\t\t<div class=\"elementor-element elementor-element-37a0f8d e-con-full e-flex e-con e-child\" data-id=\"37a0f8d\" data-element_type=\"container\" data-e-type=\"container\">\n\t\t\t\t<div class=\"elementor-element elementor-element-61eec18 elementor-widget elementor-widget-heading\" data-id=\"61eec18\" data-element_type=\"widget\" data-e-type=\"widget\" data-widget_type=\"heading.default\">\n\t\t\t\t\t<h3 class=\"elementor-heading-title elementor-size-default\">CADIN - Servi\u00e7os<\/h3>\t\t\t\t<\/div>\n\t\t\t\t<div class=\"elementor-element elementor-element-fd3e539 elementor-align-justify elementor-widget elementor-widget-button\" data-id=\"fd3e539\" data-element_type=\"widget\" data-e-type=\"widget\" data-widget_type=\"button.default\">\n\t\t\t\t\t\t\t\t\t\t<a class=\"elementor-button elementor-button-link elementor-size-sm\" href=\"https:\/\/cdn-consultas.sefaz.go.gov.br\/cdn-consultas\/pendencia\" target=\"_blank\">\n\t\t\t\t\t\t<span class=\"elementor-button-content-wrapper\">\n\t\t\t\t\t\t\t\t\t<span class=\"elementor-button-text\">Consultar Pend\u00eancias<\/span>\n\t\t\t\t\t<\/span>\n\t\t\t\t\t<\/a>\n\t\t\t\t\t\t\t\t<\/div>\n\t\t\t\t<div class=\"elementor-element elementor-element-dc6df24 elementor-align-justify elementor-widget elementor-widget-button\" data-id=\"dc6df24\" data-element_type=\"widget\" data-e-type=\"widget\" data-widget_type=\"button.default\">\n\t\t\t\t\t\t\t\t\t\t<a class=\"elementor-button elementor-button-link elementor-size-sm\" href=\"https:\/\/cdn-consultas.sefaz.go.gov.br\/cdn-consultas\/declaracao\" target=\"_blank\">\n\t\t\t\t\t\t<span class=\"elementor-button-content-wrapper\">\n\t\t\t\t\t\t\t\t\t<span class=\"elementor-button-text\">Validar Documento de Declara\u00e7\u00e3o<\/span>\n\t\t\t\t\t<\/span>\n\t\t\t\t\t<\/a>\n\t\t\t\t\t\t\t\t<\/div>\n\t\t\t\t<div class=\"elementor-element elementor-element-8dbc561 elementor-align-justify elementor-widget elementor-widget-button\" data-id=\"8dbc561\" data-element_type=\"widget\" data-e-type=\"widget\" data-widget_type=\"button.default\">\n\t\t\t\t\t\t\t\t\t\t<a class=\"elementor-button elementor-button-link elementor-size-sm\" href=\"https:\/\/cdn-consultas.sefaz.go.gov.br\/cdn-consultas\/emissaoDare\" target=\"_blank\">\n\t\t\t\t\t\t<span class=\"elementor-button-content-wrapper\">\n\t\t\t\t\t\t\t\t\t<span class=\"elementor-button-text\">Emiss\u00e3o DARE para pagamento<\/span>\n\t\t\t\t\t<\/span>\n\t\t\t\t\t<\/a>\n\t\t\t\t\t\t\t\t<\/div>\n\t\t\t\t<div class=\"elementor-element elementor-element-d2bf9d9 elementor-align-justify elementor-widget elementor-widget-button\" data-id=\"d2bf9d9\" data-element_type=\"widget\" data-e-type=\"widget\" data-widget_type=\"button.default\">\n\t\t\t\t\t\t\t\t\t\t<a class=\"elementor-button elementor-button-link elementor-size-sm\" href=\"https:\/\/portal.sefaz.go.gov.br\/portalsefaz-apps\/\" target=\"_blank\">\n\t\t\t\t\t\t<span class=\"elementor-button-content-wrapper\">\n\t\t\t\t\t\t\t\t\t<span class=\"elementor-button-text\">Acesso exclusivo para \u00f3rg\u00e3os e entidades autorizadas<\/span>\n\t\t\t\t\t<\/span>\n\t\t\t\t\t<\/a>\n\t\t\t\t\t\t\t\t<\/div>\n\t\t\t\t<div class=\"elementor-element elementor-element-583577b elementor-align-justify elementor-widget elementor-widget-button\" data-id=\"583577b\" data-element_type=\"widget\" data-e-type=\"widget\" data-widget_type=\"button.default\">\n\t\t\t\t\t\t\t\t\t\t<a class=\"elementor-button elementor-button-link elementor-size-sm\" href=\"https:\/\/goias.gov.br\/economia\/comunicado-de-inclusao-no-cadin-2\/\" target=\"_blank\">\n\t\t\t\t\t\t<span class=\"elementor-button-content-wrapper\">\n\t\t\t\t\t\t\t\t\t<span class=\"elementor-button-text\">Comunicado de Inclus\u00e3o no CADIN<\/span>\n\t\t\t\t\t<\/span>\n\t\t\t\t\t<\/a>\n\t\t\t\t\t\t\t\t<\/div>\n\t\t\t\t<\/div>\n\t\t\t\t\t<\/div>\n\t\t\t\t<\/div>\n\t\t\t\t<\/div>\n\t\t","protected":false},"excerpt":{"rendered":"<p>CADIN &#8211; Servi\u00e7os Consultar Pend\u00eancias Validar Documento de Declara\u00e7\u00e3o Emiss\u00e3o DARE para pagamento Acesso exclusivo para \u00f3rg\u00e3os e entidades autorizadas Comunicado de Inclus\u00e3o no CADIN<\/p>\n","protected":false},"author":1,"featured_media":0,"parent":0,"menu_order":0,"comment_status":"closed","ping_status":"closed","template":"wppb_theme_template","meta":{"footnotes":""},"class_list":["post-19287","page","type-page","status-publish","hentry"],"rttpg_featured_image_url":null,"rttpg_author":{"display_name":"wagner.viana","author_link":"https:\/\/goias.gov.br\/economia\/author\/wagner-viana\/"},"rttpg_comment":0,"rttpg_category":"","rttpg_excerpt":"CADIN &#8211; Servi\u00e7os Consultar Pend\u00eancias Validar Documento de Declara\u00e7\u00e3o Emiss\u00e3o DARE para pagamento Acesso exclusivo para \u00f3rg\u00e3os e entidades autorizadas Comunicado de Inclus\u00e3o no CADIN","_links":{"self":[{"href":"https:\/\/goias.gov.br\/economia\/wp-json\/wp\/v2\/pages\/19287","targetHints":{"allow":["GET"]}}],"collection":[{"href":"https:\/\/goias.gov.br\/economia\/wp-json\/wp\/v2\/pages"}],"about":[{"href":"https:\/\/goias.gov.br\/economia\/wp-json\/wp\/v2\/types\/page"}],"author":[{"embeddable":true,"href":"https:\/\/goias.gov.br\/economia\/wp-json\/wp\/v2\/users\/1"}],"replies":[{"embeddable":true,"href":"https:\/\/goias.gov.br\/economia\/wp-json\/wp\/v2\/comments?post=19287"}],"version-history":[{"count":2,"href":"https:\/\/goias.gov.br\/economia\/wp-json\/wp\/v2\/pages\/19287\/revisions"}],"predecessor-version":[{"id":415511,"href":"https:\/\/goias.gov.br\/economia\/wp-json\/wp\/v2\/pages\/19287\/revisions\/415511"}],"wp:attachment":[{"href":"https:\/\/goias.gov.br\/economia\/wp-json\/wp\/v2\/media?parent=19287"}],"curies":[{"name":"wp","href":"https:\/\/api.w.org\/{rel}","templated":true}]}}