

{"id":19286,"date":"2023-07-19T10:57:15","date_gmt":"2023-07-19T13:57:15","guid":{"rendered":"https:\/\/wwwdesenv.joomlamultidesenv.go.gov.br\/economia\/?page_id=9819"},"modified":"2026-03-23T10:02:20","modified_gmt":"2026-03-23T13:02:20","slug":"orcamento-geral-do-estado","status":"publish","type":"page","link":"https:\/\/goias.gov.br\/economia\/orcamento-geral-do-estado\/","title":{"rendered":"Or\u00e7amento Geral do Estado"},"content":{"rendered":"\t\t<div data-elementor-type=\"wp-page\" data-elementor-id=\"19286\" class=\"elementor elementor-19286\">\n\t\t\t\t<div class=\"elementor-element elementor-element-48014ee e-flex e-con-boxed e-con e-parent\" data-id=\"48014ee\" data-element_type=\"container\" data-e-type=\"container\">\n\t\t\t\t\t<div class=\"e-con-inner\">\n\t\t<div class=\"elementor-element elementor-element-049f561 e-con-full e-flex e-con e-child\" data-id=\"049f561\" data-element_type=\"container\" data-e-type=\"container\">\n\t\t\t\t<div class=\"elementor-element elementor-element-8177e08 elementor-widget elementor-widget-shortcode\" data-id=\"8177e08\" data-element_type=\"widget\" data-e-type=\"widget\" data-widget_type=\"shortcode.default\">\n\t\t\t\t\t\t\t<div class=\"elementor-shortcode\"><div data-post-id=\"29500\" class=\"insert-page insert-page-29500 \"><h1 class='insert-page-title'>Or\u00e7amento Geral do Estado<\/h1><div>\n<p>O Or&ccedil;amento Geral do Estado (OGE) &eacute; um instrumento de planejamento governamental. Nele constam as despesas da administra&ccedil;&atilde;o p&uacute;blica para um ano. A arrecada&ccedil;&atilde;o das receitas previstas mant&ecirc;m o equil&iacute;brio das contas.<\/p>\n<p>Neste documento o Governo re&uacute;ne as receitas arrecadadas e programa como os recursos ser&atilde;o utilizados, ou seja, onde ser&atilde;o alocadas as verbas destinadas a hospitais, manuten&ccedil;&atilde;o das estradas, constru&ccedil;&atilde;o de escolas, pagamento de professores, entre outros.<\/p>\n<p>O OGE &eacute; formado pelos Or&ccedil;amentos Fiscal, da Seguridade Social e de Investimento das empresas estatais estaduais.<\/p>\n<p>Existem passos que devem ser seguidos para elabora&ccedil;&atilde;o e controle do Or&ccedil;amento. Os passos est&atilde;o definidos na Constitui&ccedil;&atilde;o Federal de 1988, na Lei n&ordm; 4.320\/64, no Plano Plurianual (PPA) e na Lei de Diretrizes Or&ccedil;ament&aacute;rias (LDO).<\/p>\n<p>A Constitui&ccedil;&atilde;o atribuiu ao Poder Executivo a responsabilidade pelo Sistema de Planejamento e Or&ccedil;amento e a iniciativa dos seguintes projetos de lei:<\/p>\n<ul>\n<li>Plano Plurianual (PPA);<\/li>\n<li>Diretrizes Or&ccedil;ament&aacute;rias (LDO);<\/li>\n<li>Or&ccedil;amento Anual (LOA)<\/li>\n<\/ul>\n<p>No &acirc;mbito do Poder Executivo do Estado de Goi&aacute;s, a programa&ccedil;&atilde;o e execu&ccedil;&atilde;o or&ccedil;ament&aacute;ria e financeira &eacute; feita pelo Sistema de Programa&ccedil;&atilde;o e Execu&ccedil;&atilde;o Or&ccedil;ament&aacute;ria e Financeira (SIOFINet), enquanto a Administra&ccedil;&atilde;o Financeira do Tesouro &eacute; feita pelo Sistema de Administra&ccedil;&atilde;o Financeira do Tesouro (AFT):<\/p>\n<ul>\n<li><a href=\"https:\/\/goias.gov.br\/economia\/como-se-cadastrar-no-sistema-de-programacao-e-execucao-orcamentaria-e-financeira-siofinet-e-sistema-de-administracao-financeira-do-tesouro-aft\/\">Como se cadastrar no Sistema de Programa&ccedil;&atilde;o e Execu&ccedil;&atilde;o Or&ccedil;ament&aacute;ria e Financeira &ndash; SIOFINET e Sistema de Administra&ccedil;&atilde;o Financeira do Tesouro &#8211; AFT<\/a><\/li>\n<\/ul>\n<h3 class=\"h5\">Conhe&ccedil;a mais sobre o or&ccedil;amento<\/h3>\n<ul>\n<li><a href=\"https:\/\/goias.gov.br\/economia\/orcamento-geral-do-estado-informacoes-basicas\/\">Informa&ccedil;&otilde;es B&aacute;sicas<\/a> &#8211;&nbsp;conceitos e outras indica&ccedil;&otilde;es como a <a href=\"https:\/\/www.planalto.gov.br\/ccivil_03\/leis\/l4320.htm\">Lei n&ordm; 4.320\/64<\/a>, LRF e cartilhas da STN<\/li>\n<li><a href=\"https:\/\/goias.gov.br\/economia\/saiba-mais-sobre-orcamento-publico\/\">V&iacute;deos sobre Or&ccedil;amento<\/a><\/li>\n<li><a href=\"https:\/\/goias.gov.br\/economia\/glossario-tecnico\/\">Gloss&aacute;rio T&eacute;cnico<\/a> &#8211;&nbsp;informa&ccedil;&otilde;es adicionais sobre Or&ccedil;amento<\/li>\n<li><a href=\"https:\/\/goias.gov.br\/economia\/wp-content\/uploads\/sites\/45\/2019\/07\/ManualSEONET200722v1-fa4.pdf\" id=\"\" style=\"\" target=\"\" title=\"\" rel=\"noopener\">Manual&nbsp;do Sistema de Elabora&ccedil;&atilde;o Or&ccedil;ament&aacute;ria &#8211; SEONET &#8211;&nbsp;PLOA 2023<\/a><\/li>\n<\/ul>\n<\/div>\n<ul class='post-meta'>\n<li><span class='post-meta-key'>tpg-post-view-count:<\/span> 331<\/li>\n<li><span class='post-meta-key'>rank_math_analytic_object_id:<\/span> 3070<\/li>\n<\/ul>\n<\/div><\/div>\n\t\t\t\t\t\t<\/div>\n\t\t\t\t<\/div>\n\t\t<div class=\"elementor-element elementor-element-7e28e80 e-con-full e-flex e-con e-child\" data-id=\"7e28e80\" data-element_type=\"container\" data-e-type=\"container\">\n\t\t<div class=\"elementor-element elementor-element-24aa915 e-con-full e-flex e-con e-child\" data-id=\"24aa915\" data-element_type=\"container\" data-e-type=\"container\" data-settings=\"{&quot;background_background&quot;:&quot;classic&quot;}\">\n\t\t\t\t<div class=\"elementor-element elementor-element-8a509fc elementor-widget elementor-widget-heading\" data-id=\"8a509fc\" data-element_type=\"widget\" data-e-type=\"widget\" data-widget_type=\"heading.default\">\n\t\t\t\t\t<h5 class=\"elementor-heading-title elementor-size-default\">Publica\u00e7\u00f5es Anuais<\/h5>\t\t\t\t<\/div>\n\t\t\t\t<\/div>\n\t\t\t\t<div class=\"elementor-element elementor-element-12333d0 elementor-widget elementor-widget-image\" data-id=\"12333d0\" data-element_type=\"widget\" data-e-type=\"widget\" data-widget_type=\"image.default\">\n\t\t\t\t\t\t\t\t\t\t\t\t\t\t\t\t<a href=\"https:\/\/transparencia.go.gov.br\/wp-content\/uploads\/sites\/2\/2026\/01\/Orcamento-Geral-do-Estado-2026.pdf\">\n\t\t\t\t\t\t\t<img fetchpriority=\"high\" decoding=\"async\" width=\"1024\" height=\"717\" src=\"https:\/\/goias.gov.br\/economia\/wp-content\/uploads\/sites\/45\/2026\/01\/thumbnail_image-1024x717.jpg\" class=\"attachment-large size-large wp-image-395164\" alt=\"\" srcset=\"https:\/\/goias.gov.br\/economia\/wp-content\/uploads\/sites\/45\/2026\/01\/thumbnail_image-1024x717.jpg 1024w, https:\/\/goias.gov.br\/economia\/wp-content\/uploads\/sites\/45\/2026\/01\/thumbnail_image-300x210.jpg 300w, https:\/\/goias.gov.br\/economia\/wp-content\/uploads\/sites\/45\/2026\/01\/thumbnail_image-768x538.jpg 768w, https:\/\/goias.gov.br\/economia\/wp-content\/uploads\/sites\/45\/2026\/01\/thumbnail_image.jpg 1135w\" sizes=\"(max-width: 1024px) 100vw, 1024px\" \/>\t\t\t\t\t\t\t\t<\/a>\n\t\t\t\t\t\t\t\t\t\t\t\t\t\t\t<\/div>\n\t\t\t\t<div class=\"elementor-element elementor-element-cd3c25d elementor-align-justify elementor-widget elementor-widget-button\" data-id=\"cd3c25d\" data-element_type=\"widget\" data-e-type=\"widget\" data-widget_type=\"button.default\">\n\t\t\t\t\t\t\t\t\t\t<a class=\"elementor-button elementor-button-link elementor-size-sm\" href=\"https:\/\/transparencia.go.gov.br\/orcamento-e-planejamento-pecas\" target=\"_blank\">\n\t\t\t\t\t\t<span class=\"elementor-button-content-wrapper\">\n\t\t\t\t\t\t\t\t\t<span class=\"elementor-button-text\">Acesse a LOA e Anexos do Or\u00e7amento Geral do Estado - Ano Vigente<\/span>\n\t\t\t\t\t<\/span>\n\t\t\t\t\t<\/a>\n\t\t\t\t\t\t\t\t<\/div>\n\t\t\t\t<div class=\"elementor-element elementor-element-d707c03 elementor-align-justify elementor-widget elementor-widget-button\" data-id=\"d707c03\" data-element_type=\"widget\" data-e-type=\"widget\" data-widget_type=\"button.default\">\n\t\t\t\t\t\t\t\t\t\t<a class=\"elementor-button elementor-button-link elementor-size-sm\" href=\"\/economia\/orcamentos-aprovados-exercicios-anteriores\/\" target=\"_blank\">\n\t\t\t\t\t\t<span class=\"elementor-button-content-wrapper\">\n\t\t\t\t\t\t\t\t\t<span class=\"elementor-button-text\">Or\u00e7amento de exerc\u00edcios anteriores (2004 a 2025)<\/span>\n\t\t\t\t\t<\/span>\n\t\t\t\t\t<\/a>\n\t\t\t\t\t\t\t\t<\/div>\n\t\t<div class=\"elementor-element elementor-element-bd7847a e-con-full e-flex e-con e-child\" data-id=\"bd7847a\" data-element_type=\"container\" data-e-type=\"container\" data-settings=\"{&quot;background_background&quot;:&quot;classic&quot;}\">\n\t\t\t\t<div class=\"elementor-element elementor-element-61e5f0f elementor-widget elementor-widget-heading\" data-id=\"61e5f0f\" data-element_type=\"widget\" data-e-type=\"widget\" data-widget_type=\"heading.default\">\n\t\t\t\t\t<h5 class=\"elementor-heading-title elementor-size-default\">Apropria\u00e7\u00e3o de Despesas<\/h5>\t\t\t\t<\/div>\n\t\t\t\t<\/div>\n\t\t\t\t<div class=\"elementor-element elementor-element-10329b9 elementor-widget elementor-widget-text-editor\" data-id=\"10329b9\" data-element_type=\"widget\" data-e-type=\"widget\" data-widget_type=\"text-editor.default\">\n\t\t\t\t\t\t\t\t\t<p>O Guia para a Apropria\u00e7\u00e3o da Despesa no Estado de Goi\u00e1s visa aprimorar as pr\u00e1ticas da execu\u00e7\u00e3o or\u00e7ament\u00e1ria e financeira do Estado, especialmente quanto \u00e0 apropria\u00e7\u00e3o de despesas.<\/p>\t\t\t\t\t\t\t\t<\/div>\n\t\t\t\t<div class=\"elementor-element elementor-element-5d46686 elementor-align-justify elementor-widget elementor-widget-button\" data-id=\"5d46686\" data-element_type=\"widget\" data-e-type=\"widget\" data-widget_type=\"button.default\">\n\t\t\t\t\t\t\t\t\t\t<a class=\"elementor-button elementor-button-link elementor-size-sm\" href=\"\/economia\/apropriacao-de-despesas\/\">\n\t\t\t\t\t\t<span class=\"elementor-button-content-wrapper\">\n\t\t\t\t\t\t\t\t\t<span class=\"elementor-button-text\">Guia para a apropria\u00e7\u00e3o da Despesa<\/span>\n\t\t\t\t\t<\/span>\n\t\t\t\t\t<\/a>\n\t\t\t\t\t\t\t\t<\/div>\n\t\t<div class=\"elementor-element elementor-element-1cc6d16 e-con-full e-flex e-con e-child\" data-id=\"1cc6d16\" data-element_type=\"container\" data-e-type=\"container\" data-settings=\"{&quot;background_background&quot;:&quot;classic&quot;}\">\n\t\t\t\t<div class=\"elementor-element elementor-element-acc4ec9 elementor-widget elementor-widget-heading\" data-id=\"acc4ec9\" data-element_type=\"widget\" data-e-type=\"widget\" data-widget_type=\"heading.default\">\n\t\t\t\t\t<h5 class=\"elementor-heading-title elementor-size-default\">Apropria\u00e7\u00e3o de Despesas<\/h5>\t\t\t\t<\/div>\n\t\t\t\t<\/div>\n\t\t\t\t<div class=\"elementor-element elementor-element-8dcbe20 elementor-widget elementor-widget-image\" data-id=\"8dcbe20\" data-element_type=\"widget\" data-e-type=\"widget\" data-widget_type=\"image.default\">\n\t\t\t\t\t\t\t\t\t\t\t\t\t\t\t<img decoding=\"async\" src=\"https:\/\/goias.gov.br\/economia\/wp-content\/uploads\/sites\/45\/2023\/07\/WhatsApp_Image_2022-06-07_at_182739.jpeg\" title=\"\" alt=\"\" loading=\"lazy\" \/>\t\t\t\t\t\t\t\t\t\t\t\t\t\t\t<\/div>\n\t\t\t\t<div class=\"elementor-element elementor-element-7f6f4cc elementor-align-justify elementor-widget elementor-widget-button\" data-id=\"7f6f4cc\" data-element_type=\"widget\" data-e-type=\"widget\" data-widget_type=\"button.default\">\n\t\t\t\t\t\t\t\t\t\t<a class=\"elementor-button elementor-button-link elementor-size-sm\" href=\"\/economia\/participacao-cidada-na-formulacao-do-orcamento-publico-do-estado-de-goias\/\" target=\"_blank\">\n\t\t\t\t\t\t<span class=\"elementor-button-content-wrapper\">\n\t\t\t\t\t\t\t\t\t<span class=\"elementor-button-text\">Consulte AQUI a contribui\u00e7\u00e3o no or\u00e7amento p\u00fablico<\/span>\n\t\t\t\t\t<\/span>\n\t\t\t\t\t<\/a>\n\t\t\t\t\t\t\t\t<\/div>\n\t\t\t\t<\/div>\n\t\t\t\t\t<\/div>\n\t\t\t\t<\/div>\n\t\t\t\t<\/div>\n\t\t","protected":false},"excerpt":{"rendered":"<p>Publica\u00e7\u00f5es Anuais Acesse a LOA e Anexos do Or\u00e7amento Geral do Estado &#8211; Ano Vigente Or\u00e7amento de exerc\u00edcios anteriores (2004 a 2025) Apropria\u00e7\u00e3o de Despesas O Guia para a Apropria\u00e7\u00e3o da Despesa no Estado de Goi\u00e1s visa aprimorar as pr\u00e1ticas da execu\u00e7\u00e3o or\u00e7ament\u00e1ria e financeira do Estado, especialmente quanto \u00e0 apropria\u00e7\u00e3o de despesas. Guia para [&hellip;]<\/p>\n","protected":false},"author":1,"featured_media":0,"parent":0,"menu_order":0,"comment_status":"closed","ping_status":"closed","template":"elementor_header_footer","meta":{"footnotes":""},"class_list":["post-19286","page","type-page","status-publish","hentry"],"rttpg_featured_image_url":null,"rttpg_author":{"display_name":"wagner.viana","author_link":"https:\/\/goias.gov.br\/economia\/author\/wagner-viana\/"},"rttpg_comment":0,"rttpg_category":"","rttpg_excerpt":"Publica\u00e7\u00f5es Anuais Acesse a LOA e Anexos do Or\u00e7amento Geral do Estado &#8211; Ano Vigente Or\u00e7amento de exerc\u00edcios anteriores (2004 a 2025) Apropria\u00e7\u00e3o de Despesas O Guia para a Apropria\u00e7\u00e3o da Despesa no Estado de Goi\u00e1s visa aprimorar as pr\u00e1ticas da execu\u00e7\u00e3o or\u00e7ament\u00e1ria e financeira do Estado, especialmente quanto \u00e0 apropria\u00e7\u00e3o de despesas. Guia para&hellip;","_links":{"self":[{"href":"https:\/\/goias.gov.br\/economia\/wp-json\/wp\/v2\/pages\/19286","targetHints":{"allow":["GET"]}}],"collection":[{"href":"https:\/\/goias.gov.br\/economia\/wp-json\/wp\/v2\/pages"}],"about":[{"href":"https:\/\/goias.gov.br\/economia\/wp-json\/wp\/v2\/types\/page"}],"author":[{"embeddable":true,"href":"https:\/\/goias.gov.br\/economia\/wp-json\/wp\/v2\/users\/1"}],"replies":[{"embeddable":true,"href":"https:\/\/goias.gov.br\/economia\/wp-json\/wp\/v2\/comments?post=19286"}],"version-history":[{"count":2,"href":"https:\/\/goias.gov.br\/economia\/wp-json\/wp\/v2\/pages\/19286\/revisions"}],"predecessor-version":[{"id":436690,"href":"https:\/\/goias.gov.br\/economia\/wp-json\/wp\/v2\/pages\/19286\/revisions\/436690"}],"wp:attachment":[{"href":"https:\/\/goias.gov.br\/economia\/wp-json\/wp\/v2\/media?parent=19286"}],"curies":[{"name":"wp","href":"https:\/\/api.w.org\/{rel}","templated":true}]}}