

{"id":19285,"date":"2023-07-18T16:12:59","date_gmt":"2023-07-18T19:12:59","guid":{"rendered":"https:\/\/wwwdesenv.joomlamultidesenv.go.gov.br\/economia\/?page_id=9817"},"modified":"2026-02-26T14:39:39","modified_gmt":"2026-02-26T17:39:39","slug":"ppa","status":"publish","type":"page","link":"https:\/\/goias.gov.br\/economia\/ppa\/","title":{"rendered":"PPA"},"content":{"rendered":"\t\t<div data-elementor-type=\"wp-page\" data-elementor-id=\"19285\" class=\"elementor elementor-19285\">\n\t\t\t\t<div class=\"elementor-element elementor-element-dcb065b e-flex e-con-boxed e-con e-parent\" data-id=\"dcb065b\" data-element_type=\"container\" data-e-type=\"container\">\n\t\t\t\t\t<div class=\"e-con-inner\">\n\t\t<div class=\"elementor-element elementor-element-303d954 e-con-full e-flex e-con e-child\" data-id=\"303d954\" data-element_type=\"container\" data-e-type=\"container\">\n\t\t\t\t<div class=\"elementor-element elementor-element-f309c9c elementor-widget elementor-widget-heading\" data-id=\"f309c9c\" data-element_type=\"widget\" data-e-type=\"widget\" data-widget_type=\"heading.default\">\n\t\t\t\t\t<h2 class=\"elementor-heading-title elementor-size-default\">Planejamento<\/h2>\t\t\t\t<\/div>\n\t\t\t\t<div class=\"elementor-element elementor-element-9a0c663 elementor-widget elementor-widget-image\" data-id=\"9a0c663\" data-element_type=\"widget\" data-e-type=\"widget\" data-widget_type=\"image.default\">\n\t\t\t\t\t\t\t\t\t\t\t\t\t\t\t\t<a href=\"https:\/\/ppa.go.gov.br\/\" target=\"_blank\">\n\t\t\t\t\t\t\t<img decoding=\"async\" src=\"https:\/\/goias.gov.br\/economia\/wp-content\/uploads\/sites\/45\/2024\/06\/PORTAL-PPA-900X174-37c-2.png\" title=\"\" alt=\"\" loading=\"lazy\" \/>\t\t\t\t\t\t\t\t<\/a>\n\t\t\t\t\t\t\t\t\t\t\t\t\t\t\t<\/div>\n\t\t\t\t<div class=\"elementor-element elementor-element-badbf04 elementor-widget elementor-widget-text-editor\" data-id=\"badbf04\" data-element_type=\"widget\" data-e-type=\"widget\" data-widget_type=\"text-editor.default\">\n\t\t\t\t\t\t\t\t\t<p>O Plano Plurianual (PPA) \u00e9 o instrumento de planejamento governamental de m\u00e9dio prazo, previsto no artigo 165 da Constitui\u00e7\u00e3o Federal que estabelece, de forma regionalizada, as diretrizes, objetivos e metas da Administra\u00e7\u00e3o P\u00fablica organizado em programas, estruturado em a\u00e7\u00f5es, que resultem em bens e servi\u00e7os para a popula\u00e7\u00e3o. O PPA tem dura\u00e7\u00e3o de quatro anos, come\u00e7ando no in\u00edcio do segundo ano do mandato do chefe do poder executivo e terminando no fim do primeiro ano de seu sucessor, de modo que haja continuidade do processo de planejamento. Nele constam, detalhadamente, os atributos das pol\u00edticas p\u00fablicas executadas, tais como metas f\u00edsicas e financeiras, p\u00fablicos-alvo, produtos a serem entregues \u00e0 sociedade, etc.<\/p><p>Em Goi\u00e1s, o PPA possui um ciclo de gest\u00e3o compreendendo os processos que viabilizar\u00e3o o alcance dos objetivos do governo. As etapas de elabora\u00e7\u00e3o, execu\u00e7\u00e3o, monitoramento, avalia\u00e7\u00e3o e revis\u00e3o constituem as pe\u00e7as b\u00e1sicas do ciclo de gest\u00e3o. Embora seja elaborado quadrienalmente, \u00e9 avaliado, revisto e monitorado anualmente, proporcionando a flexibilidade necess\u00e1ria ao enfrentamento de novos problemas e demandas.<\/p><p>O PPA tem como princ\u00edpios b\u00e1sicos:<\/p><ul><li>Identifica\u00e7\u00e3o clara dos objetivos e prioridades do governo;<\/li><li>Identifica\u00e7\u00e3o dos \u00f3rg\u00e3os gestores dos programas e \u00f3rg\u00e3os respons\u00e1veis pelas a\u00e7\u00f5es governamentais;<\/li><li>Organiza\u00e7\u00e3o dos prop\u00f3sitos da administra\u00e7\u00e3o p\u00fablica em programas;<\/li><li>Integra\u00e7\u00e3o com o or\u00e7amento;<\/li><li>Transpar\u00eancia.<\/li><\/ul>\t\t\t\t\t\t\t\t<\/div>\n\t\t\t\t<\/div>\n\t\t<div class=\"elementor-element elementor-element-4f76729 e-con-full e-flex e-con e-child\" data-id=\"4f76729\" data-element_type=\"container\" data-e-type=\"container\">\n\t\t\t\t<div class=\"elementor-element elementor-element-b2369e4 elementor-widget elementor-widget-image\" data-id=\"b2369e4\" data-element_type=\"widget\" data-e-type=\"widget\" data-widget_type=\"image.default\">\n\t\t\t\t\t\t\t\t\t\t\t\t\t\t\t<img decoding=\"async\" src=\"https:\/\/goias.gov.br\/economia\/wp-content\/uploads\/sites\/45\/2024\/06\/Manual-de-elaboracao-site-1.png\" title=\"\" alt=\"\" loading=\"lazy\" \/>\t\t\t\t\t\t\t\t\t\t\t\t\t\t\t<\/div>\n\t\t\t\t<div class=\"elementor-element elementor-element-c24b963 elementor-widget elementor-widget-text-editor\" data-id=\"c24b963\" data-element_type=\"widget\" data-e-type=\"widget\" data-widget_type=\"text-editor.default\">\n\t\t\t\t\t\t\t\t\t<ul><li><a href=\"\\&quot;\\\\&quot;\\\\\\\\&quot;\\\\\\\\\\\\\\\\&quot;https:\/\/goias.gov.br\/economia\/wp-content\/uploads\/sites\/45\/2024\/06\/IN-1580_2024-_PEI.pdf\\\\\\\\\\\\\\\\&quot;\\\\\\\\&quot;\\\\&quot;\\&quot;\">Instru\u00e7\u00e3o Normativa n\u00ba 1580\/2024<\/a><\/li><\/ul>\t\t\t\t\t\t\t\t<\/div>\n\t\t\t\t<div class=\"elementor-element elementor-element-9b6bbee elementor-widget elementor-widget-shortcode\" data-id=\"9b6bbee\" data-element_type=\"widget\" data-e-type=\"widget\" data-widget_type=\"shortcode.default\">\n\t\t\t\t\t\t\t<div class=\"elementor-shortcode\"><div data-post-id=\"37663\" class=\"insert-page insert-page-37663 \"><h1 class='insert-page-title'>PPA vigente<\/h1><ul>\n<li><a href=\"https:\/\/goias.gov.br\/economia\/wp-content\/uploads\/sites\/45\/2025\/10\/Relatorios-Anexo-II-da-lei-do-PPA.pdf\">Baixe o PPA em vig\u00eancia (2 mb)<\/a><\/li>\n<li><a href=\"https:\/\/legisla.casacivil.go.gov.br\/pesquisa_legislacao\/107865\/lei-22317\">LEI N\u00ba 22.317, DE 18 DE OUTUBRO DE 2023<\/a><\/li>\n<\/ul>\n<ul class='post-meta'>\n<li><span class='post-meta-key'>tpg-post-view-count:<\/span> 245<\/li>\n<li><span class='post-meta-key'>rank_math_analytic_object_id:<\/span> 578<\/li>\n<li><span class='post-meta-key'>rank_math_internal_links_processed:<\/span> 1<\/li>\n<\/ul>\n<\/div><\/div>\n\t\t\t\t\t\t<\/div>\n\t\t\t\t<div class=\"elementor-element elementor-element-8e8f5ca elementor-widget elementor-widget-heading\" data-id=\"8e8f5ca\" data-element_type=\"widget\" data-e-type=\"widget\" data-widget_type=\"heading.default\">\n\t\t\t\t\t<h2 class=\"elementor-heading-title elementor-size-default\">Regulamenta\u00e7\u00e3o do PPA<\/h2>\t\t\t\t<\/div>\n\t\t\t\t<div class=\"elementor-element elementor-element-e10b35b elementor-widget elementor-widget-text-editor\" data-id=\"e10b35b\" data-element_type=\"widget\" data-e-type=\"widget\" data-widget_type=\"text-editor.default\">\n\t\t\t\t\t\t\t\t\t<ul><li><a href=\"https:\/\/legisla.casacivil.go.gov.br\/pesquisa_legislacao\/110965\/decreto-10710\" target=\"_blank\" rel=\"noopener\">Decreto 10.710 de 16 de junho e 2025<\/a><\/li><\/ul>\t\t\t\t\t\t\t\t<\/div>\n\t\t\t\t<div class=\"elementor-element elementor-element-d6e6f25 elementor-widget elementor-widget-shortcode\" data-id=\"d6e6f25\" data-element_type=\"widget\" data-e-type=\"widget\" data-widget_type=\"shortcode.default\">\n\t\t\t\t\t\t\t<div class=\"elementor-shortcode\"><div data-post-id=\"29498\" class=\"insert-page insert-page-29498 \"><h1 class='insert-page-title'>PPAs de Exerc\u00edcios Anteriores<\/h1><ul>\n<li><a href=\"https:\/\/goias.gov.br\/economia\/wp-content\/uploads\/sites\/45\/2019\/07\/ppa-2016-20191-b11.pdf\" target=\"_blank\" rel=\"noopener\">PPA 2016\/2019 (12,2&nbsp;mb<\/a>)<\/li>\n<li><a href=\"\/economia\/wp-content\/uploads\/sites\/45\/files\/ppa\/PPA-2012-2015.zip\" target=\"_blank\" rel=\"noopener\">PPA 2012-2015 (230mb)<\/a><\/li>\n<li><a href=\"https:\/\/goias.gov.br\/economia\/wp-content\/uploads\/sites\/45\/2019\/07\/ppa2008-2011-revisao-1fd.pdf\" target=\"_blank\" rel=\"noopener\">PPA 2008-2011 Revis&atilde;o (32mb)<\/a><\/li>\n<li><a href=\"https:\/\/goias.gov.br\/economia\/wp-content\/uploads\/sites\/45\/2019\/07\/ppa2008-2011-ee2.pdf\" target=\"_blank\" rel=\"noopener\">PPA 2008-2011 (48mb)<\/a><\/li>\n<li><a href=\"https:\/\/www.egov.go.gov.br\/ppa\/ppa-2004-2007\/index.htm\" target=\"_blank\" rel=\"noopener\">PPA 2004-2007 (site externo)<\/a><\/li>\n<li><a href=\"https:\/\/goias.gov.br\/economia\/wp-content\/uploads\/sites\/45\/2019\/07\/ppa2000-2003-4c6.pdf\" target=\"_blank\" rel=\"noopener\">PPA 2000-2003 (10mb)<\/a><br \/>\n\t&nbsp;<\/li>\n<\/ul>\n<ul class='post-meta'>\n<li><span class='post-meta-key'>tpg-post-view-count:<\/span> 282<\/li>\n<li><span class='post-meta-key'>rank_math_analytic_object_id:<\/span> 3071<\/li>\n<\/ul>\n<\/div><\/div>\n\t\t\t\t\t\t<\/div>\n\t\t\t\t<\/div>\n\t\t\t\t\t<\/div>\n\t\t\t\t<\/div>\n\t\t<div class=\"elementor-element elementor-element-d3c0642 e-con-full e-flex e-con e-child\" data-id=\"d3c0642\" data-element_type=\"container\" data-e-type=\"container\" data-settings=\"{&quot;background_background&quot;:&quot;classic&quot;}\">\n\t\t<div class=\"elementor-element elementor-element-8eade69 e-con-full e-transform e-flex e-con e-child\" data-id=\"8eade69\" data-element_type=\"container\" data-e-type=\"container\" data-settings=\"{&quot;_transform_translateY_effect_hover&quot;:{&quot;unit&quot;:&quot;px&quot;,&quot;size&quot;:12,&quot;sizes&quot;:[]},&quot;_transform_translateX_effect_hover&quot;:{&quot;unit&quot;:&quot;px&quot;,&quot;size&quot;:&quot;&quot;,&quot;sizes&quot;:[]},&quot;_transform_translateX_effect_hover_tablet&quot;:{&quot;unit&quot;:&quot;px&quot;,&quot;size&quot;:&quot;&quot;,&quot;sizes&quot;:[]},&quot;_transform_translateX_effect_hover_mobile&quot;:{&quot;unit&quot;:&quot;px&quot;,&quot;size&quot;:&quot;&quot;,&quot;sizes&quot;:[]},&quot;_transform_translateY_effect_hover_tablet&quot;:{&quot;unit&quot;:&quot;px&quot;,&quot;size&quot;:&quot;&quot;,&quot;sizes&quot;:[]},&quot;_transform_translateY_effect_hover_mobile&quot;:{&quot;unit&quot;:&quot;px&quot;,&quot;size&quot;:&quot;&quot;,&quot;sizes&quot;:[]}}\">\n\t\t\t\t<div class=\"elementor-element elementor-element-9be490b elementor-widget elementor-widget-heading\" data-id=\"9be490b\" data-element_type=\"widget\" data-e-type=\"widget\" data-widget_type=\"heading.default\">\n\t\t\t\t\t<h2 class=\"elementor-heading-title elementor-size-default\">Plano Plurianual<\/h2>\t\t\t\t<\/div>\n\t\t\t\t<div class=\"elementor-element elementor-element-b932ea9 elementor-widget elementor-widget-heading\" data-id=\"b932ea9\" data-element_type=\"widget\" data-e-type=\"widget\" data-widget_type=\"heading.default\">\n\t\t\t\t\t<h4 class=\"elementor-heading-title elementor-size-default\">Clique e Conhe\u00e7a<\/h4>\t\t\t\t<\/div>\n\t\t\t\t<div class=\"elementor-element elementor-element-bdd810c elementor-align-center elementor-widget elementor-widget-button\" data-id=\"bdd810c\" data-element_type=\"widget\" data-e-type=\"widget\" data-widget_type=\"button.default\">\n\t\t\t\t\t\t\t\t\t\t<a class=\"elementor-button elementor-button-link elementor-size-sm\" href=\"#\">\n\t\t\t\t\t\t<span class=\"elementor-button-content-wrapper\">\n\t\t\t\t\t\t\t\t\t<span class=\"elementor-button-text\">Saiba Mais<\/span>\n\t\t\t\t\t<\/span>\n\t\t\t\t\t<\/a>\n\t\t\t\t\t\t\t\t<\/div>\n\t\t\t\t<\/div>\n\t\t\t\t<\/div>\n\t\t\t\t<\/div>\n\t\t","protected":false},"excerpt":{"rendered":"<p>Planejamento O Plano Plurianual (PPA) \u00e9 o instrumento de planejamento governamental de m\u00e9dio prazo, previsto no artigo 165 da Constitui\u00e7\u00e3o Federal que estabelece, de forma regionalizada, as diretrizes, objetivos e metas da Administra\u00e7\u00e3o P\u00fablica organizado em programas, estruturado em a\u00e7\u00f5es, que resultem em bens e servi\u00e7os para a popula\u00e7\u00e3o. O PPA tem dura\u00e7\u00e3o de quatro [&hellip;]<\/p>\n","protected":false},"author":1,"featured_media":0,"parent":0,"menu_order":0,"comment_status":"closed","ping_status":"closed","template":"wppb_theme_template","meta":{"footnotes":""},"class_list":["post-19285","page","type-page","status-publish","hentry"],"rttpg_featured_image_url":null,"rttpg_author":{"display_name":"wagner.viana","author_link":"https:\/\/goias.gov.br\/economia\/author\/wagner-viana\/"},"rttpg_comment":0,"rttpg_category":"","rttpg_excerpt":"Planejamento O Plano Plurianual (PPA) \u00e9 o instrumento de planejamento governamental de m\u00e9dio prazo, previsto no artigo 165 da Constitui\u00e7\u00e3o Federal que estabelece, de forma regionalizada, as diretrizes, objetivos e metas da Administra\u00e7\u00e3o P\u00fablica organizado em programas, estruturado em a\u00e7\u00f5es, que resultem em bens e servi\u00e7os para a popula\u00e7\u00e3o. O PPA tem dura\u00e7\u00e3o de quatro&hellip;","_links":{"self":[{"href":"https:\/\/goias.gov.br\/economia\/wp-json\/wp\/v2\/pages\/19285","targetHints":{"allow":["GET"]}}],"collection":[{"href":"https:\/\/goias.gov.br\/economia\/wp-json\/wp\/v2\/pages"}],"about":[{"href":"https:\/\/goias.gov.br\/economia\/wp-json\/wp\/v2\/types\/page"}],"author":[{"embeddable":true,"href":"https:\/\/goias.gov.br\/economia\/wp-json\/wp\/v2\/users\/1"}],"replies":[{"embeddable":true,"href":"https:\/\/goias.gov.br\/economia\/wp-json\/wp\/v2\/comments?post=19285"}],"version-history":[{"count":2,"href":"https:\/\/goias.gov.br\/economia\/wp-json\/wp\/v2\/pages\/19285\/revisions"}],"predecessor-version":[{"id":417859,"href":"https:\/\/goias.gov.br\/economia\/wp-json\/wp\/v2\/pages\/19285\/revisions\/417859"}],"wp:attachment":[{"href":"https:\/\/goias.gov.br\/economia\/wp-json\/wp\/v2\/media?parent=19285"}],"curies":[{"name":"wp","href":"https:\/\/api.w.org\/{rel}","templated":true}]}}