

{"id":19284,"date":"2023-07-18T16:08:51","date_gmt":"2023-07-18T19:08:51","guid":{"rendered":"https:\/\/wwwdesenv.joomlamultidesenv.go.gov.br\/economia\/?page_id=9814"},"modified":"2026-02-26T14:53:08","modified_gmt":"2026-02-26T17:53:08","slug":"plataforma-digital-restituicao","status":"publish","type":"page","link":"https:\/\/goias.gov.br\/economia\/plataforma-digital-restituicao\/","title":{"rendered":"Plataforma Digital &#8211; Restitui\u00e7\u00e3o"},"content":{"rendered":"\t\t<div data-elementor-type=\"wp-page\" data-elementor-id=\"19284\" class=\"elementor elementor-19284\">\n\t\t\t\t<div class=\"elementor-element elementor-element-02ad0cd e-flex e-con-boxed e-con e-parent\" data-id=\"02ad0cd\" data-element_type=\"container\" data-e-type=\"container\">\n\t\t\t\t\t<div class=\"e-con-inner\">\n\t\t\t\t<div class=\"elementor-element elementor-element-40fc395 elementor-widget elementor-widget-heading\" data-id=\"40fc395\" data-element_type=\"widget\" data-e-type=\"widget\" data-widget_type=\"heading.default\">\n\t\t\t\t\t<h2 class=\"elementor-heading-title elementor-size-default\">Plataforma Digital - Restitui\u00e7\u00e3o<\/h2>\t\t\t\t<\/div>\n\t\t\t\t<div class=\"elementor-element elementor-element-02283d7 elementor-widget elementor-widget-heading\" data-id=\"02283d7\" data-element_type=\"widget\" data-e-type=\"widget\" data-widget_type=\"heading.default\">\n\t\t\t\t\t<h3 class=\"elementor-heading-title elementor-size-default\">Pessoa F\u00edsica<\/h3>\t\t\t\t<\/div>\n\t\t\t\t<div class=\"elementor-element elementor-element-6af184b elementor-widget elementor-widget-text-editor\" data-id=\"6af184b\" data-element_type=\"widget\" data-e-type=\"widget\" data-widget_type=\"text-editor.default\">\n\t\t\t\t\t\t\t\t\t<ul><li><a href=\"https:\/\/goias.gov.br\/economia\/ipva-pago-indevidamente-perda-total\/\">IPVA Pago Indevidamente \u2013 Perda Total<\/a><\/li><li><a href=\"https:\/\/goias.gov.br\/economia\/ipva-pago-indevidamente-isento\/\">IPVA Pago Indevidamente &#8211; Isento<\/a><\/li><li><a href=\"https:\/\/goias.gov.br\/economia\/ipva-pago-indevidamente-furto\/\">IPVA Pago Indevidamente &#8211; Furto\/Roubo<\/a><\/li><li><a href=\"https:\/\/goias.gov.br\/economia\/ipva-pago-em-duplicidade\/\">IPVA Pago em Duplicidade<\/a><\/li><li><a href=\"https:\/\/goias.gov.br\/economia\/ipva-pago-a-maior-desconto-de-50\/\">IPVA Pago a Maior \u2013 Desconto de 50%<\/a><\/li><\/ul>\t\t\t\t\t\t\t\t<\/div>\n\t\t\t\t\t<\/div>\n\t\t\t\t<\/div>\n\t\t<div class=\"elementor-element elementor-element-7aed700 e-flex e-con-boxed e-con e-parent\" data-id=\"7aed700\" data-element_type=\"container\" data-e-type=\"container\">\n\t\t\t\t\t<div class=\"e-con-inner\">\n\t\t\t\t<div class=\"elementor-element elementor-element-d87a5f3 elementor-widget elementor-widget-heading\" data-id=\"d87a5f3\" data-element_type=\"widget\" data-e-type=\"widget\" data-widget_type=\"heading.default\">\n\t\t\t\t\t<h3 class=\"elementor-heading-title elementor-size-default\">Pessoa Jur\u00eddica<\/h3>\t\t\t\t<\/div>\n\t\t\t\t<div class=\"elementor-element elementor-element-824d1e4 elementor-widget elementor-widget-text-editor\" data-id=\"824d1e4\" data-element_type=\"widget\" data-e-type=\"widget\" data-widget_type=\"text-editor.default\">\n\t\t\t\t\t\t\t\t\t<ul><li><a href=\"https:\/\/goias.gov.br\/economia\/ipva-pago-indevidamente-nao-incidente-isento-pj\/\">IPVA Pago Indevidamente \u2013 N\u00e3o Incidente \/ Isento PJ<\/a><\/li><li><a href=\"https:\/\/goias.gov.br\/economia\/ipva-pago-indevidamente-perda-total-pj\/\">IPVA Pago Indevidamente \u2013 Perda Total PJ<\/a><\/li><li><a href=\"https:\/\/goias.gov.br\/economia\/ipva-pago-indevidamente-furto-pj\/\">IPVA Pago Indevidamente \u2013 Furto PJ<\/a><\/li><li><a href=\"https:\/\/goias.gov.br\/economia\/ipva-pago-em-duplicidade-pj\/\">IPVA Pago em Duplicidade PJ<\/a><\/li><\/ul>\t\t\t\t\t\t\t\t<\/div>\n\t\t\t\t\t<\/div>\n\t\t\t\t<\/div>\n\t\t<div class=\"elementor-element elementor-element-b420e88 e-flex e-con-boxed e-con e-parent\" data-id=\"b420e88\" data-element_type=\"container\" data-e-type=\"container\">\n\t\t\t\t\t<div class=\"e-con-inner\">\n\t\t\t\t<div class=\"elementor-element elementor-element-932eb6a elementor-widget elementor-widget-heading\" data-id=\"932eb6a\" data-element_type=\"widget\" data-e-type=\"widget\" data-widget_type=\"heading.default\">\n\t\t\t\t\t<h3 class=\"elementor-heading-title elementor-size-default\">Veja mais:<\/h3>\t\t\t\t<\/div>\n\t\t\t\t<div class=\"elementor-element elementor-element-946b72e elementor-widget elementor-widget-text-editor\" data-id=\"946b72e\" data-element_type=\"widget\" data-e-type=\"widget\" data-widget_type=\"text-editor.default\">\n\t\t\t\t\t\t\t\t\t<ul><li><a href=\"https:\/\/goias.gov.br\/economia\/plataforma-digital-de-processos\/\">Plataforma Digital de Processos<\/a><\/li><\/ul>\t\t\t\t\t\t\t\t<\/div>\n\t\t\t\t\t<\/div>\n\t\t\t\t<\/div>\n\t\t\t\t<\/div>\n\t\t","protected":false},"excerpt":{"rendered":"<p>Plataforma Digital &#8211; Restitui\u00e7\u00e3o Pessoa F\u00edsica IPVA Pago Indevidamente \u2013 Perda Total IPVA Pago Indevidamente &#8211; Isento IPVA Pago Indevidamente &#8211; Furto\/Roubo IPVA Pago em Duplicidade IPVA Pago a Maior \u2013 Desconto de 50% Pessoa Jur\u00eddica IPVA Pago Indevidamente \u2013 N\u00e3o Incidente \/ Isento PJ IPVA Pago Indevidamente \u2013 Perda Total PJ IPVA Pago Indevidamente [&hellip;]<\/p>\n","protected":false},"author":1,"featured_media":0,"parent":0,"menu_order":0,"comment_status":"closed","ping_status":"closed","template":"wppb_theme_template","meta":{"footnotes":""},"class_list":["post-19284","page","type-page","status-publish","hentry"],"rttpg_featured_image_url":null,"rttpg_author":{"display_name":"wagner.viana","author_link":"https:\/\/goias.gov.br\/economia\/author\/wagner-viana\/"},"rttpg_comment":0,"rttpg_category":null,"rttpg_excerpt":"Plataforma Digital &#8211; Restitui\u00e7\u00e3o Pessoa F\u00edsica IPVA Pago Indevidamente \u2013 Perda Total IPVA Pago Indevidamente &#8211; Isento IPVA Pago Indevidamente &#8211; Furto\/Roubo IPVA Pago em Duplicidade IPVA Pago a Maior \u2013 Desconto de 50% Pessoa Jur\u00eddica IPVA Pago Indevidamente \u2013 N\u00e3o Incidente \/ Isento PJ IPVA Pago Indevidamente \u2013 Perda Total PJ IPVA Pago Indevidamente&hellip;","_links":{"self":[{"href":"https:\/\/goias.gov.br\/economia\/wp-json\/wp\/v2\/pages\/19284","targetHints":{"allow":["GET"]}}],"collection":[{"href":"https:\/\/goias.gov.br\/economia\/wp-json\/wp\/v2\/pages"}],"about":[{"href":"https:\/\/goias.gov.br\/economia\/wp-json\/wp\/v2\/types\/page"}],"author":[{"embeddable":true,"href":"https:\/\/goias.gov.br\/economia\/wp-json\/wp\/v2\/users\/1"}],"replies":[{"embeddable":true,"href":"https:\/\/goias.gov.br\/economia\/wp-json\/wp\/v2\/comments?post=19284"}],"version-history":[{"count":2,"href":"https:\/\/goias.gov.br\/economia\/wp-json\/wp\/v2\/pages\/19284\/revisions"}],"predecessor-version":[{"id":418067,"href":"https:\/\/goias.gov.br\/economia\/wp-json\/wp\/v2\/pages\/19284\/revisions\/418067"}],"wp:attachment":[{"href":"https:\/\/goias.gov.br\/economia\/wp-json\/wp\/v2\/media?parent=19284"}],"curies":[{"name":"wp","href":"https:\/\/api.w.org\/{rel}","templated":true}]}}