

{"id":19281,"date":"2023-07-17T12:52:50","date_gmt":"2023-07-17T15:52:50","guid":{"rendered":"https:\/\/wwwdesenv.joomlamultidesenv.go.gov.br\/economia\/?page_id=9790"},"modified":"2026-02-26T10:49:05","modified_gmt":"2026-02-26T13:49:05","slug":"autorregularizacao","status":"publish","type":"page","link":"https:\/\/goias.gov.br\/economia\/autorregularizacao\/","title":{"rendered":"Autorregularizacao"},"content":{"rendered":"\t\t<div data-elementor-type=\"wp-page\" data-elementor-id=\"19281\" class=\"elementor elementor-19281\">\n\t\t\t\t<div class=\"elementor-element elementor-element-25289e5 e-flex e-con-boxed e-con e-parent\" data-id=\"25289e5\" data-element_type=\"container\" data-e-type=\"container\">\n\t\t\t\t\t<div class=\"e-con-inner\">\n\t\t<div class=\"elementor-element elementor-element-e8756e2 e-con-full e-flex e-con e-child\" data-id=\"e8756e2\" data-element_type=\"container\" data-e-type=\"container\">\n\t\t\t\t<div class=\"elementor-element elementor-element-ccec975 elementor-widget elementor-widget-shortcode\" data-id=\"ccec975\" data-element_type=\"widget\" data-e-type=\"widget\" data-widget_type=\"shortcode.default\">\n\t\t\t\t\t\t\t<div class=\"elementor-shortcode\"><div data-post-id=\"36316\" class=\"insert-page insert-page-36316 \"><h1 class='insert-page-title'>Autorregulariza\u00e7\u00e3o<\/h1><p>A Secretaria da Economia de Goi&aacute;s oferece aos contribuintes do ICMS mais um servi&ccedil;o por meio da Plataforma Digital de Processos (PDP):&nbsp;<strong>a autorregulariza&ccedil;&atilde;o.<\/strong><\/p>\n<p>O sistema, criado para desburocratizar o atendimento e ampliar os canais de comunica&ccedil;&atilde;o com o fisco, &eacute;&nbsp;<strong>destinado aos contribuintes que receberem o Comunicado de Malha Fiscal, enviado pela Receita Estadual<\/strong>.<\/p>\n<p>Com a ferramenta, os contribuintes podem solicitar parcelamentos e efetuar justificativa das irregularidades detectadas em malha fiscal. Pela PDP tamb&eacute;m &eacute; poss&iacute;vel acessar a tramita&ccedil;&atilde;o dos processos e comunicar com o auditor fiscal sobre o atendimento da solicita&ccedil;&atilde;o atrav&eacute;s de mensagens.<\/p>\n<p>Para saber mais, acesse nossas p&aacute;ginas de <a href=\"https:\/\/goias.gov.br\/economia\/informacoes-sobre-a-autorregularizacao\/\">Informa&ccedil;&otilde;es sobre a Autorregulariza&ccedil;&atilde;o<\/a>&nbsp;e&nbsp;<a href=\"https:\/\/goias.gov.br\/economia\/perguntas-e-respostas-8\/\">Perguntas e Respostas<\/a><\/p>\n<ul class='post-meta'>\n<li><span class='post-meta-key'>rank_math_analytic_object_id:<\/span> 1017<\/li>\n<li><span class='post-meta-key'>tpg-post-view-count:<\/span> 640<\/li>\n<\/ul>\n<\/div><\/div>\n\t\t\t\t\t\t<\/div>\n\t\t<div class=\"elementor-element elementor-element-fb64c6c e-con-full e-flex e-con e-child\" data-id=\"fb64c6c\" data-element_type=\"container\" data-e-type=\"container\">\n\t\t\t\t<div class=\"elementor-element elementor-element-94d4823 elementor-widget elementor-widget-image\" data-id=\"94d4823\" data-element_type=\"widget\" data-e-type=\"widget\" data-widget_type=\"image.default\">\n\t\t\t\t\t\t\t\t\t\t\t\t\t\t\t\t<a href=\"\/economia\/autorreg-pgto-a-vista\/\" target=\"_blank\">\n\t\t\t\t\t\t\t<img decoding=\"async\" src=\"https:\/\/goias.gov.br\/economia\/wp-content\/uploads\/sites\/45\/2023\/07\/boto-2.png\" title=\"\" alt=\"\" loading=\"lazy\" \/>\t\t\t\t\t\t\t\t<\/a>\n\t\t\t\t\t\t\t\t\t\t\t\t\t\t\t<\/div>\n\t\t\t\t<div class=\"elementor-element elementor-element-2f96a9e elementor-widget elementor-widget-image\" data-id=\"2f96a9e\" data-element_type=\"widget\" data-e-type=\"widget\" data-widget_type=\"image.default\">\n\t\t\t\t\t\t\t\t\t\t\t\t\t\t\t\t<a href=\"\/economia\/solicitar-parcelamento\/\" target=\"_blank\">\n\t\t\t\t\t\t\t<img decoding=\"async\" src=\"https:\/\/goias.gov.br\/economia\/wp-content\/uploads\/sites\/45\/2023\/07\/boto-3-1.png\" title=\"\" alt=\"\" loading=\"lazy\" \/>\t\t\t\t\t\t\t\t<\/a>\n\t\t\t\t\t\t\t\t\t\t\t\t\t\t\t<\/div>\n\t\t\t\t<\/div>\n\t\t<div class=\"elementor-element elementor-element-41edccd e-con-full e-flex e-con e-child\" data-id=\"41edccd\" data-element_type=\"container\" data-e-type=\"container\">\n\t\t\t\t<div class=\"elementor-element elementor-element-18cd96f elementor-widget elementor-widget-image\" data-id=\"18cd96f\" data-element_type=\"widget\" data-e-type=\"widget\" data-widget_type=\"image.default\">\n\t\t\t\t\t\t\t\t\t\t\t\t\t\t\t\t<a href=\"\/economia\/autorr-valores-malhas\/\" target=\"_blank\">\n\t\t\t\t\t\t\t<img decoding=\"async\" src=\"https:\/\/goias.gov.br\/economia\/wp-content\/uploads\/sites\/45\/2023\/07\/boto-4.png\" title=\"\" alt=\"\" loading=\"lazy\" \/>\t\t\t\t\t\t\t\t<\/a>\n\t\t\t\t\t\t\t\t\t\t\t\t\t\t\t<\/div>\n\t\t\t\t<div class=\"elementor-element elementor-element-46e9d22 elementor-widget elementor-widget-image\" data-id=\"46e9d22\" data-element_type=\"widget\" data-e-type=\"widget\" data-widget_type=\"image.default\">\n\t\t\t\t\t\t\t\t\t\t\t\t\t\t\t\t<a href=\"\/economia\/manuais-do-usuario\/\" target=\"_blank\">\n\t\t\t\t\t\t\t<img decoding=\"async\" src=\"https:\/\/goias.gov.br\/economia\/wp-content\/uploads\/sites\/45\/2023\/07\/boto-1.png\" title=\"\" alt=\"\" loading=\"lazy\" \/>\t\t\t\t\t\t\t\t<\/a>\n\t\t\t\t\t\t\t\t\t\t\t\t\t\t\t<\/div>\n\t\t\t\t<\/div>\n\t\t\t\t<\/div>\n\t\t<div class=\"elementor-element elementor-element-b4ca070 e-con-full e-flex e-con e-child\" data-id=\"b4ca070\" data-element_type=\"container\" data-e-type=\"container\">\n\t\t\t\t<div class=\"elementor-element elementor-element-fb7f60c elementor-widget elementor-widget-heading\" data-id=\"fb7f60c\" data-element_type=\"widget\" data-e-type=\"widget\" data-widget_type=\"heading.default\">\n\t\t\t\t\t<h3 class=\"elementor-heading-title elementor-size-default\">Saiba Mais<\/h3>\t\t\t\t<\/div>\n\t\t\t\t<div class=\"elementor-element elementor-element-cabe13a elementor-align-justify elementor-widget elementor-widget-button\" data-id=\"cabe13a\" data-element_type=\"widget\" data-e-type=\"widget\" data-widget_type=\"button.default\">\n\t\t\t\t\t\t\t\t\t\t<a class=\"elementor-button elementor-button-link elementor-size-sm\" href=\"\/economia\/wp-content\/uploads\/sites\/45\/files\/autorregularizacao\/TermodeDeclaraCAododEbitomodelo.docx\" target=\"_blank\">\n\t\t\t\t\t\t<span class=\"elementor-button-content-wrapper\">\n\t\t\t\t\t\t\t\t\t<span class=\"elementor-button-text\">Termo de Declara\u00e7\u00e3o de D\u00e9bito<\/span>\n\t\t\t\t\t<\/span>\n\t\t\t\t\t<\/a>\n\t\t\t\t\t\t\t\t<\/div>\n\t\t\t\t<div class=\"elementor-element elementor-element-aed23f8 elementor-align-justify elementor-widget elementor-widget-button\" data-id=\"aed23f8\" data-element_type=\"widget\" data-e-type=\"widget\" data-widget_type=\"button.default\">\n\t\t\t\t\t\t\t\t\t\t<a class=\"elementor-button elementor-button-link elementor-size-sm\" href=\"\/economia\/e-parcelamento\/\" target=\"_blank\">\n\t\t\t\t\t\t<span class=\"elementor-button-content-wrapper\">\n\t\t\t\t\t\t\t\t\t<span class=\"elementor-button-text\">E-Parcelamento Parcelamento dos d\u00e9bitos via Web<\/span>\n\t\t\t\t\t<\/span>\n\t\t\t\t\t<\/a>\n\t\t\t\t\t\t\t\t<\/div>\n\t\t\t\t<div class=\"elementor-element elementor-element-6f2b060 elementor-align-justify elementor-widget elementor-widget-button\" data-id=\"6f2b060\" data-element_type=\"widget\" data-e-type=\"widget\" data-widget_type=\"button.default\">\n\t\t\t\t\t\t\t\t\t\t<a class=\"elementor-button elementor-button-link elementor-size-sm\" href=\"\/economia\/notas-tecnicas\/\" target=\"_blank\">\n\t\t\t\t\t\t<span class=\"elementor-button-content-wrapper\">\n\t\t\t\t\t\t\t\t\t<span class=\"elementor-button-text\">Notas T\u00e9cnicas<\/span>\n\t\t\t\t\t<\/span>\n\t\t\t\t\t<\/a>\n\t\t\t\t\t\t\t\t<\/div>\n\t\t\t\t<div class=\"elementor-element elementor-element-fdd827a elementor-align-justify elementor-widget elementor-widget-button\" data-id=\"fdd827a\" data-element_type=\"widget\" data-e-type=\"widget\" data-widget_type=\"button.default\">\n\t\t\t\t\t\t\t\t\t\t<a class=\"elementor-button elementor-button-link elementor-size-sm\" href=\"\/economia\/perguntas-e-respostas-8\/\" target=\"_blank\">\n\t\t\t\t\t\t<span class=\"elementor-button-content-wrapper\">\n\t\t\t\t\t\t\t\t\t<span class=\"elementor-button-text\">Perguntas e Respostas<\/span>\n\t\t\t\t\t<\/span>\n\t\t\t\t\t<\/a>\n\t\t\t\t\t\t\t\t<\/div>\n\t\t\t\t<div class=\"elementor-element elementor-element-8f401d1 elementor-align-justify elementor-widget elementor-widget-button\" data-id=\"8f401d1\" data-element_type=\"widget\" data-e-type=\"widget\" data-widget_type=\"button.default\">\n\t\t\t\t\t\t\t\t\t\t<a class=\"elementor-button elementor-button-link elementor-size-sm\" href=\"\/economia\/legislacao-9\/\" target=\"_blank\">\n\t\t\t\t\t\t<span class=\"elementor-button-content-wrapper\">\n\t\t\t\t\t\t\t\t\t<span class=\"elementor-button-text\">Legisla\u00e7\u00e3o<\/span>\n\t\t\t\t\t<\/span>\n\t\t\t\t\t<\/a>\n\t\t\t\t\t\t\t\t<\/div>\n\t\t\t\t<\/div>\n\t\t\t\t\t<\/div>\n\t\t\t\t<\/div>\n\t\t\t\t<\/div>\n\t\t","protected":false},"excerpt":{"rendered":"<p>Saiba Mais Termo de Declara\u00e7\u00e3o de D\u00e9bito E-Parcelamento Parcelamento dos d\u00e9bitos via Web Notas T\u00e9cnicas Perguntas e Respostas Legisla\u00e7\u00e3o<\/p>\n","protected":false},"author":1,"featured_media":0,"parent":0,"menu_order":0,"comment_status":"closed","ping_status":"closed","template":"wppb_theme_template","meta":{"footnotes":""},"class_list":["post-19281","page","type-page","status-publish","hentry"],"rttpg_featured_image_url":null,"rttpg_author":{"display_name":"wagner.viana","author_link":"https:\/\/goias.gov.br\/economia\/author\/wagner-viana\/"},"rttpg_comment":0,"rttpg_category":"","rttpg_excerpt":"Saiba Mais Termo de Declara\u00e7\u00e3o de D\u00e9bito E-Parcelamento Parcelamento dos d\u00e9bitos via Web Notas T\u00e9cnicas Perguntas e Respostas Legisla\u00e7\u00e3o","_links":{"self":[{"href":"https:\/\/goias.gov.br\/economia\/wp-json\/wp\/v2\/pages\/19281","targetHints":{"allow":["GET"]}}],"collection":[{"href":"https:\/\/goias.gov.br\/economia\/wp-json\/wp\/v2\/pages"}],"about":[{"href":"https:\/\/goias.gov.br\/economia\/wp-json\/wp\/v2\/types\/page"}],"author":[{"embeddable":true,"href":"https:\/\/goias.gov.br\/economia\/wp-json\/wp\/v2\/users\/1"}],"replies":[{"embeddable":true,"href":"https:\/\/goias.gov.br\/economia\/wp-json\/wp\/v2\/comments?post=19281"}],"version-history":[{"count":2,"href":"https:\/\/goias.gov.br\/economia\/wp-json\/wp\/v2\/pages\/19281\/revisions"}],"predecessor-version":[{"id":415108,"href":"https:\/\/goias.gov.br\/economia\/wp-json\/wp\/v2\/pages\/19281\/revisions\/415108"}],"wp:attachment":[{"href":"https:\/\/goias.gov.br\/economia\/wp-json\/wp\/v2\/media?parent=19281"}],"curies":[{"name":"wp","href":"https:\/\/api.w.org\/{rel}","templated":true}]}}