

{"id":19277,"date":"2023-07-10T17:38:59","date_gmt":"2023-07-10T20:38:59","guid":{"rendered":"https:\/\/wwwdesenv.joomlamultidesenv.go.gov.br\/economia\/?page_id=9758"},"modified":"2026-02-24T14:14:03","modified_gmt":"2026-02-24T17:14:03","slug":"agendamento-de-servicos","status":"publish","type":"page","link":"https:\/\/goias.gov.br\/economia\/agendamento-de-servicos\/","title":{"rendered":"Agendamento de Servi\u00e7os"},"content":{"rendered":"\t\t<div data-elementor-type=\"wp-page\" data-elementor-id=\"19277\" class=\"elementor elementor-19277\">\n\t\t\t\t<div class=\"elementor-element elementor-element-ef3b7ed e-flex e-con-boxed e-con e-parent\" data-id=\"ef3b7ed\" data-element_type=\"container\" data-e-type=\"container\">\n\t\t\t\t\t<div class=\"e-con-inner\">\n\t\t\t\t<div class=\"elementor-element elementor-element-0cf1ab1 elementor-widget elementor-widget-text-editor\" data-id=\"0cf1ab1\" data-element_type=\"widget\" data-e-type=\"widget\" data-widget_type=\"text-editor.default\">\n\t\t\t\t\t\t\t\t\t<p><u>Agendamento autom\u00e1tico\u00a0<\/u>&#8211; <strong>ATEN\u00c7\u00c3O:\u00a0<\/strong>\u00a0Caso\u00a0<strong>N\u00c3O<\/strong> exista atendimento presencial para o servi\u00e7o que procura, a op\u00e7\u00e3o \u00e9 enviar a solicita\u00e7\u00e3o de<a href=\"\/economia\/atendimento-especial-na-receita-confira-onde-buscar-seu-servico\/\" data-wplink-edit=\"true\"> agendamento por E-mail<\/a>.<\/p><p>Para atendimento presencial nas unidades da Secretaria da Economia \u00e9 necess\u00e1rio agendar seu hor\u00e1rio. Para isso, clique em AGENDAR, informe seus dados, escolha o servi\u00e7o desejado e o local de atendimento dentre as op\u00e7\u00f5es dispon\u00edveis.<\/p><p>Contadores e contribuintes respons\u00e1veis por mais de uma empresa devem ter aten\u00e7\u00e3o ao agendar, ser\u00e1 aceito somente um\u00a0 CPF ou CPNPJ por vez de atendimento, sendo que\u00a0 apenas um ser\u00e1 contemplado por hor\u00e1rio agendado. Deve-se inserir o CPF ou CNPJ completo do respons\u00e1vel pelo d\u00e9bito para o qual se deseja atendimento.<\/p><p><strong>Evite filas e seja atendido na hora certa.<\/strong><\/p>\t\t\t\t\t\t\t\t<\/div>\n\t\t\t\t\t<\/div>\n\t\t\t\t<\/div>\n\t\t<div class=\"elementor-element elementor-element-2d11b02 e-flex e-con-boxed e-con e-parent\" data-id=\"2d11b02\" data-element_type=\"container\" data-e-type=\"container\">\n\t\t\t\t\t<div class=\"e-con-inner\">\n\t\t<div class=\"elementor-element elementor-element-19bd6c7 e-con-full e-flex e-con e-child\" data-id=\"19bd6c7\" data-element_type=\"container\" data-e-type=\"container\">\n\t\t\t\t<div class=\"elementor-element elementor-element-8b6ded3 elementor-widget elementor-widget-image\" data-id=\"8b6ded3\" data-element_type=\"widget\" data-e-type=\"widget\" data-widget_type=\"image.default\">\n\t\t\t\t\t\t\t\t\t\t\t\t\t\t\t\t<a href=\"\/economia\/agendar-servico\/\">\n\t\t\t\t\t\t\t<img decoding=\"async\" src=\"https:\/\/goias.gov.br\/economia\/wp-content\/uploads\/sites\/45\/2023\/07\/agendar-servico-icone-1.png\" title=\"\" alt=\"\" loading=\"lazy\" \/>\t\t\t\t\t\t\t\t<\/a>\n\t\t\t\t\t\t\t\t\t\t\t\t\t\t\t<\/div>\n\t\t\t\t<\/div>\n\t\t<div class=\"elementor-element elementor-element-52fe9ba e-con-full e-flex e-con e-child\" data-id=\"52fe9ba\" data-element_type=\"container\" data-e-type=\"container\">\n\t\t\t\t<div class=\"elementor-element elementor-element-3ac4fce elementor-widget elementor-widget-image\" data-id=\"3ac4fce\" data-element_type=\"widget\" data-e-type=\"widget\" data-widget_type=\"image.default\">\n\t\t\t\t\t\t\t\t\t\t\t\t\t\t\t\t<a href=\"\/economia\/consultar-agendamento-de-servicos\/\">\n\t\t\t\t\t\t\t<img decoding=\"async\" src=\"https:\/\/goias.gov.br\/economia\/wp-content\/uploads\/sites\/45\/2023\/07\/consultar-agendamento-servico-icone.png\" title=\"\" alt=\"\" loading=\"lazy\" \/>\t\t\t\t\t\t\t\t<\/a>\n\t\t\t\t\t\t\t\t\t\t\t\t\t\t\t<\/div>\n\t\t\t\t<\/div>\n\t\t\t\t\t<\/div>\n\t\t\t\t<\/div>\n\t\t<div class=\"elementor-element elementor-element-028e136 e-flex e-con-boxed e-con e-parent\" data-id=\"028e136\" data-element_type=\"container\" data-e-type=\"container\">\n\t\t\t\t\t<div class=\"e-con-inner\">\n\t\t\t\t<div class=\"elementor-element elementor-element-cf07a65 elementor-widget elementor-widget-text-editor\" data-id=\"cf07a65\" data-element_type=\"widget\" data-e-type=\"widget\" data-widget_type=\"text-editor.default\">\n\t\t\t\t\t\t\t\t\t<p>INFORMA\u00c7\u00d4ES IMPORTANTES:<\/p><p>1) O Atendimento ser\u00e1 apenas para CPF ou CNPJ agendado e n\u00e3o ser\u00e3o aceitos dados fict\u00edcios ou incompletos. N\u00e3o ser\u00e1\u00a0permitido agendamento em nome de terceiros. Para menores de idade sem CPF poder\u00e1 ser realizado cadastro no nome do respons\u00e1vel, devendo ser comprovado v\u00ednculo no momento do atendimento.<\/p><p>2) \u00c9 necess\u00e1rio comparecer \u00e0 Unidade 10 minutos antes do hor\u00e1rio agendado. No caso de n\u00e3o comparecimento o agendamento ser\u00e1 cancelado ap\u00f3s 10 minutos do hor\u00e1rio previsto.<\/p><p>3) Somente haver\u00e1 atendimento para os servi\u00e7os descritos e com documenta\u00e7\u00e3o completa. Todos os documentos devem ser leg\u00edveis e sem rasuras.<\/p><p>4) Somente ser\u00e1 permitida a entrada de quem ir\u00e1 usufruir do atendimento (exceto para menores de idade, idosos ou pessoas com alguma necessidade comprovada de acompanhamento).\u00a0<\/p>\t\t\t\t\t\t\t\t<\/div>\n\t\t\t\t\t<\/div>\n\t\t\t\t<\/div>\n\t\t\t\t<\/div>\n\t\t","protected":false},"excerpt":{"rendered":"<p>Agendamento autom\u00e1tico\u00a0&#8211; ATEN\u00c7\u00c3O:\u00a0\u00a0Caso\u00a0N\u00c3O exista atendimento presencial para o servi\u00e7o que procura, a op\u00e7\u00e3o \u00e9 enviar a solicita\u00e7\u00e3o de agendamento por E-mail. Para atendimento presencial nas unidades da Secretaria da Economia \u00e9 necess\u00e1rio agendar seu hor\u00e1rio. Para isso, clique em AGENDAR, informe seus dados, escolha o servi\u00e7o desejado e o local de atendimento dentre as op\u00e7\u00f5es [&hellip;]<\/p>\n","protected":false},"author":1,"featured_media":0,"parent":0,"menu_order":0,"comment_status":"closed","ping_status":"closed","template":"wppb_theme_template","meta":{"footnotes":""},"class_list":["post-19277","page","type-page","status-publish","hentry"],"rttpg_featured_image_url":null,"rttpg_author":{"display_name":"wagner.viana","author_link":"https:\/\/goias.gov.br\/economia\/author\/wagner-viana\/"},"rttpg_comment":0,"rttpg_category":null,"rttpg_excerpt":"Agendamento autom\u00e1tico\u00a0&#8211; ATEN\u00c7\u00c3O:\u00a0\u00a0Caso\u00a0N\u00c3O exista atendimento presencial para o servi\u00e7o que procura, a op\u00e7\u00e3o \u00e9 enviar a solicita\u00e7\u00e3o de agendamento por E-mail. Para atendimento presencial nas unidades da Secretaria da Economia \u00e9 necess\u00e1rio agendar seu hor\u00e1rio. Para isso, clique em AGENDAR, informe seus dados, escolha o servi\u00e7o desejado e o local de atendimento dentre as op\u00e7\u00f5es&hellip;","_links":{"self":[{"href":"https:\/\/goias.gov.br\/economia\/wp-json\/wp\/v2\/pages\/19277","targetHints":{"allow":["GET"]}}],"collection":[{"href":"https:\/\/goias.gov.br\/economia\/wp-json\/wp\/v2\/pages"}],"about":[{"href":"https:\/\/goias.gov.br\/economia\/wp-json\/wp\/v2\/types\/page"}],"author":[{"embeddable":true,"href":"https:\/\/goias.gov.br\/economia\/wp-json\/wp\/v2\/users\/1"}],"replies":[{"embeddable":true,"href":"https:\/\/goias.gov.br\/economia\/wp-json\/wp\/v2\/comments?post=19277"}],"version-history":[{"count":2,"href":"https:\/\/goias.gov.br\/economia\/wp-json\/wp\/v2\/pages\/19277\/revisions"}],"predecessor-version":[{"id":413360,"href":"https:\/\/goias.gov.br\/economia\/wp-json\/wp\/v2\/pages\/19277\/revisions\/413360"}],"wp:attachment":[{"href":"https:\/\/goias.gov.br\/economia\/wp-json\/wp\/v2\/media?parent=19277"}],"curies":[{"name":"wp","href":"https:\/\/api.w.org\/{rel}","templated":true}]}}