

{"id":19271,"date":"2023-07-07T15:01:18","date_gmt":"2023-07-07T18:01:18","guid":{"rendered":"https:\/\/wwwdesenv.joomlamultidesenv.go.gov.br\/economia\/?page_id=9721"},"modified":"2026-02-26T15:26:31","modified_gmt":"2026-02-26T18:26:31","slug":"nf-e","status":"publish","type":"page","link":"https:\/\/goias.gov.br\/economia\/nf-e\/","title":{"rendered":"NF-e"},"content":{"rendered":"\t\t<div data-elementor-type=\"wp-page\" data-elementor-id=\"19271\" class=\"elementor elementor-19271\">\n\t\t\t\t<div class=\"elementor-element elementor-element-63cc203 e-flex e-con-boxed e-con e-parent\" data-id=\"63cc203\" data-element_type=\"container\" data-e-type=\"container\">\n\t\t\t\t\t<div class=\"e-con-inner\">\n\t\t<div class=\"elementor-element elementor-element-a671b8a e-con-full e-flex e-con e-child\" data-id=\"a671b8a\" data-element_type=\"container\" data-e-type=\"container\">\n\t\t\t\t<div class=\"elementor-element elementor-element-b2f30ea elementor-widget elementor-widget-shortcode\" data-id=\"b2f30ea\" data-element_type=\"widget\" data-e-type=\"widget\" data-widget_type=\"shortcode.default\">\n\t\t\t\t\t\t\t<div class=\"elementor-shortcode\"><div data-post-id=\"29465\" class=\"insert-page insert-page-29465 \"><h1 class='insert-page-title'>NF-e &#8211; Nota Fiscal Eletr\u00f4nica<\/h1><p>A Nota Fiscal Eletr\u00f4nica <strong>(NF-e, modelo 55)<\/strong> \u00e9 um documento emitido e armazenado eletronicamente, de exist\u00eancia apenas digital, com o intuito de documentar uma opera\u00e7\u00e3o de circula\u00e7\u00e3o de mercadorias ou presta\u00e7\u00e3o de servi\u00e7os ocorrida entre as partes, cuja validade jur\u00eddica \u00e9 garantida pela assinatura digital do emitente e autoriza\u00e7\u00e3o de uso pela administra\u00e7\u00e3o tribut\u00e1ria da unidade federada do contribuinte, antes da ocorr\u00eancia do fato gerador.<\/p>\n<p>Nota Fiscal Eletr\u00f4nica poder\u00e1 ser utilizada em substitui\u00e7\u00e3o \u00e0:<\/p>\n<ul>\n<li>Nota Fiscal, modelo 1 ou 1-A;<\/li>\n<li>Nota Fiscal de Produtor, modelo 4.<\/li>\n<\/ul>\n<h2 class=\"g-title\">Objetivo<\/h2>\n<p>O Projeto NF-e tem como objetivo a implanta\u00e7\u00e3o de um modelo nacional de documento fiscal eletr\u00f4nico que venha substituir a sistem\u00e1tica atual de emiss\u00e3o do documento fiscal em papel, modelos 1 e 1A, simplificando as obriga\u00e7\u00f5es acess\u00f3rias dos contribuintes e permitindo, ao mesmo tempo, o acompanhamento em tempo real das opera\u00e7\u00f5es comerciais pelo Fisco.<\/p>\n<h3 class=\"g-title\"><b>Como preparar sua empresa para a\u00a0emiss\u00e3o da NF-e<\/b><\/h3>\n<p>Para se credenciar para emiss\u00e3o da NF-e, basta seguir os passos abaixo:<\/p>\n<ol>\n<li>Obter Inscri\u00e7\u00e3o estadual junto a Secretaria da Economia e estar em situa\u00e7\u00e3o fiscal regular<\/li>\n<li>Adquirir um Certificado Digital para Pessoa Jur\u00eddica (e-CNPJ) ou e-CPF para produtor rural pessoa f\u00edsica.<\/li>\n<li>Se credenciar no <a href=\"https:\/\/goias.gov.br\/economia\/sobre-o-dte\/\">Domic\u00edlio Tribut\u00e1rio Eletr\u00f4nico &#8211; DT-e<\/a><\/li>\n<li><a href=\"https:\/\/nfe.sefaz.go.gov.br\/nfeweb\/sites\/credenciamento\/principal\" target=\"_blank\" rel=\"noopener\">Se credenciar para emiss\u00e3o da NF-e<\/a>\u00a0(necess\u00e1rio o uso de Certificado Digital)<\/li>\n<li>Desenvolver ou adquirir software emissor NF-e<\/li>\n<\/ol>\n<h3 class=\"g-title\">Legisla\u00e7\u00e3o<\/h3>\n<p class=\"nomarginbottom\"><strong>Confaz:<\/strong><\/p>\n<ul class=\"nomargintop\">\n<li>Institui a Nota Fiscal Eletr\u00f4nica e o Documento Auxiliar da Nota Fiscal Eletr\u00f4nica: <a href=\"https:\/\/www.confaz.fazenda.gov.br\/legislacao\/ajustes\/2005\/aj_007_05\" target=\"_blank\" rel=\"noopener\">Ajuste Sinief 07\/2005<\/a><\/li>\n<li>Estabelece obrigatoriedade da utiliza\u00e7\u00e3o da Nota Fiscal Eletr\u00f4nica: <a href=\"https:\/\/www.confaz.fazenda.gov.br\/legislacao\/protocolos\/2007\/pt010_07\" target=\"_blank\" rel=\"noopener\">Protocolo ICMS 10\/2007<\/a> e <a href=\"https:\/\/www.confaz.fazenda.gov.br\/legislacao\/protocolos\/2009\/pt042_09\" target=\"_blank\" rel=\"noopener\">Protocolo ICMS 42\/2009<\/a><\/li>\n<\/ul>\n<p class=\"nomarginbottom\"><strong>Legisla\u00e7\u00e3o Estadual:<\/strong><\/p>\n<ul class=\"nomargintop\">\n<li>Legisla\u00e7\u00e3o Estadual: <a href=\"https:\/\/appasp.economia.go.gov.br\/legislacao\/arquivos\/Rcte\/RCTE.htm#A167A\" target=\"_blank\" rel=\"noopener\">Art. 167-A do RCTE-GO<\/a><\/li>\n<li>Modelo de documento: <a href=\"https:\/\/appasp.economia.go.gov.br\/legislacao\/arquivos\/Rcte\/RCTE.htm#A114\" target=\"_blank\" rel=\"noopener\">Art. 114, XXIV e XXV do RCTE-GO<\/a><\/li>\n<\/ul>\n<p class=\"nomarginbottom\"><strong>Outras Informa\u00e7\u00f5es:<\/strong><\/p>\n<ul class=\"nomargintop\">\n<li>Manuais de Orienta\u00e7\u00e3o, Notas T\u00e9cnicas, Schemas XML e outros servi\u00e7os de consultas, acesse os portais:\n<ul>\n<li><a href=\"https:\/\/dfe-portal.svrs.rs.gov.br\/\" target=\"_blank\" rel=\"noopener\">Portal dos Documentos Fiscais Eletr\u00f4nicos &#8211; SVRS<\/a><\/li>\n<li><a href=\"https:\/\/www.nfe.fazenda.gov.br\/\" target=\"_blank\" rel=\"noopener\">Portal Nacional da Nota Fiscal Eletr\u00f4nica<\/a><\/li>\n<\/ul>\n<\/li>\n<\/ul>\n<h4 class=\"g-title\"><\/h4>\n<ul class='post-meta'>\n<li><span class='post-meta-key'>tpg-post-view-count:<\/span> 4799<\/li>\n<li><span class='post-meta-key'>rank_math_seo_score:<\/span> 17<\/li>\n<li><span class='post-meta-key'>rank_math_analytic_object_id:<\/span> 3371<\/li>\n<li><span class='post-meta-key'>rank_math_internal_links_processed:<\/span> 1<\/li>\n<li><span class='post-meta-key'>footnotes:<\/span> <\/li>\n<\/ul>\n<\/div><\/div>\n\t\t\t\t\t\t<\/div>\n\t\t\t\t<div class=\"elementor-element elementor-element-da29a79 elementor-widget elementor-widget-shortcode\" data-id=\"da29a79\" data-element_type=\"widget\" data-e-type=\"widget\" data-widget_type=\"shortcode.default\">\n\t\t\t\t\t\t\t<div class=\"elementor-shortcode\"><div data-post-id=\"30426\" class=\"insert-page insert-page-30426 \"><h1 class='insert-page-title'>NF-e: Saiba mais<\/h1><ul>\n<li><a href=\"https:\/\/goias.gov.br\/economia\/beneficios-do-projeto-2\/\">Benef&iacute;cios do Projeto<\/a><\/li>\n<li><a href=\"https:\/\/goias.gov.br\/economia\/ocorrencia-de-problemas-tecnicos-2\/\">Ocorr&ecirc;ncia de Problemas T&eacute;cnicos<\/a><\/li>\n<li><a href=\"https:\/\/goias.gov.br\/economia\/procedimentos-para-aquisicao-de-formularios-de-seguranca\/\">Procedimentos para Aquisi&ccedil;&atilde;o de Formul&aacute;rios de Seguran&ccedil;a<\/a><\/li>\n<\/ul>\n<ul class='post-meta'>\n<li><span class='post-meta-key'>tpg-post-view-count:<\/span> 494<\/li>\n<li><span class='post-meta-key'>rank_math_analytic_object_id:<\/span> 2967<\/li>\n<\/ul>\n<\/div><\/div>\n\t\t\t\t\t\t<\/div>\n\t\t\t\t<\/div>\n\t\t<div class=\"elementor-element elementor-element-5d8c2b3 e-con-full e-flex e-con e-child\" data-id=\"5d8c2b3\" data-element_type=\"container\" data-e-type=\"container\">\n\t\t\t\t<div class=\"elementor-element elementor-element-2e2fdc3 elementor-widget elementor-widget-shortcode\" data-id=\"2e2fdc3\" data-element_type=\"widget\" data-e-type=\"widget\" data-widget_type=\"shortcode.default\">\n\t\t\t\t\t\t\t<div class=\"elementor-shortcode\"><div data-post-id=\"29470\" class=\"insert-page insert-page-29470 \"><h1 class='insert-page-title'>Central de Atendimento<\/h1><p><strong>0300 210 1994<\/strong><br \/>\nD&uacute;vidas sobre legisla&ccedil;&atilde;o e preenchimento da NF-e \/ NFC-e&nbsp;<\/p>\n<p><strong>0800 940 5505 e 4000-1230<\/strong><br \/>\nD&uacute;vidas sobre quest&otilde;es t&eacute;cnicas e operacionais da NF-e \/ NFC-e<\/p>\n<ul class='post-meta'>\n<li><span class='post-meta-key'>tpg-post-view-count:<\/span> 438<\/li>\n<li><span class='post-meta-key'>rank_math_analytic_object_id:<\/span> 3364<\/li>\n<\/ul>\n<\/div><\/div>\n\t\t\t\t\t\t<\/div>\n\t\t\t\t<\/div>\n\t\t\t\t\t<\/div>\n\t\t\t\t<\/div>\n\t\t\t\t<\/div>\n\t\t","protected":false},"excerpt":{"rendered":"","protected":false},"author":1,"featured_media":0,"parent":0,"menu_order":0,"comment_status":"closed","ping_status":"closed","template":"wppb_theme_template","meta":{"footnotes":""},"class_list":["post-19271","page","type-page","status-publish","hentry"],"rttpg_featured_image_url":null,"rttpg_author":{"display_name":"wagner.viana","author_link":"https:\/\/goias.gov.br\/economia\/author\/wagner-viana\/"},"rttpg_comment":0,"rttpg_category":"","rttpg_excerpt":null,"_links":{"self":[{"href":"https:\/\/goias.gov.br\/economia\/wp-json\/wp\/v2\/pages\/19271","targetHints":{"allow":["GET"]}}],"collection":[{"href":"https:\/\/goias.gov.br\/economia\/wp-json\/wp\/v2\/pages"}],"about":[{"href":"https:\/\/goias.gov.br\/economia\/wp-json\/wp\/v2\/types\/page"}],"author":[{"embeddable":true,"href":"https:\/\/goias.gov.br\/economia\/wp-json\/wp\/v2\/users\/1"}],"replies":[{"embeddable":true,"href":"https:\/\/goias.gov.br\/economia\/wp-json\/wp\/v2\/comments?post=19271"}],"version-history":[{"count":2,"href":"https:\/\/goias.gov.br\/economia\/wp-json\/wp\/v2\/pages\/19271\/revisions"}],"predecessor-version":[{"id":418704,"href":"https:\/\/goias.gov.br\/economia\/wp-json\/wp\/v2\/pages\/19271\/revisions\/418704"}],"wp:attachment":[{"href":"https:\/\/goias.gov.br\/economia\/wp-json\/wp\/v2\/media?parent=19271"}],"curies":[{"name":"wp","href":"https:\/\/api.w.org\/{rel}","templated":true}]}}