

{"id":19268,"date":"2023-07-05T13:57:30","date_gmt":"2023-07-05T16:57:30","guid":{"rendered":"https:\/\/wwwdesenv.joomlamultidesenv.go.gov.br\/economia\/?page_id=9694"},"modified":"2026-02-27T08:49:35","modified_gmt":"2026-02-27T11:49:35","slug":"eon-economia-on-line","status":"publish","type":"page","link":"https:\/\/goias.gov.br\/economia\/eon-economia-on-line\/","title":{"rendered":"EON &#8211; Economia On line"},"content":{"rendered":"\t\t<div data-elementor-type=\"wp-page\" data-elementor-id=\"19268\" class=\"elementor elementor-19268\">\n\t\t\t\t<div class=\"elementor-element elementor-element-1767553 e-flex e-con-boxed e-con e-parent\" data-id=\"1767553\" data-element_type=\"container\" data-e-type=\"container\">\n\t\t\t\t\t<div class=\"e-con-inner\">\n\t\t<div class=\"elementor-element elementor-element-6371938 e-con-full e-flex e-con e-child\" data-id=\"6371938\" data-element_type=\"container\" data-e-type=\"container\">\n\t\t\t\t<div class=\"elementor-element elementor-element-a7444cb elementor-widget elementor-widget-text-editor\" data-id=\"a7444cb\" data-element_type=\"widget\" data-e-type=\"widget\" data-widget_type=\"text-editor.default\">\n\t\t\t\t\t\t\t\t\t<figure class=\"image\"><img decoding=\"async\" class=\"aligncenter\" style=\"width: 215px; height: 208px;\" title=\"Baixe na Google Play\" src=\"https:\/\/goias.gov.br\/economia\/wp-content\/uploads\/sites\/45\/2023\/07\/Eon3.jpeg\" alt=\"Qr code google play\" width=\"123\" height=\"119\" \/><figcaption class=\"text-center\"><a href=\"https:\/\/play.google.com\/store\/apps\/details?id=br.gov.goias.eon&amp;hl=pt-BR\">Baixe aqui\u00a0 na Google Play<\/a><\/figcaption><\/figure>\t\t\t\t\t\t\t\t<\/div>\n\t\t\t\t<\/div>\n\t\t<div class=\"elementor-element elementor-element-9672f29 e-con-full e-flex e-con e-child\" data-id=\"9672f29\" data-element_type=\"container\" data-e-type=\"container\">\n\t\t\t\t<div class=\"elementor-element elementor-element-2ff6028 elementor-widget elementor-widget-text-editor\" data-id=\"2ff6028\" data-element_type=\"widget\" data-e-type=\"widget\" data-widget_type=\"text-editor.default\">\n\t\t\t\t\t\t\t\t\t<figure class=\"image align-center\"><img decoding=\"async\" class=\"aligncenter\" style=\"width: 204px; height: 204px;\" title=\"Baixe na Google Play\" src=\"https:\/\/goias.gov.br\/economia\/wp-content\/uploads\/sites\/45\/2023\/07\/GooglePlay.jpg\" alt=\"Qr code google play\" width=\"144\" height=\"144\" \/><figcaption class=\"text-center\"><a href=\"https:\/\/play.google.com\/store\/apps\/details?id=br.gov.goias.eon&amp;hl=pt-BR\">Baixe aqui\u00a0 na Google Play<\/a><\/figcaption><\/figure>\t\t\t\t\t\t\t\t<\/div>\n\t\t\t\t<\/div>\n\t\t<div class=\"elementor-element elementor-element-dd80b0b e-con-full e-flex e-con e-child\" data-id=\"dd80b0b\" data-element_type=\"container\" data-e-type=\"container\">\n\t\t\t\t<div class=\"elementor-element elementor-element-e9bf8e9 elementor-widget elementor-widget-text-editor\" data-id=\"e9bf8e9\" data-element_type=\"widget\" data-e-type=\"widget\" data-widget_type=\"text-editor.default\">\n\t\t\t\t\t\t\t\t\t<figure class=\"image align-center\"><img decoding=\"async\" class=\"aligncenter\" style=\"width: 202px; height: 202px;\" title=\"\" src=\"https:\/\/goias.gov.br\/economia\/wp-content\/uploads\/sites\/45\/2023\/07\/applestore.jpg\" alt=\"QR Code para app store\" width=\"145\" height=\"145\" \/><figcaption class=\"text-center\"><a href=\"https:\/\/apps.apple.com\/us\/app\/eon\/id1473626946\">Baixe aqui na App Store<\/a><\/figcaption><\/figure>\t\t\t\t\t\t\t\t<\/div>\n\t\t\t\t<\/div>\n\t\t\t\t\t<\/div>\n\t\t\t\t<\/div>\n\t\t<div class=\"elementor-element elementor-element-1ab402a e-flex e-con-boxed e-con e-parent\" data-id=\"1ab402a\" data-element_type=\"container\" data-e-type=\"container\">\n\t\t\t\t\t<div class=\"e-con-inner\">\n\t\t\t\t<div class=\"elementor-element elementor-element-e7b5f80 elementor-widget elementor-widget-text-editor\" data-id=\"e7b5f80\" data-element_type=\"widget\" data-e-type=\"widget\" data-widget_type=\"text-editor.default\">\n\t\t\t\t\t\t\t\t\t<p style=\"font-weight: 400;\">O\u00a0<strong>Aplicativo EON &#8211; Economia Online<\/strong>\u00a0\u00e9 mais uma ferramenta da Secretaria da Economia que visa facilitar o acesso a servi\u00e7os e informa\u00e7\u00f5es. O APP, dispon\u00edvel para IOS e Android, \u00e9 mais um canal de comunica\u00e7\u00e3o r\u00e1pido e eficiente, destinado ao contribuinte, a alta administra\u00e7\u00e3o do Governo de Goi\u00e1s e aos Auditores Fiscais da Economia.\u00a0<\/p><p style=\"font-weight: 400;\">\u00a0Por meio do EON, s\u00e3o disponibilizados servi\u00e7os p\u00fablicos como:<\/p><ul><li style=\"font-weight: 400;\">Pagamento de tributos (IPVA, ICMS,ITCD, Multa Formal Tribut\u00e1ria)<\/li><li style=\"font-weight: 400;\">Agendamento de Atendimento<\/li><\/ul><p style=\"font-weight: 400;\">\u00a0O usu\u00e1rio tamb\u00e9m pode acessar a op\u00e7\u00e3o &#8220;<strong>Melhor Compra<\/strong>&#8221; e verificar os valores praticados por postos de combust\u00edveis pr\u00f3ximos \u00e0 sua localiza\u00e7\u00e3o.<\/p><p><strong><a href=\"\/economia\/abasteca\/\" data-cke-saved-href=\"index.php?option=com_content&amp;view=article&amp;id=6920&amp;catid=39\">Veja aqui as PERGUNTAS E RESPOSTAS do Melhor Compra &#8211; combust\u00edvel<\/a><\/strong><\/p><p>O EON tamb\u00e9m disponibiliza mais duas ferramentas que buscam dar transpar\u00eancia \u00e0 popula\u00e7\u00e3o trazendo boletins:\u00a0\u00a0<\/p><ul><li>Boletins Informativos \u2013 disponibiliza Boletim da Secretaria da Economia, Boletim Receita, Boletim Planejamento e Or\u00e7amento e Boletim Tesouro<\/li><\/ul><p><strong><a href=\"\/economia\/politica-de-privacidade-eon\/\">Acesse aqui a Pol\u00edtica de Privacidade do EON<\/a><\/strong><\/p><div class=\"e-mailit_toolbox square size24 rounded\" data-emailit-url=\"https:\/\/www.economia.go.gov.br\/component\/content\/article\/39-servicos\/6921-eon-economia-on-line.html?Itemid=101\" data-emailit-title=\"EON - Economia On line\" data-text-color=\"#ffffff\">\u00a0<\/div>\t\t\t\t\t\t\t\t<\/div>\n\t\t\t\t\t<\/div>\n\t\t\t\t<\/div>\n\t\t\t\t<\/div>\n\t\t","protected":false},"excerpt":{"rendered":"<p>Baixe aqui\u00a0 na Google Play Baixe aqui\u00a0 na Google Play Baixe aqui na App Store O\u00a0Aplicativo EON &#8211; Economia Online\u00a0\u00e9 mais uma ferramenta da Secretaria da Economia que visa facilitar o acesso a servi\u00e7os e informa\u00e7\u00f5es. O APP, dispon\u00edvel para IOS e Android, \u00e9 mais um canal de comunica\u00e7\u00e3o r\u00e1pido e eficiente, destinado ao contribuinte, [&hellip;]<\/p>\n","protected":false},"author":1,"featured_media":0,"parent":0,"menu_order":0,"comment_status":"closed","ping_status":"closed","template":"wppb_theme_template","meta":{"footnotes":""},"class_list":["post-19268","page","type-page","status-publish","hentry"],"rttpg_featured_image_url":null,"rttpg_author":{"display_name":"wagner.viana","author_link":"https:\/\/goias.gov.br\/economia\/author\/wagner-viana\/"},"rttpg_comment":0,"rttpg_category":null,"rttpg_excerpt":"Baixe aqui\u00a0 na Google Play Baixe aqui\u00a0 na Google Play Baixe aqui na App Store O\u00a0Aplicativo EON &#8211; Economia Online\u00a0\u00e9 mais uma ferramenta da Secretaria da Economia que visa facilitar o acesso a servi\u00e7os e informa\u00e7\u00f5es. O APP, dispon\u00edvel para IOS e Android, \u00e9 mais um canal de comunica\u00e7\u00e3o r\u00e1pido e eficiente, destinado ao contribuinte,&hellip;","_links":{"self":[{"href":"https:\/\/goias.gov.br\/economia\/wp-json\/wp\/v2\/pages\/19268","targetHints":{"allow":["GET"]}}],"collection":[{"href":"https:\/\/goias.gov.br\/economia\/wp-json\/wp\/v2\/pages"}],"about":[{"href":"https:\/\/goias.gov.br\/economia\/wp-json\/wp\/v2\/types\/page"}],"author":[{"embeddable":true,"href":"https:\/\/goias.gov.br\/economia\/wp-json\/wp\/v2\/users\/1"}],"replies":[{"embeddable":true,"href":"https:\/\/goias.gov.br\/economia\/wp-json\/wp\/v2\/comments?post=19268"}],"version-history":[{"count":2,"href":"https:\/\/goias.gov.br\/economia\/wp-json\/wp\/v2\/pages\/19268\/revisions"}],"predecessor-version":[{"id":420596,"href":"https:\/\/goias.gov.br\/economia\/wp-json\/wp\/v2\/pages\/19268\/revisions\/420596"}],"wp:attachment":[{"href":"https:\/\/goias.gov.br\/economia\/wp-json\/wp\/v2\/media?parent=19268"}],"curies":[{"name":"wp","href":"https:\/\/api.w.org\/{rel}","templated":true}]}}