

{"id":19264,"date":"2023-07-03T15:00:17","date_gmt":"2023-07-03T18:00:17","guid":{"rendered":"https:\/\/wwwdesenv.joomlamultidesenv.go.gov.br\/economia\/?page_id=9673"},"modified":"2026-03-23T09:55:38","modified_gmt":"2026-03-23T12:55:38","slug":"ipva-restituicao-de-valores","status":"publish","type":"page","link":"https:\/\/goias.gov.br\/economia\/ipva-restituicao-de-valores\/","title":{"rendered":"IPVA \u2013 Restitui\u00e7\u00e3o de Valores"},"content":{"rendered":"\t\t<div data-elementor-type=\"wp-page\" data-elementor-id=\"19264\" class=\"elementor elementor-19264\">\n\t\t\t\t<div class=\"elementor-element elementor-element-fc27ec1 e-flex e-con-boxed e-con e-parent\" data-id=\"fc27ec1\" data-element_type=\"container\" data-e-type=\"container\">\n\t\t\t\t\t<div class=\"e-con-inner\">\n\t\t\t\t<div class=\"elementor-element elementor-element-d515c10 elementor-widget elementor-widget-heading\" data-id=\"d515c10\" data-element_type=\"widget\" data-e-type=\"widget\" data-widget_type=\"heading.default\">\n\t\t\t\t\t<h2 class=\"elementor-heading-title elementor-size-default\">IPVA \u2013 Restitui\u00e7\u00e3o de Valores<\/h2>\t\t\t\t<\/div>\n\t\t\t\t<div class=\"elementor-element elementor-element-1f878da elementor-widget elementor-widget-text-editor\" data-id=\"1f878da\" data-element_type=\"widget\" data-e-type=\"widget\" data-widget_type=\"text-editor.default\">\n\t\t\t\t\t\t\t\t\t<p><span style=\"font-size: 12pt;\">\u00a0 J\u00e1 sabe como fazer o pedido, ent\u00e3o : <\/span><\/p><p><span style=\"font-size: 12pt;\">Pessoa F\u00cdSICA:<strong>\u00a0<a href=\"https:\/\/portal.sefaz.go.gov.br\/portalsefaz-apps\/auth\/login-form\" target=\"_blank\" rel=\"noopener noreferrer\">Clique aqui<br \/><\/a><\/strong>Pessoa JUR\u00cdDICA: <strong><a href=\"https:\/\/plataformadigital.sefaz.go.gov.br\/pdp\/\">Clique aqui<\/a>\u00a0(necess\u00e1rio certificado digital)<\/strong><\/span><\/p><p><span style=\"font-size: 12pt;\"><strong>*<\/strong>Os links acima s\u00e3o <strong>exclusivos<\/strong> para restitui\u00e7\u00e3o de boleto ou Dua emitido pelo <a href=\"https:\/\/goias.gov.br\/detran\/\">Detran<\/a><\/span><\/p><p>\u00a0<\/p>\t\t\t\t\t\t\t\t<\/div>\n\t\t\t\t<div class=\"elementor-element elementor-element-83cf9e8 elementor-widget elementor-widget-n-accordion\" data-id=\"83cf9e8\" data-element_type=\"widget\" data-e-type=\"widget\" data-settings=\"{&quot;default_state&quot;:&quot;all_collapsed&quot;,&quot;max_items_expended&quot;:&quot;one&quot;,&quot;n_accordion_animation_duration&quot;:{&quot;unit&quot;:&quot;ms&quot;,&quot;size&quot;:400,&quot;sizes&quot;:[]}}\" data-widget_type=\"nested-accordion.default\">\n\t\t\t\t\t\t\t<div class=\"e-n-accordion\" aria-label=\"Accordion. Open links with Enter or Space, close with Escape, and navigate with Arrow Keys\">\n\t\t\t\t\t\t<details id=\"e-n-accordion-item-1380\" class=\"e-n-accordion-item\" >\n\t\t\t\t<summary class=\"e-n-accordion-item-title\" data-accordion-index=\"1\" tabindex=\"0\" aria-expanded=\"false\" aria-controls=\"e-n-accordion-item-1380\" >\n\t\t\t\t\t<span class='e-n-accordion-item-title-header'><div class=\"e-n-accordion-item-title-text\"> Descri\u00e7\u00e3o <\/div><\/span>\n\t\t\t\t\t\t\t<span class='e-n-accordion-item-title-icon'>\n\t\t\t<span class='e-opened' ><svg aria-hidden=\"true\" class=\"e-font-icon-svg e-fas-angle-down\" viewBox=\"0 0 320 512\" xmlns=\"http:\/\/www.w3.org\/2000\/svg\"><path d=\"M143 352.3L7 216.3c-9.4-9.4-9.4-24.6 0-33.9l22.6-22.6c9.4-9.4 24.6-9.4 33.9 0l96.4 96.4 96.4-96.4c9.4-9.4 24.6-9.4 33.9 0l22.6 22.6c9.4 9.4 9.4 24.6 0 33.9l-136 136c-9.2 9.4-24.4 9.4-33.8 0z\"><\/path><\/svg><\/span>\n\t\t\t<span class='e-closed'><svg aria-hidden=\"true\" class=\"e-font-icon-svg e-fas-angle-right\" viewBox=\"0 0 256 512\" xmlns=\"http:\/\/www.w3.org\/2000\/svg\"><path d=\"M224.3 273l-136 136c-9.4 9.4-24.6 9.4-33.9 0l-22.6-22.6c-9.4-9.4-9.4-24.6 0-33.9l96.4-96.4-96.4-96.4c-9.4-9.4-9.4-24.6 0-33.9L54.3 103c9.4-9.4 24.6-9.4 33.9 0l136 136c9.5 9.4 9.5 24.6.1 34z\"><\/path><\/svg><\/span>\n\t\t<\/span>\n\n\t\t\t\t\t\t<\/summary>\n\t\t\t\t<div role=\"region\" aria-labelledby=\"e-n-accordion-item-1380\" class=\"elementor-element elementor-element-26901e8 e-con-full e-flex e-con e-child\" data-id=\"26901e8\" data-element_type=\"container\" data-e-type=\"container\">\n\t\t\t\t<div class=\"elementor-element elementor-element-9e676c0 elementor-widget elementor-widget-text-editor\" data-id=\"9e676c0\" data-element_type=\"widget\" data-e-type=\"widget\" data-widget_type=\"text-editor.default\">\n\t\t\t\t\t\t\t\t\t<div style=\"text-align: justify;\"><div><span style=\"font-family: Calibri, sans-serif; font-size: 12pt;\"><strong>NESTA SE\u00c7\u00c3O<\/strong>\u00a0voc\u00ea poder\u00e1 pedir a restitui\u00e7\u00e3o quando o pagamento do IPVA foi realizado em documento emitido pelo DETRAN (<strong>Boleto ou DUA<\/strong>) nos seguintes casos:<\/span><\/div><ol style=\"list-style-type: upper-alpha;\"><li><span style=\"font-family: Calibri, sans-serif; font-size: 12pt;\"><span style=\"color: black; font-family: 'Open Sans', sans-serif;\">pagamento de tributos, multas e outros acr\u00e9scimos, indevidos ou maiores que o devido;<\/span><\/span><\/li><li><span style=\"font-family: Calibri, sans-serif; font-size: 12pt;\"><span style=\"color: black; font-family: 'Open Sans', sans-serif;\">inutiliza\u00e7\u00e3o, perda, perecimento ou subtra\u00e7\u00e3o injusta do ve\u00edculo ap\u00f3s o pagamento do IPVA;<\/span><\/span><\/li><li><span style=\"font-family: Calibri, sans-serif; font-size: 12pt;\"><span style=\"color: black; font-family: 'Open Sans', sans-serif;\">ocorr\u00eancia da n\u00e3o-incid\u00eancia e da isen\u00e7\u00e3o do IPVA ap\u00f3s o pagamento do imposto.<\/span><\/span><\/li><\/ol><div><span style=\"font-family: Calibri, sans-serif; font-size: 12pt;\"><span style=\"color: black; font-family: 'Open Sans', sans-serif;\">Se o pagamento de IPVA que deseja restitui\u00e7\u00e3o foi realizado num Documento de Arrecada\u00e7\u00e3o da Receita Estadual (DARE) emitido pela pasta fazend\u00e1ria ent\u00e3o seu d\u00e9bito estava inserido num Processo Administrativo Tribut\u00e1rio (PAT) logo o pedido deve ser apresentado no \u00f3rg\u00e3o julgador Conselho Administrativo Tribut\u00e1rio \u2013 CAT juntamente com o formul\u00e1rio,\u00a0<\/span><a href=\"https:\/\/www.sefaz.go.gov.br\/cat\/arquivos\/manual-de-defesa-fiscal.pdf\" target=\"_blank\" rel=\"noopener noreferrer\"><span style=\"font-family: 'Open Sans', sans-serif;\">clique aqui<\/span><\/a><span style=\"color: black; font-family: 'Open Sans', sans-serif;\">.<\/span><\/span><\/div><div>\u00a0<\/div><div><span style=\"font-family: Calibri, sans-serif; font-size: 12pt;\"><span style=\"color: black; font-family: 'Open Sans', sans-serif;\">Exemplos de situa\u00e7\u00f5es para o CAT:<\/span><\/span><\/div><ol style=\"list-style-type: lower-roman;\"><li><span style=\"font-family: Calibri, sans-serif; font-size: 12pt;\"><span style=\"color: black; font-family: 'Open Sans', sans-serif;\">erro de identifica\u00e7\u00e3o do sujeito passivo, na determina\u00e7\u00e3o da al\u00edquota aplic\u00e1vel, no c\u00e1lculo do montante do d\u00e9bito ou na elabora\u00e7\u00e3o ou confer\u00eancia de qualquer documento relativo ao pagamento;<\/span><\/span><\/li><li><span style=\"font-family: Calibri, sans-serif; font-size: 12pt;\"><span style=\"color: black; font-family: 'Open Sans', sans-serif;\">reforma, anula\u00e7\u00e3o, revoga\u00e7\u00e3o ou rescis\u00e3o de decis\u00e3o condenat\u00f3ria;<\/span><\/span><\/li><li><span style=\"font-family: Calibri, sans-serif; font-size: 12pt;\"><span style=\"color: black; font-family: 'Open Sans', sans-serif;\">Pagamento em duplicidade: integral ou de parcelas do parcelamento.<\/span><\/span><\/li><\/ol><div>A Pasta Fazend\u00e1ria \u00e9 competente para analisar a restitui\u00e7\u00e3o do IPVA.\u00a0A restitui\u00e7\u00e3o do Licenciamento deve ser solicitada no DETRAN.<\/div><div>As restitui\u00e7\u00f5es do Seguro-DPVAT e das Infra\u00e7\u00f5es de Tr\u00e2nsito devem ser solicitadas nos \u00f3rg\u00e3os de compet\u00eancia.<\/div><\/div>\t\t\t\t\t\t\t\t<\/div>\n\t\t\t\t<\/div>\n\t\t\t\t\t<\/details>\n\t\t\t\t\t\t<details id=\"e-n-accordion-item-1381\" class=\"e-n-accordion-item\" >\n\t\t\t\t<summary class=\"e-n-accordion-item-title\" data-accordion-index=\"2\" tabindex=\"-1\" aria-expanded=\"false\" aria-controls=\"e-n-accordion-item-1381\" >\n\t\t\t\t\t<span class='e-n-accordion-item-title-header'><div class=\"e-n-accordion-item-title-text\">  Prazo de atendimento <\/div><\/span>\n\t\t\t\t\t\t\t<span class='e-n-accordion-item-title-icon'>\n\t\t\t<span class='e-opened' ><svg aria-hidden=\"true\" class=\"e-font-icon-svg e-fas-angle-down\" viewBox=\"0 0 320 512\" xmlns=\"http:\/\/www.w3.org\/2000\/svg\"><path d=\"M143 352.3L7 216.3c-9.4-9.4-9.4-24.6 0-33.9l22.6-22.6c9.4-9.4 24.6-9.4 33.9 0l96.4 96.4 96.4-96.4c9.4-9.4 24.6-9.4 33.9 0l22.6 22.6c9.4 9.4 9.4 24.6 0 33.9l-136 136c-9.2 9.4-24.4 9.4-33.8 0z\"><\/path><\/svg><\/span>\n\t\t\t<span class='e-closed'><svg aria-hidden=\"true\" class=\"e-font-icon-svg e-fas-angle-right\" viewBox=\"0 0 256 512\" xmlns=\"http:\/\/www.w3.org\/2000\/svg\"><path d=\"M224.3 273l-136 136c-9.4 9.4-24.6 9.4-33.9 0l-22.6-22.6c-9.4-9.4-9.4-24.6 0-33.9l96.4-96.4-96.4-96.4c-9.4-9.4-9.4-24.6 0-33.9L54.3 103c9.4-9.4 24.6-9.4 33.9 0l136 136c9.5 9.4 9.5 24.6.1 34z\"><\/path><\/svg><\/span>\n\t\t<\/span>\n\n\t\t\t\t\t\t<\/summary>\n\t\t\t\t<div role=\"region\" aria-labelledby=\"e-n-accordion-item-1381\" class=\"elementor-element elementor-element-974ee03 e-con-full e-flex e-con e-child\" data-id=\"974ee03\" data-element_type=\"container\" data-e-type=\"container\">\n\t\t\t\t<div class=\"elementor-element elementor-element-4e2eeda elementor-widget elementor-widget-text-editor\" data-id=\"4e2eeda\" data-element_type=\"widget\" data-e-type=\"widget\" data-widget_type=\"text-editor.default\">\n\t\t\t\t\t\t\t\t\t<p>90 dias<\/p>\t\t\t\t\t\t\t\t<\/div>\n\t\t\t\t<\/div>\n\t\t\t\t\t<\/details>\n\t\t\t\t\t\t<details id=\"e-n-accordion-item-1382\" class=\"e-n-accordion-item\" >\n\t\t\t\t<summary class=\"e-n-accordion-item-title\" data-accordion-index=\"3\" tabindex=\"-1\" aria-expanded=\"false\" aria-controls=\"e-n-accordion-item-1382\" >\n\t\t\t\t\t<span class='e-n-accordion-item-title-header'><div class=\"e-n-accordion-item-title-text\"> Documentos necess\u00e1rios <\/div><\/span>\n\t\t\t\t\t\t\t<span class='e-n-accordion-item-title-icon'>\n\t\t\t<span class='e-opened' ><svg aria-hidden=\"true\" class=\"e-font-icon-svg e-fas-angle-down\" viewBox=\"0 0 320 512\" xmlns=\"http:\/\/www.w3.org\/2000\/svg\"><path d=\"M143 352.3L7 216.3c-9.4-9.4-9.4-24.6 0-33.9l22.6-22.6c9.4-9.4 24.6-9.4 33.9 0l96.4 96.4 96.4-96.4c9.4-9.4 24.6-9.4 33.9 0l22.6 22.6c9.4 9.4 9.4 24.6 0 33.9l-136 136c-9.2 9.4-24.4 9.4-33.8 0z\"><\/path><\/svg><\/span>\n\t\t\t<span class='e-closed'><svg aria-hidden=\"true\" class=\"e-font-icon-svg e-fas-angle-right\" viewBox=\"0 0 256 512\" xmlns=\"http:\/\/www.w3.org\/2000\/svg\"><path d=\"M224.3 273l-136 136c-9.4 9.4-24.6 9.4-33.9 0l-22.6-22.6c-9.4-9.4-9.4-24.6 0-33.9l96.4-96.4-96.4-96.4c-9.4-9.4-9.4-24.6 0-33.9L54.3 103c9.4-9.4 24.6-9.4 33.9 0l136 136c9.5 9.4 9.5 24.6.1 34z\"><\/path><\/svg><\/span>\n\t\t<\/span>\n\n\t\t\t\t\t\t<\/summary>\n\t\t\t\t<div role=\"region\" aria-labelledby=\"e-n-accordion-item-1382\" class=\"elementor-element elementor-element-e7ae005 e-con-full e-flex e-con e-child\" data-id=\"e7ae005\" data-element_type=\"container\" data-e-type=\"container\">\n\t\t\t\t<div class=\"elementor-element elementor-element-35fae4a elementor-widget elementor-widget-text-editor\" data-id=\"35fae4a\" data-element_type=\"widget\" data-e-type=\"widget\" data-widget_type=\"text-editor.default\">\n\t\t\t\t\t\t\t\t\t<div style=\"text-align: justify;\"><ol style=\"list-style-type: lower-alpha;\"><li>Restitui\u00e7\u00e3o de IPVA Pago a Maior &#8211; DESCONTO DE 50% &#8211; c\u00f3pia do cart\u00e3o banc\u00e1rio<\/li><li>Restitui\u00e7\u00e3o de IPVA Pago Em Duplicidade \u2013 c\u00f3pia do cart\u00e3o banc\u00e1rio<\/li><li>Restitui\u00e7\u00e3o de IPVA Pago Indevidamente \u2013 FURTO\/ROUBO &#8211; c\u00f3pia do cart\u00e3o banc\u00e1rio; c\u00f3pia do boletim de ocorr\u00eancia<\/li><li>Restitui\u00e7\u00e3o de IPVA Pago Indevidamente \u2013 ISENTO \u2013 c\u00f3pia do cart\u00e3o banc\u00e1rio; c\u00f3pia do ato declarat\u00f3rio comprovando a isen\u00e7\u00e3o.<\/li><li>Restitui\u00e7\u00e3o de IPVA Indevidamente \u2013 N\u00c3O INCIDENTE \/ ISENTO &#8211; c\u00f3pia do cart\u00e3o banc\u00e1rio; c\u00f3pia do documento comprobat\u00f3rio da isen\u00e7\u00e3o ou n\u00e3o incid\u00eancia.<\/li><li>Restitui\u00e7\u00e3o de IPVA Pago Indevidamente \u2013 PERDA TOTAL &#8211; c\u00f3pia do cart\u00e3o banc\u00e1rio. Providenciar a baixa do ve\u00edculo previamente.<\/li><li>Restitui\u00e7\u00e3o de Acr\u00e9scimos Legais sobre o IPVA &#8211; c\u00f3pia do cart\u00e3o banc\u00e1rio<\/li><\/ol><\/div>\t\t\t\t\t\t\t\t<\/div>\n\t\t\t\t<\/div>\n\t\t\t\t\t<\/details>\n\t\t\t\t\t\t<details id=\"e-n-accordion-item-1383\" class=\"e-n-accordion-item\" >\n\t\t\t\t<summary class=\"e-n-accordion-item-title\" data-accordion-index=\"4\" tabindex=\"-1\" aria-expanded=\"false\" aria-controls=\"e-n-accordion-item-1383\" >\n\t\t\t\t\t<span class='e-n-accordion-item-title-header'><div class=\"e-n-accordion-item-title-text\"> Como proceder <\/div><\/span>\n\t\t\t\t\t\t\t<span class='e-n-accordion-item-title-icon'>\n\t\t\t<span class='e-opened' ><svg aria-hidden=\"true\" class=\"e-font-icon-svg e-fas-angle-down\" viewBox=\"0 0 320 512\" xmlns=\"http:\/\/www.w3.org\/2000\/svg\"><path d=\"M143 352.3L7 216.3c-9.4-9.4-9.4-24.6 0-33.9l22.6-22.6c9.4-9.4 24.6-9.4 33.9 0l96.4 96.4 96.4-96.4c9.4-9.4 24.6-9.4 33.9 0l22.6 22.6c9.4 9.4 9.4 24.6 0 33.9l-136 136c-9.2 9.4-24.4 9.4-33.8 0z\"><\/path><\/svg><\/span>\n\t\t\t<span class='e-closed'><svg aria-hidden=\"true\" class=\"e-font-icon-svg e-fas-angle-right\" viewBox=\"0 0 256 512\" xmlns=\"http:\/\/www.w3.org\/2000\/svg\"><path d=\"M224.3 273l-136 136c-9.4 9.4-24.6 9.4-33.9 0l-22.6-22.6c-9.4-9.4-9.4-24.6 0-33.9l96.4-96.4-96.4-96.4c-9.4-9.4-9.4-24.6 0-33.9L54.3 103c9.4-9.4 24.6-9.4 33.9 0l136 136c9.5 9.4 9.5 24.6.1 34z\"><\/path><\/svg><\/span>\n\t\t<\/span>\n\n\t\t\t\t\t\t<\/summary>\n\t\t\t\t<div role=\"region\" aria-labelledby=\"e-n-accordion-item-1383\" class=\"elementor-element elementor-element-b7c92ed e-con-full e-flex e-con e-child\" data-id=\"b7c92ed\" data-element_type=\"container\" data-e-type=\"container\">\n\t\t\t\t<div class=\"elementor-element elementor-element-9add94a elementor-widget elementor-widget-text-editor\" data-id=\"9add94a\" data-element_type=\"widget\" data-e-type=\"widget\" data-widget_type=\"text-editor.default\">\n\t\t\t\t\t\t\t\t\t<div style=\"text-align: justify;\"><div style=\"text-align: justify;\"><p><strong>Se Pessoa F\u00edsica:<\/strong> Se cadastrar no <strong><a href=\"https:\/\/portal.sefaz.go.gov.br\/portalsefaz-apps\/auth\/login-form\">Portal de Aplica\u00e7\u00f5es<\/a><\/strong><br \/><strong>Se Pessoa Jur\u00eddica:<\/strong> acessar link espec\u00edfico<\/p><ol style=\"list-style-type: lower-alpha;\"><li>Acessar a Plataforma Digital de Processos &#8211; PDP<\/li><li>Informar o motivo do pedido de restitui\u00e7\u00e3o<\/li><li>Preencher os campos necess\u00e1rios para a solicita\u00e7\u00e3o.<\/li><li>Fornecer a c\u00f3pia dos documentos solicitados, conforme o motivo selecionado.<\/li><li>Finalizar a solicita\u00e7\u00e3o<\/li><li>Acompanhar o andamento da solicita\u00e7\u00e3o na PDP.<\/li><\/ol><\/div><\/div>\t\t\t\t\t\t\t\t<\/div>\n\t\t\t\t<\/div>\n\t\t\t\t\t<\/details>\n\t\t\t\t\t\t<details id=\"e-n-accordion-item-1384\" class=\"e-n-accordion-item\" >\n\t\t\t\t<summary class=\"e-n-accordion-item-title\" data-accordion-index=\"5\" tabindex=\"-1\" aria-expanded=\"false\" aria-controls=\"e-n-accordion-item-1384\" >\n\t\t\t\t\t<span class='e-n-accordion-item-title-header'><div class=\"e-n-accordion-item-title-text\"> Observa\u00e7\u00f5es <\/div><\/span>\n\t\t\t\t\t\t\t<span class='e-n-accordion-item-title-icon'>\n\t\t\t<span class='e-opened' ><svg aria-hidden=\"true\" class=\"e-font-icon-svg e-fas-angle-down\" viewBox=\"0 0 320 512\" xmlns=\"http:\/\/www.w3.org\/2000\/svg\"><path d=\"M143 352.3L7 216.3c-9.4-9.4-9.4-24.6 0-33.9l22.6-22.6c9.4-9.4 24.6-9.4 33.9 0l96.4 96.4 96.4-96.4c9.4-9.4 24.6-9.4 33.9 0l22.6 22.6c9.4 9.4 9.4 24.6 0 33.9l-136 136c-9.2 9.4-24.4 9.4-33.8 0z\"><\/path><\/svg><\/span>\n\t\t\t<span class='e-closed'><svg aria-hidden=\"true\" class=\"e-font-icon-svg e-fas-angle-right\" viewBox=\"0 0 256 512\" xmlns=\"http:\/\/www.w3.org\/2000\/svg\"><path d=\"M224.3 273l-136 136c-9.4 9.4-24.6 9.4-33.9 0l-22.6-22.6c-9.4-9.4-9.4-24.6 0-33.9l96.4-96.4-96.4-96.4c-9.4-9.4-9.4-24.6 0-33.9L54.3 103c9.4-9.4 24.6-9.4 33.9 0l136 136c9.5 9.4 9.5 24.6.1 34z\"><\/path><\/svg><\/span>\n\t\t<\/span>\n\n\t\t\t\t\t\t<\/summary>\n\t\t\t\t<div role=\"region\" aria-labelledby=\"e-n-accordion-item-1384\" class=\"elementor-element elementor-element-d7d6662 e-con-full e-flex e-con e-child\" data-id=\"d7d6662\" data-element_type=\"container\" data-e-type=\"container\">\n\t\t\t\t<div class=\"elementor-element elementor-element-3cbc360 elementor-widget elementor-widget-text-editor\" data-id=\"3cbc360\" data-element_type=\"widget\" data-e-type=\"widget\" data-widget_type=\"text-editor.default\">\n\t\t\t\t\t\t\t\t\t<div style=\"text-align: justify;\"><div style=\"text-align: justify;\"><p><strong>Aviso: <\/strong><\/p><p><strong>1 &#8211; Dedu\u00e7\u00e3o de 5%<\/strong><\/p><p>Conforme o Art. 175, \u00a7 3\u00ba da Lei 11.651\/91 das restitui\u00e7\u00f5es ser\u00e1 deduzida a import\u00e2ncia correspondente a 5% (cinco por cento) do total a ser restitu\u00eddo, que se destinar\u00e1 ao atendimento das despesas de exa\u00e7\u00e3o, limitada a dedu\u00e7\u00e3o ao equivalente ao valor de R$ 5.559,65 (cinco mil quinhentos e cinquenta e nove reais e sessenta e cinco centavos). Valor a partir de 01\/02\/2020 corrigido a cada 12 meses sempre em 1\u00ba\/Fev conforme Art. 2\u00ba das Disposi\u00e7\u00f5es Transit\u00f3rias da mesma Lei.<\/p><p><strong>2 &#8211; Dedu\u00e7\u00e3o do valor da TED se conta n\u00e3o for da Caixa Econ\u00f4mica Federal\u00a0 &#8211; CEF<\/strong><\/p><p>Se o requerente da restitui\u00e7\u00e3o informar conta em banco diversa da Institui\u00e7\u00e3o Banc\u00e1ria contratada pelo Estado para centralizar a sua movimenta\u00e7\u00e3o financeira ser\u00e1 deduzido do cr\u00e9dito a tarifa de TED (Transfer\u00eancia Eletr\u00f4nica Dispon\u00edvel). O Estado centraliza suas opera\u00e7\u00f5es financeiras na Caixa Econ\u00f4mica Federal. Conforme Art. 4\u00ba da Lei 18.364\/14<\/p><p>Se voc\u00ea tiver alguma d\u00favida sobre como proceder para realizar o pedido de restitui\u00e7\u00e3o, consulte:<\/p><ul><li>\u00a0<a href=\"\/economia\/wp-content\/uploads\/sites\/45\/files\/Plat_Digital_Processos\/ManualdoPortal.pdf\">Manual do Portal de Aplica\u00e7\u00f5es<\/a>, se a d\u00favida persistir, voc\u00ea pode ligar\u00a0para a Central de TI: 3309-6900<\/li><li>\u00a0<a href=\"\/economia\/wp-content\/uploads\/sites\/45\/files\/Plat_Digital_Processos\/ManualdoPDP.pdf\">Manual da Plataforma Digital de Processos (PDP)<\/a>, d\u00favidas sobre o PDP, ligue 0300 303 0100<\/li><\/ul><\/div><\/div>\t\t\t\t\t\t\t\t<\/div>\n\t\t\t\t<\/div>\n\t\t\t\t\t<\/details>\n\t\t\t\t\t<\/div>\n\t\t\t\t\t\t<\/div>\n\t\t\t\t\t<\/div>\n\t\t\t\t<\/div>\n\t\t\t\t<\/div>\n\t\t","protected":false},"excerpt":{"rendered":"<p>IPVA \u2013 Restitui\u00e7\u00e3o de Valores \u00a0 J\u00e1 sabe como fazer o pedido, ent\u00e3o : Pessoa F\u00cdSICA:\u00a0Clique aquiPessoa JUR\u00cdDICA: Clique aqui\u00a0(necess\u00e1rio certificado digital) *Os links acima s\u00e3o exclusivos para restitui\u00e7\u00e3o de boleto ou Dua emitido pelo Detran \u00a0 Descri\u00e7\u00e3o NESTA SE\u00c7\u00c3O\u00a0voc\u00ea poder\u00e1 pedir a restitui\u00e7\u00e3o quando o pagamento do IPVA foi realizado em documento emitido pelo [&hellip;]<\/p>\n","protected":false},"author":1,"featured_media":0,"parent":0,"menu_order":0,"comment_status":"closed","ping_status":"closed","template":"elementor_header_footer","meta":{"footnotes":""},"class_list":["post-19264","page","type-page","status-publish","hentry"],"rttpg_featured_image_url":null,"rttpg_author":{"display_name":"wagner.viana","author_link":"https:\/\/goias.gov.br\/economia\/author\/wagner-viana\/"},"rttpg_comment":0,"rttpg_category":null,"rttpg_excerpt":"IPVA \u2013 Restitui\u00e7\u00e3o de Valores \u00a0 J\u00e1 sabe como fazer o pedido, ent\u00e3o : Pessoa F\u00cdSICA:\u00a0Clique aquiPessoa JUR\u00cdDICA: Clique aqui\u00a0(necess\u00e1rio certificado digital) *Os links acima s\u00e3o exclusivos para restitui\u00e7\u00e3o de boleto ou Dua emitido pelo Detran \u00a0 Descri\u00e7\u00e3o NESTA SE\u00c7\u00c3O\u00a0voc\u00ea poder\u00e1 pedir a restitui\u00e7\u00e3o quando o pagamento do IPVA foi realizado em documento emitido pelo&hellip;","_links":{"self":[{"href":"https:\/\/goias.gov.br\/economia\/wp-json\/wp\/v2\/pages\/19264","targetHints":{"allow":["GET"]}}],"collection":[{"href":"https:\/\/goias.gov.br\/economia\/wp-json\/wp\/v2\/pages"}],"about":[{"href":"https:\/\/goias.gov.br\/economia\/wp-json\/wp\/v2\/types\/page"}],"author":[{"embeddable":true,"href":"https:\/\/goias.gov.br\/economia\/wp-json\/wp\/v2\/users\/1"}],"replies":[{"embeddable":true,"href":"https:\/\/goias.gov.br\/economia\/wp-json\/wp\/v2\/comments?post=19264"}],"version-history":[{"count":2,"href":"https:\/\/goias.gov.br\/economia\/wp-json\/wp\/v2\/pages\/19264\/revisions"}],"predecessor-version":[{"id":436552,"href":"https:\/\/goias.gov.br\/economia\/wp-json\/wp\/v2\/pages\/19264\/revisions\/436552"}],"wp:attachment":[{"href":"https:\/\/goias.gov.br\/economia\/wp-json\/wp\/v2\/media?parent=19264"}],"curies":[{"name":"wp","href":"https:\/\/api.w.org\/{rel}","templated":true}]}}