

{"id":132212,"date":"2024-12-17T12:35:29","date_gmt":"2024-12-17T15:35:29","guid":{"rendered":"https:\/\/goias.gov.br\/economia\/?page_id=132212"},"modified":"2026-02-26T14:16:29","modified_gmt":"2026-02-26T17:16:29","slug":"relatorio-de-gestao-de-ouvidoria","status":"publish","type":"page","link":"https:\/\/goias.gov.br\/economia\/relatorio-de-gestao-de-ouvidoria\/","title":{"rendered":"Relat\u00f3rio de Gest\u00e3o de Ouvidoria"},"content":{"rendered":"\t\t<div data-elementor-type=\"wp-page\" data-elementor-id=\"132212\" class=\"elementor elementor-132212\">\n\t\t\t\t<div class=\"elementor-element elementor-element-04a5a4a e-flex e-con-boxed e-con e-parent\" data-id=\"04a5a4a\" data-element_type=\"container\" data-e-type=\"container\">\n\t\t\t\t\t<div class=\"e-con-inner\">\n\t\t\t\t<div class=\"elementor-element elementor-element-1ef69e8 elementor-widget elementor-widget-text-editor\" data-id=\"1ef69e8\" data-element_type=\"widget\" data-e-type=\"widget\" data-widget_type=\"text-editor.default\">\n\t\t\t\t\t\t\t\t\t<p><i class=\"fa-solid fa-clock\"><\/i><em><span class=\"meta-prefix\">\u00a0\u00daltima Atualiza\u00e7\u00e3o em 4<\/span> de agosto de 2025<\/em><\/p>\t\t\t\t\t\t\t\t<\/div>\n\t\t\t\t\t<\/div>\n\t\t\t\t<\/div>\n\t\t<div class=\"elementor-element elementor-element-ed3c0c9 e-con-full e-flex e-con e-parent\" data-id=\"ed3c0c9\" data-element_type=\"container\" data-e-type=\"container\">\n\t\t<div class=\"elementor-element elementor-element-c44c568 e-con-full e-flex e-con e-child\" data-id=\"c44c568\" data-element_type=\"container\" data-e-type=\"container\">\n\t\t\t\t<div class=\"elementor-element elementor-element-86b9225 elementor-widget__width-initial elementor-widget elementor-widget-text-editor\" data-id=\"86b9225\" data-element_type=\"widget\" data-e-type=\"widget\" data-widget_type=\"text-editor.default\">\n\t\t\t\t\t\t\t\t\t<table style=\"width: 108.44%; border-collapse: collapse; border-color: #2b2b2b; background-color: #f5f5f5; height: 80px;\" border=\"2\"><tbody><tr style=\"height: 10px;\"><th style=\"width: 100%; background-color: #8ab3d1; height: 10px; text-align: center;\"><p class=\"titulo-icone\"><span class=\"texto\" style=\"font-size: 12pt; color: #ffffff;\"><strong>Relat\u00f3rios <\/strong><strong>Semestral e Anual<\/strong><\/span><\/p><\/th><\/tr><tr style=\"height: 77px;\"><th style=\"width: 100%; height: 70px; text-align: center;\"><ul><li><a href=\"https:\/\/goias.gov.br\/economia\/wp-content\/uploads\/sites\/45\/2025\/08\/Relatorio_1Qdr2025.pdf\">Relat\u00f3rio 1\u00ba Quadrimestre 2025<\/a><\/li><li><a href=\"https:\/\/goias.gov.br\/economia\/wp-content\/uploads\/sites\/45\/2025\/05\/Relatorio-de-Gestao-de-Ouvidoria-2024.pdf\" target=\"_blank\" rel=\"noopener\">Relat\u00f3rio Consolidado 2024<\/a><\/li><li><a href=\"https:\/\/goias.gov.br\/economia\/wp-content\/uploads\/sites\/45\/2024\/12\/Relatorio-1o-Sem-2024-2.pdf\" target=\"_blank\" rel=\"noopener\">Relat\u00f3rio 1\u00ba Semestre 2024<\/a><\/li><li><a href=\"https:\/\/goias.gov.br\/economia\/wp-content\/uploads\/sites\/45\/2024\/12\/CONSOLIDADO-2023.pdf\" target=\"_blank\" rel=\"noopener\">Relat\u00f3rio Consolidado 2023<\/a><\/li><\/ul><\/th><\/tr><\/tbody><\/table><p>\u00a0<\/p>\t\t\t\t\t\t\t\t<\/div>\n\t\t\t\t<\/div>\n\t\t<div class=\"elementor-element elementor-element-27bf7cd e-con-full e-flex e-con e-child\" data-id=\"27bf7cd\" data-element_type=\"container\" data-e-type=\"container\">\n\t\t\t\t<div class=\"elementor-element elementor-element-2611579 elementor-widget__width-initial elementor-widget elementor-widget-text-editor\" data-id=\"2611579\" data-element_type=\"widget\" data-e-type=\"widget\" data-widget_type=\"text-editor.default\">\n\t\t\t\t\t\t\t\t\t<table style=\"height: 147px; width: 95.9785%; border-collapse: collapse; border-color: #2b2b2b; background-color: #f5f5f5;\" border=\"2\"><tbody><tr style=\"height: 5px;\"><th style=\"width: 100%; background-color: #8ab3d1; height: 5px; text-align: center;\"><h3 class=\"titulo-icone\"><span class=\"texto\" style=\"font-size: 12pt; color: #ffffff;\"><strong>Relat\u00f3rios <\/strong><strong>Mensais 2024<\/strong><\/span><\/h3><\/th><\/tr><tr style=\"height: 128px;\"><th style=\"width: 100%; height: 142px; text-align: center;\"><ul><li><a href=\"https:\/\/goias.gov.br\/economia\/wp-content\/uploads\/sites\/45\/2024\/12\/Relatorio-Novembro.pdf\" target=\"_blank\" rel=\"noopener\">Novembro<\/a><\/li><li><a href=\"https:\/\/goias.gov.br\/economia\/wp-content\/uploads\/sites\/45\/2024\/12\/Relatorio-Outubro-1.pdf\" target=\"_blank\" rel=\"noopener\">Outubro<\/a><\/li><li><a href=\"https:\/\/goias.gov.br\/economia\/wp-content\/uploads\/sites\/45\/2024\/12\/Relatorio-Setembro-1.pdf\" target=\"_blank\" rel=\"noopener\">Setembro<\/a><\/li><li><a href=\"https:\/\/goias.gov.br\/economia\/wp-content\/uploads\/sites\/45\/2024\/12\/Relatorio-Agosto-1.pdf\" target=\"_blank\" rel=\"noopener\">Agosto<\/a><\/li><\/ul><\/th><\/tr><\/tbody><\/table>\t\t\t\t\t\t\t\t<\/div>\n\t\t\t\t<\/div>\n\t\t\t\t<\/div>\n\t\t\t\t<\/div>\n\t\t","protected":false},"excerpt":{"rendered":"<p>\u00a0\u00daltima Atualiza\u00e7\u00e3o em 4 de agosto de 2025 Relat\u00f3rios Semestral e Anual Relat\u00f3rio 1\u00ba Quadrimestre 2025 Relat\u00f3rio Consolidado 2024 Relat\u00f3rio 1\u00ba Semestre 2024 Relat\u00f3rio Consolidado 2023 \u00a0 Relat\u00f3rios Mensais 2024 Novembro Outubro Setembro Agosto<\/p>\n","protected":false},"author":370,"featured_media":0,"parent":0,"menu_order":0,"comment_status":"closed","ping_status":"closed","template":"","meta":{"footnotes":""},"class_list":["post-132212","page","type-page","status-publish","hentry"],"rttpg_featured_image_url":null,"rttpg_author":{"display_name":"viniciuscalacio","author_link":"https:\/\/goias.gov.br\/economia\/author\/viniciuscalacio\/"},"rttpg_comment":0,"rttpg_category":null,"rttpg_excerpt":"\u00a0\u00daltima Atualiza\u00e7\u00e3o em 4 de agosto de 2025 Relat\u00f3rios Semestral e Anual Relat\u00f3rio 1\u00ba Quadrimestre 2025 Relat\u00f3rio Consolidado 2024 Relat\u00f3rio 1\u00ba Semestre 2024 Relat\u00f3rio Consolidado 2023 \u00a0 Relat\u00f3rios Mensais 2024 Novembro Outubro Setembro Agosto","_links":{"self":[{"href":"https:\/\/goias.gov.br\/economia\/wp-json\/wp\/v2\/pages\/132212","targetHints":{"allow":["GET"]}}],"collection":[{"href":"https:\/\/goias.gov.br\/economia\/wp-json\/wp\/v2\/pages"}],"about":[{"href":"https:\/\/goias.gov.br\/economia\/wp-json\/wp\/v2\/types\/page"}],"author":[{"embeddable":true,"href":"https:\/\/goias.gov.br\/economia\/wp-json\/wp\/v2\/users\/370"}],"replies":[{"embeddable":true,"href":"https:\/\/goias.gov.br\/economia\/wp-json\/wp\/v2\/comments?post=132212"}],"version-history":[{"count":2,"href":"https:\/\/goias.gov.br\/economia\/wp-json\/wp\/v2\/pages\/132212\/revisions"}],"predecessor-version":[{"id":417462,"href":"https:\/\/goias.gov.br\/economia\/wp-json\/wp\/v2\/pages\/132212\/revisions\/417462"}],"wp:attachment":[{"href":"https:\/\/goias.gov.br\/economia\/wp-json\/wp\/v2\/media?parent=132212"}],"curies":[{"name":"wp","href":"https:\/\/api.w.org\/{rel}","templated":true}]}}