

{"id":109903,"date":"2024-10-04T14:14:04","date_gmt":"2024-10-04T17:14:04","guid":{"rendered":"https:\/\/goias.gov.br\/economia\/?page_id=109903"},"modified":"2025-05-06T14:56:36","modified_gmt":"2025-05-06T17:56:36","slug":"ouvidoria-setorial","status":"publish","type":"page","link":"https:\/\/goias.gov.br\/economia\/ouvidoria-setorial\/","title":{"rendered":"Ouvidoria Setorial"},"content":{"rendered":"\n<h4 class=\"wp-block-heading\"><span style=\"color: #008000;\">Atendimento Presencial<\/span><\/h4>\n\n\n\n<p>Ouvidor Setorial: <strong>WISLEI AUGUSTO DE OLIVEIRA<\/strong><\/p>\n\n\n\n<p>Endere\u00e7o: Av. Vereador Jos\u00e9 Monteiro, n\u00ba 2.233, Bloco A, Sala 132<br \/>Setor Nova Vila, Goi\u00e2nia-GO, CEP: 74.653-900<br \/>Hor\u00e1rio de Atendimento: 08h \u00e0s 12h e das 14h \u00e0s 18h<br \/>E-mail: <a href=\"mailto:ouvidoria.economia@goias.gov.br\">ouvidoria.economia@goias.gov.br<\/a><br \/>Telefone: (62) <span data-olk-copy-source=\"MessageBody\">(62) 3309-6780<\/span> \/ (62) 3269-2000 \/ (62) 3269-2233<br \/>Unidade SEI: 21025<\/p>\n\n\n\n<p><\/p>\n","protected":false},"excerpt":{"rendered":"<p>Atendimento Presencial Ouvidor Setorial: WISLEI AUGUSTO DE OLIVEIRA Endere\u00e7o: Av. Vereador Jos\u00e9 Monteiro, n\u00ba 2.233, Bloco A, Sala 132Setor Nova Vila, Goi\u00e2nia-GO, CEP: 74.653-900Hor\u00e1rio de Atendimento: 08h \u00e0s 12h e das 14h \u00e0s 18hE-mail: ouvidoria.economia@goias.gov.brTelefone: (62) (62) 3309-6780 \/ (62) 3269-2000 \/ (62) 3269-2233Unidade SEI: 21025<\/p>\n","protected":false},"author":62,"featured_media":0,"parent":0,"menu_order":0,"comment_status":"closed","ping_status":"closed","template":"","meta":{"footnotes":""},"class_list":["post-109903","page","type-page","status-publish","hentry"],"rttpg_featured_image_url":null,"rttpg_author":{"display_name":"italoreis","author_link":"https:\/\/goias.gov.br\/economia\/author\/italoreis\/"},"rttpg_comment":0,"rttpg_category":null,"rttpg_excerpt":"Atendimento Presencial Ouvidor Setorial: WISLEI AUGUSTO DE OLIVEIRA Endere\u00e7o: Av. Vereador Jos\u00e9 Monteiro, n\u00ba 2.233, Bloco A, Sala 132Setor Nova Vila, Goi\u00e2nia-GO, CEP: 74.653-900Hor\u00e1rio de Atendimento: 08h \u00e0s 12h e das 14h \u00e0s 18hE-mail: ouvidoria.economia@goias.gov.brTelefone: (62) (62) 3309-6780 \/ (62) 3269-2000 \/ (62) 3269-2233Unidade SEI: 21025","_links":{"self":[{"href":"https:\/\/goias.gov.br\/economia\/wp-json\/wp\/v2\/pages\/109903","targetHints":{"allow":["GET"]}}],"collection":[{"href":"https:\/\/goias.gov.br\/economia\/wp-json\/wp\/v2\/pages"}],"about":[{"href":"https:\/\/goias.gov.br\/economia\/wp-json\/wp\/v2\/types\/page"}],"author":[{"embeddable":true,"href":"https:\/\/goias.gov.br\/economia\/wp-json\/wp\/v2\/users\/62"}],"replies":[{"embeddable":true,"href":"https:\/\/goias.gov.br\/economia\/wp-json\/wp\/v2\/comments?post=109903"}],"version-history":[{"count":2,"href":"https:\/\/goias.gov.br\/economia\/wp-json\/wp\/v2\/pages\/109903\/revisions"}],"predecessor-version":[{"id":250692,"href":"https:\/\/goias.gov.br\/economia\/wp-json\/wp\/v2\/pages\/109903\/revisions\/250692"}],"wp:attachment":[{"href":"https:\/\/goias.gov.br\/economia\/wp-json\/wp\/v2\/media?parent=109903"}],"curies":[{"name":"wp","href":"https:\/\/api.w.org\/{rel}","templated":true}]}}