

{"id":390067,"date":"2026-03-23T10:26:47","date_gmt":"2026-03-23T13:26:47","guid":{"rendered":"https:\/\/goias.gov.br\/detran\/?page_id=390067"},"modified":"2026-03-31T09:56:38","modified_gmt":"2026-03-31T12:56:38","slug":"estatisticas-acidentes-de-transito","status":"publish","type":"page","link":"https:\/\/goias.gov.br\/detran\/estatisticas-acidentes-de-transito\/","title":{"rendered":"Estat\u00edsticas Acidentes de Tr\u00e2nsito"},"content":{"rendered":"\t\t<div data-elementor-type=\"wp-page\" data-elementor-id=\"390067\" class=\"elementor elementor-390067\">\n\t\t\t\t<div class=\"elementor-element elementor-element-1a252c2 e-flex e-con-boxed e-con e-parent\" data-id=\"1a252c2\" data-element_type=\"container\" data-e-type=\"container\">\n\t\t\t\t\t<div class=\"e-con-inner\">\n\t\t\t\t<div class=\"elementor-element elementor-element-c9500a8 elementor-widget elementor-widget-heading\" data-id=\"c9500a8\" data-element_type=\"widget\" data-e-type=\"widget\" data-widget_type=\"heading.default\">\n\t\t\t\t\t<h2 class=\"elementor-heading-title elementor-size-default\">Compromisso com a vida\u200b<\/h2>\t\t\t\t<\/div>\n\t\t\t\t\t<\/div>\n\t\t\t\t<\/div>\n\t\t<div class=\"elementor-element elementor-element-3d87735 e-flex e-con-boxed e-con e-parent\" data-id=\"3d87735\" data-element_type=\"container\" data-e-type=\"container\">\n\t\t\t\t\t<div class=\"e-con-inner\">\n\t\t\t\t<div class=\"elementor-element elementor-element-8db29a2 elementor-widget elementor-widget-image\" data-id=\"8db29a2\" data-element_type=\"widget\" data-e-type=\"widget\" data-widget_type=\"image.default\">\n\t\t\t\t\t\t\t\t\t\t\t\t\t\t\t<img fetchpriority=\"high\" decoding=\"async\" width=\"1024\" height=\"683\" src=\"https:\/\/goias.gov.br\/detran\/wp-content\/uploads\/sites\/8\/2026\/03\/3139d1a39b0d10737f13d29d351af1e2e10eb0c9-1-1024x683.jpg\" class=\"attachment-large size-large wp-image-390414\" alt=\"\" srcset=\"https:\/\/goias.gov.br\/detran\/wp-content\/uploads\/sites\/8\/2026\/03\/3139d1a39b0d10737f13d29d351af1e2e10eb0c9-1-1024x683.jpg 1024w, https:\/\/goias.gov.br\/detran\/wp-content\/uploads\/sites\/8\/2026\/03\/3139d1a39b0d10737f13d29d351af1e2e10eb0c9-1-300x200.jpg 300w, https:\/\/goias.gov.br\/detran\/wp-content\/uploads\/sites\/8\/2026\/03\/3139d1a39b0d10737f13d29d351af1e2e10eb0c9-1-768x512.jpg 768w, https:\/\/goias.gov.br\/detran\/wp-content\/uploads\/sites\/8\/2026\/03\/3139d1a39b0d10737f13d29d351af1e2e10eb0c9-1.jpg 1068w\" sizes=\"(max-width: 1024px) 100vw, 1024px\" \/>\t\t\t\t\t\t\t\t\t\t\t\t\t\t\t<\/div>\n\t\t\t\t\t<\/div>\n\t\t\t\t<\/div>\n\t\t<div class=\"elementor-element elementor-element-d2f8121 e-con-full e-flex e-con e-parent\" data-id=\"d2f8121\" data-element_type=\"container\" data-e-type=\"container\">\n\t\t\t\t<div class=\"elementor-element elementor-element-172c2dd elementor-widget__width-initial elementor-widget elementor-widget-text-editor\" data-id=\"172c2dd\" data-element_type=\"widget\" data-e-type=\"widget\" data-widget_type=\"text-editor.default\">\n\t\t\t\t\t\t\t\t\t<p>Em 2021, o Detran-GO deu um passo decisivo ao aderir ao Plano Nacional de Redu\u00e7\u00e3o de Mortes e Les\u00f5es no Tr\u00e2nsito (PNATRANS), iniciativa coordenada pelo Minist\u00e9rio dos Transportes.\u00a0<br \/>Essa ades\u00e3o representou mais do que o cumprimento de uma diretriz nacional \u2014 significou assumir, de forma estruturada, o compromisso de reduzir acidentes, salvar vidas e promover um tr\u00e2nsito mais seguro para todos os goianos.\u00a0<br \/>Desde ent\u00e3o, intensificamos a\u00e7\u00f5es integradas de educa\u00e7\u00e3o, fiscaliza\u00e7\u00e3o e engenharia de tr\u00e1fego, alinhadas \u00e0s metas nacionais e \u00e0s melhores pr\u00e1ticas internacionais de seguran\u00e7a vi\u00e1ria.<\/p>\t\t\t\t\t\t\t\t<\/div>\n\t\t\t\t<\/div>\n\t\t<div class=\"elementor-element elementor-element-4eff84e e-flex e-con-boxed e-con e-parent\" data-id=\"4eff84e\" data-element_type=\"container\" data-e-type=\"container\">\n\t\t\t\t\t<div class=\"e-con-inner\">\n\t\t\t\t<div class=\"elementor-element elementor-element-2516a2b elementor-widget elementor-widget-heading\" data-id=\"2516a2b\" data-element_type=\"widget\" data-e-type=\"widget\" data-widget_type=\"heading.default\">\n\t\t\t\t\t<h2 class=\"elementor-heading-title elementor-size-default\">Dados como instrumento de transforma\u00e7\u00e3o<\/h2>\t\t\t\t<\/div>\n\t\t\t\t\t<\/div>\n\t\t\t\t<\/div>\n\t\t<div class=\"elementor-element elementor-element-b3bcf21 e-flex e-con-boxed e-con e-parent\" data-id=\"b3bcf21\" data-element_type=\"container\" data-e-type=\"container\">\n\t\t\t\t\t<div class=\"e-con-inner\">\n\t\t\t\t<div class=\"elementor-element elementor-element-c8525de elementor-widget__width-initial elementor-widget elementor-widget-text-editor\" data-id=\"c8525de\" data-element_type=\"widget\" data-e-type=\"widget\" data-widget_type=\"text-editor.default\">\n\t\t\t\t\t\t\t\t\t<p>Em 2025, avan\u00e7amos ainda mais nessa jornada ao firmar conv\u00eanio com a Universidade Federal de Goi\u00e1s (UFG), consolidando uma parceria estrat\u00e9gica voltada \u00e0 integra\u00e7\u00e3o, qualifica\u00e7\u00e3o e an\u00e1lise de estat\u00edsticas de tr\u00e2nsito.\u00a0<br \/>Esse projeto marca uma nova fase institucional: a transforma\u00e7\u00e3o de dados em intelig\u00eancia.\u00a0 A iniciativa permitir\u00e1 a consolida\u00e7\u00e3o de bases diversas \u2014 oriundas de m\u00faltiplos \u00f3rg\u00e3os \u2014 em um ambiente integrado, seguro e tecnicamente validado, ampliando a capacidade de diagn\u00f3stico, planejamento e tomada de decis\u00e3o baseada em evid\u00eancias.\u00a0<\/p>\t\t\t\t\t\t\t\t<\/div>\n\t\t\t\t\t<\/div>\n\t\t\t\t<\/div>\n\t\t<div class=\"elementor-element elementor-element-d7d4628 e-flex e-con-boxed e-con e-parent\" data-id=\"d7d4628\" data-element_type=\"container\" data-e-type=\"container\">\n\t\t\t\t\t<div class=\"e-con-inner\">\n\t\t\t\t<div class=\"elementor-element elementor-element-ff81290 elementor-widget elementor-widget-image\" data-id=\"ff81290\" data-element_type=\"widget\" data-e-type=\"widget\" data-widget_type=\"image.default\">\n\t\t\t\t\t\t\t\t\t\t\t\t\t\t\t<img decoding=\"async\" width=\"1024\" height=\"512\" src=\"https:\/\/goias.gov.br\/detran\/wp-content\/uploads\/sites\/8\/2026\/03\/433b3bdf16286722e86e599a925ac0a92dbfdf12-1024x512.jpg\" class=\"attachment-large size-large wp-image-390185\" alt=\"\" srcset=\"https:\/\/goias.gov.br\/detran\/wp-content\/uploads\/sites\/8\/2026\/03\/433b3bdf16286722e86e599a925ac0a92dbfdf12-1024x512.jpg 1024w, https:\/\/goias.gov.br\/detran\/wp-content\/uploads\/sites\/8\/2026\/03\/433b3bdf16286722e86e599a925ac0a92dbfdf12-300x150.jpg 300w, https:\/\/goias.gov.br\/detran\/wp-content\/uploads\/sites\/8\/2026\/03\/433b3bdf16286722e86e599a925ac0a92dbfdf12-768x384.jpg 768w, https:\/\/goias.gov.br\/detran\/wp-content\/uploads\/sites\/8\/2026\/03\/433b3bdf16286722e86e599a925ac0a92dbfdf12.jpg 1200w\" sizes=\"(max-width: 1024px) 100vw, 1024px\" \/>\t\t\t\t\t\t\t\t\t\t\t\t\t\t\t<\/div>\n\t\t\t\t\t<\/div>\n\t\t\t\t<\/div>\n\t\t<div class=\"elementor-element elementor-element-5140512 e-flex e-con-boxed e-con e-parent\" data-id=\"5140512\" data-element_type=\"container\" data-e-type=\"container\">\n\t\t\t\t\t<div class=\"e-con-inner\">\n\t\t\t\t<div class=\"elementor-element elementor-element-5a94b7b elementor-widget__width-initial elementor-widget elementor-widget-text-editor\" data-id=\"5a94b7b\" data-element_type=\"widget\" data-e-type=\"widget\" data-widget_type=\"text-editor.default\">\n\t\t\t\t\t\t\t\t\t<p>Como resultado desse esfor\u00e7o conjunto, logo abaixo, apresentamos\u00a0a vers\u00e3o inicial da plataforma de integra\u00e7\u00e3o de estat\u00edsticas de tr\u00e2nsito de Goi\u00e1s.\u00a0<br \/>Trata-se de um marco importante, que simboliza o in\u00edcio de um processo estruturado e cont\u00ednuo de aprimoramento das informa\u00e7\u00f5es relacionadas \u00e0 mobilidade e \u00e0 seguran\u00e7a vi\u00e1ria em nosso Estado.<\/p>\t\t\t\t\t\t\t\t<\/div>\n\t\t\t\t<div class=\"elementor-element elementor-element-1943dec elementor-widget elementor-widget-image\" data-id=\"1943dec\" data-element_type=\"widget\" data-e-type=\"widget\" data-widget_type=\"image.default\">\n\t\t\t\t\t\t\t\t\t\t\t\t\t\t\t\t<a href=\"https:\/\/goias.gov.br\/detran\/estatisticas-acidentes-de-transito-painel-estatisticas\/\">\n\t\t\t\t\t\t\t<img decoding=\"async\" width=\"748\" height=\"197\" src=\"https:\/\/goias.gov.br\/detran\/wp-content\/uploads\/sites\/8\/2026\/03\/Captura-de-tela-2026-03-19-111036.png\" class=\"attachment-large size-large wp-image-390649\" alt=\"\" srcset=\"https:\/\/goias.gov.br\/detran\/wp-content\/uploads\/sites\/8\/2026\/03\/Captura-de-tela-2026-03-19-111036.png 748w, https:\/\/goias.gov.br\/detran\/wp-content\/uploads\/sites\/8\/2026\/03\/Captura-de-tela-2026-03-19-111036-300x79.png 300w\" sizes=\"(max-width: 748px) 100vw, 748px\" \/>\t\t\t\t\t\t\t\t<\/a>\n\t\t\t\t\t\t\t\t\t\t\t\t\t\t\t<\/div>\n\t\t\t\t\t<\/div>\n\t\t\t\t<\/div>\n\t\t<div class=\"elementor-element elementor-element-a5897ae e-flex e-con-boxed e-con e-parent\" data-id=\"a5897ae\" data-element_type=\"container\" data-e-type=\"container\">\n\t\t\t\t\t<div class=\"e-con-inner\">\n\t\t\t\t<div class=\"elementor-element elementor-element-b82db9a elementor-widget elementor-widget-text-editor\" data-id=\"b82db9a\" data-element_type=\"widget\" data-e-type=\"widget\" data-widget_type=\"text-editor.default\">\n\t\t\t\t\t\t\t\t\t<p><span style=\"white-space-collapse: preserve;\">Ao final do conv\u00eanio, Goi\u00e1s contar\u00e1 com um ecossistema de informa\u00e7\u00f5es robusto, confi\u00e1vel, seguro e abrangente.\u00a0<br \/>Os dados consolidados beneficiar\u00e3o diretamente diversos \u00f3rg\u00e3os e \u00e1reas estrat\u00e9gicas, tais como:\u00a0<\/span><\/p><ul><li><span style=\"white-space-collapse: preserve;\">Seguran\u00e7a p\u00fablica\u00a0<\/span><\/li><li><span style=\"white-space-collapse: preserve;\">Transportes e mobilidade\u00a0<\/span><\/li><li><span style=\"white-space-collapse: preserve;\">Sa\u00fade\u00a0<br \/><\/span><\/li><li><span style=\"white-space-collapse: preserve;\">Educa\u00e7\u00e3o\u00a0<br \/><\/span><\/li><li>Planejamento e gest\u00e3o p\u00fablica\u00a0<\/li><\/ul><p>A integra\u00e7\u00e3o das informa\u00e7\u00f5es permitir\u00e1 an\u00e1lises mais precisas, pol\u00edticas p\u00fablicas mais assertivas e a\u00e7\u00f5es coordenadas entre institui\u00e7\u00f5es, promovendo maior efici\u00eancia administrativa e, sobretudo, a preserva\u00e7\u00e3o de vidas.\u00a0<\/p><p>Seguimos firmes no prop\u00f3sito de transformar dados em conhecimento, conhecimento em a\u00e7\u00e3o e a\u00e7\u00e3o em resultados concretos para a sociedade goiana.<\/p>\t\t\t\t\t\t\t\t<\/div>\n\t\t\t\t\t<\/div>\n\t\t\t\t<\/div>\n\t\t<div class=\"elementor-element elementor-element-ba800ca e-flex e-con-boxed e-con e-parent\" data-id=\"ba800ca\" data-element_type=\"container\" data-e-type=\"container\">\n\t\t\t\t\t<div class=\"e-con-inner\">\n\t\t\t\t<div class=\"elementor-element elementor-element-f25fe24 elementor-alert-info elementor-widget elementor-widget-alert\" data-id=\"f25fe24\" data-element_type=\"widget\" data-e-type=\"widget\" data-widget_type=\"alert.default\">\n\t\t\t\t\t\t\t<div class=\"elementor-alert\" role=\"alert\">\n\n\t\t\t\t\t\t<span class=\"elementor-alert-title\">Detran-GO\u00a0<\/span>\n\t\t\t\n\t\t\t\t\t\t<span class=\"elementor-alert-description\">Compromisso com a vida, com a transpar\u00eancia e com o futuro<\/span>\n\t\t\t\n\t\t\t\t\t\t<button type=\"button\" class=\"elementor-alert-dismiss\" aria-label=\"Dispensar este alerta.\">\n\t\t\t\t\t\t\t\t\t<span aria-hidden=\"true\">&times;<\/span>\n\t\t\t\t\t\t\t<\/button>\n\t\t\t\n\t\t<\/div>\n\t\t\t\t\t\t<\/div>\n\t\t\t\t\t<\/div>\n\t\t\t\t<\/div>\n\t\t\t\t<\/div>\n\t\t","protected":false},"excerpt":{"rendered":"<p>Compromisso com a vida\u200b Em 2021, o Detran-GO deu um passo decisivo ao aderir ao Plano Nacional de Redu\u00e7\u00e3o de Mortes e Les\u00f5es no Tr\u00e2nsito (PNATRANS), iniciativa coordenada pelo Minist\u00e9rio dos Transportes.\u00a0Essa ades\u00e3o representou mais do que o cumprimento de uma diretriz nacional \u2014 significou assumir, de forma estruturada, o compromisso de reduzir acidentes, salvar [&hellip;]<\/p>\n","protected":false},"author":852,"featured_media":0,"parent":0,"menu_order":0,"comment_status":"closed","ping_status":"closed","template":"","meta":{"footnotes":"","_links_to":"","_links_to_target":""},"class_list":["post-390067","page","type-page","status-publish","hentry"],"rttpg_featured_image_url":null,"rttpg_author":{"display_name":"andrehsilva","author_link":"https:\/\/goias.gov.br\/detran\/author\/andrehsilva\/"},"rttpg_comment":0,"rttpg_category":null,"rttpg_excerpt":"Compromisso com a vida\u200b Em 2021, o Detran-GO deu um passo decisivo ao aderir ao Plano Nacional de Redu\u00e7\u00e3o de Mortes e Les\u00f5es no Tr\u00e2nsito (PNATRANS), iniciativa coordenada pelo Minist\u00e9rio dos Transportes.\u00a0Essa ades\u00e3o representou mais do que o cumprimento de uma diretriz nacional \u2014 significou assumir, de forma estruturada, o compromisso de reduzir acidentes, salvar&hellip;","_links":{"self":[{"href":"https:\/\/goias.gov.br\/detran\/wp-json\/wp\/v2\/pages\/390067","targetHints":{"allow":["GET"]}}],"collection":[{"href":"https:\/\/goias.gov.br\/detran\/wp-json\/wp\/v2\/pages"}],"about":[{"href":"https:\/\/goias.gov.br\/detran\/wp-json\/wp\/v2\/types\/page"}],"author":[{"embeddable":true,"href":"https:\/\/goias.gov.br\/detran\/wp-json\/wp\/v2\/users\/852"}],"replies":[{"embeddable":true,"href":"https:\/\/goias.gov.br\/detran\/wp-json\/wp\/v2\/comments?post=390067"}],"version-history":[{"count":2,"href":"https:\/\/goias.gov.br\/detran\/wp-json\/wp\/v2\/pages\/390067\/revisions"}],"predecessor-version":[{"id":395806,"href":"https:\/\/goias.gov.br\/detran\/wp-json\/wp\/v2\/pages\/390067\/revisions\/395806"}],"wp:attachment":[{"href":"https:\/\/goias.gov.br\/detran\/wp-json\/wp\/v2\/media?parent=390067"}],"curies":[{"name":"wp","href":"https:\/\/api.w.org\/{rel}","templated":true}]}}