

{"id":325923,"date":"2025-10-08T16:44:43","date_gmt":"2025-10-08T19:44:43","guid":{"rendered":"https:\/\/goias.gov.br\/detran\/?page_id=325923"},"modified":"2026-02-02T10:14:21","modified_gmt":"2026-02-02T13:14:21","slug":"agendamento-mini-cidade","status":"publish","type":"page","link":"https:\/\/goias.gov.br\/detran\/agendamento-mini-cidade\/","title":{"rendered":"Agendamento &#8211; Mini Cidade"},"content":{"rendered":"\t\t<div data-elementor-type=\"wp-page\" data-elementor-id=\"325923\" class=\"elementor elementor-325923\">\n\t\t\t\t<div class=\"elementor-element elementor-element-15136b4 e-flex e-con-boxed e-con e-parent\" data-id=\"15136b4\" data-element_type=\"container\" data-e-type=\"container\">\n\t\t\t\t\t<div class=\"e-con-inner\">\n\t\t\t\t<div class=\"elementor-element elementor-element-748d69c elementor-widget elementor-widget-shortcode\" data-id=\"748d69c\" data-element_type=\"widget\" data-e-type=\"widget\" data-widget_type=\"shortcode.default\">\n\t\t\t\t\t\t\t<div class=\"elementor-shortcode\">\n<div class=\"wpcf7 no-js\" id=\"wpcf7-f366981-o1\" lang=\"pt-BR\" dir=\"ltr\" data-wpcf7-id=\"366981\">\n<div class=\"screen-reader-response\"><p role=\"status\" aria-live=\"polite\" aria-atomic=\"true\"><\/p> <ul><\/ul><\/div>\n<form action=\"\/detran\/wp-json\/wp\/v2\/pages\/325923#wpcf7-f366981-o1\" method=\"post\" class=\"wpcf7-form init\" aria-label=\"Formul\u00e1rios de contato\" novalidate=\"novalidate\" data-status=\"init\">\n<fieldset class=\"hidden-fields-container\"><input type=\"hidden\" name=\"_wpcf7\" value=\"366981\" \/><input type=\"hidden\" name=\"_wpcf7_version\" value=\"6.1.5\" \/><input type=\"hidden\" name=\"_wpcf7_locale\" value=\"pt_BR\" \/><input type=\"hidden\" name=\"_wpcf7_unit_tag\" value=\"wpcf7-f366981-o1\" \/><input type=\"hidden\" name=\"_wpcf7_container_post\" value=\"0\" \/><input type=\"hidden\" name=\"_wpcf7_posted_data_hash\" value=\"\" \/>\n<\/fieldset>\n<div class=\"cf7-row\">\n\t<div class=\"cf7-col\">\n\t\t<p><label>Nome da Escola ou Institui\u00e7\u00e3o Interessada*<br \/>\n<span class=\"wpcf7-form-control-wrap\" data-name=\"your-name\"><input size=\"40\" maxlength=\"400\" class=\"wpcf7-form-control wpcf7-text wpcf7-validates-as-required name\" autocomplete=\"name\" aria-required=\"true\" aria-invalid=\"false\" value=\"\" type=\"text\" name=\"your-name\" \/><\/span><br \/>\n<\/label>\n\t\t<\/p>\n\t<\/div>\n\t<div class=\"cf7-col\">\n\t\t<p><label>CNPJ*<br \/>\n<span class=\"wpcf7-form-control-wrap\" data-name=\"your-cnpj\"><input size=\"40\" maxlength=\"400\" class=\"wpcf7-form-control wpcf7-text wpcf7-validates-as-required\" autocomplete=\"cnpj\" aria-required=\"true\" aria-invalid=\"false\" value=\"\" type=\"text\" name=\"your-cnpj\" \/><\/span><br \/>\n<\/label>\n\t\t<\/p>\n\t<\/div>\n<\/div>\n<div class=\"cf7-row\">\n\t<div class=\"cf7-col col-address\">\n\t\t<p><label>Endere\u00e7o Completo*<br \/>\n<span class=\"wpcf7-form-control-wrap\" data-name=\"your-address\"><input size=\"40\" maxlength=\"400\" class=\"wpcf7-form-control wpcf7-text wpcf7-validates-as-required\" autocomplete=\"address\" aria-required=\"true\" aria-invalid=\"false\" value=\"\" type=\"text\" name=\"your-address\" \/><\/span> <\/label>\n\t\t<\/p>\n\t<\/div>\n<\/div>\n<div class=\"cf7-row\">\n\t<div class=\"cf7-col\">\n\t\t<p><label>Municipio*<br \/>\n<span class=\"wpcf7-form-control-wrap\" data-name=\"your-city\"><input size=\"40\" maxlength=\"400\" class=\"wpcf7-form-control wpcf7-text wpcf7-validates-as-required\" autocomplete=\"city\" aria-required=\"true\" aria-invalid=\"false\" value=\"\" type=\"text\" name=\"your-city\" \/><\/span> <\/label>\n\t\t<\/p>\n\t<\/div>\n\t<div class=\"cf7-col\">\n\t\t<p><label>Nome do Respons\u00e1vel (Diretor da Escola ou Institui\u00e7\u00e3o Interessada)*<br \/>\n<span class=\"wpcf7-form-control-wrap\" data-name=\"your-responsible\"><input size=\"40\" maxlength=\"400\" class=\"wpcf7-form-control wpcf7-text wpcf7-validates-as-required\" autocomplete=\"responsible\" aria-required=\"true\" aria-invalid=\"false\" value=\"\" type=\"text\" name=\"your-responsible\" \/><\/span> <\/label>\n\t\t<\/p>\n\t<\/div>\n<\/div>\n<div class=\"cf7-row\">\n\t<div class=\"cf7-col\">\n\t\t<p><label>Telefone para Contato (Celular)*<br \/>\n<span class=\"wpcf7-form-control-wrap\" data-name=\"your-cel\"><input size=\"40\" maxlength=\"11\" minlength=\"10\" class=\"wpcf7-form-control wpcf7-tel wpcf7-validates-as-required wpcf7-text wpcf7-validates-as-tel\" autocomplete=\"cel\" aria-required=\"true\" aria-invalid=\"false\" value=\"\" type=\"tel\" name=\"your-cel\" \/><\/span><\/label>\n\t\t<\/p>\n\t<\/div>\n\t<div class=\"cf7-col\">\n\t\t<p><label>Telefone para Contato (Fixo)<br \/>\n<span class=\"wpcf7-form-control-wrap\" data-name=\"your-tel\"><input size=\"40\" maxlength=\"11\" minlength=\"10\" class=\"wpcf7-form-control wpcf7-tel wpcf7-text wpcf7-validates-as-tel\" autocomplete=\"tel\" aria-invalid=\"false\" value=\"\" type=\"tel\" name=\"your-tel\" \/><\/span><\/label>\n\t\t<\/p>\n\t<\/div>\n<\/div>\n<div class=\"cf7-row\">\n\t<div class=\"cf7-col\">\n\t\t<p><label>E-mail da Escola ou Institui\u00e7\u00e3o Interessada*<br \/>\n<span class=\"wpcf7-form-control-wrap\" data-name=\"email-344\"><input size=\"40\" maxlength=\"400\" class=\"wpcf7-form-control wpcf7-email wpcf7-validates-as-required wpcf7-text wpcf7-validates-as-email\" aria-required=\"true\" aria-invalid=\"false\" placeholder=\"E-mail da Escola ou Institui\u00e7\u00e3o Interessada\" value=\"\" type=\"email\" name=\"email-344\" \/><\/span><\/label>\n\t\t<\/p>\n\t<\/div>\n\t<div class=\"cf7-col col-qtd\">\n\t\t<p><label>Quantidade de Crian\u00e7as*<br \/>\n<span class=\"wpcf7-form-control-wrap\" data-name=\"number-589\"><input class=\"wpcf7-form-control wpcf7-number wpcf7-validates-as-required wpcf7-validates-as-number\" aria-required=\"true\" aria-invalid=\"false\" value=\"\" type=\"number\" name=\"number-589\" \/><\/span><\/label>\n\t\t<\/p>\n\t<\/div>\n<\/div>\n<div class=\"cf7-row\">\n\t<div class=\"cf7-col col-radio\">\n\t\t<p>Faixa et\u00e1ria das Crian\u00e7as*<br \/>\n<span class=\"wpcf7-form-control-wrap\" data-name=\"radio-698\"><span class=\"wpcf7-form-control wpcf7-radio\"><span class=\"wpcf7-list-item first\"><label><input type=\"radio\" name=\"radio-698\" value=\"De 6 a 8 anos\" \/><span class=\"wpcf7-list-item-label\">De 6 a 8 anos<\/span><\/label><\/span><span class=\"wpcf7-list-item last\"><label><input type=\"radio\" name=\"radio-698\" value=\"De 9 a 11 anos\" \/><span class=\"wpcf7-list-item-label\">De 9 a 11 anos<\/span><\/label><\/span><\/span><\/span>\n\t\t<\/p>\n\t<\/div>\n\t<div class=\"cf7-col col-radio\">\n\t\t<p>Per\u00edodo desejado para atendimento*<br \/>\n<span class=\"wpcf7-form-control-wrap\" data-name=\"radio-156\"><span class=\"wpcf7-form-control wpcf7-radio\"><span class=\"wpcf7-list-item first\"><label><input type=\"radio\" name=\"radio-156\" value=\"Matutino \u2013 08:00h \u00e0s 10:30h\" \/><span class=\"wpcf7-list-item-label\">Matutino \u2013 08:00h \u00e0s 10:30h<\/span><\/label><\/span><span class=\"wpcf7-list-item last\"><label><input type=\"radio\" name=\"radio-156\" value=\"Vespertino \u2013 14:00h \u00e0s 16:30h\" \/><span class=\"wpcf7-list-item-label\">Vespertino \u2013 14:00h \u00e0s 16:30h<\/span><\/label><\/span><\/span><\/span>\n\t\t<\/p>\n\t<\/div>\n<\/div>\n<div class=\"cf7-center\">\n\t<p><input class=\"wpcf7-form-control wpcf7-submit has-spinner\" type=\"submit\" value=\"Solicitar Agenda\" \/>\n\t<\/p>\n<\/div><div class=\"wpcf7-response-output\" aria-hidden=\"true\"><\/div>\n<\/form>\n<\/div>\n<\/div>\n\t\t\t\t\t\t<\/div>\n\t\t\t\t<div class=\"elementor-element elementor-element-b25e2b2 elementor-widget elementor-widget-html\" data-id=\"b25e2b2\" data-element_type=\"widget\" data-e-type=\"widget\" data-widget_type=\"html.default\">\n\t\t\t\t\t\r\n<style>\r\n      .cf7-row {\r\n            display: flex;\r\n            flex-wrap: wrap;\r\n            gap: 25px;\r\n      }\r\n\r\n      .cf7-col {\r\n            flex: 1 1 calc(50% - 15px);\r\n\r\n            label {\r\n                  font-size: 14px;\r\n                  font-weight: 500;\r\n                  width: 100%;\r\n            }\r\n      }\r\n\r\n      .col-qtd {\r\n            input {\r\n                  width: 100%;\r\n            }\r\n      }\r\n\r\n      .col-radio {\r\n            p {\r\n                  font-size: 14px;\r\n                  font-weight: 500;\r\n\r\n                  label {\r\n                        font-weight: 400 !important;\r\n\r\n                  }\r\n            }\r\n      }\r\n\r\n      .cf7-col-full {\r\n            flex: 1 1 100%;\r\n      }\r\n\r\n      .cf7-center {\r\n            display: flex;\r\n            width: 100%;\r\n            justify-content: center;\r\n\r\n            p {\r\n                  width: 100%;\r\n                  justify-content: center;\r\n                  display: flex;\r\n\r\n                  input {\r\n                        background: #FF8C24 !important;\r\n                  }\r\n            }\r\n      }\r\n\r\n\r\n      .col-address {\r\n            width: 100% !important;\r\n\r\n            p {\r\n                  width: 100%;\r\n                  box-sizing: border-box;\r\n\r\n                  label {\r\n                        width: 100%;\r\n                  }\r\n            }\r\n      }\r\n\r\n      @media (max-width: 768px) {\r\n            .cf7-col {\r\n                  flex: 1 1 100%;\r\n            }\r\n      }\r\n<\/style>\t\t\t\t<\/div>\n\t\t\t\t\t<\/div>\n\t\t\t\t<\/div>\n\t\t<div class=\"elementor-element elementor-element-8267f97 e-flex e-con-boxed e-con e-parent\" data-id=\"8267f97\" data-element_type=\"container\" data-e-type=\"container\">\n\t\t\t\t\t<div class=\"e-con-inner\">\n\t\t\t\t<div class=\"elementor-element elementor-element-2c7e8e7 elementor-widget elementor-widget-text-editor\" data-id=\"2c7e8e7\" data-element_type=\"widget\" data-e-type=\"widget\" data-widget_type=\"text-editor.default\">\n\t\t\t\t\t\t\t\t\t<p><strong>Observa\u00e7\u00f5es Importantes:<\/strong><\/p><ul><li>O agendamento est\u00e1 sujeito \u00e0 disponibilidade de data a ser definida pela Ger\u00eancia de Educa\u00e7\u00e3o de Tr\u00e2nsito.<\/li><li><p>Ap\u00f3s o envio deste formul\u00e1rio, a Ger\u00eancia de Educa\u00e7\u00e3o de Tr\u00e2nsito do DETRAN-GO entrar\u00e1 em contato para confirma\u00e7\u00e3o do agendamento, bem como o envio do <a href=\"https:\/\/goias.gov.br\/detran\/wp-content\/uploads\/sites\/8\/2025\/11\/TERMO_DE_RESPONSABILIDADE__1_.docx\">termo de responsabilidade e compromisso<\/a>.<\/p><\/li><li><p>As despesas com transporte das crian\u00e7as s\u00e3o de responsabilidade exclusiva da escola\/institui\u00e7\u00e3o interessada.<\/p><\/li><li style=\"list-style-type: none;\">\u00a0<\/li><\/ul>\t\t\t\t\t\t\t\t<\/div>\n\t\t\t\t\t<\/div>\n\t\t\t\t<\/div>\n\t\t\t\t<\/div>\n\t\t","protected":false},"excerpt":{"rendered":"<p>Observa\u00e7\u00f5es Importantes: O agendamento est\u00e1 sujeito \u00e0 disponibilidade de data a ser definida pela Ger\u00eancia de Educa\u00e7\u00e3o de Tr\u00e2nsito. Ap\u00f3s o envio deste formul\u00e1rio, a Ger\u00eancia de Educa\u00e7\u00e3o de Tr\u00e2nsito do DETRAN-GO entrar\u00e1 em contato para confirma\u00e7\u00e3o do agendamento, bem como o envio do termo de responsabilidade e compromisso. As despesas com transporte das crian\u00e7as [&hellip;]<\/p>\n","protected":false},"author":39,"featured_media":0,"parent":0,"menu_order":0,"comment_status":"closed","ping_status":"closed","template":"","meta":{"footnotes":"","_links_to":"","_links_to_target":""},"class_list":["post-325923","page","type-page","status-publish","hentry"],"rttpg_featured_image_url":null,"rttpg_author":{"display_name":"matheuspires","author_link":"https:\/\/goias.gov.br\/detran\/author\/matheusbp\/"},"rttpg_comment":0,"rttpg_category":null,"rttpg_excerpt":"Observa\u00e7\u00f5es Importantes: O agendamento est\u00e1 sujeito \u00e0 disponibilidade de data a ser definida pela Ger\u00eancia de Educa\u00e7\u00e3o de Tr\u00e2nsito. Ap\u00f3s o envio deste formul\u00e1rio, a Ger\u00eancia de Educa\u00e7\u00e3o de Tr\u00e2nsito do DETRAN-GO entrar\u00e1 em contato para confirma\u00e7\u00e3o do agendamento, bem como o envio do termo de responsabilidade e compromisso. As despesas com transporte das crian\u00e7as&hellip;","_links":{"self":[{"href":"https:\/\/goias.gov.br\/detran\/wp-json\/wp\/v2\/pages\/325923","targetHints":{"allow":["GET"]}}],"collection":[{"href":"https:\/\/goias.gov.br\/detran\/wp-json\/wp\/v2\/pages"}],"about":[{"href":"https:\/\/goias.gov.br\/detran\/wp-json\/wp\/v2\/types\/page"}],"author":[{"embeddable":true,"href":"https:\/\/goias.gov.br\/detran\/wp-json\/wp\/v2\/users\/39"}],"replies":[{"embeddable":true,"href":"https:\/\/goias.gov.br\/detran\/wp-json\/wp\/v2\/comments?post=325923"}],"version-history":[{"count":3,"href":"https:\/\/goias.gov.br\/detran\/wp-json\/wp\/v2\/pages\/325923\/revisions"}],"predecessor-version":[{"id":370678,"href":"https:\/\/goias.gov.br\/detran\/wp-json\/wp\/v2\/pages\/325923\/revisions\/370678"}],"wp:attachment":[{"href":"https:\/\/goias.gov.br\/detran\/wp-json\/wp\/v2\/media?parent=325923"}],"curies":[{"name":"wp","href":"https:\/\/api.w.org\/{rel}","templated":true}]}}