

{"id":271398,"date":"2024-11-22T18:54:17","date_gmt":"2024-11-22T21:54:17","guid":{"rendered":"https:\/\/goias.gov.br\/detran\/?page_id=271398"},"modified":"2026-03-03T14:20:16","modified_gmt":"2026-03-03T17:20:16","slug":"cnh-social","status":"publish","type":"page","link":"https:\/\/goias.gov.br\/detran\/projetos-de-participacao-social\/","title":{"rendered":"CNH Social"},"content":{"rendered":"\t\t<div data-elementor-type=\"wp-page\" data-elementor-id=\"271398\" class=\"elementor elementor-271398\">\n\t\t\t\t<div class=\"elementor-element elementor-element-12fac95 e-flex e-con-boxed e-con e-parent\" data-id=\"12fac95\" data-element_type=\"container\" data-e-type=\"container\">\n\t\t\t\t\t<div class=\"e-con-inner\">\n\t\t\t\t<div class=\"elementor-element elementor-element-70805f1 elementor-widget elementor-widget-image\" data-id=\"70805f1\" data-element_type=\"widget\" data-e-type=\"widget\" data-widget_type=\"image.default\">\n\t\t\t\t\t\t\t\t\t\t\t\t\t\t\t<img decoding=\"async\" src=\"https:\/\/goias.gov.br\/detran\/wp-content\/uploads\/sites\/8\/2024\/11\/CNH-Social-texto.jpg\" title=\"\" alt=\"\" loading=\"lazy\" \/>\t\t\t\t\t\t\t\t\t\t\t\t\t\t\t<\/div>\n\t\t\t\t<div class=\"elementor-element elementor-element-a9cb759 elementor-widget elementor-widget-text-editor\" data-id=\"a9cb759\" data-element_type=\"widget\" data-e-type=\"widget\" data-widget_type=\"text-editor.default\">\n\t\t\t\t\t\t\t\t\t<p style=\"text-align: justify;\"><strong>O que \u00e9 a CNH Social?<\/strong><\/p><p style=\"text-align: justify;\">A CNH Social do Detran Goi\u00e1s \u00e9 um programa de inclus\u00e3o social, criado com base na Lei N\u00ba 20.637, de 12 de novembro de 2019, pelo Governo do Estado de Goi\u00e1s. Seu principal prop\u00f3sito \u00e9 viabilizar o acesso \u00e0 Carteira Nacional de Habilita\u00e7\u00e3o (CNH) a cidad\u00e3os de baixa renda, oferecendo isen\u00e7\u00e3o ou significativa redu\u00e7\u00e3o de custos associados ao processo de obten\u00e7\u00e3o da CNH.<\/p><p style=\"text-align: justify;\"><strong>Lei da CNH Social<\/strong><\/p><p style=\"text-align: justify;\">A referida lei estabelece crit\u00e9rios socioecon\u00f4micos para a elegibilidade dos benefici\u00e1rios, que incluem a comprova\u00e7\u00e3o de baixa renda e a inscri\u00e7\u00e3o no Cadastro \u00danico para Programas Sociais do Governo Federal (Cad\u00danico), entre outros requisitos determinados pelo Detran Goi\u00e1s. A CNH Social abrange tanto a primeira habilita\u00e7\u00e3o quanto a inclus\u00e3o de novas categorias \u00e0 CNH existente, proporcionando oportunidades n\u00e3o apenas a novos condutores, mas tamb\u00e9m \u00e0queles que buscam ampliar suas habilidades de condu\u00e7\u00e3o. Em s\u00edntese, a CNH Social do Detran Goi\u00e1s \u00e9 uma relevante iniciativa de inclus\u00e3o social respaldada pela Lei N\u00ba 20.637, de 12 de novembro de 2019, que visa democratizar o acesso \u00e0 CNH, um documento essencial para a mobilidade e participa\u00e7\u00e3o plena na sociedade.<\/p>\t\t\t\t\t\t\t\t<\/div>\n\t\t\t\t<div class=\"elementor-element elementor-element-609bd57 elementor-tablet-align-center elementor-mobile-align-center elementor-widget elementor-widget-button\" data-id=\"609bd57\" data-element_type=\"widget\" data-e-type=\"widget\" data-widget_type=\"button.default\">\n\t\t\t\t\t\t\t\t\t\t<a class=\"elementor-button elementor-button-link elementor-size-sm\" href=\"https:\/\/legisla.casacivil.go.gov.br\/pesquisa_legislacao\/100837\/lei-20637\" target=\"_blank\">\n\t\t\t\t\t\t<span class=\"elementor-button-content-wrapper\">\n\t\t\t\t\t\t\t\t\t<span class=\"elementor-button-text\">Acesse a Legisla\u00e7\u00e3o<\/span>\n\t\t\t\t\t<\/span>\n\t\t\t\t\t<\/a>\n\t\t\t\t\t\t\t\t<\/div>\n\t\t\t\t<div class=\"elementor-element elementor-element-e1b4ea5 elementor-widget elementor-widget-text-editor\" data-id=\"e1b4ea5\" data-element_type=\"widget\" data-e-type=\"widget\" data-widget_type=\"text-editor.default\">\n\t\t\t\t\t\t\t\t\t<p style=\"text-align: justify;\"><strong>N\u00e3o existe etapa de sele\u00e7\u00e3o aberta para novos cadastros no programa cnh social, quando houver a disponibilidade, as condi\u00e7\u00f5es ser\u00e3o divulgadas via imprensa e canais eletr\u00f4nicos do Detran. Cuidado com as fake news!<\/strong><\/p><p style=\"text-align: justify;\"><strong>Servi\u00e7os<\/strong><\/p>\t\t\t\t\t\t\t\t<\/div>\n\t\t\t\t<div class=\"elementor-element elementor-element-edc9bcd elementor-tablet-align-center elementor-mobile-align-center elementor-widget elementor-widget-button\" data-id=\"edc9bcd\" data-element_type=\"widget\" data-e-type=\"widget\" data-widget_type=\"button.default\">\n\t\t\t\t\t\t\t\t\t\t<a class=\"elementor-button elementor-button-link elementor-size-sm\" href=\"https:\/\/www.go.gov.br\/servicos\/servico\/participar-do-processo-seletivo-do-programa-cnh-social\" target=\"_blank\">\n\t\t\t\t\t\t<span class=\"elementor-button-content-wrapper\">\n\t\t\t\t\t\t\t\t\t<span class=\"elementor-button-text\">Participar do processo seletivo<\/span>\n\t\t\t\t\t<\/span>\n\t\t\t\t\t<\/a>\n\t\t\t\t\t\t\t\t<\/div>\n\t\t\t\t<div class=\"elementor-element elementor-element-946c293 elementor-widget elementor-widget-text-editor\" data-id=\"946c293\" data-element_type=\"widget\" data-e-type=\"widget\" data-widget_type=\"text-editor.default\">\n\t\t\t\t\t\t\t\t\t<p><strong>Parceiros Credenciados<\/strong><\/p><p>Saiba mais sobre os parceiros credenciados do Detran-GO, como CFCs, Cl\u00ednicas e outros que atuam na sua Cidade ou Regi\u00f5es Pr\u00f3ximas.<\/p>\t\t\t\t\t\t\t\t<\/div>\n\t\t\t\t<div class=\"elementor-element elementor-element-d56c515 elementor-tablet-align-center elementor-mobile-align-center elementor-widget elementor-widget-button\" data-id=\"d56c515\" data-element_type=\"widget\" data-e-type=\"widget\" data-widget_type=\"button.default\">\n\t\t\t\t\t\t\t\t\t\t<a class=\"elementor-button elementor-button-link elementor-size-sm\" href=\"https:\/\/paineis.detran.go.gov.br\/extensions\/Credenciados\/Credenciados.html\" target=\"_blank\">\n\t\t\t\t\t\t<span class=\"elementor-button-content-wrapper\">\n\t\t\t\t\t\t\t\t\t<span class=\"elementor-button-text\">Informa\u00e7\u00f5es de Parceiros Credenciados<\/span>\n\t\t\t\t\t<\/span>\n\t\t\t\t\t<\/a>\n\t\t\t\t\t\t\t\t<\/div>\n\t\t\t\t<div class=\"elementor-element elementor-element-5f12643 elementor-widget elementor-widget-text-editor\" data-id=\"5f12643\" data-element_type=\"widget\" data-e-type=\"widget\" data-widget_type=\"text-editor.default\">\n\t\t\t\t\t\t\t\t\t<h4 style=\"text-align: justify;\"><strong><span style=\"font-size: 12pt;\">Os exames de habilita\u00e7\u00e3o, exceto os de dire\u00e7\u00e3o veicular, poder\u00e3o ser aplicados por entidades p\u00fablicas ou privadas credenciadas pelo \u00f3rg\u00e3o executivo de tr\u00e2nsito dos Estados e do Distrito Federal, conforme as normas do CONTRAN, sendo que a CNH Social pode ser realizada em todas essas entidades.<\/span><\/strong><\/h4><h4 class=\"wp-block-heading\" style=\"text-align: justify;\"><strong><span style=\"font-family: arial, helvetica, sans-serif; font-size: 12pt;\">Documentos<\/span><\/strong><\/h4><ul class=\"wp-block-list\" style=\"text-align: justify;\"><li><span style=\"font-family: arial, helvetica, sans-serif; font-size: 12pt;\"><a href=\"https:\/\/servicos.detran.go.gov.br\/sgcp\/rest\/docflow\/anexo\/239972594\/pdf\" target=\"_blank\" rel=\"noreferrer noopener\">Declara\u00e7\u00e3o de Reteste<\/a><\/span><\/li><li><span style=\"font-family: arial, helvetica, sans-serif; font-size: 12pt;\"><a href=\"https:\/\/servicos.detran.go.gov.br\/sgcp\/rest\/docflow\/anexo\/270364324\/pdf\" target=\"_blank\" rel=\"noreferrer noopener\">Termo de Ades\u00e3o ao Programa CNH Social<\/a><\/span><\/li><\/ul><h4 class=\"wp-block-heading\" style=\"text-align: justify;\"><strong><span style=\"font-family: arial, helvetica, sans-serif; font-size: 12pt;\">Orienta\u00e7\u00f5es<\/span><\/strong><\/h4><ul class=\"wp-block-list\" style=\"text-align: justify;\"><li><span style=\"font-family: arial, helvetica, sans-serif; font-size: 12pt;\"><a href=\"https:\/\/goias.gov.br\/detran\/criterios-de-classificacao\/\">Crit\u00e9rios de Classifica\u00e7\u00e3o<\/a><\/span><\/li><li><span style=\"font-family: arial, helvetica, sans-serif; font-size: 12pt;\"><a href=\"https:\/\/legisla.casacivil.go.gov.br\/pesquisa_legislacao\/103344\/decreto-9708\" target=\"_blank\" rel=\"noopener\">Decreto CNH Social<\/a><\/span><\/li><li><span style=\"font-family: arial, helvetica, sans-serif; font-size: 12pt;\"><a href=\"https:\/\/servicos.detran.go.gov.br\/sgcp\/rest\/docflow\/anexo\/275174193\/pdf\" target=\"_blank\" rel=\"noopener\">Orienta\u00e7\u00f5es do Programa CNH Social<\/a><\/span><\/li><li><span style=\"font-family: arial, helvetica, sans-serif; font-size: 12pt;\"><a href=\"https:\/\/servicos.detran.go.gov.br\/sgcp\/rest\/docflow\/anexo\/251805145\/pdf\" target=\"_blank\" rel=\"noopener\">Portaria de Ades\u00e3o dos Credenciados<\/a><\/span><\/li><li><span style=\"font-family: arial, helvetica, sans-serif; font-size: 12pt;\"><a href=\"https:\/\/servicos.detran.go.gov.br\/sgcp\/rest\/docflow\/anexo\/251804031\/pdf\" target=\"_blank\" rel=\"noopener\">Portaria dos Candidatos do Programa CNH Social<\/a><\/span><\/li><\/ul><h4 class=\"wp-block-heading\" style=\"text-align: justify;\"><strong><span style=\"font-family: arial, helvetica, sans-serif; font-size: 12pt;\">Contatos<\/span><\/strong><\/h4><p style=\"text-align: justify;\"><span style=\"font-family: arial, helvetica, sans-serif; font-size: 12pt;\">Coordenadoria do Programa CNH Social<\/span><\/p><ul class=\"wp-block-list\"><li style=\"text-align: justify;\"><span style=\"font-family: arial, helvetica, sans-serif; font-size: 12pt;\">Recep\u00e7\u00e3o: <\/span><span style=\"font-family: arial, helvetica, sans-serif; font-size: 12pt;\">(62) 3272-8111 \/ <\/span><span style=\"font-family: arial, helvetica, sans-serif; font-size: 12pt;\">(62) 3272-8161 \/ <\/span><span style=\"font-family: arial, helvetica, sans-serif; font-size: 12pt;\">(62) 3272-8451<\/span><\/li><li style=\"text-align: justify;\"><span style=\"font-family: arial, helvetica, sans-serif; font-size: 12pt;\">Email:\u00a0<a href=\"mailto:cnhsocialresponde@detran.go.gov.br\">cnhsocialresponde@detran.go.gov.br<\/a><\/span><\/li><\/ul>\t\t\t\t\t\t\t\t<\/div>\n\t\t\t\t\t<\/div>\n\t\t\t\t<\/div>\n\t\t\t\t<\/div>\n\t\t","protected":false},"excerpt":{"rendered":"<p>O que \u00e9 a CNH Social? A CNH Social do Detran Goi\u00e1s \u00e9 um programa de inclus\u00e3o social, criado com base na Lei N\u00ba 20.637, de 12 de novembro de 2019, pelo Governo do Estado de Goi\u00e1s. Seu principal prop\u00f3sito \u00e9 viabilizar o acesso \u00e0 Carteira Nacional de Habilita\u00e7\u00e3o (CNH) a cidad\u00e3os de baixa renda, [&hellip;]<\/p>\n","protected":false},"author":39,"featured_media":0,"parent":0,"menu_order":0,"comment_status":"closed","ping_status":"closed","template":"","meta":{"footnotes":"","_links_to":"https:\/\/goias.gov.br\/detran\/projetos-de-participacao-social\/","_links_to_target":""},"class_list":["post-271398","page","type-page","status-publish","hentry"],"rttpg_featured_image_url":null,"rttpg_author":{"display_name":"matheuspires","author_link":"https:\/\/goias.gov.br\/detran\/author\/matheusbp\/"},"rttpg_comment":0,"rttpg_category":null,"rttpg_excerpt":"O que \u00e9 a CNH Social? A CNH Social do Detran Goi\u00e1s \u00e9 um programa de inclus\u00e3o social, criado com base na Lei N\u00ba 20.637, de 12 de novembro de 2019, pelo Governo do Estado de Goi\u00e1s. Seu principal prop\u00f3sito \u00e9 viabilizar o acesso \u00e0 Carteira Nacional de Habilita\u00e7\u00e3o (CNH) a cidad\u00e3os de baixa renda,&hellip;","_links":{"self":[{"href":"https:\/\/goias.gov.br\/detran\/wp-json\/wp\/v2\/pages\/271398","targetHints":{"allow":["GET"]}}],"collection":[{"href":"https:\/\/goias.gov.br\/detran\/wp-json\/wp\/v2\/pages"}],"about":[{"href":"https:\/\/goias.gov.br\/detran\/wp-json\/wp\/v2\/types\/page"}],"author":[{"embeddable":true,"href":"https:\/\/goias.gov.br\/detran\/wp-json\/wp\/v2\/users\/39"}],"replies":[{"embeddable":true,"href":"https:\/\/goias.gov.br\/detran\/wp-json\/wp\/v2\/comments?post=271398"}],"version-history":[{"count":2,"href":"https:\/\/goias.gov.br\/detran\/wp-json\/wp\/v2\/pages\/271398\/revisions"}],"predecessor-version":[{"id":385420,"href":"https:\/\/goias.gov.br\/detran\/wp-json\/wp\/v2\/pages\/271398\/revisions\/385420"}],"wp:attachment":[{"href":"https:\/\/goias.gov.br\/detran\/wp-json\/wp\/v2\/media?parent=271398"}],"curies":[{"name":"wp","href":"https:\/\/api.w.org\/{rel}","templated":true}]}}