

{"id":255603,"date":"2024-10-04T14:01:03","date_gmt":"2024-10-04T17:01:03","guid":{"rendered":"https:\/\/goias.gov.br\/detran\/?page_id=255603"},"modified":"2024-10-09T13:11:12","modified_gmt":"2024-10-09T16:11:12","slug":"ouvidoria-setorial","status":"publish","type":"page","link":"https:\/\/goias.gov.br\/detran\/ouvidoria-setorial\/","title":{"rendered":"Ouvidoria Setorial"},"content":{"rendered":"\n<h4 class=\"wp-block-heading\"><span style=\"color: #008000;\">Atendimento Presencial<\/span><\/h4>\n\n\n\n<p>Ouvidor Setorial: <strong>MANOEL LEANDRO DA SILVA<\/strong><\/p>\n\n\n\n<div class=\"wp-block-group\"><div class=\"wp-block-group__inner-container is-layout-constrained wp-block-group-is-layout-constrained\">\n<p>Endere\u00e7o: Av. Eng. At\u00edlio Corr\u00eaa Lima, n\u00b0 1875<br \/>Cidade Jardim, Goi\u00e2nia-GO, CEP: 74.425-901<br \/>Hor\u00e1rio de Atendimento: 08h \u00e0s 12h e das 14h \u00e0s 18h<br \/>E-mail: <a href=\"mailto:ouvidoria@detran.go.gov.br\">ouvidoria@detran.go.gov.br<\/a><br \/>Telefone: (62) 3272-8220<br \/>Unidade SEI: 20992<\/p>\n<\/div><\/div>\n","protected":false},"excerpt":{"rendered":"<p>Atendimento Presencial Ouvidor Setorial: MANOEL LEANDRO DA SILVA Endere\u00e7o: Av. Eng. At\u00edlio Corr\u00eaa Lima, n\u00b0 1875Cidade Jardim, Goi\u00e2nia-GO, CEP: 74.425-901Hor\u00e1rio de Atendimento: 08h \u00e0s 12h e das 14h \u00e0s 18hE-mail: ouvidoria@detran.go.gov.brTelefone: (62) 3272-8220Unidade SEI: 20992<\/p>\n","protected":false},"author":62,"featured_media":0,"parent":0,"menu_order":0,"comment_status":"closed","ping_status":"closed","template":"","meta":{"footnotes":"","_links_to":"","_links_to_target":""},"class_list":["post-255603","page","type-page","status-publish","hentry"],"rttpg_featured_image_url":null,"rttpg_author":{"display_name":"italoreis","author_link":"https:\/\/goias.gov.br\/detran\/author\/italoreis\/"},"rttpg_comment":0,"rttpg_category":null,"rttpg_excerpt":"Atendimento Presencial Ouvidor Setorial: MANOEL LEANDRO DA SILVA Endere\u00e7o: Av. Eng. At\u00edlio Corr\u00eaa Lima, n\u00b0 1875Cidade Jardim, Goi\u00e2nia-GO, CEP: 74.425-901Hor\u00e1rio de Atendimento: 08h \u00e0s 12h e das 14h \u00e0s 18hE-mail: ouvidoria@detran.go.gov.brTelefone: (62) 3272-8220Unidade SEI: 20992","_links":{"self":[{"href":"https:\/\/goias.gov.br\/detran\/wp-json\/wp\/v2\/pages\/255603","targetHints":{"allow":["GET"]}}],"collection":[{"href":"https:\/\/goias.gov.br\/detran\/wp-json\/wp\/v2\/pages"}],"about":[{"href":"https:\/\/goias.gov.br\/detran\/wp-json\/wp\/v2\/types\/page"}],"author":[{"embeddable":true,"href":"https:\/\/goias.gov.br\/detran\/wp-json\/wp\/v2\/users\/62"}],"replies":[{"embeddable":true,"href":"https:\/\/goias.gov.br\/detran\/wp-json\/wp\/v2\/comments?post=255603"}],"version-history":[{"count":2,"href":"https:\/\/goias.gov.br\/detran\/wp-json\/wp\/v2\/pages\/255603\/revisions"}],"predecessor-version":[{"id":257235,"href":"https:\/\/goias.gov.br\/detran\/wp-json\/wp\/v2\/pages\/255603\/revisions\/257235"}],"wp:attachment":[{"href":"https:\/\/goias.gov.br\/detran\/wp-json\/wp\/v2\/media?parent=255603"}],"curies":[{"name":"wp","href":"https:\/\/api.w.org\/{rel}","templated":true}]}}