

{"id":241729,"date":"2024-09-19T10:01:36","date_gmt":"2024-09-19T13:01:36","guid":{"rendered":"https:\/\/goias.gov.br\/detran\/?page_id=241729"},"modified":"2026-01-22T16:08:57","modified_gmt":"2026-01-22T19:08:57","slug":"aplicativo-talonario","status":"publish","type":"page","link":"https:\/\/goias.gov.br\/detran\/aplicativo-talonario\/","title":{"rendered":"Talon\u00e1rio Eletr\u00f4nico"},"content":{"rendered":"\t\t<div data-elementor-type=\"wp-page\" data-elementor-id=\"241729\" class=\"elementor elementor-241729\">\n\t\t\t\t<div class=\"elementor-element elementor-element-176ea63 e-flex e-con-boxed e-con e-parent\" data-id=\"176ea63\" data-element_type=\"container\" data-e-type=\"container\">\n\t\t\t\t\t<div class=\"e-con-inner\">\n\t\t\t\t<div class=\"elementor-element elementor-element-25f23d0 elementor-widget elementor-widget-heading\" data-id=\"25f23d0\" data-element_type=\"widget\" data-e-type=\"widget\" data-widget_type=\"heading.default\">\n\t\t\t\t\t<h3 class=\"elementor-heading-title elementor-size-default\">Aplicativo do Talon\u00e1rio eletr\u00f4nico<\/h3>\t\t\t\t<\/div>\n\t\t\t\t<div class=\"elementor-element elementor-element-a3c70d2 elementor-widget elementor-widget-text-editor\" data-id=\"a3c70d2\" data-element_type=\"widget\" data-e-type=\"widget\" data-widget_type=\"text-editor.default\">\n\t\t\t\t\t\t\t\t\t<p><span style=\"color: #333333; font-size: 12pt;\">Aplicativo destinado \u00e0 confec\u00e7\u00e3o de talon\u00e1rio eletr\u00f4nico para agentes conveniados ao Departamento de Tr\u00e2nsito do Estado de Goi\u00e1s.<\/span><\/p>\t\t\t\t\t\t\t\t<\/div>\n\t\t\t\t\t<\/div>\n\t\t\t\t<\/div>\n\t\t<div class=\"elementor-element elementor-element-1e91eef e-flex e-con-boxed e-con e-parent\" data-id=\"1e91eef\" data-element_type=\"container\" data-e-type=\"container\">\n\t\t\t\t\t<div class=\"e-con-inner\">\n\t\t\t\t<div class=\"elementor-element elementor-element-a3495af elementor-widget elementor-widget-heading\" data-id=\"a3495af\" data-element_type=\"widget\" data-e-type=\"widget\" data-widget_type=\"heading.default\">\n\t\t\t\t\t<h3 class=\"elementor-heading-title elementor-size-default\">Fa\u00e7a o download do aplicativo<\/h3>\t\t\t\t<\/div>\n\t\t\t\t<div class=\"elementor-element elementor-element-67fff9b elementor-widget elementor-widget-image\" data-id=\"67fff9b\" data-element_type=\"widget\" data-e-type=\"widget\" data-widget_type=\"image.default\">\n\t\t\t\t\t\t\t\t\t\t\t\t\t\t\t\t<a href=\"https:\/\/play.google.com\/store\/apps\/details?id=detran.go.gov.br.talonarioeletronico\" target=\"_blank\">\n\t\t\t\t\t\t\t<img decoding=\"async\" src=\"\/detran\/wp-content\/uploads\/sites\/8\/2024\/09\/Baixe-Google-play.png\" title=\"\" alt=\"\" loading=\"lazy\" \/>\t\t\t\t\t\t\t\t<\/a>\n\t\t\t\t\t\t\t\t\t\t\t\t\t\t\t<\/div>\n\t\t\t\t\t<\/div>\n\t\t\t\t<\/div>\n\t\t<div class=\"elementor-element elementor-element-dc29eb2 e-flex e-con-boxed e-con e-parent\" data-id=\"dc29eb2\" data-element_type=\"container\" data-e-type=\"container\">\n\t\t\t\t\t<div class=\"e-con-inner\">\n\t\t\t\t<div class=\"elementor-element elementor-element-75851d0 elementor-widget elementor-widget-image\" data-id=\"75851d0\" data-element_type=\"widget\" data-e-type=\"widget\" data-widget_type=\"image.default\">\n\t\t\t\t\t\t\t\t\t\t\t\t\t\t\t<img decoding=\"async\" src=\"\/detran\/wp-content\/uploads\/sites\/8\/2024\/09\/talonario-1.jpg\" title=\"\" alt=\"\" loading=\"lazy\" \/>\t\t\t\t\t\t\t\t\t\t\t\t\t\t\t<\/div>\n\t\t\t\t\t<\/div>\n\t\t\t\t<\/div>\n\t\t\t\t<\/div>\n\t\t","protected":false},"excerpt":{"rendered":"<p>Aplicativo do Talon\u00e1rio eletr\u00f4nico Aplicativo destinado \u00e0 confec\u00e7\u00e3o de talon\u00e1rio eletr\u00f4nico para agentes conveniados ao Departamento de Tr\u00e2nsito do Estado de Goi\u00e1s. Fa\u00e7a o download do aplicativo<\/p>\n","protected":false},"author":585,"featured_media":0,"parent":0,"menu_order":0,"comment_status":"closed","ping_status":"closed","template":"","meta":{"footnotes":"","_links_to":"","_links_to_target":""},"class_list":["post-241729","page","type-page","status-publish","hentry"],"rttpg_featured_image_url":null,"rttpg_author":{"display_name":"rubiosilva","author_link":"https:\/\/goias.gov.br\/detran\/author\/rubiosilva\/"},"rttpg_comment":0,"rttpg_category":null,"rttpg_excerpt":"Aplicativo do Talon\u00e1rio eletr\u00f4nico Aplicativo destinado \u00e0 confec\u00e7\u00e3o de talon\u00e1rio eletr\u00f4nico para agentes conveniados ao Departamento de Tr\u00e2nsito do Estado de Goi\u00e1s. Fa\u00e7a o download do aplicativo","_links":{"self":[{"href":"https:\/\/goias.gov.br\/detran\/wp-json\/wp\/v2\/pages\/241729","targetHints":{"allow":["GET"]}}],"collection":[{"href":"https:\/\/goias.gov.br\/detran\/wp-json\/wp\/v2\/pages"}],"about":[{"href":"https:\/\/goias.gov.br\/detran\/wp-json\/wp\/v2\/types\/page"}],"author":[{"embeddable":true,"href":"https:\/\/goias.gov.br\/detran\/wp-json\/wp\/v2\/users\/585"}],"replies":[{"embeddable":true,"href":"https:\/\/goias.gov.br\/detran\/wp-json\/wp\/v2\/comments?post=241729"}],"version-history":[{"count":2,"href":"https:\/\/goias.gov.br\/detran\/wp-json\/wp\/v2\/pages\/241729\/revisions"}],"predecessor-version":[{"id":366111,"href":"https:\/\/goias.gov.br\/detran\/wp-json\/wp\/v2\/pages\/241729\/revisions\/366111"}],"wp:attachment":[{"href":"https:\/\/goias.gov.br\/detran\/wp-json\/wp\/v2\/media?parent=241729"}],"curies":[{"name":"wp","href":"https:\/\/api.w.org\/{rel}","templated":true}]}}