

{"id":239877,"date":"2024-09-18T11:52:48","date_gmt":"2024-09-18T14:52:48","guid":{"rendered":"https:\/\/goias.gov.br\/detran\/?page_id=239877"},"modified":"2026-01-22T15:13:12","modified_gmt":"2026-01-22T18:13:12","slug":"detran-aplicativos","status":"publish","type":"page","link":"https:\/\/goias.gov.br\/detran\/detran-aplicativos\/","title":{"rendered":"Detran Aplicativos"},"content":{"rendered":"\t\t<div data-elementor-type=\"wp-page\" data-elementor-id=\"239877\" class=\"elementor elementor-239877\">\n\t\t\t\t<div class=\"elementor-element elementor-element-c048743 e-flex e-con-boxed e-con e-parent\" data-id=\"c048743\" data-element_type=\"container\" data-e-type=\"container\">\n\t\t\t\t\t<div class=\"e-con-inner\">\n\t\t\t\t<div class=\"elementor-element elementor-element-94e563c elementor-widget elementor-widget-text-editor\" data-id=\"94e563c\" data-element_type=\"widget\" data-e-type=\"widget\" data-widget_type=\"text-editor.default\">\n\t\t\t\t\t\t\t\t\t<p><span style=\"color: #171717; font-size: 12pt;\">Bem-vindo \u00e0 central de aplicativos do Detran GO! Aqui voc\u00ea encontra todos os aplicativos oficiais do Detran de Goi\u00e1s, desenvolvidos para oferecer praticidade e rapidez no acesso a servi\u00e7os essenciais. Selecione o app que melhor atende \u00e0s suas necessidades e tenha todas as funcionalidades ao seu alcance, diretamente no seu smartphone.<\/span><\/p><p><span style=\"color: #171717; font-size: 12pt;\">Com nossos aplicativos, voc\u00ea pode gerenciar sua Carteira Nacional de Habilita\u00e7\u00e3o (CNH), consultar multas, acompanhar o licenciamento do ve\u00edculo e muito mais, tudo de forma simples e segura.<\/span><\/p>\t\t\t\t\t\t\t\t<\/div>\n\t\t\t\t\t<\/div>\n\t\t\t\t<\/div>\n\t\t<div class=\"elementor-element elementor-element-acce17b e-flex e-con-boxed e-con e-parent\" data-id=\"acce17b\" data-element_type=\"container\" data-e-type=\"container\">\n\t\t\t\t\t<div class=\"e-con-inner\">\n\t\t<div class=\"elementor-element elementor-element-64272ed e-con-full e-flex e-con e-child\" data-id=\"64272ed\" data-element_type=\"container\" data-e-type=\"container\">\n\t\t\t\t<div class=\"elementor-element elementor-element-593fe52 elementor-widget elementor-widget-image\" data-id=\"593fe52\" data-element_type=\"widget\" data-e-type=\"widget\" data-widget_type=\"image.default\">\n\t\t\t\t\t\t\t\t\t\t\t\t\t\t\t<img decoding=\"async\" src=\"https:\/\/goias.gov.br\/detran\/wp-content\/uploads\/sites\/8\/2024\/09\/LOGO-GOON.png\" title=\"\" alt=\"\" loading=\"lazy\" \/>\t\t\t\t\t\t\t\t\t\t\t\t\t\t\t<\/div>\n\t\t\t\t<div class=\"elementor-element elementor-element-fc1bff8 elementor-widget elementor-widget-heading\" data-id=\"fc1bff8\" data-element_type=\"widget\" data-e-type=\"widget\" data-widget_type=\"heading.default\">\n\t\t\t\t\t<h3 class=\"elementor-heading-title elementor-size-default\">Detran GO ON<\/h3>\t\t\t\t<\/div>\n\t\t\t\t<div class=\"elementor-element elementor-element-a898a61 elementor-widget elementor-widget-text-editor\" data-id=\"a898a61\" data-element_type=\"widget\" data-e-type=\"widget\" data-widget_type=\"text-editor.default\">\n\t\t\t\t\t\t\t\t\t<p><span style=\"color: #171717;\">\u00c9 um aplicativo para Smartphone que oferece servi\u00e7os do Departamento Estadual de Tr\u00e2nsito de Goi\u00e1s, s\u00f3 que na palma da m\u00e3o do cidad\u00e3o. Com ele, \u00e9 poss\u00edvel pesquisar informa\u00e7\u00f5es de maneira pr\u00e1tica e r\u00e1pida.<\/span><\/p>\t\t\t\t\t\t\t\t<\/div>\n\t\t\t\t<div class=\"elementor-element elementor-element-ee005f7 elementor-align-center elementor-widget elementor-widget-button\" data-id=\"ee005f7\" data-element_type=\"widget\" data-e-type=\"widget\" data-widget_type=\"button.default\">\n\t\t\t\t\t\t\t\t\t\t<a class=\"elementor-button elementor-button-link elementor-size-sm\" href=\"https:\/\/goias.gov.br\/detran\/detran-go-on\/\">\n\t\t\t\t\t\t<span class=\"elementor-button-content-wrapper\">\n\t\t\t\t\t\t\t\t\t<span class=\"elementor-button-text\">Mais Detalhes<\/span>\n\t\t\t\t\t<\/span>\n\t\t\t\t\t<\/a>\n\t\t\t\t\t\t\t\t<\/div>\n\t\t\t\t<\/div>\n\t\t<div class=\"elementor-element elementor-element-c759150 e-con-full e-flex e-con e-child\" data-id=\"c759150\" data-element_type=\"container\" data-e-type=\"container\">\n\t\t\t\t<div class=\"elementor-element elementor-element-bdfa652 elementor-widget elementor-widget-image\" data-id=\"bdfa652\" data-element_type=\"widget\" data-e-type=\"widget\" data-widget_type=\"image.default\">\n\t\t\t\t\t\t\t\t\t\t\t\t\t\t\t<img decoding=\"async\" src=\"https:\/\/goias.gov.br\/detran\/wp-content\/uploads\/sites\/8\/2024\/09\/GO-ON-Intranet-Icone.png\" title=\"\" alt=\"\" loading=\"lazy\" \/>\t\t\t\t\t\t\t\t\t\t\t\t\t\t\t<\/div>\n\t\t\t\t<div class=\"elementor-element elementor-element-6dd7602 elementor-widget elementor-widget-heading\" data-id=\"6dd7602\" data-element_type=\"widget\" data-e-type=\"widget\" data-widget_type=\"heading.default\">\n\t\t\t\t\t<h3 class=\"elementor-heading-title elementor-size-default\">GO ON INTRANET<\/h3>\t\t\t\t<\/div>\n\t\t\t\t<div class=\"elementor-element elementor-element-467cd52 elementor-widget elementor-widget-text-editor\" data-id=\"467cd52\" data-element_type=\"widget\" data-e-type=\"widget\" data-widget_type=\"text-editor.default\">\n\t\t\t\t\t\t\t\t\t<p><span style=\"color: #171717;\">O GO ON Intranet oferece servi\u00e7os intranet do Departamento Estadual de Tr\u00e2nsito de Goi\u00e1s, s\u00f3 que na palma da m\u00e3o do servidor. Com ele, \u00e9 poss\u00edvel realizar servi\u00e7os diversos de maneira pr\u00e1tica e r\u00e1pida.<\/span><\/p>\t\t\t\t\t\t\t\t<\/div>\n\t\t\t\t<div class=\"elementor-element elementor-element-74f1deb elementor-align-center elementor-widget elementor-widget-button\" data-id=\"74f1deb\" data-element_type=\"widget\" data-e-type=\"widget\" data-widget_type=\"button.default\">\n\t\t\t\t\t\t\t\t\t\t<a class=\"elementor-button elementor-button-link elementor-size-sm\" href=\"https:\/\/goias.gov.br\/detran\/aplicativo-go-on-intranet\/\">\n\t\t\t\t\t\t<span class=\"elementor-button-content-wrapper\">\n\t\t\t\t\t\t\t\t\t<span class=\"elementor-button-text\">Mais Detalhes<\/span>\n\t\t\t\t\t<\/span>\n\t\t\t\t\t<\/a>\n\t\t\t\t\t\t\t\t<\/div>\n\t\t\t\t<\/div>\n\t\t<div class=\"elementor-element elementor-element-a6db9d2 e-con-full e-flex e-con e-child\" data-id=\"a6db9d2\" data-element_type=\"container\" data-e-type=\"container\">\n\t\t\t\t<div class=\"elementor-element elementor-element-ce68423 elementor-widget elementor-widget-image\" data-id=\"ce68423\" data-element_type=\"widget\" data-e-type=\"widget\" data-widget_type=\"image.default\">\n\t\t\t\t\t\t\t\t\t\t\t\t\t\t\t<img decoding=\"async\" src=\"https:\/\/goias.gov.br\/detran\/wp-content\/uploads\/sites\/8\/2024\/09\/talonario.webp\" title=\"\" alt=\"\" loading=\"lazy\" \/>\t\t\t\t\t\t\t\t\t\t\t\t\t\t\t<\/div>\n\t\t\t\t<div class=\"elementor-element elementor-element-074c5ad elementor-widget elementor-widget-heading\" data-id=\"074c5ad\" data-element_type=\"widget\" data-e-type=\"widget\" data-widget_type=\"heading.default\">\n\t\t\t\t\t<h3 class=\"elementor-heading-title elementor-size-default\">Talon\u00e1rio<\/h3>\t\t\t\t<\/div>\n\t\t\t\t<div class=\"elementor-element elementor-element-5780f33 elementor-widget elementor-widget-text-editor\" data-id=\"5780f33\" data-element_type=\"widget\" data-e-type=\"widget\" data-widget_type=\"text-editor.default\">\n\t\t\t\t\t\t\t\t\t<p><span style=\"color: #333333;\">Aplicativo destinado \u00e0 confec\u00e7\u00e3o de talon\u00e1rio eletr\u00f4nico para agentes conveniados ao Departamento de Tr\u00e2nsito do Estado de Goi\u00e1s<\/span><\/p>\t\t\t\t\t\t\t\t<\/div>\n\t\t\t\t<div class=\"elementor-element elementor-element-ff71055 elementor-align-center elementor-widget elementor-widget-button\" data-id=\"ff71055\" data-element_type=\"widget\" data-e-type=\"widget\" data-widget_type=\"button.default\">\n\t\t\t\t\t\t\t\t\t\t<a class=\"elementor-button elementor-button-link elementor-size-sm\" href=\"https:\/\/goias.gov.br\/detran\/aplicativo-talonario\/\">\n\t\t\t\t\t\t<span class=\"elementor-button-content-wrapper\">\n\t\t\t\t\t\t\t\t\t<span class=\"elementor-button-text\">Mais Detalhes<\/span>\n\t\t\t\t\t<\/span>\n\t\t\t\t\t<\/a>\n\t\t\t\t\t\t\t\t<\/div>\n\t\t\t\t<\/div>\n\t\t\t\t\t<\/div>\n\t\t\t\t<\/div>\n\t\t\t\t<\/div>\n\t\t","protected":false},"excerpt":{"rendered":"<p>Bem-vindo \u00e0 central de aplicativos do Detran GO! Aqui voc\u00ea encontra todos os aplicativos oficiais do Detran de Goi\u00e1s, desenvolvidos para oferecer praticidade e rapidez no acesso a servi\u00e7os essenciais. Selecione o app que melhor atende \u00e0s suas necessidades e tenha todas as funcionalidades ao seu alcance, diretamente no seu smartphone. Com nossos aplicativos, voc\u00ea [&hellip;]<\/p>\n","protected":false},"author":585,"featured_media":0,"parent":0,"menu_order":0,"comment_status":"closed","ping_status":"closed","template":"","meta":{"footnotes":"","_links_to":"","_links_to_target":""},"class_list":["post-239877","page","type-page","status-publish","hentry"],"rttpg_featured_image_url":null,"rttpg_author":{"display_name":"rubiosilva","author_link":"https:\/\/goias.gov.br\/detran\/author\/rubiosilva\/"},"rttpg_comment":0,"rttpg_category":null,"rttpg_excerpt":"Bem-vindo \u00e0 central de aplicativos do Detran GO! Aqui voc\u00ea encontra todos os aplicativos oficiais do Detran de Goi\u00e1s, desenvolvidos para oferecer praticidade e rapidez no acesso a servi\u00e7os essenciais. Selecione o app que melhor atende \u00e0s suas necessidades e tenha todas as funcionalidades ao seu alcance, diretamente no seu smartphone. Com nossos aplicativos, voc\u00ea&hellip;","_links":{"self":[{"href":"https:\/\/goias.gov.br\/detran\/wp-json\/wp\/v2\/pages\/239877","targetHints":{"allow":["GET"]}}],"collection":[{"href":"https:\/\/goias.gov.br\/detran\/wp-json\/wp\/v2\/pages"}],"about":[{"href":"https:\/\/goias.gov.br\/detran\/wp-json\/wp\/v2\/types\/page"}],"author":[{"embeddable":true,"href":"https:\/\/goias.gov.br\/detran\/wp-json\/wp\/v2\/users\/585"}],"replies":[{"embeddable":true,"href":"https:\/\/goias.gov.br\/detran\/wp-json\/wp\/v2\/comments?post=239877"}],"version-history":[{"count":3,"href":"https:\/\/goias.gov.br\/detran\/wp-json\/wp\/v2\/pages\/239877\/revisions"}],"predecessor-version":[{"id":364425,"href":"https:\/\/goias.gov.br\/detran\/wp-json\/wp\/v2\/pages\/239877\/revisions\/364425"}],"wp:attachment":[{"href":"https:\/\/goias.gov.br\/detran\/wp-json\/wp\/v2\/media?parent=239877"}],"curies":[{"name":"wp","href":"https:\/\/api.w.org\/{rel}","templated":true}]}}