

{"id":237293,"date":"2024-09-17T12:05:57","date_gmt":"2024-09-17T15:05:57","guid":{"rendered":"https:\/\/goias.gov.br\/detran\/?page_id=237293"},"modified":"2026-01-22T15:26:44","modified_gmt":"2026-01-22T18:26:44","slug":"aplicativo-go-on-intranet","status":"publish","type":"page","link":"https:\/\/goias.gov.br\/detran\/aplicativo-go-on-intranet\/","title":{"rendered":"GO ON Intranet"},"content":{"rendered":"\t\t<div data-elementor-type=\"wp-page\" data-elementor-id=\"237293\" class=\"elementor elementor-237293\">\n\t\t\t\t<div class=\"elementor-element elementor-element-3306426 e-flex e-con-boxed e-con e-parent\" data-id=\"3306426\" data-element_type=\"container\" data-e-type=\"container\">\n\t\t\t\t\t<div class=\"e-con-inner\">\n\t\t\t\t<div class=\"elementor-element elementor-element-94ece6a elementor-widget elementor-widget-heading\" data-id=\"94ece6a\" data-element_type=\"widget\" data-e-type=\"widget\" data-widget_type=\"heading.default\">\n\t\t\t\t\t<h2 class=\"elementor-heading-title elementor-size-default\">Aplicativo GO ON Intranet<\/h2>\t\t\t\t<\/div>\n\t\t\t\t<div class=\"elementor-element elementor-element-41b09bc elementor-widget elementor-widget-text-editor\" data-id=\"41b09bc\" data-element_type=\"widget\" data-e-type=\"widget\" data-widget_type=\"text-editor.default\">\n\t\t\t\t\t\t\t\t\t<p style=\"text-align: justify;\"><span style=\"font-size: 14pt; color: #171717;\">Bem-vindo ao GO ON Intranet, um aplicativo que traz os servi\u00e7os intranet do Departamento Estadual de Tr\u00e2nsito de Goi\u00e1s diretamente para a palma da sua m\u00e3o.<\/span><\/p><p style=\"text-align: justify;\"><span style=\"font-size: 14pt; color: #171717;\">Com o GO ON Intranet, os servidores do Detran-GO t\u00eam f\u00e1cil acesso a uma variedade de servi\u00e7os essenciais, incluindo:<\/span><\/p><p style=\"text-align: justify;\"><span style=\"font-size: 14pt; color: #171717;\">Indica\u00e7\u00e3o de Disponibilidade de Trabalho: Informe sua disponibilidade de forma r\u00e1pida e simples. <\/span><span style=\"font-size: 14pt; color: #171717;\">Consulta de Processos: Acesse e gerencie processos de maneira eficiente.<\/span><br \/><span style=\"font-size: 14pt; color: #171717;\">Verifica\u00e7\u00e3o da Agenda de Trabalho: Mantenha-se organizado consultando sua agenda diretamente no aplicativo. <\/span><span style=\"font-size: 14pt; color: #171717;\">Planejamento e Realiza\u00e7\u00e3o de Vistorias: Agende e execute vistorias de maneira pr\u00e1tica.<\/span><\/p><p style=\"text-align: justify;\"><span style=\"font-size: 14pt; color: #171717;\">Tudo isso projetado para ser intuitivo e \u00e1gil, garantindo que voc\u00ea possa realizar suas tarefas de maneira eficaz diretamente do seu dispositivo m\u00f3vel.<\/span><\/p><p style=\"text-align: justify;\"><span style=\"font-size: 14pt; color: #171717;\">O GO ON Intranet \u00e9 exclusivo para servidores cadastrados no Detran-GO!<\/span><\/p>\t\t\t\t\t\t\t\t<\/div>\n\t\t\t\t\t<\/div>\n\t\t\t\t<\/div>\n\t\t<div class=\"elementor-element elementor-element-ec588a8 e-flex e-con-boxed e-con e-parent\" data-id=\"ec588a8\" data-element_type=\"container\" data-e-type=\"container\">\n\t\t\t\t\t<div class=\"e-con-inner\">\n\t\t\t\t<div class=\"elementor-element elementor-element-a7a54f4 elementor-widget elementor-widget-heading\" data-id=\"a7a54f4\" data-element_type=\"widget\" data-e-type=\"widget\" data-widget_type=\"heading.default\">\n\t\t\t\t\t<h2 class=\"elementor-heading-title elementor-size-default\">Fa\u00e7a o download do aplicativo<\/h2>\t\t\t\t<\/div>\n\t\t<div class=\"elementor-element elementor-element-e8254d4 e-con-full e-flex e-con e-child\" data-id=\"e8254d4\" data-element_type=\"container\" data-e-type=\"container\">\n\t\t\t\t<div class=\"elementor-element elementor-element-525d8c3 elementor-widget elementor-widget-image\" data-id=\"525d8c3\" data-element_type=\"widget\" data-e-type=\"widget\" data-widget_type=\"image.default\">\n\t\t\t\t\t\t\t\t\t\t\t\t\t\t\t\t<a href=\"https:\/\/play.google.com\/store\/apps\/details?id=br.gov.gointranet\" target=\"_blank\">\n\t\t\t\t\t\t\t<img decoding=\"async\" src=\"https:\/\/goias.gov.br\/detran\/wp-content\/uploads\/sites\/8\/2024\/09\/Baixe-Google-play.png\" title=\"\" alt=\"\" loading=\"lazy\" \/>\t\t\t\t\t\t\t\t<\/a>\n\t\t\t\t\t\t\t\t\t\t\t\t\t\t\t<\/div>\n\t\t\t\t<div class=\"elementor-element elementor-element-843e3c7 elementor-widget elementor-widget-image\" data-id=\"843e3c7\" data-element_type=\"widget\" data-e-type=\"widget\" data-widget_type=\"image.default\">\n\t\t\t\t\t\t\t\t\t\t\t\t\t\t\t\t<a href=\"https:\/\/apps.apple.com\/app\/go-on-intranet\/id6502452293\" target=\"_blank\">\n\t\t\t\t\t\t\t<img decoding=\"async\" src=\"https:\/\/goias.gov.br\/detran\/wp-content\/uploads\/sites\/8\/2024\/09\/Baixe-App-Store.png\" title=\"\" alt=\"\" loading=\"lazy\" \/>\t\t\t\t\t\t\t\t<\/a>\n\t\t\t\t\t\t\t\t\t\t\t\t\t\t\t<\/div>\n\t\t\t\t<\/div>\n\t\t\t\t\t<\/div>\n\t\t\t\t<\/div>\n\t\t<div class=\"elementor-element elementor-element-aa0fef3 e-flex e-con-boxed e-con e-parent\" data-id=\"aa0fef3\" data-element_type=\"container\" data-e-type=\"container\">\n\t\t\t\t\t<div class=\"e-con-inner\">\n\t\t\t\t<div class=\"elementor-element elementor-element-e5ad471 elementor-widget elementor-widget-image\" data-id=\"e5ad471\" data-element_type=\"widget\" data-e-type=\"widget\" data-widget_type=\"image.default\">\n\t\t\t\t\t\t\t\t\t\t\t\t\t\t\t<img decoding=\"async\" src=\"https:\/\/goias.gov.br\/detran\/wp-content\/uploads\/sites\/8\/2024\/09\/v2-CARROSSEL-PLAYSTORE-GO-ON-INTRANET-1-1.jpg\" title=\"\" alt=\"\" loading=\"lazy\" \/>\t\t\t\t\t\t\t\t\t\t\t\t\t\t\t<\/div>\n\t\t\t\t<div class=\"elementor-element elementor-element-e565a71 elementor-widget elementor-widget-image\" data-id=\"e565a71\" data-element_type=\"widget\" data-e-type=\"widget\" data-widget_type=\"image.default\">\n\t\t\t\t\t\t\t\t\t\t\t\t\t\t\t<img decoding=\"async\" src=\"https:\/\/goias.gov.br\/detran\/wp-content\/uploads\/sites\/8\/2024\/09\/v2-CARROSSEL-PLAYSTORE-GO-ON-INTRANET-2.jpg\" title=\"\" alt=\"\" loading=\"lazy\" \/>\t\t\t\t\t\t\t\t\t\t\t\t\t\t\t<\/div>\n\t\t\t\t<div class=\"elementor-element elementor-element-7fc41cf elementor-widget elementor-widget-image\" data-id=\"7fc41cf\" data-element_type=\"widget\" data-e-type=\"widget\" data-widget_type=\"image.default\">\n\t\t\t\t\t\t\t\t\t\t\t\t\t\t\t<img decoding=\"async\" src=\"https:\/\/goias.gov.br\/detran\/wp-content\/uploads\/sites\/8\/2024\/09\/v2-CARROSSEL-PLAYSTORE-GO-ON-INTRANET-3.jpg\" title=\"\" alt=\"\" loading=\"lazy\" \/>\t\t\t\t\t\t\t\t\t\t\t\t\t\t\t<\/div>\n\t\t\t\t\t<\/div>\n\t\t\t\t<\/div>\n\t\t\t\t<\/div>\n\t\t","protected":false},"excerpt":{"rendered":"<p>Aplicativo GO ON Intranet Bem-vindo ao GO ON Intranet, um aplicativo que traz os servi\u00e7os intranet do Departamento Estadual de Tr\u00e2nsito de Goi\u00e1s diretamente para a palma da sua m\u00e3o. Com o GO ON Intranet, os servidores do Detran-GO t\u00eam f\u00e1cil acesso a uma variedade de servi\u00e7os essenciais, incluindo: Indica\u00e7\u00e3o de Disponibilidade de Trabalho: Informe [&hellip;]<\/p>\n","protected":false},"author":585,"featured_media":0,"parent":0,"menu_order":0,"comment_status":"closed","ping_status":"closed","template":"","meta":{"footnotes":"","_links_to":"","_links_to_target":""},"class_list":["post-237293","page","type-page","status-publish","hentry"],"rttpg_featured_image_url":null,"rttpg_author":{"display_name":"rubiosilva","author_link":"https:\/\/goias.gov.br\/detran\/author\/rubiosilva\/"},"rttpg_comment":0,"rttpg_category":null,"rttpg_excerpt":"Aplicativo GO ON Intranet Bem-vindo ao GO ON Intranet, um aplicativo que traz os servi\u00e7os intranet do Departamento Estadual de Tr\u00e2nsito de Goi\u00e1s diretamente para a palma da sua m\u00e3o. Com o GO ON Intranet, os servidores do Detran-GO t\u00eam f\u00e1cil acesso a uma variedade de servi\u00e7os essenciais, incluindo: Indica\u00e7\u00e3o de Disponibilidade de Trabalho: Informe&hellip;","_links":{"self":[{"href":"https:\/\/goias.gov.br\/detran\/wp-json\/wp\/v2\/pages\/237293","targetHints":{"allow":["GET"]}}],"collection":[{"href":"https:\/\/goias.gov.br\/detran\/wp-json\/wp\/v2\/pages"}],"about":[{"href":"https:\/\/goias.gov.br\/detran\/wp-json\/wp\/v2\/types\/page"}],"author":[{"embeddable":true,"href":"https:\/\/goias.gov.br\/detran\/wp-json\/wp\/v2\/users\/585"}],"replies":[{"embeddable":true,"href":"https:\/\/goias.gov.br\/detran\/wp-json\/wp\/v2\/comments?post=237293"}],"version-history":[{"count":2,"href":"https:\/\/goias.gov.br\/detran\/wp-json\/wp\/v2\/pages\/237293\/revisions"}],"predecessor-version":[{"id":364892,"href":"https:\/\/goias.gov.br\/detran\/wp-json\/wp\/v2\/pages\/237293\/revisions\/364892"}],"wp:attachment":[{"href":"https:\/\/goias.gov.br\/detran\/wp-json\/wp\/v2\/media?parent=237293"}],"curies":[{"name":"wp","href":"https:\/\/api.w.org\/{rel}","templated":true}]}}