

{"id":207487,"date":"2023-10-19T16:27:13","date_gmt":"2023-10-19T19:27:13","guid":{"rendered":"https:\/\/goias.gov.br\/detran\/?page_id=207487"},"modified":"2026-01-22T16:16:24","modified_gmt":"2026-01-22T19:16:24","slug":"transporte-escolar","status":"publish","type":"page","link":"https:\/\/goias.gov.br\/detran\/transporte-escolar\/","title":{"rendered":"Transporte Escolar"},"content":{"rendered":"\t\t<div data-elementor-type=\"wp-page\" data-elementor-id=\"207487\" class=\"elementor elementor-207487\">\n\t\t\t\t<div class=\"elementor-element elementor-element-e253c2d e-grid e-con-boxed e-con e-parent\" data-id=\"e253c2d\" data-element_type=\"container\" data-e-type=\"container\">\n\t\t\t\t\t<div class=\"e-con-inner\">\n\t\t<div class=\"elementor-element elementor-element-9348095 e-con-full e-flex e-con e-child\" data-id=\"9348095\" data-element_type=\"container\" data-e-type=\"container\">\n\t\t\t\t<div class=\"elementor-element elementor-element-1b6998d elementor-widget elementor-widget-heading\" data-id=\"1b6998d\" data-element_type=\"widget\" data-e-type=\"widget\" data-widget_type=\"heading.default\">\n\t\t\t\t\t<h3 class=\"elementor-heading-title elementor-size-default\"><a href=\"https:\/\/goias.gov.br\/detran\/transporte-escolar-informacoes\/\">Informa\u00e7\u00f5es<\/a><\/h3>\t\t\t\t<\/div>\n\t\t\t\t<div class=\"elementor-element elementor-element-fefdc4e elementor-widget elementor-widget-text-editor\" data-id=\"fefdc4e\" data-element_type=\"widget\" data-e-type=\"widget\" data-widget_type=\"text-editor.default\">\n\t\t\t\t\t\t\t\t\t<p style=\"text-align: justify;\">Acompanhe o Calend\u00e1rio, os Of\u00edcios, as Leis e outras informa\u00e7\u00f5es pertinentes ao Transporte Escolar.<\/p>\t\t\t\t\t\t\t\t<\/div>\n\t\t\t\t<\/div>\n\t\t<div class=\"elementor-element elementor-element-1548dfe e-con-full e-flex e-con e-child\" data-id=\"1548dfe\" data-element_type=\"container\" data-e-type=\"container\">\n\t\t\t\t<div class=\"elementor-element elementor-element-2e45218 elementor-widget elementor-widget-heading\" data-id=\"2e45218\" data-element_type=\"widget\" data-e-type=\"widget\" data-widget_type=\"heading.default\">\n\t\t\t\t\t<h3 class=\"elementor-heading-title elementor-size-default\"><a href=\"https:\/\/goias.gov.br\/detran\/lista-de-vistorias\/\">Lista de Vistorias<\/a><\/h3>\t\t\t\t<\/div>\n\t\t\t\t<div class=\"elementor-element elementor-element-0db3406 elementor-widget elementor-widget-text-editor\" data-id=\"0db3406\" data-element_type=\"widget\" data-e-type=\"widget\" data-widget_type=\"text-editor.default\">\n\t\t\t\t\t\t\t\t\t<p style=\"text-align: justify;\">Consulte a lista de vistorias de cada cidade do estado de Goi\u00e1s com informa\u00e7\u00f5es sobre a placa do ve\u00edculo, assim como o n\u00famero de vistoria, a situa\u00e7\u00e3o da vistoria e a validade da vistoria.<\/p>\t\t\t\t\t\t\t\t<\/div>\n\t\t\t\t<\/div>\n\t\t\t\t\t<\/div>\n\t\t\t\t<\/div>\n\t\t\t\t<\/div>\n\t\t","protected":false},"excerpt":{"rendered":"<p>Informa\u00e7\u00f5es Acompanhe o Calend\u00e1rio, os Of\u00edcios, as Leis e outras informa\u00e7\u00f5es pertinentes ao Transporte Escolar. Lista de Vistorias Consulte a lista de vistorias de cada cidade do estado de Goi\u00e1s com informa\u00e7\u00f5es sobre a placa do ve\u00edculo, assim como o n\u00famero de vistoria, a situa\u00e7\u00e3o da vistoria e a validade da vistoria.<\/p>\n","protected":false},"author":39,"featured_media":0,"parent":0,"menu_order":0,"comment_status":"closed","ping_status":"closed","template":"","meta":{"footnotes":"","_links_to":"","_links_to_target":""},"class_list":["post-207487","page","type-page","status-publish","hentry"],"rttpg_featured_image_url":null,"rttpg_author":{"display_name":"matheuspires","author_link":"https:\/\/goias.gov.br\/detran\/author\/matheusbp\/"},"rttpg_comment":0,"rttpg_category":null,"rttpg_excerpt":"Informa\u00e7\u00f5es Acompanhe o Calend\u00e1rio, os Of\u00edcios, as Leis e outras informa\u00e7\u00f5es pertinentes ao Transporte Escolar. Lista de Vistorias Consulte a lista de vistorias de cada cidade do estado de Goi\u00e1s com informa\u00e7\u00f5es sobre a placa do ve\u00edculo, assim como o n\u00famero de vistoria, a situa\u00e7\u00e3o da vistoria e a validade da vistoria.","_links":{"self":[{"href":"https:\/\/goias.gov.br\/detran\/wp-json\/wp\/v2\/pages\/207487","targetHints":{"allow":["GET"]}}],"collection":[{"href":"https:\/\/goias.gov.br\/detran\/wp-json\/wp\/v2\/pages"}],"about":[{"href":"https:\/\/goias.gov.br\/detran\/wp-json\/wp\/v2\/types\/page"}],"author":[{"embeddable":true,"href":"https:\/\/goias.gov.br\/detran\/wp-json\/wp\/v2\/users\/39"}],"replies":[{"embeddable":true,"href":"https:\/\/goias.gov.br\/detran\/wp-json\/wp\/v2\/comments?post=207487"}],"version-history":[{"count":2,"href":"https:\/\/goias.gov.br\/detran\/wp-json\/wp\/v2\/pages\/207487\/revisions"}],"predecessor-version":[{"id":366238,"href":"https:\/\/goias.gov.br\/detran\/wp-json\/wp\/v2\/pages\/207487\/revisions\/366238"}],"wp:attachment":[{"href":"https:\/\/goias.gov.br\/detran\/wp-json\/wp\/v2\/media?parent=207487"}],"curies":[{"name":"wp","href":"https:\/\/api.w.org\/{rel}","templated":true}]}}