

{"id":207236,"date":"2023-09-29T13:45:21","date_gmt":"2023-09-29T16:45:21","guid":{"rendered":"https:\/\/goias.gov.br\/detran\/?page_id=207236"},"modified":"2026-01-22T15:41:04","modified_gmt":"2026-01-22T18:41:04","slug":"legislacao-aplicavel","status":"publish","type":"page","link":"https:\/\/goias.gov.br\/detran\/legislacao-aplicavel\/","title":{"rendered":"Legisla\u00e7\u00e3o Aplic\u00e1vel"},"content":{"rendered":"\t\t<div data-elementor-type=\"wp-page\" data-elementor-id=\"207236\" class=\"elementor elementor-207236\">\n\t\t\t\t<div class=\"elementor-element elementor-element-0cb119c e-flex e-con-boxed e-con e-parent\" data-id=\"0cb119c\" data-element_type=\"container\" data-e-type=\"container\">\n\t\t\t\t\t<div class=\"e-con-inner\">\n\t\t\t\t<div class=\"elementor-element elementor-element-5c06969 elementor-widget elementor-widget-text-editor\" data-id=\"5c06969\" data-element_type=\"widget\" data-e-type=\"widget\" data-widget_type=\"text-editor.default\">\n\t\t\t\t\t\t\t\t\t<p><i class=\"far fa-clock\" aria-hidden=\"true\"><\/i><span class=\"meta-prefix\">\u00daltima Atualiza\u00e7\u00e3o em <a href=\"https:\/\/goias.gov.br\/detran\/duvidas-frequentes\/#\">02 de Setembro de 2025<\/a><\/span><\/p><p><span style=\"font-size: 14pt;\">As Novas <a href=\"https:\/\/legisla.casacivil.go.gov.br\/pesquisa_ato_infralegal?orgao_emissor=17&amp;ano&amp;busca_avancada=1\">Portarias<\/a>, <a href=\"https:\/\/legisla.casacivil.go.gov.br\/pesquisa_ato_infralegal?tipo_ato_infralegal=4&amp;orgao_emissor=17&amp;ano&amp;periodo_inicial_data&amp;periodo_final_data&amp;periodo_inicial_vigencia_inicio&amp;periodo_final_vigencia_inicio&amp;periodo_inicial_vigencia_fim&amp;periodo_final_vigencia_fim&amp;pagina=1&amp;qtd_por_pagina=10&amp;busca_avancada=1\" target=\"_blank\" rel=\"noopener\">Notas T\u00e9cnicas<\/a> e <a href=\"https:\/\/legisla.casacivil.go.gov.br\/pesquisa_ato_infralegal?tipo_ato_infralegal=3&amp;orgao_emissor=17&amp;ano&amp;periodo_inicial_data&amp;periodo_final_data&amp;periodo_inicial_vigencia_inicio&amp;periodo_final_vigencia_inicio&amp;periodo_inicial_vigencia_fim&amp;periodo_final_vigencia_fim&amp;pagina=1&amp;qtd_por_pagina=10&amp;busca_avancada=1\" target=\"_blank\" rel=\"noopener\">Instru\u00e7\u00f5es Normativas<\/a>\u00a0do Detran-GO est\u00e3o em processo de migra\u00e7\u00e3o para o LegislaGoi\u00e1s.<\/span><\/p>\t\t\t\t\t\t\t\t<\/div>\n\t\t\t\t\t<\/div>\n\t\t\t\t<\/div>\n\t\t<div class=\"elementor-element elementor-element-ce71a94 e-flex e-con-boxed e-con e-parent\" data-id=\"ce71a94\" data-element_type=\"container\" data-e-type=\"container\">\n\t\t\t\t\t<div class=\"e-con-inner\">\n\t\t<div class=\"elementor-element elementor-element-d4d0ba5 e-con-full e-flex e-con e-child\" data-id=\"d4d0ba5\" data-element_type=\"container\" data-e-type=\"container\">\n\t\t\t\t<div class=\"elementor-element elementor-element-e0c431f elementor-widget elementor-widget-html\" data-id=\"e0c431f\" data-element_type=\"widget\" data-e-type=\"widget\" data-widget_type=\"html.default\">\n\t\t\t\t\t<div class=\"container-legislacao\">\n    <div class=\"title\">    \n        <span>\n            Leis Estaduais\n        <\/span>\n    <\/div>\n    <div class=\"description\">\n        As leis estaduais s\u00e3o aprovadas pela Assembleia Legislativa e sancionadas pelo governador do Estado.\n    <\/div>\n<\/div>\n\n<style>\n    .container-legislacao {\n        display: flex;\n        flex-direction: column;\n        \n        .title span {\n            border-bottom: 1px solid blue;\n            font-size: 20px;\n            padding-bottom: 5px;\n            color: #555555;\n            font-weight: bold;\n        }\n       \n        \n        .description {\n            margin-top: 15px;\n            text-align: justify;\n        }\n        \n        \n    }\n<\/style>\n\n\n\n\t\t\t\t<\/div>\n\t\t\t\t<div class=\"elementor-element elementor-element-313c280 elementor-align-justify elementor-widget elementor-widget-button\" data-id=\"313c280\" data-element_type=\"widget\" data-e-type=\"widget\" data-widget_type=\"button.default\">\n\t\t\t\t\t\t\t\t\t\t<a class=\"elementor-button elementor-button-link elementor-size-sm\" href=\"https:\/\/legisla.casacivil.go.gov.br\/pesquisa_legislacao?termo=departamento%20estadual%20de%20tr%C3%A2nsito&#038;pagina=1&#038;qtd_por_pagina=10\">\n\t\t\t\t\t\t<span class=\"elementor-button-content-wrapper\">\n\t\t\t\t\t\t\t\t\t<span class=\"elementor-button-text\">Acesse Leis que regulam o Detran<\/span>\n\t\t\t\t\t<\/span>\n\t\t\t\t\t<\/a>\n\t\t\t\t\t\t\t\t<\/div>\n\t\t\t\t<\/div>\n\t\t<div class=\"elementor-element elementor-element-d39d06f e-con-full e-flex e-con e-child\" data-id=\"d39d06f\" data-element_type=\"container\" data-e-type=\"container\">\n\t\t\t\t<div class=\"elementor-element elementor-element-334aed2 elementor-widget elementor-widget-html\" data-id=\"334aed2\" data-element_type=\"widget\" data-e-type=\"widget\" data-widget_type=\"html.default\">\n\t\t\t\t\t<div class=\"container-legislacao\">\n    <div class=\"title\">    \n        <span>\n            Portarias\n        <\/span>\n    <\/div>\n    <div class=\"description\">\n        S\u00e3o atos administrativos internos que disp\u00f5em de maneira espec\u00edfica ou geral sobre credenciados, permission\u00e1rios, servi\u00e7os e servidores do Detran-GO.\n    <\/div>\n<\/div>\n\n\n\n\n\t\t\t\t<\/div>\n\t\t\t\t<div class=\"elementor-element elementor-element-c877205 elementor-align-justify elementor-widget elementor-widget-button\" data-id=\"c877205\" data-element_type=\"widget\" data-e-type=\"widget\" data-widget_type=\"button.default\">\n\t\t\t\t\t\t\t\t\t\t<a class=\"elementor-button elementor-button-link elementor-size-sm\" href=\"\/detran\/portarias\">\n\t\t\t\t\t\t<span class=\"elementor-button-content-wrapper\">\n\t\t\t\t\t\t\t\t\t<span class=\"elementor-button-text\"> Acesse as Portarias do Detran-GO<\/span>\n\t\t\t\t\t<\/span>\n\t\t\t\t\t<\/a>\n\t\t\t\t\t\t\t\t<\/div>\n\t\t\t\t<\/div>\n\t\t<div class=\"elementor-element elementor-element-624f8f3 e-con-full e-flex e-con e-child\" data-id=\"624f8f3\" data-element_type=\"container\" data-e-type=\"container\">\n\t\t\t\t<div class=\"elementor-element elementor-element-850e565 elementor-widget elementor-widget-html\" data-id=\"850e565\" data-element_type=\"widget\" data-e-type=\"widget\" data-widget_type=\"html.default\">\n\t\t\t\t\t<div class=\"container-legislacao\">\n    <div class=\"title\">    \n        <span>\n           Instru\u00e7\u00f5es Normativas\n        <\/span>\n    <\/div>\n    <div class=\"description\">\n        S\u00e3o atos expedidos por Secret\u00e1rios ou pelo Departamento Estadual de Tr\u00e2nsito, para facilitar a execu\u00e7\u00e3o de leis e decretos.\n    <\/div>\n<\/div>\n\n\n\n\n\t\t\t\t<\/div>\n\t\t\t\t<div class=\"elementor-element elementor-element-be5e08b elementor-align-justify elementor-widget elementor-widget-button\" data-id=\"be5e08b\" data-element_type=\"widget\" data-e-type=\"widget\" data-widget_type=\"button.default\">\n\t\t\t\t\t\t\t\t\t\t<a class=\"elementor-button elementor-button-link elementor-size-sm\" href=\"\/detran\/instrucoes-normativas\">\n\t\t\t\t\t\t<span class=\"elementor-button-content-wrapper\">\n\t\t\t\t\t\t\t\t\t<span class=\"elementor-button-text\">Acesse as Instru\u00e7\u00f5es Normativas<\/span>\n\t\t\t\t\t<\/span>\n\t\t\t\t\t<\/a>\n\t\t\t\t\t\t\t\t<\/div>\n\t\t\t\t<\/div>\n\t\t\t\t\t<\/div>\n\t\t\t\t<\/div>\n\t\t<div class=\"elementor-element elementor-element-9e52f2d e-flex e-con-boxed e-con e-parent\" data-id=\"9e52f2d\" data-element_type=\"container\" data-e-type=\"container\">\n\t\t\t\t\t<div class=\"e-con-inner\">\n\t\t<div class=\"elementor-element elementor-element-0c5addb e-con-full e-flex e-con e-child\" data-id=\"0c5addb\" data-element_type=\"container\" data-e-type=\"container\">\n\t\t\t\t<div class=\"elementor-element elementor-element-85be202 elementor-widget elementor-widget-html\" data-id=\"85be202\" data-element_type=\"widget\" data-e-type=\"widget\" data-widget_type=\"html.default\">\n\t\t\t\t\t<div class=\"container-legislacao\">\n    <div class=\"title\">    \n        <span>\n            Notas T\u00e9cnicas\n        <\/span>\n    <\/div>\n    <div class=\"description\">\n        As Notas T\u00e9cnicas s\u00e3o documentos elaborados pelo Detran-GO que fornecem an\u00e1lises detalhadas, orienta\u00e7\u00f5es especializadas ou recomenda\u00e7\u00f5es espec\u00edficas sobre quest\u00f5es relacionadas ao tr\u00e2nsito e \u00e0 administra\u00e7\u00e3o p\u00fablica. Elas s\u00e3o utilizadas para informar e guiar tanto membros internos quanto partes interessadas externas, contribuindo para a efic\u00e1cia e a transpar\u00eancia das a\u00e7\u00f5es do Detran-GO.\n    <\/div>\n   \n<\/div>\n\n\n\n\n\t\t\t\t<\/div>\n\t\t\t\t<div class=\"elementor-element elementor-element-46c87b9 elementor-align-justify elementor-widget elementor-widget-button\" data-id=\"46c87b9\" data-element_type=\"widget\" data-e-type=\"widget\" data-widget_type=\"button.default\">\n\t\t\t\t\t\t\t\t\t\t<a class=\"elementor-button elementor-button-link elementor-size-sm\" href=\"\/detran\/notas-tecnicas\">\n\t\t\t\t\t\t<span class=\"elementor-button-content-wrapper\">\n\t\t\t\t\t\t\t\t\t<span class=\"elementor-button-text\">Acesse as Notas T\u00e9cnicas<\/span>\n\t\t\t\t\t<\/span>\n\t\t\t\t\t<\/a>\n\t\t\t\t\t\t\t\t<\/div>\n\t\t\t\t<\/div>\n\t\t<div class=\"elementor-element elementor-element-4b31371 e-con-full e-flex e-con e-child\" data-id=\"4b31371\" data-element_type=\"container\" data-e-type=\"container\">\n\t\t\t\t<div class=\"elementor-element elementor-element-b7f43b7 elementor-widget elementor-widget-html\" data-id=\"b7f43b7\" data-element_type=\"widget\" data-e-type=\"widget\" data-widget_type=\"html.default\">\n\t\t\t\t\t<div class=\"container-legislacao\">\n    <div class=\"title\">    \n        <span>\n           Contran\/Senatran\n        <\/span>\n    <\/div>\n    <div class=\"description\">\n        As normativas emitidas pelo Conselho Nacional de Tr\u00e2nsito (Contran) e pela Secretaria Nacional de Tr\u00e2nsito (Senatran) s\u00e3o regulamentos nacionais que afetam diretamente as opera\u00e7\u00f5es e pol\u00edticas de tr\u00e2nsito em todo o pa\u00eds. Estas normativas t\u00eam impacto significativo no Detran-GO, uma vez que influenciam a\u00e7\u00f5es, procedimentos e regulamenta\u00e7\u00f5es locais. A divulga\u00e7\u00e3o e o cumprimento dessas normativas s\u00e3o essenciais para manter a conformidade e a harmoniza\u00e7\u00e3o das atividades do Detran-GO com o cen\u00e1rio nacional.\n    <\/div>\n<\/div>\n\n\n\n\n\n\t\t\t\t<\/div>\n\t\t\t\t<div class=\"elementor-element elementor-element-2ba8c3a elementor-align-justify elementor-widget elementor-widget-button\" data-id=\"2ba8c3a\" data-element_type=\"widget\" data-e-type=\"widget\" data-widget_type=\"button.default\">\n\t\t\t\t\t\t\t\t\t\t<a class=\"elementor-button elementor-button-link elementor-size-sm\" href=\"https:\/\/goias.gov.br\/detran\/contran-senatran\/\">\n\t\t\t\t\t\t<span class=\"elementor-button-content-wrapper\">\n\t\t\t\t\t\t\t\t\t<span class=\"elementor-button-text\">Acesse  Leis do Contran\/Senatran<\/span>\n\t\t\t\t\t<\/span>\n\t\t\t\t\t<\/a>\n\t\t\t\t\t\t\t\t<\/div>\n\t\t\t\t<\/div>\n\t\t\t\t\t<\/div>\n\t\t\t\t<\/div>\n\t\t\t\t<\/div>\n\t\t","protected":false},"excerpt":{"rendered":"<p>\u00daltima Atualiza\u00e7\u00e3o em 02 de Setembro de 2025 As Novas Portarias, Notas T\u00e9cnicas e Instru\u00e7\u00f5es Normativas\u00a0do Detran-GO est\u00e3o em processo de migra\u00e7\u00e3o para o LegislaGoi\u00e1s. Leis Estaduais As leis estaduais s\u00e3o aprovadas pela Assembleia Legislativa e sancionadas pelo governador do Estado. Acesse Leis que regulam o Detran Portarias S\u00e3o atos administrativos internos que disp\u00f5em de [&hellip;]<\/p>\n","protected":false},"author":39,"featured_media":0,"parent":0,"menu_order":0,"comment_status":"closed","ping_status":"closed","template":"","meta":{"footnotes":"","_links_to":"","_links_to_target":""},"class_list":["post-207236","page","type-page","status-publish","hentry"],"rttpg_featured_image_url":null,"rttpg_author":{"display_name":"matheuspires","author_link":"https:\/\/goias.gov.br\/detran\/author\/matheusbp\/"},"rttpg_comment":0,"rttpg_category":null,"rttpg_excerpt":"\u00daltima Atualiza\u00e7\u00e3o em 02 de Setembro de 2025 As Novas Portarias, Notas T\u00e9cnicas e Instru\u00e7\u00f5es Normativas\u00a0do Detran-GO est\u00e3o em processo de migra\u00e7\u00e3o para o LegislaGoi\u00e1s. Leis Estaduais As leis estaduais s\u00e3o aprovadas pela Assembleia Legislativa e sancionadas pelo governador do Estado. Acesse Leis que regulam o Detran Portarias S\u00e3o atos administrativos internos que disp\u00f5em de&hellip;","_links":{"self":[{"href":"https:\/\/goias.gov.br\/detran\/wp-json\/wp\/v2\/pages\/207236","targetHints":{"allow":["GET"]}}],"collection":[{"href":"https:\/\/goias.gov.br\/detran\/wp-json\/wp\/v2\/pages"}],"about":[{"href":"https:\/\/goias.gov.br\/detran\/wp-json\/wp\/v2\/types\/page"}],"author":[{"embeddable":true,"href":"https:\/\/goias.gov.br\/detran\/wp-json\/wp\/v2\/users\/39"}],"replies":[{"embeddable":true,"href":"https:\/\/goias.gov.br\/detran\/wp-json\/wp\/v2\/comments?post=207236"}],"version-history":[{"count":2,"href":"https:\/\/goias.gov.br\/detran\/wp-json\/wp\/v2\/pages\/207236\/revisions"}],"predecessor-version":[{"id":365340,"href":"https:\/\/goias.gov.br\/detran\/wp-json\/wp\/v2\/pages\/207236\/revisions\/365340"}],"wp:attachment":[{"href":"https:\/\/goias.gov.br\/detran\/wp-json\/wp\/v2\/media?parent=207236"}],"curies":[{"name":"wp","href":"https:\/\/api.w.org\/{rel}","templated":true}]}}